{"id":2481,"date":"2019-11-20T17:25:26","date_gmt":"2019-11-20T17:25:26","guid":{"rendered":"https:\/\/bubliq.dk\/?page_id=2481"},"modified":"2025-10-31T17:11:52","modified_gmt":"2025-10-31T15:11:52","slug":"returnering","status":"publish","type":"page","link":"https:\/\/bubliq.com\/da\/returnering\/","title":{"rendered":"Retur"},"content":{"rendered":"\t\t<div data-elementor-type=\"wp-page\" data-elementor-id=\"2481\" class=\"elementor elementor-2481\" data-elementor-post-type=\"page\">\n\t\t\t\t<div class=\"elementor-element elementor-element-feade65 e-flex e-con-boxed e-con e-parent\" data-id=\"feade65\" data-element_type=\"container\" data-e-type=\"container\">\n\t\t\t\t\t<div class=\"e-con-inner\">\n\t\t<div class=\"elementor-element elementor-element-2000624 e-con-full e-flex e-con e-child\" data-id=\"2000624\" data-element_type=\"container\" data-e-type=\"container\">\n\t\t\t\t<div class=\"elementor-element elementor-element-ce1a716 elementor-widget elementor-widget-shortcode\" data-id=\"ce1a716\" data-element_type=\"widget\" data-e-type=\"widget\" data-widget_type=\"shortcode.default\">\n\t\t\t\t<div class=\"elementor-widget-container\">\n\t\t\t\t\t\t\t<div class=\"elementor-shortcode\"><nav aria-label=\"breadcrumbs\" class=\"rank-math-breadcrumb\"><p><span class=\"last\">Forside<\/span><\/p><\/nav><\/div>\n\t\t\t\t\t\t<\/div>\n\t\t\t\t<\/div>\n\t\t\t\t<\/div>\n\t\t<div class=\"elementor-element elementor-element-0a00287 e-con-full e-flex e-con e-child\" data-id=\"0a00287\" data-element_type=\"container\" data-e-type=\"container\">\n\t\t\t\t<div class=\"elementor-element elementor-element-f04a283 elementor-widget elementor-widget-heading\" data-id=\"f04a283\" data-element_type=\"widget\" data-e-type=\"widget\" data-widget_type=\"heading.default\">\n\t\t\t\t<div class=\"elementor-widget-container\">\n\t\t\t\t\t<h1 class=\"elementor-heading-title elementor-size-default\">Returnering<\/h1>\t\t\t\t<\/div>\n\t\t\t\t<\/div>\n\t\t\t\t<\/div>\n\t\t<div class=\"elementor-element elementor-element-8901214 e-con-full e-flex e-con e-child\" data-id=\"8901214\" data-element_type=\"container\" data-e-type=\"container\">\n\t\t\t\t<\/div>\n\t\t\t\t\t<\/div>\n\t\t\t\t<\/div>\n\t\t<div class=\"elementor-element elementor-element-4dd82ce e-flex e-con-boxed e-con e-parent\" data-id=\"4dd82ce\" data-element_type=\"container\" data-e-type=\"container\">\n\t\t\t\t\t<div class=\"e-con-inner\">\n\t\t<div class=\"elementor-element elementor-element-8ff7417 e-con-full e-flex e-con e-child\" data-id=\"8ff7417\" data-element_type=\"container\" data-e-type=\"container\">\n\t\t\t\t<div class=\"elementor-element elementor-element-d8a9963 elementor-widget elementor-widget-heading\" data-id=\"d8a9963\" data-element_type=\"widget\" data-e-type=\"widget\" data-widget_type=\"heading.default\">\n\t\t\t\t<div class=\"elementor-widget-container\">\n\t\t\t\t\t<h4 class=\"elementor-heading-title elementor-size-default\">Inden du returnerer<\/h4>\t\t\t\t<\/div>\n\t\t\t\t<\/div>\n\t\t\t\t<\/div>\n\t\t\t\t\t<\/div>\n\t\t\t\t<\/div>\n\t\t<div class=\"elementor-element elementor-element-5c22af9 e-flex e-con-boxed e-con e-parent\" data-id=\"5c22af9\" data-element_type=\"container\" data-e-type=\"container\">\n\t\t\t\t\t<div class=\"e-con-inner\">\n\t\t<div class=\"elementor-element elementor-element-7039568 e-con-full e-flex e-con e-child\" data-id=\"7039568\" data-element_type=\"container\" data-e-type=\"container\">\n\t\t\t\t<div class=\"elementor-element elementor-element-c07d80e elementor-widget elementor-widget-text-editor\" data-id=\"c07d80e\" data-element_type=\"widget\" data-e-type=\"widget\" data-widget_type=\"text-editor.default\">\n\t\t\t\t<div class=\"elementor-widget-container\">\n\t\t\t\t\t\t\t\t\t<p>\u00d8nsker du at g\u00f8re brug af din fortrydelsesret? Eller \u00f8nsker du at returnere af andre \u00e5rsager? Det er vigtigt at du forklarer os \u00e5rsagen til din returnering. Send en mail til <a href=\"mailto:info@bubliq.com\">info@bubliq.com<\/a> med et par kommentarer om hvorfor du \u00f8nsker at returnere.\u00a0<\/p>\t\t\t\t\t\t\t\t<\/div>\n\t\t\t\t<\/div>\n\t\t\t\t<\/div>\n\t\t<div class=\"elementor-element elementor-element-38b082b elementor-hidden-phone e-con-full e-flex e-con e-child\" data-id=\"38b082b\" data-element_type=\"container\" data-e-type=\"container\">\n\t\t\t\t<\/div>\n\t\t\t\t\t<\/div>\n\t\t\t\t<\/div>\n\t\t<div class=\"elementor-element elementor-element-1b67d32 e-flex e-con-boxed e-con e-parent\" data-id=\"1b67d32\" data-element_type=\"container\" data-e-type=\"container\">\n\t\t\t\t\t<div class=\"e-con-inner\">\n\t\t<div class=\"elementor-element elementor-element-8e90838 e-con-full e-flex e-con e-child\" data-id=\"8e90838\" data-element_type=\"container\" data-e-type=\"container\">\n\t\t\t\t<div class=\"elementor-element elementor-element-fcbd909 elementor-widget elementor-widget-heading\" data-id=\"fcbd909\" data-element_type=\"widget\" data-e-type=\"widget\" data-widget_type=\"heading.default\">\n\t\t\t\t<div class=\"elementor-widget-container\">\n\t\t\t\t\t<h4 class=\"elementor-heading-title elementor-size-default\">S\u00e5dan returnerer du<\/h4>\t\t\t\t<\/div>\n\t\t\t\t<\/div>\n\t\t\t\t<\/div>\n\t\t\t\t\t<\/div>\n\t\t\t\t<\/div>\n\t\t<div class=\"elementor-element elementor-element-fbba0cb e-flex e-con-boxed e-con e-parent\" data-id=\"fbba0cb\" data-element_type=\"container\" data-e-type=\"container\">\n\t\t\t\t\t<div class=\"e-con-inner\">\n\t\t<div class=\"elementor-element elementor-element-99c4787 e-con-full e-flex e-con e-child\" data-id=\"99c4787\" data-element_type=\"container\" data-e-type=\"container\">\n\t\t\t\t<div class=\"elementor-element elementor-element-c402fb7 elementor-widget elementor-widget-text-editor\" data-id=\"c402fb7\" data-element_type=\"widget\" data-e-type=\"widget\" data-widget_type=\"text-editor.default\">\n\t\t\t\t<div class=\"elementor-widget-container\">\n\t\t\t\t\t\t\t\t\t<p>Hos bubliq er det nemt og hurtigt at oprette en returforsendelse igennem vores returportal. F\u00f8lg guiden i returportalen, og v\u00e6lg om du vil returnere ved hj\u00e6lp af en QR-kode eller en label, som du selv udskriver. Returfragten st\u00e5r du selv for, men vi har gjort det billigt, s\u00e5 du slipper med kr. 50,- for at oprette en returforsendelse. N\u00e5r pakken er klar til afsendelse, indleverer du den i en postbutik eller pakkeshop.<\/p>\t\t\t\t\t\t\t\t<\/div>\n\t\t\t\t<\/div>\n\t\t\t\t<\/div>\n\t\t<div class=\"elementor-element elementor-element-d01fee8 elementor-hidden-phone e-con-full e-flex e-con e-child\" data-id=\"d01fee8\" data-element_type=\"container\" data-e-type=\"container\">\n\t\t\t\t<\/div>\n\t\t\t\t\t<\/div>\n\t\t\t\t<\/div>\n\t\t<div class=\"elementor-element elementor-element-14015a4 e-flex e-con-boxed e-con e-parent\" data-id=\"14015a4\" data-element_type=\"container\" data-e-type=\"container\">\n\t\t\t\t\t<div class=\"e-con-inner\">\n\t\t<div class=\"elementor-element elementor-element-bfb10bc e-con-full e-flex e-con e-child\" data-id=\"bfb10bc\" data-element_type=\"container\" data-e-type=\"container\">\n\t\t\t\t<div class=\"elementor-element elementor-element-3305021 elementor-align-center elementor-widget elementor-widget-button\" data-id=\"3305021\" data-element_type=\"widget\" data-e-type=\"widget\" data-widget_type=\"button.default\">\n\t\t\t\t<div class=\"elementor-widget-container\">\n\t\t\t\t\t\t\t\t\t<div class=\"elementor-button-wrapper\">\n\t\t\t\t\t<a class=\"elementor-button elementor-button-link elementor-size-md\" href=\"https:\/\/return.shipmondo.com\/opret-retur\" target=\"_blank\" rel=\"nofollow noopener\">\n\t\t\t\t\t\t<span class=\"elementor-button-content-wrapper\">\n\t\t\t\t\t\t\t\t\t<span class=\"elementor-button-text\">\u00c5ben Returportal<\/span>\n\t\t\t\t\t<\/span>\n\t\t\t\t\t<\/a>\n\t\t\t\t<\/div>\n\t\t\t\t\t\t\t\t<\/div>\n\t\t\t\t<\/div>\n\t\t\t\t<\/div>\n\t\t<div class=\"elementor-element elementor-element-9bc1f54 elementor-hidden-phone e-con-full e-flex e-con e-child\" data-id=\"9bc1f54\" data-element_type=\"container\" data-e-type=\"container\">\n\t\t\t\t<\/div>\n\t\t\t\t\t<\/div>\n\t\t\t\t<\/div>\n\t\t<div class=\"elementor-element elementor-element-39ad4ee e-flex e-con-boxed e-con e-parent\" data-id=\"39ad4ee\" data-element_type=\"container\" data-e-type=\"container\">\n\t\t\t\t\t<div class=\"e-con-inner\">\n\t\t<div class=\"elementor-element elementor-element-9dcbf18 e-con-full e-flex e-con e-child\" data-id=\"9dcbf18\" data-element_type=\"container\" data-e-type=\"container\">\n\t\t\t\t<div class=\"elementor-element elementor-element-97bc008 elementor-widget elementor-widget-heading\" data-id=\"97bc008\" data-element_type=\"widget\" data-e-type=\"widget\" data-widget_type=\"heading.default\">\n\t\t\t\t<div class=\"elementor-widget-container\">\n\t\t\t\t\t<h4 class=\"elementor-heading-title elementor-size-default\">Indpakning <\/h4>\t\t\t\t<\/div>\n\t\t\t\t<\/div>\n\t\t\t\t<\/div>\n\t\t\t\t\t<\/div>\n\t\t\t\t<\/div>\n\t\t<div class=\"elementor-element elementor-element-e0ac25b e-flex e-con-boxed e-con e-parent\" data-id=\"e0ac25b\" data-element_type=\"container\" data-e-type=\"container\">\n\t\t\t\t\t<div class=\"e-con-inner\">\n\t\t<div class=\"elementor-element elementor-element-e7bfed4 e-con-full e-flex e-con e-child\" data-id=\"e7bfed4\" data-element_type=\"container\" data-e-type=\"container\">\n\t\t\t\t<div class=\"elementor-element elementor-element-a3a3394 elementor-widget elementor-widget-text-editor\" data-id=\"a3a3394\" data-element_type=\"widget\" data-e-type=\"widget\" data-widget_type=\"text-editor.default\">\n\t\t\t\t<div class=\"elementor-widget-container\">\n\t\t\t\t\t\t\t\t\t<p>Varen skal returneres i den originale emballage, og ligges i den forsendelseskasse som varen blev sendt i. Er forsendelseskassen bortkommet, skal du sikre dig at den originale emballage er forsvarligt pakket ind, inden returnering. Forsvarlig ydre emballage er en forsendelseskasse af pap.<\/p>\t\t\t\t\t\t\t\t<\/div>\n\t\t\t\t<\/div>\n\t\t\t\t<\/div>\n\t\t<div class=\"elementor-element elementor-element-6392a84 elementor-hidden-phone e-con-full e-flex e-con e-child\" data-id=\"6392a84\" data-element_type=\"container\" data-e-type=\"container\">\n\t\t\t\t<\/div>\n\t\t\t\t\t<\/div>\n\t\t\t\t<\/div>\n\t\t<div class=\"elementor-element elementor-element-e50a914 e-flex e-con-boxed e-con e-parent\" data-id=\"e50a914\" data-element_type=\"container\" data-e-type=\"container\">\n\t\t\t\t\t<div class=\"e-con-inner\">\n\t\t<div class=\"elementor-element elementor-element-de4e13e e-con-full e-flex e-con e-child\" data-id=\"de4e13e\" data-element_type=\"container\" data-e-type=\"container\">\n\t\t\t\t<div class=\"elementor-element elementor-element-98c6010 elementor-widget elementor-widget-heading\" data-id=\"98c6010\" data-element_type=\"widget\" data-e-type=\"widget\" data-widget_type=\"heading.default\">\n\t\t\t\t<div class=\"elementor-widget-container\">\n\t\t\t\t\t<h4 class=\"elementor-heading-title elementor-size-default\">Varens stand ved returnering<\/h4>\t\t\t\t<\/div>\n\t\t\t\t<\/div>\n\t\t\t\t<\/div>\n\t\t\t\t\t<\/div>\n\t\t\t\t<\/div>\n\t\t<div class=\"elementor-element elementor-element-3a3d07d e-flex e-con-boxed e-con e-parent\" data-id=\"3a3d07d\" data-element_type=\"container\" data-e-type=\"container\">\n\t\t\t\t\t<div class=\"e-con-inner\">\n\t\t<div class=\"elementor-element elementor-element-c385986 e-con-full e-flex e-con e-child\" data-id=\"c385986\" data-element_type=\"container\" data-e-type=\"container\">\n\t\t\t\t<div class=\"elementor-element elementor-element-540a5d1 elementor-widget elementor-widget-text-editor\" data-id=\"540a5d1\" data-element_type=\"widget\" data-e-type=\"widget\" data-widget_type=\"text-editor.default\">\n\t\t\t\t<div class=\"elementor-widget-container\">\n\t\t\t\t\t\t\t\t\t<p>Du h\u00e6fter for den forringelse af varens v\u00e6rdi, som skyldes anden h\u00e5ndtering, end hvad der er n\u00f8dvendigt for at fastsl\u00e5 varens art, egenskaber og funktion. Dette betyder at du m\u00e5 pr\u00f8ve varen p\u00e5 samme m\u00e5de som hvis du handlede i en fysisk butik. L\u00e6s mere om &#8216;varens stand ved returnering&#8217; i vores <a href=\"https:\/\/bubliq.com\/handelsbetingelser\/\">handelsbetingelser<\/a>.\u00a0<\/p>\t\t\t\t\t\t\t\t<\/div>\n\t\t\t\t<\/div>\n\t\t\t\t<\/div>\n\t\t<div class=\"elementor-element elementor-element-c570ac3 elementor-hidden-phone e-con-full e-flex e-con e-child\" data-id=\"c570ac3\" data-element_type=\"container\" data-e-type=\"container\">\n\t\t\t\t<\/div>\n\t\t\t\t\t<\/div>\n\t\t\t\t<\/div>\n\t\t\t\t<\/div>\n\t\t","protected":false},"excerpt":{"rendered":"<p>Returnering Inden du returnerer \u00d8nsker du at g\u00f8re brug af din fortrydelsesret? Eller \u00f8nsker du at returnere af andre \u00e5rsager? Det er vigtigt at du forklarer os \u00e5rsagen til din returnering. Send en mail til info@bubliq.com med et par kommentarer om hvorfor du \u00f8nsker at returnere.\u00a0 S\u00e5dan returnerer du Hos bubliq er det nemt og [&hellip;]<\/p>\n","protected":false},"author":1,"featured_media":0,"parent":0,"menu_order":0,"comment_status":"closed","ping_status":"closed","template":"","meta":{"footnotes":""},"class_list":["post-2481","page","type-page","status-publish","hentry"],"_links":{"self":[{"href":"https:\/\/bubliq.com\/da\/wp-json\/wp\/v2\/pages\/2481","targetHints":{"allow":["GET"]}}],"collection":[{"href":"https:\/\/bubliq.com\/da\/wp-json\/wp\/v2\/pages"}],"about":[{"href":"https:\/\/bubliq.com\/da\/wp-json\/wp\/v2\/types\/page"}],"author":[{"embeddable":true,"href":"https:\/\/bubliq.com\/da\/wp-json\/wp\/v2\/users\/1"}],"replies":[{"embeddable":true,"href":"https:\/\/bubliq.com\/da\/wp-json\/wp\/v2\/comments?post=2481"}],"version-history":[{"count":235,"href":"https:\/\/bubliq.com\/da\/wp-json\/wp\/v2\/pages\/2481\/revisions"}],"predecessor-version":[{"id":25249,"href":"https:\/\/bubliq.com\/da\/wp-json\/wp\/v2\/pages\/2481\/revisions\/25249"}],"wp:attachment":[{"href":"https:\/\/bubliq.com\/da\/wp-json\/wp\/v2\/media?parent=2481"}],"curies":[{"name":"wp","href":"https:\/\/api.w.org\/{rel}","templated":true}]}}