{"id":16212,"date":"2023-12-19T15:06:05","date_gmt":"2023-12-19T13:06:05","guid":{"rendered":"https:\/\/bubliq.com\/?post_type=product&#038;p=16212"},"modified":"2025-10-16T13:46:10","modified_gmt":"2025-10-16T11:46:10","slug":"6-bubliq-kulsyrepatroner-450-g","status":"publish","type":"product","link":"https:\/\/bubliq.com\/da\/vare\/6-bubliq-kulsyrepatroner-450-g\/","title":{"rendered":"6 x bubliq kulsyrepatroner 450 g"},"content":{"rendered":"\t\t<div data-elementor-type=\"product-post\" data-elementor-id=\"16212\" class=\"elementor elementor-16212\" data-elementor-post-type=\"product\">\n\t\t\t\t<div class=\"elementor-element elementor-element-3a72d26 e-con-full e-flex e-con e-child\" data-id=\"3a72d26\" data-element_type=\"container\" data-e-type=\"container\">\n\t\t<div class=\"elementor-element elementor-element-c81b10a e-con-full e-flex e-con e-child\" data-id=\"c81b10a\" data-element_type=\"container\" data-e-type=\"container\">\n\t\t\t\t<div class=\"elementor-element elementor-element-bb081b4 elementor-widget elementor-widget-n-accordion\" data-id=\"bb081b4\" data-element_type=\"widget\" data-e-type=\"widget\" data-settings=\"{&quot;default_state&quot;:&quot;expanded&quot;,&quot;max_items_expended&quot;:&quot;one&quot;,&quot;n_accordion_animation_duration&quot;:{&quot;unit&quot;:&quot;ms&quot;,&quot;size&quot;:400,&quot;sizes&quot;:[]}}\" data-widget_type=\"nested-accordion.default\">\n\t\t\t\t<div class=\"elementor-widget-container\">\n\t\t\t\t\t\t\t<div class=\"e-n-accordion\" aria-label=\"Accordion. Open links with Enter or Space, close with Escape, and navigate with Arrow Keys\">\n\t\t\t\t\t\t<details id=\"e-n-accordion-item-1960\" class=\"e-n-accordion-item\" open>\n\t\t\t\t<summary class=\"e-n-accordion-item-title\" data-accordion-index=\"1\" tabindex=\"0\" aria-expanded=\"true\" aria-controls=\"e-n-accordion-item-1960\" >\n\t\t\t\t\t<span class='e-n-accordion-item-title-header'><div class=\"e-n-accordion-item-title-text\"> Beskrivelse <\/div><\/span>\n\t\t\t\t\t\t\t<span class='e-n-accordion-item-title-icon'>\n\t\t\t<span class='e-opened' ><i aria-hidden=\"true\" class=\"fas fa-minus\"><\/i><\/span>\n\t\t\t<span class='e-closed'><i aria-hidden=\"true\" class=\"fas fa-plus\"><\/i><\/span>\n\t\t<\/span>\n\n\t\t\t\t\t\t<\/summary>\n\t\t\t\t<div role=\"region\" aria-labelledby=\"e-n-accordion-item-1960\" class=\"elementor-element elementor-element-cd8ddc0 e-con-full e-flex e-con e-child\" data-id=\"cd8ddc0\" data-element_type=\"container\" data-e-type=\"container\">\n\t\t\t\t<div class=\"elementor-element elementor-element-2f8e3ea elementor-widget elementor-widget-text-editor\" data-id=\"2f8e3ea\" data-element_type=\"widget\" data-e-type=\"widget\" data-widget_type=\"text-editor.default\">\n\t\t\t\t<div class=\"elementor-widget-container\">\n\t\t\t\t\t\t\t\t\t<p>I denne pakke f\u00e5r du 6 x bubliq kulsyrepatroner. Med 6 kulsyrepatroner er du sikret danskvand og boblende drikke i en rum tid, f\u00f8r du skal t\u00e6nke p\u00e5 ombytning. En oplagt pakke for den store familie, mindre virksomhed, eller bare dig der ikke kan f\u00e5 nok danskvand.\u00a0<\/p><p>I denne pakke kan du nyde godt af 25 g ekstra kulsyre pr. patron, alts\u00e5 150 g ekstra kulsyre i alt &#8211; helt uden merpris.\u00a0<\/p>\t\t\t\t\t\t\t\t<\/div>\n\t\t\t\t<\/div>\n\t\t\t\t<\/div>\n\t\t\t\t\t<\/details>\n\t\t\t\t\t\t<details id=\"e-n-accordion-item-1961\" class=\"e-n-accordion-item\" >\n\t\t\t\t<summary class=\"e-n-accordion-item-title\" data-accordion-index=\"2\" tabindex=\"-1\" aria-expanded=\"false\" aria-controls=\"e-n-accordion-item-1961\" >\n\t\t\t\t\t<span class='e-n-accordion-item-title-header'><div class=\"e-n-accordion-item-title-text\"> Kompatibilitet <\/div><\/span>\n\t\t\t\t\t\t\t<span class='e-n-accordion-item-title-icon'>\n\t\t\t<span class='e-opened' ><i aria-hidden=\"true\" class=\"fas fa-minus\"><\/i><\/span>\n\t\t\t<span class='e-closed'><i aria-hidden=\"true\" class=\"fas fa-plus\"><\/i><\/span>\n\t\t<\/span>\n\n\t\t\t\t\t\t<\/summary>\n\t\t\t\t<div role=\"region\" aria-labelledby=\"e-n-accordion-item-1961\" class=\"elementor-element elementor-element-6457bcf e-con-full e-flex e-con e-child\" data-id=\"6457bcf\" data-element_type=\"container\" data-e-type=\"container\">\n\t\t\t\t<div class=\"elementor-element elementor-element-6acef14 elementor-position-right elementor-vertical-align-top elementor-widget elementor-widget-image-box\" data-id=\"6acef14\" data-element_type=\"widget\" data-e-type=\"widget\" data-widget_type=\"image-box.default\">\n\t\t\t\t<div class=\"elementor-widget-container\">\n\t\t\t\t\t<div class=\"elementor-image-box-wrapper\"><figure class=\"elementor-image-box-img\"><img decoding=\"async\" width=\"150\" height=\"150\" src=\"https:\/\/bubliq.com\/wp-content\/uploads\/2024\/02\/Valve-for-website-150px.png\" class=\"attachment-full size-full wp-image-16935\" alt=\"\" srcset=\"https:\/\/bubliq.com\/wp-content\/uploads\/2024\/02\/Valve-for-website-150px.png 150w, https:\/\/bubliq.com\/wp-content\/uploads\/2024\/02\/Valve-for-website-150px-12x12.png 12w, https:\/\/bubliq.com\/wp-content\/uploads\/2024\/02\/Valve-for-website-150px-100x100.png 100w\" sizes=\"(max-width: 150px) 100vw, 150px\" \/><\/figure><div class=\"elementor-image-box-content\"><p class=\"elementor-image-box-description\">Kulsyrepatroner fra bubliq benytter et universelt skruegevind og er derfor kompatible med de fleste sodavandsmaskiner p\u00e5 markedet (p\u00e5n\u00e6r SodaStream modeller med Quick Connect).\n<br><br>\n<b>OBS!<\/b>\nV\u00e6r opm\u00e6rksom p\u00e5 at vores kulsyrepatroner ikke passer til k\u00f8leskabe eller vandhaner med brus f.eks. Grohe, Quooker m.m.<\/p><\/div><\/div>\t\t\t\t<\/div>\n\t\t\t\t<\/div>\n\t\t\t\t<\/div>\n\t\t\t\t\t<\/details>\n\t\t\t\t\t\t<details id=\"e-n-accordion-item-1962\" class=\"e-n-accordion-item\" >\n\t\t\t\t<summary class=\"e-n-accordion-item-title\" data-accordion-index=\"3\" tabindex=\"-1\" aria-expanded=\"false\" aria-controls=\"e-n-accordion-item-1962\" >\n\t\t\t\t\t<span class='e-n-accordion-item-title-header'><div class=\"e-n-accordion-item-title-text\"> Ombytning <\/div><\/span>\n\t\t\t\t\t\t\t<span class='e-n-accordion-item-title-icon'>\n\t\t\t<span class='e-opened' ><i aria-hidden=\"true\" class=\"fas fa-minus\"><\/i><\/span>\n\t\t\t<span class='e-closed'><i aria-hidden=\"true\" class=\"fas fa-plus\"><\/i><\/span>\n\t\t<\/span>\n\n\t\t\t\t\t\t<\/summary>\n\t\t\t\t<div role=\"region\" aria-labelledby=\"e-n-accordion-item-1962\" class=\"elementor-element elementor-element-9408525 e-flex e-con-boxed e-con e-child\" data-id=\"9408525\" data-element_type=\"container\" data-e-type=\"container\">\n\t\t\t\t\t<div class=\"e-con-inner\">\n\t\t\t\t<div class=\"elementor-element elementor-element-a386cd1 elementor-widget elementor-widget-text-editor\" data-id=\"a386cd1\" data-element_type=\"widget\" data-e-type=\"widget\" data-widget_type=\"text-editor.default\">\n\t\t\t\t<div class=\"elementor-widget-container\">\n\t\t\t\t\t\t\t\t\t<p><strong>Online ombytning<\/strong><br \/>Du kan ombytte dine kulsyrepatroner i vores online ombytningsservice. Du kan v\u00e6lge i mellem at ombytte 3 eller 6 patroner. Klik <a href=\"https:\/\/bubliq.com\/kulsyrepatron-ombytning\/\">her<\/a> for at g\u00e5 til siden for ombytning.\u00a0<br \/><strong><br \/>Byt til andre m\u00e6rker<br \/><\/strong>Da langt de fleste 425-450 g kulsyrepatroner p\u00e5 markedet er universelle, kan du ogs\u00e5 bytte dine kulsyrepatroner til andre m\u00e6rker. Vi anbefaler dog, at du tjekker med den p\u00e5g\u00e6ldende leverand\u00f8r, om de tager i mod andre m\u00e6rker.\u00a0<\/p>\t\t\t\t\t\t\t\t<\/div>\n\t\t\t\t<\/div>\n\t\t\t\t\t<\/div>\n\t\t\t\t<\/div>\n\t\t\t\t\t<\/details>\n\t\t\t\t\t\t<details id=\"e-n-accordion-item-1963\" class=\"e-n-accordion-item\" >\n\t\t\t\t<summary class=\"e-n-accordion-item-title\" data-accordion-index=\"4\" tabindex=\"-1\" aria-expanded=\"false\" aria-controls=\"e-n-accordion-item-1963\" >\n\t\t\t\t\t<span class='e-n-accordion-item-title-header'><div class=\"e-n-accordion-item-title-text\"> Indhold og dimensioner <\/div><\/span>\n\t\t\t\t\t\t\t<span class='e-n-accordion-item-title-icon'>\n\t\t\t<span class='e-opened' ><i aria-hidden=\"true\" class=\"fas fa-minus\"><\/i><\/span>\n\t\t\t<span class='e-closed'><i aria-hidden=\"true\" class=\"fas fa-plus\"><\/i><\/span>\n\t\t<\/span>\n\n\t\t\t\t\t\t<\/summary>\n\t\t\t\t<div role=\"region\" aria-labelledby=\"e-n-accordion-item-1963\" class=\"elementor-element elementor-element-fb90e68 e-con-full e-flex e-con e-child\" data-id=\"fb90e68\" data-element_type=\"container\" data-e-type=\"container\">\n\t\t\t\t<div class=\"elementor-element elementor-element-f5be2b9 elementor-widget elementor-widget-text-editor\" data-id=\"f5be2b9\" data-element_type=\"widget\" data-e-type=\"widget\" data-widget_type=\"text-editor.default\">\n\t\t\t\t<div class=\"elementor-widget-container\">\n\t\t\t\t\t\t\t\t\t<p>Kulsyrepatronens materiale: 100% Aluminium<br \/>Indhold: 450 g f\u00f8devaregodkendt kuldioxid<br \/>M\u00e5l: 36 cm x 6 cm (h\u00f8jde x diameter)<\/p>\t\t\t\t\t\t\t\t<\/div>\n\t\t\t\t<\/div>\n\t\t\t\t<\/div>\n\t\t\t\t\t<\/details>\n\t\t\t\t\t\t<details id=\"e-n-accordion-item-1964\" class=\"e-n-accordion-item\" >\n\t\t\t\t<summary class=\"e-n-accordion-item-title\" data-accordion-index=\"5\" tabindex=\"-1\" aria-expanded=\"false\" aria-controls=\"e-n-accordion-item-1964\" >\n\t\t\t\t\t<span class='e-n-accordion-item-title-header'><div class=\"e-n-accordion-item-title-text\"> Godkendelser <\/div><\/span>\n\t\t\t\t\t\t\t<span class='e-n-accordion-item-title-icon'>\n\t\t\t<span class='e-opened' ><i aria-hidden=\"true\" class=\"fas fa-minus\"><\/i><\/span>\n\t\t\t<span class='e-closed'><i aria-hidden=\"true\" class=\"fas fa-plus\"><\/i><\/span>\n\t\t<\/span>\n\n\t\t\t\t\t\t<\/summary>\n\t\t\t\t<div role=\"region\" aria-labelledby=\"e-n-accordion-item-1964\" class=\"elementor-element elementor-element-3fd150e e-flex e-con-boxed e-con e-child\" data-id=\"3fd150e\" data-element_type=\"container\" data-e-type=\"container\">\n\t\t\t\t\t<div class=\"e-con-inner\">\n\t\t\t\t<div class=\"elementor-element elementor-element-7e3e8cb elementor-widget elementor-widget-text-editor\" data-id=\"7e3e8cb\" data-element_type=\"widget\" data-e-type=\"widget\" data-widget_type=\"text-editor.default\">\n\t\t\t\t<div class=\"elementor-widget-container\">\n\t\t\t\t\t\t\t\t\t<p style=\"text-align: left;\">Kulsyrepatroner fra bubliq er testet og godkendt af det anerkendte tyske institut T\u00dcV. Det er din garanti for, at kulsyrepatroner fra bubliq opfylder kravene om renhed for f\u00f8devaretils\u00e6tning i henhold til EU &amp; JECFA.<\/p>\t\t\t\t\t\t\t\t<\/div>\n\t\t\t\t<\/div>\n\t\t\t\t\t<\/div>\n\t\t\t\t<\/div>\n\t\t\t\t\t<\/details>\n\t\t\t\t\t\t<details id=\"e-n-accordion-item-1965\" class=\"e-n-accordion-item\" >\n\t\t\t\t<summary class=\"e-n-accordion-item-title\" data-accordion-index=\"6\" tabindex=\"-1\" aria-expanded=\"false\" aria-controls=\"e-n-accordion-item-1965\" >\n\t\t\t\t\t<span class='e-n-accordion-item-title-header'><div class=\"e-n-accordion-item-title-text\"> Sikkerhedsinstrukser for brug <\/div><\/span>\n\t\t\t\t\t\t\t<span class='e-n-accordion-item-title-icon'>\n\t\t\t<span class='e-opened' ><i aria-hidden=\"true\" class=\"fas fa-minus\"><\/i><\/span>\n\t\t\t<span class='e-closed'><i aria-hidden=\"true\" class=\"fas fa-plus\"><\/i><\/span>\n\t\t<\/span>\n\n\t\t\t\t\t\t<\/summary>\n\t\t\t\t<div role=\"region\" aria-labelledby=\"e-n-accordion-item-1965\" class=\"elementor-element elementor-element-accbfd4 e-flex e-con-boxed e-con e-child\" data-id=\"accbfd4\" data-element_type=\"container\" data-e-type=\"container\">\n\t\t\t\t\t<div class=\"e-con-inner\">\n\t\t\t\t<div class=\"elementor-element elementor-element-94d01e9 elementor-widget elementor-widget-text-editor\" data-id=\"94d01e9\" data-element_type=\"widget\" data-e-type=\"widget\" data-widget_type=\"text-editor.default\">\n\t\t\t\t<div class=\"elementor-widget-container\">\n\t\t\t\t\t\t\t\t\t<ul><li>H\u00e5ndter kulsyrepatronen forsigtigt<\/li><li>Opbevar kulsyrepatronen ved stuetemperatur og aldrig i direkte sollys<\/li><li>Afmonter kulsyrepatronen fra sodavandsmaskinen ved transport<\/li><li>Lad aldrig b\u00f8rn h\u00e5ndtere kulsyrepatronen uden opsyn<\/li><li>Flyt kulsyrepatronen til et sikkert sted i tilf\u00e6lde af brand<\/li><\/ul><p>\u00a0<\/p>\t\t\t\t\t\t\t\t<\/div>\n\t\t\t\t<\/div>\n\t\t\t\t\t<\/div>\n\t\t\t\t<\/div>\n\t\t\t\t\t<\/details>\n\t\t\t\t\t<\/div>\n\t\t\t\t\t\t<\/div>\n\t\t\t\t<\/div>\n\t\t\t\t<\/div>\n\t\t\t\t<\/div>\n\t\t\t\t<\/div>\n\t\t","protected":false},"excerpt":{"rendered":"<p>I denne pakke f\u00e5r du 6 x bubliq kulsyrepatroner. Pakken er ideel til familier, virksomheder og danskvandsentusiaster, der vil slippe for besv\u00e6ret ved hele tiden at skulle ombytte patroner. bubliq kulsyrepatroner \u00a0indeholder 450 g f\u00f8devaregodkendt kuldioxid, og er kompatibel med bubliq sodavandsmaskiner og de fleste andre sodavandsmaskiner p\u00e5 markedet, p\u00e5n\u00e6r SodaStream med Quick Connect. Kulsyrepatroner fra bubliq er identiske med almindelige 425 g kulsyrepatroner &#8211; eneste forskel er blot at vi har fyldt 25 g ekstra kulsyre p\u00e5 vores.<\/p>\n","protected":false},"featured_media":17458,"template":"","meta":[],"product_brand":[],"product_cat":[154],"product_tag":[141],"woo-feed-brand":[],"class_list":{"0":"post-16212","1":"product","2":"type-product","3":"status-publish","4":"has-post-thumbnail","6":"product_cat-kulsyrepatroner","7":"product_tag-kulsyrepatron","9":"first","10":"instock","11":"taxable","12":"shipping-taxable","13":"purchasable","14":"product-type-simple"},"_links":{"self":[{"href":"https:\/\/bubliq.com\/da\/wp-json\/wp\/v2\/product\/16212","targetHints":{"allow":["GET"]}}],"collection":[{"href":"https:\/\/bubliq.com\/da\/wp-json\/wp\/v2\/product"}],"about":[{"href":"https:\/\/bubliq.com\/da\/wp-json\/wp\/v2\/types\/product"}],"version-history":[{"count":140,"href":"https:\/\/bubliq.com\/da\/wp-json\/wp\/v2\/product\/16212\/revisions"}],"predecessor-version":[{"id":24630,"href":"https:\/\/bubliq.com\/da\/wp-json\/wp\/v2\/product\/16212\/revisions\/24630"}],"wp:featuredmedia":[{"embeddable":true,"href":"https:\/\/bubliq.com\/da\/wp-json\/wp\/v2\/media\/17458"}],"wp:attachment":[{"href":"https:\/\/bubliq.com\/da\/wp-json\/wp\/v2\/media?parent=16212"}],"wp:term":[{"taxonomy":"product_brand","embeddable":true,"href":"https:\/\/bubliq.com\/da\/wp-json\/wp\/v2\/product_brand?post=16212"},{"taxonomy":"product_cat","embeddable":true,"href":"https:\/\/bubliq.com\/da\/wp-json\/wp\/v2\/product_cat?post=16212"},{"taxonomy":"product_tag","embeddable":true,"href":"https:\/\/bubliq.com\/da\/wp-json\/wp\/v2\/product_tag?post=16212"},{"taxonomy":"woo-feed-brand","embeddable":true,"href":"https:\/\/bubliq.com\/da\/wp-json\/wp\/v2\/woo-feed-brand?post=16212"}],"curies":[{"name":"wp","href":"https:\/\/api.w.org\/{rel}","templated":true}]}}