{"id":16679,"date":"2024-01-17T10:38:45","date_gmt":"2024-01-17T08:38:45","guid":{"rendered":"https:\/\/bubliq.com\/?post_type=product&#038;p=16679"},"modified":"2025-12-03T07:36:00","modified_gmt":"2025-12-03T05:36:00","slug":"mat-graa-bubliq-drink-carbonator","status":"publish","type":"product","link":"https:\/\/bubliq.com\/da\/vare\/mat-graa-bubliq-drink-carbonator\/","title":{"rendered":"Mat gr\u00e5 bubliq drink carbonator"},"content":{"rendered":"\t\t<div data-elementor-type=\"product-post\" data-elementor-id=\"16679\" class=\"elementor elementor-16679\" data-elementor-post-type=\"product\">\n\t\t\t\t<div class=\"elementor-element elementor-element-1f878ee e-con-full e-flex e-con e-child\" data-id=\"1f878ee\" data-element_type=\"container\" data-e-type=\"container\" data-settings=\"{&quot;background_background&quot;:&quot;classic&quot;}\">\n\t\t<div class=\"elementor-element elementor-element-62dd6ae e-con-full e-flex e-con e-child\" data-id=\"62dd6ae\" data-element_type=\"container\" data-e-type=\"container\">\n\t\t\t\t<div class=\"elementor-element elementor-element-6dae7de elementor-widget elementor-widget-n-accordion\" data-id=\"6dae7de\" data-element_type=\"widget\" data-e-type=\"widget\" data-settings=\"{&quot;default_state&quot;:&quot;expanded&quot;,&quot;max_items_expended&quot;:&quot;one&quot;,&quot;n_accordion_animation_duration&quot;:{&quot;unit&quot;:&quot;ms&quot;,&quot;size&quot;:400,&quot;sizes&quot;:[]}}\" data-widget_type=\"nested-accordion.default\">\n\t\t\t\t<div class=\"elementor-widget-container\">\n\t\t\t\t\t\t\t<div class=\"e-n-accordion\" aria-label=\"Accordion. Open links with Enter or Space, close with Escape, and navigate with Arrow Keys\">\n\t\t\t\t\t\t<details id=\"e-n-accordion-item-1150\" class=\"e-n-accordion-item\" open>\n\t\t\t\t<summary class=\"e-n-accordion-item-title\" data-accordion-index=\"1\" tabindex=\"0\" aria-expanded=\"true\" aria-controls=\"e-n-accordion-item-1150\" >\n\t\t\t\t\t<span class='e-n-accordion-item-title-header'><div class=\"e-n-accordion-item-title-text\"> Beskrivelse <\/div><\/span>\n\t\t\t\t\t\t\t<span class='e-n-accordion-item-title-icon'>\n\t\t\t<span class='e-opened' ><i aria-hidden=\"true\" class=\"fas fa-minus\"><\/i><\/span>\n\t\t\t<span class='e-closed'><i aria-hidden=\"true\" class=\"fas fa-plus\"><\/i><\/span>\n\t\t<\/span>\n\n\t\t\t\t\t\t<\/summary>\n\t\t\t\t<div role=\"region\" aria-labelledby=\"e-n-accordion-item-1150\" class=\"elementor-element elementor-element-1ae6753 e-con-full e-flex e-con e-child\" data-id=\"1ae6753\" data-element_type=\"container\" data-e-type=\"container\">\n\t\t\t\t<div class=\"elementor-element elementor-element-dcb9462 elementor-widget elementor-widget-text-editor\" data-id=\"dcb9462\" data-element_type=\"widget\" data-e-type=\"widget\" data-widget_type=\"text-editor.default\">\n\t\t\t\t<div class=\"elementor-widget-container\">\n\t\t\t\t\t\t\t\t\t<h6><strong>Elegant design<\/strong><\/h6><p>bubliqs matgr\u00e5 drink carbonator udstr\u00e5ler en tidl\u00f8s elegance, der pryder dit bord i dag &#8211; og mange \u00e5r frem. Med sit slanke og sofistikerede design med 8 cm i bredden, er den ideel til dig der v\u00e6rds\u00e6tter minimalisme og enkelthed.\u00a0<\/p><h6><strong>Nem i brug\u00a0<\/strong><\/h6><p>Med den banebrydende Air-Charge\u2122 teknologi er det nu lettere end nogensinde f\u00f8r at tilf\u00f8re bobler til dine drikke. Skru l\u00e5get p\u00e5 flasken, plac\u00e9r den p\u00e5 standen og tryk et par gange p\u00e5 toppen for at tils\u00e6tte brus. Du slipper for besv\u00e6ret med at skrue besv\u00e6rlige flasker p\u00e5 plads, som p\u00e5 de gamle sodavandsmaskiner.<\/p><p><strong>S\u00e6t kulsyre til alt<\/strong><\/p><p>Sodavandsmaskinen fra bubliq laver mere end bare danskvand. Den s\u00e6tter bobler til alle dine drikkevarer &#8211; selv drikke med frisk frugt og gr\u00f8nt! Pr\u00f8v at forvandle din hvidvin til mousserende vin, lav en lemonade med blid brus, eller m\u00e5ske en danskvand med friske skiver af citron? Vidste du, at frugt og gr\u00f8nt frigiver mere smag til din drik, n\u00e5r det tils\u00e6ttes kulsyre? Kom frisk mynte i flasken, og smag selv efter, n\u00e6ste gang du laver danskvand.<\/p>\t\t\t\t\t\t\t\t<\/div>\n\t\t\t\t<\/div>\n\t\t\t\t<\/div>\n\t\t\t\t\t<\/details>\n\t\t\t\t\t\t<details id=\"e-n-accordion-item-1151\" class=\"e-n-accordion-item\" >\n\t\t\t\t<summary class=\"e-n-accordion-item-title\" data-accordion-index=\"2\" tabindex=\"-1\" aria-expanded=\"false\" aria-controls=\"e-n-accordion-item-1151\" >\n\t\t\t\t\t<span class='e-n-accordion-item-title-header'><div class=\"e-n-accordion-item-title-text\"> Dimensioner &amp; Materiale <\/div><\/span>\n\t\t\t\t\t\t\t<span class='e-n-accordion-item-title-icon'>\n\t\t\t<span class='e-opened' ><i aria-hidden=\"true\" class=\"fas fa-minus\"><\/i><\/span>\n\t\t\t<span class='e-closed'><i aria-hidden=\"true\" class=\"fas fa-plus\"><\/i><\/span>\n\t\t<\/span>\n\n\t\t\t\t\t\t<\/summary>\n\t\t\t\t<div role=\"region\" aria-labelledby=\"e-n-accordion-item-1151\" class=\"elementor-element elementor-element-8a8012a e-con-full e-flex e-con e-child\" data-id=\"8a8012a\" data-element_type=\"container\" data-e-type=\"container\">\n\t\t\t\t<div class=\"elementor-element elementor-element-93ddd0c elementor-widget elementor-widget-text-editor\" data-id=\"93ddd0c\" data-element_type=\"widget\" data-e-type=\"widget\" data-widget_type=\"text-editor.default\">\n\t\t\t\t<div class=\"elementor-widget-container\">\n\t\t\t\t\t\t\t\t\t<p><strong>Maskine<br \/><\/strong>Materiale: ABS<strong><br \/><\/strong>M\u00e5l: 42,5 x 8 x 16,5 cm (h\u00f8jde x bredde x dybde)<br \/>V\u00e6gt. ekskl. kuslyrepatron: 0,8 kg.<\/p><p><strong>Flaske<br \/><\/strong>Materiale: PET, 100% BPA-fri<strong><br \/><\/strong>M\u00e5l: 37,2 x 6,8 cm (h\u00f8jde x diameter)<\/p>\t\t\t\t\t\t\t\t<\/div>\n\t\t\t\t<\/div>\n\t\t\t\t<\/div>\n\t\t\t\t\t<\/details>\n\t\t\t\t\t\t<details id=\"e-n-accordion-item-1152\" class=\"e-n-accordion-item\" >\n\t\t\t\t<summary class=\"e-n-accordion-item-title\" data-accordion-index=\"3\" tabindex=\"-1\" aria-expanded=\"false\" aria-controls=\"e-n-accordion-item-1152\" >\n\t\t\t\t\t<span class='e-n-accordion-item-title-header'><div class=\"e-n-accordion-item-title-text\"> Kompatible kulsyrepatroner <\/div><\/span>\n\t\t\t\t\t\t\t<span class='e-n-accordion-item-title-icon'>\n\t\t\t<span class='e-opened' ><i aria-hidden=\"true\" class=\"fas fa-minus\"><\/i><\/span>\n\t\t\t<span class='e-closed'><i aria-hidden=\"true\" class=\"fas fa-plus\"><\/i><\/span>\n\t\t<\/span>\n\n\t\t\t\t\t\t<\/summary>\n\t\t\t\t<div role=\"region\" aria-labelledby=\"e-n-accordion-item-1152\" class=\"elementor-element elementor-element-19d9387 e-con-full e-flex e-con e-child\" data-id=\"19d9387\" data-element_type=\"container\" data-e-type=\"container\">\n\t\t\t\t<div class=\"elementor-element elementor-element-6647421 elementor-widget elementor-widget-text-editor\" data-id=\"6647421\" data-element_type=\"widget\" data-e-type=\"widget\" data-widget_type=\"text-editor.default\">\n\t\t\t\t<div class=\"elementor-widget-container\">\n\t\t\t\t\t\t\t\t\t<p>bubliq drink carbonator er kompatibel med alle 425-450 g kulsyrepatroner med skruegevind fra f.eks. bubliq, Nordic Soda, AGA, og SodaStream (p\u00e5n\u00e6r SodaStream kulsyrepatroner med Quick Connect).\u00a0<\/p>\t\t\t\t\t\t\t\t<\/div>\n\t\t\t\t<\/div>\n\t\t\t\t<\/div>\n\t\t\t\t\t<\/details>\n\t\t\t\t\t\t<details id=\"e-n-accordion-item-1153\" class=\"e-n-accordion-item\" >\n\t\t\t\t<summary class=\"e-n-accordion-item-title\" data-accordion-index=\"4\" tabindex=\"-1\" aria-expanded=\"false\" aria-controls=\"e-n-accordion-item-1153\" >\n\t\t\t\t\t<span class='e-n-accordion-item-title-header'><div class=\"e-n-accordion-item-title-text\"> Ombytning kulsyrepatroner <\/div><\/span>\n\t\t\t\t\t\t\t<span class='e-n-accordion-item-title-icon'>\n\t\t\t<span class='e-opened' ><i aria-hidden=\"true\" class=\"fas fa-minus\"><\/i><\/span>\n\t\t\t<span class='e-closed'><i aria-hidden=\"true\" class=\"fas fa-plus\"><\/i><\/span>\n\t\t<\/span>\n\n\t\t\t\t\t\t<\/summary>\n\t\t\t\t<div role=\"region\" aria-labelledby=\"e-n-accordion-item-1153\" class=\"elementor-element elementor-element-c5bb035 e-flex e-con-boxed e-con e-child\" data-id=\"c5bb035\" data-element_type=\"container\" data-e-type=\"container\">\n\t\t\t\t\t<div class=\"e-con-inner\">\n\t\t\t\t<div class=\"elementor-element elementor-element-7328d7c elementor-widget elementor-widget-text-editor\" data-id=\"7328d7c\" data-element_type=\"widget\" data-e-type=\"widget\" data-widget_type=\"text-editor.default\">\n\t\t\t\t<div class=\"elementor-widget-container\">\n\t\t\t\t\t\t\t\t\t<p><strong>Online ombytning<\/strong><br \/>Du kan ombytte dine tomme bubliq kulsyrepatroner i vores online ombytningsservice. Bem\u00e6rk venligst, at du kan kan ombytte 3 eller 6 patroner i vores online ombytningsservice. Klik her for at g\u00e5 til siden for ombytning.\u00a0<br \/><strong><br \/>Byt til andre m\u00e6rker<br \/><\/strong>Da alle 425-450 g kulsyrepatroner p\u00e5 markedet er universelle, kan du ogs\u00e5 bytte din kulsyrepatron til andre m\u00e6rker, f.eks. Nordic Soda. Vi anbefaler dog, at du tjekker med den p\u00e5g\u00e6ldende leverand\u00f8r, om de tager i mod andre m\u00e6rker.\u00a0<\/p>\t\t\t\t\t\t\t\t<\/div>\n\t\t\t\t<\/div>\n\t\t\t\t\t<\/div>\n\t\t\t\t<\/div>\n\t\t\t\t\t<\/details>\n\t\t\t\t\t\t<details id=\"e-n-accordion-item-1154\" class=\"e-n-accordion-item\" >\n\t\t\t\t<summary class=\"e-n-accordion-item-title\" data-accordion-index=\"5\" tabindex=\"-1\" aria-expanded=\"false\" aria-controls=\"e-n-accordion-item-1154\" >\n\t\t\t\t\t<span class='e-n-accordion-item-title-header'><div class=\"e-n-accordion-item-title-text\"> Reng\u00f8ring og vedligeholdelse <\/div><\/span>\n\t\t\t\t\t\t\t<span class='e-n-accordion-item-title-icon'>\n\t\t\t<span class='e-opened' ><i aria-hidden=\"true\" class=\"fas fa-minus\"><\/i><\/span>\n\t\t\t<span class='e-closed'><i aria-hidden=\"true\" class=\"fas fa-plus\"><\/i><\/span>\n\t\t<\/span>\n\n\t\t\t\t\t\t<\/summary>\n\t\t\t\t<div role=\"region\" aria-labelledby=\"e-n-accordion-item-1154\" class=\"elementor-element elementor-element-7fff7c8 e-flex e-con-boxed e-con e-child\" data-id=\"7fff7c8\" data-element_type=\"container\" data-e-type=\"container\">\n\t\t\t\t\t<div class=\"e-con-inner\">\n\t\t\t\t<div class=\"elementor-element elementor-element-f08006b elementor-widget elementor-widget-text-editor\" data-id=\"f08006b\" data-element_type=\"widget\" data-e-type=\"widget\" data-widget_type=\"text-editor.default\">\n\t\t\t\t<div class=\"elementor-widget-container\">\n\t\t\t\t\t\t\t\t\t<p style=\"text-align: left;\"><strong>Maskine:<\/strong> <br \/>Reng\u00f8r maskinen med en fugtig klud med mildt opvaskemiddel.<br \/><strong><br \/>PET Flaske:<br \/><\/strong>Flasken vaskes i h\u00e5nden med mildt opvaskemiddel. Flasken m\u00e5 ikke uds\u00e6ttes for temperaturer under 4\u00b0C eller over 40\u00b0C. Flasken t\u00e5ler <strong>ikke<\/strong> opvaskemaskine.<\/p><p><strong>Kulsyrer\u00f8r:<\/strong><br \/>Kulsyrer\u00f8ret er monteret i l\u00e5get, og kan derfor let reng\u00f8res. Ved at holde kulsyrer\u00f8ret rent, sikrer du at hygiejnen altid er i top. S\u00e6tter du kulsyre til andre v\u00e6sker end vand, skal kulsyrer\u00f8ret altid reng\u00f8res, s\u00e5 sukker og andre tils\u00e6tningsstoffer ikke tilstopper ventilen. Kulsyrer\u00f8ret reng\u00f8res med varmt vand og mildt opvaskemiddel. Kulsyrer\u00f8ret t\u00e5ler <strong>ikke<\/strong> opvaskemaskine.<\/p>\t\t\t\t\t\t\t\t<\/div>\n\t\t\t\t<\/div>\n\t\t\t\t\t<\/div>\n\t\t\t\t<\/div>\n\t\t\t\t\t<\/details>\n\t\t\t\t\t\t<details id=\"e-n-accordion-item-1155\" class=\"e-n-accordion-item\" >\n\t\t\t\t<summary class=\"e-n-accordion-item-title\" data-accordion-index=\"6\" tabindex=\"-1\" aria-expanded=\"false\" aria-controls=\"e-n-accordion-item-1155\" >\n\t\t\t\t\t<span class='e-n-accordion-item-title-header'><div class=\"e-n-accordion-item-title-text\"> Reservedele <\/div><\/span>\n\t\t\t\t\t\t\t<span class='e-n-accordion-item-title-icon'>\n\t\t\t<span class='e-opened' ><i aria-hidden=\"true\" class=\"fas fa-minus\"><\/i><\/span>\n\t\t\t<span class='e-closed'><i aria-hidden=\"true\" class=\"fas fa-plus\"><\/i><\/span>\n\t\t<\/span>\n\n\t\t\t\t\t\t<\/summary>\n\t\t\t\t<div role=\"region\" aria-labelledby=\"e-n-accordion-item-1155\" class=\"elementor-element elementor-element-d6c1aeb e-flex e-con-boxed e-con e-child\" data-id=\"d6c1aeb\" data-element_type=\"container\" data-e-type=\"container\">\n\t\t\t\t\t<div class=\"e-con-inner\">\n\t\t\t\t<div class=\"elementor-element elementor-element-82277f6 elementor-widget elementor-widget-text-editor\" data-id=\"82277f6\" data-element_type=\"widget\" data-e-type=\"widget\" data-widget_type=\"text-editor.default\">\n\t\t\t\t<div class=\"elementor-widget-container\">\n\t\t\t\t\t\t\t\t\t<p>Har du brug for et ekstra kulsyrer\u00f8r til din bubliq sodavandsmaskine?<\/p><p><a href=\"https:\/\/bubliq.com\/vare\/infuser-cap\/\">Kulsyrer\u00f8r &#8211; klik her<\/a><\/p>\t\t\t\t\t\t\t\t<\/div>\n\t\t\t\t<\/div>\n\t\t\t\t\t<\/div>\n\t\t\t\t<\/div>\n\t\t\t\t\t<\/details>\n\t\t\t\t\t\t<details id=\"e-n-accordion-item-1156\" class=\"e-n-accordion-item\" >\n\t\t\t\t<summary class=\"e-n-accordion-item-title\" data-accordion-index=\"7\" tabindex=\"-1\" aria-expanded=\"false\" aria-controls=\"e-n-accordion-item-1156\" >\n\t\t\t\t\t<span class='e-n-accordion-item-title-header'><div class=\"e-n-accordion-item-title-text\"> Manual <\/div><\/span>\n\t\t\t\t\t\t\t<span class='e-n-accordion-item-title-icon'>\n\t\t\t<span class='e-opened' ><i aria-hidden=\"true\" class=\"fas fa-minus\"><\/i><\/span>\n\t\t\t<span class='e-closed'><i aria-hidden=\"true\" class=\"fas fa-plus\"><\/i><\/span>\n\t\t<\/span>\n\n\t\t\t\t\t\t<\/summary>\n\t\t\t\t<div role=\"region\" aria-labelledby=\"e-n-accordion-item-1156\" class=\"elementor-element elementor-element-d2dec71 e-flex e-con-boxed e-con e-child\" data-id=\"d2dec71\" data-element_type=\"container\" data-e-type=\"container\">\n\t\t\t\t\t<div class=\"e-con-inner\">\n\t\t\t\t<div class=\"elementor-element elementor-element-066141d elementor-widget elementor-widget-text-editor\" data-id=\"066141d\" data-element_type=\"widget\" data-e-type=\"widget\" data-widget_type=\"text-editor.default\">\n\t\t\t\t<div class=\"elementor-widget-container\">\n\t\t\t\t\t\t\t\t\t<p>Du finder manulen til bubliq drink carbonator <a href=\"https:\/\/bubliq.com\/wp-content\/uploads\/2025\/07\/User-Manual-bubliq-drink-carbonator-2025-Web.pdf\" target=\"_blank\" rel=\"noopener\">her.<\/a><\/p>\t\t\t\t\t\t\t\t<\/div>\n\t\t\t\t<\/div>\n\t\t\t\t\t<\/div>\n\t\t\t\t<\/div>\n\t\t\t\t\t<\/details>\n\t\t\t\t\t<\/div>\n\t\t\t\t\t\t<\/div>\n\t\t\t\t<\/div>\n\t\t\t\t<\/div>\n\t\t\t\t<\/div>\n\t\t\t\t<\/div>\n\t\t","protected":false},"excerpt":{"rendered":"<p><strong>En ny \u00e6ra af kulsyremaskiner<\/strong><br \/>\nDen mat gr\u00e5 bubliq drink carbonator udstr\u00e5ler en varm, sofistikeret elegance, der l\u00f8fter ethvert k\u00f8kken. Med kun 8 cm i bredden er bubliq sodavandsmaskinen et \u00e6stetisk k\u00f8kkenapparat, der optager minimal plads p\u00e5 k\u00f8kkenbordet. Takket v\u00e6re den banebrydende Air-Charge\u2122 teknologi er maskinen nem og praktisk i brug. Med et par f\u00e5 tryk forvandler du dit postevand til boblende forfriskninger &#8211; selv drikke med frugt og gr\u00f8nt.<\/p>\n","protected":false},"featured_media":17456,"template":"","meta":[],"product_brand":[],"product_cat":[31],"product_tag":[30],"woo-feed-brand":[],"class_list":{"0":"post-16679","1":"product","2":"type-product","3":"status-publish","4":"has-post-thumbnail","6":"product_cat-sodavandsmaskiner","7":"product_tag-kulsyremaskine","9":"first","10":"instock","11":"taxable","12":"shipping-taxable","13":"purchasable","14":"product-type-simple"},"_links":{"self":[{"href":"https:\/\/bubliq.com\/da\/wp-json\/wp\/v2\/product\/16679","targetHints":{"allow":["GET"]}}],"collection":[{"href":"https:\/\/bubliq.com\/da\/wp-json\/wp\/v2\/product"}],"about":[{"href":"https:\/\/bubliq.com\/da\/wp-json\/wp\/v2\/types\/product"}],"version-history":[{"count":75,"href":"https:\/\/bubliq.com\/da\/wp-json\/wp\/v2\/product\/16679\/revisions"}],"predecessor-version":[{"id":25032,"href":"https:\/\/bubliq.com\/da\/wp-json\/wp\/v2\/product\/16679\/revisions\/25032"}],"wp:featuredmedia":[{"embeddable":true,"href":"https:\/\/bubliq.com\/da\/wp-json\/wp\/v2\/media\/17456"}],"wp:attachment":[{"href":"https:\/\/bubliq.com\/da\/wp-json\/wp\/v2\/media?parent=16679"}],"wp:term":[{"taxonomy":"product_brand","embeddable":true,"href":"https:\/\/bubliq.com\/da\/wp-json\/wp\/v2\/product_brand?post=16679"},{"taxonomy":"product_cat","embeddable":true,"href":"https:\/\/bubliq.com\/da\/wp-json\/wp\/v2\/product_cat?post=16679"},{"taxonomy":"product_tag","embeddable":true,"href":"https:\/\/bubliq.com\/da\/wp-json\/wp\/v2\/product_tag?post=16679"},{"taxonomy":"woo-feed-brand","embeddable":true,"href":"https:\/\/bubliq.com\/da\/wp-json\/wp\/v2\/woo-feed-brand?post=16679"}],"curies":[{"name":"wp","href":"https:\/\/api.w.org\/{rel}","templated":true}]}}