{"id":16683,"date":"2024-01-17T10:42:27","date_gmt":"2024-01-17T08:42:27","guid":{"rendered":"https:\/\/bubliq.com\/?post_type=product&#038;p=16683"},"modified":"2025-12-03T07:35:34","modified_gmt":"2025-12-03T05:35:34","slug":"matgraa-bubliq-drink-carbonator-inkl-kulsyrepatron","status":"publish","type":"product","link":"https:\/\/bubliq.com\/da\/vare\/matgraa-bubliq-drink-carbonator-inkl-kulsyrepatron\/","title":{"rendered":"Matgr\u00e5 bubliq drink carbonator inkl. kulsyrepatron"},"content":{"rendered":"\t\t<div data-elementor-type=\"product-post\" data-elementor-id=\"16683\" class=\"elementor elementor-16683\" data-elementor-post-type=\"product\">\n\t\t\t\t<div class=\"elementor-element elementor-element-214281c e-flex e-con-boxed e-con e-parent\" data-id=\"214281c\" data-element_type=\"container\" data-e-type=\"container\">\n\t\t\t\t\t<div class=\"e-con-inner\">\n\t\t<div class=\"elementor-element elementor-element-61247df e-con-full e-flex e-con e-child\" data-id=\"61247df\" data-element_type=\"container\" data-e-type=\"container\">\n\t\t\t\t<div class=\"elementor-element elementor-element-f09f014 elementor-widget elementor-widget-n-accordion\" data-id=\"f09f014\" data-element_type=\"widget\" data-e-type=\"widget\" data-settings=\"{&quot;default_state&quot;:&quot;expanded&quot;,&quot;max_items_expended&quot;:&quot;one&quot;,&quot;n_accordion_animation_duration&quot;:{&quot;unit&quot;:&quot;ms&quot;,&quot;size&quot;:400,&quot;sizes&quot;:[]}}\" data-widget_type=\"nested-accordion.default\">\n\t\t\t\t<div class=\"elementor-widget-container\">\n\t\t\t\t\t\t\t<div class=\"e-n-accordion\" aria-label=\"Accordion. Open links with Enter or Space, close with Escape, and navigate with Arrow Keys\">\n\t\t\t\t\t\t<details id=\"e-n-accordion-item-2520\" class=\"e-n-accordion-item\" open>\n\t\t\t\t<summary class=\"e-n-accordion-item-title\" data-accordion-index=\"1\" tabindex=\"0\" aria-expanded=\"true\" aria-controls=\"e-n-accordion-item-2520\" >\n\t\t\t\t\t<span class='e-n-accordion-item-title-header'><div class=\"e-n-accordion-item-title-text\"> Beskrivelse <\/div><\/span>\n\t\t\t\t\t\t\t<span class='e-n-accordion-item-title-icon'>\n\t\t\t<span class='e-opened' ><i aria-hidden=\"true\" class=\"fas fa-minus\"><\/i><\/span>\n\t\t\t<span class='e-closed'><i aria-hidden=\"true\" class=\"fas fa-plus\"><\/i><\/span>\n\t\t<\/span>\n\n\t\t\t\t\t\t<\/summary>\n\t\t\t\t<div role=\"region\" aria-labelledby=\"e-n-accordion-item-2520\" class=\"elementor-element elementor-element-b462252 e-con-full e-flex e-con e-child\" data-id=\"b462252\" data-element_type=\"container\" data-e-type=\"container\">\n\t\t\t\t<div class=\"elementor-element elementor-element-b701644 elementor-widget elementor-widget-text-editor\" data-id=\"b701644\" data-element_type=\"widget\" data-e-type=\"widget\" data-widget_type=\"text-editor.default\">\n\t\t\t\t<div class=\"elementor-widget-container\">\n\t\t\t\t\t\t\t\t\t<p style=\"font-weight: 400;\"><strong>Tidl\u00f8s minimalisme<br \/><\/strong>Den matgr\u00e5 bubliq drink carbonator har et tidl\u00f8st, minimalistisk udtryk, der pryder k\u00f8kkenindretningen i dag og mange \u00e5r frem. Det slanke, sofistikeret design, med en bredde p\u00e5 bare 8 cm. g\u00f8r den til et oplagt valg for den kr\u00e6sne minimalist.<\/p><p style=\"font-weight: 400;\"><strong>Nem i brug<br \/><\/strong>Med den banebrydende, patenterede Air-Charge\u2122 teknologi, tils\u00e6tter du nu nemt og ubesv\u00e6ret brus i dine drikke. S\u00e6t l\u00e5get p\u00e5 flasken, plac\u00e9r flasken p\u00e5 standen, og tryk p\u00e5 toppen et par gange for at tils\u00e6tte brus. Det er slut med at skrue store besv\u00e6rlige flasker p\u00e5 plads, som i de gamle sodavandsmaskiner.<\/p><p style=\"font-weight: 400;\"><strong>Mere end danskvand<br \/><\/strong>Med bubliqs unikke teknologi, kan du nu med lethed tilf\u00f8re brus til alle drikke \u2013 f.eks. lemonade, vin og drikke med frugt og gr\u00f8nt. Med Air-Charge\u2122 teknologien er du nu ikke l\u00e6ngere begr\u00e6nset til kun danskvand. Med bubliq, venter en verden af brusende drikkeoplevelser.<\/p>\t\t\t\t\t\t\t\t<\/div>\n\t\t\t\t<\/div>\n\t\t\t\t<\/div>\n\t\t\t\t\t<\/details>\n\t\t\t\t\t\t<details id=\"e-n-accordion-item-2521\" class=\"e-n-accordion-item\" >\n\t\t\t\t<summary class=\"e-n-accordion-item-title\" data-accordion-index=\"2\" tabindex=\"-1\" aria-expanded=\"false\" aria-controls=\"e-n-accordion-item-2521\" >\n\t\t\t\t\t<span class='e-n-accordion-item-title-header'><div class=\"e-n-accordion-item-title-text\"> Dimensioner &amp; Materiale <\/div><\/span>\n\t\t\t\t\t\t\t<span class='e-n-accordion-item-title-icon'>\n\t\t\t<span class='e-opened' ><i aria-hidden=\"true\" class=\"fas fa-minus\"><\/i><\/span>\n\t\t\t<span class='e-closed'><i aria-hidden=\"true\" class=\"fas fa-plus\"><\/i><\/span>\n\t\t<\/span>\n\n\t\t\t\t\t\t<\/summary>\n\t\t\t\t<div role=\"region\" aria-labelledby=\"e-n-accordion-item-2521\" class=\"elementor-element elementor-element-f932ecc e-con-full e-flex e-con e-child\" data-id=\"f932ecc\" data-element_type=\"container\" data-e-type=\"container\">\n\t\t\t\t<div class=\"elementor-element elementor-element-c842bad elementor-widget elementor-widget-text-editor\" data-id=\"c842bad\" data-element_type=\"widget\" data-e-type=\"widget\" data-widget_type=\"text-editor.default\">\n\t\t\t\t<div class=\"elementor-widget-container\">\n\t\t\t\t\t\t\t\t\t<p><strong>Maskine<br \/><\/strong>Materiale: ABS<strong><br \/><\/strong>M\u00e5l: 42,5 x 8 x 16,5 cm (h\u00f8jde x bredde x dybde)<br \/>V\u00e6gt. ekskl. kuslyrepatron: 0,8 kg.<\/p><p><strong>Flaske<br \/><\/strong>Materiale: PET, 100% BPA-fri<strong><br \/><\/strong>M\u00e5l: 37,2 x 6,8 cm (h\u00f8jde x diameter)<\/p>\t\t\t\t\t\t\t\t<\/div>\n\t\t\t\t<\/div>\n\t\t\t\t<\/div>\n\t\t\t\t\t<\/details>\n\t\t\t\t\t\t<details id=\"e-n-accordion-item-2522\" class=\"e-n-accordion-item\" >\n\t\t\t\t<summary class=\"e-n-accordion-item-title\" data-accordion-index=\"3\" tabindex=\"-1\" aria-expanded=\"false\" aria-controls=\"e-n-accordion-item-2522\" >\n\t\t\t\t\t<span class='e-n-accordion-item-title-header'><div class=\"e-n-accordion-item-title-text\"> Kompatible kulsyrepatroner <\/div><\/span>\n\t\t\t\t\t\t\t<span class='e-n-accordion-item-title-icon'>\n\t\t\t<span class='e-opened' ><i aria-hidden=\"true\" class=\"fas fa-minus\"><\/i><\/span>\n\t\t\t<span class='e-closed'><i aria-hidden=\"true\" class=\"fas fa-plus\"><\/i><\/span>\n\t\t<\/span>\n\n\t\t\t\t\t\t<\/summary>\n\t\t\t\t<div role=\"region\" aria-labelledby=\"e-n-accordion-item-2522\" class=\"elementor-element elementor-element-7abde0b e-con-full e-flex e-con e-child\" data-id=\"7abde0b\" data-element_type=\"container\" data-e-type=\"container\">\n\t\t\t\t<div class=\"elementor-element elementor-element-0999dbf elementor-widget elementor-widget-text-editor\" data-id=\"0999dbf\" data-element_type=\"widget\" data-e-type=\"widget\" data-widget_type=\"text-editor.default\">\n\t\t\t\t<div class=\"elementor-widget-container\">\n\t\t\t\t\t\t\t\t\t<p>bubliq drink carbonator er kompatibel med alle 425-450 g kulsyrepatroner med skruegevind fra f.eks. bubliq, Nordic Soda, AGA, og SodaStream (p\u00e5n\u00e6r SodaStream kulsyrepatroner med Quick Connect). I denne pakke medf\u00f8lger en ny 450 g kulsyrepatron fra bubliq.\u00a0<\/p>\t\t\t\t\t\t\t\t<\/div>\n\t\t\t\t<\/div>\n\t\t\t\t<\/div>\n\t\t\t\t\t<\/details>\n\t\t\t\t\t\t<details id=\"e-n-accordion-item-2523\" class=\"e-n-accordion-item\" >\n\t\t\t\t<summary class=\"e-n-accordion-item-title\" data-accordion-index=\"4\" tabindex=\"-1\" aria-expanded=\"false\" aria-controls=\"e-n-accordion-item-2523\" >\n\t\t\t\t\t<span class='e-n-accordion-item-title-header'><div class=\"e-n-accordion-item-title-text\"> Ombytning kulsyrepatroner <\/div><\/span>\n\t\t\t\t\t\t\t<span class='e-n-accordion-item-title-icon'>\n\t\t\t<span class='e-opened' ><i aria-hidden=\"true\" class=\"fas fa-minus\"><\/i><\/span>\n\t\t\t<span class='e-closed'><i aria-hidden=\"true\" class=\"fas fa-plus\"><\/i><\/span>\n\t\t<\/span>\n\n\t\t\t\t\t\t<\/summary>\n\t\t\t\t<div role=\"region\" aria-labelledby=\"e-n-accordion-item-2523\" class=\"elementor-element elementor-element-ad25ad0 e-flex e-con-boxed e-con e-child\" data-id=\"ad25ad0\" data-element_type=\"container\" data-e-type=\"container\">\n\t\t\t\t\t<div class=\"e-con-inner\">\n\t\t\t\t<div class=\"elementor-element elementor-element-a7b49eb elementor-widget elementor-widget-text-editor\" data-id=\"a7b49eb\" data-element_type=\"widget\" data-e-type=\"widget\" data-widget_type=\"text-editor.default\">\n\t\t\t\t<div class=\"elementor-widget-container\">\n\t\t\t\t\t\t\t\t\t<p><strong>Online ombytning<\/strong><br \/>Du kan ombytte dine tomme bubliq kulsyrepatroner i vores online ombytningsservice. Bem\u00e6rk venligst, at du kun kan ombytte 3 eller 6 patroner i vores online ombytningsservice. Klik her for at g\u00e5 til siden for ombytning.\u00a0<br \/><strong><br \/>Byt til andre m\u00e6rker<br \/><\/strong>Da alle 425-450 g kulsyrepatroner p\u00e5 markedet er universelle, kan du ogs\u00e5 bytte din kulsyrepatron til andre m\u00e6rker, f.eks. Nordic Soda. Vi anbefaler dog, at du tjekker med den p\u00e5g\u00e6ldende leverand\u00f8r, om de tager i mod andre m\u00e6rker.\u00a0<\/p>\t\t\t\t\t\t\t\t<\/div>\n\t\t\t\t<\/div>\n\t\t\t\t\t<\/div>\n\t\t\t\t<\/div>\n\t\t\t\t\t<\/details>\n\t\t\t\t\t\t<details id=\"e-n-accordion-item-2524\" class=\"e-n-accordion-item\" >\n\t\t\t\t<summary class=\"e-n-accordion-item-title\" data-accordion-index=\"5\" tabindex=\"-1\" aria-expanded=\"false\" aria-controls=\"e-n-accordion-item-2524\" >\n\t\t\t\t\t<span class='e-n-accordion-item-title-header'><div class=\"e-n-accordion-item-title-text\"> Reng\u00f8ring og vedligeholdelse <\/div><\/span>\n\t\t\t\t\t\t\t<span class='e-n-accordion-item-title-icon'>\n\t\t\t<span class='e-opened' ><i aria-hidden=\"true\" class=\"fas fa-minus\"><\/i><\/span>\n\t\t\t<span class='e-closed'><i aria-hidden=\"true\" class=\"fas fa-plus\"><\/i><\/span>\n\t\t<\/span>\n\n\t\t\t\t\t\t<\/summary>\n\t\t\t\t<div role=\"region\" aria-labelledby=\"e-n-accordion-item-2524\" class=\"elementor-element elementor-element-6e9af27 e-flex e-con-boxed e-con e-child\" data-id=\"6e9af27\" data-element_type=\"container\" data-e-type=\"container\">\n\t\t\t\t\t<div class=\"e-con-inner\">\n\t\t\t\t<div class=\"elementor-element elementor-element-e08da1f elementor-widget elementor-widget-text-editor\" data-id=\"e08da1f\" data-element_type=\"widget\" data-e-type=\"widget\" data-widget_type=\"text-editor.default\">\n\t\t\t\t<div class=\"elementor-widget-container\">\n\t\t\t\t\t\t\t\t\t<p style=\"text-align: left;\"><strong>Maskine<\/strong><br \/>Reng\u00f8r maskinen med en fugtig klud med mildt opvaskemiddel.<br \/><strong><br \/>PET Flaske<br \/><\/strong>Flasken vaskes i h\u00e5nden med mildt opvaskemiddel. Flasken m\u00e5 ikke uds\u00e6ttes for temperaturer under 4\u00b0C eller over 40\u00b0C. Flasken t\u00e5ler <strong>ikke<\/strong> opvaskemaskine.<\/p><p><strong>Kulsyrer\u00f8r<\/strong><br \/>Kulsyrer\u00f8ret er monteret i l\u00e5get, og kan derfor let reng\u00f8res. Ved at holde kulsyrer\u00f8ret rent, sikrer du at hygiejnen altid er i top. S\u00e6tter du kulsyre til andre v\u00e6sker end vand, skal kulsyrer\u00f8ret altid reng\u00f8res, s\u00e5 sukker og andre tils\u00e6tningsstoffer ikke tilstopper ventilen. Kulsyrer\u00f8ret reng\u00f8res med varmt vand og mildt opvaskemiddel. Kulsyrer\u00f8ret t\u00e5ler <strong>ikke<\/strong> opvaskemaskine.<\/p>\t\t\t\t\t\t\t\t<\/div>\n\t\t\t\t<\/div>\n\t\t\t\t\t<\/div>\n\t\t\t\t<\/div>\n\t\t\t\t\t<\/details>\n\t\t\t\t\t\t<details id=\"e-n-accordion-item-2525\" class=\"e-n-accordion-item\" >\n\t\t\t\t<summary class=\"e-n-accordion-item-title\" data-accordion-index=\"6\" tabindex=\"-1\" aria-expanded=\"false\" aria-controls=\"e-n-accordion-item-2525\" >\n\t\t\t\t\t<span class='e-n-accordion-item-title-header'><div class=\"e-n-accordion-item-title-text\"> Reservedele <\/div><\/span>\n\t\t\t\t\t\t\t<span class='e-n-accordion-item-title-icon'>\n\t\t\t<span class='e-opened' ><i aria-hidden=\"true\" class=\"fas fa-minus\"><\/i><\/span>\n\t\t\t<span class='e-closed'><i aria-hidden=\"true\" class=\"fas fa-plus\"><\/i><\/span>\n\t\t<\/span>\n\n\t\t\t\t\t\t<\/summary>\n\t\t\t\t<div role=\"region\" aria-labelledby=\"e-n-accordion-item-2525\" class=\"elementor-element elementor-element-ee49deb e-flex e-con-boxed e-con e-child\" data-id=\"ee49deb\" data-element_type=\"container\" data-e-type=\"container\">\n\t\t\t\t\t<div class=\"e-con-inner\">\n\t\t\t\t<div class=\"elementor-element elementor-element-31d1709 elementor-widget elementor-widget-text-editor\" data-id=\"31d1709\" data-element_type=\"widget\" data-e-type=\"widget\" data-widget_type=\"text-editor.default\">\n\t\t\t\t<div class=\"elementor-widget-container\">\n\t\t\t\t\t\t\t\t\t<p>Har du brug for et ekstra kulsyrer\u00f8r til din bubliq sodavandsmaskine?<\/p><p><a href=\"https:\/\/bubliq.com\/vare\/infuser-cap\/\">Kulsyrer\u00f8r &#8211; klik her<\/a><\/p>\t\t\t\t\t\t\t\t<\/div>\n\t\t\t\t<\/div>\n\t\t\t\t\t<\/div>\n\t\t\t\t<\/div>\n\t\t\t\t\t<\/details>\n\t\t\t\t\t\t<details id=\"e-n-accordion-item-2526\" class=\"e-n-accordion-item\" >\n\t\t\t\t<summary class=\"e-n-accordion-item-title\" data-accordion-index=\"7\" tabindex=\"-1\" aria-expanded=\"false\" aria-controls=\"e-n-accordion-item-2526\" >\n\t\t\t\t\t<span class='e-n-accordion-item-title-header'><div class=\"e-n-accordion-item-title-text\"> Manual <\/div><\/span>\n\t\t\t\t\t\t\t<span class='e-n-accordion-item-title-icon'>\n\t\t\t<span class='e-opened' ><i aria-hidden=\"true\" class=\"fas fa-minus\"><\/i><\/span>\n\t\t\t<span class='e-closed'><i aria-hidden=\"true\" class=\"fas fa-plus\"><\/i><\/span>\n\t\t<\/span>\n\n\t\t\t\t\t\t<\/summary>\n\t\t\t\t<div role=\"region\" aria-labelledby=\"e-n-accordion-item-2526\" class=\"elementor-element elementor-element-dfffbb7 e-flex e-con-boxed e-con e-child\" data-id=\"dfffbb7\" data-element_type=\"container\" data-e-type=\"container\">\n\t\t\t\t\t<div class=\"e-con-inner\">\n\t\t\t\t<div class=\"elementor-element elementor-element-9a176db elementor-widget elementor-widget-text-editor\" data-id=\"9a176db\" data-element_type=\"widget\" data-e-type=\"widget\" data-widget_type=\"text-editor.default\">\n\t\t\t\t<div class=\"elementor-widget-container\">\n\t\t\t\t\t\t\t\t\t<p>Du finder manulen til bubliq drink carbonator <a href=\"https:\/\/bubliq.com\/wp-content\/uploads\/2025\/07\/User-Manual-bubliq-drink-carbonator-2025-Web.pdf\" target=\"_blank\" rel=\"noopener\">her.<\/a><\/p>\t\t\t\t\t\t\t\t<\/div>\n\t\t\t\t<\/div>\n\t\t\t\t\t<\/div>\n\t\t\t\t<\/div>\n\t\t\t\t\t<\/details>\n\t\t\t\t\t<\/div>\n\t\t\t\t\t\t<\/div>\n\t\t\t\t<\/div>\n\t\t\t\t<\/div>\n\t\t\t\t\t<\/div>\n\t\t\t\t<\/div>\n\t\t\t\t<\/div>\n\t\t","protected":false},"excerpt":{"rendered":"<p><strong>En ny \u00e6ra af kulsyremaskiner<br \/>\n<\/strong>Den matgr\u00e5 bubliq drink carbonator har en varm gr\u00e5 nuance, der med en selvsikker elegance vil pryde ethvert k\u00f8kkenbord. Maskinen er med 8 cm i bredden, et \u00e6stetisk k\u00f8kkenapparat, der med sit slanke design vil komplementere k\u00f8kkenindretningen \u2013 i dag og mange \u00e5r frem. Med den innovative og patenterede Air-Charge\u2122-teknologi laver du nemt og hurtigt danskvand og andre brusende forfriskninger \u2013 selv dem med frugt og gr\u00f8nt.<\/p>\n","protected":false},"featured_media":17456,"template":"","meta":[],"product_brand":[],"product_cat":[31],"product_tag":[21,20],"woo-feed-brand":[],"class_list":{"0":"post-16683","1":"product","2":"type-product","3":"status-publish","4":"has-post-thumbnail","6":"product_cat-sodavandsmaskiner","7":"product_tag-danskvandsmaskine","8":"product_tag-sodavandsmaskine","10":"first","11":"instock","12":"taxable","13":"shipping-taxable","14":"purchasable","15":"product-type-simple"},"_links":{"self":[{"href":"https:\/\/bubliq.com\/da\/wp-json\/wp\/v2\/product\/16683","targetHints":{"allow":["GET"]}}],"collection":[{"href":"https:\/\/bubliq.com\/da\/wp-json\/wp\/v2\/product"}],"about":[{"href":"https:\/\/bubliq.com\/da\/wp-json\/wp\/v2\/types\/product"}],"version-history":[{"count":98,"href":"https:\/\/bubliq.com\/da\/wp-json\/wp\/v2\/product\/16683\/revisions"}],"predecessor-version":[{"id":24702,"href":"https:\/\/bubliq.com\/da\/wp-json\/wp\/v2\/product\/16683\/revisions\/24702"}],"wp:featuredmedia":[{"embeddable":true,"href":"https:\/\/bubliq.com\/da\/wp-json\/wp\/v2\/media\/17456"}],"wp:attachment":[{"href":"https:\/\/bubliq.com\/da\/wp-json\/wp\/v2\/media?parent=16683"}],"wp:term":[{"taxonomy":"product_brand","embeddable":true,"href":"https:\/\/bubliq.com\/da\/wp-json\/wp\/v2\/product_brand?post=16683"},{"taxonomy":"product_cat","embeddable":true,"href":"https:\/\/bubliq.com\/da\/wp-json\/wp\/v2\/product_cat?post=16683"},{"taxonomy":"product_tag","embeddable":true,"href":"https:\/\/bubliq.com\/da\/wp-json\/wp\/v2\/product_tag?post=16683"},{"taxonomy":"woo-feed-brand","embeddable":true,"href":"https:\/\/bubliq.com\/da\/wp-json\/wp\/v2\/woo-feed-brand?post=16683"}],"curies":[{"name":"wp","href":"https:\/\/api.w.org\/{rel}","templated":true}]}}