{"id":16696,"date":"2024-01-17T11:03:14","date_gmt":"2024-01-17T09:03:14","guid":{"rendered":"https:\/\/bubliq.com\/?post_type=product&#038;p=16696"},"modified":"2025-10-16T13:42:56","modified_gmt":"2025-10-16T11:42:56","slug":"beige-flaske-til-bubliq-drink-carbonator","status":"publish","type":"product","link":"https:\/\/bubliq.com\/da\/vare\/beige-flaske-til-bubliq-drink-carbonator\/","title":{"rendered":"Beige flaske til bubliq drink carbonator"},"content":{"rendered":"\t\t<div data-elementor-type=\"product-post\" data-elementor-id=\"16696\" class=\"elementor elementor-16696\" data-elementor-post-type=\"product\">\n\t\t\t\t<div class=\"elementor-element elementor-element-2ac9a36 e-con-full e-flex e-con e-child\" data-id=\"2ac9a36\" data-element_type=\"container\" data-e-type=\"container\">\n\t\t<div class=\"elementor-element elementor-element-59f5197 e-con-full e-flex e-con e-child\" data-id=\"59f5197\" data-element_type=\"container\" data-e-type=\"container\">\n\t\t\t\t<div class=\"elementor-element elementor-element-5a84a15 elementor-widget elementor-widget-n-accordion\" data-id=\"5a84a15\" data-element_type=\"widget\" data-e-type=\"widget\" data-settings=\"{&quot;default_state&quot;:&quot;expanded&quot;,&quot;max_items_expended&quot;:&quot;one&quot;,&quot;n_accordion_animation_duration&quot;:{&quot;unit&quot;:&quot;ms&quot;,&quot;size&quot;:400,&quot;sizes&quot;:[]}}\" data-widget_type=\"nested-accordion.default\">\n\t\t\t\t<div class=\"elementor-widget-container\">\n\t\t\t\t\t\t\t<div class=\"e-n-accordion\" aria-label=\"Accordion. Open links with Enter or Space, close with Escape, and navigate with Arrow Keys\">\n\t\t\t\t\t\t<details id=\"e-n-accordion-item-9490\" class=\"e-n-accordion-item\" open>\n\t\t\t\t<summary class=\"e-n-accordion-item-title\" data-accordion-index=\"1\" tabindex=\"0\" aria-expanded=\"true\" aria-controls=\"e-n-accordion-item-9490\" >\n\t\t\t\t\t<span class='e-n-accordion-item-title-header'><div class=\"e-n-accordion-item-title-text\"> Beskrivelse <\/div><\/span>\n\t\t\t\t\t\t\t<span class='e-n-accordion-item-title-icon'>\n\t\t\t<span class='e-opened' ><i aria-hidden=\"true\" class=\"fas fa-minus\"><\/i><\/span>\n\t\t\t<span class='e-closed'><i aria-hidden=\"true\" class=\"fas fa-plus\"><\/i><\/span>\n\t\t<\/span>\n\n\t\t\t\t\t\t<\/summary>\n\t\t\t\t<div role=\"region\" aria-labelledby=\"e-n-accordion-item-9490\" class=\"elementor-element elementor-element-0aa54c0 e-con-full e-flex e-con e-child\" data-id=\"0aa54c0\" data-element_type=\"container\" data-e-type=\"container\">\n\t\t\t\t<div class=\"elementor-element elementor-element-74833a2 elementor-widget elementor-widget-text-editor\" data-id=\"74833a2\" data-element_type=\"widget\" data-e-type=\"widget\" data-widget_type=\"text-editor.default\">\n\t\t\t\t<div class=\"elementor-widget-container\">\n\t\t\t\t\t\t\t\t\t<p>Ekstra flaske til bubliq drink carbonator. Vil du undg\u00e5 at l\u00f8be t\u00f8r for din yndlingsdrik? S\u00e5 er en ekstra flaske rar at have ved h\u00e5nden. Flasken kan indeholde 800 ml., og er ideel til at have liggende p\u00e5 k\u00f8l, klar til karbonering. Vi anbefaler i \u00f8vrigt altid at afk\u00f8le dine drikkevarer f\u00f8r de tils\u00e6ttes kulsyre, da det vil forbedre kulsyreoptagelsen.<\/p><p>Flasken har en udl\u00f8bsdato p\u00e5 3 \u00e5r. Udl\u00f8bsdatoen starter fra den dag flasken tages i brug, og er derfor ikke p\u00e5trykt flasken. Vi anbefaler at gemme kvitteringen, s\u00e5 ibrugtagningstidspunktet nemmere kan konstateres. F\u00f8les flasken h\u00e5rd, misfarvet eller deform, skal flasken udskiftes med det samme.<\/p>\t\t\t\t\t\t\t\t<\/div>\n\t\t\t\t<\/div>\n\t\t\t\t<\/div>\n\t\t\t\t\t<\/details>\n\t\t\t\t\t\t<details id=\"e-n-accordion-item-9491\" class=\"e-n-accordion-item\" >\n\t\t\t\t<summary class=\"e-n-accordion-item-title\" data-accordion-index=\"2\" tabindex=\"-1\" aria-expanded=\"false\" aria-controls=\"e-n-accordion-item-9491\" >\n\t\t\t\t\t<span class='e-n-accordion-item-title-header'><div class=\"e-n-accordion-item-title-text\"> Dimensioner &amp; Materiale <\/div><\/span>\n\t\t\t\t\t\t\t<span class='e-n-accordion-item-title-icon'>\n\t\t\t<span class='e-opened' ><i aria-hidden=\"true\" class=\"fas fa-minus\"><\/i><\/span>\n\t\t\t<span class='e-closed'><i aria-hidden=\"true\" class=\"fas fa-plus\"><\/i><\/span>\n\t\t<\/span>\n\n\t\t\t\t\t\t<\/summary>\n\t\t\t\t<div role=\"region\" aria-labelledby=\"e-n-accordion-item-9491\" class=\"elementor-element elementor-element-b3380d6 e-flex e-con-boxed e-con e-child\" data-id=\"b3380d6\" data-element_type=\"container\" data-e-type=\"container\">\n\t\t\t\t\t<div class=\"e-con-inner\">\n\t\t\t\t<div class=\"elementor-element elementor-element-ba1555c elementor-widget elementor-widget-text-editor\" data-id=\"ba1555c\" data-element_type=\"widget\" data-e-type=\"widget\" data-widget_type=\"text-editor.default\">\n\t\t\t\t<div class=\"elementor-widget-container\">\n\t\t\t\t\t\t\t\t\t<p style=\"text-align: left;\">Materiale: PET, 100% BPA-fri<br \/>Kapacitet: 800 ml.<br \/>M\u00e5l inkl. l\u00e5g: \u00a0<br \/>H: 37,2 cm <br \/>\u00d8: 6,8 cm<\/p>\t\t\t\t\t\t\t\t<\/div>\n\t\t\t\t<\/div>\n\t\t\t\t\t<\/div>\n\t\t\t\t<\/div>\n\t\t\t\t\t<\/details>\n\t\t\t\t\t\t<details id=\"e-n-accordion-item-9492\" class=\"e-n-accordion-item\" >\n\t\t\t\t<summary class=\"e-n-accordion-item-title\" data-accordion-index=\"3\" tabindex=\"-1\" aria-expanded=\"false\" aria-controls=\"e-n-accordion-item-9492\" >\n\t\t\t\t\t<span class='e-n-accordion-item-title-header'><div class=\"e-n-accordion-item-title-text\"> Reng\u00f8ring og vedligeholdelse <\/div><\/span>\n\t\t\t\t\t\t\t<span class='e-n-accordion-item-title-icon'>\n\t\t\t<span class='e-opened' ><i aria-hidden=\"true\" class=\"fas fa-minus\"><\/i><\/span>\n\t\t\t<span class='e-closed'><i aria-hidden=\"true\" class=\"fas fa-plus\"><\/i><\/span>\n\t\t<\/span>\n\n\t\t\t\t\t\t<\/summary>\n\t\t\t\t<div role=\"region\" aria-labelledby=\"e-n-accordion-item-9492\" class=\"elementor-element elementor-element-512541f e-flex e-con-boxed e-con e-child\" data-id=\"512541f\" data-element_type=\"container\" data-e-type=\"container\">\n\t\t\t\t\t<div class=\"e-con-inner\">\n\t\t\t\t<div class=\"elementor-element elementor-element-e3a3952 elementor-widget elementor-widget-text-editor\" data-id=\"e3a3952\" data-element_type=\"widget\" data-e-type=\"widget\" data-widget_type=\"text-editor.default\">\n\t\t\t\t<div class=\"elementor-widget-container\">\n\t\t\t\t\t\t\t\t\t<p>Flasken vaskes i h\u00e5nden med mildt opvaskemiddel. \u00d8nskes en grundig reng\u00f8ring, kan en flaskeb\u00f8rste med fordel benyttes. Flasken m\u00e5 ikke uds\u00e6ttes for temperaturer under 4\u00b0C eller over 40\u00b0C. Flasken t\u00e5ler <strong>ikke<\/strong> opvaskemaskine.<\/p>\t\t\t\t\t\t\t\t<\/div>\n\t\t\t\t<\/div>\n\t\t\t\t\t<\/div>\n\t\t\t\t<\/div>\n\t\t\t\t\t<\/details>\n\t\t\t\t\t<\/div>\n\t\t\t\t\t\t<\/div>\n\t\t\t\t<\/div>\n\t\t\t\t<\/div>\n\t\t\t\t<\/div>\n\t\t\t\t<\/div>\n\t\t","protected":false},"excerpt":{"rendered":"<p>Mangler du en ekstra flaske til din bubliq drink carbonator? Flasken kan indeholde 800 ml. af din yndlingsdrik, og er rar at have i bagh\u00e5nden, skulle du l\u00f8be t\u00f8r. Den er ideel til at have liggende p\u00e5 k\u00f8l, klar til karbonering. Flasken er udf\u00f8rt i plast, og er 100% fri for BPA, phthalater, samt anden skadelig kemi. Med flasken medf\u00f8lger et alm. l\u00e5g.<\/p>\n","protected":false},"featured_media":17450,"template":"","meta":[],"product_brand":[],"product_cat":[117],"product_tag":[],"woo-feed-brand":[],"class_list":{"0":"post-16696","1":"product","2":"type-product","3":"status-publish","4":"has-post-thumbnail","6":"product_cat-tilbehoer","8":"first","9":"instock","10":"taxable","11":"shipping-taxable","12":"purchasable","13":"product-type-simple"},"_links":{"self":[{"href":"https:\/\/bubliq.com\/da\/wp-json\/wp\/v2\/product\/16696","targetHints":{"allow":["GET"]}}],"collection":[{"href":"https:\/\/bubliq.com\/da\/wp-json\/wp\/v2\/product"}],"about":[{"href":"https:\/\/bubliq.com\/da\/wp-json\/wp\/v2\/types\/product"}],"version-history":[{"count":34,"href":"https:\/\/bubliq.com\/da\/wp-json\/wp\/v2\/product\/16696\/revisions"}],"predecessor-version":[{"id":23153,"href":"https:\/\/bubliq.com\/da\/wp-json\/wp\/v2\/product\/16696\/revisions\/23153"}],"wp:featuredmedia":[{"embeddable":true,"href":"https:\/\/bubliq.com\/da\/wp-json\/wp\/v2\/media\/17450"}],"wp:attachment":[{"href":"https:\/\/bubliq.com\/da\/wp-json\/wp\/v2\/media?parent=16696"}],"wp:term":[{"taxonomy":"product_brand","embeddable":true,"href":"https:\/\/bubliq.com\/da\/wp-json\/wp\/v2\/product_brand?post=16696"},{"taxonomy":"product_cat","embeddable":true,"href":"https:\/\/bubliq.com\/da\/wp-json\/wp\/v2\/product_cat?post=16696"},{"taxonomy":"product_tag","embeddable":true,"href":"https:\/\/bubliq.com\/da\/wp-json\/wp\/v2\/product_tag?post=16696"},{"taxonomy":"woo-feed-brand","embeddable":true,"href":"https:\/\/bubliq.com\/da\/wp-json\/wp\/v2\/woo-feed-brand?post=16696"}],"curies":[{"name":"wp","href":"https:\/\/api.w.org\/{rel}","templated":true}]}}