{"id":18582,"date":"2024-03-19T14:58:50","date_gmt":"2024-03-19T12:58:50","guid":{"rendered":"https:\/\/bubliq.com\/?post_type=product&#038;p=18582"},"modified":"2026-04-08T09:43:05","modified_gmt":"2026-04-08T07:43:05","slug":"ombytning-3-x-kulsyrepatroner-450-g","status":"publish","type":"product","link":"https:\/\/bubliq.com\/da\/vare\/ombytning-3-x-kulsyrepatroner-450-g\/","title":{"rendered":"Ombytning 3 x kulsyrepatroner 450 g"},"content":{"rendered":"\t\t<div data-elementor-type=\"product-post\" data-elementor-id=\"18582\" class=\"elementor elementor-18582\" data-elementor-post-type=\"product\">\n\t\t\t\t<div class=\"elementor-element elementor-element-0fb10e9 e-con-full e-flex e-con e-child\" data-id=\"0fb10e9\" data-element_type=\"container\" data-e-type=\"container\">\n\t\t<div class=\"elementor-element elementor-element-c690b08 e-con-full e-flex e-con e-child\" data-id=\"c690b08\" data-element_type=\"container\" data-e-type=\"container\">\n\t\t\t\t<div class=\"elementor-element elementor-element-8eba57a elementor-widget elementor-widget-n-accordion\" data-id=\"8eba57a\" data-element_type=\"widget\" data-e-type=\"widget\" data-settings=\"{&quot;default_state&quot;:&quot;expanded&quot;,&quot;max_items_expended&quot;:&quot;one&quot;,&quot;n_accordion_animation_duration&quot;:{&quot;unit&quot;:&quot;ms&quot;,&quot;size&quot;:400,&quot;sizes&quot;:[]}}\" data-widget_type=\"nested-accordion.default\">\n\t\t\t\t<div class=\"elementor-widget-container\">\n\t\t\t\t\t\t\t<div class=\"e-n-accordion\" aria-label=\"Accordion. Open links with Enter or Space, close with Escape, and navigate with Arrow Keys\">\n\t\t\t\t\t\t<details id=\"e-n-accordion-item-1490\" class=\"e-n-accordion-item\" open>\n\t\t\t\t<summary class=\"e-n-accordion-item-title\" data-accordion-index=\"1\" tabindex=\"0\" aria-expanded=\"true\" aria-controls=\"e-n-accordion-item-1490\" >\n\t\t\t\t\t<span class='e-n-accordion-item-title-header'><div class=\"e-n-accordion-item-title-text\"> Beskrivelse <\/div><\/span>\n\t\t\t\t\t\t\t<span class='e-n-accordion-item-title-icon'>\n\t\t\t<span class='e-opened' ><i aria-hidden=\"true\" class=\"fas fa-minus\"><\/i><\/span>\n\t\t\t<span class='e-closed'><i aria-hidden=\"true\" class=\"fas fa-plus\"><\/i><\/span>\n\t\t<\/span>\n\n\t\t\t\t\t\t<\/summary>\n\t\t\t\t<div role=\"region\" aria-labelledby=\"e-n-accordion-item-1490\" class=\"elementor-element elementor-element-e9babc5 e-con-full e-flex e-con e-child\" data-id=\"e9babc5\" data-element_type=\"container\" data-e-type=\"container\">\n\t\t<div role=\"region\" aria-labelledby=\"e-n-accordion-item-1490\" class=\"elementor-element elementor-element-ef802db e-con-full e-flex e-con e-child\" data-id=\"ef802db\" data-element_type=\"container\" data-e-type=\"container\">\n\t\t\t\t<div class=\"elementor-element elementor-element-4cedd38 elementor-widget elementor-widget-text-editor\" data-id=\"4cedd38\" data-element_type=\"widget\" data-e-type=\"widget\" data-widget_type=\"text-editor.default\">\n\t\t\t\t<div class=\"elementor-widget-container\">\n\t\t\t\t\t\t\t\t\t<p>I vores ombytningspakke f\u00e5r du 3 x nye bubliq kulsyrepatroner.<\/p><p>For at g\u00f8re brug af ombytningspakken, er det en foruds\u00e6tning, at du har 3 tomme kulsyrepatroner, som du \u00f8nsker at ombytte.<\/p>\t\t\t\t\t\t\t\t<\/div>\n\t\t\t\t<\/div>\n\t\t\t\t<\/div>\n\t\t<div role=\"region\" aria-labelledby=\"e-n-accordion-item-1490\" class=\"elementor-element elementor-element-9ad0b9b e-con-full e-flex e-con e-child\" data-id=\"9ad0b9b\" data-element_type=\"container\" data-e-type=\"container\">\n\t\t\t\t<div class=\"elementor-element elementor-element-10693a7 elementor-widget elementor-widget-heading\" data-id=\"10693a7\" data-element_type=\"widget\" data-e-type=\"widget\" data-widget_type=\"heading.default\">\n\t\t\t\t<div class=\"elementor-widget-container\">\n\t\t\t\t\t<h2 class=\"elementor-heading-title elementor-size-default\">S\u00e5dan g\u00f8r du<\/h2>\t\t\t\t<\/div>\n\t\t\t\t<\/div>\n\t\t\t\t<\/div>\n\t\t<div role=\"region\" aria-labelledby=\"e-n-accordion-item-1490\" class=\"elementor-element elementor-element-42da06b e-con-full e-flex e-con e-child\" data-id=\"42da06b\" data-element_type=\"container\" data-e-type=\"container\">\n\t\t\t\t<div class=\"elementor-element elementor-element-2f6b4a5 elementor-position-top elementor-position-top elementor-widget elementor-widget-image-box\" data-id=\"2f6b4a5\" data-element_type=\"widget\" data-e-type=\"widget\" data-widget_type=\"image-box.default\">\n\t\t\t\t<div class=\"elementor-widget-container\">\n\t\t\t\t\t<div class=\"elementor-image-box-wrapper\"><figure class=\"elementor-image-box-img\"><img fetchpriority=\"high\" decoding=\"async\" width=\"300\" height=\"300\" src=\"https:\/\/bubliq.com\/wp-content\/uploads\/2024\/03\/Kulsyrepatron-ombytning-step-1-billig-kulsyrepatron-ombytningsservice-hos-bubliq-300x300.png\" class=\"attachment-medium size-medium wp-image-26090\" alt=\"\" srcset=\"https:\/\/bubliq.com\/wp-content\/uploads\/2024\/03\/Kulsyrepatron-ombytning-step-1-billig-kulsyrepatron-ombytningsservice-hos-bubliq-300x300.png 300w, https:\/\/bubliq.com\/wp-content\/uploads\/2024\/03\/Kulsyrepatron-ombytning-step-1-billig-kulsyrepatron-ombytningsservice-hos-bubliq-150x150.png 150w, https:\/\/bubliq.com\/wp-content\/uploads\/2024\/03\/Kulsyrepatron-ombytning-step-1-billig-kulsyrepatron-ombytningsservice-hos-bubliq-12x12.png 12w, https:\/\/bubliq.com\/wp-content\/uploads\/2024\/03\/Kulsyrepatron-ombytning-step-1-billig-kulsyrepatron-ombytningsservice-hos-bubliq-328x328.png 328w, https:\/\/bubliq.com\/wp-content\/uploads\/2024\/03\/Kulsyrepatron-ombytning-step-1-billig-kulsyrepatron-ombytningsservice-hos-bubliq-100x100.png 100w, https:\/\/bubliq.com\/wp-content\/uploads\/2024\/03\/Kulsyrepatron-ombytning-step-1-billig-kulsyrepatron-ombytningsservice-hos-bubliq.png 417w\" sizes=\"(max-width: 300px) 100vw, 300px\" \/><\/figure><div class=\"elementor-image-box-content\"><h3 class=\"elementor-image-box-title\">Step 1<\/h3><p class=\"elementor-image-box-description\">Bestil ombytningspakken her p\u00e5 siden.<\/p><\/div><\/div>\t\t\t\t<\/div>\n\t\t\t\t<\/div>\n\t\t\t\t<\/div>\n\t\t<div role=\"region\" aria-labelledby=\"e-n-accordion-item-1490\" class=\"elementor-element elementor-element-9126528 e-con-full e-flex e-con e-child\" data-id=\"9126528\" data-element_type=\"container\" data-e-type=\"container\">\n\t\t\t\t<div class=\"elementor-element elementor-element-630a470 elementor-position-top elementor-widget elementor-widget-image-box\" data-id=\"630a470\" data-element_type=\"widget\" data-e-type=\"widget\" data-widget_type=\"image-box.default\">\n\t\t\t\t<div class=\"elementor-widget-container\">\n\t\t\t\t\t<div class=\"elementor-image-box-wrapper\"><figure class=\"elementor-image-box-img\"><img decoding=\"async\" width=\"300\" height=\"300\" src=\"https:\/\/bubliq.com\/wp-content\/uploads\/2024\/03\/Kulsyrepatron-ombytning-bubliq-ombyt-din-kulsyrepatron-billig-opfyldning-300x300.png\" class=\"attachment-medium size-medium wp-image-26065\" alt=\"kulsyrepatron ombytning er nemt og billigt hos bubliq\" srcset=\"https:\/\/bubliq.com\/wp-content\/uploads\/2024\/03\/Kulsyrepatron-ombytning-bubliq-ombyt-din-kulsyrepatron-billig-opfyldning-300x300.png 300w, https:\/\/bubliq.com\/wp-content\/uploads\/2024\/03\/Kulsyrepatron-ombytning-bubliq-ombyt-din-kulsyrepatron-billig-opfyldning-150x150.png 150w, https:\/\/bubliq.com\/wp-content\/uploads\/2024\/03\/Kulsyrepatron-ombytning-bubliq-ombyt-din-kulsyrepatron-billig-opfyldning-12x12.png 12w, https:\/\/bubliq.com\/wp-content\/uploads\/2024\/03\/Kulsyrepatron-ombytning-bubliq-ombyt-din-kulsyrepatron-billig-opfyldning-328x328.png 328w, https:\/\/bubliq.com\/wp-content\/uploads\/2024\/03\/Kulsyrepatron-ombytning-bubliq-ombyt-din-kulsyrepatron-billig-opfyldning-100x100.png 100w, https:\/\/bubliq.com\/wp-content\/uploads\/2024\/03\/Kulsyrepatron-ombytning-bubliq-ombyt-din-kulsyrepatron-billig-opfyldning.png 418w\" sizes=\"(max-width: 300px) 100vw, 300px\" \/><\/figure><div class=\"elementor-image-box-content\"><h3 class=\"elementor-image-box-title\">Step 2<\/h3><p class=\"elementor-image-box-description\">Efter modtagelsen af dine nye ombytningspatroner, l\u00e6gger du dine tomme kulsyrepatroner tilbage i samme pakke.<\/p><\/div><\/div>\t\t\t\t<\/div>\n\t\t\t\t<\/div>\n\t\t\t\t<\/div>\n\t\t<div role=\"region\" aria-labelledby=\"e-n-accordion-item-1490\" class=\"elementor-element elementor-element-38bc217 e-con-full e-flex e-con e-child\" data-id=\"38bc217\" data-element_type=\"container\" data-e-type=\"container\">\n\t\t\t\t<div class=\"elementor-element elementor-element-cd17ab1 elementor-position-top elementor-widget elementor-widget-image-box\" data-id=\"cd17ab1\" data-element_type=\"widget\" data-e-type=\"widget\" data-widget_type=\"image-box.default\">\n\t\t\t\t<div class=\"elementor-widget-container\">\n\t\t\t\t\t<div class=\"elementor-image-box-wrapper\"><figure class=\"elementor-image-box-img\"><img decoding=\"async\" width=\"300\" height=\"300\" src=\"https:\/\/bubliq.com\/wp-content\/uploads\/2024\/03\/bubliq-kulsyrepatron-ombytning-bubliq-step-3.-send-retur-til-bubliq-300x300.png\" class=\"attachment-medium size-medium wp-image-26098\" alt=\"\" srcset=\"https:\/\/bubliq.com\/wp-content\/uploads\/2024\/03\/bubliq-kulsyrepatron-ombytning-bubliq-step-3.-send-retur-til-bubliq-300x300.png 300w, https:\/\/bubliq.com\/wp-content\/uploads\/2024\/03\/bubliq-kulsyrepatron-ombytning-bubliq-step-3.-send-retur-til-bubliq-150x150.png 150w, https:\/\/bubliq.com\/wp-content\/uploads\/2024\/03\/bubliq-kulsyrepatron-ombytning-bubliq-step-3.-send-retur-til-bubliq-12x12.png 12w, https:\/\/bubliq.com\/wp-content\/uploads\/2024\/03\/bubliq-kulsyrepatron-ombytning-bubliq-step-3.-send-retur-til-bubliq-328x328.png 328w, https:\/\/bubliq.com\/wp-content\/uploads\/2024\/03\/bubliq-kulsyrepatron-ombytning-bubliq-step-3.-send-retur-til-bubliq-100x100.png 100w, https:\/\/bubliq.com\/wp-content\/uploads\/2024\/03\/bubliq-kulsyrepatron-ombytning-bubliq-step-3.-send-retur-til-bubliq.png 418w\" sizes=\"(max-width: 300px) 100vw, 300px\" \/><\/figure><div class=\"elementor-image-box-content\"><h3 class=\"elementor-image-box-title\">Step 3<\/h3><p class=\"elementor-image-box-description\">P\u00e5s\u00e6t den medf\u00f8lgende returlabel p\u00e5 din pakke, og indlev\u00e9r den ved din n\u00e6rmeste pakkeshop.<\/p><\/div><\/div>\t\t\t\t<\/div>\n\t\t\t\t<\/div>\n\t\t\t\t<\/div>\n\t\t<div role=\"region\" aria-labelledby=\"e-n-accordion-item-1490\" class=\"elementor-element elementor-element-08fd032 e-con-full e-flex e-con e-child\" data-id=\"08fd032\" data-element_type=\"container\" data-e-type=\"container\">\n\t\t\t\t<div class=\"elementor-element elementor-element-12185ad elementor-position-top elementor-widget elementor-widget-image-box\" data-id=\"12185ad\" data-element_type=\"widget\" data-e-type=\"widget\" data-widget_type=\"image-box.default\">\n\t\t\t\t<div class=\"elementor-widget-container\">\n\t\t\t\t\t<div class=\"elementor-image-box-wrapper\"><figure class=\"elementor-image-box-img\"><img loading=\"lazy\" decoding=\"async\" width=\"300\" height=\"300\" src=\"https:\/\/bubliq.com\/wp-content\/uploads\/2024\/03\/Kulsyrepatron-ombytning-step-4-returner-inden-14-dage-300x300.png\" class=\"attachment-medium size-medium wp-image-26094\" alt=\"\" srcset=\"https:\/\/bubliq.com\/wp-content\/uploads\/2024\/03\/Kulsyrepatron-ombytning-step-4-returner-inden-14-dage-300x300.png 300w, https:\/\/bubliq.com\/wp-content\/uploads\/2024\/03\/Kulsyrepatron-ombytning-step-4-returner-inden-14-dage-150x150.png 150w, https:\/\/bubliq.com\/wp-content\/uploads\/2024\/03\/Kulsyrepatron-ombytning-step-4-returner-inden-14-dage-12x12.png 12w, https:\/\/bubliq.com\/wp-content\/uploads\/2024\/03\/Kulsyrepatron-ombytning-step-4-returner-inden-14-dage-328x328.png 328w, https:\/\/bubliq.com\/wp-content\/uploads\/2024\/03\/Kulsyrepatron-ombytning-step-4-returner-inden-14-dage-100x100.png 100w, https:\/\/bubliq.com\/wp-content\/uploads\/2024\/03\/Kulsyrepatron-ombytning-step-4-returner-inden-14-dage.png 418w\" sizes=\"(max-width: 300px) 100vw, 300px\" \/><\/figure><div class=\"elementor-image-box-content\"><h3 class=\"elementor-image-box-title\">Step 4<\/h3><p class=\"elementor-image-box-description\">Efter du har modtaget din ombytningspakke, har du 14 dage til at returnere dine tomme kulsyrepatroner.<\/p><\/div><\/div>\t\t\t\t<\/div>\n\t\t\t\t<\/div>\n\t\t\t\t<\/div>\n\t\t<div role=\"region\" aria-labelledby=\"e-n-accordion-item-1490\" class=\"elementor-element elementor-element-895fe99 e-con-full e-flex e-con e-child\" data-id=\"895fe99\" data-element_type=\"container\" data-e-type=\"container\">\n\t\t\t\t<div class=\"elementor-element elementor-element-79c8240 elementor-widget elementor-widget-text-editor\" data-id=\"79c8240\" data-element_type=\"widget\" data-e-type=\"widget\" data-widget_type=\"text-editor.default\">\n\t\t\t\t<div class=\"elementor-widget-container\">\n\t\t\t\t\t\t\t\t\t<p><strong>Depositum<br \/><\/strong>Vi reserverer kr. 300,00 i depositum p\u00e5 dit betalingskort, som bliver annulleret, n\u00e5r vi har modtaget dine tomme kulsyrepatroner. \u00a0I tilf\u00e6lde af, at du ikke returnerer de tomme kulsyrepatroner inden for 14 dage, beholder vi depositummet.<\/p>\t\t\t\t\t\t\t\t<\/div>\n\t\t\t\t<\/div>\n\t\t\t\t<\/div>\n\t\t\t\t<\/div>\n\t\t\t\t\t<\/details>\n\t\t\t\t\t\t<details id=\"e-n-accordion-item-1491\" class=\"e-n-accordion-item\" >\n\t\t\t\t<summary class=\"e-n-accordion-item-title\" data-accordion-index=\"2\" tabindex=\"-1\" aria-expanded=\"false\" aria-controls=\"e-n-accordion-item-1491\" >\n\t\t\t\t\t<span class='e-n-accordion-item-title-header'><div class=\"e-n-accordion-item-title-text\"> Kompatibilitet <\/div><\/span>\n\t\t\t\t\t\t\t<span class='e-n-accordion-item-title-icon'>\n\t\t\t<span class='e-opened' ><i aria-hidden=\"true\" class=\"fas fa-minus\"><\/i><\/span>\n\t\t\t<span class='e-closed'><i aria-hidden=\"true\" class=\"fas fa-plus\"><\/i><\/span>\n\t\t<\/span>\n\n\t\t\t\t\t\t<\/summary>\n\t\t\t\t<div role=\"region\" aria-labelledby=\"e-n-accordion-item-1491\" class=\"elementor-element elementor-element-f973897 e-con-full e-flex e-con e-child\" data-id=\"f973897\" data-element_type=\"container\" data-e-type=\"container\">\n\t\t\t\t<div class=\"elementor-element elementor-element-afdc0ab elementor-position-right elementor-vertical-align-top elementor-widget elementor-widget-image-box\" data-id=\"afdc0ab\" data-element_type=\"widget\" data-e-type=\"widget\" data-widget_type=\"image-box.default\">\n\t\t\t\t<div class=\"elementor-widget-container\">\n\t\t\t\t\t<div class=\"elementor-image-box-wrapper\"><figure class=\"elementor-image-box-img\"><img loading=\"lazy\" decoding=\"async\" width=\"150\" height=\"150\" src=\"https:\/\/bubliq.com\/wp-content\/uploads\/2024\/02\/Valve-for-website-150px.png\" class=\"attachment-full size-full wp-image-16935\" alt=\"\" srcset=\"https:\/\/bubliq.com\/wp-content\/uploads\/2024\/02\/Valve-for-website-150px.png 150w, https:\/\/bubliq.com\/wp-content\/uploads\/2024\/02\/Valve-for-website-150px-12x12.png 12w, https:\/\/bubliq.com\/wp-content\/uploads\/2024\/02\/Valve-for-website-150px-100x100.png 100w\" sizes=\"(max-width: 150px) 100vw, 150px\" \/><\/figure><div class=\"elementor-image-box-content\"><p class=\"elementor-image-box-description\">Kulsyrepatroner fra bubliq benytter et universelt skruegevind og er derfor kompatible med de fleste sodavandsmaskiner p\u00e5 markedet (p\u00e5n\u00e6r SodaStream modeller med Quick Connect).\n<br><br>\n<b>OBS!<\/b>\nV\u00e6r opm\u00e6rksom p\u00e5 at vores kulsyrepatroner ikke passer til k\u00f8leskabe eller vandhaner med brus f.eks. Grohe, Quooker m.m.<\/p><\/div><\/div>\t\t\t\t<\/div>\n\t\t\t\t<\/div>\n\t\t\t\t<\/div>\n\t\t\t\t\t<\/details>\n\t\t\t\t\t\t<details id=\"e-n-accordion-item-1492\" class=\"e-n-accordion-item\" >\n\t\t\t\t<summary class=\"e-n-accordion-item-title\" data-accordion-index=\"3\" tabindex=\"-1\" aria-expanded=\"false\" aria-controls=\"e-n-accordion-item-1492\" >\n\t\t\t\t\t<span class='e-n-accordion-item-title-header'><div class=\"e-n-accordion-item-title-text\"> Ombytning <\/div><\/span>\n\t\t\t\t\t\t\t<span class='e-n-accordion-item-title-icon'>\n\t\t\t<span class='e-opened' ><i aria-hidden=\"true\" class=\"fas fa-minus\"><\/i><\/span>\n\t\t\t<span class='e-closed'><i aria-hidden=\"true\" class=\"fas fa-plus\"><\/i><\/span>\n\t\t<\/span>\n\n\t\t\t\t\t\t<\/summary>\n\t\t\t\t<div role=\"region\" aria-labelledby=\"e-n-accordion-item-1492\" class=\"elementor-element elementor-element-3d5d6e1 e-flex e-con-boxed e-con e-child\" data-id=\"3d5d6e1\" data-element_type=\"container\" data-e-type=\"container\">\n\t\t\t\t\t<div class=\"e-con-inner\">\n\t\t\t\t<div class=\"elementor-element elementor-element-e2e9022 elementor-widget elementor-widget-text-editor\" data-id=\"e2e9022\" data-element_type=\"widget\" data-e-type=\"widget\" data-widget_type=\"text-editor.default\">\n\t\t\t\t<div class=\"elementor-widget-container\">\n\t\t\t\t\t\t\t\t\t<p><strong>Online ombytning<\/strong><br \/>Du kan ombytte dine kulsyrepatroner i vores online ombytningsservice. Du kan v\u00e6lge i mellem at ombytte 3 eller 6 patroner. Klik <a href=\"https:\/\/bubliq.com\/kulsyrepatron-ombytning\/\">her<\/a> for at g\u00e5 til siden for ombytning.\u00a0<br \/><strong><br \/>Byt til andre m\u00e6rker<br \/><\/strong>Da langt de fleste 425-450 g kulsyrepatroner p\u00e5 markedet er universelle, kan du ogs\u00e5 bytte dine kulsyrepatroner til andre m\u00e6rker. Vi anbefaler dog, at du tjekker med den p\u00e5g\u00e6ldende leverand\u00f8r, om de tager i mod andre m\u00e6rker.\u00a0<\/p>\t\t\t\t\t\t\t\t<\/div>\n\t\t\t\t<\/div>\n\t\t\t\t\t<\/div>\n\t\t\t\t<\/div>\n\t\t\t\t\t<\/details>\n\t\t\t\t\t\t<details id=\"e-n-accordion-item-1493\" class=\"e-n-accordion-item\" >\n\t\t\t\t<summary class=\"e-n-accordion-item-title\" data-accordion-index=\"4\" tabindex=\"-1\" aria-expanded=\"false\" aria-controls=\"e-n-accordion-item-1493\" >\n\t\t\t\t\t<span class='e-n-accordion-item-title-header'><div class=\"e-n-accordion-item-title-text\"> Indhold og dimensioner <\/div><\/span>\n\t\t\t\t\t\t\t<span class='e-n-accordion-item-title-icon'>\n\t\t\t<span class='e-opened' ><i aria-hidden=\"true\" class=\"fas fa-minus\"><\/i><\/span>\n\t\t\t<span class='e-closed'><i aria-hidden=\"true\" class=\"fas fa-plus\"><\/i><\/span>\n\t\t<\/span>\n\n\t\t\t\t\t\t<\/summary>\n\t\t\t\t<div role=\"region\" aria-labelledby=\"e-n-accordion-item-1493\" class=\"elementor-element elementor-element-db75dd0 e-con-full e-flex e-con e-child\" data-id=\"db75dd0\" data-element_type=\"container\" data-e-type=\"container\">\n\t\t\t\t<div class=\"elementor-element elementor-element-4acadab elementor-widget elementor-widget-text-editor\" data-id=\"4acadab\" data-element_type=\"widget\" data-e-type=\"widget\" data-widget_type=\"text-editor.default\">\n\t\t\t\t<div class=\"elementor-widget-container\">\n\t\t\t\t\t\t\t\t\t<p>Kulsyrepatronens materiale: 100% Aluminium<br \/>Indhold: 450 g f\u00f8devaregodkendt kuldioxid fra vedvarende kilder<br \/>M\u00e5l: 36 cm x 6 cm (h\u00f8jde x diameter)<\/p>\t\t\t\t\t\t\t\t<\/div>\n\t\t\t\t<\/div>\n\t\t\t\t<\/div>\n\t\t\t\t\t<\/details>\n\t\t\t\t\t\t<details id=\"e-n-accordion-item-1494\" class=\"e-n-accordion-item\" >\n\t\t\t\t<summary class=\"e-n-accordion-item-title\" data-accordion-index=\"5\" tabindex=\"-1\" aria-expanded=\"false\" aria-controls=\"e-n-accordion-item-1494\" >\n\t\t\t\t\t<span class='e-n-accordion-item-title-header'><div class=\"e-n-accordion-item-title-text\"> Godkendelser <\/div><\/span>\n\t\t\t\t\t\t\t<span class='e-n-accordion-item-title-icon'>\n\t\t\t<span class='e-opened' ><i aria-hidden=\"true\" class=\"fas fa-minus\"><\/i><\/span>\n\t\t\t<span class='e-closed'><i aria-hidden=\"true\" class=\"fas fa-plus\"><\/i><\/span>\n\t\t<\/span>\n\n\t\t\t\t\t\t<\/summary>\n\t\t\t\t<div role=\"region\" aria-labelledby=\"e-n-accordion-item-1494\" class=\"elementor-element elementor-element-ed1e825 e-flex e-con-boxed e-con e-child\" data-id=\"ed1e825\" data-element_type=\"container\" data-e-type=\"container\">\n\t\t\t\t\t<div class=\"e-con-inner\">\n\t\t\t\t<div class=\"elementor-element elementor-element-4811116 elementor-widget elementor-widget-text-editor\" data-id=\"4811116\" data-element_type=\"widget\" data-e-type=\"widget\" data-widget_type=\"text-editor.default\">\n\t\t\t\t<div class=\"elementor-widget-container\">\n\t\t\t\t\t\t\t\t\t<p style=\"text-align: left;\">Kulsyrepatroner fra bubliq er testet og godkendt af det anerkendte tyske institut T\u00dcV. Det er din garanti for, at kulsyrepatroner fra bubliq opfylder kravene om renhed for f\u00f8devaretils\u00e6tning i henhold til EU &amp; JECFA.<\/p>\t\t\t\t\t\t\t\t<\/div>\n\t\t\t\t<\/div>\n\t\t\t\t\t<\/div>\n\t\t\t\t<\/div>\n\t\t\t\t\t<\/details>\n\t\t\t\t\t\t<details id=\"e-n-accordion-item-1495\" class=\"e-n-accordion-item\" >\n\t\t\t\t<summary class=\"e-n-accordion-item-title\" data-accordion-index=\"6\" tabindex=\"-1\" aria-expanded=\"false\" aria-controls=\"e-n-accordion-item-1495\" >\n\t\t\t\t\t<span class='e-n-accordion-item-title-header'><div class=\"e-n-accordion-item-title-text\"> Sikkerhedsinstrukser for brug <\/div><\/span>\n\t\t\t\t\t\t\t<span class='e-n-accordion-item-title-icon'>\n\t\t\t<span class='e-opened' ><i aria-hidden=\"true\" class=\"fas fa-minus\"><\/i><\/span>\n\t\t\t<span class='e-closed'><i aria-hidden=\"true\" class=\"fas fa-plus\"><\/i><\/span>\n\t\t<\/span>\n\n\t\t\t\t\t\t<\/summary>\n\t\t\t\t<div role=\"region\" aria-labelledby=\"e-n-accordion-item-1495\" class=\"elementor-element elementor-element-15149ca e-flex e-con-boxed e-con e-child\" data-id=\"15149ca\" data-element_type=\"container\" data-e-type=\"container\">\n\t\t\t\t\t<div class=\"e-con-inner\">\n\t\t\t\t<div class=\"elementor-element elementor-element-7d37863 elementor-widget elementor-widget-text-editor\" data-id=\"7d37863\" data-element_type=\"widget\" data-e-type=\"widget\" data-widget_type=\"text-editor.default\">\n\t\t\t\t<div class=\"elementor-widget-container\">\n\t\t\t\t\t\t\t\t\t<ul><li>H\u00e5ndter kulsyrepatronen forsigtigt<\/li><li>Opbevar kulsyrepatronen ved stuetemperatur og aldrig i direkte sollys<\/li><li>Afmonter kulsyrepatronen fra sodavandsmaskinen ved transport<\/li><li>Lad aldrig b\u00f8rn h\u00e5ndtere kulsyrepatronen uden opsyn<\/li><li>Flyt kulsyrepatronen til et sikkert sted i tilf\u00e6lde af brand<\/li><\/ul><p>\u00a0<\/p>\t\t\t\t\t\t\t\t<\/div>\n\t\t\t\t<\/div>\n\t\t\t\t\t<\/div>\n\t\t\t\t<\/div>\n\t\t\t\t\t<\/details>\n\t\t\t\t\t<\/div>\n\t\t\t\t\t\t<\/div>\n\t\t\t\t<\/div>\n\t\t\t\t<\/div>\n\t\t\t\t<\/div>\n\t\t\t\t<\/div>\n\t\t","protected":false},"excerpt":{"rendered":"<p>I denne ombytningspakke f\u00e5r du 3 x nye bubliq kulsyrepatroner med CO2 fra 100% vedvarende kilder. I ombytningspakken medf\u00f8lger en gratis returlabel til dine tomme kulsyrepatroner. For at bestille pakken, kr\u00e6ver det, at du allerede har 3 x tomme kulsyrepatroner, som du \u00f8nsker at ombytte.<\/p>\n<p><strong>S\u00e5dan g\u00f8r du<\/strong><\/p>\n<ol>\n<li>Efter modtagelsen af dine ombytningspatroner, plac\u00e9r de tomme kulsyrepatroner i pakken<\/li>\n<li>S\u00e6t returlabel p\u00e5, og indlev\u00e9r pakken ved din n\u00e6rmeste pakkeshop<\/li>\n<li>Return\u00e9r de tomme kulsyrepatroner senest 14 dage efter du har modtaget ombytningspatronerne<\/li>\n<\/ol>\n<p>Vi reserverer et depositum p\u00e5 dit betalingskort, i tilf\u00e6lde af, at du ikke returnerer de tomme kulsyrepatroner.<\/p>\n<hr \/>\n<p><strong>Pris<br \/>\n<\/strong>Ombytning 3 x kulsyrepatroner: kr. 225,00<br \/>\nLevering: Beregnes i checkout<br \/>\nReturfragt label: Gratis<br \/>\n<strong>I alt:<\/strong> kr. 225,00<br \/>\n(Depositum: kr. 300,00)<\/p>\n","protected":false},"featured_media":24203,"template":"","meta":[],"product_brand":[],"product_cat":[157],"product_tag":[],"woo-feed-brand":[],"class_list":{"0":"post-18582","1":"product","2":"type-product","3":"status-publish","4":"has-post-thumbnail","6":"product_cat-ombytning-kulsyrepatron","8":"first","9":"instock","10":"taxable","11":"shipping-taxable","12":"purchasable","13":"product-type-simple"},"_links":{"self":[{"href":"https:\/\/bubliq.com\/da\/wp-json\/wp\/v2\/product\/18582","targetHints":{"allow":["GET"]}}],"collection":[{"href":"https:\/\/bubliq.com\/da\/wp-json\/wp\/v2\/product"}],"about":[{"href":"https:\/\/bubliq.com\/da\/wp-json\/wp\/v2\/types\/product"}],"version-history":[{"count":148,"href":"https:\/\/bubliq.com\/da\/wp-json\/wp\/v2\/product\/18582\/revisions"}],"predecessor-version":[{"id":26168,"href":"https:\/\/bubliq.com\/da\/wp-json\/wp\/v2\/product\/18582\/revisions\/26168"}],"wp:featuredmedia":[{"embeddable":true,"href":"https:\/\/bubliq.com\/da\/wp-json\/wp\/v2\/media\/24203"}],"wp:attachment":[{"href":"https:\/\/bubliq.com\/da\/wp-json\/wp\/v2\/media?parent=18582"}],"wp:term":[{"taxonomy":"product_brand","embeddable":true,"href":"https:\/\/bubliq.com\/da\/wp-json\/wp\/v2\/product_brand?post=18582"},{"taxonomy":"product_cat","embeddable":true,"href":"https:\/\/bubliq.com\/da\/wp-json\/wp\/v2\/product_cat?post=18582"},{"taxonomy":"product_tag","embeddable":true,"href":"https:\/\/bubliq.com\/da\/wp-json\/wp\/v2\/product_tag?post=18582"},{"taxonomy":"woo-feed-brand","embeddable":true,"href":"https:\/\/bubliq.com\/da\/wp-json\/wp\/v2\/woo-feed-brand?post=18582"}],"curies":[{"name":"wp","href":"https:\/\/api.w.org\/{rel}","templated":true}]}}