{"id":22122,"date":"2024-10-14T12:54:19","date_gmt":"2024-10-14T10:54:19","guid":{"rendered":"https:\/\/bubliq.com\/?post_type=product&#038;p=22122"},"modified":"2026-02-10T11:03:20","modified_gmt":"2026-02-10T09:03:20","slug":"bubliq-value-pack-beige","status":"publish","type":"product","link":"https:\/\/bubliq.com\/da\/vare\/bubliq-value-pack-beige\/","title":{"rendered":"bubliq value pack &#8211; Beige"},"content":{"rendered":"\t\t<div data-elementor-type=\"product-post\" data-elementor-id=\"22122\" class=\"elementor elementor-22122\" data-elementor-post-type=\"product\">\n\t\t\t\t<div class=\"elementor-element elementor-element-f1e5009 elementor-hidden-desktop elementor-hidden-tablet e-flex e-con-boxed e-con e-parent\" data-id=\"f1e5009\" data-element_type=\"container\" data-e-type=\"container\">\n\t\t\t\t\t<div class=\"e-con-inner\">\n\t\t\t\t<div class=\"elementor-element elementor-element-d7b555d elementor-widget elementor-widget-html\" data-id=\"d7b555d\" data-element_type=\"widget\" data-e-type=\"widget\" data-widget_type=\"html.default\">\n\t\t\t\t<div class=\"elementor-widget-container\">\n\t\t\t\t\t<div class=\"wistia_responsive_padding\" style=\"padding:125.0% 0 0 0;position:relative;\"><div class=\"wistia_responsive_wrapper\" style=\"height:100%;left:0;position:absolute;top:0;width:100%;\"><iframe src=\"https:\/\/fast.wistia.net\/embed\/iframe\/ys5a1eqfqz?seo=false&videoFoam=true\" title=\"Louisehjort-bubliq-video 4-5 ratio\" allow=\"autoplay; fullscreen\" allowtransparency=\"true\" frameborder=\"0\" scrolling=\"no\" class=\"wistia_embed\" name=\"wistia_embed\" msallowfullscreen width=\"100%\" height=\"100%\"><\/iframe><\/div><\/div>\n<script src=\"https:\/\/fast.wistia.net\/assets\/external\/E-v1.js\" async><\/script>\t\t\t\t<\/div>\n\t\t\t\t<\/div>\n\t\t\t\t\t<\/div>\n\t\t\t\t<\/div>\n\t\t<div class=\"elementor-element elementor-element-0c6a035 e-con-full e-flex e-con e-child\" data-id=\"0c6a035\" data-element_type=\"container\" data-e-type=\"container\">\n\t\t<div class=\"elementor-element elementor-element-d147e27 e-con-full e-flex e-con e-child\" data-id=\"d147e27\" data-element_type=\"container\" data-e-type=\"container\">\n\t\t\t\t<div class=\"elementor-element elementor-element-38435e2 elementor-widget elementor-widget-n-accordion\" data-id=\"38435e2\" data-element_type=\"widget\" data-e-type=\"widget\" data-settings=\"{&quot;default_state&quot;:&quot;expanded&quot;,&quot;max_items_expended&quot;:&quot;one&quot;,&quot;n_accordion_animation_duration&quot;:{&quot;unit&quot;:&quot;ms&quot;,&quot;size&quot;:400,&quot;sizes&quot;:[]}}\" data-widget_type=\"nested-accordion.default\">\n\t\t\t\t<div class=\"elementor-widget-container\">\n\t\t\t\t\t\t\t<div class=\"e-n-accordion\" aria-label=\"Accordion. Open links with Enter or Space, close with Escape, and navigate with Arrow Keys\">\n\t\t\t\t\t\t<details id=\"e-n-accordion-item-5890\" class=\"e-n-accordion-item\" open>\n\t\t\t\t<summary class=\"e-n-accordion-item-title\" data-accordion-index=\"1\" tabindex=\"0\" aria-expanded=\"true\" aria-controls=\"e-n-accordion-item-5890\" >\n\t\t\t\t\t<span class='e-n-accordion-item-title-header'><div class=\"e-n-accordion-item-title-text\"> Beskrivelse <\/div><\/span>\n\t\t\t\t\t\t\t<span class='e-n-accordion-item-title-icon'>\n\t\t\t<span class='e-opened' ><i aria-hidden=\"true\" class=\"fas fa-minus\"><\/i><\/span>\n\t\t\t<span class='e-closed'><i aria-hidden=\"true\" class=\"fas fa-plus\"><\/i><\/span>\n\t\t<\/span>\n\n\t\t\t\t\t\t<\/summary>\n\t\t\t\t<div role=\"region\" aria-labelledby=\"e-n-accordion-item-5890\" class=\"elementor-element elementor-element-9d77162 e-con-full e-flex e-con e-child\" data-id=\"9d77162\" data-element_type=\"container\" data-e-type=\"container\">\n\t\t\t\t<div class=\"elementor-element elementor-element-8d9ff7f elementor-widget elementor-widget-text-editor\" data-id=\"8d9ff7f\" data-element_type=\"widget\" data-e-type=\"widget\" data-widget_type=\"text-editor.default\">\n\t\t\t\t<div class=\"elementor-widget-container\">\n\t\t\t\t\t\t\t\t\t<h6><strong>Den ultimative pakke<\/strong><\/h6><p>Lad dig forf\u00f8re af det stilrene design, og de l\u00e6kre smagsindtryk som bubliq value pack giver dig. Med en ekstra flaske og kulsyrepatron inkluderet er du klar til at lave perlende frisk danskvand og l\u00e6kre drinks p\u00e5 et splitsekund.\u00a0<\/p><h6><strong>Innovativ teknologi<\/strong><\/h6><p>Takket v\u00e6re den innovative Air-Charge\u2122 teknologi har det aldrig v\u00e6ret nemmere at opn\u00e5 den perfekte brus. Skru kulsyrer\u00f8ret p\u00e5 flasken, s\u00e6t flasken p\u00e5 standen, og tryk et par gange for at tilf\u00f8re kulsyre. Finjuster brusen ved at \u00f8ge eller mindske antallet af tryk. \u00a0Med bubliq drink carbonator slipper du for at b\u00f8vle med store, besv\u00e6rlige flasker, som er sv\u00e6re at f\u00e5 p\u00e5 plads.\u00a0<\/p><h6><strong>S\u00e6t kulsyre til alle drikke<\/strong><\/h6><p>Sodavandsmaskinen fra bubliq laver mere end bare danskvand. Den s\u00e6tter bobler til alle dine drikkevarer &#8211; selv drikke med frisk frugt og gr\u00f8nt! I denne pakke medf\u00f8lger vores to italienske sirupper; <a href=\"https:\/\/bubliq.com\/vare\/italian-blood-orange-sirup\/\" target=\"_blank\" rel=\"noopener\">Italian Blood Orange<\/a> og <a href=\"https:\/\/bubliq.com\/vare\/italian-sorrento-lemonade-sirup\/\" target=\"_blank\" rel=\"noopener\">Italian Sorrento Lemonade<\/a>. Lemonaderne har et h\u00f8jt indhold af naturlig frugtsaft, og er noget n\u00e6r det t\u00e6tteste du kommer den \u00e6gte smag af Italien. Nyd sirupperne med frisk danskvand, isterninger og et par friske skiver citrusfrugt.<\/p>\t\t\t\t\t\t\t\t<\/div>\n\t\t\t\t<\/div>\n\t\t\t\t<\/div>\n\t\t\t\t\t<\/details>\n\t\t\t\t\t\t<details id=\"e-n-accordion-item-5891\" class=\"e-n-accordion-item\" >\n\t\t\t\t<summary class=\"e-n-accordion-item-title\" data-accordion-index=\"2\" tabindex=\"-1\" aria-expanded=\"false\" aria-controls=\"e-n-accordion-item-5891\" >\n\t\t\t\t\t<span class='e-n-accordion-item-title-header'><div class=\"e-n-accordion-item-title-text\"> Dimensioner &amp; Materiale <\/div><\/span>\n\t\t\t\t\t\t\t<span class='e-n-accordion-item-title-icon'>\n\t\t\t<span class='e-opened' ><i aria-hidden=\"true\" class=\"fas fa-minus\"><\/i><\/span>\n\t\t\t<span class='e-closed'><i aria-hidden=\"true\" class=\"fas fa-plus\"><\/i><\/span>\n\t\t<\/span>\n\n\t\t\t\t\t\t<\/summary>\n\t\t\t\t<div role=\"region\" aria-labelledby=\"e-n-accordion-item-5891\" class=\"elementor-element elementor-element-1cf9cdd e-con-full e-flex e-con e-child\" data-id=\"1cf9cdd\" data-element_type=\"container\" data-e-type=\"container\">\n\t\t\t\t<div class=\"elementor-element elementor-element-1059af6 elementor-widget elementor-widget-text-editor\" data-id=\"1059af6\" data-element_type=\"widget\" data-e-type=\"widget\" data-widget_type=\"text-editor.default\">\n\t\t\t\t<div class=\"elementor-widget-container\">\n\t\t\t\t\t\t\t\t\t<p><strong>Maskine<br \/><\/strong>Materiale: ABS<strong><br \/><\/strong>M\u00e5l: 42,5 x 8 x 16,5 cm (h\u00f8jde x bredde x dybde)<br \/>V\u00e6gt. ekskl. kuslyrepatron: 0,8 kg.<\/p><p><strong>Flaske<br \/><\/strong>Materiale: PET, 100% BPA-fri<strong><br \/><\/strong>M\u00e5l: 37,2 x 6,8 cm (h\u00f8jde x diameter)<\/p>\t\t\t\t\t\t\t\t<\/div>\n\t\t\t\t<\/div>\n\t\t\t\t<\/div>\n\t\t\t\t\t<\/details>\n\t\t\t\t\t\t<details id=\"e-n-accordion-item-5892\" class=\"e-n-accordion-item\" >\n\t\t\t\t<summary class=\"e-n-accordion-item-title\" data-accordion-index=\"3\" tabindex=\"-1\" aria-expanded=\"false\" aria-controls=\"e-n-accordion-item-5892\" >\n\t\t\t\t\t<span class='e-n-accordion-item-title-header'><div class=\"e-n-accordion-item-title-text\"> Kompatible kulsyrepatroner <\/div><\/span>\n\t\t\t\t\t\t\t<span class='e-n-accordion-item-title-icon'>\n\t\t\t<span class='e-opened' ><i aria-hidden=\"true\" class=\"fas fa-minus\"><\/i><\/span>\n\t\t\t<span class='e-closed'><i aria-hidden=\"true\" class=\"fas fa-plus\"><\/i><\/span>\n\t\t<\/span>\n\n\t\t\t\t\t\t<\/summary>\n\t\t\t\t<div role=\"region\" aria-labelledby=\"e-n-accordion-item-5892\" class=\"elementor-element elementor-element-2023605 e-con-full e-flex e-con e-child\" data-id=\"2023605\" data-element_type=\"container\" data-e-type=\"container\">\n\t\t\t\t<div class=\"elementor-element elementor-element-44f1d20 elementor-widget elementor-widget-text-editor\" data-id=\"44f1d20\" data-element_type=\"widget\" data-e-type=\"widget\" data-widget_type=\"text-editor.default\">\n\t\t\t\t<div class=\"elementor-widget-container\">\n\t\t\t\t\t\t\t\t\t<p>bubliq drink carbonator er kompatibel med alle 425-450 g kulsyrepatroner med skruegevind fra f.eks. bubliq, Nordic Soda, AGA, og SodaStream (p\u00e5n\u00e6r SodaStream kulsyrepatroner med Quick Connect). I denne pakke medf\u00f8lger en ny 450 g kulsyrepatron fra bubliq.\u00a0<\/p>\t\t\t\t\t\t\t\t<\/div>\n\t\t\t\t<\/div>\n\t\t\t\t<\/div>\n\t\t\t\t\t<\/details>\n\t\t\t\t\t\t<details id=\"e-n-accordion-item-5893\" class=\"e-n-accordion-item\" >\n\t\t\t\t<summary class=\"e-n-accordion-item-title\" data-accordion-index=\"4\" tabindex=\"-1\" aria-expanded=\"false\" aria-controls=\"e-n-accordion-item-5893\" >\n\t\t\t\t\t<span class='e-n-accordion-item-title-header'><div class=\"e-n-accordion-item-title-text\"> Ombytning kulsyrepatroner <\/div><\/span>\n\t\t\t\t\t\t\t<span class='e-n-accordion-item-title-icon'>\n\t\t\t<span class='e-opened' ><i aria-hidden=\"true\" class=\"fas fa-minus\"><\/i><\/span>\n\t\t\t<span class='e-closed'><i aria-hidden=\"true\" class=\"fas fa-plus\"><\/i><\/span>\n\t\t<\/span>\n\n\t\t\t\t\t\t<\/summary>\n\t\t\t\t<div role=\"region\" aria-labelledby=\"e-n-accordion-item-5893\" class=\"elementor-element elementor-element-01f0d87 e-flex e-con-boxed e-con e-child\" data-id=\"01f0d87\" data-element_type=\"container\" data-e-type=\"container\">\n\t\t\t\t\t<div class=\"e-con-inner\">\n\t\t\t\t<div class=\"elementor-element elementor-element-762a14a elementor-widget elementor-widget-text-editor\" data-id=\"762a14a\" data-element_type=\"widget\" data-e-type=\"widget\" data-widget_type=\"text-editor.default\">\n\t\t\t\t<div class=\"elementor-widget-container\">\n\t\t\t\t\t\t\t\t\t<p><strong>Online ombytning<\/strong><br \/>Du kan ombytte dine tomme bubliq kulsyrepatroner i vores online ombytningsservice. Bem\u00e6rk venligst, at du kun kan ombytte 3 eller 6 patroner i vores online ombytningsservice. Klik her for at g\u00e5 til siden for ombytning.\u00a0<br \/><strong><br \/>Byt til andre m\u00e6rker<br \/><\/strong>Da alle 425-450 g kulsyrepatroner p\u00e5 markedet er universelle, kan du ogs\u00e5 bytte din kulsyrepatron til andre m\u00e6rker, f.eks. Nordic Soda. Vi anbefaler dog, at du tjekker med den p\u00e5g\u00e6ldende leverand\u00f8r, om de tager i mod andre m\u00e6rker.\u00a0<\/p>\t\t\t\t\t\t\t\t<\/div>\n\t\t\t\t<\/div>\n\t\t\t\t\t<\/div>\n\t\t\t\t<\/div>\n\t\t\t\t\t<\/details>\n\t\t\t\t\t\t<details id=\"e-n-accordion-item-5894\" class=\"e-n-accordion-item\" >\n\t\t\t\t<summary class=\"e-n-accordion-item-title\" data-accordion-index=\"5\" tabindex=\"-1\" aria-expanded=\"false\" aria-controls=\"e-n-accordion-item-5894\" >\n\t\t\t\t\t<span class='e-n-accordion-item-title-header'><div class=\"e-n-accordion-item-title-text\"> Reng\u00f8ring og vedligeholdelse <\/div><\/span>\n\t\t\t\t\t\t\t<span class='e-n-accordion-item-title-icon'>\n\t\t\t<span class='e-opened' ><i aria-hidden=\"true\" class=\"fas fa-minus\"><\/i><\/span>\n\t\t\t<span class='e-closed'><i aria-hidden=\"true\" class=\"fas fa-plus\"><\/i><\/span>\n\t\t<\/span>\n\n\t\t\t\t\t\t<\/summary>\n\t\t\t\t<div role=\"region\" aria-labelledby=\"e-n-accordion-item-5894\" class=\"elementor-element elementor-element-f45487f e-flex e-con-boxed e-con e-child\" data-id=\"f45487f\" data-element_type=\"container\" data-e-type=\"container\">\n\t\t\t\t\t<div class=\"e-con-inner\">\n\t\t\t\t<div class=\"elementor-element elementor-element-51118d4 elementor-widget elementor-widget-text-editor\" data-id=\"51118d4\" data-element_type=\"widget\" data-e-type=\"widget\" data-widget_type=\"text-editor.default\">\n\t\t\t\t<div class=\"elementor-widget-container\">\n\t\t\t\t\t\t\t\t\t<p style=\"text-align: left;\"><strong>Maskine<\/strong><br \/>Reng\u00f8r maskinen med en fugtig klud med mildt opvaskemiddel.<br \/><strong><br \/>PET Flaske<br \/><\/strong>Flasken vaskes i h\u00e5nden med mildt opvaskemiddel. Flasken m\u00e5 ikke uds\u00e6ttes for temperaturer under 4\u00b0C eller over 40\u00b0C. Flasken t\u00e5ler <strong>ikke<\/strong> opvaskemaskine.<\/p><p><strong>Kulsyrer\u00f8r<\/strong><br \/>Kulsyrer\u00f8ret er monteret i l\u00e5get, og kan derfor let reng\u00f8res. Ved at holde kulsyrer\u00f8ret rent, sikrer du at hygiejnen altid er i top. S\u00e6tter du kulsyre til andre v\u00e6sker end vand, skal kulsyrer\u00f8ret altid reng\u00f8res, s\u00e5 sukker og andre tils\u00e6tningsstoffer ikke tilstopper ventilen. Kulsyrer\u00f8ret reng\u00f8res med varmt vand og mildt opvaskemiddel. Kulsyrer\u00f8ret t\u00e5ler <strong>ikke<\/strong> opvaskemaskine.<\/p>\t\t\t\t\t\t\t\t<\/div>\n\t\t\t\t<\/div>\n\t\t\t\t\t<\/div>\n\t\t\t\t<\/div>\n\t\t\t\t\t<\/details>\n\t\t\t\t\t\t<details id=\"e-n-accordion-item-5895\" class=\"e-n-accordion-item\" >\n\t\t\t\t<summary class=\"e-n-accordion-item-title\" data-accordion-index=\"6\" tabindex=\"-1\" aria-expanded=\"false\" aria-controls=\"e-n-accordion-item-5895\" >\n\t\t\t\t\t<span class='e-n-accordion-item-title-header'><div class=\"e-n-accordion-item-title-text\"> Reservedele <\/div><\/span>\n\t\t\t\t\t\t\t<span class='e-n-accordion-item-title-icon'>\n\t\t\t<span class='e-opened' ><i aria-hidden=\"true\" class=\"fas fa-minus\"><\/i><\/span>\n\t\t\t<span class='e-closed'><i aria-hidden=\"true\" class=\"fas fa-plus\"><\/i><\/span>\n\t\t<\/span>\n\n\t\t\t\t\t\t<\/summary>\n\t\t\t\t<div role=\"region\" aria-labelledby=\"e-n-accordion-item-5895\" class=\"elementor-element elementor-element-5ab35a3 e-flex e-con-boxed e-con e-child\" data-id=\"5ab35a3\" data-element_type=\"container\" data-e-type=\"container\">\n\t\t\t\t\t<div class=\"e-con-inner\">\n\t\t\t\t<div class=\"elementor-element elementor-element-ad080bd elementor-widget elementor-widget-text-editor\" data-id=\"ad080bd\" data-element_type=\"widget\" data-e-type=\"widget\" data-widget_type=\"text-editor.default\">\n\t\t\t\t<div class=\"elementor-widget-container\">\n\t\t\t\t\t\t\t\t\t<p>Har du brug for et ekstra kulsyrer\u00f8r til din bubliq sodavandsmaskine?<\/p><p><a href=\"https:\/\/bubliq.com\/vare\/infuser-cap\/\">Kulsyrer\u00f8r &#8211; klik her<\/a><\/p>\t\t\t\t\t\t\t\t<\/div>\n\t\t\t\t<\/div>\n\t\t\t\t\t<\/div>\n\t\t\t\t<\/div>\n\t\t\t\t\t<\/details>\n\t\t\t\t\t\t<details id=\"e-n-accordion-item-5896\" class=\"e-n-accordion-item\" >\n\t\t\t\t<summary class=\"e-n-accordion-item-title\" data-accordion-index=\"7\" tabindex=\"-1\" aria-expanded=\"false\" aria-controls=\"e-n-accordion-item-5896\" >\n\t\t\t\t\t<span class='e-n-accordion-item-title-header'><div class=\"e-n-accordion-item-title-text\"> Manual <\/div><\/span>\n\t\t\t\t\t\t\t<span class='e-n-accordion-item-title-icon'>\n\t\t\t<span class='e-opened' ><i aria-hidden=\"true\" class=\"fas fa-minus\"><\/i><\/span>\n\t\t\t<span class='e-closed'><i aria-hidden=\"true\" class=\"fas fa-plus\"><\/i><\/span>\n\t\t<\/span>\n\n\t\t\t\t\t\t<\/summary>\n\t\t\t\t<div role=\"region\" aria-labelledby=\"e-n-accordion-item-5896\" class=\"elementor-element elementor-element-b6262b5 e-flex e-con-boxed e-con e-child\" data-id=\"b6262b5\" data-element_type=\"container\" data-e-type=\"container\">\n\t\t\t\t\t<div class=\"e-con-inner\">\n\t\t\t\t<div class=\"elementor-element elementor-element-f061cba elementor-widget elementor-widget-text-editor\" data-id=\"f061cba\" data-element_type=\"widget\" data-e-type=\"widget\" data-widget_type=\"text-editor.default\">\n\t\t\t\t<div class=\"elementor-widget-container\">\n\t\t\t\t\t\t\t\t\t<p>Du finder manulen til bubliq drink carbonator <a href=\"https:\/\/bubliq.com\/wp-content\/uploads\/2025\/07\/User-Manual-bubliq-drink-carbonator-2025-Web.pdf\" target=\"_blank\" rel=\"noopener\">her.<\/a><\/p>\t\t\t\t\t\t\t\t<\/div>\n\t\t\t\t<\/div>\n\t\t\t\t\t<\/div>\n\t\t\t\t<\/div>\n\t\t\t\t\t<\/details>\n\t\t\t\t\t<\/div>\n\t\t\t\t\t\t<\/div>\n\t\t\t\t<\/div>\n\t\t\t\t<\/div>\n\t\t\t\t<\/div>\n\t\t\t\t<\/div>\n\t\t","protected":false},"excerpt":{"rendered":"<p><strong>Den perfekte startpakke<\/strong><br \/>\nbubliq value pack giver dig det bedste fra to verdener; en stilren kulsyremaskine og tilbeh\u00f8ret der l\u00f8fter dit danskvand til nye h\u00f8jder. Med de medf\u00f8lgende italienske kvalitetssirupper forvandler du nemt dit danskvand til l\u00e6skende lemonader. Den ekstra flaske giver dig mulighed for altid at have vand liggende p\u00e5 k\u00f8l, s\u00e5 du er klar til at servere iskolde drinks til enhver lejlighed.<\/p>\n","protected":false},"featured_media":23694,"template":"","meta":[],"product_brand":[],"product_cat":[31],"product_tag":[164],"woo-feed-brand":[],"class_list":{"0":"post-22122","1":"product","2":"type-product","3":"status-publish","4":"has-post-thumbnail","6":"product_cat-sodavandsmaskiner","7":"product_tag-value-pack-beige","9":"first","10":"instock","11":"sale","12":"taxable","13":"shipping-taxable","14":"purchasable","15":"product-type-simple"},"_links":{"self":[{"href":"https:\/\/bubliq.com\/da\/wp-json\/wp\/v2\/product\/22122","targetHints":{"allow":["GET"]}}],"collection":[{"href":"https:\/\/bubliq.com\/da\/wp-json\/wp\/v2\/product"}],"about":[{"href":"https:\/\/bubliq.com\/da\/wp-json\/wp\/v2\/types\/product"}],"version-history":[{"count":6,"href":"https:\/\/bubliq.com\/da\/wp-json\/wp\/v2\/product\/22122\/revisions"}],"predecessor-version":[{"id":24595,"href":"https:\/\/bubliq.com\/da\/wp-json\/wp\/v2\/product\/22122\/revisions\/24595"}],"wp:featuredmedia":[{"embeddable":true,"href":"https:\/\/bubliq.com\/da\/wp-json\/wp\/v2\/media\/23694"}],"wp:attachment":[{"href":"https:\/\/bubliq.com\/da\/wp-json\/wp\/v2\/media?parent=22122"}],"wp:term":[{"taxonomy":"product_brand","embeddable":true,"href":"https:\/\/bubliq.com\/da\/wp-json\/wp\/v2\/product_brand?post=22122"},{"taxonomy":"product_cat","embeddable":true,"href":"https:\/\/bubliq.com\/da\/wp-json\/wp\/v2\/product_cat?post=22122"},{"taxonomy":"product_tag","embeddable":true,"href":"https:\/\/bubliq.com\/da\/wp-json\/wp\/v2\/product_tag?post=22122"},{"taxonomy":"woo-feed-brand","embeddable":true,"href":"https:\/\/bubliq.com\/da\/wp-json\/wp\/v2\/woo-feed-brand?post=22122"}],"curies":[{"name":"wp","href":"https:\/\/api.w.org\/{rel}","templated":true}]}}