{"id":23080,"date":"2025-03-14T12:39:16","date_gmt":"2025-03-14T10:39:16","guid":{"rendered":"https:\/\/bubliq.com\/?post_type=product&#038;p=23080"},"modified":"2026-04-16T08:15:25","modified_gmt":"2026-04-16T06:15:25","slug":"bubliq-danskvandsmaskine-glasflaske-staal","status":"publish","type":"product","link":"https:\/\/bubliq.com\/da\/vare\/bubliq-danskvandsmaskine-glasflaske-staal\/","title":{"rendered":"bubliq glass carbonator &#8211; St\u00e5l"},"content":{"rendered":"\t\t<div data-elementor-type=\"product-post\" data-elementor-id=\"23080\" class=\"elementor elementor-23080\" data-elementor-post-type=\"product\">\n\t\t\t\t<div class=\"elementor-element elementor-element-69ec0cb e-con-full e-flex e-con e-child\" data-id=\"69ec0cb\" data-element_type=\"container\" data-e-type=\"container\" data-settings=\"{&quot;background_background&quot;:&quot;classic&quot;}\">\n\t\t<div class=\"elementor-element elementor-element-7d1db13 e-con-full e-flex e-con e-child\" data-id=\"7d1db13\" data-element_type=\"container\" data-e-type=\"container\">\n\t\t\t\t<div class=\"elementor-element elementor-element-4ca4e16 elementor-widget elementor-widget-n-accordion\" data-id=\"4ca4e16\" data-element_type=\"widget\" data-e-type=\"widget\" data-settings=\"{&quot;default_state&quot;:&quot;expanded&quot;,&quot;max_items_expended&quot;:&quot;one&quot;,&quot;n_accordion_animation_duration&quot;:{&quot;unit&quot;:&quot;ms&quot;,&quot;size&quot;:400,&quot;sizes&quot;:[]}}\" data-widget_type=\"nested-accordion.default\">\n\t\t\t\t<div class=\"elementor-widget-container\">\n\t\t\t\t\t\t\t<div class=\"e-n-accordion\" aria-label=\"Accordion. Open links with Enter or Space, close with Escape, and navigate with Arrow Keys\">\n\t\t\t\t\t\t<details id=\"e-n-accordion-item-8030\" class=\"e-n-accordion-item\" open>\n\t\t\t\t<summary class=\"e-n-accordion-item-title\" data-accordion-index=\"1\" tabindex=\"0\" aria-expanded=\"true\" aria-controls=\"e-n-accordion-item-8030\" >\n\t\t\t\t\t<span class='e-n-accordion-item-title-header'><div class=\"e-n-accordion-item-title-text\"> Beskrivelse <\/div><\/span>\n\t\t\t\t\t\t\t<span class='e-n-accordion-item-title-icon'>\n\t\t\t<span class='e-opened' ><i aria-hidden=\"true\" class=\"fas fa-minus\"><\/i><\/span>\n\t\t\t<span class='e-closed'><i aria-hidden=\"true\" class=\"fas fa-plus\"><\/i><\/span>\n\t\t<\/span>\n\n\t\t\t\t\t\t<\/summary>\n\t\t\t\t<div role=\"region\" aria-labelledby=\"e-n-accordion-item-8030\" class=\"elementor-element elementor-element-5a75563 e-con-full e-flex e-con e-child\" data-id=\"5a75563\" data-element_type=\"container\" data-e-type=\"container\">\n\t\t\t\t<div class=\"elementor-element elementor-element-396df74 elementor-widget elementor-widget-text-editor\" data-id=\"396df74\" data-element_type=\"widget\" data-e-type=\"widget\" data-widget_type=\"text-editor.default\">\n\t\t\t\t<div class=\"elementor-widget-container\">\n\t\t\t\t\t\t\t\t\t<h2 style=\"font-size: 16px;\"><strong>Elegant, tidl\u00f8st design<\/strong><\/h2><p style=\"font-weight: 400;\">bubliq glass carbonator er en elegant danskvandsmaskine der forener form og funktion i et tidl\u00f8st, skandinavisk design. Med et s\u00f8ml\u00f8st ydre, fri for samlinger og skruer, har danskvandsmaskinen et elegant og raffineret udseende, der l\u00f8fter k\u00f8kkenindretningen. Den medf\u00f8lgende glasflaske, vil med sine diskrete riller, tilf\u00f8re et sofistikeret touch og st\u00e5 som naturligt midtpunkt p\u00e5 ethvert bord.<\/p><h2 style=\"font-size: 16px;\"><strong>Skabt til hverdagen<\/strong><\/h2><p style=\"font-weight: 400;\">Med en solid kerne af ABS, og et s\u00f8mfrit ydre i 100% rustfrit st\u00e5l er bubliq glass carbonator ikke kun en elegant danskvandsmaskine &#8211; den er konstrueret til at klare hverdagen &#8211; i dag, og mange \u00e5r frem. De n\u00f8je udvalgte materialer giver f\u00f8lelsen af kvalitet og h\u00e5ndv\u00e6rk, som ses og m\u00e6rkes i hver eneste detalje.<\/p><p>Glasflasken er st\u00f8bt i rent glas, og vil med korrekt pleje, bevarer sin finish og styrke, selv efter mange \u00e5rs brug.<br \/><br \/><\/p><h2 style=\"font-size: 16px;\"><strong>Nem betjening<\/strong><\/h2><p style=\"font-weight: 400;\">Med bubliq glass carbonator er det slut med besv\u00e6rlige skrueflasker. Takket v\u00e6re den innovative Turnlock\u2122 mekanisme, is\u00e6ttes flasken let med \u00e9n h\u00e5nd &#8211; en simpel 45\u00b0 drejning, og den er p\u00e5 plads.<\/p><p style=\"font-weight: 400;\">Kulsyreknappen er designet til at hvile naturligt i h\u00e5ndfladen, og med et par enkle, lette tryk forvandles postevand til forfriskende danskvand. En diskret hvislen fra maskinen fort\u00e6ller n\u00e5r din danskvand er klar til servering.<\/p>\t\t\t\t\t\t\t\t<\/div>\n\t\t\t\t<\/div>\n\t\t\t\t<\/div>\n\t\t\t\t\t<\/details>\n\t\t\t\t\t\t<details id=\"e-n-accordion-item-8031\" class=\"e-n-accordion-item\" >\n\t\t\t\t<summary class=\"e-n-accordion-item-title\" data-accordion-index=\"2\" tabindex=\"-1\" aria-expanded=\"false\" aria-controls=\"e-n-accordion-item-8031\" >\n\t\t\t\t\t<span class='e-n-accordion-item-title-header'><div class=\"e-n-accordion-item-title-text\"> Dimensioner &amp; Materiale <\/div><\/span>\n\t\t\t\t\t\t\t<span class='e-n-accordion-item-title-icon'>\n\t\t\t<span class='e-opened' ><i aria-hidden=\"true\" class=\"fas fa-minus\"><\/i><\/span>\n\t\t\t<span class='e-closed'><i aria-hidden=\"true\" class=\"fas fa-plus\"><\/i><\/span>\n\t\t<\/span>\n\n\t\t\t\t\t\t<\/summary>\n\t\t\t\t<div role=\"region\" aria-labelledby=\"e-n-accordion-item-8031\" class=\"elementor-element elementor-element-ff01274 e-con-full e-flex e-con e-child\" data-id=\"ff01274\" data-element_type=\"container\" data-e-type=\"container\">\n\t\t\t\t<div class=\"elementor-element elementor-element-ff85e38 elementor-widget elementor-widget-text-editor\" data-id=\"ff85e38\" data-element_type=\"widget\" data-e-type=\"widget\" data-widget_type=\"text-editor.default\">\n\t\t\t\t<div class=\"elementor-widget-container\">\n\t\t\t\t\t\t\t\t\t<p><strong>Danskvandsmaskine<br \/><\/strong>Ydermateriale: Rustfrit st\u00e5l<br \/>Indermateriale: ABS<br \/>Kulsyrer\u00f8r: Rustfrit st\u00e5l<br \/><br \/>M\u00e5l: 42,6 x 15,2 x 27,5 cm (h\u00f8jde x bredde x dybde)<br \/>V\u00e6gt. ekskl. kuslyrepatron: 2,8 kg.<\/p><p><strong>Glasflaske<br \/><\/strong>Materiale: Glas<br \/>Kapacitet: 1 l (0,65 l til p\u00e5fyldningslinjen)<br \/>M\u00e5l: 27,5 x 7,8 cm (h\u00f8jde x diameter)<\/p>\t\t\t\t\t\t\t\t<\/div>\n\t\t\t\t<\/div>\n\t\t\t\t<\/div>\n\t\t\t\t\t<\/details>\n\t\t\t\t\t\t<details id=\"e-n-accordion-item-8032\" class=\"e-n-accordion-item\" >\n\t\t\t\t<summary class=\"e-n-accordion-item-title\" data-accordion-index=\"3\" tabindex=\"-1\" aria-expanded=\"false\" aria-controls=\"e-n-accordion-item-8032\" >\n\t\t\t\t\t<span class='e-n-accordion-item-title-header'><div class=\"e-n-accordion-item-title-text\"> Kompatible kulsyrepatroner <\/div><\/span>\n\t\t\t\t\t\t\t<span class='e-n-accordion-item-title-icon'>\n\t\t\t<span class='e-opened' ><i aria-hidden=\"true\" class=\"fas fa-minus\"><\/i><\/span>\n\t\t\t<span class='e-closed'><i aria-hidden=\"true\" class=\"fas fa-plus\"><\/i><\/span>\n\t\t<\/span>\n\n\t\t\t\t\t\t<\/summary>\n\t\t\t\t<div role=\"region\" aria-labelledby=\"e-n-accordion-item-8032\" class=\"elementor-element elementor-element-369e28f e-con-full e-flex e-con e-child\" data-id=\"369e28f\" data-element_type=\"container\" data-e-type=\"container\">\n\t\t\t\t<div class=\"elementor-element elementor-element-63cf9a9 elementor-widget elementor-widget-text-editor\" data-id=\"63cf9a9\" data-element_type=\"widget\" data-e-type=\"widget\" data-widget_type=\"text-editor.default\">\n\t\t\t\t<div class=\"elementor-widget-container\">\n\t\t\t\t\t\t\t\t\t<p>bubliq glass carbonator er kompatibel med n\u00e6sten alle 425-450 g kulsyrepatroner* med skruegevind fra f.eks. bubliq, Nordic Soda, og SodaStream (p\u00e5n\u00e6r SodaStream kulsyrepatroner med Quick Connect).\u00a0<\/p><p>*Kulsyrepatroner med f\u00f8lgende ventiler er <strong>ikke<\/strong>\u00a0kompatible med bubliq glass carbonator:\u00a0<\/p>\t\t\t\t\t\t\t\t<\/div>\n\t\t\t\t<\/div>\n\t\t\t\t<div class=\"elementor-element elementor-element-b58e8ea elementor-widget elementor-widget-image\" data-id=\"b58e8ea\" data-element_type=\"widget\" data-e-type=\"widget\" data-widget_type=\"image.default\">\n\t\t\t\t<div class=\"elementor-widget-container\">\n\t\t\t\t\t\t\t\t\t\t\t\t\t\t\t<img decoding=\"async\" width=\"300\" height=\"150\" src=\"https:\/\/bubliq.com\/wp-content\/uploads\/2025\/03\/inkompatible-Kulsyrepatron-ventiler-2-300x150.png\" class=\"attachment-medium size-medium wp-image-24822\" alt=\"\" srcset=\"https:\/\/bubliq.com\/wp-content\/uploads\/2025\/03\/inkompatible-Kulsyrepatron-ventiler-2-300x150.png 300w, https:\/\/bubliq.com\/wp-content\/uploads\/2025\/03\/inkompatible-Kulsyrepatron-ventiler-2-768x384.png 768w, https:\/\/bubliq.com\/wp-content\/uploads\/2025\/03\/inkompatible-Kulsyrepatron-ventiler-2-18x9.png 18w, https:\/\/bubliq.com\/wp-content\/uploads\/2025\/03\/inkompatible-Kulsyrepatron-ventiler-2-450x225.png 450w, https:\/\/bubliq.com\/wp-content\/uploads\/2025\/03\/inkompatible-Kulsyrepatron-ventiler-2.png 800w\" sizes=\"(max-width: 300px) 100vw, 300px\" \/>\t\t\t\t\t\t\t\t\t\t\t\t\t\t\t<\/div>\n\t\t\t\t<\/div>\n\t\t\t\t<\/div>\n\t\t\t\t\t<\/details>\n\t\t\t\t\t\t<details id=\"e-n-accordion-item-8033\" class=\"e-n-accordion-item\" >\n\t\t\t\t<summary class=\"e-n-accordion-item-title\" data-accordion-index=\"4\" tabindex=\"-1\" aria-expanded=\"false\" aria-controls=\"e-n-accordion-item-8033\" >\n\t\t\t\t\t<span class='e-n-accordion-item-title-header'><div class=\"e-n-accordion-item-title-text\"> Ombytning kulsyrepatroner <\/div><\/span>\n\t\t\t\t\t\t\t<span class='e-n-accordion-item-title-icon'>\n\t\t\t<span class='e-opened' ><i aria-hidden=\"true\" class=\"fas fa-minus\"><\/i><\/span>\n\t\t\t<span class='e-closed'><i aria-hidden=\"true\" class=\"fas fa-plus\"><\/i><\/span>\n\t\t<\/span>\n\n\t\t\t\t\t\t<\/summary>\n\t\t\t\t<div role=\"region\" aria-labelledby=\"e-n-accordion-item-8033\" class=\"elementor-element elementor-element-a8c8cd4 e-flex e-con-boxed e-con e-child\" data-id=\"a8c8cd4\" data-element_type=\"container\" data-e-type=\"container\">\n\t\t\t\t\t<div class=\"e-con-inner\">\n\t\t\t\t<div class=\"elementor-element elementor-element-4b17bb5 elementor-widget elementor-widget-text-editor\" data-id=\"4b17bb5\" data-element_type=\"widget\" data-e-type=\"widget\" data-widget_type=\"text-editor.default\">\n\t\t\t\t<div class=\"elementor-widget-container\">\n\t\t\t\t\t\t\t\t\t<p><strong>Online ombytning<\/strong><br \/>Du kan ombytte dine tomme bubliq kulsyrepatroner i vores online ombytningsservice. Bem\u00e6rk venligst, at du kun kan ombytte 3 eller 6 patroner i vores online ombytningsservice. Klik <a href=\"https:\/\/bubliq.com\/kulsyrepatron-ombytning\/\">her<\/a> for at g\u00e5 til siden for ombytning.\u00a0<br \/><strong><br \/>Byt til andre m\u00e6rker<br \/><\/strong>Da alle 425-450 g kulsyrepatroner p\u00e5 markedet er universelle, kan du ogs\u00e5 bytte din kulsyrepatron til andre m\u00e6rker, f.eks. Nordic Soda. Vi anbefaler dog, at du tjekker med den p\u00e5g\u00e6ldende leverand\u00f8r, om de tager i mod andre m\u00e6rker.\u00a0<\/p>\t\t\t\t\t\t\t\t<\/div>\n\t\t\t\t<\/div>\n\t\t\t\t\t<\/div>\n\t\t\t\t<\/div>\n\t\t\t\t\t<\/details>\n\t\t\t\t\t\t<details id=\"e-n-accordion-item-8034\" class=\"e-n-accordion-item\" >\n\t\t\t\t<summary class=\"e-n-accordion-item-title\" data-accordion-index=\"5\" tabindex=\"-1\" aria-expanded=\"false\" aria-controls=\"e-n-accordion-item-8034\" >\n\t\t\t\t\t<span class='e-n-accordion-item-title-header'><div class=\"e-n-accordion-item-title-text\"> Reng\u00f8ring og vedligeholdelse <\/div><\/span>\n\t\t\t\t\t\t\t<span class='e-n-accordion-item-title-icon'>\n\t\t\t<span class='e-opened' ><i aria-hidden=\"true\" class=\"fas fa-minus\"><\/i><\/span>\n\t\t\t<span class='e-closed'><i aria-hidden=\"true\" class=\"fas fa-plus\"><\/i><\/span>\n\t\t<\/span>\n\n\t\t\t\t\t\t<\/summary>\n\t\t\t\t<div role=\"region\" aria-labelledby=\"e-n-accordion-item-8034\" class=\"elementor-element elementor-element-ec31031 e-flex e-con-boxed e-con e-child\" data-id=\"ec31031\" data-element_type=\"container\" data-e-type=\"container\">\n\t\t\t\t\t<div class=\"e-con-inner\">\n\t\t\t\t<div class=\"elementor-element elementor-element-702d924 elementor-widget elementor-widget-text-editor\" data-id=\"702d924\" data-element_type=\"widget\" data-e-type=\"widget\" data-widget_type=\"text-editor.default\">\n\t\t\t\t<div class=\"elementor-widget-container\">\n\t\t\t\t\t\t\t\t\t<p style=\"text-align: left;\"><strong>Danskvandsmaskine<\/strong><br \/>Reng\u00f8r sodavandsmaskinen med en fugtig klud og et mildt opvaskemiddel. Undg\u00e5 skrappe reng\u00f8ringsmidler, da det kan skade overfladen.\u00a0<br \/><strong><br \/>Glasflaske<br \/><\/strong><\/p><p class=\"p1\">Glasflasken t\u00e5ler opvaskemaskine, men for at forl\u00e6nge flaskens levetid og bevare dens udseende, anbefaler vi, at du vasker den i h\u00e5nden. Vasker du flasken i opvaskemaskinen, anbefales et program med en temperatur under 55\u00b0C. For at t\u00f8rre flasken indvendigt, plac\u00e9r den p\u00e5 hovedet uden l\u00e5g i et opvaskestativ.\u00a0<\/p>\t\t\t\t\t\t\t\t<\/div>\n\t\t\t\t<\/div>\n\t\t<div role=\"region\" aria-labelledby=\"e-n-accordion-item-8034\" class=\"elementor-element elementor-element-ebffba5 e-grid e-con-full e-con e-child\" data-id=\"ebffba5\" data-element_type=\"container\" data-e-type=\"container\">\n\t\t\t\t<div class=\"elementor-element elementor-element-d57fb8a elementor-widget elementor-widget-image\" data-id=\"d57fb8a\" data-element_type=\"widget\" data-e-type=\"widget\" data-widget_type=\"image.default\">\n\t\t\t\t<div class=\"elementor-widget-container\">\n\t\t\t\t\t\t\t\t\t\t\t\t\t\t\t<img decoding=\"async\" width=\"300\" height=\"114\" src=\"https:\/\/bubliq.com\/wp-content\/uploads\/2025\/03\/Dishwash-and-Handwash.svg\" class=\"attachment-medium size-medium wp-image-23166\" alt=\"\" \/>\t\t\t\t\t\t\t\t\t\t\t\t\t\t\t<\/div>\n\t\t\t\t<\/div>\n\t\t\t\t<\/div>\n\t\t<div role=\"region\" aria-labelledby=\"e-n-accordion-item-8034\" class=\"elementor-element elementor-element-ea94ba3 e-con-full e-flex e-con e-child\" data-id=\"ea94ba3\" data-element_type=\"container\" data-e-type=\"container\">\n\t\t\t\t<div class=\"elementor-element elementor-element-eba9492 elementor-widget elementor-widget-text-editor\" data-id=\"eba9492\" data-element_type=\"widget\" data-e-type=\"widget\" data-widget_type=\"text-editor.default\">\n\t\t\t\t<div class=\"elementor-widget-container\">\n\t\t\t\t\t\t\t\t\t<p class=\"p1\"><strong>Sikkerhedsinstruktioner for glasflasken<\/strong><\/p><ul><li>Benyt kun flasken til vand<\/li><li class=\"p1\">H\u00e6ld aldrig kogende vand i flasken<\/li><li class=\"p1\">Uds\u00e6t aldrig flasken for temperaturchock eller temperaturer under 1\u00b0C og over 80\u00b0C<\/li><li>Brug aldrig en revnet eller beskadiget flaske<\/li><li>Brug kun kompatible flasker fra bubliq<\/li><\/ul>\t\t\t\t\t\t\t\t<\/div>\n\t\t\t\t<\/div>\n\t\t\t\t<\/div>\n\t\t\t\t\t<\/div>\n\t\t\t\t<\/div>\n\t\t\t\t\t<\/details>\n\t\t\t\t\t\t<details id=\"e-n-accordion-item-8035\" class=\"e-n-accordion-item\" >\n\t\t\t\t<summary class=\"e-n-accordion-item-title\" data-accordion-index=\"6\" tabindex=\"-1\" aria-expanded=\"false\" aria-controls=\"e-n-accordion-item-8035\" >\n\t\t\t\t\t<span class='e-n-accordion-item-title-header'><div class=\"e-n-accordion-item-title-text\"> Manual <\/div><\/span>\n\t\t\t\t\t\t\t<span class='e-n-accordion-item-title-icon'>\n\t\t\t<span class='e-opened' ><i aria-hidden=\"true\" class=\"fas fa-minus\"><\/i><\/span>\n\t\t\t<span class='e-closed'><i aria-hidden=\"true\" class=\"fas fa-plus\"><\/i><\/span>\n\t\t<\/span>\n\n\t\t\t\t\t\t<\/summary>\n\t\t\t\t<div role=\"region\" aria-labelledby=\"e-n-accordion-item-8035\" class=\"elementor-element elementor-element-8a82103 e-flex e-con-boxed e-con e-child\" data-id=\"8a82103\" data-element_type=\"container\" data-e-type=\"container\">\n\t\t\t\t\t<div class=\"e-con-inner\">\n\t\t\t\t<div class=\"elementor-element elementor-element-f593bac elementor-widget elementor-widget-text-editor\" data-id=\"f593bac\" data-element_type=\"widget\" data-e-type=\"widget\" data-widget_type=\"text-editor.default\">\n\t\t\t\t<div class=\"elementor-widget-container\">\n\t\t\t\t\t\t\t\t\t<p>Du finder manulen til bubliq glass carbonator <a href=\"https:\/\/bubliq.com\/wp-content\/uploads\/2025\/06\/bubliq-glass-carbonator-user-manual-June-2025.pdf\" target=\"_blank\" rel=\"noopener\">her<\/a>.<\/p>\t\t\t\t\t\t\t\t<\/div>\n\t\t\t\t<\/div>\n\t\t\t\t\t<\/div>\n\t\t\t\t<\/div>\n\t\t\t\t\t<\/details>\n\t\t\t\t\t<\/div>\n\t\t\t\t\t\t<\/div>\n\t\t\t\t<\/div>\n\t\t\t\t<\/div>\n\t\t\t\t<\/div>\n\t\t\t\t<\/div>\n\t\t","protected":false},"excerpt":{"rendered":"<div><span lang=\"DA\">bubliq glass carbonator er en danskvandsmaskine med glasflaske der forener form og funktion i et tidl\u00f8st, skandinavisk design. Med et s\u00f8ml\u00f8st ydre i rustfrit st\u00e5l, og en robust glasflaske, er maskinen skabt til at klare hverdagen \u2013 i dag, og mange \u00e5r frem. Den innovative Turnlock\u2122-mekanisme g\u00f8r betjeningen enkel og intuitiv \u2013 et kvart drej, og flasken er p\u00e5 plads. Med nogle f\u00e5 tryk, er dit postevand forvandlet til forfriskende danskvand.<\/span><\/div>\n","protected":false},"featured_media":23752,"template":"","meta":[],"product_brand":[],"product_cat":[31],"product_tag":[21,167,20],"woo-feed-brand":[],"class_list":{"0":"post-23080","1":"product","2":"type-product","3":"status-publish","4":"has-post-thumbnail","6":"product_cat-sodavandsmaskiner","7":"product_tag-danskvandsmaskine","8":"product_tag-glass-carbonator","9":"product_tag-sodavandsmaskine","11":"first","12":"instock","13":"taxable","14":"shipping-taxable","15":"purchasable","16":"product-type-simple"},"_links":{"self":[{"href":"https:\/\/bubliq.com\/da\/wp-json\/wp\/v2\/product\/23080","targetHints":{"allow":["GET"]}}],"collection":[{"href":"https:\/\/bubliq.com\/da\/wp-json\/wp\/v2\/product"}],"about":[{"href":"https:\/\/bubliq.com\/da\/wp-json\/wp\/v2\/types\/product"}],"version-history":[{"count":129,"href":"https:\/\/bubliq.com\/da\/wp-json\/wp\/v2\/product\/23080\/revisions"}],"predecessor-version":[{"id":26211,"href":"https:\/\/bubliq.com\/da\/wp-json\/wp\/v2\/product\/23080\/revisions\/26211"}],"wp:featuredmedia":[{"embeddable":true,"href":"https:\/\/bubliq.com\/da\/wp-json\/wp\/v2\/media\/23752"}],"wp:attachment":[{"href":"https:\/\/bubliq.com\/da\/wp-json\/wp\/v2\/media?parent=23080"}],"wp:term":[{"taxonomy":"product_brand","embeddable":true,"href":"https:\/\/bubliq.com\/da\/wp-json\/wp\/v2\/product_brand?post=23080"},{"taxonomy":"product_cat","embeddable":true,"href":"https:\/\/bubliq.com\/da\/wp-json\/wp\/v2\/product_cat?post=23080"},{"taxonomy":"product_tag","embeddable":true,"href":"https:\/\/bubliq.com\/da\/wp-json\/wp\/v2\/product_tag?post=23080"},{"taxonomy":"woo-feed-brand","embeddable":true,"href":"https:\/\/bubliq.com\/da\/wp-json\/wp\/v2\/woo-feed-brand?post=23080"}],"curies":[{"name":"wp","href":"https:\/\/api.w.org\/{rel}","templated":true}]}}