{"id":23090,"date":"2025-03-14T12:43:05","date_gmt":"2025-03-14T10:43:05","guid":{"rendered":"https:\/\/bubliq.com\/?post_type=product&#038;p=23090"},"modified":"2025-06-24T12:26:50","modified_gmt":"2025-06-24T10:26:50","slug":"glasflaske-til-bubliq-glass-carbonator","status":"publish","type":"product","link":"https:\/\/bubliq.com\/da\/vare\/glasflaske-til-bubliq-glass-carbonator\/","title":{"rendered":"Glasflaske til bubliq glass carbonator"},"content":{"rendered":"\t\t<div data-elementor-type=\"product-post\" data-elementor-id=\"23090\" class=\"elementor elementor-23090\" data-elementor-post-type=\"product\">\n\t\t\t\t<div class=\"elementor-element elementor-element-a80aabc e-con-full e-flex e-con e-child\" data-id=\"a80aabc\" data-element_type=\"container\" data-e-type=\"container\">\n\t\t\t\t<div class=\"elementor-element elementor-element-4f6b815 elementor-widget elementor-widget-n-accordion\" data-id=\"4f6b815\" data-element_type=\"widget\" data-e-type=\"widget\" data-settings=\"{&quot;default_state&quot;:&quot;expanded&quot;,&quot;max_items_expended&quot;:&quot;one&quot;,&quot;n_accordion_animation_duration&quot;:{&quot;unit&quot;:&quot;ms&quot;,&quot;size&quot;:400,&quot;sizes&quot;:[]}}\" data-widget_type=\"nested-accordion.default\">\n\t\t\t\t<div class=\"elementor-widget-container\">\n\t\t\t\t\t\t\t<div class=\"e-n-accordion\" aria-label=\"Accordion. Open links with Enter or Space, close with Escape, and navigate with Arrow Keys\">\n\t\t\t\t\t\t<details id=\"e-n-accordion-item-8320\" class=\"e-n-accordion-item\" open>\n\t\t\t\t<summary class=\"e-n-accordion-item-title\" data-accordion-index=\"1\" tabindex=\"0\" aria-expanded=\"true\" aria-controls=\"e-n-accordion-item-8320\" >\n\t\t\t\t\t<span class='e-n-accordion-item-title-header'><div class=\"e-n-accordion-item-title-text\"> Beskrivelse <\/div><\/span>\n\t\t\t\t\t\t\t<span class='e-n-accordion-item-title-icon'>\n\t\t\t<span class='e-opened' ><i aria-hidden=\"true\" class=\"fas fa-minus\"><\/i><\/span>\n\t\t\t<span class='e-closed'><i aria-hidden=\"true\" class=\"fas fa-plus\"><\/i><\/span>\n\t\t<\/span>\n\n\t\t\t\t\t\t<\/summary>\n\t\t\t\t<div role=\"region\" aria-labelledby=\"e-n-accordion-item-8320\" class=\"elementor-element elementor-element-50c28d6 e-con-full e-flex e-con e-child\" data-id=\"50c28d6\" data-element_type=\"container\" data-e-type=\"container\">\n\t\t\t\t<div class=\"elementor-element elementor-element-a685af7 elementor-widget elementor-widget-text-editor\" data-id=\"a685af7\" data-element_type=\"widget\" data-e-type=\"widget\" data-widget_type=\"text-editor.default\">\n\t\t\t\t<div class=\"elementor-widget-container\">\n\t\t\t\t\t\t\t\t\t<p>En ekstra glasflaske til din bubliq glass carbonator er et stilfuldt og praktisk valg i husstanden. Fyld den med postevand, og s\u00e6t den p\u00e5 k\u00f8l \u2013 s\u00e5 har du altid perlende frisk danskvand lige ved h\u00e5nden.<\/p><p>Med sine subtile riller og elegante, tidl\u00f8se design passer glasflasken naturligt ind p\u00e5 ethvert bord \u2013 fra det minimalistiske k\u00f8kken til det d\u00e6kkede middagsbord. Den er st\u00f8bt i robust, slidst\u00e6rkt glas, der med sine diskrete riller sikrer et godt greb om flasken. Med glasflasken medf\u00f8lger et l\u00e5g i syrefast rustfrit st\u00e5l.<\/p><p>Flasken har en kapacitet p\u00e5 1 liter og kan fyldes op til p\u00e5fyldningslinjen p\u00e5 0,65 liter ved karbonering. Flasken er egnet til opvaskemaskine, men \u00f8nsker du at bevare flaskens udseende l\u00e6ngst muligt, og minimere risikoen for glaspest, anbefaler vi, at du vasker den op i h\u00e5nden.<\/p>\t\t\t\t\t\t\t\t<\/div>\n\t\t\t\t<\/div>\n\t\t\t\t<\/div>\n\t\t\t\t\t<\/details>\n\t\t\t\t\t\t<details id=\"e-n-accordion-item-8321\" class=\"e-n-accordion-item\" >\n\t\t\t\t<summary class=\"e-n-accordion-item-title\" data-accordion-index=\"2\" tabindex=\"-1\" aria-expanded=\"false\" aria-controls=\"e-n-accordion-item-8321\" >\n\t\t\t\t\t<span class='e-n-accordion-item-title-header'><div class=\"e-n-accordion-item-title-text\"> Dimensioner &amp; Materiale <\/div><\/span>\n\t\t\t\t\t\t\t<span class='e-n-accordion-item-title-icon'>\n\t\t\t<span class='e-opened' ><i aria-hidden=\"true\" class=\"fas fa-minus\"><\/i><\/span>\n\t\t\t<span class='e-closed'><i aria-hidden=\"true\" class=\"fas fa-plus\"><\/i><\/span>\n\t\t<\/span>\n\n\t\t\t\t\t\t<\/summary>\n\t\t\t\t<div role=\"region\" aria-labelledby=\"e-n-accordion-item-8321\" class=\"elementor-element elementor-element-034051e e-con-full e-flex e-con e-child\" data-id=\"034051e\" data-element_type=\"container\" data-e-type=\"container\">\n\t\t\t\t<div class=\"elementor-element elementor-element-f02c9ca elementor-widget elementor-widget-text-editor\" data-id=\"f02c9ca\" data-element_type=\"widget\" data-e-type=\"widget\" data-widget_type=\"text-editor.default\">\n\t\t\t\t<div class=\"elementor-widget-container\">\n\t\t\t\t\t\t\t\t\t<p><strong>Flaskens materiale:<\/strong> Glas<br \/><strong>L\u00e5gets materiale:<\/strong> Syrefast st\u00e5l<br \/><strong>Kapacitet:<\/strong> 1 l (0,65 l til p\u00e5fyldningslinjen)<br \/><strong>M\u00e5l:<\/strong> 27,5 x 7,8 cm (h\u00f8jde x diameter)<br \/><strong>Kompatibel med:<\/strong> bubliq glass carbonator<\/p>\t\t\t\t\t\t\t\t<\/div>\n\t\t\t\t<\/div>\n\t\t\t\t<\/div>\n\t\t\t\t\t<\/details>\n\t\t\t\t\t\t<details id=\"e-n-accordion-item-8322\" class=\"e-n-accordion-item\" >\n\t\t\t\t<summary class=\"e-n-accordion-item-title\" data-accordion-index=\"3\" tabindex=\"-1\" aria-expanded=\"false\" aria-controls=\"e-n-accordion-item-8322\" >\n\t\t\t\t\t<span class='e-n-accordion-item-title-header'><div class=\"e-n-accordion-item-title-text\"> Reng\u00f8ring og vedligeholdelse <\/div><\/span>\n\t\t\t\t\t\t\t<span class='e-n-accordion-item-title-icon'>\n\t\t\t<span class='e-opened' ><i aria-hidden=\"true\" class=\"fas fa-minus\"><\/i><\/span>\n\t\t\t<span class='e-closed'><i aria-hidden=\"true\" class=\"fas fa-plus\"><\/i><\/span>\n\t\t<\/span>\n\n\t\t\t\t\t\t<\/summary>\n\t\t\t\t<div role=\"region\" aria-labelledby=\"e-n-accordion-item-8322\" class=\"elementor-element elementor-element-ec9abf6 e-flex e-con-boxed e-con e-child\" data-id=\"ec9abf6\" data-element_type=\"container\" data-e-type=\"container\">\n\t\t\t\t\t<div class=\"e-con-inner\">\n\t\t\t\t<div class=\"elementor-element elementor-element-ddbad4f elementor-widget elementor-widget-text-editor\" data-id=\"ddbad4f\" data-element_type=\"widget\" data-e-type=\"widget\" data-widget_type=\"text-editor.default\">\n\t\t\t\t<div class=\"elementor-widget-container\">\n\t\t\t\t\t\t\t\t\t<p class=\"p1\">Glasflasken t\u00e5ler opvaskemaskine, men for at forl\u00e6nge flaskens levetid og bevare dens udseende, anbefaler vi, at du vasker den i h\u00e5nden. Vasker du flasken i opvaskemaskine, anbefaler vi et program under 55\u00b0C, for at sk\u00e5ne flasken mest muligt. <br \/><br \/>For at t\u00f8rre flasken indvendigt, plac\u00e9r den p\u00e5 hovedet uden l\u00e5g i et opvaskestativ.\u00a0<\/p>\t\t\t\t\t\t\t\t<\/div>\n\t\t\t\t<\/div>\n\t\t<div role=\"region\" aria-labelledby=\"e-n-accordion-item-8322\" class=\"elementor-element elementor-element-157b204 e-grid e-con-full e-con e-child\" data-id=\"157b204\" data-element_type=\"container\" data-e-type=\"container\">\n\t\t\t\t<div class=\"elementor-element elementor-element-4b34fd0 elementor-widget elementor-widget-image\" data-id=\"4b34fd0\" data-element_type=\"widget\" data-e-type=\"widget\" data-widget_type=\"image.default\">\n\t\t\t\t<div class=\"elementor-widget-container\">\n\t\t\t\t\t\t\t\t\t\t\t\t\t\t\t<img decoding=\"async\" width=\"300\" height=\"114\" src=\"https:\/\/bubliq.com\/wp-content\/uploads\/2025\/03\/Dishwash-and-Handwash.svg\" class=\"attachment-medium size-medium wp-image-23166\" alt=\"\" \/>\t\t\t\t\t\t\t\t\t\t\t\t\t\t\t<\/div>\n\t\t\t\t<\/div>\n\t\t\t\t<\/div>\n\t\t<div role=\"region\" aria-labelledby=\"e-n-accordion-item-8322\" class=\"elementor-element elementor-element-a9c1cde e-con-full e-flex e-con e-child\" data-id=\"a9c1cde\" data-element_type=\"container\" data-e-type=\"container\">\n\t\t\t\t<div class=\"elementor-element elementor-element-c245844 elementor-widget elementor-widget-text-editor\" data-id=\"c245844\" data-element_type=\"widget\" data-e-type=\"widget\" data-widget_type=\"text-editor.default\">\n\t\t\t\t<div class=\"elementor-widget-container\">\n\t\t\t\t\t\t\t\t\t<p class=\"p1\"><strong>Sikkerhedsinstruktioner for glasflasken<\/strong><\/p><ul><li>Benyt kun flasken til vand<\/li><li class=\"p1\">H\u00e6ld aldrig kogende vand i flasken<\/li><li class=\"p1\">Uds\u00e6t aldrig flasken for temperaturchock eller temperaturer under 1\u00b0C og over 80\u00b0C<\/li><li>Brug aldrig en revnet eller beskadiget flaske<\/li><li>Brug kun kompatible flasker fra bubliq<\/li><\/ul>\t\t\t\t\t\t\t\t<\/div>\n\t\t\t\t<\/div>\n\t\t\t\t<\/div>\n\t\t\t\t\t<\/div>\n\t\t\t\t<\/div>\n\t\t\t\t\t<\/details>\n\t\t\t\t\t<\/div>\n\t\t\t\t\t\t<\/div>\n\t\t\t\t<\/div>\n\t\t\t\t<\/div>\n\t\t\t\t<\/div>\n\t\t","protected":false},"excerpt":{"rendered":"<p>Ekstra glasflaske til bubliq glass carbonator. Glasflasken har med sine diskrete riller, et elegant og tidl\u00f8st design, der passer p\u00e5 ethvert bord. St\u00f8bt i slidst\u00e6rkt glas og med et l\u00e5g i syrefast st\u00e5l, er flasken skabt til at holde i mange \u00e5r. Flasken rummer 1l (0,65 l til p\u00e5fyldningslinjen), og er ideel at have liggende p\u00e5 k\u00f8l, klar til karbonering. Egnet til opvaskemaskine, men for at bevare flaskens udseende, anbefaler vi at du vasker den i h\u00e5nden.<\/p>\n<ul style=\"margin-bottom: 1em;\">\n<li>Glasflaske i elegant, tidl\u00f8st design<\/li>\n<li>Rummer 1 l (0,65 l til p\u00e5fyldningslinjen)<\/li>\n<li>T\u00e5ler opvaskemaskine<\/li>\n<\/ul>\n<p><strong>NB!\u00a0<\/strong>Flasken er kun kompatibel med bubliq glass carbonator.<\/p>\n","protected":false},"featured_media":23092,"template":"","meta":[],"product_brand":[],"product_cat":[117],"product_tag":[],"woo-feed-brand":[],"class_list":{"0":"post-23090","1":"product","2":"type-product","3":"status-publish","4":"has-post-thumbnail","6":"product_cat-tilbehoer","8":"first","9":"instock","10":"taxable","11":"shipping-taxable","12":"purchasable","13":"product-type-simple"},"_links":{"self":[{"href":"https:\/\/bubliq.com\/da\/wp-json\/wp\/v2\/product\/23090","targetHints":{"allow":["GET"]}}],"collection":[{"href":"https:\/\/bubliq.com\/da\/wp-json\/wp\/v2\/product"}],"about":[{"href":"https:\/\/bubliq.com\/da\/wp-json\/wp\/v2\/types\/product"}],"version-history":[{"count":64,"href":"https:\/\/bubliq.com\/da\/wp-json\/wp\/v2\/product\/23090\/revisions"}],"predecessor-version":[{"id":23708,"href":"https:\/\/bubliq.com\/da\/wp-json\/wp\/v2\/product\/23090\/revisions\/23708"}],"wp:featuredmedia":[{"embeddable":true,"href":"https:\/\/bubliq.com\/da\/wp-json\/wp\/v2\/media\/23092"}],"wp:attachment":[{"href":"https:\/\/bubliq.com\/da\/wp-json\/wp\/v2\/media?parent=23090"}],"wp:term":[{"taxonomy":"product_brand","embeddable":true,"href":"https:\/\/bubliq.com\/da\/wp-json\/wp\/v2\/product_brand?post=23090"},{"taxonomy":"product_cat","embeddable":true,"href":"https:\/\/bubliq.com\/da\/wp-json\/wp\/v2\/product_cat?post=23090"},{"taxonomy":"product_tag","embeddable":true,"href":"https:\/\/bubliq.com\/da\/wp-json\/wp\/v2\/product_tag?post=23090"},{"taxonomy":"woo-feed-brand","embeddable":true,"href":"https:\/\/bubliq.com\/da\/wp-json\/wp\/v2\/woo-feed-brand?post=23090"}],"curies":[{"name":"wp","href":"https:\/\/api.w.org\/{rel}","templated":true}]}}