{"id":23104,"date":"2025-03-14T13:27:56","date_gmt":"2025-03-14T11:27:56","guid":{"rendered":"https:\/\/bubliq.com\/?post_type=product&#038;p=23104"},"modified":"2026-04-16T08:16:39","modified_gmt":"2026-04-16T06:16:39","slug":"bubliq-sodavandsmaskine-med-glasflaske-matsort","status":"publish","type":"product","link":"https:\/\/bubliq.com\/da\/vare\/bubliq-sodavandsmaskine-med-glasflaske-matsort\/","title":{"rendered":"bubliq glass carbonator &#8211; Matsort"},"content":{"rendered":"\t\t<div data-elementor-type=\"product-post\" data-elementor-id=\"23104\" class=\"elementor elementor-23104\" data-elementor-post-type=\"product\">\n\t\t\t\t<div class=\"elementor-element elementor-element-5881996 e-con-full e-flex e-con e-child\" data-id=\"5881996\" data-element_type=\"container\" data-e-type=\"container\" data-settings=\"{&quot;background_background&quot;:&quot;classic&quot;}\">\n\t\t<div class=\"elementor-element elementor-element-1c1f8f9 e-con-full e-flex e-con e-child\" data-id=\"1c1f8f9\" data-element_type=\"container\" data-e-type=\"container\">\n\t\t\t\t<div class=\"elementor-element elementor-element-3585a6e elementor-widget elementor-widget-n-accordion\" data-id=\"3585a6e\" data-element_type=\"widget\" data-e-type=\"widget\" data-settings=\"{&quot;default_state&quot;:&quot;expanded&quot;,&quot;max_items_expended&quot;:&quot;one&quot;,&quot;n_accordion_animation_duration&quot;:{&quot;unit&quot;:&quot;ms&quot;,&quot;size&quot;:400,&quot;sizes&quot;:[]}}\" data-widget_type=\"nested-accordion.default\">\n\t\t\t\t<div class=\"elementor-widget-container\">\n\t\t\t\t\t\t\t<div class=\"e-n-accordion\" aria-label=\"Accordion. Open links with Enter or Space, close with Escape, and navigate with Arrow Keys\">\n\t\t\t\t\t\t<details id=\"e-n-accordion-item-5610\" class=\"e-n-accordion-item\" open>\n\t\t\t\t<summary class=\"e-n-accordion-item-title\" data-accordion-index=\"1\" tabindex=\"0\" aria-expanded=\"true\" aria-controls=\"e-n-accordion-item-5610\" >\n\t\t\t\t\t<span class='e-n-accordion-item-title-header'><div class=\"e-n-accordion-item-title-text\"> Beskrivelse <\/div><\/span>\n\t\t\t\t\t\t\t<span class='e-n-accordion-item-title-icon'>\n\t\t\t<span class='e-opened' ><i aria-hidden=\"true\" class=\"fas fa-minus\"><\/i><\/span>\n\t\t\t<span class='e-closed'><i aria-hidden=\"true\" class=\"fas fa-plus\"><\/i><\/span>\n\t\t<\/span>\n\n\t\t\t\t\t\t<\/summary>\n\t\t\t\t<div role=\"region\" aria-labelledby=\"e-n-accordion-item-5610\" class=\"elementor-element elementor-element-4685c8d e-con-full e-flex e-con e-child\" data-id=\"4685c8d\" data-element_type=\"container\" data-e-type=\"container\">\n\t\t\t\t<div class=\"elementor-element elementor-element-049862e elementor-widget elementor-widget-text-editor\" data-id=\"049862e\" data-element_type=\"widget\" data-e-type=\"widget\" data-widget_type=\"text-editor.default\">\n\t\t\t\t<div class=\"elementor-widget-container\">\n\t\t\t\t\t\t\t\t\t<h6><strong>Elegant, tidl\u00f8st design<\/strong><\/h6><p>bubliq glass carbonator er en sodavandsmaskine med glasflaske der elegant forener form og funktion i sit design. Uden synlige samlinger eller skruer fremst\u00e5r sodavandsmaskinen med et raffineret og tidl\u00f8st udtryk, der l\u00f8fter og komplementere k\u00f8kkenindretningen. Den medf\u00f8lgende glasflaske, vil med sit stilfulde design, st\u00e5 som naturligt midtpunkt og tilf\u00f8re et sofistikeret touch til ethvert bord.<\/p><h6><strong>Bygget til at holde<\/strong><\/h6><p style=\"font-weight: 400;\">Under det minimalistiske ydre gemmer sig en st\u00e6rk og solid konstruktion i ABS. Det s\u00f8ml\u00f8se ydre best\u00e5r af 100% rustfrit st\u00e5l i en ru, matsort finish. Den elegante glasflaske er fremstillet i massivt glas og vil med korrekt pleje, bevarer sin glans og robusthed over tid. bubliq glass carbonator er dermed ikke kun et design statement \u2013 den er bygget til at holde, mange \u00e5r frem.<\/p><h6><strong>Nem i brug<\/strong><\/h6><p style=\"font-weight: 400;\">Glem alt om de gamle, besv\u00e6rlige skrueflasker. Med den innovative Turnlock\u2122 mekanisme s\u00e6tter du nemt glasflasken i med \u00e9n h\u00e5nd \u2013 et hurtigt drej p\u00e5 45\u00b0, og flasken er p\u00e5 plads.<\/p><p style=\"font-weight: 400;\">Kulsyreknappen er designet, s\u00e5 den hviler komfortabelt i h\u00e5nden. Med nogle f\u00e5, lette tryk bliver postevand til frisk, perlende danskvand p\u00e5 sekunder. En diskret hvislen fra sodavandsmaskinen indikerer, n\u00e5r din danskvand er klar til servering.<\/p>\t\t\t\t\t\t\t\t<\/div>\n\t\t\t\t<\/div>\n\t\t\t\t<\/div>\n\t\t\t\t\t<\/details>\n\t\t\t\t\t\t<details id=\"e-n-accordion-item-5611\" class=\"e-n-accordion-item\" >\n\t\t\t\t<summary class=\"e-n-accordion-item-title\" data-accordion-index=\"2\" tabindex=\"-1\" aria-expanded=\"false\" aria-controls=\"e-n-accordion-item-5611\" >\n\t\t\t\t\t<span class='e-n-accordion-item-title-header'><div class=\"e-n-accordion-item-title-text\"> Dimensioner &amp; Materiale <\/div><\/span>\n\t\t\t\t\t\t\t<span class='e-n-accordion-item-title-icon'>\n\t\t\t<span class='e-opened' ><i aria-hidden=\"true\" class=\"fas fa-minus\"><\/i><\/span>\n\t\t\t<span class='e-closed'><i aria-hidden=\"true\" class=\"fas fa-plus\"><\/i><\/span>\n\t\t<\/span>\n\n\t\t\t\t\t\t<\/summary>\n\t\t\t\t<div role=\"region\" aria-labelledby=\"e-n-accordion-item-5611\" class=\"elementor-element elementor-element-3b18c8f e-con-full e-flex e-con e-child\" data-id=\"3b18c8f\" data-element_type=\"container\" data-e-type=\"container\">\n\t\t\t\t<div class=\"elementor-element elementor-element-6a9faea elementor-widget elementor-widget-text-editor\" data-id=\"6a9faea\" data-element_type=\"widget\" data-e-type=\"widget\" data-widget_type=\"text-editor.default\">\n\t\t\t\t<div class=\"elementor-widget-container\">\n\t\t\t\t\t\t\t\t\t<p><strong>Sodavandsmaskine<br \/><\/strong>Ydermateriale: Rustfrit st\u00e5l<br \/>Indermateriale: ABS<br \/>Kulsyrer\u00f8r: Rustfrit st\u00e5l<br \/><br \/>M\u00e5l: 42,6 x 15,2 x 27,5 cm (h\u00f8jde x bredde x dybde)<br \/>V\u00e6gt. ekskl. kuslyrepatron: 2,8 kg.<\/p><p><strong>Glasflaske<br \/><\/strong>Materiale: Glas<br \/>Kapacitet: 1 l (0,65 l til p\u00e5fyldningslinjen)<br \/>M\u00e5l: 27,5 x 7,8 cm (h\u00f8jde x diameter)<\/p>\t\t\t\t\t\t\t\t<\/div>\n\t\t\t\t<\/div>\n\t\t\t\t<\/div>\n\t\t\t\t\t<\/details>\n\t\t\t\t\t\t<details id=\"e-n-accordion-item-5612\" class=\"e-n-accordion-item\" >\n\t\t\t\t<summary class=\"e-n-accordion-item-title\" data-accordion-index=\"3\" tabindex=\"-1\" aria-expanded=\"false\" aria-controls=\"e-n-accordion-item-5612\" >\n\t\t\t\t\t<span class='e-n-accordion-item-title-header'><div class=\"e-n-accordion-item-title-text\"> Kompatible kulsyrepatroner <\/div><\/span>\n\t\t\t\t\t\t\t<span class='e-n-accordion-item-title-icon'>\n\t\t\t<span class='e-opened' ><i aria-hidden=\"true\" class=\"fas fa-minus\"><\/i><\/span>\n\t\t\t<span class='e-closed'><i aria-hidden=\"true\" class=\"fas fa-plus\"><\/i><\/span>\n\t\t<\/span>\n\n\t\t\t\t\t\t<\/summary>\n\t\t\t\t<div role=\"region\" aria-labelledby=\"e-n-accordion-item-5612\" class=\"elementor-element elementor-element-878283a e-con-full e-flex e-con e-child\" data-id=\"878283a\" data-element_type=\"container\" data-e-type=\"container\">\n\t\t\t\t<div class=\"elementor-element elementor-element-f047aa4 elementor-widget elementor-widget-text-editor\" data-id=\"f047aa4\" data-element_type=\"widget\" data-e-type=\"widget\" data-widget_type=\"text-editor.default\">\n\t\t\t\t<div class=\"elementor-widget-container\">\n\t\t\t\t\t\t\t\t\t<p>bubliq glass carbonator er kompatibel med n\u00e6sten alle 425-450 g kulsyrepatroner* med skruegevind fra f.eks. bubliq, Nordic Soda, og SodaStream (p\u00e5n\u00e6r SodaStream kulsyrepatroner med Quick Connect).\u00a0<\/p><p>*Kulsyrepatroner med f\u00f8lgende ventiler er <strong>ikke<\/strong>\u00a0kompatible med bubliq glass carbonator:\u00a0<\/p>\t\t\t\t\t\t\t\t<\/div>\n\t\t\t\t<\/div>\n\t\t\t\t<div class=\"elementor-element elementor-element-ef6bb1d elementor-widget elementor-widget-image\" data-id=\"ef6bb1d\" data-element_type=\"widget\" data-e-type=\"widget\" data-widget_type=\"image.default\">\n\t\t\t\t<div class=\"elementor-widget-container\">\n\t\t\t\t\t\t\t\t\t\t\t\t\t\t\t<img decoding=\"async\" width=\"300\" height=\"150\" src=\"https:\/\/bubliq.com\/wp-content\/uploads\/2025\/03\/inkompatible-Kulsyrepatron-ventiler-2-300x150.png\" class=\"attachment-medium size-medium wp-image-24822\" alt=\"\" srcset=\"https:\/\/bubliq.com\/wp-content\/uploads\/2025\/03\/inkompatible-Kulsyrepatron-ventiler-2-300x150.png 300w, https:\/\/bubliq.com\/wp-content\/uploads\/2025\/03\/inkompatible-Kulsyrepatron-ventiler-2-768x384.png 768w, https:\/\/bubliq.com\/wp-content\/uploads\/2025\/03\/inkompatible-Kulsyrepatron-ventiler-2-18x9.png 18w, https:\/\/bubliq.com\/wp-content\/uploads\/2025\/03\/inkompatible-Kulsyrepatron-ventiler-2-450x225.png 450w, https:\/\/bubliq.com\/wp-content\/uploads\/2025\/03\/inkompatible-Kulsyrepatron-ventiler-2.png 800w\" sizes=\"(max-width: 300px) 100vw, 300px\" \/>\t\t\t\t\t\t\t\t\t\t\t\t\t\t\t<\/div>\n\t\t\t\t<\/div>\n\t\t\t\t<\/div>\n\t\t\t\t\t<\/details>\n\t\t\t\t\t\t<details id=\"e-n-accordion-item-5613\" class=\"e-n-accordion-item\" >\n\t\t\t\t<summary class=\"e-n-accordion-item-title\" data-accordion-index=\"4\" tabindex=\"-1\" aria-expanded=\"false\" aria-controls=\"e-n-accordion-item-5613\" >\n\t\t\t\t\t<span class='e-n-accordion-item-title-header'><div class=\"e-n-accordion-item-title-text\"> Ombytning kulsyrepatroner <\/div><\/span>\n\t\t\t\t\t\t\t<span class='e-n-accordion-item-title-icon'>\n\t\t\t<span class='e-opened' ><i aria-hidden=\"true\" class=\"fas fa-minus\"><\/i><\/span>\n\t\t\t<span class='e-closed'><i aria-hidden=\"true\" class=\"fas fa-plus\"><\/i><\/span>\n\t\t<\/span>\n\n\t\t\t\t\t\t<\/summary>\n\t\t\t\t<div role=\"region\" aria-labelledby=\"e-n-accordion-item-5613\" class=\"elementor-element elementor-element-c4ba508 e-flex e-con-boxed e-con e-child\" data-id=\"c4ba508\" data-element_type=\"container\" data-e-type=\"container\">\n\t\t\t\t\t<div class=\"e-con-inner\">\n\t\t\t\t<div class=\"elementor-element elementor-element-f976c2e elementor-widget elementor-widget-text-editor\" data-id=\"f976c2e\" data-element_type=\"widget\" data-e-type=\"widget\" data-widget_type=\"text-editor.default\">\n\t\t\t\t<div class=\"elementor-widget-container\">\n\t\t\t\t\t\t\t\t\t<p><strong>Online ombytning<\/strong><br \/>Du kan ombytte dine tomme bubliq kulsyrepatroner i vores online ombytningsservice. Bem\u00e6rk venligst, at du kun kan ombytte 3 eller 6 patroner i vores online ombytningsservice. Klik <a href=\"https:\/\/bubliq.com\/kulsyrepatron-ombytning\/\">her<\/a> for at g\u00e5 til siden for ombytning.\u00a0<br \/><strong><br \/>Byt til andre m\u00e6rker<br \/><\/strong>Da alle 425-450 g kulsyrepatroner p\u00e5 markedet er universelle, kan du ogs\u00e5 bytte din kulsyrepatron til andre m\u00e6rker, f.eks. Nordic Soda. Vi anbefaler dog, at du tjekker med den p\u00e5g\u00e6ldende leverand\u00f8r, om de tager i mod andre m\u00e6rker.\u00a0<\/p>\t\t\t\t\t\t\t\t<\/div>\n\t\t\t\t<\/div>\n\t\t\t\t\t<\/div>\n\t\t\t\t<\/div>\n\t\t\t\t\t<\/details>\n\t\t\t\t\t\t<details id=\"e-n-accordion-item-5614\" class=\"e-n-accordion-item\" >\n\t\t\t\t<summary class=\"e-n-accordion-item-title\" data-accordion-index=\"5\" tabindex=\"-1\" aria-expanded=\"false\" aria-controls=\"e-n-accordion-item-5614\" >\n\t\t\t\t\t<span class='e-n-accordion-item-title-header'><div class=\"e-n-accordion-item-title-text\"> Reng\u00f8ring og vedligeholdelse <\/div><\/span>\n\t\t\t\t\t\t\t<span class='e-n-accordion-item-title-icon'>\n\t\t\t<span class='e-opened' ><i aria-hidden=\"true\" class=\"fas fa-minus\"><\/i><\/span>\n\t\t\t<span class='e-closed'><i aria-hidden=\"true\" class=\"fas fa-plus\"><\/i><\/span>\n\t\t<\/span>\n\n\t\t\t\t\t\t<\/summary>\n\t\t\t\t<div role=\"region\" aria-labelledby=\"e-n-accordion-item-5614\" class=\"elementor-element elementor-element-fc05dc9 e-flex e-con-boxed e-con e-child\" data-id=\"fc05dc9\" data-element_type=\"container\" data-e-type=\"container\">\n\t\t\t\t\t<div class=\"e-con-inner\">\n\t\t\t\t<div class=\"elementor-element elementor-element-4d4cec9 elementor-widget elementor-widget-text-editor\" data-id=\"4d4cec9\" data-element_type=\"widget\" data-e-type=\"widget\" data-widget_type=\"text-editor.default\">\n\t\t\t\t<div class=\"elementor-widget-container\">\n\t\t\t\t\t\t\t\t\t<p style=\"text-align: left;\"><strong>Maskine<\/strong><br \/>Reng\u00f8r maskinen med en fugtig klud med mildt opvaskemiddel.<br \/><strong><br \/>Glasflaske<br \/><\/strong><\/p><p class=\"p1\">Glasflasken t\u00e5ler opvaskemaskine, men for at forl\u00e6nge flaskens levetid og bevare dens udseende, anbefaler vi, at du vasker den i h\u00e5nden. For at t\u00f8rre flasken indvendigt, plac\u00e9r den p\u00e5 hovedet uden l\u00e5g i et opvaskestativ.\u00a0<\/p>\t\t\t\t\t\t\t\t<\/div>\n\t\t\t\t<\/div>\n\t\t<div role=\"region\" aria-labelledby=\"e-n-accordion-item-5614\" class=\"elementor-element elementor-element-465be5e e-grid e-con-full e-con e-child\" data-id=\"465be5e\" data-element_type=\"container\" data-e-type=\"container\">\n\t\t\t\t<div class=\"elementor-element elementor-element-324b347 elementor-widget elementor-widget-image\" data-id=\"324b347\" data-element_type=\"widget\" data-e-type=\"widget\" data-widget_type=\"image.default\">\n\t\t\t\t<div class=\"elementor-widget-container\">\n\t\t\t\t\t\t\t\t\t\t\t\t\t\t\t<img decoding=\"async\" width=\"300\" height=\"114\" src=\"https:\/\/bubliq.com\/wp-content\/uploads\/2025\/03\/Dishwash-and-Handwash.svg\" class=\"attachment-medium size-medium wp-image-23166\" alt=\"\" \/>\t\t\t\t\t\t\t\t\t\t\t\t\t\t\t<\/div>\n\t\t\t\t<\/div>\n\t\t\t\t<\/div>\n\t\t<div role=\"region\" aria-labelledby=\"e-n-accordion-item-5614\" class=\"elementor-element elementor-element-150fdec e-con-full e-flex e-con e-child\" data-id=\"150fdec\" data-element_type=\"container\" data-e-type=\"container\">\n\t\t\t\t<div class=\"elementor-element elementor-element-51cc4ae elementor-widget elementor-widget-text-editor\" data-id=\"51cc4ae\" data-element_type=\"widget\" data-e-type=\"widget\" data-widget_type=\"text-editor.default\">\n\t\t\t\t<div class=\"elementor-widget-container\">\n\t\t\t\t\t\t\t\t\t<p class=\"p1\"><strong>Sikkerhedsinstruktioner for glasflasken<\/strong><\/p><ul><li>Benyt kun flasken til vand<\/li><li class=\"p1\">H\u00e6ld aldrig kogende vand i flasken<\/li><li class=\"p1\">Uds\u00e6t aldrig flasken for temperaturchock eller temperaturer under 1\u00b0C og over 80\u00b0C<\/li><li>Brug aldrig en revnet eller beskadiget flaske<\/li><li>Brug kun kompatible flasker fra bubliq<\/li><\/ul>\t\t\t\t\t\t\t\t<\/div>\n\t\t\t\t<\/div>\n\t\t\t\t<\/div>\n\t\t\t\t\t<\/div>\n\t\t\t\t<\/div>\n\t\t\t\t\t<\/details>\n\t\t\t\t\t\t<details id=\"e-n-accordion-item-5615\" class=\"e-n-accordion-item\" >\n\t\t\t\t<summary class=\"e-n-accordion-item-title\" data-accordion-index=\"6\" tabindex=\"-1\" aria-expanded=\"false\" aria-controls=\"e-n-accordion-item-5615\" >\n\t\t\t\t\t<span class='e-n-accordion-item-title-header'><div class=\"e-n-accordion-item-title-text\"> Manual <\/div><\/span>\n\t\t\t\t\t\t\t<span class='e-n-accordion-item-title-icon'>\n\t\t\t<span class='e-opened' ><i aria-hidden=\"true\" class=\"fas fa-minus\"><\/i><\/span>\n\t\t\t<span class='e-closed'><i aria-hidden=\"true\" class=\"fas fa-plus\"><\/i><\/span>\n\t\t<\/span>\n\n\t\t\t\t\t\t<\/summary>\n\t\t\t\t<div role=\"region\" aria-labelledby=\"e-n-accordion-item-5615\" class=\"elementor-element elementor-element-c7c16f0 e-flex e-con-boxed e-con e-child\" data-id=\"c7c16f0\" data-element_type=\"container\" data-e-type=\"container\">\n\t\t\t\t\t<div class=\"e-con-inner\">\n\t\t\t\t<div class=\"elementor-element elementor-element-d12d9e8 elementor-widget elementor-widget-text-editor\" data-id=\"d12d9e8\" data-element_type=\"widget\" data-e-type=\"widget\" data-widget_type=\"text-editor.default\">\n\t\t\t\t<div class=\"elementor-widget-container\">\n\t\t\t\t\t\t\t\t\t<p>Du finder manulen til bubliq glass carbonator <a href=\"https:\/\/bubliq.com\/wp-content\/uploads\/2025\/06\/bubliq-glass-carbonator-user-manual-June-2025.pdf\" target=\"_blank\" rel=\"noopener\">her<\/a>.<\/p>\t\t\t\t\t\t\t\t<\/div>\n\t\t\t\t<\/div>\n\t\t\t\t\t<\/div>\n\t\t\t\t<\/div>\n\t\t\t\t\t<\/details>\n\t\t\t\t\t<\/div>\n\t\t\t\t\t\t<\/div>\n\t\t\t\t<\/div>\n\t\t\t\t<\/div>\n\t\t\t\t<\/div>\n\t\t\t\t<\/div>\n\t\t","protected":false},"excerpt":{"rendered":"<p style=\"font-weight: 400;\">Den matsorte bubliq glass carbonator forener \u00e6stetik og funktionalitet i en elegant sodavandsmaskine med glasflaske. Med sin ru, matsorte finish i rustfrit st\u00e5l, har sodavandsmaskinen et moderne, minimalistisk udtryk, der passer naturligt ind i det nordiske k\u00f8kken. Maskinen er lavet af holdbare, b\u00e6redygtige materialer og designet til at klare hverdagens brug \u2013 i dag og mange \u00e5r frem. Den innovative Turnlock\u2122 funktion g\u00f8r det nemt og hurtigt at fastg\u00f8re flasken, og med nogle f\u00e5 tryk, forvandler du postevand til perlende frisk danskvand.<\/p>\n","protected":false},"featured_media":23736,"template":"","meta":[],"product_brand":[],"product_cat":[31],"product_tag":[167],"woo-feed-brand":[],"class_list":{"0":"post-23104","1":"product","2":"type-product","3":"status-publish","4":"has-post-thumbnail","6":"product_cat-sodavandsmaskiner","7":"product_tag-glass-carbonator","9":"first","10":"instock","11":"taxable","12":"shipping-taxable","13":"purchasable","14":"product-type-simple"},"_links":{"self":[{"href":"https:\/\/bubliq.com\/da\/wp-json\/wp\/v2\/product\/23104","targetHints":{"allow":["GET"]}}],"collection":[{"href":"https:\/\/bubliq.com\/da\/wp-json\/wp\/v2\/product"}],"about":[{"href":"https:\/\/bubliq.com\/da\/wp-json\/wp\/v2\/types\/product"}],"version-history":[{"count":49,"href":"https:\/\/bubliq.com\/da\/wp-json\/wp\/v2\/product\/23104\/revisions"}],"predecessor-version":[{"id":26215,"href":"https:\/\/bubliq.com\/da\/wp-json\/wp\/v2\/product\/23104\/revisions\/26215"}],"wp:featuredmedia":[{"embeddable":true,"href":"https:\/\/bubliq.com\/da\/wp-json\/wp\/v2\/media\/23736"}],"wp:attachment":[{"href":"https:\/\/bubliq.com\/da\/wp-json\/wp\/v2\/media?parent=23104"}],"wp:term":[{"taxonomy":"product_brand","embeddable":true,"href":"https:\/\/bubliq.com\/da\/wp-json\/wp\/v2\/product_brand?post=23104"},{"taxonomy":"product_cat","embeddable":true,"href":"https:\/\/bubliq.com\/da\/wp-json\/wp\/v2\/product_cat?post=23104"},{"taxonomy":"product_tag","embeddable":true,"href":"https:\/\/bubliq.com\/da\/wp-json\/wp\/v2\/product_tag?post=23104"},{"taxonomy":"woo-feed-brand","embeddable":true,"href":"https:\/\/bubliq.com\/da\/wp-json\/wp\/v2\/woo-feed-brand?post=23104"}],"curies":[{"name":"wp","href":"https:\/\/api.w.org\/{rel}","templated":true}]}}