{"id":23388,"date":"2025-04-29T10:58:41","date_gmt":"2025-04-29T08:58:41","guid":{"rendered":"https:\/\/bubliq.com\/?post_type=product&#038;p=23388"},"modified":"2025-10-16T13:40:08","modified_gmt":"2025-10-16T11:40:08","slug":"italian-pink-grapefruit","status":"publish","type":"product","link":"https:\/\/bubliq.com\/da\/vare\/italian-pink-grapefruit\/","title":{"rendered":"Italian Pink Grapefruit"},"content":{"rendered":"\t\t<div data-elementor-type=\"product-post\" data-elementor-id=\"23388\" class=\"elementor elementor-23388\" data-elementor-post-type=\"product\">\n\t\t\t\t<div class=\"elementor-element elementor-element-14e66cb e-con-full e-flex e-con e-child\" data-id=\"14e66cb\" data-element_type=\"container\" data-e-type=\"container\">\n\t\t<div class=\"elementor-element elementor-element-9a7e9e8 e-con-full e-flex e-con e-child\" data-id=\"9a7e9e8\" data-element_type=\"container\" data-e-type=\"container\">\n\t\t\t\t<div class=\"elementor-element elementor-element-2fe04da elementor-widget elementor-widget-n-accordion\" data-id=\"2fe04da\" data-element_type=\"widget\" data-e-type=\"widget\" data-settings=\"{&quot;default_state&quot;:&quot;expanded&quot;,&quot;max_items_expended&quot;:&quot;one&quot;,&quot;n_accordion_animation_duration&quot;:{&quot;unit&quot;:&quot;ms&quot;,&quot;size&quot;:400,&quot;sizes&quot;:[]}}\" data-widget_type=\"nested-accordion.default\">\n\t\t\t\t<div class=\"elementor-widget-container\">\n\t\t\t\t\t\t\t<div class=\"e-n-accordion\" aria-label=\"Accordion. Open links with Enter or Space, close with Escape, and navigate with Arrow Keys\">\n\t\t\t\t\t\t<details id=\"e-n-accordion-item-5020\" class=\"e-n-accordion-item\" open>\n\t\t\t\t<summary class=\"e-n-accordion-item-title\" data-accordion-index=\"1\" tabindex=\"0\" aria-expanded=\"true\" aria-controls=\"e-n-accordion-item-5020\" >\n\t\t\t\t\t<span class='e-n-accordion-item-title-header'><div class=\"e-n-accordion-item-title-text\"> Beskrivelse <\/div><\/span>\n\t\t\t\t\t\t\t<span class='e-n-accordion-item-title-icon'>\n\t\t\t<span class='e-opened' ><i aria-hidden=\"true\" class=\"fas fa-minus\"><\/i><\/span>\n\t\t\t<span class='e-closed'><i aria-hidden=\"true\" class=\"fas fa-plus\"><\/i><\/span>\n\t\t<\/span>\n\n\t\t\t\t\t\t<\/summary>\n\t\t\t\t<div role=\"region\" aria-labelledby=\"e-n-accordion-item-5020\" class=\"elementor-element elementor-element-ee6a6f3 e-con-full e-flex e-con e-child\" data-id=\"ee6a6f3\" data-element_type=\"container\" data-e-type=\"container\">\n\t\t\t\t<div class=\"elementor-element elementor-element-c8e4d5a elementor-widget elementor-widget-text-editor\" data-id=\"c8e4d5a\" data-element_type=\"widget\" data-e-type=\"widget\" data-widget_type=\"text-editor.default\">\n\t\t\t\t<div class=\"elementor-widget-container\">\n\t\t\t\t\t\t\t\t\t<p>Italian Pink Grapefruit er en klassisk italiensk sodavandssirup, som nydes overalt i Italien (Soda al Pompelmo Rosa p\u00e5 italiensk). Siruppen indeholder 90% grapefrugtjuice, som giver en autentisk smagsoplevelse, og f\u00f8lelse af \u00e6gte Italiensk h\u00e5ndv\u00e6rk. Smagen er frisk og afrundet med en perfekt balance mellem s\u00f8dme og syrlighed, uden at v\u00e6re bitter.<\/p><p class=\"\" data-start=\"146\" data-end=\"547\">Siruppen fremstilles af solmodne pink grapefrugter fra Sicilien, hvor frugterne trives i det varme middelhavsklima og den n\u00e6ringsrige vulkanske jord. Det giver grapefrugterne deres smukke rosa frugtk\u00f8d, og karakteristiske citrusnoter og s\u00f8dme.\u00a0<\/p><p>Italian pink grapefrugt er en forfriskende t\u00f8rstslukker, der kan nydes b\u00e5de med og uden brus. Siruppen er ogs\u00e5 velegnet som base i en spritz, G&amp;T eller mocktail med friske skiver af grapefrugt.<\/p>\t\t\t\t\t\t\t\t<\/div>\n\t\t\t\t<\/div>\n\t\t\t\t<\/div>\n\t\t\t\t\t<\/details>\n\t\t\t\t\t\t<details id=\"e-n-accordion-item-5021\" class=\"e-n-accordion-item\" >\n\t\t\t\t<summary class=\"e-n-accordion-item-title\" data-accordion-index=\"2\" tabindex=\"-1\" aria-expanded=\"false\" aria-controls=\"e-n-accordion-item-5021\" >\n\t\t\t\t\t<span class='e-n-accordion-item-title-header'><div class=\"e-n-accordion-item-title-text\"> Ingredienser <\/div><\/span>\n\t\t\t\t\t\t\t<span class='e-n-accordion-item-title-icon'>\n\t\t\t<span class='e-opened' ><i aria-hidden=\"true\" class=\"fas fa-minus\"><\/i><\/span>\n\t\t\t<span class='e-closed'><i aria-hidden=\"true\" class=\"fas fa-plus\"><\/i><\/span>\n\t\t<\/span>\n\n\t\t\t\t\t\t<\/summary>\n\t\t\t\t<div role=\"region\" aria-labelledby=\"e-n-accordion-item-5021\" class=\"elementor-element elementor-element-f62c0d1 e-flex e-con-boxed e-con e-child\" data-id=\"f62c0d1\" data-element_type=\"container\" data-e-type=\"container\">\n\t\t\t\t\t<div class=\"e-con-inner\">\n\t\t\t\t<div class=\"elementor-element elementor-element-71872f4 elementor-widget elementor-widget-text-editor\" data-id=\"71872f4\" data-element_type=\"widget\" data-e-type=\"widget\" data-widget_type=\"text-editor.default\">\n\t\t\t\t<div class=\"elementor-widget-container\">\n\t\t\t\t\t\t\t\t\t<p style=\"text-align: left;\">Italiensk koncentreret pink grapefrugtjuice og frugtk\u00f8d (90%), r\u00f8rsukker, naturlige aromaer, surhedsregulerende middel: citronsyre, s\u00f8destof: sukralose, konserveringsmiddel: kaliumsorbat, natriumbenzoat, fortykningsmiddel: pektin, naturligt farvestof: hyldeb\u00e6r ekstrakt.<\/p>\t\t\t\t\t\t\t\t<\/div>\n\t\t\t\t<\/div>\n\t\t\t\t\t<\/div>\n\t\t\t\t<\/div>\n\t\t\t\t\t<\/details>\n\t\t\t\t\t\t<details id=\"e-n-accordion-item-5022\" class=\"e-n-accordion-item\" >\n\t\t\t\t<summary class=\"e-n-accordion-item-title\" data-accordion-index=\"3\" tabindex=\"-1\" aria-expanded=\"false\" aria-controls=\"e-n-accordion-item-5022\" >\n\t\t\t\t\t<span class='e-n-accordion-item-title-header'><div class=\"e-n-accordion-item-title-text\"> N\u00e6ringsindhold <\/div><\/span>\n\t\t\t\t\t\t\t<span class='e-n-accordion-item-title-icon'>\n\t\t\t<span class='e-opened' ><i aria-hidden=\"true\" class=\"fas fa-minus\"><\/i><\/span>\n\t\t\t<span class='e-closed'><i aria-hidden=\"true\" class=\"fas fa-plus\"><\/i><\/span>\n\t\t<\/span>\n\n\t\t\t\t\t\t<\/summary>\n\t\t\t\t<div role=\"region\" aria-labelledby=\"e-n-accordion-item-5022\" class=\"elementor-element elementor-element-5eb4925 e-flex e-con-boxed e-con e-child\" data-id=\"5eb4925\" data-element_type=\"container\" data-e-type=\"container\">\n\t\t\t\t\t<div class=\"e-con-inner\">\n\t\t\t\t<div class=\"elementor-element elementor-element-f071d2f elementor-widget elementor-widget-text-editor\" data-id=\"f071d2f\" data-element_type=\"widget\" data-e-type=\"widget\" data-widget_type=\"text-editor.default\">\n\t\t\t\t<div class=\"elementor-widget-container\">\n\t\t\t\t\t\t\t\t\t<p><strong>N\u00e6ringsindhold pr. 100 ml drik n\u00e5r tilberedt som anvist:<\/strong><\/p><p>Energi: 88 kJ\/22 kcal (0%)<br \/>Fedt: 0 g (0%)<br \/>\u2013 heraf m\u00e6ttet fedt: 0 g (0%)<br \/>&#8211; um\u00e6ttet fedt: 0 g (0%)<br \/>Kulhydrat 5,48 g (2%)<br \/>\u2013 Heraf sukkerarter: 5,01 g<br \/>Protein: 0 g (0%)<br \/>Salt: 3,50 mg (0%)<br \/>*%-vis referenceindtag for en voksen gennemsnitsperson (8.400 kJ\/2.000 kcal)<\/p>\t\t\t\t\t\t\t\t<\/div>\n\t\t\t\t<\/div>\n\t\t\t\t\t<\/div>\n\t\t\t\t<\/div>\n\t\t\t\t\t<\/details>\n\t\t\t\t\t\t<details id=\"e-n-accordion-item-5023\" class=\"e-n-accordion-item\" >\n\t\t\t\t<summary class=\"e-n-accordion-item-title\" data-accordion-index=\"4\" tabindex=\"-1\" aria-expanded=\"false\" aria-controls=\"e-n-accordion-item-5023\" >\n\t\t\t\t\t<span class='e-n-accordion-item-title-header'><div class=\"e-n-accordion-item-title-text\"> Indhold og holdbarhed  <\/div><\/span>\n\t\t\t\t\t\t\t<span class='e-n-accordion-item-title-icon'>\n\t\t\t<span class='e-opened' ><i aria-hidden=\"true\" class=\"fas fa-minus\"><\/i><\/span>\n\t\t\t<span class='e-closed'><i aria-hidden=\"true\" class=\"fas fa-plus\"><\/i><\/span>\n\t\t<\/span>\n\n\t\t\t\t\t\t<\/summary>\n\t\t\t\t<div role=\"region\" aria-labelledby=\"e-n-accordion-item-5023\" class=\"elementor-element elementor-element-edfe2cb e-flex e-con-boxed e-con e-child\" data-id=\"edfe2cb\" data-element_type=\"container\" data-e-type=\"container\">\n\t\t\t\t\t<div class=\"e-con-inner\">\n\t\t\t\t<div class=\"elementor-element elementor-element-1c301e0 elementor-widget elementor-widget-text-editor\" data-id=\"1c301e0\" data-element_type=\"widget\" data-e-type=\"widget\" data-widget_type=\"text-editor.default\">\n\t\t\t\t<div class=\"elementor-widget-container\">\n\t\t\t\t\t\t\t\t\t<p><strong>Flaskens nettoindhold:<\/strong> 500 ml.<br \/><strong>Holdbarhed (bedst f\u00f8r):<\/strong> 24 m\u00e5neder i u\u00e5bnet tilstand.\u00a01-2 m\u00e5neder i \u00e5bnet tilstand i k\u00f8leskab.<br \/><strong>Anbefalet blandingsforhold<\/strong>: 1 del sirup til 13,5 dele vand.<\/p>\t\t\t\t\t\t\t\t<\/div>\n\t\t\t\t<\/div>\n\t\t\t\t\t<\/div>\n\t\t\t\t<\/div>\n\t\t\t\t\t<\/details>\n\t\t\t\t\t<\/div>\n\t\t\t\t\t\t<\/div>\n\t\t\t\t<\/div>\n\t\t\t\t<\/div>\n\t\t\t\t<\/div>\n\t\t\t\t<\/div>\n\t\t","protected":false},"excerpt":{"rendered":"<p>Italian pink grapefruit sirup er en forfriskende og autentisk kvalitetssirup der indeholder 90\u202f% grapefrugtjuice. Den er fremstillet af solmodne pink grapefrugter fra Sicilien, som giver smagen en perfekt balance mellem s\u00f8dme og citrus syrlighed \u2013 helt uden bitterhed. Nydes opblandet i vand med eller uden brus, eller som base i en spritz, G&amp;T eller mocktail.<\/p>\n<ul>\n<li>90% koncentreret grapefrugtjuice fra Sicilien<\/li>\n<li>\u00a0S\u00f8d og let syrlig citrussmag<\/li>\n<li>GMO-fri og uden kunstige farvestoffer<\/li>\n<li>Lavt sukkerindhold<\/li>\n<\/ul>\n","protected":false},"featured_media":23599,"template":"","meta":[],"product_brand":[],"product_cat":[148],"product_tag":[],"woo-feed-brand":[],"class_list":{"0":"post-23388","1":"product","2":"type-product","3":"status-publish","4":"has-post-thumbnail","6":"product_cat-sodavandssirup","8":"first","9":"instock","10":"taxable","11":"shipping-taxable","12":"purchasable","13":"product-type-simple"},"_links":{"self":[{"href":"https:\/\/bubliq.com\/da\/wp-json\/wp\/v2\/product\/23388","targetHints":{"allow":["GET"]}}],"collection":[{"href":"https:\/\/bubliq.com\/da\/wp-json\/wp\/v2\/product"}],"about":[{"href":"https:\/\/bubliq.com\/da\/wp-json\/wp\/v2\/types\/product"}],"version-history":[{"count":72,"href":"https:\/\/bubliq.com\/da\/wp-json\/wp\/v2\/product\/23388\/revisions"}],"predecessor-version":[{"id":23550,"href":"https:\/\/bubliq.com\/da\/wp-json\/wp\/v2\/product\/23388\/revisions\/23550"}],"wp:featuredmedia":[{"embeddable":true,"href":"https:\/\/bubliq.com\/da\/wp-json\/wp\/v2\/media\/23599"}],"wp:attachment":[{"href":"https:\/\/bubliq.com\/da\/wp-json\/wp\/v2\/media?parent=23388"}],"wp:term":[{"taxonomy":"product_brand","embeddable":true,"href":"https:\/\/bubliq.com\/da\/wp-json\/wp\/v2\/product_brand?post=23388"},{"taxonomy":"product_cat","embeddable":true,"href":"https:\/\/bubliq.com\/da\/wp-json\/wp\/v2\/product_cat?post=23388"},{"taxonomy":"product_tag","embeddable":true,"href":"https:\/\/bubliq.com\/da\/wp-json\/wp\/v2\/product_tag?post=23388"},{"taxonomy":"woo-feed-brand","embeddable":true,"href":"https:\/\/bubliq.com\/da\/wp-json\/wp\/v2\/woo-feed-brand?post=23388"}],"curies":[{"name":"wp","href":"https:\/\/api.w.org\/{rel}","templated":true}]}}