{"id":3120,"date":"2019-12-06T18:17:44","date_gmt":"2019-12-06T16:17:44","guid":{"rendered":"https:\/\/bubliq.dk\/?post_type=product&#038;p=3120"},"modified":"2026-04-09T11:53:57","modified_gmt":"2026-04-09T09:53:57","slug":"matsort-sodavandsmaskine-fra-bubliq-inkl-kulsyrepatron","status":"publish","type":"product","link":"https:\/\/bubliq.com\/da\/vare\/matsort-sodavandsmaskine-fra-bubliq-inkl-kulsyrepatron\/","title":{"rendered":"Matsort bubliq drink carbonator inkl. kulsyrepatron"},"content":{"rendered":"\t\t<div data-elementor-type=\"product-post\" data-elementor-id=\"3120\" class=\"elementor elementor-3120\" data-elementor-post-type=\"product\">\n\t\t\t\t<div class=\"elementor-element elementor-element-1df716b elementor-hidden-desktop elementor-hidden-tablet e-flex e-con-boxed e-con e-parent\" data-id=\"1df716b\" data-element_type=\"container\" data-e-type=\"container\">\n\t\t\t\t\t<div class=\"e-con-inner\">\n\t\t\t\t<div class=\"elementor-element elementor-element-b018815 elementor-widget elementor-widget-html\" data-id=\"b018815\" data-element_type=\"widget\" data-e-type=\"widget\" data-widget_type=\"html.default\">\n\t\t\t\t<div class=\"elementor-widget-container\">\n\t\t\t\t\t<div class=\"wistia_responsive_padding\" style=\"padding:125.0% 0 0 0;position:relative;\"><div class=\"wistia_responsive_wrapper\" style=\"height:100%;left:0;position:absolute;top:0;width:100%;\"><iframe src=\"https:\/\/fast.wistia.net\/embed\/iframe\/ys5a1eqfqz?seo=false&videoFoam=true\" title=\"Louisehjort-bubliq-video 4-5 ratio\" allow=\"autoplay; fullscreen\" allowtransparency=\"true\" frameborder=\"0\" scrolling=\"no\" class=\"wistia_embed\" name=\"wistia_embed\" msallowfullscreen width=\"100%\" height=\"100%\"><\/iframe><\/div><\/div>\n<script src=\"https:\/\/fast.wistia.net\/assets\/external\/E-v1.js\" async><\/script>\t\t\t\t<\/div>\n\t\t\t\t<\/div>\n\t\t\t\t\t<\/div>\n\t\t\t\t<\/div>\n\t\t<div class=\"elementor-element elementor-element-4bec8cd e-flex e-con-boxed e-con e-parent\" data-id=\"4bec8cd\" data-element_type=\"container\" data-e-type=\"container\" data-settings=\"{&quot;background_background&quot;:&quot;classic&quot;}\">\n\t\t\t\t\t<div class=\"e-con-inner\">\n\t\t<div class=\"elementor-element elementor-element-a0d00c2 e-con-full e-flex e-con e-child\" data-id=\"a0d00c2\" data-element_type=\"container\" data-e-type=\"container\">\n\t\t\t\t<div class=\"elementor-element elementor-element-80cd205 elementor-widget elementor-widget-n-accordion\" data-id=\"80cd205\" data-element_type=\"widget\" data-e-type=\"widget\" data-settings=\"{&quot;default_state&quot;:&quot;expanded&quot;,&quot;max_items_expended&quot;:&quot;one&quot;,&quot;n_accordion_animation_duration&quot;:{&quot;unit&quot;:&quot;ms&quot;,&quot;size&quot;:400,&quot;sizes&quot;:[]}}\" data-widget_type=\"nested-accordion.default\">\n\t\t\t\t<div class=\"elementor-widget-container\">\n\t\t\t\t\t\t\t<div class=\"e-n-accordion\" aria-label=\"Accordion. Open links with Enter or Space, close with Escape, and navigate with Arrow Keys\">\n\t\t\t\t\t\t<details id=\"e-n-accordion-item-1350\" class=\"e-n-accordion-item\" open>\n\t\t\t\t<summary class=\"e-n-accordion-item-title\" data-accordion-index=\"1\" tabindex=\"0\" aria-expanded=\"true\" aria-controls=\"e-n-accordion-item-1350\" >\n\t\t\t\t\t<span class='e-n-accordion-item-title-header'><div class=\"e-n-accordion-item-title-text\"> Beskrivelse <\/div><\/span>\n\t\t\t\t\t\t\t<span class='e-n-accordion-item-title-icon'>\n\t\t\t<span class='e-opened' ><i aria-hidden=\"true\" class=\"fas fa-minus\"><\/i><\/span>\n\t\t\t<span class='e-closed'><i aria-hidden=\"true\" class=\"fas fa-plus\"><\/i><\/span>\n\t\t<\/span>\n\n\t\t\t\t\t\t<\/summary>\n\t\t\t\t<div role=\"region\" aria-labelledby=\"e-n-accordion-item-1350\" class=\"elementor-element elementor-element-c6c59da e-con-full e-flex e-con e-child\" data-id=\"c6c59da\" data-element_type=\"container\" data-e-type=\"container\">\n\t\t\t\t<div class=\"elementor-element elementor-element-6bd1473 elementor-widget elementor-widget-text-editor\" data-id=\"6bd1473\" data-element_type=\"widget\" data-e-type=\"widget\" data-widget_type=\"text-editor.default\">\n\t\t\t\t<div class=\"elementor-widget-container\">\n\t\t\t\t\t\t\t\t\t<h6><strong>Stilrent design<\/strong><\/h6><p>bubliq drink carbonator vil med sit elegante og tidsl\u00f8se design passe godt ind i alle k\u00f8kkener. Maskinen er med kun 8 cm. i bredden, verdens slankeste sodavandsmaskine! Den optager minimal plads p\u00e5 k\u00f8kkenbordet, og flasken vil med sit h\u00f8je, slanke udseende pryde ethvert bord.<\/p><h6><strong>Innovativ teknologi<\/strong><\/h6><p>Med bubliqs patenteret Air-Charge\u2122 teknologi, har det aldrig v\u00e6ret lettere at tils\u00e6tte kulsyre til dine drikke. Skru l\u00e5get p\u00e5 flasken, inds\u00e6t flasken p\u00e5 standen, og tils\u00e6t kulsyre med et par f\u00e5 tryk. Med den innovative Air-Charge\u2122 teknologi s\u00e6tter bubliq en ny standard inden for betjening af sodavandsmaskiner. Det er slut med at skrue store, besv\u00e6rlige flasker p\u00e5 plads som p\u00e5 de gamle kulsyremaskiner.<\/p><h6><strong>S\u00e6t kulsyre til alt<\/strong><\/h6><p>Sodavandsmaskinen fra bubliq laver mere end bare danskvand. Den s\u00e6tter bobler til alle dine drikke, lige fra vin, til vand og forfriskende lemonader. Vidste du, at frugt og gr\u00f8nt frigiver mere smag til din drik, n\u00e5r det tils\u00e6ttes kulsyre? Pr\u00f8v f.eks. at komme et par friske skiver citron i vandet, n\u00e6ste gang du laver danskvand.<\/p>\t\t\t\t\t\t\t\t<\/div>\n\t\t\t\t<\/div>\n\t\t\t\t<\/div>\n\t\t\t\t\t<\/details>\n\t\t\t\t\t\t<details id=\"e-n-accordion-item-1351\" class=\"e-n-accordion-item\" >\n\t\t\t\t<summary class=\"e-n-accordion-item-title\" data-accordion-index=\"2\" tabindex=\"-1\" aria-expanded=\"false\" aria-controls=\"e-n-accordion-item-1351\" >\n\t\t\t\t\t<span class='e-n-accordion-item-title-header'><div class=\"e-n-accordion-item-title-text\"> Dimensioner &amp; Materiale <\/div><\/span>\n\t\t\t\t\t\t\t<span class='e-n-accordion-item-title-icon'>\n\t\t\t<span class='e-opened' ><i aria-hidden=\"true\" class=\"fas fa-minus\"><\/i><\/span>\n\t\t\t<span class='e-closed'><i aria-hidden=\"true\" class=\"fas fa-plus\"><\/i><\/span>\n\t\t<\/span>\n\n\t\t\t\t\t\t<\/summary>\n\t\t\t\t<div role=\"region\" aria-labelledby=\"e-n-accordion-item-1351\" class=\"elementor-element elementor-element-78d357c e-con-full e-flex e-con e-child\" data-id=\"78d357c\" data-element_type=\"container\" data-e-type=\"container\">\n\t\t\t\t<div class=\"elementor-element elementor-element-0f78d37 elementor-widget elementor-widget-text-editor\" data-id=\"0f78d37\" data-element_type=\"widget\" data-e-type=\"widget\" data-widget_type=\"text-editor.default\">\n\t\t\t\t<div class=\"elementor-widget-container\">\n\t\t\t\t\t\t\t\t\t<p><strong>Maskine<br \/><\/strong>Materiale: ABS<strong><br \/><\/strong>M\u00e5l: 42,5 x 8 x 16,5 cm (h\u00f8jde x bredde x dybde)<br \/>V\u00e6gt. ekskl. kuslyrepatron: 0,8 kg.<\/p><p><strong>Flaske<br \/><\/strong>Materiale: PET, 100% BPA-fri<strong><br \/><\/strong>M\u00e5l: 37,2 x 6,8 cm (h\u00f8jde x diameter)<\/p>\t\t\t\t\t\t\t\t<\/div>\n\t\t\t\t<\/div>\n\t\t\t\t<\/div>\n\t\t\t\t\t<\/details>\n\t\t\t\t\t\t<details id=\"e-n-accordion-item-1352\" class=\"e-n-accordion-item\" >\n\t\t\t\t<summary class=\"e-n-accordion-item-title\" data-accordion-index=\"3\" tabindex=\"-1\" aria-expanded=\"false\" aria-controls=\"e-n-accordion-item-1352\" >\n\t\t\t\t\t<span class='e-n-accordion-item-title-header'><div class=\"e-n-accordion-item-title-text\"> Kompatible kulsyrepatroner <\/div><\/span>\n\t\t\t\t\t\t\t<span class='e-n-accordion-item-title-icon'>\n\t\t\t<span class='e-opened' ><i aria-hidden=\"true\" class=\"fas fa-minus\"><\/i><\/span>\n\t\t\t<span class='e-closed'><i aria-hidden=\"true\" class=\"fas fa-plus\"><\/i><\/span>\n\t\t<\/span>\n\n\t\t\t\t\t\t<\/summary>\n\t\t\t\t<div role=\"region\" aria-labelledby=\"e-n-accordion-item-1352\" class=\"elementor-element elementor-element-a21ae26 e-con-full e-flex e-con e-child\" data-id=\"a21ae26\" data-element_type=\"container\" data-e-type=\"container\">\n\t\t\t\t<div class=\"elementor-element elementor-element-767e2ff elementor-widget elementor-widget-text-editor\" data-id=\"767e2ff\" data-element_type=\"widget\" data-e-type=\"widget\" data-widget_type=\"text-editor.default\">\n\t\t\t\t<div class=\"elementor-widget-container\">\n\t\t\t\t\t\t\t\t\t<p>bubliq drink carbonator er kompatibel med alle 425-450 g kulsyrepatroner fra f.eks. AGA og SodaStream (p\u00e5n\u00e6r SodaStream Quick Connect). I denne pakke \u00a0medf\u00f8lger der en ny kulsyrepatron fra bubliq.<\/p>\t\t\t\t\t\t\t\t<\/div>\n\t\t\t\t<\/div>\n\t\t\t\t<\/div>\n\t\t\t\t\t<\/details>\n\t\t\t\t\t\t<details id=\"e-n-accordion-item-1353\" class=\"e-n-accordion-item\" >\n\t\t\t\t<summary class=\"e-n-accordion-item-title\" data-accordion-index=\"4\" tabindex=\"-1\" aria-expanded=\"false\" aria-controls=\"e-n-accordion-item-1353\" >\n\t\t\t\t\t<span class='e-n-accordion-item-title-header'><div class=\"e-n-accordion-item-title-text\"> Ombytning kulsyrepatroner <\/div><\/span>\n\t\t\t\t\t\t\t<span class='e-n-accordion-item-title-icon'>\n\t\t\t<span class='e-opened' ><i aria-hidden=\"true\" class=\"fas fa-minus\"><\/i><\/span>\n\t\t\t<span class='e-closed'><i aria-hidden=\"true\" class=\"fas fa-plus\"><\/i><\/span>\n\t\t<\/span>\n\n\t\t\t\t\t\t<\/summary>\n\t\t\t\t<div role=\"region\" aria-labelledby=\"e-n-accordion-item-1353\" class=\"elementor-element elementor-element-45ee780 e-flex e-con-boxed e-con e-child\" data-id=\"45ee780\" data-element_type=\"container\" data-e-type=\"container\">\n\t\t\t\t\t<div class=\"e-con-inner\">\n\t\t\t\t<div class=\"elementor-element elementor-element-2e920ce elementor-widget elementor-widget-text-editor\" data-id=\"2e920ce\" data-element_type=\"widget\" data-e-type=\"widget\" data-widget_type=\"text-editor.default\">\n\t\t\t\t<div class=\"elementor-widget-container\">\n\t\t\t\t\t\t\t\t\t<p><strong>Online ombytning<\/strong><br \/>Du kan ombytte dine tomme bubliq kulsyrepatroner i vores online ombytningsservice. Bem\u00e6rk venligst, at du kun kan ombytte 3 eller 6 patroner i vores online ombytningsservice. Klik her for at g\u00e5 til siden for ombytning.\u00a0<br \/><strong><br \/>Byt til andre m\u00e6rker<br \/><\/strong>Da alle 425-450 g kulsyrepatroner p\u00e5 markedet er universelle, kan du ogs\u00e5 bytte din kulsyrepatron til andre m\u00e6rker, f.eks. Nordic Soda. Vi anbefaler dog, at du tjekker med den p\u00e5g\u00e6ldende leverand\u00f8r, om de tager i mod andre m\u00e6rker.\u00a0<\/p>\t\t\t\t\t\t\t\t<\/div>\n\t\t\t\t<\/div>\n\t\t\t\t\t<\/div>\n\t\t\t\t<\/div>\n\t\t\t\t\t<\/details>\n\t\t\t\t\t\t<details id=\"e-n-accordion-item-1354\" class=\"e-n-accordion-item\" >\n\t\t\t\t<summary class=\"e-n-accordion-item-title\" data-accordion-index=\"5\" tabindex=\"-1\" aria-expanded=\"false\" aria-controls=\"e-n-accordion-item-1354\" >\n\t\t\t\t\t<span class='e-n-accordion-item-title-header'><div class=\"e-n-accordion-item-title-text\"> Reng\u00f8ring og vedligeholdelse <\/div><\/span>\n\t\t\t\t\t\t\t<span class='e-n-accordion-item-title-icon'>\n\t\t\t<span class='e-opened' ><i aria-hidden=\"true\" class=\"fas fa-minus\"><\/i><\/span>\n\t\t\t<span class='e-closed'><i aria-hidden=\"true\" class=\"fas fa-plus\"><\/i><\/span>\n\t\t<\/span>\n\n\t\t\t\t\t\t<\/summary>\n\t\t\t\t<div role=\"region\" aria-labelledby=\"e-n-accordion-item-1354\" class=\"elementor-element elementor-element-63d41e3 e-flex e-con-boxed e-con e-child\" data-id=\"63d41e3\" data-element_type=\"container\" data-e-type=\"container\">\n\t\t\t\t\t<div class=\"e-con-inner\">\n\t\t\t\t<div class=\"elementor-element elementor-element-07c33de elementor-widget elementor-widget-text-editor\" data-id=\"07c33de\" data-element_type=\"widget\" data-e-type=\"widget\" data-widget_type=\"text-editor.default\">\n\t\t\t\t<div class=\"elementor-widget-container\">\n\t\t\t\t\t\t\t\t\t<p style=\"text-align: left;\"><strong>Maskine<\/strong><br \/>Reng\u00f8r maskinen med en fugtig klud med mildt opvaskemiddel.<br \/><strong><br \/>PET Flaske<br \/><\/strong>Flasken vaskes i h\u00e5nden med mildt opvaskemiddel. Flasken m\u00e5 ikke uds\u00e6ttes for temperaturer under 4\u00b0C eller over 40\u00b0C. Flasken t\u00e5ler <strong>ikke<\/strong> opvaskemaskine.<\/p><p><strong>Kulsyrer\u00f8r<\/strong><br \/>Kulsyrer\u00f8ret er monteret i l\u00e5get, og kan derfor let reng\u00f8res. Ved at holde kulsyrer\u00f8ret rent, sikrer du at hygiejnen altid er i top. S\u00e6tter du kulsyre til andre v\u00e6sker end vand, skal kulsyrer\u00f8ret altid reng\u00f8res, s\u00e5 sukker og andre tils\u00e6tningsstoffer ikke tilstopper ventilen. Kulsyrer\u00f8ret reng\u00f8res med varmt vand og mildt opvaskemiddel. Kulsyrer\u00f8ret t\u00e5ler <strong>ikke<\/strong> opvaskemaskine.<\/p>\t\t\t\t\t\t\t\t<\/div>\n\t\t\t\t<\/div>\n\t\t\t\t\t<\/div>\n\t\t\t\t<\/div>\n\t\t\t\t\t<\/details>\n\t\t\t\t\t\t<details id=\"e-n-accordion-item-1355\" class=\"e-n-accordion-item\" >\n\t\t\t\t<summary class=\"e-n-accordion-item-title\" data-accordion-index=\"6\" tabindex=\"-1\" aria-expanded=\"false\" aria-controls=\"e-n-accordion-item-1355\" >\n\t\t\t\t\t<span class='e-n-accordion-item-title-header'><div class=\"e-n-accordion-item-title-text\"> Reservedele <\/div><\/span>\n\t\t\t\t\t\t\t<span class='e-n-accordion-item-title-icon'>\n\t\t\t<span class='e-opened' ><i aria-hidden=\"true\" class=\"fas fa-minus\"><\/i><\/span>\n\t\t\t<span class='e-closed'><i aria-hidden=\"true\" class=\"fas fa-plus\"><\/i><\/span>\n\t\t<\/span>\n\n\t\t\t\t\t\t<\/summary>\n\t\t\t\t<div role=\"region\" aria-labelledby=\"e-n-accordion-item-1355\" class=\"elementor-element elementor-element-4f736eb e-flex e-con-boxed e-con e-child\" data-id=\"4f736eb\" data-element_type=\"container\" data-e-type=\"container\">\n\t\t\t\t\t<div class=\"e-con-inner\">\n\t\t\t\t<div class=\"elementor-element elementor-element-24f4bc0 elementor-widget elementor-widget-text-editor\" data-id=\"24f4bc0\" data-element_type=\"widget\" data-e-type=\"widget\" data-widget_type=\"text-editor.default\">\n\t\t\t\t<div class=\"elementor-widget-container\">\n\t\t\t\t\t\t\t\t\t<p>Har du brug for et ekstra kulsyrer\u00f8r til din bubliq sodavandsmaskine?<\/p><p><a href=\"https:\/\/bubliq.com\/vare\/infuser-cap\/\">Kulsyrer\u00f8r &#8211; klik her<\/a><\/p>\t\t\t\t\t\t\t\t<\/div>\n\t\t\t\t<\/div>\n\t\t\t\t\t<\/div>\n\t\t\t\t<\/div>\n\t\t\t\t\t<\/details>\n\t\t\t\t\t\t<details id=\"e-n-accordion-item-1356\" class=\"e-n-accordion-item\" >\n\t\t\t\t<summary class=\"e-n-accordion-item-title\" data-accordion-index=\"7\" tabindex=\"-1\" aria-expanded=\"false\" aria-controls=\"e-n-accordion-item-1356\" >\n\t\t\t\t\t<span class='e-n-accordion-item-title-header'><div class=\"e-n-accordion-item-title-text\"> Manual <\/div><\/span>\n\t\t\t\t\t\t\t<span class='e-n-accordion-item-title-icon'>\n\t\t\t<span class='e-opened' ><i aria-hidden=\"true\" class=\"fas fa-minus\"><\/i><\/span>\n\t\t\t<span class='e-closed'><i aria-hidden=\"true\" class=\"fas fa-plus\"><\/i><\/span>\n\t\t<\/span>\n\n\t\t\t\t\t\t<\/summary>\n\t\t\t\t<div role=\"region\" aria-labelledby=\"e-n-accordion-item-1356\" class=\"elementor-element elementor-element-3c7da26 e-flex e-con-boxed e-con e-child\" data-id=\"3c7da26\" data-element_type=\"container\" data-e-type=\"container\">\n\t\t\t\t\t<div class=\"e-con-inner\">\n\t\t\t\t<div class=\"elementor-element elementor-element-1808035 elementor-widget elementor-widget-text-editor\" data-id=\"1808035\" data-element_type=\"widget\" data-e-type=\"widget\" data-widget_type=\"text-editor.default\">\n\t\t\t\t<div class=\"elementor-widget-container\">\n\t\t\t\t\t\t\t\t\t<p>Du finder manulen til bubliq drink carbonator <a href=\"https:\/\/bubliq.com\/wp-content\/uploads\/2025\/07\/User-Manual-bubliq-drink-carbonator-2025-Web.pdf\" target=\"_blank\" rel=\"noopener\">her.<\/a><\/p>\t\t\t\t\t\t\t\t<\/div>\n\t\t\t\t<\/div>\n\t\t\t\t\t<\/div>\n\t\t\t\t<\/div>\n\t\t\t\t\t<\/details>\n\t\t\t\t\t<\/div>\n\t\t\t\t\t\t<\/div>\n\t\t\t\t<\/div>\n\t\t\t\t<\/div>\n\t\t\t\t\t<\/div>\n\t\t\t\t<\/div>\n\t\t\t\t<\/div>\n\t\t","protected":false},"excerpt":{"rendered":"<p><strong>En ny \u00e6ra af kulsyremaskiner<\/strong><br \/>\nGlem alt om store, klodsede sodavandsmaskiner. Med kun 8 cm. i bredden er bubliq verdens slankeste kulsyremaskine. Maskinen optager minimal plads og vil med sit stilrene design pryde ethvert k\u00f8kkenbord. Med den unikke betjening og patenteret Air-Charge\u2122 teknologi laver du nemt og hurtigt perlende frisk danskvand og l\u00e6kre drinks. Med bubliq tils\u00e6tter du nemt kulsyre til alle drikke; vand, vin, lemonade, drinks etc. Selv drikke med frisk frugt og gr\u00f8nt!<\/p>\n","protected":false},"featured_media":20857,"template":"","meta":[],"product_brand":[],"product_cat":[31],"product_tag":[21,29,20],"woo-feed-brand":[],"class_list":{"0":"post-3120","1":"product","2":"type-product","3":"status-publish","4":"has-post-thumbnail","6":"product_cat-sodavandsmaskiner","7":"product_tag-danskvandsmaskine","8":"product_tag-drink-carbonator","9":"product_tag-sodavandsmaskine","11":"first","12":"instock","13":"taxable","14":"shipping-taxable","15":"purchasable","16":"product-type-simple"},"_links":{"self":[{"href":"https:\/\/bubliq.com\/da\/wp-json\/wp\/v2\/product\/3120","targetHints":{"allow":["GET"]}}],"collection":[{"href":"https:\/\/bubliq.com\/da\/wp-json\/wp\/v2\/product"}],"about":[{"href":"https:\/\/bubliq.com\/da\/wp-json\/wp\/v2\/types\/product"}],"version-history":[{"count":137,"href":"https:\/\/bubliq.com\/da\/wp-json\/wp\/v2\/product\/3120\/revisions"}],"predecessor-version":[{"id":25379,"href":"https:\/\/bubliq.com\/da\/wp-json\/wp\/v2\/product\/3120\/revisions\/25379"}],"wp:featuredmedia":[{"embeddable":true,"href":"https:\/\/bubliq.com\/da\/wp-json\/wp\/v2\/media\/20857"}],"wp:attachment":[{"href":"https:\/\/bubliq.com\/da\/wp-json\/wp\/v2\/media?parent=3120"}],"wp:term":[{"taxonomy":"product_brand","embeddable":true,"href":"https:\/\/bubliq.com\/da\/wp-json\/wp\/v2\/product_brand?post=3120"},{"taxonomy":"product_cat","embeddable":true,"href":"https:\/\/bubliq.com\/da\/wp-json\/wp\/v2\/product_cat?post=3120"},{"taxonomy":"product_tag","embeddable":true,"href":"https:\/\/bubliq.com\/da\/wp-json\/wp\/v2\/product_tag?post=3120"},{"taxonomy":"woo-feed-brand","embeddable":true,"href":"https:\/\/bubliq.com\/da\/wp-json\/wp\/v2\/woo-feed-brand?post=3120"}],"curies":[{"name":"wp","href":"https:\/\/api.w.org\/{rel}","templated":true}]}}