{"id":8491,"date":"2020-07-22T12:12:38","date_gmt":"2020-07-22T10:12:38","guid":{"rendered":"https:\/\/bubliq.com\/?post_type=product&#038;p=8491"},"modified":"2025-10-16T13:48:33","modified_gmt":"2025-10-16T11:48:33","slug":"italian-sorrento-lemonade-sirup","status":"publish","type":"product","link":"https:\/\/bubliq.com\/da\/vare\/italian-sorrento-lemonade-sirup\/","title":{"rendered":"Italian Sorrento Lemonade"},"content":{"rendered":"\t\t<div data-elementor-type=\"product-post\" data-elementor-id=\"8491\" class=\"elementor elementor-8491\" data-elementor-post-type=\"product\">\n\t\t\t\t<div class=\"elementor-element elementor-element-26c1e2f e-con-full e-flex e-con e-child\" data-id=\"26c1e2f\" data-element_type=\"container\" data-e-type=\"container\">\n\t\t<div class=\"elementor-element elementor-element-30f5f9c e-con-full e-flex e-con e-child\" data-id=\"30f5f9c\" data-element_type=\"container\" data-e-type=\"container\">\n\t\t\t\t<div class=\"elementor-element elementor-element-8af49d7 elementor-widget elementor-widget-n-accordion\" data-id=\"8af49d7\" data-element_type=\"widget\" data-e-type=\"widget\" data-settings=\"{&quot;default_state&quot;:&quot;expanded&quot;,&quot;max_items_expended&quot;:&quot;one&quot;,&quot;n_accordion_animation_duration&quot;:{&quot;unit&quot;:&quot;ms&quot;,&quot;size&quot;:400,&quot;sizes&quot;:[]}}\" data-widget_type=\"nested-accordion.default\">\n\t\t\t\t<div class=\"elementor-widget-container\">\n\t\t\t\t\t\t\t<div class=\"e-n-accordion\" aria-label=\"Accordion. Open links with Enter or Space, close with Escape, and navigate with Arrow Keys\">\n\t\t\t\t\t\t<details id=\"e-n-accordion-item-1450\" class=\"e-n-accordion-item\" open>\n\t\t\t\t<summary class=\"e-n-accordion-item-title\" data-accordion-index=\"1\" tabindex=\"0\" aria-expanded=\"true\" aria-controls=\"e-n-accordion-item-1450\" >\n\t\t\t\t\t<span class='e-n-accordion-item-title-header'><div class=\"e-n-accordion-item-title-text\"> Beskrivelse <\/div><\/span>\n\t\t\t\t\t\t\t<span class='e-n-accordion-item-title-icon'>\n\t\t\t<span class='e-opened' ><i aria-hidden=\"true\" class=\"fas fa-minus\"><\/i><\/span>\n\t\t\t<span class='e-closed'><i aria-hidden=\"true\" class=\"fas fa-plus\"><\/i><\/span>\n\t\t<\/span>\n\n\t\t\t\t\t\t<\/summary>\n\t\t\t\t<div role=\"region\" aria-labelledby=\"e-n-accordion-item-1450\" class=\"elementor-element elementor-element-7476159 e-con-full e-flex e-con e-child\" data-id=\"7476159\" data-element_type=\"container\" data-e-type=\"container\">\n\t\t\t\t<div class=\"elementor-element elementor-element-26b4f8c elementor-widget elementor-widget-text-editor\" data-id=\"26b4f8c\" data-element_type=\"widget\" data-e-type=\"widget\" data-widget_type=\"text-editor.default\">\n\t\t\t\t<div class=\"elementor-widget-container\">\n\t\t\t\t\t\t\t\t\t<p>Italian Sorrento lemonade giver dig med sit h\u00f8je indhold af naturlig citronjuice, smagen af sydens sommer og varme. Citronerne dyrkes p\u00e5 de stejle bjergskr\u00e5ninger p\u00e5 Sorrentohalv\u00f8en, hvor de n\u00e6nsomt h\u00e5ndplukkes. Kystklimaet, kombineret med de mange soltimer, giver Sorrento citronerne en aromatisk og afrundet smag, som kun er kendetegnet citrusfrugter herfra. Italian Sorrento lemonade minder s\u00e5vel mest om en klassisk hjemmelavet lemonade, der med sit h\u00f8je indhold af rigtig citronjuice, vil v\u00e6re noget n\u00e6r det t\u00e6tteste du kommer den \u00e6gte vare. Lemonaden kan b\u00e5de nydes med eller uden brus og er desuden oplagt i cocktails og til sorbet.\u00a0Lemonaden opblandes i forholdet 1:13,5 og 500 ml. giver 7,25 l f\u00e6rdiglavet drik.<\/p><p>Den BPA-frie beholder er luftt\u00e6t, hvilket sikrer at lemonaden holder sig frisk i k\u00f8leskab i flere m\u00e5neder.<\/p>\t\t\t\t\t\t\t\t<\/div>\n\t\t\t\t<\/div>\n\t\t\t\t<\/div>\n\t\t\t\t\t<\/details>\n\t\t\t\t\t\t<details id=\"e-n-accordion-item-1451\" class=\"e-n-accordion-item\" >\n\t\t\t\t<summary class=\"e-n-accordion-item-title\" data-accordion-index=\"2\" tabindex=\"-1\" aria-expanded=\"false\" aria-controls=\"e-n-accordion-item-1451\" >\n\t\t\t\t\t<span class='e-n-accordion-item-title-header'><div class=\"e-n-accordion-item-title-text\"> Ingredienser <\/div><\/span>\n\t\t\t\t\t\t\t<span class='e-n-accordion-item-title-icon'>\n\t\t\t<span class='e-opened' ><i aria-hidden=\"true\" class=\"fas fa-minus\"><\/i><\/span>\n\t\t\t<span class='e-closed'><i aria-hidden=\"true\" class=\"fas fa-plus\"><\/i><\/span>\n\t\t<\/span>\n\n\t\t\t\t\t\t<\/summary>\n\t\t\t\t<div role=\"region\" aria-labelledby=\"e-n-accordion-item-1451\" class=\"elementor-element elementor-element-7c2400a e-flex e-con-boxed e-con e-child\" data-id=\"7c2400a\" data-element_type=\"container\" data-e-type=\"container\">\n\t\t\t\t\t<div class=\"e-con-inner\">\n\t\t\t\t<div class=\"elementor-element elementor-element-e9ea75f elementor-widget elementor-widget-text-editor\" data-id=\"e9ea75f\" data-element_type=\"widget\" data-e-type=\"widget\" data-widget_type=\"text-editor.default\">\n\t\t\t\t<div class=\"elementor-widget-container\">\n\t\t\t\t\t\t\t\t\t<p style=\"text-align: left;\">Citronjuice &amp; frugtk\u00f8d (88%), r\u00f8rsukker, naturlige aromaer, surhedsregulerende middel:\u00a0citronsyre, s\u00f8destof: sukralose, konserveringsmiddel: kaliumsorbat,\u00a0natriumbenzoat, naturligt farvestof: saflor\u00a0ekstrakt.<\/p>\t\t\t\t\t\t\t\t<\/div>\n\t\t\t\t<\/div>\n\t\t\t\t\t<\/div>\n\t\t\t\t<\/div>\n\t\t\t\t\t<\/details>\n\t\t\t\t\t\t<details id=\"e-n-accordion-item-1452\" class=\"e-n-accordion-item\" >\n\t\t\t\t<summary class=\"e-n-accordion-item-title\" data-accordion-index=\"3\" tabindex=\"-1\" aria-expanded=\"false\" aria-controls=\"e-n-accordion-item-1452\" >\n\t\t\t\t\t<span class='e-n-accordion-item-title-header'><div class=\"e-n-accordion-item-title-text\"> N\u00e6ringsindhold <\/div><\/span>\n\t\t\t\t\t\t\t<span class='e-n-accordion-item-title-icon'>\n\t\t\t<span class='e-opened' ><i aria-hidden=\"true\" class=\"fas fa-minus\"><\/i><\/span>\n\t\t\t<span class='e-closed'><i aria-hidden=\"true\" class=\"fas fa-plus\"><\/i><\/span>\n\t\t<\/span>\n\n\t\t\t\t\t\t<\/summary>\n\t\t\t\t<div role=\"region\" aria-labelledby=\"e-n-accordion-item-1452\" class=\"elementor-element elementor-element-34f70b6 e-flex e-con-boxed e-con e-child\" data-id=\"34f70b6\" data-element_type=\"container\" data-e-type=\"container\">\n\t\t\t\t\t<div class=\"e-con-inner\">\n\t\t\t\t<div class=\"elementor-element elementor-element-4a32619 elementor-widget elementor-widget-text-editor\" data-id=\"4a32619\" data-element_type=\"widget\" data-e-type=\"widget\" data-widget_type=\"text-editor.default\">\n\t\t\t\t<div class=\"elementor-widget-container\">\n\t\t\t\t\t\t\t\t\t<p><strong>N\u00e6ringsindhold pr. 100 ml drik n\u00e5r tilberedt som anvist:<\/strong><\/p><p>Energi: 91 kJ\/21 kcal (0%)<br \/>Fedt: 0 g (0%)<br \/>\u2013 heraf m\u00e6ttet fedt: 0 g (0%)<br \/>&#8211; um\u00e6ttet fedt: 0 g (0%)<br \/>Kulhydrat 5,7 g (2%)<br \/>\u2013 Heraf sukkerarter: 4,55 g (0%)<br \/>Protein: 0 g (0%)<br \/>Salt: 2,36 mg (0%)<br \/>*%-vis referenceindtag for en voksen gennemsnitsperson (8.400 kJ\/2.000 kcal)<\/p>\t\t\t\t\t\t\t\t<\/div>\n\t\t\t\t<\/div>\n\t\t\t\t\t<\/div>\n\t\t\t\t<\/div>\n\t\t\t\t\t<\/details>\n\t\t\t\t\t\t<details id=\"e-n-accordion-item-1453\" class=\"e-n-accordion-item\" >\n\t\t\t\t<summary class=\"e-n-accordion-item-title\" data-accordion-index=\"4\" tabindex=\"-1\" aria-expanded=\"false\" aria-controls=\"e-n-accordion-item-1453\" >\n\t\t\t\t\t<span class='e-n-accordion-item-title-header'><div class=\"e-n-accordion-item-title-text\"> Indhold og holdbarhed  <\/div><\/span>\n\t\t\t\t\t\t\t<span class='e-n-accordion-item-title-icon'>\n\t\t\t<span class='e-opened' ><i aria-hidden=\"true\" class=\"fas fa-minus\"><\/i><\/span>\n\t\t\t<span class='e-closed'><i aria-hidden=\"true\" class=\"fas fa-plus\"><\/i><\/span>\n\t\t<\/span>\n\n\t\t\t\t\t\t<\/summary>\n\t\t\t\t<div role=\"region\" aria-labelledby=\"e-n-accordion-item-1453\" class=\"elementor-element elementor-element-88f5e80 e-flex e-con-boxed e-con e-child\" data-id=\"88f5e80\" data-element_type=\"container\" data-e-type=\"container\">\n\t\t\t\t\t<div class=\"e-con-inner\">\n\t\t\t\t<div class=\"elementor-element elementor-element-d1e231b elementor-widget elementor-widget-text-editor\" data-id=\"d1e231b\" data-element_type=\"widget\" data-e-type=\"widget\" data-widget_type=\"text-editor.default\">\n\t\t\t\t<div class=\"elementor-widget-container\">\n\t\t\t\t\t\t\t\t\t<p><strong>Flaskens nettoindhold:<\/strong> 500 ml.<br \/><strong>Holdbarhed (bedst f\u00f8r):<\/strong> 24 m\u00e5neder i u\u00e5bnet tilstand.\u00a01-2 m\u00e5neder i \u00e5bnet tilstand i k\u00f8leskab.<br \/><strong>Anbefalet blandingsforhold<\/strong>: 1 del sirup til 13,5 dele vand.<\/p>\t\t\t\t\t\t\t\t<\/div>\n\t\t\t\t<\/div>\n\t\t\t\t\t<\/div>\n\t\t\t\t<\/div>\n\t\t\t\t\t<\/details>\n\t\t\t\t\t<\/div>\n\t\t\t\t\t\t<\/div>\n\t\t\t\t<\/div>\n\t\t\t\t<\/div>\n\t\t\t\t<\/div>\n\t\t\t\t<\/div>\n\t\t","protected":false},"excerpt":{"rendered":"<p>Italian Sorrento lemonade er en kvalitetssirup, der indeholder hele 88% naturlig citronjuice. Citronerne der bruges i siruppen dyrkes og h\u00e5ndplukkes fra den solbeskinnede Amalfikyst i Italien, der med sit kystklima og mange soltimer giver citrusfrugten en aromatisk og afrundet smag. Det giver lemonaden den perfekte blanding af s\u00f8dme og syrlighed, som g\u00f8r den til en forfriskende drik, der kan nydes med eller uden brus.<\/p>\n<ul>\n<li>88% rigtig citronjuice<\/li>\n<li>GMO-fri og fri for kunstige farvestoffer<\/li>\n<li>Lavt sukkerindhold<\/li>\n<\/ul>\n","protected":false},"featured_media":23596,"template":"","meta":[],"product_brand":[],"product_cat":[148],"product_tag":[],"woo-feed-brand":[],"class_list":{"0":"post-8491","1":"product","2":"type-product","3":"status-publish","4":"has-post-thumbnail","6":"product_cat-sodavandssirup","8":"first","9":"instock","10":"taxable","11":"shipping-taxable","12":"purchasable","13":"product-type-simple"},"_links":{"self":[{"href":"https:\/\/bubliq.com\/da\/wp-json\/wp\/v2\/product\/8491","targetHints":{"allow":["GET"]}}],"collection":[{"href":"https:\/\/bubliq.com\/da\/wp-json\/wp\/v2\/product"}],"about":[{"href":"https:\/\/bubliq.com\/da\/wp-json\/wp\/v2\/types\/product"}],"version-history":[{"count":34,"href":"https:\/\/bubliq.com\/da\/wp-json\/wp\/v2\/product\/8491\/revisions"}],"predecessor-version":[{"id":23828,"href":"https:\/\/bubliq.com\/da\/wp-json\/wp\/v2\/product\/8491\/revisions\/23828"}],"wp:featuredmedia":[{"embeddable":true,"href":"https:\/\/bubliq.com\/da\/wp-json\/wp\/v2\/media\/23596"}],"wp:attachment":[{"href":"https:\/\/bubliq.com\/da\/wp-json\/wp\/v2\/media?parent=8491"}],"wp:term":[{"taxonomy":"product_brand","embeddable":true,"href":"https:\/\/bubliq.com\/da\/wp-json\/wp\/v2\/product_brand?post=8491"},{"taxonomy":"product_cat","embeddable":true,"href":"https:\/\/bubliq.com\/da\/wp-json\/wp\/v2\/product_cat?post=8491"},{"taxonomy":"product_tag","embeddable":true,"href":"https:\/\/bubliq.com\/da\/wp-json\/wp\/v2\/product_tag?post=8491"},{"taxonomy":"woo-feed-brand","embeddable":true,"href":"https:\/\/bubliq.com\/da\/wp-json\/wp\/v2\/woo-feed-brand?post=8491"}],"curies":[{"name":"wp","href":"https:\/\/api.w.org\/{rel}","templated":true}]}}