{"id":9188,"date":"2020-10-02T10:05:10","date_gmt":"2020-10-02T08:05:10","guid":{"rendered":"https:\/\/bubliq.com\/?post_type=product&#038;p=9188"},"modified":"2025-10-16T13:47:21","modified_gmt":"2025-10-16T11:47:21","slug":"bubliq-kulsyrepatron","status":"publish","type":"product","link":"https:\/\/bubliq.com\/da\/vare\/bubliq-kulsyrepatron\/","title":{"rendered":"bubliq kulsyrepatron 450 g"},"content":{"rendered":"\t\t<div data-elementor-type=\"product-post\" data-elementor-id=\"9188\" class=\"elementor elementor-9188\" data-elementor-post-type=\"product\">\n\t\t\t\t<div class=\"elementor-element elementor-element-83b535a e-con-full e-flex e-con e-child\" data-id=\"83b535a\" data-element_type=\"container\" data-e-type=\"container\">\n\t\t<div class=\"elementor-element elementor-element-750fd80 e-con-full e-flex e-con e-child\" data-id=\"750fd80\" data-element_type=\"container\" data-e-type=\"container\">\n\t\t\t\t<div class=\"elementor-element elementor-element-bfa5e0a elementor-widget elementor-widget-n-accordion\" data-id=\"bfa5e0a\" data-element_type=\"widget\" data-e-type=\"widget\" data-settings=\"{&quot;default_state&quot;:&quot;expanded&quot;,&quot;max_items_expended&quot;:&quot;one&quot;,&quot;n_accordion_animation_duration&quot;:{&quot;unit&quot;:&quot;ms&quot;,&quot;size&quot;:400,&quot;sizes&quot;:[]}}\" data-widget_type=\"nested-accordion.default\">\n\t\t\t\t<div class=\"elementor-widget-container\">\n\t\t\t\t\t\t\t<div class=\"e-n-accordion\" aria-label=\"Accordion. Open links with Enter or Space, close with Escape, and navigate with Arrow Keys\">\n\t\t\t\t\t\t<details id=\"e-n-accordion-item-2000\" class=\"e-n-accordion-item\" open>\n\t\t\t\t<summary class=\"e-n-accordion-item-title\" data-accordion-index=\"1\" tabindex=\"0\" aria-expanded=\"true\" aria-controls=\"e-n-accordion-item-2000\" >\n\t\t\t\t\t<span class='e-n-accordion-item-title-header'><div class=\"e-n-accordion-item-title-text\"> Beskrivelse <\/div><\/span>\n\t\t\t\t\t\t\t<span class='e-n-accordion-item-title-icon'>\n\t\t\t<span class='e-opened' ><i aria-hidden=\"true\" class=\"fas fa-minus\"><\/i><\/span>\n\t\t\t<span class='e-closed'><i aria-hidden=\"true\" class=\"fas fa-plus\"><\/i><\/span>\n\t\t<\/span>\n\n\t\t\t\t\t\t<\/summary>\n\t\t\t\t<div role=\"region\" aria-labelledby=\"e-n-accordion-item-2000\" class=\"elementor-element elementor-element-c76c227 e-con-full e-flex e-con e-child\" data-id=\"c76c227\" data-element_type=\"container\" data-e-type=\"container\">\n\t\t\t\t<div class=\"elementor-element elementor-element-b50bbcb elementor-widget elementor-widget-text-editor\" data-id=\"b50bbcb\" data-element_type=\"widget\" data-e-type=\"widget\" data-widget_type=\"text-editor.default\">\n\t\t\t\t<div class=\"elementor-widget-container\">\n\t\t\t\t\t\t\t\t\t<p>Kulsyrepatronen fra bubliq indeholder 450 g kuldioxid og er kompatibel med bubliq sodavandsmaskiner og andre sodavandsmaskiner p\u00e5 markedet, p\u00e5n\u00e6r SodaStream modeller med Quick Connect.<\/p><p>bubliqs kulsyrepatroner benytter de samme patroner som almindelige 425 g kulsyrepatroner \u2013 den eneste forskel er blot at vi har fyldt 25 g ekstra kulsyre i vores. Kulsyrepatroner fra bubliq kan derfor ombyttes med almindelige 425 g kulsyrepatroner.<\/p>\t\t\t\t\t\t\t\t<\/div>\n\t\t\t\t<\/div>\n\t\t\t\t<\/div>\n\t\t\t\t\t<\/details>\n\t\t\t\t\t\t<details id=\"e-n-accordion-item-2001\" class=\"e-n-accordion-item\" >\n\t\t\t\t<summary class=\"e-n-accordion-item-title\" data-accordion-index=\"2\" tabindex=\"-1\" aria-expanded=\"false\" aria-controls=\"e-n-accordion-item-2001\" >\n\t\t\t\t\t<span class='e-n-accordion-item-title-header'><div class=\"e-n-accordion-item-title-text\"> Kompatibilitet <\/div><\/span>\n\t\t\t\t\t\t\t<span class='e-n-accordion-item-title-icon'>\n\t\t\t<span class='e-opened' ><i aria-hidden=\"true\" class=\"fas fa-minus\"><\/i><\/span>\n\t\t\t<span class='e-closed'><i aria-hidden=\"true\" class=\"fas fa-plus\"><\/i><\/span>\n\t\t<\/span>\n\n\t\t\t\t\t\t<\/summary>\n\t\t\t\t<div role=\"region\" aria-labelledby=\"e-n-accordion-item-2001\" class=\"elementor-element elementor-element-ccf9c86 e-con-full e-flex e-con e-child\" data-id=\"ccf9c86\" data-element_type=\"container\" data-e-type=\"container\">\n\t\t\t\t<div class=\"elementor-element elementor-element-01a9287 elementor-position-right elementor-vertical-align-top elementor-widget elementor-widget-image-box\" data-id=\"01a9287\" data-element_type=\"widget\" data-e-type=\"widget\" data-widget_type=\"image-box.default\">\n\t\t\t\t<div class=\"elementor-widget-container\">\n\t\t\t\t\t<div class=\"elementor-image-box-wrapper\"><figure class=\"elementor-image-box-img\"><img decoding=\"async\" width=\"150\" height=\"150\" src=\"https:\/\/bubliq.com\/wp-content\/uploads\/2024\/02\/Valve-for-website-150px.png\" class=\"attachment-full size-full wp-image-16935\" alt=\"\" srcset=\"https:\/\/bubliq.com\/wp-content\/uploads\/2024\/02\/Valve-for-website-150px.png 150w, https:\/\/bubliq.com\/wp-content\/uploads\/2024\/02\/Valve-for-website-150px-12x12.png 12w, https:\/\/bubliq.com\/wp-content\/uploads\/2024\/02\/Valve-for-website-150px-100x100.png 100w\" sizes=\"(max-width: 150px) 100vw, 150px\" \/><\/figure><div class=\"elementor-image-box-content\"><p class=\"elementor-image-box-description\">Kulsyrepatroner fra bubliq benytter et universelt skruegevind og er derfor kompatible med de fleste sodavandsmaskiner p\u00e5 markedet (p\u00e5n\u00e6r SodaStream modeller med Quick Connect).\n<br><br>\n<b>OBS!<\/b>\nV\u00e6r opm\u00e6rksom p\u00e5 at vores kulsyrepatroner ikke passer til k\u00f8leskabe eller vandhaner med brus f.eks. Grohe, Quooker m.m.<\/p><\/div><\/div>\t\t\t\t<\/div>\n\t\t\t\t<\/div>\n\t\t\t\t<\/div>\n\t\t\t\t\t<\/details>\n\t\t\t\t\t\t<details id=\"e-n-accordion-item-2002\" class=\"e-n-accordion-item\" >\n\t\t\t\t<summary class=\"e-n-accordion-item-title\" data-accordion-index=\"3\" tabindex=\"-1\" aria-expanded=\"false\" aria-controls=\"e-n-accordion-item-2002\" >\n\t\t\t\t\t<span class='e-n-accordion-item-title-header'><div class=\"e-n-accordion-item-title-text\"> Ombytning <\/div><\/span>\n\t\t\t\t\t\t\t<span class='e-n-accordion-item-title-icon'>\n\t\t\t<span class='e-opened' ><i aria-hidden=\"true\" class=\"fas fa-minus\"><\/i><\/span>\n\t\t\t<span class='e-closed'><i aria-hidden=\"true\" class=\"fas fa-plus\"><\/i><\/span>\n\t\t<\/span>\n\n\t\t\t\t\t\t<\/summary>\n\t\t\t\t<div role=\"region\" aria-labelledby=\"e-n-accordion-item-2002\" class=\"elementor-element elementor-element-6fa8dba e-flex e-con-boxed e-con e-child\" data-id=\"6fa8dba\" data-element_type=\"container\" data-e-type=\"container\">\n\t\t\t\t\t<div class=\"e-con-inner\">\n\t\t\t\t<div class=\"elementor-element elementor-element-e360967 elementor-widget elementor-widget-text-editor\" data-id=\"e360967\" data-element_type=\"widget\" data-e-type=\"widget\" data-widget_type=\"text-editor.default\">\n\t\t\t\t<div class=\"elementor-widget-container\">\n\t\t\t\t\t\t\t\t\t<p><strong>Online ombytning<\/strong><br \/>Du kan ombytte dine kulsyrepatroner i vores online ombytningsservice. Du kan v\u00e6lge i mellem at ombytte 3 eller 6 patroner. Klik <a href=\"https:\/\/bubliq.com\/kulsyrepatron-ombytning\/\">her<\/a> for at g\u00e5 til siden for ombytning.\u00a0<br \/><strong><br \/>Byt til andre m\u00e6rker<br \/><\/strong>Da langt de fleste 425-450 g kulsyrepatroner p\u00e5 markedet er universelle, kan du ogs\u00e5 bytte dine kulsyrepatroner til andre m\u00e6rker. Vi anbefaler dog, at du tjekker med den p\u00e5g\u00e6ldende leverand\u00f8r, om de tager i mod andre m\u00e6rker.\u00a0<\/p>\t\t\t\t\t\t\t\t<\/div>\n\t\t\t\t<\/div>\n\t\t\t\t\t<\/div>\n\t\t\t\t<\/div>\n\t\t\t\t\t<\/details>\n\t\t\t\t\t\t<details id=\"e-n-accordion-item-2003\" class=\"e-n-accordion-item\" >\n\t\t\t\t<summary class=\"e-n-accordion-item-title\" data-accordion-index=\"4\" tabindex=\"-1\" aria-expanded=\"false\" aria-controls=\"e-n-accordion-item-2003\" >\n\t\t\t\t\t<span class='e-n-accordion-item-title-header'><div class=\"e-n-accordion-item-title-text\"> Indhold og dimensioner <\/div><\/span>\n\t\t\t\t\t\t\t<span class='e-n-accordion-item-title-icon'>\n\t\t\t<span class='e-opened' ><i aria-hidden=\"true\" class=\"fas fa-minus\"><\/i><\/span>\n\t\t\t<span class='e-closed'><i aria-hidden=\"true\" class=\"fas fa-plus\"><\/i><\/span>\n\t\t<\/span>\n\n\t\t\t\t\t\t<\/summary>\n\t\t\t\t<div role=\"region\" aria-labelledby=\"e-n-accordion-item-2003\" class=\"elementor-element elementor-element-4caf701 e-con-full e-flex e-con e-child\" data-id=\"4caf701\" data-element_type=\"container\" data-e-type=\"container\">\n\t\t\t\t<div class=\"elementor-element elementor-element-ff8db87 elementor-widget elementor-widget-text-editor\" data-id=\"ff8db87\" data-element_type=\"widget\" data-e-type=\"widget\" data-widget_type=\"text-editor.default\">\n\t\t\t\t<div class=\"elementor-widget-container\">\n\t\t\t\t\t\t\t\t\t<p>Kulsyrepatronens materiale: 100% Aluminium<br \/>Indhold: 450 g f\u00f8devaregodkendt kuldioxid<br \/>M\u00e5l: 36 cm x 6 cm (h\u00f8jde x diameter)<\/p>\t\t\t\t\t\t\t\t<\/div>\n\t\t\t\t<\/div>\n\t\t\t\t<\/div>\n\t\t\t\t\t<\/details>\n\t\t\t\t\t\t<details id=\"e-n-accordion-item-2004\" class=\"e-n-accordion-item\" >\n\t\t\t\t<summary class=\"e-n-accordion-item-title\" data-accordion-index=\"5\" tabindex=\"-1\" aria-expanded=\"false\" aria-controls=\"e-n-accordion-item-2004\" >\n\t\t\t\t\t<span class='e-n-accordion-item-title-header'><div class=\"e-n-accordion-item-title-text\"> Godkendelser <\/div><\/span>\n\t\t\t\t\t\t\t<span class='e-n-accordion-item-title-icon'>\n\t\t\t<span class='e-opened' ><i aria-hidden=\"true\" class=\"fas fa-minus\"><\/i><\/span>\n\t\t\t<span class='e-closed'><i aria-hidden=\"true\" class=\"fas fa-plus\"><\/i><\/span>\n\t\t<\/span>\n\n\t\t\t\t\t\t<\/summary>\n\t\t\t\t<div role=\"region\" aria-labelledby=\"e-n-accordion-item-2004\" class=\"elementor-element elementor-element-9e2895e e-flex e-con-boxed e-con e-child\" data-id=\"9e2895e\" data-element_type=\"container\" data-e-type=\"container\">\n\t\t\t\t\t<div class=\"e-con-inner\">\n\t\t\t\t<div class=\"elementor-element elementor-element-849d229 elementor-widget elementor-widget-text-editor\" data-id=\"849d229\" data-element_type=\"widget\" data-e-type=\"widget\" data-widget_type=\"text-editor.default\">\n\t\t\t\t<div class=\"elementor-widget-container\">\n\t\t\t\t\t\t\t\t\t<p style=\"text-align: left;\">Kulsyrepatroner fra bubliq er testet og godkendt af det anerkendte tyske institut T\u00dcV. Det er din garanti for, at kulsyrepatroner fra bubliq opfylder kravene om renhed for f\u00f8devaretils\u00e6tning i henhold til EU &amp; JECFA.<\/p>\t\t\t\t\t\t\t\t<\/div>\n\t\t\t\t<\/div>\n\t\t\t\t\t<\/div>\n\t\t\t\t<\/div>\n\t\t\t\t\t<\/details>\n\t\t\t\t\t\t<details id=\"e-n-accordion-item-2005\" class=\"e-n-accordion-item\" >\n\t\t\t\t<summary class=\"e-n-accordion-item-title\" data-accordion-index=\"6\" tabindex=\"-1\" aria-expanded=\"false\" aria-controls=\"e-n-accordion-item-2005\" >\n\t\t\t\t\t<span class='e-n-accordion-item-title-header'><div class=\"e-n-accordion-item-title-text\"> Sikkerhedsinstrukser for brug <\/div><\/span>\n\t\t\t\t\t\t\t<span class='e-n-accordion-item-title-icon'>\n\t\t\t<span class='e-opened' ><i aria-hidden=\"true\" class=\"fas fa-minus\"><\/i><\/span>\n\t\t\t<span class='e-closed'><i aria-hidden=\"true\" class=\"fas fa-plus\"><\/i><\/span>\n\t\t<\/span>\n\n\t\t\t\t\t\t<\/summary>\n\t\t\t\t<div role=\"region\" aria-labelledby=\"e-n-accordion-item-2005\" class=\"elementor-element elementor-element-e2e14f4 e-flex e-con-boxed e-con e-child\" data-id=\"e2e14f4\" data-element_type=\"container\" data-e-type=\"container\">\n\t\t\t\t\t<div class=\"e-con-inner\">\n\t\t\t\t<div class=\"elementor-element elementor-element-f354706 elementor-widget elementor-widget-text-editor\" data-id=\"f354706\" data-element_type=\"widget\" data-e-type=\"widget\" data-widget_type=\"text-editor.default\">\n\t\t\t\t<div class=\"elementor-widget-container\">\n\t\t\t\t\t\t\t\t\t<ul><li>H\u00e5ndter kulsyrepatronen forsigtigt<\/li><li>Opbevar kulsyrepatronen ved stuetemperatur og aldrig i direkte sollys<\/li><li>Afmonter kulsyrepatronen fra sodavandsmaskinen ved transport<\/li><li>Lad aldrig b\u00f8rn h\u00e5ndtere kulsyrepatronen uden opsyn<\/li><li>Flyt kulsyrepatronen til et sikkert sted i tilf\u00e6lde af brand<\/li><\/ul><p>\u00a0<\/p>\t\t\t\t\t\t\t\t<\/div>\n\t\t\t\t<\/div>\n\t\t\t\t\t<\/div>\n\t\t\t\t<\/div>\n\t\t\t\t\t<\/details>\n\t\t\t\t\t<\/div>\n\t\t\t\t\t\t<\/div>\n\t\t\t\t<\/div>\n\t\t\t\t<\/div>\n\t\t\t\t<\/div>\n\t\t\t\t<\/div>\n\t\t","protected":false},"excerpt":{"rendered":"<p>Kulsyrepatronen fra bubliq indeholder 450 g f\u00f8devaregodkendt kulsyre, og er kompatibel med bubliq sodavandsmaskiner og de fleste andre sodavandsmaskiner p\u00e5 markedet, p\u00e5n\u00e6r SodaStream med Quick Connect. Kulsyrepatroner fra bubliq er identiske med almindelige 425 g kulsyrepatroner &#8211; eneste forskel er blot at vi har fyldt 25 g ekstra kulsyre p\u00e5 vores.<\/p>\n","protected":false},"featured_media":19162,"template":"","meta":[],"product_brand":[],"product_cat":[154],"product_tag":[141],"woo-feed-brand":[],"class_list":{"0":"post-9188","1":"product","2":"type-product","3":"status-publish","4":"has-post-thumbnail","6":"product_cat-kulsyrepatroner","7":"product_tag-kulsyrepatron","9":"first","10":"instock","11":"taxable","12":"shipping-taxable","13":"purchasable","14":"product-type-simple"},"_links":{"self":[{"href":"https:\/\/bubliq.com\/da\/wp-json\/wp\/v2\/product\/9188","targetHints":{"allow":["GET"]}}],"collection":[{"href":"https:\/\/bubliq.com\/da\/wp-json\/wp\/v2\/product"}],"about":[{"href":"https:\/\/bubliq.com\/da\/wp-json\/wp\/v2\/types\/product"}],"version-history":[{"count":235,"href":"https:\/\/bubliq.com\/da\/wp-json\/wp\/v2\/product\/9188\/revisions"}],"predecessor-version":[{"id":25033,"href":"https:\/\/bubliq.com\/da\/wp-json\/wp\/v2\/product\/9188\/revisions\/25033"}],"wp:featuredmedia":[{"embeddable":true,"href":"https:\/\/bubliq.com\/da\/wp-json\/wp\/v2\/media\/19162"}],"wp:attachment":[{"href":"https:\/\/bubliq.com\/da\/wp-json\/wp\/v2\/media?parent=9188"}],"wp:term":[{"taxonomy":"product_brand","embeddable":true,"href":"https:\/\/bubliq.com\/da\/wp-json\/wp\/v2\/product_brand?post=9188"},{"taxonomy":"product_cat","embeddable":true,"href":"https:\/\/bubliq.com\/da\/wp-json\/wp\/v2\/product_cat?post=9188"},{"taxonomy":"product_tag","embeddable":true,"href":"https:\/\/bubliq.com\/da\/wp-json\/wp\/v2\/product_tag?post=9188"},{"taxonomy":"woo-feed-brand","embeddable":true,"href":"https:\/\/bubliq.com\/da\/wp-json\/wp\/v2\/woo-feed-brand?post=9188"}],"curies":[{"name":"wp","href":"https:\/\/api.w.org\/{rel}","templated":true}]}}