{"id":13547,"date":"2023-03-14T17:25:56","date_gmt":"2023-03-14T15:25:56","guid":{"rendered":"https:\/\/bubliq.com\/?page_id=13547"},"modified":"2026-03-13T11:48:07","modified_gmt":"2026-03-13T09:48:07","slug":"om-os","status":"publish","type":"page","link":"https:\/\/bubliq.com\/de\/uber-uns\/","title":{"rendered":"\u00dcber uns"},"content":{"rendered":"<div data-elementor-type=\"wp-page\" data-elementor-id=\"13547\" class=\"elementor elementor-13547\" data-elementor-post-type=\"page\">\n\t\t\t\t\t\t<section class=\"elementor-section elementor-top-section elementor-element elementor-element-6703af9 elementor-section-boxed elementor-section-height-default elementor-section-height-default\" data-id=\"6703af9\" data-element_type=\"section\" data-e-type=\"section\">\n\t\t\t\t\t\t<div class=\"elementor-container elementor-column-gap-default\">\n\t\t\t\t\t<div class=\"elementor-column elementor-col-33 elementor-top-column elementor-element elementor-element-59e1417\" data-id=\"59e1417\" data-element_type=\"column\" data-e-type=\"column\">\n\t\t\t<div class=\"elementor-widget-wrap elementor-element-populated\">\n\t\t\t\t\t\t<div class=\"elementor-element elementor-element-3b73882 elementor-widget elementor-widget-shortcode\" data-id=\"3b73882\" data-element_type=\"widget\" data-e-type=\"widget\" data-widget_type=\"shortcode.default\">\n\t\t\t\t<div class=\"elementor-widget-container\">\n\t\t\t\t\t\t\t<div class=\"elementor-shortcode\"><nav aria-label=\"breadcrumbs\" class=\"rank-math-breadcrumb\"><p><span class=\"last\">Startseite<\/span><\/p><\/nav><\/div>\n\t\t\t\t\t\t<\/div>\n\t\t\t\t<\/div>\n\t\t\t\t\t<\/div>\n\t\t<\/div>\n\t\t\t\t<div class=\"elementor-column elementor-col-33 elementor-top-column elementor-element elementor-element-9d648ba\" data-id=\"9d648ba\" data-element_type=\"column\" data-e-type=\"column\">\n\t\t\t<div class=\"elementor-widget-wrap elementor-element-populated\">\n\t\t\t\t\t\t<div class=\"elementor-element elementor-element-07dc47d elementor-widget elementor-widget-heading\" data-id=\"07dc47d\" data-element_type=\"widget\" data-e-type=\"widget\" data-widget_type=\"heading.default\">\n\t\t\t\t<div class=\"elementor-widget-container\">\n\t\t\t\t\t<h1 class=\"elementor-heading-title elementor-size-default\">\u00dcber uns<\/h1>\t\t\t\t<\/div>\n\t\t\t\t<\/div>\n\t\t\t\t\t<\/div>\n\t\t<\/div>\n\t\t\t\t<div class=\"elementor-column elementor-col-33 elementor-top-column elementor-element elementor-element-fb3525e\" data-id=\"fb3525e\" data-element_type=\"column\" data-e-type=\"column\">\n\t\t\t<div class=\"elementor-widget-wrap\">\n\t\t\t\t\t\t\t<\/div>\n\t\t<\/div>\n\t\t\t\t\t<\/div>\n\t\t<\/section>\n\t\t\t\t<section class=\"elementor-section elementor-top-section elementor-element elementor-element-573d1df0 elementor-section-content-middle elementor-section-boxed elementor-section-height-default elementor-section-height-default\" data-id=\"573d1df0\" data-element_type=\"section\" data-e-type=\"section\" data-settings=\"{&quot;background_background&quot;:&quot;classic&quot;}\">\n\t\t\t\t\t\t<div class=\"elementor-container elementor-column-gap-no\">\n\t\t\t\t\t<div class=\"elementor-column elementor-col-50 elementor-top-column elementor-element elementor-element-18d5b80\" data-id=\"18d5b80\" data-element_type=\"column\" data-e-type=\"column\">\n\t\t\t<div class=\"elementor-widget-wrap elementor-element-populated\">\n\t\t\t\t\t\t<div class=\"elementor-element elementor-element-2a22693d elementor-widget elementor-widget-image\" data-id=\"2a22693d\" data-element_type=\"widget\" data-e-type=\"widget\" data-widget_type=\"image.default\">\n\t\t\t\t<div class=\"elementor-widget-container\">\n\t\t\t\t\t\t\t\t\t\t\t\t\t\t\t<img fetchpriority=\"high\" decoding=\"async\" width=\"1000\" height=\"1043\" src=\"https:\/\/bubliq.com\/wp-content\/uploads\/2026\/03\/kulsyremaskine-med-glasflaske-bubliq-glass-carbonator.webp\" class=\"attachment-full size-full wp-image-26016\" alt=\"bubliq kulsyremaskine med glasflaske p\u00e5 k\u00f8kkenbord med et glas danskvand\" srcset=\"https:\/\/bubliq.com\/wp-content\/uploads\/2026\/03\/kulsyremaskine-med-glasflaske-bubliq-glass-carbonator.webp 1000w, https:\/\/bubliq.com\/wp-content\/uploads\/2026\/03\/kulsyremaskine-med-glasflaske-bubliq-glass-carbonator-288x300.webp 288w, https:\/\/bubliq.com\/wp-content\/uploads\/2026\/03\/kulsyremaskine-med-glasflaske-bubliq-glass-carbonator-982x1024.webp 982w, https:\/\/bubliq.com\/wp-content\/uploads\/2026\/03\/kulsyremaskine-med-glasflaske-bubliq-glass-carbonator-768x801.webp 768w, https:\/\/bubliq.com\/wp-content\/uploads\/2026\/03\/kulsyremaskine-med-glasflaske-bubliq-glass-carbonator-12x12.webp 12w, https:\/\/bubliq.com\/wp-content\/uploads\/2026\/03\/kulsyremaskine-med-glasflaske-bubliq-glass-carbonator-450x469.webp 450w\" sizes=\"(max-width: 1000px) 100vw, 1000px\" \/>\t\t\t\t\t\t\t\t\t\t\t\t\t\t\t<\/div>\n\t\t\t\t<\/div>\n\t\t\t\t\t<\/div>\n\t\t<\/div>\n\t\t\t\t<div class=\"elementor-column elementor-col-50 elementor-top-column elementor-element elementor-element-79a8ab68\" data-id=\"79a8ab68\" data-element_type=\"column\" data-e-type=\"column\">\n\t\t\t<div class=\"elementor-widget-wrap elementor-element-populated\">\n\t\t\t\t\t\t<div class=\"elementor-element elementor-element-280a0f84 elementor-widget elementor-widget-text-editor\" data-id=\"280a0f84\" data-element_type=\"widget\" data-e-type=\"widget\" data-widget_type=\"text-editor.default\">\n\t\t\t\t<div class=\"elementor-widget-container\">\n\t\t\t\t\t\t\t\t\t<p style=\"font-weight: 400;\">bubliq wurde 2019 in Kopenhagen gegr\u00fcndet, mit der Mission Wassersprudler neu zu denken.<\/p><p style=\"font-weight: 400;\">In diesem Sinne haben wir uns das Ziel gesetzt, den Wassersprudler f\u00fcr die K\u00fcche neu zu definieren. Inspiriert vom d\u00e4nischen Design und dem skandinavischen Minimalismus, werden unsere Wassersprudler mit einfachen, klaren Linien gefertigt, die sich nahtlos in jedes Interieur einf\u00fcgen und zu jedem Stil passen.<\/p><p style=\"font-weight: 400;\" class=\"translation-block\">Unser Engagement geht \u00fcber \u00c4sthetik hinaus. Nachhaltigkeit und verantwortungsvoller Konsum sind tief in unserem Handeln verwurzelt. Mit unserem Leitsatz \u2018<em>less plastic, more refill\u2019<\/em> m\u00f6chten wir dich dazu ermutigen, Einwegplastikflaschen zu reduzieren und die Kreislaufwirtschaft zu unterst\u00fctzen, indem du dein eigenes Sprudelwasser zu Hause herstellst.<\/p>\t\t\t\t\t\t\t\t<\/div>\n\t\t\t\t<\/div>\n\t\t\t\t\t<\/div>\n\t\t<\/div>\n\t\t\t\t\t<\/div>\n\t\t<\/section>\n\t\t\t\t<\/div>","protected":false},"excerpt":{"rendered":"<p>Om os bubliq blev grundlagt i K\u00f8benhavn i 2019 med en mission om at nyt\u00e6nke sodavandsmaskinen. Baseret p\u00e5 stolte, danske designtraditioner blev bubliq skabt ud fra en vision om at tilf\u00f8je elegance og nordisk minimalisme til verdens k\u00f8kkener. Vores maskiner henvender sig derfor til dig, der v\u00e6rds\u00e6tter enkelthed og rene linjer i indretningen. Hos bubliq [&hellip;]<\/p>\n","protected":false},"author":1,"featured_media":0,"parent":0,"menu_order":0,"comment_status":"closed","ping_status":"closed","template":"","meta":{"footnotes":""},"class_list":["post-13547","page","type-page","status-publish","hentry"],"_links":{"self":[{"href":"https:\/\/bubliq.com\/de\/wp-json\/wp\/v2\/pages\/13547","targetHints":{"allow":["GET"]}}],"collection":[{"href":"https:\/\/bubliq.com\/de\/wp-json\/wp\/v2\/pages"}],"about":[{"href":"https:\/\/bubliq.com\/de\/wp-json\/wp\/v2\/types\/page"}],"author":[{"embeddable":true,"href":"https:\/\/bubliq.com\/de\/wp-json\/wp\/v2\/users\/1"}],"replies":[{"embeddable":true,"href":"https:\/\/bubliq.com\/de\/wp-json\/wp\/v2\/comments?post=13547"}],"version-history":[{"count":109,"href":"https:\/\/bubliq.com\/de\/wp-json\/wp\/v2\/pages\/13547\/revisions"}],"predecessor-version":[{"id":26019,"href":"https:\/\/bubliq.com\/de\/wp-json\/wp\/v2\/pages\/13547\/revisions\/26019"}],"wp:attachment":[{"href":"https:\/\/bubliq.com\/de\/wp-json\/wp\/v2\/media?parent=13547"}],"curies":[{"name":"wp","href":"https:\/\/api.w.org\/{rel}","templated":true}]}}