{"id":2107,"date":"2019-11-13T20:45:49","date_gmt":"2019-11-13T20:45:49","guid":{"rendered":"https:\/\/bubliq.dk\/?page_id=2107"},"modified":"2025-09-02T14:52:10","modified_gmt":"2025-09-02T12:52:10","slug":"kulsyrepatroner","status":"publish","type":"page","link":"https:\/\/bubliq.com\/de\/kohlensaure\/","title":{"rendered":"Kohlens\u00e4ure"},"content":{"rendered":"<div data-elementor-type=\"wp-page\" data-elementor-id=\"2107\" class=\"elementor elementor-2107\" data-elementor-post-type=\"page\">\n\t\t\t\t\t\t<section class=\"elementor-section elementor-top-section elementor-element elementor-element-5bcc89f elementor-section-boxed elementor-section-height-default elementor-section-height-default\" data-id=\"5bcc89f\" data-element_type=\"section\" data-e-type=\"section\">\n\t\t\t\t\t\t<div class=\"elementor-container elementor-column-gap-default\">\n\t\t\t\t\t<div class=\"elementor-column elementor-col-33 elementor-top-column elementor-element elementor-element-baf4f53\" data-id=\"baf4f53\" data-element_type=\"column\" data-e-type=\"column\">\n\t\t\t<div class=\"elementor-widget-wrap elementor-element-populated\">\n\t\t\t\t\t\t<div class=\"elementor-element elementor-element-c8cf995 elementor-widget elementor-widget-shortcode\" data-id=\"c8cf995\" data-element_type=\"widget\" data-e-type=\"widget\" data-widget_type=\"shortcode.default\">\n\t\t\t\t<div class=\"elementor-widget-container\">\n\t\t\t\t\t\t\t<div class=\"elementor-shortcode\"><nav aria-label=\"breadcrumbs\" class=\"rank-math-breadcrumb\"><p><span class=\"last\">Startseite<\/span><\/p><\/nav><\/div>\n\t\t\t\t\t\t<\/div>\n\t\t\t\t<\/div>\n\t\t\t\t\t<\/div>\n\t\t<\/div>\n\t\t\t\t<div class=\"elementor-column elementor-col-33 elementor-top-column elementor-element elementor-element-5bff88e\" data-id=\"5bff88e\" data-element_type=\"column\" data-e-type=\"column\">\n\t\t\t<div class=\"elementor-widget-wrap elementor-element-populated\">\n\t\t\t\t\t\t<div class=\"elementor-element elementor-element-e52b4f7 elementor-widget elementor-widget-heading\" data-id=\"e52b4f7\" data-element_type=\"widget\" data-e-type=\"widget\" data-widget_type=\"heading.default\">\n\t\t\t\t<div class=\"elementor-widget-container\">\n\t\t\t\t\t<h1 class=\"elementor-heading-title elementor-size-default\">Kohlens\u00e4ure<\/h1>\t\t\t\t<\/div>\n\t\t\t\t<\/div>\n\t\t\t\t\t<\/div>\n\t\t<\/div>\n\t\t\t\t<div class=\"elementor-column elementor-col-33 elementor-top-column elementor-element elementor-element-dd362b9\" data-id=\"dd362b9\" data-element_type=\"column\" data-e-type=\"column\">\n\t\t\t<div class=\"elementor-widget-wrap\">\n\t\t\t\t\t\t\t<\/div>\n\t\t<\/div>\n\t\t\t\t\t<\/div>\n\t\t<\/section>\n\t\t<div class=\"elementor-element elementor-element-305dd31f e-flex e-con-boxed e-con e-parent\" data-id=\"305dd31f\" data-element_type=\"container\" data-e-type=\"container\">\n\t\t\t\t\t<div class=\"e-con-inner\">\n\t\t<div class=\"elementor-element elementor-element-630038b e-con-full e-flex e-con e-child\" data-id=\"630038b\" data-element_type=\"container\" data-e-type=\"container\">\n\t\t\t\t<div class=\"elementor-element elementor-element-78bf4e83 elementor-widget elementor-widget-text-editor\" data-id=\"78bf4e83\" data-element_type=\"widget\" data-e-type=\"widget\" data-widget_type=\"text-editor.default\">\n\t\t\t\t<div class=\"elementor-widget-container\">\n\t\t\t\t\t\t\t\t\t<p class=\"translation-block\">bubliq CO2-Zylinder enthalten 450 g Lebensmittelkohlens\u00e4ure und passen in den bubliq Wassersprudler sowie in andere auf dem Markt erh\u00e4ltliche Wassersprudler, mit Ausnahme der SodaStream-Modelle mit Quick Connect. bubliq CO2-Zylinder sind universell und Teil desselben Austauschsystems wie andere CO2-Zylinder und k\u00f6nnen daher gegen andere Marken wie Sodab\u00e4r oder Grohe ausgetauscht werden.<\/p>\t\t\t\t\t\t\t\t<\/div>\n\t\t\t\t<\/div>\n\t\t\t\t<\/div>\n\t\t\t\t\t<\/div>\n\t\t\t\t<\/div>\n\t\t<div class=\"elementor-element elementor-element-670528ff e-flex e-con-boxed e-con e-parent\" data-id=\"670528ff\" data-element_type=\"container\" data-e-type=\"container\">\n\t\t\t\t\t<div class=\"e-con-inner\">\n\t\t<div class=\"elementor-element elementor-element-2a3f57bc e-con-full e-flex e-con e-child\" data-id=\"2a3f57bc\" data-element_type=\"container\" data-e-type=\"container\">\n\t\t\t\t<div class=\"elementor-element elementor-element-134d89f5 elementor-widget elementor-widget-heading\" data-id=\"134d89f5\" data-element_type=\"widget\" data-e-type=\"widget\" data-widget_type=\"heading.default\">\n\t\t\t\t<div class=\"elementor-widget-container\">\n\t\t\t\t\t<h2 class=\"elementor-heading-title elementor-size-default\">Neue CO2 Zylinder<\/h2>\t\t\t\t<\/div>\n\t\t\t\t<\/div>\n\t\t\t\t<\/div>\n\t\t<div class=\"elementor-element elementor-element-4f0bea0 e-con-full e-flex e-con e-child\" data-id=\"4f0bea0\" data-element_type=\"container\" data-e-type=\"container\">\n\t\t\t\t<div class=\"elementor-element elementor-element-5c5b8440 elementor-widget elementor-widget-heading\" data-id=\"5c5b8440\" data-element_type=\"widget\" data-e-type=\"widget\" data-widget_type=\"heading.default\">\n\t\t\t\t<div class=\"elementor-widget-container\">\n\t\t\t\t\t<h2 class=\"elementor-heading-title elementor-size-default\">CO2-Tauschzylinder<\/h2>\t\t\t\t<\/div>\n\t\t\t\t<\/div>\n\t\t\t\t<\/div>\n\t\t\t\t\t<\/div>\n\t\t\t\t<\/div>\n\t\t<div class=\"elementor-element elementor-element-6cddc4c1 e-flex e-con-boxed e-con e-parent\" data-id=\"6cddc4c1\" data-element_type=\"container\" data-e-type=\"container\">\n\t\t\t\t\t<div class=\"e-con-inner\">\n\t\t<div class=\"elementor-element elementor-element-4c5bbdd4 e-con-full e-flex e-con e-child\" data-id=\"4c5bbdd4\" data-element_type=\"container\" data-e-type=\"container\">\n\t\t<div class=\"elementor-element elementor-element-59a1c58c e-flex e-con-boxed e-con e-child\" data-id=\"59a1c58c\" data-element_type=\"container\" data-e-type=\"container\">\n\t\t\t\t\t<div class=\"e-con-inner\">\n\t\t\t\t<div class=\"elementor-element elementor-element-7c26bda elementor-widget elementor-widget-image\" data-id=\"7c26bda\" data-element_type=\"widget\" data-e-type=\"widget\" data-widget_type=\"image.default\">\n\t\t\t\t<div class=\"elementor-widget-container\">\n\t\t\t\t\t\t\t\t\t\t\t\t\t\t\t\t<a href=\"https:\/\/bubliq.com\/de\/co2-zylinder\/\">\n\t\t\t\t\t\t\t<img fetchpriority=\"high\" decoding=\"async\" width=\"800\" height=\"800\" src=\"https:\/\/bubliq.com\/wp-content\/uploads\/2024\/01\/bubliq-kulsyrepatron-450-g-1x1-1-1024x1024.png\" class=\"attachment-large size-large wp-image-17453\" alt=\"bubliq CO2 Zylinder 450g f\u00fcr den bubliq Wassersprudler\" srcset=\"https:\/\/bubliq.com\/wp-content\/uploads\/2024\/01\/bubliq-kulsyrepatron-450-g-1x1-1-1024x1024.png 1024w, https:\/\/bubliq.com\/wp-content\/uploads\/2024\/01\/bubliq-kulsyrepatron-450-g-1x1-1-300x300.png 300w, https:\/\/bubliq.com\/wp-content\/uploads\/2024\/01\/bubliq-kulsyrepatron-450-g-1x1-1-150x150.png 150w, https:\/\/bubliq.com\/wp-content\/uploads\/2024\/01\/bubliq-kulsyrepatron-450-g-1x1-1-768x768.png 768w, https:\/\/bubliq.com\/wp-content\/uploads\/2024\/01\/bubliq-kulsyrepatron-450-g-1x1-1-12x12.png 12w, https:\/\/bubliq.com\/wp-content\/uploads\/2024\/01\/bubliq-kulsyrepatron-450-g-1x1-1-328x328.png 328w, https:\/\/bubliq.com\/wp-content\/uploads\/2024\/01\/bubliq-kulsyrepatron-450-g-1x1-1-450x450.png 450w, https:\/\/bubliq.com\/wp-content\/uploads\/2024\/01\/bubliq-kulsyrepatron-450-g-1x1-1-100x100.png 100w, https:\/\/bubliq.com\/wp-content\/uploads\/2024\/01\/bubliq-kulsyrepatron-450-g-1x1-1.png 1080w\" sizes=\"(max-width: 800px) 100vw, 800px\" \/>\t\t\t\t\t\t\t\t<\/a>\n\t\t\t\t\t\t\t\t\t\t\t\t\t\t\t<\/div>\n\t\t\t\t<\/div>\n\t\t\t\t<div class=\"elementor-element elementor-element-196da331 elementor-align-center elementor-widget elementor-widget-button\" data-id=\"196da331\" data-element_type=\"widget\" data-e-type=\"widget\" data-widget_type=\"button.default\">\n\t\t\t\t<div class=\"elementor-widget-container\">\n\t\t\t\t\t\t\t\t\t<div class=\"elementor-button-wrapper\">\n\t\t\t\t\t<a class=\"elementor-button elementor-button-link elementor-size-sm\" href=\"https:\/\/bubliq.com\/de\/co2-zylinder\/\">\n\t\t\t\t\t\t<span class=\"elementor-button-content-wrapper\">\n\t\t\t\t\t\t\t\t\t<span class=\"elementor-button-text\">Entdecke unsere Auswahl<\/span>\n\t\t\t\t\t<\/span>\n\t\t\t\t\t<\/a>\n\t\t\t\t<\/div>\n\t\t\t\t\t\t\t\t<\/div>\n\t\t\t\t<\/div>\n\t\t\t\t\t<\/div>\n\t\t\t\t<\/div>\n\t\t\t\t<\/div>\n\t\t<div class=\"elementor-element elementor-element-4eff7ee9 e-con-full e-flex e-con e-child\" data-id=\"4eff7ee9\" data-element_type=\"container\" data-e-type=\"container\">\n\t\t<div class=\"elementor-element elementor-element-3c082396 e-con-full e-flex e-con e-child\" data-id=\"3c082396\" data-element_type=\"container\" data-e-type=\"container\">\n\t\t\t\t<div class=\"elementor-element elementor-element-3be36fd5 elementor-widget elementor-widget-image\" data-id=\"3be36fd5\" data-element_type=\"widget\" data-e-type=\"widget\" data-widget_type=\"image.default\">\n\t\t\t\t<div class=\"elementor-widget-container\">\n\t\t\t\t\t\t\t\t\t\t\t\t\t\t\t\t<a href=\"https:\/\/bubliq.com\/de\/tauschzylinder\/\">\n\t\t\t\t\t\t\t<img decoding=\"async\" width=\"800\" height=\"800\" src=\"https:\/\/bubliq.com\/wp-content\/uploads\/2024\/03\/Ombytning-bubliq-kulsyrepatroner.webp\" class=\"attachment-large size-large wp-image-18538\" alt=\"Kulsyrepatron ombytning er b\u00e5de nemt og hurtigt hos bubliq. Ombyt dine tomme kulsyrepatroner til din sodavandsmaskine her.\" srcset=\"https:\/\/bubliq.com\/wp-content\/uploads\/2024\/03\/Ombytning-bubliq-kulsyrepatroner.webp 1000w, https:\/\/bubliq.com\/wp-content\/uploads\/2024\/03\/Ombytning-bubliq-kulsyrepatroner-300x300.webp 300w, https:\/\/bubliq.com\/wp-content\/uploads\/2024\/03\/Ombytning-bubliq-kulsyrepatroner-150x150.webp 150w, https:\/\/bubliq.com\/wp-content\/uploads\/2024\/03\/Ombytning-bubliq-kulsyrepatroner-768x768.webp 768w, https:\/\/bubliq.com\/wp-content\/uploads\/2024\/03\/Ombytning-bubliq-kulsyrepatroner-12x12.webp 12w, https:\/\/bubliq.com\/wp-content\/uploads\/2024\/03\/Ombytning-bubliq-kulsyrepatroner-328x328.webp 328w, https:\/\/bubliq.com\/wp-content\/uploads\/2024\/03\/Ombytning-bubliq-kulsyrepatroner-450x450.webp 450w, https:\/\/bubliq.com\/wp-content\/uploads\/2024\/03\/Ombytning-bubliq-kulsyrepatroner-100x100.webp 100w\" sizes=\"(max-width: 800px) 100vw, 800px\" \/>\t\t\t\t\t\t\t\t<\/a>\n\t\t\t\t\t\t\t\t\t\t\t\t\t\t\t<\/div>\n\t\t\t\t<\/div>\n\t\t\t\t<div class=\"elementor-element elementor-element-64c3e46e elementor-align-center elementor-mobile-align-center elementor-widget elementor-widget-button\" data-id=\"64c3e46e\" data-element_type=\"widget\" data-e-type=\"widget\" data-widget_type=\"button.default\">\n\t\t\t\t<div class=\"elementor-widget-container\">\n\t\t\t\t\t\t\t\t\t<div class=\"elementor-button-wrapper\">\n\t\t\t\t\t<a class=\"elementor-button elementor-button-link elementor-size-sm\" href=\"https:\/\/bubliq.com\/de\/tauschzylinder\/\">\n\t\t\t\t\t\t<span class=\"elementor-button-content-wrapper\">\n\t\t\t\t\t\t\t\t\t<span class=\"elementor-button-text\">Entdecke unsere Auswahl<\/span>\n\t\t\t\t\t<\/span>\n\t\t\t\t\t<\/a>\n\t\t\t\t<\/div>\n\t\t\t\t\t\t\t\t<\/div>\n\t\t\t\t<\/div>\n\t\t\t\t<div class=\"elementor-element elementor-element-2115bd5c eael-tooltip-align-center elementor-hidden-mobile elementor-hidden-desktop elementor-hidden-tablet elementor-widget elementor-widget-eael-tooltip\" data-id=\"2115bd5c\" data-element_type=\"widget\" data-e-type=\"widget\" data-widget_type=\"eael-tooltip.default\">\n\t\t\t\t<div class=\"elementor-widget-container\">\n\t\t\t\t\t\t<div class=\"eael-tooltip\">\n\t\t\t\t\t<span class=\"eael-tooltip-content\" tabindex=\"0\" aria-describedby=\"tooltip-text-2115bd5c\">\t\t\t\t\t\t\t<i aria-hidden=\"true\" class=\"fas fa-info-circle\"><\/i>\t\t\t<\/span>\n  \t\t\t<span id=\"tooltip-text-2115bd5c\" class=\"eael-tooltip-text eael-tooltip-bottom\" role=\"tooltip\"><p>Log ind, eller opret en ny konto for hurtigere at ombytte dine kulsyrepatroner<\/p><\/span>\n  \t\t\t<\/div>\n\t\t\t\t\t<\/div>\n\t\t\t\t<\/div>\n\t\t\t\t<\/div>\n\t\t\t\t<\/div>\n\t\t\t\t\t<\/div>\n\t\t\t\t<\/div>\n\t\t\t\t<\/div>","protected":false},"excerpt":{"rendered":"<p>Kulsyre Kulsyrepatroner fra bubliq indeholder 450 g f\u00f8devaregodkendt kulsyre og passer til bubliq drink carbonator og andre sodavandsmaskiner p\u00e5 markedet, p\u00e5n\u00e6r SodaStream modeller med Quick Connect. bubliq kulsyrepatroner er universelle og indg\u00e5r i samme ombytningssystem som andre kulsyreflasker, og kan derfor ombyttes til andre m\u00e6rker som f.eks. Nordic Soda eller Grohe. Nedenfor kan du v\u00e6lge [&hellip;]<\/p>\n","protected":false},"author":1,"featured_media":19162,"parent":0,"menu_order":0,"comment_status":"closed","ping_status":"closed","template":"","meta":{"footnotes":""},"class_list":["post-2107","page","type-page","status-publish","has-post-thumbnail","hentry"],"_links":{"self":[{"href":"https:\/\/bubliq.com\/de\/wp-json\/wp\/v2\/pages\/2107","targetHints":{"allow":["GET"]}}],"collection":[{"href":"https:\/\/bubliq.com\/de\/wp-json\/wp\/v2\/pages"}],"about":[{"href":"https:\/\/bubliq.com\/de\/wp-json\/wp\/v2\/types\/page"}],"author":[{"embeddable":true,"href":"https:\/\/bubliq.com\/de\/wp-json\/wp\/v2\/users\/1"}],"replies":[{"embeddable":true,"href":"https:\/\/bubliq.com\/de\/wp-json\/wp\/v2\/comments?post=2107"}],"version-history":[{"count":216,"href":"https:\/\/bubliq.com\/de\/wp-json\/wp\/v2\/pages\/2107\/revisions"}],"predecessor-version":[{"id":24863,"href":"https:\/\/bubliq.com\/de\/wp-json\/wp\/v2\/pages\/2107\/revisions\/24863"}],"wp:featuredmedia":[{"embeddable":true,"href":"https:\/\/bubliq.com\/de\/wp-json\/wp\/v2\/media\/19162"}],"wp:attachment":[{"href":"https:\/\/bubliq.com\/de\/wp-json\/wp\/v2\/media?parent=2107"}],"curies":[{"name":"wp","href":"https:\/\/api.w.org\/{rel}","templated":true}]}}