{"id":2609,"date":"2019-11-21T17:03:32","date_gmt":"2019-11-21T17:03:32","guid":{"rendered":"https:\/\/bubliq.dk\/?page_id=2609"},"modified":"2026-01-02T10:51:51","modified_gmt":"2026-01-02T08:51:51","slug":"privatlivspolitik","status":"publish","type":"page","link":"https:\/\/bubliq.com\/de\/datenschutzerklarung\/","title":{"rendered":"Datenschutzerkl\u00e4rung"},"content":{"rendered":"<div data-elementor-type=\"wp-page\" data-elementor-id=\"2609\" class=\"elementor elementor-2609\" data-elementor-post-type=\"page\">\n\t\t\t\t\t\t<section class=\"elementor-section elementor-top-section elementor-element elementor-element-11c5b7f elementor-section-boxed elementor-section-height-default elementor-section-height-default\" data-id=\"11c5b7f\" data-element_type=\"section\" data-e-type=\"section\">\n\t\t\t\t\t\t<div class=\"elementor-container elementor-column-gap-default\">\n\t\t\t\t\t<div class=\"elementor-column elementor-col-100 elementor-top-column elementor-element elementor-element-9a22814\" data-id=\"9a22814\" data-element_type=\"column\" data-e-type=\"column\">\n\t\t\t<div class=\"elementor-widget-wrap elementor-element-populated\">\n\t\t\t\t\t\t<div class=\"elementor-element elementor-element-22aa89b elementor-widget elementor-widget-heading\" data-id=\"22aa89b\" data-element_type=\"widget\" data-e-type=\"widget\" data-widget_type=\"heading.default\">\n\t\t\t\t<div class=\"elementor-widget-container\">\n\t\t\t\t\t<h1 class=\"elementor-heading-title elementor-size-default\">Cookies und Datenschutzerkl\u00e4rung<\/h1>\t\t\t\t<\/div>\n\t\t\t\t<\/div>\n\t\t\t\t\t<\/div>\n\t\t<\/div>\n\t\t\t\t\t<\/div>\n\t\t<\/section>\n\t\t\t\t<section class=\"elementor-section elementor-top-section elementor-element elementor-element-9a74ec2 elementor-section-boxed elementor-section-height-default elementor-section-height-default\" data-id=\"9a74ec2\" data-element_type=\"section\" data-e-type=\"section\">\n\t\t\t\t\t\t<div class=\"elementor-container elementor-column-gap-default\">\n\t\t\t\t\t<div class=\"elementor-column elementor-col-50 elementor-top-column elementor-element elementor-element-c97e1ed\" data-id=\"c97e1ed\" data-element_type=\"column\" data-e-type=\"column\">\n\t\t\t<div class=\"elementor-widget-wrap elementor-element-populated\">\n\t\t\t\t\t\t<div class=\"elementor-element elementor-element-9dafdfe elementor-widget elementor-widget-heading\" data-id=\"9dafdfe\" data-element_type=\"widget\" data-e-type=\"widget\" data-widget_type=\"heading.default\">\n\t\t\t\t<div class=\"elementor-widget-container\">\n\t\t\t\t\t<h4 class=\"elementor-heading-title elementor-size-default\">Einleitung<\/h4>\t\t\t\t<\/div>\n\t\t\t\t<\/div>\n\t\t\t\t<div class=\"elementor-element elementor-element-dfebab0 elementor-widget elementor-widget-text-editor\" data-id=\"dfebab0\" data-element_type=\"widget\" data-e-type=\"widget\" data-widget_type=\"text-editor.default\">\n\t\t\t\t<div class=\"elementor-widget-container\">\n\t\t\t\t\t\t\t\t\t<p>Wir benutzen beim Besuch unserer Website Cookies, die es uns erm\u00f6glichen, Sie von anderen Nutzern zu unterscheiden, wie auch Ihnen ein gutes Nutzungserlebnis anzubieten und die M\u00f6glichkeit unsere Website zu verbessern und die Werbung zu personalisieren.<\/p><p>Die Website verwendet \"Cookies\", die auf Ihrem Computer, Handy oder entsprechenden Ger\u00e4t als Textdatei gespeichert werden, um Ihr Ger\u00e4t wiederzuerkennen, Einstellungen zu speichern, Statistiken zu erfassen und Werbung zu personalisieren. Cookies k\u00f6nnen <strong>keinen<\/strong> sch\u00e4dlichen Code beinhalten, wie z.B. ein Computervirus.<\/p><p>Wof\u00fcr werden Cookies auf der Website benutzt?<\/p><ol><li>Durch Cookies sichern wir die Funktionalit\u00e4t der Website und \u00fcberpr\u00fcfen, ob Sie Cookies akzeptiert haben oder nicht.<\/li><li>Um Besuche und Traffic-Quellen zu z\u00e4hlen, um unsere Leistung und das Nutzungserlebnis verbessern zu k\u00f6nnen. Die Website benutzt Google Analytics, um anonyme Statistiken zu erstellen.<\/li><li>Die Website sammelt auch Informationen durch Drittanbieter-Cookies. Das sind Cookies von Google Ads und Facebook, die zur Personalisierung von Werbung und Kommunikation verwendet werden. Sie verbleiben bei bubliq.com anonym.<\/li><\/ol>\t\t\t\t\t\t\t\t<\/div>\n\t\t\t\t<\/div>\n\t\t\t\t\t<\/div>\n\t\t<\/div>\n\t\t\t\t<div class=\"elementor-column elementor-col-50 elementor-top-column elementor-element elementor-element-b94f997\" data-id=\"b94f997\" data-element_type=\"column\" data-e-type=\"column\">\n\t\t\t<div class=\"elementor-widget-wrap\">\n\t\t\t\t\t\t\t<\/div>\n\t\t<\/div>\n\t\t\t\t\t<\/div>\n\t\t<\/section>\n\t\t\t\t<section class=\"elementor-section elementor-top-section elementor-element elementor-element-7e22a76 elementor-section-boxed elementor-section-height-default elementor-section-height-default\" data-id=\"7e22a76\" data-element_type=\"section\" data-e-type=\"section\">\n\t\t\t\t\t\t<div class=\"elementor-container elementor-column-gap-default\">\n\t\t\t\t\t<div class=\"elementor-column elementor-col-50 elementor-top-column elementor-element elementor-element-d1dcf64\" data-id=\"d1dcf64\" data-element_type=\"column\" data-e-type=\"column\">\n\t\t\t<div class=\"elementor-widget-wrap elementor-element-populated\">\n\t\t\t\t\t\t<div class=\"elementor-element elementor-element-9f7786e elementor-widget elementor-widget-heading\" data-id=\"9f7786e\" data-element_type=\"widget\" data-e-type=\"widget\" data-widget_type=\"heading.default\">\n\t\t\t\t<div class=\"elementor-widget-container\">\n\t\t\t\t\t<h3 class=\"elementor-heading-title elementor-size-default\">Personenbezogene Daten<\/h3>\t\t\t\t<\/div>\n\t\t\t\t<\/div>\n\t\t\t\t<div class=\"elementor-element elementor-element-326fdac elementor-widget elementor-widget-heading\" data-id=\"326fdac\" data-element_type=\"widget\" data-e-type=\"widget\" data-widget_type=\"heading.default\">\n\t\t\t\t<div class=\"elementor-widget-container\">\n\t\t\t\t\t<h4 class=\"elementor-heading-title elementor-size-default\">Generell<\/h4>\t\t\t\t<\/div>\n\t\t\t\t<\/div>\n\t\t\t\t<div class=\"elementor-element elementor-element-d333e84 elementor-widget elementor-widget-text-editor\" data-id=\"d333e84\" data-element_type=\"widget\" data-e-type=\"widget\" data-widget_type=\"text-editor.default\">\n\t\t\t\t<div class=\"elementor-widget-container\">\n\t\t\t\t\t\t\t\t\t<p class=\"Standard translation-block\">Personenbezogene Daten sind Informationen, die sich auf eine identifizierbare Person beziehen. Wenn Sie unsere Website benutzen, werden solche Informationen erfasst. Das ist z.\u202fB. bei der Anmeldung zum Newsletter, bei Teilnahme an einem Gewinnspiel oder beim Kauf \u00fcber unsere Website der Fall.<\/p><p class=\"Standard\"><span class=\"Ingen\">Unsere Webseite erfasst automatisch folgende Daten der Besucher: eine einzigartige ID sowie technische Informationen Ihres Computers, Tablets oder Handys, IP-Adresse, geografische Position sowie besuchte Seiten. Wenn Sie sich beim Kauf \u00fcber unsere Website registrieren, werden au\u00dferdem Ihr Name, Ihre Telefonnummer, Ihre E-Mail-Adresse, Anschrift sowie Zahlungs- und Kreditkarteninformationen erfasst.<\/span><\/p>\t\t\t\t\t\t\t\t<\/div>\n\t\t\t\t<\/div>\n\t\t\t\t<div class=\"elementor-element elementor-element-454f5a2 elementor-widget elementor-widget-heading\" data-id=\"454f5a2\" data-element_type=\"widget\" data-e-type=\"widget\" data-widget_type=\"heading.default\">\n\t\t\t\t<div class=\"elementor-widget-container\">\n\t\t\t\t\t<h4 class=\"elementor-heading-title elementor-size-default\">Sicherheit<\/h4>\t\t\t\t<\/div>\n\t\t\t\t<\/div>\n\t\t\t\t<div class=\"elementor-element elementor-element-daf9158 elementor-widget elementor-widget-text-editor\" data-id=\"daf9158\" data-element_type=\"widget\" data-e-type=\"widget\" data-widget_type=\"text-editor.default\">\n\t\t\t\t<div class=\"elementor-widget-container\">\n\t\t\t\t\t\t\t\t\t<p class=\"Standard\">Ihre personenbezogenen Daten werden sicher und vertraulich gem\u00e4\u00df allen geltenden Gesetzen behandelt, darunter die Datenschutz-Grundverordnung und das Datenschutzgesetz. Ihre Daten werden nur zu dem Zweck verwendet, zu dem sie erhoben wurden.<\/p>\t\t\t\t\t\t\t\t<\/div>\n\t\t\t\t<\/div>\n\t\t\t\t<div class=\"elementor-element elementor-element-82e2570 elementor-widget elementor-widget-heading\" data-id=\"82e2570\" data-element_type=\"widget\" data-e-type=\"widget\" data-widget_type=\"heading.default\">\n\t\t\t\t<div class=\"elementor-widget-container\">\n\t\t\t\t\t<h4 class=\"elementor-heading-title elementor-size-default\">Zweck<\/h4>\t\t\t\t<\/div>\n\t\t\t\t<\/div>\n\t\t\t\t<div class=\"elementor-element elementor-element-0e0d9af elementor-widget elementor-widget-text-editor\" data-id=\"0e0d9af\" data-element_type=\"widget\" data-e-type=\"widget\" data-widget_type=\"text-editor.default\">\n\t\t\t\t<div class=\"elementor-widget-container\">\n\t\t\t\t\t\t\t\t\t<p class=\"Standard\"><span class=\"Ingen\"><span lang=\"EN-US\">Die Daten werden genutzt, um Sie als Benutzer identifizieren zu k\u00f6nnen und Werbung zu personalisieren. Au\u00dferdem werden die Daten verwendet, um Ihren Kauf und Ihre Zahlung zu registrieren sowie um angefragte Dienstleistungen zu liefern, z.\u202fB. den Versand von Newslettern. Die Daten dienen auch dazu, unsere Website zu optimieren.<\/span><\/span><\/p>\t\t\t\t\t\t\t\t<\/div>\n\t\t\t\t<\/div>\n\t\t\t\t<div class=\"elementor-element elementor-element-fbbc7c2 elementor-widget elementor-widget-heading\" data-id=\"fbbc7c2\" data-element_type=\"widget\" data-e-type=\"widget\" data-widget_type=\"heading.default\">\n\t\t\t\t<div class=\"elementor-widget-container\">\n\t\t\t\t\t<h4 class=\"elementor-heading-title elementor-size-default\">Aufbewarung von Daten<\/h4>\t\t\t\t<\/div>\n\t\t\t\t<\/div>\n\t\t\t\t<div class=\"elementor-element elementor-element-6caa43b elementor-widget elementor-widget-text-editor\" data-id=\"6caa43b\" data-element_type=\"widget\" data-e-type=\"widget\" data-widget_type=\"text-editor.default\">\n\t\t\t\t<div class=\"elementor-widget-container\">\n\t\t\t\t\t\t\t\t\t<p class=\"Standard\"><span class=\"Ingen\">Die Daten werden entsprechend gesetzlicher Vorgaben aufbewahrt und gel\u00f6scht, sobald sie nicht mehr erforderlich sind. Der Zeitraum h\u00e4ngt von Art und Zweck der Daten ab, weshalb kein allgemeiner Zeitraum f\u00fcr die L\u00f6schung festgelegt werden kann.<\/span><\/p>\t\t\t\t\t\t\t\t<\/div>\n\t\t\t\t<\/div>\n\t\t\t\t<div class=\"elementor-element elementor-element-6f4ddac elementor-widget elementor-widget-heading\" data-id=\"6f4ddac\" data-element_type=\"widget\" data-e-type=\"widget\" data-widget_type=\"heading.default\">\n\t\t\t\t<div class=\"elementor-widget-container\">\n\t\t\t\t\t<h4 class=\"elementor-heading-title elementor-size-default\">Weitergabe Ihrer Daten<\/h4>\t\t\t\t<\/div>\n\t\t\t\t<\/div>\n\t\t\t\t<div class=\"elementor-element elementor-element-4660d76 elementor-widget elementor-widget-text-editor\" data-id=\"4660d76\" data-element_type=\"widget\" data-e-type=\"widget\" data-widget_type=\"text-editor.default\">\n\t\t\t\t<div class=\"elementor-widget-container\">\n\t\t\t\t\t\t\t\t\t<p class=\"Standard\"><span class=\"Ingen\">Daten \u00fcber Ihre Nutzung der Website, welche Anzeigen Sie erhalten, geografischer Standort, Geschlecht und Altersgruppe usw. werden an Dritte weitergegeben, sofern diese Informationen bekannt sind. Welche Drittanbieter beteiligt sind, sehen Sie oben im Abschnitt \u201eCookies\u201c. Die Informationen werden zur gezielten Werbung verwendet.<\/span><\/p><p class=\"Standard\"><span class=\"Ingen\">Wir nutzen eine Reihe von Drittanbietern f\u00fcr die Speicherung und Verarbeitung der Daten. Diese Informationen werden ausschlie\u00dflich in unserem Auftrag verwendet und d\u00fcrfen nicht f\u00fcr eigene Zwecke genutzt werden.<\/span><span class=\"Ingen\"><span lang=\"PT\">l.<\/span><\/span><\/p><p class=\"Standard\"><span class=\"Ingen\">Die Weitergabe Ihrer personenbezogenen Daten wie Name, E-Mail-Adresse u.\u202fa. erfolgt nur mit Ihrer Einwilligung. Wir nutzen nur Datenverarbeiter innerhalb der EU oder in L\u00e4ndern, die einen ausreichenden Schutz Ihrer Daten gew\u00e4hrleisten.<\/span><\/p>\t\t\t\t\t\t\t\t<\/div>\n\t\t\t\t<\/div>\n\t\t\t\t<div class=\"elementor-element elementor-element-ead7630 elementor-widget elementor-widget-heading\" data-id=\"ead7630\" data-element_type=\"widget\" data-e-type=\"widget\" data-widget_type=\"heading.default\">\n\t\t\t\t<div class=\"elementor-widget-container\">\n\t\t\t\t\t<h4 class=\"elementor-heading-title elementor-size-default\">Klarna<\/h4>\t\t\t\t<\/div>\n\t\t\t\t<\/div>\n\t\t\t\t<div class=\"elementor-element elementor-element-5083195 elementor-widget elementor-widget-text-editor\" data-id=\"5083195\" data-element_type=\"widget\" data-e-type=\"widget\" data-widget_type=\"text-editor.default\">\n\t\t\t\t<div class=\"elementor-widget-container\">\n\t\t\t\t\t\t\t\t\t<div class=\"page\" title=\"Weitergabe ihrer personenbezogenen Daten wie Name und E-Mail-Adresse u.a.m., wird nur mit Ihrer Erlaubnis weitergeben. Wir benutzten nur Datenverarbeiter innerhalb EU oder L\u00e4nder, die Ihre Daten gen\u00fcgend Schutz sichern k\u00f6nnen.\"><div class=\"section\"><div class=\"layoutArea\"><div class=\"column\"><p>Um Klarnas Bezahll\u00f6sungen anbieten zu k\u00f6nnen, geben wir beim Check-out Ihre personenbezogenen Daten, darunter Ihre Kontakt- und Kaufinformationen, an Klarna weiter, damit Klarna beurteilen kann, ob Sie f\u00fcr deren Zahlungsmethoden infrage kommen, und um die Zahlungsmethoden f\u00fcr Sie anzupassen. Ihre personenbezogenen Daten werden gem\u00e4\u00df <a href=\"https:\/\/www.klarna.com\/international\/privacy-policy\/\" target=\"_blank\" rel=\"noopener\">Klarnas Datenschutzrichtlinien weitergegeben.<\/a><\/p><\/div><\/div><\/div><\/div>\t\t\t\t\t\t\t\t<\/div>\n\t\t\t\t<\/div>\n\t\t\t\t<div class=\"elementor-element elementor-element-8ca276f elementor-widget elementor-widget-heading\" data-id=\"8ca276f\" data-element_type=\"widget\" data-e-type=\"widget\" data-widget_type=\"heading.default\">\n\t\t\t\t<div class=\"elementor-widget-container\">\n\t\t\t\t\t<h4 class=\"elementor-heading-title elementor-size-default\">E-Mail-Marketing<\/h4>\t\t\t\t<\/div>\n\t\t\t\t<\/div>\n\t\t\t\t<div class=\"elementor-element elementor-element-d01fd66 elementor-widget elementor-widget-text-editor\" data-id=\"d01fd66\" data-element_type=\"widget\" data-e-type=\"widget\" data-widget_type=\"text-editor.default\">\n\t\t\t\t<div class=\"elementor-widget-container\">\n\t\t\t\t\t\t\t\t\t<p>Wenn Sie sich f\u00fcr unseren Newsletter anmelden, erhalten Sie regelm\u00e4\u00dfig unsere E-Mail-Newsletter nach Ihrer Einwilligung gem\u00e4\u00df Art. 6 Abs. 1 lit. a DSGVO. Sie k\u00f6nnen den Newsletter jederzeit wieder abbestellen \u2013 entweder \u00fcber den Abmeldelink im Newsletter oder durch eine E-Mail an info@bubliq.com. Nach der Abmeldung wird Ihre E-Mail-Adresse aus unserer Datenbank gel\u00f6scht.<\/p>\t\t\t\t\t\t\t\t<\/div>\n\t\t\t\t<\/div>\n\t\t\t\t<div class=\"elementor-element elementor-element-b167b19 elementor-widget elementor-widget-heading\" data-id=\"b167b19\" data-element_type=\"widget\" data-e-type=\"widget\" data-widget_type=\"heading.default\">\n\t\t\t\t<div class=\"elementor-widget-container\">\n\t\t\t\t\t<h4 class=\"elementor-heading-title elementor-size-default\">Einsicht und Beschwerde<\/h4>\t\t\t\t<\/div>\n\t\t\t\t<\/div>\n\t\t\t\t<div class=\"elementor-element elementor-element-14a2fac elementor-widget elementor-widget-text-editor\" data-id=\"14a2fac\" data-element_type=\"widget\" data-e-type=\"widget\" data-widget_type=\"text-editor.default\">\n\t\t\t\t<div class=\"elementor-widget-container\">\n\t\t\t\t\t\t\t\t\t<p><span class=\"Ingen\"><span lang=\"EN-US\">Sie haben das Recht zu erfahren, welche personenbezogenen Daten wir von Ihnen verarbeiten. Sie k\u00f6nnen jederzeit Informationen \u00fcber Ihre von uns verarbeiteten personenbezogenen Daten anfordern. Sie k\u00f6nnen der Verarbeitung Ihrer personenbezogenen Daten jederzeit widersprechen oder Ihre Einwilligung widerrufen. Sind Ihre personenbezogenen Daten nicht korrekt, haben Sie das Recht auf Berichtigung oder L\u00f6schung. Kontaktieren Sie uns bitte unter <a href=\"mailto:info@bubliq.com\">info@bubliq.com<\/a>. Sie haben auch das Recht, bei der d\u00e4nischen Datenschutzbeh\u00f6rde eine Beschwerde einzureichen: <\/span><\/span><span lang=\"EN-US\"><a href=\"http:\/\/www.datatilsynet.dk\/\" target=\"_blank\" rel=\"noopener\"><span class=\"Hyperlink4\">Danish Data Protection Agency<\/span><\/a><\/span><span class=\"Ingen\"><span lang=\"EN-US\">.<\/span><\/span><\/p>\t\t\t\t\t\t\t\t<\/div>\n\t\t\t\t<\/div>\n\t\t\t\t<div class=\"elementor-element elementor-element-4f9a098 elementor-widget elementor-widget-text-editor\" data-id=\"4f9a098\" data-element_type=\"widget\" data-e-type=\"widget\" data-widget_type=\"text-editor.default\">\n\t\t\t\t<div class=\"elementor-widget-container\">\n\t\t\t\t\t\t\t\t\t<p class=\"Standard\"><span class=\"Ingen\"><b>Herausgeber<\/b><\/span><span class=\"Ingen\"><b><br \/><\/b><\/span><span class=\"Ingen\">Die Website wird betrieben und ver\u00f6ffentlicht von:<\/span><\/p><p class=\"Standard\"><span class=\"Ingen\">bubliq ApS<br \/><\/span><span class=\"Ingen\">Niveroedvej 37<br \/>2990 Nivaa<br \/>D\u00e4nemark<br \/><\/span><span class=\"Ingen\">Telefon: +45 93 93 70 45<br \/><\/span><span class=\"Ingen\">E-Mail: <a href=\"mailto:info@bubliq.com\">info@bubliq.com<\/a><\/span><\/p>\t\t\t\t\t\t\t\t<\/div>\n\t\t\t\t<\/div>\n\t\t\t\t\t<\/div>\n\t\t<\/div>\n\t\t\t\t<div class=\"elementor-column elementor-col-50 elementor-top-column elementor-element elementor-element-ab5a207\" data-id=\"ab5a207\" data-element_type=\"column\" data-e-type=\"column\">\n\t\t\t<div class=\"elementor-widget-wrap\">\n\t\t\t\t\t\t\t<\/div>\n\t\t<\/div>\n\t\t\t\t\t<\/div>\n\t\t<\/section>\n\t\t\t\t<\/div>","protected":false},"excerpt":{"rendered":"<p>Cookie- og privatlivspolitik Inledning N\u00e5r du bes\u00f8ger vores website indsamles der oplysninger om dig, der bruges til at tilpasse og forbedre vores indhold samt til at give dig de mest relevante tilbud. Websitet anvender \u201dcookies\u201d, der er en tekstfil, som gemmes p\u00e5 din computer, mobil el. tilsvarende med det form\u00e5l at genkende den, huske indstillinger, [&hellip;]<\/p>\n","protected":false},"author":1,"featured_media":0,"parent":0,"menu_order":0,"comment_status":"closed","ping_status":"closed","template":"","meta":{"footnotes":""},"class_list":["post-2609","page","type-page","status-publish","hentry"],"_links":{"self":[{"href":"https:\/\/bubliq.com\/de\/wp-json\/wp\/v2\/pages\/2609","targetHints":{"allow":["GET"]}}],"collection":[{"href":"https:\/\/bubliq.com\/de\/wp-json\/wp\/v2\/pages"}],"about":[{"href":"https:\/\/bubliq.com\/de\/wp-json\/wp\/v2\/types\/page"}],"author":[{"embeddable":true,"href":"https:\/\/bubliq.com\/de\/wp-json\/wp\/v2\/users\/1"}],"replies":[{"embeddable":true,"href":"https:\/\/bubliq.com\/de\/wp-json\/wp\/v2\/comments?post=2609"}],"version-history":[{"count":98,"href":"https:\/\/bubliq.com\/de\/wp-json\/wp\/v2\/pages\/2609\/revisions"}],"predecessor-version":[{"id":25704,"href":"https:\/\/bubliq.com\/de\/wp-json\/wp\/v2\/pages\/2609\/revisions\/25704"}],"wp:attachment":[{"href":"https:\/\/bubliq.com\/de\/wp-json\/wp\/v2\/media?parent=2609"}],"curies":[{"name":"wp","href":"https:\/\/api.w.org\/{rel}","templated":true}]}}