{"id":16679,"date":"2024-01-17T10:38:45","date_gmt":"2024-01-17T08:38:45","guid":{"rendered":"https:\/\/bubliq.com\/?post_type=product&#038;p=16679"},"modified":"2025-12-03T07:36:00","modified_gmt":"2025-12-03T05:36:00","slug":"mat-graa-bubliq-drink-carbonator","status":"publish","type":"product","link":"https:\/\/bubliq.com\/de\/produkt\/matt-grau-bubliq-drink-carbonator\/","title":{"rendered":"Mattgrauer bubliq Wassersprudler"},"content":{"rendered":"<div data-elementor-type=\"product-post\" data-elementor-id=\"16679\" class=\"elementor elementor-16679\" data-elementor-post-type=\"product\">\n\t\t\t\t<div class=\"elementor-element elementor-element-1f878ee e-con-full e-flex e-con e-child\" data-id=\"1f878ee\" data-element_type=\"container\" data-e-type=\"container\" data-settings=\"{&quot;background_background&quot;:&quot;classic&quot;}\">\n\t\t<div class=\"elementor-element elementor-element-62dd6ae e-con-full e-flex e-con e-child\" data-id=\"62dd6ae\" data-element_type=\"container\" data-e-type=\"container\">\n\t\t\t\t<div class=\"elementor-element elementor-element-6dae7de elementor-widget elementor-widget-n-accordion\" data-id=\"6dae7de\" data-element_type=\"widget\" data-e-type=\"widget\" data-settings=\"{&quot;default_state&quot;:&quot;expanded&quot;,&quot;max_items_expended&quot;:&quot;one&quot;,&quot;n_accordion_animation_duration&quot;:{&quot;unit&quot;:&quot;ms&quot;,&quot;size&quot;:400,&quot;sizes&quot;:[]}}\" data-widget_type=\"nested-accordion.default\">\n\t\t\t\t<div class=\"elementor-widget-container\">\n\t\t\t\t\t\t\t<div class=\"e-n-accordion\" aria-label=\"Accordion. Open links with Enter or Space, close with Escape, and navigate with Arrow Keys\">\n\t\t\t\t\t\t<details id=\"e-n-accordion-item-1150\" class=\"e-n-accordion-item\" open>\n\t\t\t\t<summary class=\"e-n-accordion-item-title\" data-accordion-index=\"1\" tabindex=\"0\" aria-expanded=\"true\" aria-controls=\"e-n-accordion-item-1150\" >\n\t\t\t\t\t<span class='e-n-accordion-item-title-header'><div class=\"e-n-accordion-item-title-text\"> Produktbeschreibung <\/div><\/span>\n\t\t\t\t\t\t\t<span class='e-n-accordion-item-title-icon'>\n\t\t\t<span class='e-opened' ><i aria-hidden=\"true\" class=\"fas fa-minus\"><\/i><\/span>\n\t\t\t<span class='e-closed'><i aria-hidden=\"true\" class=\"fas fa-plus\"><\/i><\/span>\n\t\t<\/span>\n\n\t\t\t\t\t\t<\/summary>\n\t\t\t\t<div role=\"region\" aria-labelledby=\"e-n-accordion-item-1150\" class=\"elementor-element elementor-element-1ae6753 e-con-full e-flex e-con e-child\" data-id=\"1ae6753\" data-element_type=\"container\" data-e-type=\"container\">\n\t\t\t\t<div class=\"elementor-element elementor-element-dcb9462 elementor-widget elementor-widget-text-editor\" data-id=\"dcb9462\" data-element_type=\"widget\" data-e-type=\"widget\" data-widget_type=\"text-editor.default\">\n\t\t\t\t<div class=\"elementor-widget-container\">\n\t\t\t\t\t\t\t\t\t<h6><strong>Elegantes Design<\/strong><\/h6><p>Der mattgraue bubliq Wassersprudler ist mit einem schlanken und minimalistischen Design gefertigt und besticht durch eine schmale Breite von nur 8 cm. Er hebt deine K\u00fcchen\u00e4sthetik m\u00fchelos mit einem Hauch von zur\u00fcckhaltender Raffinesse aufs n\u00e4chste Level. Unsere Kunden lieben das skandinavische Design in ihrer K\u00fcche.\u00a0<\/p><h6><strong>Einfache Bedienung\u00a0<\/strong><\/h6><p>Unsere patentierte Air-Charge\u2122-Technologie gew\u00e4hrleistet eine m\u00fchelose Sprudelerzeugung. Setze einfach den Deckel mit Gasd\u00fcse auf, platziere die Flasche mittig im Wassersprudler und dr\u00fccken leicht einige Male auf den Deckel, um deine Getr\u00e4nke mit Kohlens\u00e4ure zu versetzen. Unser schlankes und intuitives Design sorgt f\u00fcr eine reibungslose Bedienung, sodass es ein Leichtes ist, deine Getr\u00e4nke in eine prickelnden Erfrischung zu verwandeln.<\/p><p><strong>Kohlens\u00e4ure zu jedem Getr\u00e4nk hinzuf\u00fcgen<\/strong><\/p><p>bubliq ist mehr als ein gew\u00f6hnlicher Wassersprudler. Versuche z.B. aus Wei\u00dfwein eine sommerliche Wei\u00dfweinschorle zu machen, S\u00e4fte mit mildem Sprudel zu trinken oder vielleicht ein prickelndes Zitronenwasser mit frischen Fr\u00fcchten zuzubereiten. Mit deinem bubliq Wassersprudler kannst du allen Getr\u00e4nke Kohlens\u00e4ure hinzuf\u00fcgen \u2013 auch Getr\u00e4nken mit frischen Fr\u00fcchten und Gem\u00fcse. Denn wusstest du, dass Fr\u00fcchte und Gem\u00fcse mehr Geschmack freigeben, wenn das Wasser kohlens\u00e4urehaltig ist? Probiere es mit ein paar frischen Scheiben deiner Lieblingsfr\u00fcchte direkt aus.<\/p>\t\t\t\t\t\t\t\t<\/div>\n\t\t\t\t<\/div>\n\t\t\t\t<\/div>\n\t\t\t\t\t<\/details>\n\t\t\t\t\t\t<details id=\"e-n-accordion-item-1151\" class=\"e-n-accordion-item\" >\n\t\t\t\t<summary class=\"e-n-accordion-item-title\" data-accordion-index=\"2\" tabindex=\"-1\" aria-expanded=\"false\" aria-controls=\"e-n-accordion-item-1151\" >\n\t\t\t\t\t<span class='e-n-accordion-item-title-header'><div class=\"e-n-accordion-item-title-text\"> Ma\u00dfe &amp; Materialien <\/div><\/span>\n\t\t\t\t\t\t\t<span class='e-n-accordion-item-title-icon'>\n\t\t\t<span class='e-opened' ><i aria-hidden=\"true\" class=\"fas fa-minus\"><\/i><\/span>\n\t\t\t<span class='e-closed'><i aria-hidden=\"true\" class=\"fas fa-plus\"><\/i><\/span>\n\t\t<\/span>\n\n\t\t\t\t\t\t<\/summary>\n\t\t\t\t<div role=\"region\" aria-labelledby=\"e-n-accordion-item-1151\" class=\"elementor-element elementor-element-8a8012a e-con-full e-flex e-con e-child\" data-id=\"8a8012a\" data-element_type=\"container\" data-e-type=\"container\">\n\t\t\t\t<div class=\"elementor-element elementor-element-93ddd0c elementor-widget elementor-widget-text-editor\" data-id=\"93ddd0c\" data-element_type=\"widget\" data-e-type=\"widget\" data-widget_type=\"text-editor.default\">\n\t\t\t\t<div class=\"elementor-widget-container\">\n\t\t\t\t\t\t\t\t\t<p><strong>bubliq Wassersprudler<br \/><\/strong>Material: ABS<strong><br \/><\/strong>Ma\u00dfe: 42,5 x 8 x 16,5 cm (H\u00f6he x Breite x Tiefe)<br \/>Gewicht: 0,8 kg (ohne CO2-Zylinder)<\/p><p><strong>bubliq Flasche<br \/><\/strong>Material: PET, 100% BPA-frei<strong><br \/><\/strong>Ma\u00dfe: 37,2 x 6,8 cm (H\u00f6he x Durchmesser)<\/p>\t\t\t\t\t\t\t\t<\/div>\n\t\t\t\t<\/div>\n\t\t\t\t<\/div>\n\t\t\t\t\t<\/details>\n\t\t\t\t\t\t<details id=\"e-n-accordion-item-1152\" class=\"e-n-accordion-item\" >\n\t\t\t\t<summary class=\"e-n-accordion-item-title\" data-accordion-index=\"3\" tabindex=\"-1\" aria-expanded=\"false\" aria-controls=\"e-n-accordion-item-1152\" >\n\t\t\t\t\t<span class='e-n-accordion-item-title-header'><div class=\"e-n-accordion-item-title-text\"> Kompatibilit\u00e4t von CO2-Zylindern <\/div><\/span>\n\t\t\t\t\t\t\t<span class='e-n-accordion-item-title-icon'>\n\t\t\t<span class='e-opened' ><i aria-hidden=\"true\" class=\"fas fa-minus\"><\/i><\/span>\n\t\t\t<span class='e-closed'><i aria-hidden=\"true\" class=\"fas fa-plus\"><\/i><\/span>\n\t\t<\/span>\n\n\t\t\t\t\t\t<\/summary>\n\t\t\t\t<div role=\"region\" aria-labelledby=\"e-n-accordion-item-1152\" class=\"elementor-element elementor-element-19d9387 e-con-full e-flex e-con e-child\" data-id=\"19d9387\" data-element_type=\"container\" data-e-type=\"container\">\n\t\t\t\t<div class=\"elementor-element elementor-element-6647421 elementor-widget elementor-widget-text-editor\" data-id=\"6647421\" data-element_type=\"widget\" data-e-type=\"widget\" data-widget_type=\"text-editor.default\">\n\t\t\t\t<div class=\"elementor-widget-container\">\n\t\t\t\t\t\t\t\t\t<p>Der bubliq Wassersprudler ist mit allen 425-450 g CO2-Zylindern z.B. von Sodab\u00e4r, Grohe und SodaStream kompatibel (au\u00dfer SodaStream Quick Connect).\u00a0<\/p>\t\t\t\t\t\t\t\t<\/div>\n\t\t\t\t<\/div>\n\t\t\t\t<\/div>\n\t\t\t\t\t<\/details>\n\t\t\t\t\t\t<details id=\"e-n-accordion-item-1153\" class=\"e-n-accordion-item\" >\n\t\t\t\t<summary class=\"e-n-accordion-item-title\" data-accordion-index=\"4\" tabindex=\"-1\" aria-expanded=\"false\" aria-controls=\"e-n-accordion-item-1153\" >\n\t\t\t\t\t<span class='e-n-accordion-item-title-header'><div class=\"e-n-accordion-item-title-text\"> CO2-Zylinder Austausch <\/div><\/span>\n\t\t\t\t\t\t\t<span class='e-n-accordion-item-title-icon'>\n\t\t\t<span class='e-opened' ><i aria-hidden=\"true\" class=\"fas fa-minus\"><\/i><\/span>\n\t\t\t<span class='e-closed'><i aria-hidden=\"true\" class=\"fas fa-plus\"><\/i><\/span>\n\t\t<\/span>\n\n\t\t\t\t\t\t<\/summary>\n\t\t\t\t<div role=\"region\" aria-labelledby=\"e-n-accordion-item-1153\" class=\"elementor-element elementor-element-c5bb035 e-flex e-con-boxed e-con e-child\" data-id=\"c5bb035\" data-element_type=\"container\" data-e-type=\"container\">\n\t\t\t\t\t<div class=\"e-con-inner\">\n\t\t\t\t<div class=\"elementor-element elementor-element-7328d7c elementor-widget elementor-widget-text-editor\" data-id=\"7328d7c\" data-element_type=\"widget\" data-e-type=\"widget\" data-widget_type=\"text-editor.default\">\n\t\t\t\t<div class=\"elementor-widget-container\">\n\t\t\t\t\t\t\t\t\t<p class=\"translation-block\"><b>Austausch gegen andere Marken<\/b><br>\nDer Austausch von CO2-Zylindern ist einfach, da die meisten CO2-Zylinder f\u00fcr Wassersprudler einem globalen, universellen Standard folgen. Du kannst deine CO2-Zylinder problemlos gegen jede andere Marke austauschen, solange diese ein Ventil mit Schraubgewinde hat, wodurch die Kompatibilit\u00e4t mit deinem bubliq Wassersprudler gew\u00e4hrleistet ist.<\/p>\t\t\t\t\t\t\t\t<\/div>\n\t\t\t\t<\/div>\n\t\t\t\t\t<\/div>\n\t\t\t\t<\/div>\n\t\t\t\t\t<\/details>\n\t\t\t\t\t\t<details id=\"e-n-accordion-item-1154\" class=\"e-n-accordion-item\" >\n\t\t\t\t<summary class=\"e-n-accordion-item-title\" data-accordion-index=\"5\" tabindex=\"-1\" aria-expanded=\"false\" aria-controls=\"e-n-accordion-item-1154\" >\n\t\t\t\t\t<span class='e-n-accordion-item-title-header'><div class=\"e-n-accordion-item-title-text\"> Reinigung und Pflege <\/div><\/span>\n\t\t\t\t\t\t\t<span class='e-n-accordion-item-title-icon'>\n\t\t\t<span class='e-opened' ><i aria-hidden=\"true\" class=\"fas fa-minus\"><\/i><\/span>\n\t\t\t<span class='e-closed'><i aria-hidden=\"true\" class=\"fas fa-plus\"><\/i><\/span>\n\t\t<\/span>\n\n\t\t\t\t\t\t<\/summary>\n\t\t\t\t<div role=\"region\" aria-labelledby=\"e-n-accordion-item-1154\" class=\"elementor-element elementor-element-7fff7c8 e-flex e-con-boxed e-con e-child\" data-id=\"7fff7c8\" data-element_type=\"container\" data-e-type=\"container\">\n\t\t\t\t\t<div class=\"e-con-inner\">\n\t\t\t\t<div class=\"elementor-element elementor-element-f08006b elementor-widget elementor-widget-text-editor\" data-id=\"f08006b\" data-element_type=\"widget\" data-e-type=\"widget\" data-widget_type=\"text-editor.default\">\n\t\t\t\t<div class=\"elementor-widget-container\">\n\t\t\t\t\t\t\t\t\t<p style=\"text-align: left;\"><strong>Wassersprudler<\/strong> <br \/>Reinige den Trinkwassersprudler mit einem feuchten Tuch und einem milden Reinigungsmittel. Vermeide aggressive Reinigungsmittel, da diese die Oberfl\u00e4che besch\u00e4digen k\u00f6nnen.<br \/><strong><br \/>PET-Flasche<br \/><\/strong>Reinige die Flasche von Hand mit einem milden Reinigungsmittel. Vermeide es, die Flasche Temperaturen von unter 4 \u00b0C und \u00fcber 40 \u00b0C auszusetzen. Die Flasche ist <strong>nicht<\/strong> sp\u00fclmaschinenfest.<\/p><p><strong>Deckel mit Gasd\u00fcse<\/strong><br \/>Die Gasd\u00fcse ist im Deckel montiert und kann daher leicht gereinigt werden. Wenn du die Gasd\u00fcse regelm\u00e4\u00dfig reinigst, stellst du sicher, dass die Hygiene immer optimal bleibt. Beim Sprudeln von anderen Fl\u00fcssigkeiten als Wasser sollte der Deckel mit Gasd\u00fcse nach jeder Benutzung gereinigt werden, damit Zucker und andere Zusatzstoffe die D\u00fcse nicht verstopfen. Die Gasd\u00fcse wird am besten mit warmem Wasser und einem milden Reinigungsmittel gereinigt. Die Teile sind <strong>nicht<\/strong> sp\u00fclmaschinenfest.<\/p>\t\t\t\t\t\t\t\t<\/div>\n\t\t\t\t<\/div>\n\t\t\t\t\t<\/div>\n\t\t\t\t<\/div>\n\t\t\t\t\t<\/details>\n\t\t\t\t\t\t<details id=\"e-n-accordion-item-1155\" class=\"e-n-accordion-item\" >\n\t\t\t\t<summary class=\"e-n-accordion-item-title\" data-accordion-index=\"6\" tabindex=\"-1\" aria-expanded=\"false\" aria-controls=\"e-n-accordion-item-1155\" >\n\t\t\t\t\t<span class='e-n-accordion-item-title-header'><div class=\"e-n-accordion-item-title-text\"> Ersatzteile <\/div><\/span>\n\t\t\t\t\t\t\t<span class='e-n-accordion-item-title-icon'>\n\t\t\t<span class='e-opened' ><i aria-hidden=\"true\" class=\"fas fa-minus\"><\/i><\/span>\n\t\t\t<span class='e-closed'><i aria-hidden=\"true\" class=\"fas fa-plus\"><\/i><\/span>\n\t\t<\/span>\n\n\t\t\t\t\t\t<\/summary>\n\t\t\t\t<div role=\"region\" aria-labelledby=\"e-n-accordion-item-1155\" class=\"elementor-element elementor-element-d6c1aeb e-flex e-con-boxed e-con e-child\" data-id=\"d6c1aeb\" data-element_type=\"container\" data-e-type=\"container\">\n\t\t\t\t\t<div class=\"e-con-inner\">\n\t\t\t\t<div class=\"elementor-element elementor-element-82277f6 elementor-widget elementor-widget-text-editor\" data-id=\"82277f6\" data-element_type=\"widget\" data-e-type=\"widget\" data-widget_type=\"text-editor.default\">\n\t\t\t\t<div class=\"elementor-widget-container\">\n\t\t\t\t\t\t\t\t\t<p>Ben\u00f6tigst du einen zus\u00e4tzlichen Deckel mit Gasd\u00fcse f\u00fcr deinen bubliq Wassersprudler?<\/p><p><a href=\"https:\/\/bubliq.com\/de\/produkt\/infuser-cap\/\">Einen extra Deckel mit Gasd\u00fcse findest du hier.<\/a><\/p>\t\t\t\t\t\t\t\t<\/div>\n\t\t\t\t<\/div>\n\t\t\t\t\t<\/div>\n\t\t\t\t<\/div>\n\t\t\t\t\t<\/details>\n\t\t\t\t\t\t<details id=\"e-n-accordion-item-1156\" class=\"e-n-accordion-item\" >\n\t\t\t\t<summary class=\"e-n-accordion-item-title\" data-accordion-index=\"7\" tabindex=\"-1\" aria-expanded=\"false\" aria-controls=\"e-n-accordion-item-1156\" >\n\t\t\t\t\t<span class='e-n-accordion-item-title-header'><div class=\"e-n-accordion-item-title-text\"> Bedienungsanleitung <\/div><\/span>\n\t\t\t\t\t\t\t<span class='e-n-accordion-item-title-icon'>\n\t\t\t<span class='e-opened' ><i aria-hidden=\"true\" class=\"fas fa-minus\"><\/i><\/span>\n\t\t\t<span class='e-closed'><i aria-hidden=\"true\" class=\"fas fa-plus\"><\/i><\/span>\n\t\t<\/span>\n\n\t\t\t\t\t\t<\/summary>\n\t\t\t\t<div role=\"region\" aria-labelledby=\"e-n-accordion-item-1156\" class=\"elementor-element elementor-element-d2dec71 e-flex e-con-boxed e-con e-child\" data-id=\"d2dec71\" data-element_type=\"container\" data-e-type=\"container\">\n\t\t\t\t\t<div class=\"e-con-inner\">\n\t\t\t\t<div class=\"elementor-element elementor-element-066141d elementor-widget elementor-widget-text-editor\" data-id=\"066141d\" data-element_type=\"widget\" data-e-type=\"widget\" data-widget_type=\"text-editor.default\">\n\t\t\t\t<div class=\"elementor-widget-container\">\n\t\t\t\t\t\t\t\t\t<p>Die Bedienungsanleitung f\u00fcr den bubliq Wassersprudler findest du <a href=\"https:\/\/bubliq.com\/wp-content\/uploads\/2025\/07\/User-Manual-bubliq-drink-carbonator-2025-Web.pdf\" target=\"_blank\" rel=\"noopener\">hier.<\/a><\/p>\t\t\t\t\t\t\t\t<\/div>\n\t\t\t\t<\/div>\n\t\t\t\t\t<\/div>\n\t\t\t\t<\/div>\n\t\t\t\t\t<\/details>\n\t\t\t\t\t<\/div>\n\t\t\t\t\t\t<\/div>\n\t\t\t\t<\/div>\n\t\t\t\t<\/div>\n\t\t\t\t<\/div>\n\t\t\t\t<\/div>","protected":false},"excerpt":{"rendered":"<p><strong>Minimalistischer Wassersprudler in skandinavischem Design<\/strong><br \/>\nDer mattgraue bubliq Wassersprudler ist eine elegante Erg\u00e4nzung f\u00fcr jede moderne K\u00fccheneinrichtung. Sein zeitgen\u00f6ssischer, warmer Grauton und seine Breite von nur 8 cm machen ihn zum schmalsten Wassersprudler der Welt und eine ideale Wahl f\u00fcr den bewussten Minimalisten. Mit unserer patentierten Air-Charge\u2122-Technologie ist es nun ein Kinderspiel, sprudelndes Wasser und prickelnde Getr\u00e4nke herzustellen.<\/p>","protected":false},"featured_media":17456,"template":"","meta":[],"product_brand":[],"product_cat":[31],"product_tag":[30],"woo-feed-brand":[],"class_list":{"0":"post-16679","1":"product","2":"type-product","3":"status-publish","4":"has-post-thumbnail","6":"product_cat-sodavandsmaskiner","7":"product_tag-kulsyremaskine","9":"first","10":"instock","11":"taxable","12":"shipping-taxable","13":"purchasable","14":"product-type-simple"},"_links":{"self":[{"href":"https:\/\/bubliq.com\/de\/wp-json\/wp\/v2\/product\/16679","targetHints":{"allow":["GET"]}}],"collection":[{"href":"https:\/\/bubliq.com\/de\/wp-json\/wp\/v2\/product"}],"about":[{"href":"https:\/\/bubliq.com\/de\/wp-json\/wp\/v2\/types\/product"}],"version-history":[{"count":75,"href":"https:\/\/bubliq.com\/de\/wp-json\/wp\/v2\/product\/16679\/revisions"}],"predecessor-version":[{"id":25032,"href":"https:\/\/bubliq.com\/de\/wp-json\/wp\/v2\/product\/16679\/revisions\/25032"}],"wp:featuredmedia":[{"embeddable":true,"href":"https:\/\/bubliq.com\/de\/wp-json\/wp\/v2\/media\/17456"}],"wp:attachment":[{"href":"https:\/\/bubliq.com\/de\/wp-json\/wp\/v2\/media?parent=16679"}],"wp:term":[{"taxonomy":"product_brand","embeddable":true,"href":"https:\/\/bubliq.com\/de\/wp-json\/wp\/v2\/product_brand?post=16679"},{"taxonomy":"product_cat","embeddable":true,"href":"https:\/\/bubliq.com\/de\/wp-json\/wp\/v2\/product_cat?post=16679"},{"taxonomy":"product_tag","embeddable":true,"href":"https:\/\/bubliq.com\/de\/wp-json\/wp\/v2\/product_tag?post=16679"},{"taxonomy":"woo-feed-brand","embeddable":true,"href":"https:\/\/bubliq.com\/de\/wp-json\/wp\/v2\/woo-feed-brand?post=16679"}],"curies":[{"name":"wp","href":"https:\/\/api.w.org\/{rel}","templated":true}]}}