{"id":16683,"date":"2024-01-17T10:42:27","date_gmt":"2024-01-17T08:42:27","guid":{"rendered":"https:\/\/bubliq.com\/?post_type=product&#038;p=16683"},"modified":"2025-12-03T07:35:34","modified_gmt":"2025-12-03T05:35:34","slug":"matgraa-bubliq-drink-carbonator-inkl-kulsyrepatron","status":"publish","type":"product","link":"https:\/\/bubliq.com\/de\/produkt\/matt-grau-bubliq-drink-carbonator-inkl-co2-zylinder\/","title":{"rendered":"Mattgrauer bubliq Wassersprudler inkl. CO2-Zylinder"},"content":{"rendered":"<div data-elementor-type=\"product-post\" data-elementor-id=\"16683\" class=\"elementor elementor-16683\" data-elementor-post-type=\"product\">\n\t\t\t\t<div class=\"elementor-element elementor-element-214281c e-flex e-con-boxed e-con e-parent\" data-id=\"214281c\" data-element_type=\"container\" data-e-type=\"container\">\n\t\t\t\t\t<div class=\"e-con-inner\">\n\t\t<div class=\"elementor-element elementor-element-61247df e-con-full e-flex e-con e-child\" data-id=\"61247df\" data-element_type=\"container\" data-e-type=\"container\">\n\t\t\t\t<div class=\"elementor-element elementor-element-f09f014 elementor-widget elementor-widget-n-accordion\" data-id=\"f09f014\" data-element_type=\"widget\" data-e-type=\"widget\" data-settings=\"{&quot;default_state&quot;:&quot;expanded&quot;,&quot;max_items_expended&quot;:&quot;one&quot;,&quot;n_accordion_animation_duration&quot;:{&quot;unit&quot;:&quot;ms&quot;,&quot;size&quot;:400,&quot;sizes&quot;:[]}}\" data-widget_type=\"nested-accordion.default\">\n\t\t\t\t<div class=\"elementor-widget-container\">\n\t\t\t\t\t\t\t<div class=\"e-n-accordion\" aria-label=\"Accordion. Open links with Enter or Space, close with Escape, and navigate with Arrow Keys\">\n\t\t\t\t\t\t<details id=\"e-n-accordion-item-2520\" class=\"e-n-accordion-item\" open>\n\t\t\t\t<summary class=\"e-n-accordion-item-title\" data-accordion-index=\"1\" tabindex=\"0\" aria-expanded=\"true\" aria-controls=\"e-n-accordion-item-2520\" >\n\t\t\t\t\t<span class='e-n-accordion-item-title-header'><div class=\"e-n-accordion-item-title-text\"> Produktbeschreibung <\/div><\/span>\n\t\t\t\t\t\t\t<span class='e-n-accordion-item-title-icon'>\n\t\t\t<span class='e-opened' ><i aria-hidden=\"true\" class=\"fas fa-minus\"><\/i><\/span>\n\t\t\t<span class='e-closed'><i aria-hidden=\"true\" class=\"fas fa-plus\"><\/i><\/span>\n\t\t<\/span>\n\n\t\t\t\t\t\t<\/summary>\n\t\t\t\t<div role=\"region\" aria-labelledby=\"e-n-accordion-item-2520\" class=\"elementor-element elementor-element-b462252 e-con-full e-flex e-con e-child\" data-id=\"b462252\" data-element_type=\"container\" data-e-type=\"container\">\n\t\t\t\t<div class=\"elementor-element elementor-element-b701644 elementor-widget elementor-widget-text-editor\" data-id=\"b701644\" data-element_type=\"widget\" data-e-type=\"widget\" data-widget_type=\"text-editor.default\">\n\t\t\t\t<div class=\"elementor-widget-container\">\n\t\t\t\t\t\t\t\t\t<p style=\"font-weight: 400;\"><strong>Elegantes Design<br \/><\/strong>Der mattgraue bubliq Wassersprudler hat einen zeitlosen Look, der ihn zu einer klassischen Wahl macht, die Trends Jahr f\u00fcr Jahr \u00fcberdauert. Das minimalistische und schlanke Design mit einer Breite von nur 8 cm verleiht deiner K\u00fccheneinrichtung den perfekten, skandinavischen Touch.<\/p><p style=\"font-weight: 400;\"><strong>Einfache Bedienung<br \/><\/strong>Mit unserer innovativen, patentierten Technologie Air-Charge\u2122 ist es jetzt kinderleicht, deine Getr\u00e4nke mit Kohlens\u00e4ure zu versetzen. Drehe den Deckel mit Gasd\u00fcse auf die Flasche, stelle die Flasche in den Wassersprudler und dr\u00fccke ein paar Mal leicht auf den Deckel, um die Kohlens\u00e4ure zu erzeugen. Nicht nur das Design ist schlank und einfach, sondern auch der gesamte Prozess des Sprudelns deiner Getr\u00e4nke.<\/p><p style=\"font-weight: 400;\"><strong>Mehr als sprudelndes Wasser<br \/><\/strong>\"Sprudelnd\" ist nicht nur f\u00fcr Wasser reserviert. Mit dem mattgrauen bubliq Wassersprudler kannst du alles von Wasser \u00fcber Wein bis hin zu Limonaden sprudeln. Experimentiere etwas herum, indem du Wasser mit frischen Zitronenscheiben sprudelst, um ein erfrischendes Zitronenwasser zu kreieren.<\/p>\t\t\t\t\t\t\t\t<\/div>\n\t\t\t\t<\/div>\n\t\t\t\t<\/div>\n\t\t\t\t\t<\/details>\n\t\t\t\t\t\t<details id=\"e-n-accordion-item-2521\" class=\"e-n-accordion-item\" >\n\t\t\t\t<summary class=\"e-n-accordion-item-title\" data-accordion-index=\"2\" tabindex=\"-1\" aria-expanded=\"false\" aria-controls=\"e-n-accordion-item-2521\" >\n\t\t\t\t\t<span class='e-n-accordion-item-title-header'><div class=\"e-n-accordion-item-title-text\"> Ma\u00dfe &amp; Materialien <\/div><\/span>\n\t\t\t\t\t\t\t<span class='e-n-accordion-item-title-icon'>\n\t\t\t<span class='e-opened' ><i aria-hidden=\"true\" class=\"fas fa-minus\"><\/i><\/span>\n\t\t\t<span class='e-closed'><i aria-hidden=\"true\" class=\"fas fa-plus\"><\/i><\/span>\n\t\t<\/span>\n\n\t\t\t\t\t\t<\/summary>\n\t\t\t\t<div role=\"region\" aria-labelledby=\"e-n-accordion-item-2521\" class=\"elementor-element elementor-element-f932ecc e-con-full e-flex e-con e-child\" data-id=\"f932ecc\" data-element_type=\"container\" data-e-type=\"container\">\n\t\t\t\t<div class=\"elementor-element elementor-element-c842bad elementor-widget elementor-widget-text-editor\" data-id=\"c842bad\" data-element_type=\"widget\" data-e-type=\"widget\" data-widget_type=\"text-editor.default\">\n\t\t\t\t<div class=\"elementor-widget-container\">\n\t\t\t\t\t\t\t\t\t<p><strong>bubliq Wassersprudler<br \/><\/strong>Material: ABS<strong><br \/><\/strong>Ma\u00dfe: 42,5 x 8 x 16,5 cm (H\u00f6he x Breite x Tiefe)<br \/>Gewicht: 0,8 kg (ohne CO2-Zylinder)<\/p><p><strong>bubliq Flasche<br \/><\/strong>Material: PET, 100% BPA-frei<strong><br \/><\/strong>Ma\u00dfe: 37,2 x 6,8 cm (H\u00f6he x Durchmesser)<\/p>\t\t\t\t\t\t\t\t<\/div>\n\t\t\t\t<\/div>\n\t\t\t\t<\/div>\n\t\t\t\t\t<\/details>\n\t\t\t\t\t\t<details id=\"e-n-accordion-item-2522\" class=\"e-n-accordion-item\" >\n\t\t\t\t<summary class=\"e-n-accordion-item-title\" data-accordion-index=\"3\" tabindex=\"-1\" aria-expanded=\"false\" aria-controls=\"e-n-accordion-item-2522\" >\n\t\t\t\t\t<span class='e-n-accordion-item-title-header'><div class=\"e-n-accordion-item-title-text\"> Kompatibilit\u00e4t von CO2-Zylindern <\/div><\/span>\n\t\t\t\t\t\t\t<span class='e-n-accordion-item-title-icon'>\n\t\t\t<span class='e-opened' ><i aria-hidden=\"true\" class=\"fas fa-minus\"><\/i><\/span>\n\t\t\t<span class='e-closed'><i aria-hidden=\"true\" class=\"fas fa-plus\"><\/i><\/span>\n\t\t<\/span>\n\n\t\t\t\t\t\t<\/summary>\n\t\t\t\t<div role=\"region\" aria-labelledby=\"e-n-accordion-item-2522\" class=\"elementor-element elementor-element-7abde0b e-con-full e-flex e-con e-child\" data-id=\"7abde0b\" data-element_type=\"container\" data-e-type=\"container\">\n\t\t\t\t<div class=\"elementor-element elementor-element-0999dbf elementor-widget elementor-widget-text-editor\" data-id=\"0999dbf\" data-element_type=\"widget\" data-e-type=\"widget\" data-widget_type=\"text-editor.default\">\n\t\t\t\t<div class=\"elementor-widget-container\">\n\t\t\t\t\t\t\t\t\t<p>Der bubliq Wassersprudler ist kompatibel mit allen 425-450 g CO2-Zylindern z.B. von AGA, Grohe und SodaStream (au\u00dfer SodaStream Quick Connect).\u00a0<\/p>\t\t\t\t\t\t\t\t<\/div>\n\t\t\t\t<\/div>\n\t\t\t\t<\/div>\n\t\t\t\t\t<\/details>\n\t\t\t\t\t\t<details id=\"e-n-accordion-item-2523\" class=\"e-n-accordion-item\" >\n\t\t\t\t<summary class=\"e-n-accordion-item-title\" data-accordion-index=\"4\" tabindex=\"-1\" aria-expanded=\"false\" aria-controls=\"e-n-accordion-item-2523\" >\n\t\t\t\t\t<span class='e-n-accordion-item-title-header'><div class=\"e-n-accordion-item-title-text\"> CO2-Zylinder Austausch <\/div><\/span>\n\t\t\t\t\t\t\t<span class='e-n-accordion-item-title-icon'>\n\t\t\t<span class='e-opened' ><i aria-hidden=\"true\" class=\"fas fa-minus\"><\/i><\/span>\n\t\t\t<span class='e-closed'><i aria-hidden=\"true\" class=\"fas fa-plus\"><\/i><\/span>\n\t\t<\/span>\n\n\t\t\t\t\t\t<\/summary>\n\t\t\t\t<div role=\"region\" aria-labelledby=\"e-n-accordion-item-2523\" class=\"elementor-element elementor-element-ad25ad0 e-flex e-con-boxed e-con e-child\" data-id=\"ad25ad0\" data-element_type=\"container\" data-e-type=\"container\">\n\t\t\t\t\t<div class=\"e-con-inner\">\n\t\t\t\t<div class=\"elementor-element elementor-element-a7b49eb elementor-widget elementor-widget-text-editor\" data-id=\"a7b49eb\" data-element_type=\"widget\" data-e-type=\"widget\" data-widget_type=\"text-editor.default\">\n\t\t\t\t<div class=\"elementor-widget-container\">\n\t\t\t\t\t\t\t\t\t<p class=\"translation-block\"><b>Austausch gegen andere Marken<\/b><br>\nDer Austausch von den CO2-Zylindern ist einfach, da die meisten CO2-Zylinder f\u00fcr Wassersprudler einem globalen, universellen Standard folgen. Du kannst deinen Zylinder problemlos gegen jede andere Marke austauschen, solange diese ein Ventil mit Schraubgewinde hat. Dadurch wird die Kompatibilit\u00e4t mit deinem bubliq Wassersprudler gew\u00e4hrleistet.<\/p>\t\t\t\t\t\t\t\t<\/div>\n\t\t\t\t<\/div>\n\t\t\t\t\t<\/div>\n\t\t\t\t<\/div>\n\t\t\t\t\t<\/details>\n\t\t\t\t\t\t<details id=\"e-n-accordion-item-2524\" class=\"e-n-accordion-item\" >\n\t\t\t\t<summary class=\"e-n-accordion-item-title\" data-accordion-index=\"5\" tabindex=\"-1\" aria-expanded=\"false\" aria-controls=\"e-n-accordion-item-2524\" >\n\t\t\t\t\t<span class='e-n-accordion-item-title-header'><div class=\"e-n-accordion-item-title-text\"> Reinigung und Pflege <\/div><\/span>\n\t\t\t\t\t\t\t<span class='e-n-accordion-item-title-icon'>\n\t\t\t<span class='e-opened' ><i aria-hidden=\"true\" class=\"fas fa-minus\"><\/i><\/span>\n\t\t\t<span class='e-closed'><i aria-hidden=\"true\" class=\"fas fa-plus\"><\/i><\/span>\n\t\t<\/span>\n\n\t\t\t\t\t\t<\/summary>\n\t\t\t\t<div role=\"region\" aria-labelledby=\"e-n-accordion-item-2524\" class=\"elementor-element elementor-element-6e9af27 e-flex e-con-boxed e-con e-child\" data-id=\"6e9af27\" data-element_type=\"container\" data-e-type=\"container\">\n\t\t\t\t\t<div class=\"e-con-inner\">\n\t\t\t\t<div class=\"elementor-element elementor-element-e08da1f elementor-widget elementor-widget-text-editor\" data-id=\"e08da1f\" data-element_type=\"widget\" data-e-type=\"widget\" data-widget_type=\"text-editor.default\">\n\t\t\t\t<div class=\"elementor-widget-container\">\n\t\t\t\t\t\t\t\t\t<p style=\"text-align: left;\"><strong>bubliq Wassersprudler<\/strong><br \/>Reinige den Trinkwassersprudler mit einem feuchten Tuch und einem milden Reinigungsmittel. Vermeide aggressive Reinigungsmittel, da diese die Oberfl\u00e4che besch\u00e4digen k\u00f6nnen.<br \/><strong><br \/>PET-Flasche<br \/><\/strong>Reinige die Flasche von Hand mit einem milden Reinigungsmittel. Vermeide es, die Flasche Temperaturen von unter 4 \u00b0C und \u00fcber 40 \u00b0C auszusetzen. Die Flasche ist <strong>nicht<\/strong> sp\u00fclmaschinenfest.<\/p><p><strong>Deckel mit Gasd\u00fcse<\/strong><br \/>Die Gasd\u00fcse ist im Deckel montiert und kann daher leicht gereinigt werden. Wenn du die Gasd\u00fcse regelm\u00e4\u00dfig reinigst, stellst du sicher, dass die Hygiene immer optimal bleibt. Beim Sprudeln von anderen Fl\u00fcssigkeiten als Wasser sollte der Deckel mit Gasd\u00fcse nach jeder Benutzung gereinigt werden, damit Zucker und andere Zusatzstoffe die D\u00fcse nicht verstopfen. Die Gasd\u00fcse wird am besten mit warmem Wasser und einem milden Reinigungsmittel gereinigt. Die Teile sind <strong>nicht<\/strong> sp\u00fclmaschinenfest.<\/p>\t\t\t\t\t\t\t\t<\/div>\n\t\t\t\t<\/div>\n\t\t\t\t\t<\/div>\n\t\t\t\t<\/div>\n\t\t\t\t\t<\/details>\n\t\t\t\t\t\t<details id=\"e-n-accordion-item-2525\" class=\"e-n-accordion-item\" >\n\t\t\t\t<summary class=\"e-n-accordion-item-title\" data-accordion-index=\"6\" tabindex=\"-1\" aria-expanded=\"false\" aria-controls=\"e-n-accordion-item-2525\" >\n\t\t\t\t\t<span class='e-n-accordion-item-title-header'><div class=\"e-n-accordion-item-title-text\"> Ersatzteile <\/div><\/span>\n\t\t\t\t\t\t\t<span class='e-n-accordion-item-title-icon'>\n\t\t\t<span class='e-opened' ><i aria-hidden=\"true\" class=\"fas fa-minus\"><\/i><\/span>\n\t\t\t<span class='e-closed'><i aria-hidden=\"true\" class=\"fas fa-plus\"><\/i><\/span>\n\t\t<\/span>\n\n\t\t\t\t\t\t<\/summary>\n\t\t\t\t<div role=\"region\" aria-labelledby=\"e-n-accordion-item-2525\" class=\"elementor-element elementor-element-ee49deb e-flex e-con-boxed e-con e-child\" data-id=\"ee49deb\" data-element_type=\"container\" data-e-type=\"container\">\n\t\t\t\t\t<div class=\"e-con-inner\">\n\t\t\t\t<div class=\"elementor-element elementor-element-31d1709 elementor-widget elementor-widget-text-editor\" data-id=\"31d1709\" data-element_type=\"widget\" data-e-type=\"widget\" data-widget_type=\"text-editor.default\">\n\t\t\t\t<div class=\"elementor-widget-container\">\n\t\t\t\t\t\t\t\t\t<p>Ben\u00f6tigst du einen zus\u00e4tzlichen Deckel mit Gasd\u00fcse f\u00fcr deinen bubliq Wassersprudler?<\/p><p><a href=\"https:\/\/bubliq.com\/de\/produkt\/infuser-cap\/\">Einen extra Deckel mit Gasd\u00fcse findest du hier.<\/a><\/p>\t\t\t\t\t\t\t\t<\/div>\n\t\t\t\t<\/div>\n\t\t\t\t\t<\/div>\n\t\t\t\t<\/div>\n\t\t\t\t\t<\/details>\n\t\t\t\t\t\t<details id=\"e-n-accordion-item-2526\" class=\"e-n-accordion-item\" >\n\t\t\t\t<summary class=\"e-n-accordion-item-title\" data-accordion-index=\"7\" tabindex=\"-1\" aria-expanded=\"false\" aria-controls=\"e-n-accordion-item-2526\" >\n\t\t\t\t\t<span class='e-n-accordion-item-title-header'><div class=\"e-n-accordion-item-title-text\"> Bedienungsanleitung <\/div><\/span>\n\t\t\t\t\t\t\t<span class='e-n-accordion-item-title-icon'>\n\t\t\t<span class='e-opened' ><i aria-hidden=\"true\" class=\"fas fa-minus\"><\/i><\/span>\n\t\t\t<span class='e-closed'><i aria-hidden=\"true\" class=\"fas fa-plus\"><\/i><\/span>\n\t\t<\/span>\n\n\t\t\t\t\t\t<\/summary>\n\t\t\t\t<div role=\"region\" aria-labelledby=\"e-n-accordion-item-2526\" class=\"elementor-element elementor-element-dfffbb7 e-flex e-con-boxed e-con e-child\" data-id=\"dfffbb7\" data-element_type=\"container\" data-e-type=\"container\">\n\t\t\t\t\t<div class=\"e-con-inner\">\n\t\t\t\t<div class=\"elementor-element elementor-element-9a176db elementor-widget elementor-widget-text-editor\" data-id=\"9a176db\" data-element_type=\"widget\" data-e-type=\"widget\" data-widget_type=\"text-editor.default\">\n\t\t\t\t<div class=\"elementor-widget-container\">\n\t\t\t\t\t\t\t\t\t<p>Die Bedienungsanleitung f\u00fcr den bubliq Wassersprudler findest du <a href=\"https:\/\/bubliq.com\/wp-content\/uploads\/2025\/07\/User-Manual-bubliq-drink-carbonator-2025-Web.pdf\" target=\"_blank\" rel=\"noopener\">hier.<\/a><\/p>\t\t\t\t\t\t\t\t<\/div>\n\t\t\t\t<\/div>\n\t\t\t\t\t<\/div>\n\t\t\t\t<\/div>\n\t\t\t\t\t<\/details>\n\t\t\t\t\t<\/div>\n\t\t\t\t\t\t<\/div>\n\t\t\t\t<\/div>\n\t\t\t\t<\/div>\n\t\t\t\t\t<\/div>\n\t\t\t\t<\/div>\n\t\t\t\t<\/div>","protected":false},"excerpt":{"rendered":"<p><strong>Minimalistischer Wassersprudler in skandinavischem Design<br \/>\n<\/strong>Wir stellen den mattgrauen bubliq Wassersprudler vor. Ein schlanker Trinkwassersprudler in einem modernen, warmen Grauton, der eine selbstbewusste Eleganz ausstrahlt. Der stylische Wassersprudler misst nur 8 cm in der Breite und bietet die perfekte \u00c4sthetik f\u00fcr den skandinavischen Minimalisten. Mit unserer Air-Charge\u2122-Technologie kannst du dein Getr\u00e4nkeerlebnis aufwerten, indem du den perfekten Sprudel zu allem von Wasser bis Wein hinzuf\u00fcgst.<\/p>","protected":false},"featured_media":17456,"template":"","meta":[],"product_brand":[],"product_cat":[31],"product_tag":[21,20],"woo-feed-brand":[],"class_list":{"0":"post-16683","1":"product","2":"type-product","3":"status-publish","4":"has-post-thumbnail","6":"product_cat-sodavandsmaskiner","7":"product_tag-danskvandsmaskine","8":"product_tag-sodavandsmaskine","10":"first","11":"instock","12":"taxable","13":"shipping-taxable","14":"purchasable","15":"product-type-simple"},"_links":{"self":[{"href":"https:\/\/bubliq.com\/de\/wp-json\/wp\/v2\/product\/16683","targetHints":{"allow":["GET"]}}],"collection":[{"href":"https:\/\/bubliq.com\/de\/wp-json\/wp\/v2\/product"}],"about":[{"href":"https:\/\/bubliq.com\/de\/wp-json\/wp\/v2\/types\/product"}],"version-history":[{"count":98,"href":"https:\/\/bubliq.com\/de\/wp-json\/wp\/v2\/product\/16683\/revisions"}],"predecessor-version":[{"id":24702,"href":"https:\/\/bubliq.com\/de\/wp-json\/wp\/v2\/product\/16683\/revisions\/24702"}],"wp:featuredmedia":[{"embeddable":true,"href":"https:\/\/bubliq.com\/de\/wp-json\/wp\/v2\/media\/17456"}],"wp:attachment":[{"href":"https:\/\/bubliq.com\/de\/wp-json\/wp\/v2\/media?parent=16683"}],"wp:term":[{"taxonomy":"product_brand","embeddable":true,"href":"https:\/\/bubliq.com\/de\/wp-json\/wp\/v2\/product_brand?post=16683"},{"taxonomy":"product_cat","embeddable":true,"href":"https:\/\/bubliq.com\/de\/wp-json\/wp\/v2\/product_cat?post=16683"},{"taxonomy":"product_tag","embeddable":true,"href":"https:\/\/bubliq.com\/de\/wp-json\/wp\/v2\/product_tag?post=16683"},{"taxonomy":"woo-feed-brand","embeddable":true,"href":"https:\/\/bubliq.com\/de\/wp-json\/wp\/v2\/woo-feed-brand?post=16683"}],"curies":[{"name":"wp","href":"https:\/\/api.w.org\/{rel}","templated":true}]}}