{"id":16691,"date":"2024-01-17T10:52:56","date_gmt":"2024-01-17T08:52:56","guid":{"rendered":"https:\/\/bubliq.com\/?post_type=product&#038;p=16691"},"modified":"2025-12-03T07:34:24","modified_gmt":"2025-12-03T05:34:24","slug":"beige-bubliq-drink-carbonator-inkl-kulsyrepatron","status":"publish","type":"product","link":"https:\/\/bubliq.com\/de\/produkt\/beige-bubliq-drink-carbonator-inkl-co2-zylinder\/","title":{"rendered":"Beiger bubliq Wassersprudler inkl. CO2-Zylinder"},"content":{"rendered":"<div data-elementor-type=\"product-post\" data-elementor-id=\"16691\" class=\"elementor elementor-16691\" data-elementor-post-type=\"product\">\n\t\t\t\t<div class=\"elementor-element elementor-element-89a8e51 elementor-hidden-desktop elementor-hidden-tablet e-flex e-con-boxed e-con e-parent\" data-id=\"89a8e51\" data-element_type=\"container\" data-e-type=\"container\">\n\t\t\t\t\t<div class=\"e-con-inner\">\n\t\t\t\t<div class=\"elementor-element elementor-element-55ff481 elementor-widget elementor-widget-html\" data-id=\"55ff481\" data-element_type=\"widget\" data-e-type=\"widget\" data-widget_type=\"html.default\">\n\t\t\t\t<div class=\"elementor-widget-container\">\n\t\t\t\t\t<div class=\"wistia_responsive_padding\" style=\"padding:125.0% 0 0 0;position:relative;\"><div class=\"wistia_responsive_wrapper\" style=\"height:100%;left:0;position:absolute;top:0;width:100%;\"><iframe src=\"https:\/\/fast.wistia.net\/embed\/iframe\/jg018or1ia?seo=false&videoFoam=true\" title=\"Sara lemonade short version 4-5 format Video\" allow=\"autoplay; fullscreen\" allowtransparency=\"true\" frameborder=\"0\" scrolling=\"no\" class=\"wistia_embed\" name=\"wistia_embed\" msallowfullscreen width=\"100%\" height=\"100%\"><\/iframe><\/div><\/div>\n<script src=\"https:\/\/fast.wistia.net\/assets\/external\/E-v1.js\" async><\/script>\t\t\t\t<\/div>\n\t\t\t\t<\/div>\n\t\t\t\t\t<\/div>\n\t\t\t\t<\/div>\n\t\t<div class=\"elementor-element elementor-element-47d4761 e-con-full e-flex e-con e-child\" data-id=\"47d4761\" data-element_type=\"container\" data-e-type=\"container\">\n\t\t<div class=\"elementor-element elementor-element-ab91f47 e-con-full e-flex e-con e-child\" data-id=\"ab91f47\" data-element_type=\"container\" data-e-type=\"container\">\n\t\t\t\t<div class=\"elementor-element elementor-element-50a334d elementor-widget elementor-widget-n-accordion\" data-id=\"50a334d\" data-element_type=\"widget\" data-e-type=\"widget\" data-settings=\"{&quot;default_state&quot;:&quot;expanded&quot;,&quot;max_items_expended&quot;:&quot;one&quot;,&quot;n_accordion_animation_duration&quot;:{&quot;unit&quot;:&quot;ms&quot;,&quot;size&quot;:400,&quot;sizes&quot;:[]}}\" data-widget_type=\"nested-accordion.default\">\n\t\t\t\t<div class=\"elementor-widget-container\">\n\t\t\t\t\t\t\t<div class=\"e-n-accordion\" aria-label=\"Accordion. Open links with Enter or Space, close with Escape, and navigate with Arrow Keys\">\n\t\t\t\t\t\t<details id=\"e-n-accordion-item-8450\" class=\"e-n-accordion-item\" open>\n\t\t\t\t<summary class=\"e-n-accordion-item-title\" data-accordion-index=\"1\" tabindex=\"0\" aria-expanded=\"true\" aria-controls=\"e-n-accordion-item-8450\" >\n\t\t\t\t\t<span class='e-n-accordion-item-title-header'><div class=\"e-n-accordion-item-title-text\"> Produktbeschreibung <\/div><\/span>\n\t\t\t\t\t\t\t<span class='e-n-accordion-item-title-icon'>\n\t\t\t<span class='e-opened' ><i aria-hidden=\"true\" class=\"fas fa-minus\"><\/i><\/span>\n\t\t\t<span class='e-closed'><i aria-hidden=\"true\" class=\"fas fa-plus\"><\/i><\/span>\n\t\t<\/span>\n\n\t\t\t\t\t\t<\/summary>\n\t\t\t\t<div role=\"region\" aria-labelledby=\"e-n-accordion-item-8450\" class=\"elementor-element elementor-element-6c557cc e-con-full e-flex e-con e-child\" data-id=\"6c557cc\" data-element_type=\"container\" data-e-type=\"container\">\n\t\t\t\t<div class=\"elementor-element elementor-element-952430e elementor-widget elementor-widget-text-editor\" data-id=\"952430e\" data-element_type=\"widget\" data-e-type=\"widget\" data-widget_type=\"text-editor.default\">\n\t\t\t\t<div class=\"elementor-widget-container\">\n\t\t\t\t\t\t\t\t\t<p style=\"font-weight: 400;\"><strong>Zeitloses Design<br \/><\/strong>Lasse dich von dem beigen bubliq Wassersprudler verf\u00fchren, der mit seinem warmen Farbton eine ruhige und edle Atmosph\u00e4re in der K\u00fcche schafft. Im Gegensatz zu anderen Ger\u00e4ten f\u00fcgt sich der bubliq Trinkwassersprudler harmonisch in seine Umgebung ein und tr\u00e4gt so zu einer skandinavischen K\u00fccheneinrichtung bei. Der beigefarbene bubliq Wassersprudler hat ein zeitloses Design, das heute und in vielen Jahren noch Bestand hat.\u00a0<\/p><p style=\"font-weight: 400;\"><strong>Moderne Technologie<br \/><\/strong>Die moderne Technologie des patentierten Air-Charge\u2122 von bubliq erm\u00f6glicht eine schnelle und einfache Anwendung. Durch drei einfache Schritte, n\u00e4mlich das Aufsetzen des Deckels mit Gasd\u00fcse auf die Flasche, das Einsetzen der Flasche auf in den Wassersprudler und das Dr\u00fccken des Deckels, kannst du in Sekundenschnelle prickelnde Getr\u00e4nke genie\u00dfen. M\u00fchsames Schrauben und Biegen der Flaschen entf\u00e4llt.<\/p><p style=\"font-weight: 400;\"><strong>Mehr als sprudelndes Wasser<br \/><\/strong>Der beigefarbene bubliq Wassersprudler macht mehr als nur Sprudelwasser. Er verwandelt alle deine Getr\u00e4nke in erfrischende Drinks. Egal, ob du selbstgemachte Limonaden mit Kohlens\u00e4ure versetzen willst oder deinen Wein mit Kohlens\u00e4ure aufpeppen m\u00f6chtest, mit deinem bubliq Wassersprudler kannst du experimentieren und neue Variationen entdecken.<\/p>\t\t\t\t\t\t\t\t<\/div>\n\t\t\t\t<\/div>\n\t\t\t\t<\/div>\n\t\t\t\t\t<\/details>\n\t\t\t\t\t\t<details id=\"e-n-accordion-item-8451\" class=\"e-n-accordion-item\" >\n\t\t\t\t<summary class=\"e-n-accordion-item-title\" data-accordion-index=\"2\" tabindex=\"-1\" aria-expanded=\"false\" aria-controls=\"e-n-accordion-item-8451\" >\n\t\t\t\t\t<span class='e-n-accordion-item-title-header'><div class=\"e-n-accordion-item-title-text\"> Ma\u00dfe &amp; Materialien <\/div><\/span>\n\t\t\t\t\t\t\t<span class='e-n-accordion-item-title-icon'>\n\t\t\t<span class='e-opened' ><i aria-hidden=\"true\" class=\"fas fa-minus\"><\/i><\/span>\n\t\t\t<span class='e-closed'><i aria-hidden=\"true\" class=\"fas fa-plus\"><\/i><\/span>\n\t\t<\/span>\n\n\t\t\t\t\t\t<\/summary>\n\t\t\t\t<div role=\"region\" aria-labelledby=\"e-n-accordion-item-8451\" class=\"elementor-element elementor-element-84a78c1 e-con-full e-flex e-con e-child\" data-id=\"84a78c1\" data-element_type=\"container\" data-e-type=\"container\">\n\t\t\t\t<div class=\"elementor-element elementor-element-7eac494 elementor-widget elementor-widget-text-editor\" data-id=\"7eac494\" data-element_type=\"widget\" data-e-type=\"widget\" data-widget_type=\"text-editor.default\">\n\t\t\t\t<div class=\"elementor-widget-container\">\n\t\t\t\t\t\t\t\t\t<p><strong>bubliq Wassersprudler<br \/><\/strong>Material: ABS<strong><br \/><\/strong>Ma\u00dfe: 42,5 x 8 x 16,5 cm (H\u00f6he x Breite x Tiefe)<br \/>Gewicht: 0,8 kg (ohne CO2-Zylinder)<\/p><p><strong>bubliq Flasche<br \/><\/strong>Material: PET, 100% BPA-frei<strong><br \/><\/strong>Ma\u00dfe: 37,2 x 6,8 cm (H\u00f6he x Durchmesser)<\/p>\t\t\t\t\t\t\t\t<\/div>\n\t\t\t\t<\/div>\n\t\t\t\t<\/div>\n\t\t\t\t\t<\/details>\n\t\t\t\t\t\t<details id=\"e-n-accordion-item-8452\" class=\"e-n-accordion-item\" >\n\t\t\t\t<summary class=\"e-n-accordion-item-title\" data-accordion-index=\"3\" tabindex=\"-1\" aria-expanded=\"false\" aria-controls=\"e-n-accordion-item-8452\" >\n\t\t\t\t\t<span class='e-n-accordion-item-title-header'><div class=\"e-n-accordion-item-title-text\"> Kompatibilit\u00e4t von CO2-Zylindern <\/div><\/span>\n\t\t\t\t\t\t\t<span class='e-n-accordion-item-title-icon'>\n\t\t\t<span class='e-opened' ><i aria-hidden=\"true\" class=\"fas fa-minus\"><\/i><\/span>\n\t\t\t<span class='e-closed'><i aria-hidden=\"true\" class=\"fas fa-plus\"><\/i><\/span>\n\t\t<\/span>\n\n\t\t\t\t\t\t<\/summary>\n\t\t\t\t<div role=\"region\" aria-labelledby=\"e-n-accordion-item-8452\" class=\"elementor-element elementor-element-ed0c1af e-con-full e-flex e-con e-child\" data-id=\"ed0c1af\" data-element_type=\"container\" data-e-type=\"container\">\n\t\t\t\t<div class=\"elementor-element elementor-element-d151555 elementor-widget elementor-widget-text-editor\" data-id=\"d151555\" data-element_type=\"widget\" data-e-type=\"widget\" data-widget_type=\"text-editor.default\">\n\t\t\t\t<div class=\"elementor-widget-container\">\n\t\t\t\t\t\t\t\t\t<p>Der bubliq Wassersprudler ist kompatibel mit allen 425-450 g CO2-Zylindern z.B. von AGA, Grohe und SodaStream (au\u00dfer SodaStream Quick Connect).\u00a0<\/p>\t\t\t\t\t\t\t\t<\/div>\n\t\t\t\t<\/div>\n\t\t\t\t<\/div>\n\t\t\t\t\t<\/details>\n\t\t\t\t\t\t<details id=\"e-n-accordion-item-8453\" class=\"e-n-accordion-item\" >\n\t\t\t\t<summary class=\"e-n-accordion-item-title\" data-accordion-index=\"4\" tabindex=\"-1\" aria-expanded=\"false\" aria-controls=\"e-n-accordion-item-8453\" >\n\t\t\t\t\t<span class='e-n-accordion-item-title-header'><div class=\"e-n-accordion-item-title-text\"> CO2-Zylinder Austausch <\/div><\/span>\n\t\t\t\t\t\t\t<span class='e-n-accordion-item-title-icon'>\n\t\t\t<span class='e-opened' ><i aria-hidden=\"true\" class=\"fas fa-minus\"><\/i><\/span>\n\t\t\t<span class='e-closed'><i aria-hidden=\"true\" class=\"fas fa-plus\"><\/i><\/span>\n\t\t<\/span>\n\n\t\t\t\t\t\t<\/summary>\n\t\t\t\t<div role=\"region\" aria-labelledby=\"e-n-accordion-item-8453\" class=\"elementor-element elementor-element-696581c e-flex e-con-boxed e-con e-child\" data-id=\"696581c\" data-element_type=\"container\" data-e-type=\"container\">\n\t\t\t\t\t<div class=\"e-con-inner\">\n\t\t\t\t<div class=\"elementor-element elementor-element-9071cf7 elementor-widget elementor-widget-text-editor\" data-id=\"9071cf7\" data-element_type=\"widget\" data-e-type=\"widget\" data-widget_type=\"text-editor.default\">\n\t\t\t\t<div class=\"elementor-widget-container\">\n\t\t\t\t\t\t\t\t\t<p class=\"translation-block\"><b>Austausch gegen andere Marken<\/b><br>\nDer Austausch von den CO2-Zylindern ist einfach, da die meisten CO2-Zylinder f\u00fcr Wassersprudler einem globalen, universellen Standard folgen. Du kannst deinen Zylinder problemlos gegen jede andere Marke austauschen, solange diese ein Ventil mit Schraubgewinde hat. Dadurch wird die Kompatibilit\u00e4t mit deinem bubliq Wassersprudler gew\u00e4hrleistet.<\/p>\t\t\t\t\t\t\t\t<\/div>\n\t\t\t\t<\/div>\n\t\t\t\t\t<\/div>\n\t\t\t\t<\/div>\n\t\t\t\t\t<\/details>\n\t\t\t\t\t\t<details id=\"e-n-accordion-item-8454\" class=\"e-n-accordion-item\" >\n\t\t\t\t<summary class=\"e-n-accordion-item-title\" data-accordion-index=\"5\" tabindex=\"-1\" aria-expanded=\"false\" aria-controls=\"e-n-accordion-item-8454\" >\n\t\t\t\t\t<span class='e-n-accordion-item-title-header'><div class=\"e-n-accordion-item-title-text\"> Reinigung und Pflege <\/div><\/span>\n\t\t\t\t\t\t\t<span class='e-n-accordion-item-title-icon'>\n\t\t\t<span class='e-opened' ><i aria-hidden=\"true\" class=\"fas fa-minus\"><\/i><\/span>\n\t\t\t<span class='e-closed'><i aria-hidden=\"true\" class=\"fas fa-plus\"><\/i><\/span>\n\t\t<\/span>\n\n\t\t\t\t\t\t<\/summary>\n\t\t\t\t<div role=\"region\" aria-labelledby=\"e-n-accordion-item-8454\" class=\"elementor-element elementor-element-09ca6a8 e-flex e-con-boxed e-con e-child\" data-id=\"09ca6a8\" data-element_type=\"container\" data-e-type=\"container\">\n\t\t\t\t\t<div class=\"e-con-inner\">\n\t\t\t\t<div class=\"elementor-element elementor-element-4393286 elementor-widget elementor-widget-text-editor\" data-id=\"4393286\" data-element_type=\"widget\" data-e-type=\"widget\" data-widget_type=\"text-editor.default\">\n\t\t\t\t<div class=\"elementor-widget-container\">\n\t\t\t\t\t\t\t\t\t<p style=\"text-align: left;\"><strong>bubliq Wassersprudler<\/strong><br \/>Reinige den Trinkwassersprudler mit einem feuchten Tuch und einem milden Reinigungsmittel. Vermeide aggressive Reinigungsmittel, da diese die Oberfl\u00e4che besch\u00e4digen k\u00f6nnen.<br \/><strong><br \/>PET-Flasche<br \/><\/strong>Reinige die Flasche von Hand mit einem milden Reinigungsmittel. Vermeide es, die Flasche Temperaturen von unter 4 \u00b0C und \u00fcber 40 \u00b0C auszusetzen. Die Flasche ist <strong>nicht<\/strong> sp\u00fclmaschinenfest.<\/p><p><strong>Deckel mit Gasd\u00fcse<\/strong><br \/>Die Gasd\u00fcse ist im Deckel montiert und kann daher leicht gereinigt werden. Wenn du die Gasd\u00fcse regelm\u00e4\u00dfig reinigst, stellst du sicher, dass die Hygiene immer optimal bleibt. Beim Sprudeln von anderen Fl\u00fcssigkeiten als Wasser sollte der Deckel mit Gasd\u00fcse nach jeder Benutzung gereinigt werden, damit Zucker und andere Zusatzstoffe die D\u00fcse nicht verstopfen. Die Gasd\u00fcse wird am besten mit warmem Wasser und einem milden Reinigungsmittel gereinigt. Die Teile sind <strong>nicht<\/strong> sp\u00fclmaschinenfest.<\/p>\t\t\t\t\t\t\t\t<\/div>\n\t\t\t\t<\/div>\n\t\t\t\t\t<\/div>\n\t\t\t\t<\/div>\n\t\t\t\t\t<\/details>\n\t\t\t\t\t\t<details id=\"e-n-accordion-item-8455\" class=\"e-n-accordion-item\" >\n\t\t\t\t<summary class=\"e-n-accordion-item-title\" data-accordion-index=\"6\" tabindex=\"-1\" aria-expanded=\"false\" aria-controls=\"e-n-accordion-item-8455\" >\n\t\t\t\t\t<span class='e-n-accordion-item-title-header'><div class=\"e-n-accordion-item-title-text\"> Ersatzteile <\/div><\/span>\n\t\t\t\t\t\t\t<span class='e-n-accordion-item-title-icon'>\n\t\t\t<span class='e-opened' ><i aria-hidden=\"true\" class=\"fas fa-minus\"><\/i><\/span>\n\t\t\t<span class='e-closed'><i aria-hidden=\"true\" class=\"fas fa-plus\"><\/i><\/span>\n\t\t<\/span>\n\n\t\t\t\t\t\t<\/summary>\n\t\t\t\t<div role=\"region\" aria-labelledby=\"e-n-accordion-item-8455\" class=\"elementor-element elementor-element-585df0c e-flex e-con-boxed e-con e-child\" data-id=\"585df0c\" data-element_type=\"container\" data-e-type=\"container\">\n\t\t\t\t\t<div class=\"e-con-inner\">\n\t\t\t\t<div class=\"elementor-element elementor-element-45894c6 elementor-widget elementor-widget-text-editor\" data-id=\"45894c6\" data-element_type=\"widget\" data-e-type=\"widget\" data-widget_type=\"text-editor.default\">\n\t\t\t\t<div class=\"elementor-widget-container\">\n\t\t\t\t\t\t\t\t\t<p>Ben\u00f6tigst du einen zus\u00e4tzlichen Deckel mit Gasd\u00fcse f\u00fcr deinen bubliq Wassersprudler?<\/p><p><a href=\"https:\/\/bubliq.com\/de\/produkt\/infuser-cap\/\">Einen extra Deckel mit Gasd\u00fcse findest du hier.<\/a><\/p>\t\t\t\t\t\t\t\t<\/div>\n\t\t\t\t<\/div>\n\t\t\t\t\t<\/div>\n\t\t\t\t<\/div>\n\t\t\t\t\t<\/details>\n\t\t\t\t\t\t<details id=\"e-n-accordion-item-8456\" class=\"e-n-accordion-item\" >\n\t\t\t\t<summary class=\"e-n-accordion-item-title\" data-accordion-index=\"7\" tabindex=\"-1\" aria-expanded=\"false\" aria-controls=\"e-n-accordion-item-8456\" >\n\t\t\t\t\t<span class='e-n-accordion-item-title-header'><div class=\"e-n-accordion-item-title-text\"> Bedienungsanleitung <\/div><\/span>\n\t\t\t\t\t\t\t<span class='e-n-accordion-item-title-icon'>\n\t\t\t<span class='e-opened' ><i aria-hidden=\"true\" class=\"fas fa-minus\"><\/i><\/span>\n\t\t\t<span class='e-closed'><i aria-hidden=\"true\" class=\"fas fa-plus\"><\/i><\/span>\n\t\t<\/span>\n\n\t\t\t\t\t\t<\/summary>\n\t\t\t\t<div role=\"region\" aria-labelledby=\"e-n-accordion-item-8456\" class=\"elementor-element elementor-element-a444fee e-flex e-con-boxed e-con e-child\" data-id=\"a444fee\" data-element_type=\"container\" data-e-type=\"container\">\n\t\t\t\t\t<div class=\"e-con-inner\">\n\t\t\t\t<div class=\"elementor-element elementor-element-245a24d elementor-widget elementor-widget-text-editor\" data-id=\"245a24d\" data-element_type=\"widget\" data-e-type=\"widget\" data-widget_type=\"text-editor.default\">\n\t\t\t\t<div class=\"elementor-widget-container\">\n\t\t\t\t\t\t\t\t\t<p>Die Bedienungsanleitung f\u00fcr den bubliq Wassersprudler findest du <a href=\"https:\/\/bubliq.com\/wp-content\/uploads\/2025\/07\/User-Manual-bubliq-drink-carbonator-2025-Web.pdf\" target=\"_blank\" rel=\"noopener\">hier.<\/a><\/p>\t\t\t\t\t\t\t\t<\/div>\n\t\t\t\t<\/div>\n\t\t\t\t\t<\/div>\n\t\t\t\t<\/div>\n\t\t\t\t\t<\/details>\n\t\t\t\t\t<\/div>\n\t\t\t\t\t\t<\/div>\n\t\t\t\t<\/div>\n\t\t\t\t<\/div>\n\t\t\t\t<\/div>\n\t\t\t\t<\/div>","protected":false},"excerpt":{"rendered":"<p><strong>Minimalistischer Wassersprudler in skandinavischem Design<br \/>\n<\/strong>Vorbei sind die Zeiten der sperrigen Wassersprudler, die in der K\u00fcche nur im Weg stehen. Der bubliq Wassersprudler in Beige ist vom skandinavischen Minimalismus inspiriert und nimmt mit einer Breite von 8 cm nur wenig Platz ein. Die warme beige Farbe und das schlichte Design schaffen eine einladende Atmosph\u00e4re, die das Dekor deiner K\u00fcche erg\u00e4nzt. Dank unserer patentierten Air-Charge\u2122-Technologie werden deine Getr\u00e4nke in Sekundenschnelle in sprudelnde Erfrischungen verwandelt \u2013 probiere auch Getr\u00e4nke mit frischem Obst oder Gem\u00fcse zu sprudeln.<\/p>","protected":false},"featured_media":17447,"template":"","meta":[],"product_brand":[],"product_cat":[31],"product_tag":[21,20],"woo-feed-brand":[],"class_list":{"0":"post-16691","1":"product","2":"type-product","3":"status-publish","4":"has-post-thumbnail","6":"product_cat-sodavandsmaskiner","7":"product_tag-danskvandsmaskine","8":"product_tag-sodavandsmaskine","10":"first","11":"instock","12":"taxable","13":"shipping-taxable","14":"purchasable","15":"product-type-simple"},"_links":{"self":[{"href":"https:\/\/bubliq.com\/de\/wp-json\/wp\/v2\/product\/16691","targetHints":{"allow":["GET"]}}],"collection":[{"href":"https:\/\/bubliq.com\/de\/wp-json\/wp\/v2\/product"}],"about":[{"href":"https:\/\/bubliq.com\/de\/wp-json\/wp\/v2\/types\/product"}],"version-history":[{"count":86,"href":"https:\/\/bubliq.com\/de\/wp-json\/wp\/v2\/product\/16691\/revisions"}],"predecessor-version":[{"id":24603,"href":"https:\/\/bubliq.com\/de\/wp-json\/wp\/v2\/product\/16691\/revisions\/24603"}],"wp:featuredmedia":[{"embeddable":true,"href":"https:\/\/bubliq.com\/de\/wp-json\/wp\/v2\/media\/17447"}],"wp:attachment":[{"href":"https:\/\/bubliq.com\/de\/wp-json\/wp\/v2\/media?parent=16691"}],"wp:term":[{"taxonomy":"product_brand","embeddable":true,"href":"https:\/\/bubliq.com\/de\/wp-json\/wp\/v2\/product_brand?post=16691"},{"taxonomy":"product_cat","embeddable":true,"href":"https:\/\/bubliq.com\/de\/wp-json\/wp\/v2\/product_cat?post=16691"},{"taxonomy":"product_tag","embeddable":true,"href":"https:\/\/bubliq.com\/de\/wp-json\/wp\/v2\/product_tag?post=16691"},{"taxonomy":"woo-feed-brand","embeddable":true,"href":"https:\/\/bubliq.com\/de\/wp-json\/wp\/v2\/woo-feed-brand?post=16691"}],"curies":[{"name":"wp","href":"https:\/\/api.w.org\/{rel}","templated":true}]}}