{"id":18582,"date":"2024-03-19T14:58:50","date_gmt":"2024-03-19T12:58:50","guid":{"rendered":"https:\/\/bubliq.com\/?post_type=product&#038;p=18582"},"modified":"2026-04-08T09:43:05","modified_gmt":"2026-04-08T07:43:05","slug":"ombytning-3-x-kulsyrepatroner-450-g","status":"publish","type":"product","link":"https:\/\/bubliq.com\/de\/produkt\/tauschpaket-3-x-co2-zylinder-450-g\/","title":{"rendered":"Tauschpaket 3 x CO2-Zylinder 450 g"},"content":{"rendered":"<div data-elementor-type=\"product-post\" data-elementor-id=\"18582\" class=\"elementor elementor-18582\" data-elementor-post-type=\"product\">\n\t\t\t\t<div class=\"elementor-element elementor-element-0fb10e9 e-con-full e-flex e-con e-child\" data-id=\"0fb10e9\" data-element_type=\"container\" data-e-type=\"container\">\n\t\t<div class=\"elementor-element elementor-element-c690b08 e-con-full e-flex e-con e-child\" data-id=\"c690b08\" data-element_type=\"container\" data-e-type=\"container\">\n\t\t\t\t<div class=\"elementor-element elementor-element-8eba57a elementor-widget elementor-widget-n-accordion\" data-id=\"8eba57a\" data-element_type=\"widget\" data-e-type=\"widget\" data-settings=\"{&quot;default_state&quot;:&quot;expanded&quot;,&quot;max_items_expended&quot;:&quot;one&quot;,&quot;n_accordion_animation_duration&quot;:{&quot;unit&quot;:&quot;ms&quot;,&quot;size&quot;:400,&quot;sizes&quot;:[]}}\" data-widget_type=\"nested-accordion.default\">\n\t\t\t\t<div class=\"elementor-widget-container\">\n\t\t\t\t\t\t\t<div class=\"e-n-accordion\" aria-label=\"Accordion. Open links with Enter or Space, close with Escape, and navigate with Arrow Keys\">\n\t\t\t\t\t\t<details id=\"e-n-accordion-item-1490\" class=\"e-n-accordion-item\" open>\n\t\t\t\t<summary class=\"e-n-accordion-item-title\" data-accordion-index=\"1\" tabindex=\"0\" aria-expanded=\"true\" aria-controls=\"e-n-accordion-item-1490\" >\n\t\t\t\t\t<span class='e-n-accordion-item-title-header'><div class=\"e-n-accordion-item-title-text\"> Produktbeschreibung <\/div><\/span>\n\t\t\t\t\t\t\t<span class='e-n-accordion-item-title-icon'>\n\t\t\t<span class='e-opened' ><i aria-hidden=\"true\" class=\"fas fa-minus\"><\/i><\/span>\n\t\t\t<span class='e-closed'><i aria-hidden=\"true\" class=\"fas fa-plus\"><\/i><\/span>\n\t\t<\/span>\n\n\t\t\t\t\t\t<\/summary>\n\t\t\t\t<div role=\"region\" aria-labelledby=\"e-n-accordion-item-1490\" class=\"elementor-element elementor-element-e9babc5 e-con-full e-flex e-con e-child\" data-id=\"e9babc5\" data-element_type=\"container\" data-e-type=\"container\">\n\t\t<div role=\"region\" aria-labelledby=\"e-n-accordion-item-1490\" class=\"elementor-element elementor-element-ef802db e-con-full e-flex e-con e-child\" data-id=\"ef802db\" data-element_type=\"container\" data-e-type=\"container\">\n\t\t\t\t<div class=\"elementor-element elementor-element-4cedd38 elementor-widget elementor-widget-text-editor\" data-id=\"4cedd38\" data-element_type=\"widget\" data-e-type=\"widget\" data-widget_type=\"text-editor.default\">\n\t\t\t\t<div class=\"elementor-widget-container\">\n\t\t\t\t\t\t\t\t\t<p>In unserem Tauschpaket erh\u00e4ltst du 3 neue bubliq CO2-Zylinder.<\/p><p>Um das Tauschpaket nutzen zu k\u00f6nnen, ist es Voraussetzung, dass du 3 leere CO2-Zylinder hast, die du umtauschen m\u00f6chtest.<\/p>\t\t\t\t\t\t\t\t<\/div>\n\t\t\t\t<\/div>\n\t\t\t\t<\/div>\n\t\t<div role=\"region\" aria-labelledby=\"e-n-accordion-item-1490\" class=\"elementor-element elementor-element-9ad0b9b e-con-full e-flex e-con e-child\" data-id=\"9ad0b9b\" data-element_type=\"container\" data-e-type=\"container\">\n\t\t\t\t<div class=\"elementor-element elementor-element-10693a7 elementor-widget elementor-widget-heading\" data-id=\"10693a7\" data-element_type=\"widget\" data-e-type=\"widget\" data-widget_type=\"heading.default\">\n\t\t\t\t<div class=\"elementor-widget-container\">\n\t\t\t\t\t<h2 class=\"elementor-heading-title elementor-size-default\">So geht's:<\/h2>\t\t\t\t<\/div>\n\t\t\t\t<\/div>\n\t\t\t\t<\/div>\n\t\t<div role=\"region\" aria-labelledby=\"e-n-accordion-item-1490\" class=\"elementor-element elementor-element-42da06b e-con-full e-flex e-con e-child\" data-id=\"42da06b\" data-element_type=\"container\" data-e-type=\"container\">\n\t\t\t\t<div class=\"elementor-element elementor-element-2f6b4a5 elementor-position-top elementor-position-top elementor-widget elementor-widget-image-box\" data-id=\"2f6b4a5\" data-element_type=\"widget\" data-e-type=\"widget\" data-widget_type=\"image-box.default\">\n\t\t\t\t<div class=\"elementor-widget-container\">\n\t\t\t\t\t<div class=\"elementor-image-box-wrapper\"><figure class=\"elementor-image-box-img\"><img fetchpriority=\"high\" decoding=\"async\" width=\"300\" height=\"300\" src=\"https:\/\/bubliq.com\/wp-content\/uploads\/2024\/03\/Kulsyrepatron-ombytning-step-1-billig-kulsyrepatron-ombytningsservice-hos-bubliq-300x300.png\" class=\"attachment-medium size-medium wp-image-26090\" alt=\"\" srcset=\"https:\/\/bubliq.com\/wp-content\/uploads\/2024\/03\/Kulsyrepatron-ombytning-step-1-billig-kulsyrepatron-ombytningsservice-hos-bubliq-300x300.png 300w, https:\/\/bubliq.com\/wp-content\/uploads\/2024\/03\/Kulsyrepatron-ombytning-step-1-billig-kulsyrepatron-ombytningsservice-hos-bubliq-150x150.png 150w, https:\/\/bubliq.com\/wp-content\/uploads\/2024\/03\/Kulsyrepatron-ombytning-step-1-billig-kulsyrepatron-ombytningsservice-hos-bubliq-12x12.png 12w, https:\/\/bubliq.com\/wp-content\/uploads\/2024\/03\/Kulsyrepatron-ombytning-step-1-billig-kulsyrepatron-ombytningsservice-hos-bubliq-328x328.png 328w, https:\/\/bubliq.com\/wp-content\/uploads\/2024\/03\/Kulsyrepatron-ombytning-step-1-billig-kulsyrepatron-ombytningsservice-hos-bubliq-100x100.png 100w, https:\/\/bubliq.com\/wp-content\/uploads\/2024\/03\/Kulsyrepatron-ombytning-step-1-billig-kulsyrepatron-ombytningsservice-hos-bubliq.png 417w\" sizes=\"(max-width: 300px) 100vw, 300px\" \/><\/figure><div class=\"elementor-image-box-content\"><h3 class=\"elementor-image-box-title\">Schritt 1<\/h3><p class=\"elementor-image-box-description\">Bestelle das Tauschpaket hier auf der Seite.<\/p><\/div><\/div>\t\t\t\t<\/div>\n\t\t\t\t<\/div>\n\t\t\t\t<\/div>\n\t\t<div role=\"region\" aria-labelledby=\"e-n-accordion-item-1490\" class=\"elementor-element elementor-element-9126528 e-con-full e-flex e-con e-child\" data-id=\"9126528\" data-element_type=\"container\" data-e-type=\"container\">\n\t\t\t\t<div class=\"elementor-element elementor-element-630a470 elementor-position-top elementor-widget elementor-widget-image-box\" data-id=\"630a470\" data-element_type=\"widget\" data-e-type=\"widget\" data-widget_type=\"image-box.default\">\n\t\t\t\t<div class=\"elementor-widget-container\">\n\t\t\t\t\t<div class=\"elementor-image-box-wrapper\"><figure class=\"elementor-image-box-img\"><img decoding=\"async\" width=\"300\" height=\"300\" src=\"https:\/\/bubliq.com\/wp-content\/uploads\/2024\/03\/Kulsyrepatron-ombytning-bubliq-ombyt-din-kulsyrepatron-billig-opfyldning-300x300.png\" class=\"attachment-medium size-medium wp-image-26065\" alt=\"kulsyrepatron ombytning er nemt og billigt hos bubliq\" srcset=\"https:\/\/bubliq.com\/wp-content\/uploads\/2024\/03\/Kulsyrepatron-ombytning-bubliq-ombyt-din-kulsyrepatron-billig-opfyldning-300x300.png 300w, https:\/\/bubliq.com\/wp-content\/uploads\/2024\/03\/Kulsyrepatron-ombytning-bubliq-ombyt-din-kulsyrepatron-billig-opfyldning-150x150.png 150w, https:\/\/bubliq.com\/wp-content\/uploads\/2024\/03\/Kulsyrepatron-ombytning-bubliq-ombyt-din-kulsyrepatron-billig-opfyldning-12x12.png 12w, https:\/\/bubliq.com\/wp-content\/uploads\/2024\/03\/Kulsyrepatron-ombytning-bubliq-ombyt-din-kulsyrepatron-billig-opfyldning-328x328.png 328w, https:\/\/bubliq.com\/wp-content\/uploads\/2024\/03\/Kulsyrepatron-ombytning-bubliq-ombyt-din-kulsyrepatron-billig-opfyldning-100x100.png 100w, https:\/\/bubliq.com\/wp-content\/uploads\/2024\/03\/Kulsyrepatron-ombytning-bubliq-ombyt-din-kulsyrepatron-billig-opfyldning.png 418w\" sizes=\"(max-width: 300px) 100vw, 300px\" \/><\/figure><div class=\"elementor-image-box-content\"><h3 class=\"elementor-image-box-title\">Schritt 2<\/h3><p class=\"elementor-image-box-description\">Sobald du deine neuen Zylinder erhalten hast, lege deine leeren CO2-Zylinder zur\u00fcck in dasselbe Paket.<\/p><\/div><\/div>\t\t\t\t<\/div>\n\t\t\t\t<\/div>\n\t\t\t\t<\/div>\n\t\t<div role=\"region\" aria-labelledby=\"e-n-accordion-item-1490\" class=\"elementor-element elementor-element-38bc217 e-con-full e-flex e-con e-child\" data-id=\"38bc217\" data-element_type=\"container\" data-e-type=\"container\">\n\t\t\t\t<div class=\"elementor-element elementor-element-cd17ab1 elementor-position-top elementor-widget elementor-widget-image-box\" data-id=\"cd17ab1\" data-element_type=\"widget\" data-e-type=\"widget\" data-widget_type=\"image-box.default\">\n\t\t\t\t<div class=\"elementor-widget-container\">\n\t\t\t\t\t<div class=\"elementor-image-box-wrapper\"><figure class=\"elementor-image-box-img\"><img decoding=\"async\" width=\"300\" height=\"300\" src=\"https:\/\/bubliq.com\/wp-content\/uploads\/2024\/03\/bubliq-kulsyrepatron-ombytning-bubliq-step-3.-send-retur-til-bubliq-300x300.png\" class=\"attachment-medium size-medium wp-image-26098\" alt=\"\" srcset=\"https:\/\/bubliq.com\/wp-content\/uploads\/2024\/03\/bubliq-kulsyrepatron-ombytning-bubliq-step-3.-send-retur-til-bubliq-300x300.png 300w, https:\/\/bubliq.com\/wp-content\/uploads\/2024\/03\/bubliq-kulsyrepatron-ombytning-bubliq-step-3.-send-retur-til-bubliq-150x150.png 150w, https:\/\/bubliq.com\/wp-content\/uploads\/2024\/03\/bubliq-kulsyrepatron-ombytning-bubliq-step-3.-send-retur-til-bubliq-12x12.png 12w, https:\/\/bubliq.com\/wp-content\/uploads\/2024\/03\/bubliq-kulsyrepatron-ombytning-bubliq-step-3.-send-retur-til-bubliq-328x328.png 328w, https:\/\/bubliq.com\/wp-content\/uploads\/2024\/03\/bubliq-kulsyrepatron-ombytning-bubliq-step-3.-send-retur-til-bubliq-100x100.png 100w, https:\/\/bubliq.com\/wp-content\/uploads\/2024\/03\/bubliq-kulsyrepatron-ombytning-bubliq-step-3.-send-retur-til-bubliq.png 418w\" sizes=\"(max-width: 300px) 100vw, 300px\" \/><\/figure><div class=\"elementor-image-box-content\"><h3 class=\"elementor-image-box-title\">Schritt 3<\/h3><p class=\"elementor-image-box-description\">Klebe das beiliegende R\u00fccksendeetikett auf das Paket und gib es in deinem n\u00e4chstgelegenen Paketshop ab.<\/p><\/div><\/div>\t\t\t\t<\/div>\n\t\t\t\t<\/div>\n\t\t\t\t<\/div>\n\t\t<div role=\"region\" aria-labelledby=\"e-n-accordion-item-1490\" class=\"elementor-element elementor-element-08fd032 e-con-full e-flex e-con e-child\" data-id=\"08fd032\" data-element_type=\"container\" data-e-type=\"container\">\n\t\t\t\t<div class=\"elementor-element elementor-element-12185ad elementor-position-top elementor-widget elementor-widget-image-box\" data-id=\"12185ad\" data-element_type=\"widget\" data-e-type=\"widget\" data-widget_type=\"image-box.default\">\n\t\t\t\t<div class=\"elementor-widget-container\">\n\t\t\t\t\t<div class=\"elementor-image-box-wrapper\"><figure class=\"elementor-image-box-img\"><img loading=\"lazy\" decoding=\"async\" width=\"300\" height=\"300\" src=\"https:\/\/bubliq.com\/wp-content\/uploads\/2024\/03\/Kulsyrepatron-ombytning-step-4-returner-inden-14-dage-300x300.png\" class=\"attachment-medium size-medium wp-image-26094\" alt=\"\" srcset=\"https:\/\/bubliq.com\/wp-content\/uploads\/2024\/03\/Kulsyrepatron-ombytning-step-4-returner-inden-14-dage-300x300.png 300w, https:\/\/bubliq.com\/wp-content\/uploads\/2024\/03\/Kulsyrepatron-ombytning-step-4-returner-inden-14-dage-150x150.png 150w, https:\/\/bubliq.com\/wp-content\/uploads\/2024\/03\/Kulsyrepatron-ombytning-step-4-returner-inden-14-dage-12x12.png 12w, https:\/\/bubliq.com\/wp-content\/uploads\/2024\/03\/Kulsyrepatron-ombytning-step-4-returner-inden-14-dage-328x328.png 328w, https:\/\/bubliq.com\/wp-content\/uploads\/2024\/03\/Kulsyrepatron-ombytning-step-4-returner-inden-14-dage-100x100.png 100w, https:\/\/bubliq.com\/wp-content\/uploads\/2024\/03\/Kulsyrepatron-ombytning-step-4-returner-inden-14-dage.png 418w\" sizes=\"(max-width: 300px) 100vw, 300px\" \/><\/figure><div class=\"elementor-image-box-content\"><h3 class=\"elementor-image-box-title\">Schritt 4<\/h3><p class=\"elementor-image-box-description\">Nach Erhalt deines Tauschpakets hast du 14 Tage Zeit, um die leeren CO2-Zylinder zur\u00fcckzusenden.<\/p><\/div><\/div>\t\t\t\t<\/div>\n\t\t\t\t<\/div>\n\t\t\t\t<\/div>\n\t\t<div role=\"region\" aria-labelledby=\"e-n-accordion-item-1490\" class=\"elementor-element elementor-element-895fe99 e-con-full e-flex e-con e-child\" data-id=\"895fe99\" data-element_type=\"container\" data-e-type=\"container\">\n\t\t\t\t<div class=\"elementor-element elementor-element-79c8240 elementor-widget elementor-widget-text-editor\" data-id=\"79c8240\" data-element_type=\"widget\" data-e-type=\"widget\" data-widget_type=\"text-editor.default\">\n\t\t\t\t<div class=\"elementor-widget-container\">\n\t\t\t\t\t\t\t\t\t<p><strong>Pfandbetrag<br \/><\/strong>Wir reservieren EUR 39,00 als Pfand auf deiner Zahlungsmethode. Der Betrag wird freigegeben, sobald wir deine leeren CO2-Zylinder erhalten haben. Falls du die leeren Zylinder nicht innerhalb von 14 Tagen zur\u00fcckschickst, behalten wir den Pfandbetrag ein.<\/p>\t\t\t\t\t\t\t\t<\/div>\n\t\t\t\t<\/div>\n\t\t\t\t<\/div>\n\t\t\t\t<\/div>\n\t\t\t\t\t<\/details>\n\t\t\t\t\t\t<details id=\"e-n-accordion-item-1491\" class=\"e-n-accordion-item\" >\n\t\t\t\t<summary class=\"e-n-accordion-item-title\" data-accordion-index=\"2\" tabindex=\"-1\" aria-expanded=\"false\" aria-controls=\"e-n-accordion-item-1491\" >\n\t\t\t\t\t<span class='e-n-accordion-item-title-header'><div class=\"e-n-accordion-item-title-text\"> Kompatibilit\u00e4t <\/div><\/span>\n\t\t\t\t\t\t\t<span class='e-n-accordion-item-title-icon'>\n\t\t\t<span class='e-opened' ><i aria-hidden=\"true\" class=\"fas fa-minus\"><\/i><\/span>\n\t\t\t<span class='e-closed'><i aria-hidden=\"true\" class=\"fas fa-plus\"><\/i><\/span>\n\t\t<\/span>\n\n\t\t\t\t\t\t<\/summary>\n\t\t\t\t<div role=\"region\" aria-labelledby=\"e-n-accordion-item-1491\" class=\"elementor-element elementor-element-f973897 e-con-full e-flex e-con e-child\" data-id=\"f973897\" data-element_type=\"container\" data-e-type=\"container\">\n\t\t\t\t<div class=\"elementor-element elementor-element-afdc0ab elementor-position-right elementor-vertical-align-top elementor-widget elementor-widget-image-box\" data-id=\"afdc0ab\" data-element_type=\"widget\" data-e-type=\"widget\" data-widget_type=\"image-box.default\">\n\t\t\t\t<div class=\"elementor-widget-container\">\n\t\t\t\t\t<div class=\"elementor-image-box-wrapper\"><figure class=\"elementor-image-box-img\"><img loading=\"lazy\" decoding=\"async\" width=\"150\" height=\"150\" src=\"https:\/\/bubliq.com\/wp-content\/uploads\/2024\/02\/Valve-for-website-150px.png\" class=\"attachment-full size-full wp-image-16935\" alt=\"\" srcset=\"https:\/\/bubliq.com\/wp-content\/uploads\/2024\/02\/Valve-for-website-150px.png 150w, https:\/\/bubliq.com\/wp-content\/uploads\/2024\/02\/Valve-for-website-150px-12x12.png 12w, https:\/\/bubliq.com\/wp-content\/uploads\/2024\/02\/Valve-for-website-150px-100x100.png 100w\" sizes=\"(max-width: 150px) 100vw, 150px\" \/><\/figure><div class=\"elementor-image-box-content\"><p class=\"elementor-image-box-description\">bubliq CO2-Zylinder verf\u00fcgen \u00fcber ein universelles Schraubgewinde, das sie mit allen Wassersprudlern kompatibel macht, au\u00dfer mit SodaStream-Modellen, die mit Quick Connect ausgestattet sind.\n<br><br>\n<b>Wichtig:<\/b>\nBitte beachte, dass unsere CO2-Zylinder nicht f\u00fcr K\u00fchlschr\u00e4nke oder Armaturen wie Grohe, Quooker usw. geeignet sind.<\/p><\/div><\/div>\t\t\t\t<\/div>\n\t\t\t\t<\/div>\n\t\t\t\t<\/div>\n\t\t\t\t\t<\/details>\n\t\t\t\t\t\t<details id=\"e-n-accordion-item-1492\" class=\"e-n-accordion-item\" >\n\t\t\t\t<summary class=\"e-n-accordion-item-title\" data-accordion-index=\"3\" tabindex=\"-1\" aria-expanded=\"false\" aria-controls=\"e-n-accordion-item-1492\" >\n\t\t\t\t\t<span class='e-n-accordion-item-title-header'><div class=\"e-n-accordion-item-title-text\"> CO2-Nachf\u00fcllung <\/div><\/span>\n\t\t\t\t\t\t\t<span class='e-n-accordion-item-title-icon'>\n\t\t\t<span class='e-opened' ><i aria-hidden=\"true\" class=\"fas fa-minus\"><\/i><\/span>\n\t\t\t<span class='e-closed'><i aria-hidden=\"true\" class=\"fas fa-plus\"><\/i><\/span>\n\t\t<\/span>\n\n\t\t\t\t\t\t<\/summary>\n\t\t\t\t<div role=\"region\" aria-labelledby=\"e-n-accordion-item-1492\" class=\"elementor-element elementor-element-3d5d6e1 e-flex e-con-boxed e-con e-child\" data-id=\"3d5d6e1\" data-element_type=\"container\" data-e-type=\"container\">\n\t\t\t\t\t<div class=\"e-con-inner\">\n\t\t\t\t<div class=\"elementor-element elementor-element-e2e9022 elementor-widget elementor-widget-text-editor\" data-id=\"e2e9022\" data-element_type=\"widget\" data-e-type=\"widget\" data-widget_type=\"text-editor.default\">\n\t\t\t\t<div class=\"elementor-widget-container\">\n\t\t\t\t\t\t\t\t\t<p class=\"translation-block\">Du kannst deinen CO2-Zylinder problemlos durch eine beliebige andere Marke ersetzen, solange diese ein Ventil mit Schraubgewinde hat \u2013 das stellt die Kompatibilit\u00e4t mit deinem bubliq Wassersprudler sicher.<\/p>\t\t\t\t\t\t\t\t<\/div>\n\t\t\t\t<\/div>\n\t\t\t\t\t<\/div>\n\t\t\t\t<\/div>\n\t\t\t\t\t<\/details>\n\t\t\t\t\t\t<details id=\"e-n-accordion-item-1493\" class=\"e-n-accordion-item\" >\n\t\t\t\t<summary class=\"e-n-accordion-item-title\" data-accordion-index=\"4\" tabindex=\"-1\" aria-expanded=\"false\" aria-controls=\"e-n-accordion-item-1493\" >\n\t\t\t\t\t<span class='e-n-accordion-item-title-header'><div class=\"e-n-accordion-item-title-text\"> Material und Ma\u00dfe <\/div><\/span>\n\t\t\t\t\t\t\t<span class='e-n-accordion-item-title-icon'>\n\t\t\t<span class='e-opened' ><i aria-hidden=\"true\" class=\"fas fa-minus\"><\/i><\/span>\n\t\t\t<span class='e-closed'><i aria-hidden=\"true\" class=\"fas fa-plus\"><\/i><\/span>\n\t\t<\/span>\n\n\t\t\t\t\t\t<\/summary>\n\t\t\t\t<div role=\"region\" aria-labelledby=\"e-n-accordion-item-1493\" class=\"elementor-element elementor-element-db75dd0 e-con-full e-flex e-con e-child\" data-id=\"db75dd0\" data-element_type=\"container\" data-e-type=\"container\">\n\t\t\t\t<div class=\"elementor-element elementor-element-4acadab elementor-widget elementor-widget-text-editor\" data-id=\"4acadab\" data-element_type=\"widget\" data-e-type=\"widget\" data-widget_type=\"text-editor.default\">\n\t\t\t\t<div class=\"elementor-widget-container\">\n\t\t\t\t\t\t\t\t\t<p>Material des Co2-Zylinders: 100\u00a0% Aluminium<br \/>Indhold: 450 g f\u00f8devaregodkendt kuldioxid fra vedvarende kilder<br \/>Ma\u00dfe: 36 cm x 6 cm (H\u00f6he x Durchmesser)<\/p>\t\t\t\t\t\t\t\t<\/div>\n\t\t\t\t<\/div>\n\t\t\t\t<\/div>\n\t\t\t\t\t<\/details>\n\t\t\t\t\t\t<details id=\"e-n-accordion-item-1494\" class=\"e-n-accordion-item\" >\n\t\t\t\t<summary class=\"e-n-accordion-item-title\" data-accordion-index=\"5\" tabindex=\"-1\" aria-expanded=\"false\" aria-controls=\"e-n-accordion-item-1494\" >\n\t\t\t\t\t<span class='e-n-accordion-item-title-header'><div class=\"e-n-accordion-item-title-text\"> Zulassungen <\/div><\/span>\n\t\t\t\t\t\t\t<span class='e-n-accordion-item-title-icon'>\n\t\t\t<span class='e-opened' ><i aria-hidden=\"true\" class=\"fas fa-minus\"><\/i><\/span>\n\t\t\t<span class='e-closed'><i aria-hidden=\"true\" class=\"fas fa-plus\"><\/i><\/span>\n\t\t<\/span>\n\n\t\t\t\t\t\t<\/summary>\n\t\t\t\t<div role=\"region\" aria-labelledby=\"e-n-accordion-item-1494\" class=\"elementor-element elementor-element-ed1e825 e-flex e-con-boxed e-con e-child\" data-id=\"ed1e825\" data-element_type=\"container\" data-e-type=\"container\">\n\t\t\t\t\t<div class=\"e-con-inner\">\n\t\t\t\t<div class=\"elementor-element elementor-element-4811116 elementor-widget elementor-widget-text-editor\" data-id=\"4811116\" data-element_type=\"widget\" data-e-type=\"widget\" data-widget_type=\"text-editor.default\">\n\t\t\t\t<div class=\"elementor-widget-container\">\n\t\t\t\t\t\t\t\t\t<p style=\"text-align: left;\">F\u00fchl dich sicher: bubliqs CO2-Zylinder haben die T\u00dcV-Zertifizierung erhalten, was die Einhaltung der strengen Reinheitsstandards der EU und der JECFA f\u00fcr Lebensmittelzusatzstoffe belegt.<\/p>\t\t\t\t\t\t\t\t<\/div>\n\t\t\t\t<\/div>\n\t\t\t\t\t<\/div>\n\t\t\t\t<\/div>\n\t\t\t\t\t<\/details>\n\t\t\t\t\t\t<details id=\"e-n-accordion-item-1495\" class=\"e-n-accordion-item\" >\n\t\t\t\t<summary class=\"e-n-accordion-item-title\" data-accordion-index=\"6\" tabindex=\"-1\" aria-expanded=\"false\" aria-controls=\"e-n-accordion-item-1495\" >\n\t\t\t\t\t<span class='e-n-accordion-item-title-header'><div class=\"e-n-accordion-item-title-text\"> Sicherheitshinweise <\/div><\/span>\n\t\t\t\t\t\t\t<span class='e-n-accordion-item-title-icon'>\n\t\t\t<span class='e-opened' ><i aria-hidden=\"true\" class=\"fas fa-minus\"><\/i><\/span>\n\t\t\t<span class='e-closed'><i aria-hidden=\"true\" class=\"fas fa-plus\"><\/i><\/span>\n\t\t<\/span>\n\n\t\t\t\t\t\t<\/summary>\n\t\t\t\t<div role=\"region\" aria-labelledby=\"e-n-accordion-item-1495\" class=\"elementor-element elementor-element-15149ca e-flex e-con-boxed e-con e-child\" data-id=\"15149ca\" data-element_type=\"container\" data-e-type=\"container\">\n\t\t\t\t\t<div class=\"e-con-inner\">\n\t\t\t\t<div class=\"elementor-element elementor-element-7d37863 elementor-widget elementor-widget-text-editor\" data-id=\"7d37863\" data-element_type=\"widget\" data-e-type=\"widget\" data-widget_type=\"text-editor.default\">\n\t\t\t\t<div class=\"elementor-widget-container\">\n\t\t\t\t\t\t\t\t\t<ul><li>Behandel den CO2-Zylinder vorsichtig<\/li><li>Lager den CO2-Zylinder bei Raumtemperatur und niemals im direkten Sonnenlicht<\/li><li>Entferne den CO2-Zylinder w\u00e4hrend des Transports aus dem Wassersprudler<\/li><li>Lasse Kinder niemals unbeaufsichtigt mit den CO2-Zylindern hantieren<\/li><li>Bringe im Falle eines Brandes die CO2-Zylinder an einen sicheren Ort<\/li><\/ul><p>\u00a0<\/p>\t\t\t\t\t\t\t\t<\/div>\n\t\t\t\t<\/div>\n\t\t\t\t\t<\/div>\n\t\t\t\t<\/div>\n\t\t\t\t\t<\/details>\n\t\t\t\t\t<\/div>\n\t\t\t\t\t\t<\/div>\n\t\t\t\t<\/div>\n\t\t\t\t<\/div>\n\t\t\t\t<\/div>\n\t\t\t\t<\/div>","protected":false},"excerpt":{"rendered":"<p>In diesem Tauschpaket bekommst du 3 neue bubliq CO2-Zylinder \u2013 gef\u00fcllt mit Kohlens\u00e4ure aus 100 % erneuerbaren Quellen. Ein kostenloses R\u00fccksendeetikett f\u00fcr deine leeren Zylinder liegt bei. Voraussetzung f\u00fcr die Bestellung ist, dass du bereits 3 leere CO2-Zylinder hast, die du umtauschen m\u00f6chtest.<\/p>\n<p><strong>So geht's:<\/strong><\/p>\n<ol>\n<li>Lege deine leeren CO2-Zylinder nach Erhalt der neuen Tauschzylinder in dasselbe Paket.<\/li>\n<li>Klebe das Retourenlabel auf das Paket und gib es in deinem n\u00e4chsten Paketshop ab.<\/li>\n<li>Sende die leeren Zylinder sp\u00e4testens 14 Tage nach Erhalt der neuen Tauschzylinder zur\u00fcck.<\/li>\n<\/ol>\n<p>Zur Sicherheit reservieren wir einen Pfandbetrag auf deiner Zahlungsmethode, falls die leeren Zylinder nicht zur\u00fcckgeschickt werden.<\/p>\n<hr \/>\n<p><strong>Preis<br \/>\n<\/strong>Tauschpaket 3 x CO2-Zylinder: EUR 36,00<br \/>\nVersand: Wird im Checkout berechnet<br \/>\nRetourenlabel: Kostenlos<br \/>\n<strong>Gesamt:<\/strong> EUR 36,00<br \/>\n(Pfandbetrag: EUR 39,00)<\/p>","protected":false},"featured_media":24203,"template":"","meta":[],"product_brand":[],"product_cat":[157],"product_tag":[],"woo-feed-brand":[],"class_list":{"0":"post-18582","1":"product","2":"type-product","3":"status-publish","4":"has-post-thumbnail","6":"product_cat-ombytning-kulsyrepatron","8":"first","9":"instock","10":"taxable","11":"shipping-taxable","12":"purchasable","13":"product-type-simple"},"_links":{"self":[{"href":"https:\/\/bubliq.com\/de\/wp-json\/wp\/v2\/product\/18582","targetHints":{"allow":["GET"]}}],"collection":[{"href":"https:\/\/bubliq.com\/de\/wp-json\/wp\/v2\/product"}],"about":[{"href":"https:\/\/bubliq.com\/de\/wp-json\/wp\/v2\/types\/product"}],"version-history":[{"count":148,"href":"https:\/\/bubliq.com\/de\/wp-json\/wp\/v2\/product\/18582\/revisions"}],"predecessor-version":[{"id":26168,"href":"https:\/\/bubliq.com\/de\/wp-json\/wp\/v2\/product\/18582\/revisions\/26168"}],"wp:featuredmedia":[{"embeddable":true,"href":"https:\/\/bubliq.com\/de\/wp-json\/wp\/v2\/media\/24203"}],"wp:attachment":[{"href":"https:\/\/bubliq.com\/de\/wp-json\/wp\/v2\/media?parent=18582"}],"wp:term":[{"taxonomy":"product_brand","embeddable":true,"href":"https:\/\/bubliq.com\/de\/wp-json\/wp\/v2\/product_brand?post=18582"},{"taxonomy":"product_cat","embeddable":true,"href":"https:\/\/bubliq.com\/de\/wp-json\/wp\/v2\/product_cat?post=18582"},{"taxonomy":"product_tag","embeddable":true,"href":"https:\/\/bubliq.com\/de\/wp-json\/wp\/v2\/product_tag?post=18582"},{"taxonomy":"woo-feed-brand","embeddable":true,"href":"https:\/\/bubliq.com\/de\/wp-json\/wp\/v2\/woo-feed-brand?post=18582"}],"curies":[{"name":"wp","href":"https:\/\/api.w.org\/{rel}","templated":true}]}}