{"id":22122,"date":"2024-10-14T12:54:19","date_gmt":"2024-10-14T10:54:19","guid":{"rendered":"https:\/\/bubliq.com\/?post_type=product&#038;p=22122"},"modified":"2026-02-10T11:03:20","modified_gmt":"2026-02-10T09:03:20","slug":"bubliq-value-pack-beige","status":"publish","type":"product","link":"https:\/\/bubliq.com\/de\/produkt\/bubliq-value-pack-beige\/","title":{"rendered":"bubliq value pack &#8211; Beige"},"content":{"rendered":"<div data-elementor-type=\"product-post\" data-elementor-id=\"22122\" class=\"elementor elementor-22122\" data-elementor-post-type=\"product\">\n\t\t\t\t<div class=\"elementor-element elementor-element-f1e5009 elementor-hidden-desktop elementor-hidden-tablet e-flex e-con-boxed e-con e-parent\" data-id=\"f1e5009\" data-element_type=\"container\" data-e-type=\"container\">\n\t\t\t\t\t<div class=\"e-con-inner\">\n\t\t\t\t<div class=\"elementor-element elementor-element-d7b555d elementor-widget elementor-widget-html\" data-id=\"d7b555d\" data-element_type=\"widget\" data-e-type=\"widget\" data-widget_type=\"html.default\">\n\t\t\t\t<div class=\"elementor-widget-container\">\n\t\t\t\t\t<div class=\"wistia_responsive_padding\" style=\"padding:125.0% 0 0 0;position:relative;\"><div class=\"wistia_responsive_wrapper\" style=\"height:100%;left:0;position:absolute;top:0;width:100%;\"><iframe src=\"https:\/\/fast.wistia.net\/embed\/iframe\/ys5a1eqfqz?seo=false&videoFoam=true\" title=\"Louisehjort-bubliq-video 4-5 ratio\" allow=\"autoplay; fullscreen\" allowtransparency=\"true\" frameborder=\"0\" scrolling=\"no\" class=\"wistia_embed\" name=\"wistia_embed\" msallowfullscreen width=\"100%\" height=\"100%\"><\/iframe><\/div><\/div>\n<script src=\"https:\/\/fast.wistia.net\/assets\/external\/E-v1.js\" async><\/script>\t\t\t\t<\/div>\n\t\t\t\t<\/div>\n\t\t\t\t\t<\/div>\n\t\t\t\t<\/div>\n\t\t<div class=\"elementor-element elementor-element-0c6a035 e-con-full e-flex e-con e-child\" data-id=\"0c6a035\" data-element_type=\"container\" data-e-type=\"container\">\n\t\t<div class=\"elementor-element elementor-element-d147e27 e-con-full e-flex e-con e-child\" data-id=\"d147e27\" data-element_type=\"container\" data-e-type=\"container\">\n\t\t\t\t<div class=\"elementor-element elementor-element-38435e2 elementor-widget elementor-widget-n-accordion\" data-id=\"38435e2\" data-element_type=\"widget\" data-e-type=\"widget\" data-settings=\"{&quot;default_state&quot;:&quot;expanded&quot;,&quot;max_items_expended&quot;:&quot;one&quot;,&quot;n_accordion_animation_duration&quot;:{&quot;unit&quot;:&quot;ms&quot;,&quot;size&quot;:400,&quot;sizes&quot;:[]}}\" data-widget_type=\"nested-accordion.default\">\n\t\t\t\t<div class=\"elementor-widget-container\">\n\t\t\t\t\t\t\t<div class=\"e-n-accordion\" aria-label=\"Accordion. Open links with Enter or Space, close with Escape, and navigate with Arrow Keys\">\n\t\t\t\t\t\t<details id=\"e-n-accordion-item-5890\" class=\"e-n-accordion-item\" open>\n\t\t\t\t<summary class=\"e-n-accordion-item-title\" data-accordion-index=\"1\" tabindex=\"0\" aria-expanded=\"true\" aria-controls=\"e-n-accordion-item-5890\" >\n\t\t\t\t\t<span class='e-n-accordion-item-title-header'><div class=\"e-n-accordion-item-title-text\"> Produktbeschreibung <\/div><\/span>\n\t\t\t\t\t\t\t<span class='e-n-accordion-item-title-icon'>\n\t\t\t<span class='e-opened' ><i aria-hidden=\"true\" class=\"fas fa-minus\"><\/i><\/span>\n\t\t\t<span class='e-closed'><i aria-hidden=\"true\" class=\"fas fa-plus\"><\/i><\/span>\n\t\t<\/span>\n\n\t\t\t\t\t\t<\/summary>\n\t\t\t\t<div role=\"region\" aria-labelledby=\"e-n-accordion-item-5890\" class=\"elementor-element elementor-element-9d77162 e-con-full e-flex e-con e-child\" data-id=\"9d77162\" data-element_type=\"container\" data-e-type=\"container\">\n\t\t\t\t<div class=\"elementor-element elementor-element-8d9ff7f elementor-widget elementor-widget-text-editor\" data-id=\"8d9ff7f\" data-element_type=\"widget\" data-e-type=\"widget\" data-widget_type=\"text-editor.default\">\n\t\t\t\t<div class=\"elementor-widget-container\">\n\t\t\t\t\t\t\t\t\t<h6><strong>Minimalistisches Aussehen<\/strong><\/h6><p>Der bubliq Wassersprudler passt mit seinem minimalistischen Design gut in jede K\u00fcche. bubliq ist mit einer Breite von 8 Zentimetern der d\u00fcnnste Wassersprudler der Welt! Er nimmt nur wenig Platz auf der K\u00fcchentheke ein und die Flasche schm\u00fcckt jeden Tisch mit ihrem eleganten und d\u00fcnnen Aussehen.\u00a0<\/p><h6><strong>Innovative Technologie<\/strong><\/h6><p>Mit der patentierten Air-Charge\u2122-Technologie von bubliq war es noch so leicht, Getr\u00e4nke mit Kohlens\u00e4ure zu genie\u00dfen. Schraube den Deckel mit Gasd\u00fcse auf die Flasche, stelle die Flasche in den Wassersprudler und dr\u00fccke ein paar Male obendrauf, um Kohlens\u00e4ure hinzuf\u00fcgen. Mit der Air-Charge\u2122-Technologie setzt bubliq einen neuen Standard im Verh\u00e4ltnis zu anderen Wassersprudlern. Alte Wassersprudler mit sperrigen Flaschen geh\u00f6ren der Geschichte an.\u00a0<\/p><h6><strong>Kohlens\u00e4ure zu jedem Getr\u00e4nk hinzuf\u00fcgen<\/strong><\/h6><p class=\"translation-block\">bubliq ist mehr als nur ein Wassersprudler. Versuche z.B. aus Wei\u00dfwein einen leckeren Perlwein zu machen, fruchtigen Limonade mit mildem Sprudel zu trinken oder sogar ein prickelndes Minzsprudelwasser herzustellen. Mit dem bubliq Wassersprudler kannst du zu allen Getr\u00e4nke Kohlens\u00e4ure hinzuf\u00fcgen \u2013 auch zu Getr\u00e4nken mit frischen Fr\u00fcchten oder Gem\u00fcse. Wusstest du, dass Fr\u00fcchte und Gem\u00fcse dem Wasser mehr Geschmack geben, wenn es mit Kohlens\u00e4ure versetzt wird? Probiere es mit ein paar frischen Zitronenscheiben direkt selbst aus.<\/p>\t\t\t\t\t\t\t\t<\/div>\n\t\t\t\t<\/div>\n\t\t\t\t<\/div>\n\t\t\t\t\t<\/details>\n\t\t\t\t\t\t<details id=\"e-n-accordion-item-5891\" class=\"e-n-accordion-item\" >\n\t\t\t\t<summary class=\"e-n-accordion-item-title\" data-accordion-index=\"2\" tabindex=\"-1\" aria-expanded=\"false\" aria-controls=\"e-n-accordion-item-5891\" >\n\t\t\t\t\t<span class='e-n-accordion-item-title-header'><div class=\"e-n-accordion-item-title-text\"> Ma\u00dfe &amp; Materialien <\/div><\/span>\n\t\t\t\t\t\t\t<span class='e-n-accordion-item-title-icon'>\n\t\t\t<span class='e-opened' ><i aria-hidden=\"true\" class=\"fas fa-minus\"><\/i><\/span>\n\t\t\t<span class='e-closed'><i aria-hidden=\"true\" class=\"fas fa-plus\"><\/i><\/span>\n\t\t<\/span>\n\n\t\t\t\t\t\t<\/summary>\n\t\t\t\t<div role=\"region\" aria-labelledby=\"e-n-accordion-item-5891\" class=\"elementor-element elementor-element-1cf9cdd e-con-full e-flex e-con e-child\" data-id=\"1cf9cdd\" data-element_type=\"container\" data-e-type=\"container\">\n\t\t\t\t<div class=\"elementor-element elementor-element-1059af6 elementor-widget elementor-widget-text-editor\" data-id=\"1059af6\" data-element_type=\"widget\" data-e-type=\"widget\" data-widget_type=\"text-editor.default\">\n\t\t\t\t<div class=\"elementor-widget-container\">\n\t\t\t\t\t\t\t\t\t<p><strong>bubliq Wassersprudler<br \/><\/strong>Material: ABS<strong><br \/><\/strong>Ma\u00dfe: 42,5 x 8 x 16,5 cm (H\u00f6he x Breite x Tiefe)<br \/>Gewicht: 0,8 kg (ohne CO2-Zylinder)<\/p><p><strong>bubliq Flasche<br \/><\/strong>Material: PET, 100% BPA-frei<strong><br \/><\/strong>Ma\u00dfe: 37,2 x 6,8 cm (H\u00f6he x Durchmesser)<\/p>\t\t\t\t\t\t\t\t<\/div>\n\t\t\t\t<\/div>\n\t\t\t\t<\/div>\n\t\t\t\t\t<\/details>\n\t\t\t\t\t\t<details id=\"e-n-accordion-item-5892\" class=\"e-n-accordion-item\" >\n\t\t\t\t<summary class=\"e-n-accordion-item-title\" data-accordion-index=\"3\" tabindex=\"-1\" aria-expanded=\"false\" aria-controls=\"e-n-accordion-item-5892\" >\n\t\t\t\t\t<span class='e-n-accordion-item-title-header'><div class=\"e-n-accordion-item-title-text\"> Kompatibilit\u00e4t von CO2-Zylindern <\/div><\/span>\n\t\t\t\t\t\t\t<span class='e-n-accordion-item-title-icon'>\n\t\t\t<span class='e-opened' ><i aria-hidden=\"true\" class=\"fas fa-minus\"><\/i><\/span>\n\t\t\t<span class='e-closed'><i aria-hidden=\"true\" class=\"fas fa-plus\"><\/i><\/span>\n\t\t<\/span>\n\n\t\t\t\t\t\t<\/summary>\n\t\t\t\t<div role=\"region\" aria-labelledby=\"e-n-accordion-item-5892\" class=\"elementor-element elementor-element-2023605 e-con-full e-flex e-con e-child\" data-id=\"2023605\" data-element_type=\"container\" data-e-type=\"container\">\n\t\t\t\t<div class=\"elementor-element elementor-element-44f1d20 elementor-widget elementor-widget-text-editor\" data-id=\"44f1d20\" data-element_type=\"widget\" data-e-type=\"widget\" data-widget_type=\"text-editor.default\">\n\t\t\t\t<div class=\"elementor-widget-container\">\n\t\t\t\t\t\t\t\t\t<p>Der bubliq Wassersprudler ist kompatibel mit allen 425-450 g CO2-Zylindern z.B. von AGA, Grohe und SodaStream (au\u00dfer SodaStream Quick Connect).\u00a0<\/p>\t\t\t\t\t\t\t\t<\/div>\n\t\t\t\t<\/div>\n\t\t\t\t<\/div>\n\t\t\t\t\t<\/details>\n\t\t\t\t\t\t<details id=\"e-n-accordion-item-5893\" class=\"e-n-accordion-item\" >\n\t\t\t\t<summary class=\"e-n-accordion-item-title\" data-accordion-index=\"4\" tabindex=\"-1\" aria-expanded=\"false\" aria-controls=\"e-n-accordion-item-5893\" >\n\t\t\t\t\t<span class='e-n-accordion-item-title-header'><div class=\"e-n-accordion-item-title-text\"> CO2-Zylinder Austausch <\/div><\/span>\n\t\t\t\t\t\t\t<span class='e-n-accordion-item-title-icon'>\n\t\t\t<span class='e-opened' ><i aria-hidden=\"true\" class=\"fas fa-minus\"><\/i><\/span>\n\t\t\t<span class='e-closed'><i aria-hidden=\"true\" class=\"fas fa-plus\"><\/i><\/span>\n\t\t<\/span>\n\n\t\t\t\t\t\t<\/summary>\n\t\t\t\t<div role=\"region\" aria-labelledby=\"e-n-accordion-item-5893\" class=\"elementor-element elementor-element-01f0d87 e-flex e-con-boxed e-con e-child\" data-id=\"01f0d87\" data-element_type=\"container\" data-e-type=\"container\">\n\t\t\t\t\t<div class=\"e-con-inner\">\n\t\t\t\t<div class=\"elementor-element elementor-element-762a14a elementor-widget elementor-widget-text-editor\" data-id=\"762a14a\" data-element_type=\"widget\" data-e-type=\"widget\" data-widget_type=\"text-editor.default\">\n\t\t\t\t<div class=\"elementor-widget-container\">\n\t\t\t\t\t\t\t\t\t<p class=\"translation-block\"><b>Austausch gegen andere Marken<\/b><br>\nDer Austausch von den CO2-Zylindern ist einfach, da die meisten CO2-Zylinder f\u00fcr Wassersprudler einem globalen, universellen Standard folgen. Du kannst deinen Zylinder problemlos gegen jede andere Marke austauschen, solange diese ein Ventil mit Schraubgewinde hat. Dadurch wird die Kompatibilit\u00e4t mit deinem bubliq Wassersprudler gew\u00e4hrleistet.<\/p>\t\t\t\t\t\t\t\t<\/div>\n\t\t\t\t<\/div>\n\t\t\t\t\t<\/div>\n\t\t\t\t<\/div>\n\t\t\t\t\t<\/details>\n\t\t\t\t\t\t<details id=\"e-n-accordion-item-5894\" class=\"e-n-accordion-item\" >\n\t\t\t\t<summary class=\"e-n-accordion-item-title\" data-accordion-index=\"5\" tabindex=\"-1\" aria-expanded=\"false\" aria-controls=\"e-n-accordion-item-5894\" >\n\t\t\t\t\t<span class='e-n-accordion-item-title-header'><div class=\"e-n-accordion-item-title-text\"> Reinigung und Pflege <\/div><\/span>\n\t\t\t\t\t\t\t<span class='e-n-accordion-item-title-icon'>\n\t\t\t<span class='e-opened' ><i aria-hidden=\"true\" class=\"fas fa-minus\"><\/i><\/span>\n\t\t\t<span class='e-closed'><i aria-hidden=\"true\" class=\"fas fa-plus\"><\/i><\/span>\n\t\t<\/span>\n\n\t\t\t\t\t\t<\/summary>\n\t\t\t\t<div role=\"region\" aria-labelledby=\"e-n-accordion-item-5894\" class=\"elementor-element elementor-element-f45487f e-flex e-con-boxed e-con e-child\" data-id=\"f45487f\" data-element_type=\"container\" data-e-type=\"container\">\n\t\t\t\t\t<div class=\"e-con-inner\">\n\t\t\t\t<div class=\"elementor-element elementor-element-51118d4 elementor-widget elementor-widget-text-editor\" data-id=\"51118d4\" data-element_type=\"widget\" data-e-type=\"widget\" data-widget_type=\"text-editor.default\">\n\t\t\t\t<div class=\"elementor-widget-container\">\n\t\t\t\t\t\t\t\t\t<p style=\"text-align: left;\"><strong>bubliq Wassersprudler<\/strong><br \/>Reinige den Trinkwassersprudler mit einem feuchten Tuch und einem milden Reinigungsmittel. Vermeide aggressive Reinigungsmittel, da diese die Oberfl\u00e4che besch\u00e4digen k\u00f6nnen.<br \/><strong><br \/>PET-Flasche<br \/><\/strong>Reinige die Flasche von Hand mit einem milden Reinigungsmittel. Vermeide es, die Flasche Temperaturen von unter 4 \u00b0C und \u00fcber 40 \u00b0C auszusetzen. Die Flasche ist <strong>nicht<\/strong> sp\u00fclmaschinenfest.<\/p><p><strong>Deckel mit Gasd\u00fcse<\/strong><br \/>Die Gasd\u00fcse ist im Deckel montiert und kann daher leicht gereinigt werden. Wenn du die Gasd\u00fcse regelm\u00e4\u00dfig reinigst, stellst du sicher, dass die Hygiene immer optimal bleibt. Beim Sprudeln von anderen Fl\u00fcssigkeiten als Wasser sollte der Deckel mit Gasd\u00fcse nach jeder Benutzung gereinigt werden, damit Zucker und andere Zusatzstoffe die D\u00fcse nicht verstopfen. Die Gasd\u00fcse wird am besten mit warmem Wasser und einem milden Reinigungsmittel gereinigt. Die Teile sind <strong>nicht<\/strong> sp\u00fclmaschinenfest.<\/p>\t\t\t\t\t\t\t\t<\/div>\n\t\t\t\t<\/div>\n\t\t\t\t\t<\/div>\n\t\t\t\t<\/div>\n\t\t\t\t\t<\/details>\n\t\t\t\t\t\t<details id=\"e-n-accordion-item-5895\" class=\"e-n-accordion-item\" >\n\t\t\t\t<summary class=\"e-n-accordion-item-title\" data-accordion-index=\"6\" tabindex=\"-1\" aria-expanded=\"false\" aria-controls=\"e-n-accordion-item-5895\" >\n\t\t\t\t\t<span class='e-n-accordion-item-title-header'><div class=\"e-n-accordion-item-title-text\"> Ersatzteile <\/div><\/span>\n\t\t\t\t\t\t\t<span class='e-n-accordion-item-title-icon'>\n\t\t\t<span class='e-opened' ><i aria-hidden=\"true\" class=\"fas fa-minus\"><\/i><\/span>\n\t\t\t<span class='e-closed'><i aria-hidden=\"true\" class=\"fas fa-plus\"><\/i><\/span>\n\t\t<\/span>\n\n\t\t\t\t\t\t<\/summary>\n\t\t\t\t<div role=\"region\" aria-labelledby=\"e-n-accordion-item-5895\" class=\"elementor-element elementor-element-5ab35a3 e-flex e-con-boxed e-con e-child\" data-id=\"5ab35a3\" data-element_type=\"container\" data-e-type=\"container\">\n\t\t\t\t\t<div class=\"e-con-inner\">\n\t\t\t\t<div class=\"elementor-element elementor-element-ad080bd elementor-widget elementor-widget-text-editor\" data-id=\"ad080bd\" data-element_type=\"widget\" data-e-type=\"widget\" data-widget_type=\"text-editor.default\">\n\t\t\t\t<div class=\"elementor-widget-container\">\n\t\t\t\t\t\t\t\t\t<p>Ben\u00f6tigst du einen zus\u00e4tzlichen Deckel mit Gasd\u00fcse f\u00fcr deinen bubliq Wassersprudler?<\/p><p><a href=\"https:\/\/bubliq.com\/de\/produkt\/infuser-cap\/\">Einen extra Deckel mit Gasd\u00fcse findest du hier.<\/a><\/p>\t\t\t\t\t\t\t\t<\/div>\n\t\t\t\t<\/div>\n\t\t\t\t\t<\/div>\n\t\t\t\t<\/div>\n\t\t\t\t\t<\/details>\n\t\t\t\t\t\t<details id=\"e-n-accordion-item-5896\" class=\"e-n-accordion-item\" >\n\t\t\t\t<summary class=\"e-n-accordion-item-title\" data-accordion-index=\"7\" tabindex=\"-1\" aria-expanded=\"false\" aria-controls=\"e-n-accordion-item-5896\" >\n\t\t\t\t\t<span class='e-n-accordion-item-title-header'><div class=\"e-n-accordion-item-title-text\"> Bedienungsanleitung <\/div><\/span>\n\t\t\t\t\t\t\t<span class='e-n-accordion-item-title-icon'>\n\t\t\t<span class='e-opened' ><i aria-hidden=\"true\" class=\"fas fa-minus\"><\/i><\/span>\n\t\t\t<span class='e-closed'><i aria-hidden=\"true\" class=\"fas fa-plus\"><\/i><\/span>\n\t\t<\/span>\n\n\t\t\t\t\t\t<\/summary>\n\t\t\t\t<div role=\"region\" aria-labelledby=\"e-n-accordion-item-5896\" class=\"elementor-element elementor-element-b6262b5 e-flex e-con-boxed e-con e-child\" data-id=\"b6262b5\" data-element_type=\"container\" data-e-type=\"container\">\n\t\t\t\t\t<div class=\"e-con-inner\">\n\t\t\t\t<div class=\"elementor-element elementor-element-f061cba elementor-widget elementor-widget-text-editor\" data-id=\"f061cba\" data-element_type=\"widget\" data-e-type=\"widget\" data-widget_type=\"text-editor.default\">\n\t\t\t\t<div class=\"elementor-widget-container\">\n\t\t\t\t\t\t\t\t\t<p>Die Bedienungsanleitung f\u00fcr den bubliq Wassersprudler findest du <a href=\"https:\/\/bubliq.com\/wp-content\/uploads\/2025\/07\/User-Manual-bubliq-drink-carbonator-2025-Web.pdf\" target=\"_blank\" rel=\"noopener\">hier.<\/a><\/p>\t\t\t\t\t\t\t\t<\/div>\n\t\t\t\t<\/div>\n\t\t\t\t\t<\/div>\n\t\t\t\t<\/div>\n\t\t\t\t\t<\/details>\n\t\t\t\t\t<\/div>\n\t\t\t\t\t\t<\/div>\n\t\t\t\t<\/div>\n\t\t\t\t<\/div>\n\t\t\t\t<\/div>\n\t\t\t\t<\/div>","protected":false},"excerpt":{"rendered":"<p><strong>Das perfekte Einsteigerset<\/strong><br \/>\nDas bubliq value pack ist das perfekte Einsteigerset f\u00fcr alle, die sprudelnde Getr\u00e4nke lieben! Mit deinem bubliq Wassersprudler kannst du Kohlens\u00e4ure zu allen Getr\u00e4nken hinzuf\u00fcgen. Mische die k\u00f6stliche italienische Sorrento Limonade oder den fruchtigen Blutorangensirup direkt in der bubliq Flasche mit frischen Scheiben deiner Lieblingszitrusfrucht. Dr\u00fccken, sprudeln und voil\u00e0! Deine prickelnde Erfrischung ist fertig. Bewahre die zus\u00e4tzliche Flasche im K\u00fchlschrank auf, um das kalte Wasser mit Kohlens\u00e4ure zu versetzen, wenn du eine Abk\u00fchlung ben\u00f6tigst.<\/p>","protected":false},"featured_media":23694,"template":"","meta":[],"product_brand":[],"product_cat":[31],"product_tag":[164],"woo-feed-brand":[],"class_list":{"0":"post-22122","1":"product","2":"type-product","3":"status-publish","4":"has-post-thumbnail","6":"product_cat-sodavandsmaskiner","7":"product_tag-value-pack-beige","9":"first","10":"instock","11":"sale","12":"taxable","13":"shipping-taxable","14":"purchasable","15":"product-type-simple"},"_links":{"self":[{"href":"https:\/\/bubliq.com\/de\/wp-json\/wp\/v2\/product\/22122","targetHints":{"allow":["GET"]}}],"collection":[{"href":"https:\/\/bubliq.com\/de\/wp-json\/wp\/v2\/product"}],"about":[{"href":"https:\/\/bubliq.com\/de\/wp-json\/wp\/v2\/types\/product"}],"version-history":[{"count":6,"href":"https:\/\/bubliq.com\/de\/wp-json\/wp\/v2\/product\/22122\/revisions"}],"predecessor-version":[{"id":24595,"href":"https:\/\/bubliq.com\/de\/wp-json\/wp\/v2\/product\/22122\/revisions\/24595"}],"wp:featuredmedia":[{"embeddable":true,"href":"https:\/\/bubliq.com\/de\/wp-json\/wp\/v2\/media\/23694"}],"wp:attachment":[{"href":"https:\/\/bubliq.com\/de\/wp-json\/wp\/v2\/media?parent=22122"}],"wp:term":[{"taxonomy":"product_brand","embeddable":true,"href":"https:\/\/bubliq.com\/de\/wp-json\/wp\/v2\/product_brand?post=22122"},{"taxonomy":"product_cat","embeddable":true,"href":"https:\/\/bubliq.com\/de\/wp-json\/wp\/v2\/product_cat?post=22122"},{"taxonomy":"product_tag","embeddable":true,"href":"https:\/\/bubliq.com\/de\/wp-json\/wp\/v2\/product_tag?post=22122"},{"taxonomy":"woo-feed-brand","embeddable":true,"href":"https:\/\/bubliq.com\/de\/wp-json\/wp\/v2\/woo-feed-brand?post=22122"}],"curies":[{"name":"wp","href":"https:\/\/api.w.org\/{rel}","templated":true}]}}