{"id":23080,"date":"2025-03-14T12:39:16","date_gmt":"2025-03-14T10:39:16","guid":{"rendered":"https:\/\/bubliq.com\/?post_type=product&#038;p=23080"},"modified":"2026-04-16T08:15:25","modified_gmt":"2026-04-16T06:15:25","slug":"bubliq-danskvandsmaskine-glasflaske-staal","status":"publish","type":"product","link":"https:\/\/bubliq.com\/de\/produkt\/bubliq-wassersprudler-mit-glasflasche-edelstahl\/","title":{"rendered":"bubliq glass carbonator \u2013 Edelstahl"},"content":{"rendered":"<div data-elementor-type=\"product-post\" data-elementor-id=\"23080\" class=\"elementor elementor-23080\" data-elementor-post-type=\"product\">\n\t\t\t\t<div class=\"elementor-element elementor-element-69ec0cb e-con-full e-flex e-con e-child\" data-id=\"69ec0cb\" data-element_type=\"container\" data-e-type=\"container\" data-settings=\"{&quot;background_background&quot;:&quot;classic&quot;}\">\n\t\t<div class=\"elementor-element elementor-element-7d1db13 e-con-full e-flex e-con e-child\" data-id=\"7d1db13\" data-element_type=\"container\" data-e-type=\"container\">\n\t\t\t\t<div class=\"elementor-element elementor-element-4ca4e16 elementor-widget elementor-widget-n-accordion\" data-id=\"4ca4e16\" data-element_type=\"widget\" data-e-type=\"widget\" data-settings=\"{&quot;default_state&quot;:&quot;expanded&quot;,&quot;max_items_expended&quot;:&quot;one&quot;,&quot;n_accordion_animation_duration&quot;:{&quot;unit&quot;:&quot;ms&quot;,&quot;size&quot;:400,&quot;sizes&quot;:[]}}\" data-widget_type=\"nested-accordion.default\">\n\t\t\t\t<div class=\"elementor-widget-container\">\n\t\t\t\t\t\t\t<div class=\"e-n-accordion\" aria-label=\"Accordion. Open links with Enter or Space, close with Escape, and navigate with Arrow Keys\">\n\t\t\t\t\t\t<details id=\"e-n-accordion-item-8030\" class=\"e-n-accordion-item\" open>\n\t\t\t\t<summary class=\"e-n-accordion-item-title\" data-accordion-index=\"1\" tabindex=\"0\" aria-expanded=\"true\" aria-controls=\"e-n-accordion-item-8030\" >\n\t\t\t\t\t<span class='e-n-accordion-item-title-header'><div class=\"e-n-accordion-item-title-text\"> Produktbeschreibung <\/div><\/span>\n\t\t\t\t\t\t\t<span class='e-n-accordion-item-title-icon'>\n\t\t\t<span class='e-opened' ><i aria-hidden=\"true\" class=\"fas fa-minus\"><\/i><\/span>\n\t\t\t<span class='e-closed'><i aria-hidden=\"true\" class=\"fas fa-plus\"><\/i><\/span>\n\t\t<\/span>\n\n\t\t\t\t\t\t<\/summary>\n\t\t\t\t<div role=\"region\" aria-labelledby=\"e-n-accordion-item-8030\" class=\"elementor-element elementor-element-5a75563 e-con-full e-flex e-con e-child\" data-id=\"5a75563\" data-element_type=\"container\" data-e-type=\"container\">\n\t\t\t\t<div class=\"elementor-element elementor-element-396df74 elementor-widget elementor-widget-text-editor\" data-id=\"396df74\" data-element_type=\"widget\" data-e-type=\"widget\" data-widget_type=\"text-editor.default\">\n\t\t\t\t<div class=\"elementor-widget-container\">\n\t\t\t\t\t\t\t\t\t<h2 style=\"font-size: 16px;\"><strong>Elegantes, zeitloses Design<\/strong><\/h2><p style=\"font-weight: 400;\">Der bubliq glass carbonator vereint Design und Funktionalit\u00e4t in einem eleganten Wassersprudler mit Glasflasche. Mit seinem nahtlosen Edelstahlgeh\u00e4use, frei von sichtbaren Schrauben oder Verbindungsstellen, hat er ein modernes und minimalistisches Erscheinungsbild, welches jeder K\u00fcchenzeile das gewisse Etwas verleiht. Die edle Glasflasche mit dezenten Rillen rundet das Design stilvoll ab und f\u00fcgt jedem Tischgedeck eine raffinierte Note hinzu.<\/p><h2 style=\"font-size: 16px;\"><strong>Gefertigt f\u00fcr langlebige Qualit\u00e4t<\/strong><\/h2><p style=\"font-weight: 400;\">Mit einem soliden ABS-Kern und einer nahtlosen Au\u00dfenseite aus 100% rostfreiem Edelstahl ist der bubliq glass carbonator nicht nur ein eleganter Wassersprudler, er ist konstruiert, um den Alltag zu meistern \u2013 heute und f\u00fcr viele zuk\u00fcnftige Jahre. Die sorgf\u00e4ltig ausgew\u00e4hlten Materialien vermitteln ein Gef\u00fchl von Qualit\u00e4t und Handwerkskunst, das in jedem Detail sichtbar und sp\u00fcrbar ist.<\/p><p>Die Glaswasserflasche ist aus reinem Glas gegossen und wird bei korrekter Pflege ihre Oberfl\u00e4che und St\u00e4rke auch nach vielen Jahren der Nutzung bewahren.<br \/><br \/><\/p><h2 style=\"font-size: 16px;\"><strong>Einfache Bedienung<\/strong><\/h2><p style=\"font-weight: 400;\">Vergiss umst\u00e4ndliches Hantieren mit aufwendigem Einschrauben. Dank der innovativen Turnlock\u2122-Mechanik gen\u00fcgt eine einfache Vierteldrehung (45\u00b0), um die Glasflasche m\u00fchelos mit nur einer Hand einzusetzen und zu fixieren.<\/p><p style=\"font-weight: 400;\">Sprudelknopf liegt dabei angenehm in der Hand. Mit wenigen leichten Druckbewegungen verwandelt sich Leitungswasser in erfrischendes Sprudelwasser \u2013 ganz ohne Kraftaufwand. Ein dezentes Zischen verr\u00e4t: Fertig zum Genie\u00dfen.<\/p>\t\t\t\t\t\t\t\t<\/div>\n\t\t\t\t<\/div>\n\t\t\t\t<\/div>\n\t\t\t\t\t<\/details>\n\t\t\t\t\t\t<details id=\"e-n-accordion-item-8031\" class=\"e-n-accordion-item\" >\n\t\t\t\t<summary class=\"e-n-accordion-item-title\" data-accordion-index=\"2\" tabindex=\"-1\" aria-expanded=\"false\" aria-controls=\"e-n-accordion-item-8031\" >\n\t\t\t\t\t<span class='e-n-accordion-item-title-header'><div class=\"e-n-accordion-item-title-text\"> Ma\u00dfe &amp; Materialien <\/div><\/span>\n\t\t\t\t\t\t\t<span class='e-n-accordion-item-title-icon'>\n\t\t\t<span class='e-opened' ><i aria-hidden=\"true\" class=\"fas fa-minus\"><\/i><\/span>\n\t\t\t<span class='e-closed'><i aria-hidden=\"true\" class=\"fas fa-plus\"><\/i><\/span>\n\t\t<\/span>\n\n\t\t\t\t\t\t<\/summary>\n\t\t\t\t<div role=\"region\" aria-labelledby=\"e-n-accordion-item-8031\" class=\"elementor-element elementor-element-ff01274 e-con-full e-flex e-con e-child\" data-id=\"ff01274\" data-element_type=\"container\" data-e-type=\"container\">\n\t\t\t\t<div class=\"elementor-element elementor-element-ff85e38 elementor-widget elementor-widget-text-editor\" data-id=\"ff85e38\" data-element_type=\"widget\" data-e-type=\"widget\" data-widget_type=\"text-editor.default\">\n\t\t\t\t<div class=\"elementor-widget-container\">\n\t\t\t\t\t\t\t\t\t<p><strong>Trinkwassersprudler<br \/><\/strong>Au\u00dfenmaterial: Rostfreier Edelstahl<br \/>Innenmaterial: ABS<br \/>Gasd\u00fcse: Rostfreier Edelstahl<br \/><br \/>Ma\u00dfe: 42,6 x 15,2 x 27,5 cm (H\u00f6he x Breite x Tiefe)<br \/>Gewicht ohne CO\u2082-Zylinder: 2,8 kg<\/p><p><strong>Glasflasche<br \/><\/strong>Material: Glas<br \/>Volumen: 1 l (0,65 l bis zur F\u00fclllinie)<br \/>Ma\u00dfe: 27,5 x 7,8 cm (H\u00f6he x Durchmesser)<\/p>\t\t\t\t\t\t\t\t<\/div>\n\t\t\t\t<\/div>\n\t\t\t\t<\/div>\n\t\t\t\t\t<\/details>\n\t\t\t\t\t\t<details id=\"e-n-accordion-item-8032\" class=\"e-n-accordion-item\" >\n\t\t\t\t<summary class=\"e-n-accordion-item-title\" data-accordion-index=\"3\" tabindex=\"-1\" aria-expanded=\"false\" aria-controls=\"e-n-accordion-item-8032\" >\n\t\t\t\t\t<span class='e-n-accordion-item-title-header'><div class=\"e-n-accordion-item-title-text\"> Kompatibilit\u00e4t von CO2-Zylindern <\/div><\/span>\n\t\t\t\t\t\t\t<span class='e-n-accordion-item-title-icon'>\n\t\t\t<span class='e-opened' ><i aria-hidden=\"true\" class=\"fas fa-minus\"><\/i><\/span>\n\t\t\t<span class='e-closed'><i aria-hidden=\"true\" class=\"fas fa-plus\"><\/i><\/span>\n\t\t<\/span>\n\n\t\t\t\t\t\t<\/summary>\n\t\t\t\t<div role=\"region\" aria-labelledby=\"e-n-accordion-item-8032\" class=\"elementor-element elementor-element-369e28f e-con-full e-flex e-con e-child\" data-id=\"369e28f\" data-element_type=\"container\" data-e-type=\"container\">\n\t\t\t\t<div class=\"elementor-element elementor-element-63cf9a9 elementor-widget elementor-widget-text-editor\" data-id=\"63cf9a9\" data-element_type=\"widget\" data-e-type=\"widget\" data-widget_type=\"text-editor.default\">\n\t\t\t\t<div class=\"elementor-widget-container\">\n\t\t\t\t\t\t\t\t\t<p>Der bubliq glass carbonator ist mit fast allen handels\u00fcblichen 425-450 g CO2- Zylindern mit Schraubgewinde* von Marken wie bubliq, Sodab\u00e4r, und SodaStream kompatibel (au\u00dfer SodaStream CO\u2082-Zylinder mit Quick Connect).\u00a0\u00a0<\/p><p class=\"translation-block\">*CO2-Zylinder mit den folgenden Ventilen sind nicht mit dem bubliq glass carbonator kompatibel:<\/p>\t\t\t\t\t\t\t\t<\/div>\n\t\t\t\t<\/div>\n\t\t\t\t<div class=\"elementor-element elementor-element-b58e8ea elementor-widget elementor-widget-image\" data-id=\"b58e8ea\" data-element_type=\"widget\" data-e-type=\"widget\" data-widget_type=\"image.default\">\n\t\t\t\t<div class=\"elementor-widget-container\">\n\t\t\t\t\t\t\t\t\t\t\t\t\t\t\t<img decoding=\"async\" width=\"300\" height=\"150\" src=\"https:\/\/bubliq.com\/wp-content\/uploads\/2025\/03\/inkompatible-Kulsyrepatron-ventiler-2-300x150.png\" class=\"attachment-medium size-medium wp-image-24822\" alt=\"\" srcset=\"https:\/\/bubliq.com\/wp-content\/uploads\/2025\/03\/inkompatible-Kulsyrepatron-ventiler-2-300x150.png 300w, https:\/\/bubliq.com\/wp-content\/uploads\/2025\/03\/inkompatible-Kulsyrepatron-ventiler-2-768x384.png 768w, https:\/\/bubliq.com\/wp-content\/uploads\/2025\/03\/inkompatible-Kulsyrepatron-ventiler-2-18x9.png 18w, https:\/\/bubliq.com\/wp-content\/uploads\/2025\/03\/inkompatible-Kulsyrepatron-ventiler-2-450x225.png 450w, https:\/\/bubliq.com\/wp-content\/uploads\/2025\/03\/inkompatible-Kulsyrepatron-ventiler-2.png 800w\" sizes=\"(max-width: 300px) 100vw, 300px\" \/>\t\t\t\t\t\t\t\t\t\t\t\t\t\t\t<\/div>\n\t\t\t\t<\/div>\n\t\t\t\t<\/div>\n\t\t\t\t\t<\/details>\n\t\t\t\t\t\t<details id=\"e-n-accordion-item-8033\" class=\"e-n-accordion-item\" >\n\t\t\t\t<summary class=\"e-n-accordion-item-title\" data-accordion-index=\"4\" tabindex=\"-1\" aria-expanded=\"false\" aria-controls=\"e-n-accordion-item-8033\" >\n\t\t\t\t\t<span class='e-n-accordion-item-title-header'><div class=\"e-n-accordion-item-title-text\"> CO2-Zylinder Austausch <\/div><\/span>\n\t\t\t\t\t\t\t<span class='e-n-accordion-item-title-icon'>\n\t\t\t<span class='e-opened' ><i aria-hidden=\"true\" class=\"fas fa-minus\"><\/i><\/span>\n\t\t\t<span class='e-closed'><i aria-hidden=\"true\" class=\"fas fa-plus\"><\/i><\/span>\n\t\t<\/span>\n\n\t\t\t\t\t\t<\/summary>\n\t\t\t\t<div role=\"region\" aria-labelledby=\"e-n-accordion-item-8033\" class=\"elementor-element elementor-element-a8c8cd4 e-flex e-con-boxed e-con e-child\" data-id=\"a8c8cd4\" data-element_type=\"container\" data-e-type=\"container\">\n\t\t\t\t\t<div class=\"e-con-inner\">\n\t\t\t\t<div class=\"elementor-element elementor-element-4b17bb5 elementor-widget elementor-widget-text-editor\" data-id=\"4b17bb5\" data-element_type=\"widget\" data-e-type=\"widget\" data-widget_type=\"text-editor.default\">\n\t\t\t\t<div class=\"elementor-widget-container\">\n\t\t\t\t\t\t\t\t\t<p class=\"translation-block\"><b>Austausch gegen andere Marken<\/b><br>\nDer Austausch von den CO2-Zylindern ist einfach, da die meisten CO2-Zylinder f\u00fcr Wassersprudler einem globalen, universellen Standard folgen. Du kannst deinen Zylinder problemlos gegen jede andere Marke austauschen, solange diese ein Ventil mit Schraubgewinde hat. Dadurch wird die Kompatibilit\u00e4t mit deinem bubliq Wassersprudler gew\u00e4hrleistet.<\/p>\t\t\t\t\t\t\t\t<\/div>\n\t\t\t\t<\/div>\n\t\t\t\t\t<\/div>\n\t\t\t\t<\/div>\n\t\t\t\t\t<\/details>\n\t\t\t\t\t\t<details id=\"e-n-accordion-item-8034\" class=\"e-n-accordion-item\" >\n\t\t\t\t<summary class=\"e-n-accordion-item-title\" data-accordion-index=\"5\" tabindex=\"-1\" aria-expanded=\"false\" aria-controls=\"e-n-accordion-item-8034\" >\n\t\t\t\t\t<span class='e-n-accordion-item-title-header'><div class=\"e-n-accordion-item-title-text\"> Reinigung und Pflege <\/div><\/span>\n\t\t\t\t\t\t\t<span class='e-n-accordion-item-title-icon'>\n\t\t\t<span class='e-opened' ><i aria-hidden=\"true\" class=\"fas fa-minus\"><\/i><\/span>\n\t\t\t<span class='e-closed'><i aria-hidden=\"true\" class=\"fas fa-plus\"><\/i><\/span>\n\t\t<\/span>\n\n\t\t\t\t\t\t<\/summary>\n\t\t\t\t<div role=\"region\" aria-labelledby=\"e-n-accordion-item-8034\" class=\"elementor-element elementor-element-ec31031 e-flex e-con-boxed e-con e-child\" data-id=\"ec31031\" data-element_type=\"container\" data-e-type=\"container\">\n\t\t\t\t\t<div class=\"e-con-inner\">\n\t\t\t\t<div class=\"elementor-element elementor-element-702d924 elementor-widget elementor-widget-text-editor\" data-id=\"702d924\" data-element_type=\"widget\" data-e-type=\"widget\" data-widget_type=\"text-editor.default\">\n\t\t\t\t<div class=\"elementor-widget-container\">\n\t\t\t\t\t\t\t\t\t<p style=\"text-align: left;\"><strong>Trinkwassersprudler<\/strong><br \/>Reinige den Wassersprudler mit einem feuchten Tuch und einem milden Reinigungsmittel. Vermeide aggressive Reinigungsmittel, da diese die Oberfl\u00e4che besch\u00e4digen k\u00f6nnen.\u00a0<br \/><strong><br \/>Glasflasche<br \/><\/strong><\/p><p class=\"p1\">Die Glasflasche ist sp\u00fclmaschinenfest, um die Lebensdauer der Glaswasserflasche zu verl\u00e4ngern und ihr Aussehen zu bewahren, empfehlen wir jedoch die Reinigung von Hand. Wenn du eine Sp\u00fclmaschine nutzt, w\u00e4hle ein Programm mit maximal 55\u202f\u00b0C. Zum Trocknen, stelle die Flasche kopf\u00fcber ohne Deckel in ein Abtropfgitter.\u00a0<\/p>\t\t\t\t\t\t\t\t<\/div>\n\t\t\t\t<\/div>\n\t\t<div role=\"region\" aria-labelledby=\"e-n-accordion-item-8034\" class=\"elementor-element elementor-element-ebffba5 e-grid e-con-full e-con e-child\" data-id=\"ebffba5\" data-element_type=\"container\" data-e-type=\"container\">\n\t\t\t\t<div class=\"elementor-element elementor-element-d57fb8a elementor-widget elementor-widget-image\" data-id=\"d57fb8a\" data-element_type=\"widget\" data-e-type=\"widget\" data-widget_type=\"image.default\">\n\t\t\t\t<div class=\"elementor-widget-container\">\n\t\t\t\t\t\t\t\t\t\t\t\t\t\t\t<img decoding=\"async\" width=\"300\" height=\"114\" src=\"https:\/\/bubliq.com\/wp-content\/uploads\/2025\/03\/Dishwash-and-Handwash.svg\" class=\"attachment-medium size-medium wp-image-23166\" alt=\"\" \/>\t\t\t\t\t\t\t\t\t\t\t\t\t\t\t<\/div>\n\t\t\t\t<\/div>\n\t\t\t\t<\/div>\n\t\t<div role=\"region\" aria-labelledby=\"e-n-accordion-item-8034\" class=\"elementor-element elementor-element-ea94ba3 e-con-full e-flex e-con e-child\" data-id=\"ea94ba3\" data-element_type=\"container\" data-e-type=\"container\">\n\t\t\t\t<div class=\"elementor-element elementor-element-eba9492 elementor-widget elementor-widget-text-editor\" data-id=\"eba9492\" data-element_type=\"widget\" data-e-type=\"widget\" data-widget_type=\"text-editor.default\">\n\t\t\t\t<div class=\"elementor-widget-container\">\n\t\t\t\t\t\t\t\t\t<p class=\"p1\"><strong>Sicherheitshinweise f\u00fcr die Glasflasche<\/strong><\/p><ul><li>Nur Wasser sprudeln<\/li><li class=\"p1\">F\u00fclle niemals kochendes Wasser in die Glasflasche<\/li><li class=\"p1\">Vermeide extreme Temperaturunterschiede sowie Temperaturen unter 1\u00b0C und \u00fcber 80\u00b0C<\/li><li>Verwende niemals gesprungene oder besch\u00e4digte Glaswasserflaschen<\/li><li>Nur original bubliq Glasflaschen verwenden, die explizit f\u00fcr dieses Ger\u00e4t vorgesehen sind<\/li><\/ul>\t\t\t\t\t\t\t\t<\/div>\n\t\t\t\t<\/div>\n\t\t\t\t<\/div>\n\t\t\t\t\t<\/div>\n\t\t\t\t<\/div>\n\t\t\t\t\t<\/details>\n\t\t\t\t\t\t<details id=\"e-n-accordion-item-8035\" class=\"e-n-accordion-item\" >\n\t\t\t\t<summary class=\"e-n-accordion-item-title\" data-accordion-index=\"6\" tabindex=\"-1\" aria-expanded=\"false\" aria-controls=\"e-n-accordion-item-8035\" >\n\t\t\t\t\t<span class='e-n-accordion-item-title-header'><div class=\"e-n-accordion-item-title-text\"> Bedienungsanleitung <\/div><\/span>\n\t\t\t\t\t\t\t<span class='e-n-accordion-item-title-icon'>\n\t\t\t<span class='e-opened' ><i aria-hidden=\"true\" class=\"fas fa-minus\"><\/i><\/span>\n\t\t\t<span class='e-closed'><i aria-hidden=\"true\" class=\"fas fa-plus\"><\/i><\/span>\n\t\t<\/span>\n\n\t\t\t\t\t\t<\/summary>\n\t\t\t\t<div role=\"region\" aria-labelledby=\"e-n-accordion-item-8035\" class=\"elementor-element elementor-element-8a82103 e-flex e-con-boxed e-con e-child\" data-id=\"8a82103\" data-element_type=\"container\" data-e-type=\"container\">\n\t\t\t\t\t<div class=\"e-con-inner\">\n\t\t\t\t<div class=\"elementor-element elementor-element-f593bac elementor-widget elementor-widget-text-editor\" data-id=\"f593bac\" data-element_type=\"widget\" data-e-type=\"widget\" data-widget_type=\"text-editor.default\">\n\t\t\t\t<div class=\"elementor-widget-container\">\n\t\t\t\t\t\t\t\t\t<p>Die Bedienungsanleitung f\u00fcr den bubliq glass carbonator findest du <a href=\"https:\/\/bubliq.com\/wp-content\/uploads\/2025\/06\/bubliq-glass-carbonator-user-manual-June-2025.pdf\" target=\"_blank\" rel=\"noopener\">hier weitere Informationen<\/a>.<\/p>\t\t\t\t\t\t\t\t<\/div>\n\t\t\t\t<\/div>\n\t\t\t\t\t<\/div>\n\t\t\t\t<\/div>\n\t\t\t\t\t<\/details>\n\t\t\t\t\t<\/div>\n\t\t\t\t\t\t<\/div>\n\t\t\t\t<\/div>\n\t\t\t\t<\/div>\n\t\t\t\t<\/div>\n\t\t\t\t<\/div>","protected":false},"excerpt":{"rendered":"<div><span lang=\"DA\">Der bubliq glass carbonator ist ein stilvoller Wassersprudler aus Edelstahl mit Glasflasche, der skandinavisches Design mit Alltagstauglichkeit verbindet. Gefertigt mit einem nahtlosen Edelstahlgeh\u00e4use und kombiniert mit einer robusten Glaswasserflasche, ist er auf Langlebigkeit ausgelegt und wird viele Jahre gute Dienste leisten. Der intuitive Turnlock\u2122-Mechanismus erm\u00f6glicht m\u00fchelose Einhandbedienung: Eine einfache Vierteldrehung und die Glasflasche sitzt perfekt an ihrem Platz. Mit nur wenigen Dr\u00fccken verwandelt sich dein Leitungswasser in erfrischendes Sprudelwasser.<\/span><\/div>","protected":false},"featured_media":23752,"template":"","meta":[],"product_brand":[],"product_cat":[31],"product_tag":[21,167,20],"woo-feed-brand":[],"class_list":{"0":"post-23080","1":"product","2":"type-product","3":"status-publish","4":"has-post-thumbnail","6":"product_cat-sodavandsmaskiner","7":"product_tag-danskvandsmaskine","8":"product_tag-glass-carbonator","9":"product_tag-sodavandsmaskine","11":"first","12":"instock","13":"taxable","14":"shipping-taxable","15":"purchasable","16":"product-type-simple"},"_links":{"self":[{"href":"https:\/\/bubliq.com\/de\/wp-json\/wp\/v2\/product\/23080","targetHints":{"allow":["GET"]}}],"collection":[{"href":"https:\/\/bubliq.com\/de\/wp-json\/wp\/v2\/product"}],"about":[{"href":"https:\/\/bubliq.com\/de\/wp-json\/wp\/v2\/types\/product"}],"version-history":[{"count":129,"href":"https:\/\/bubliq.com\/de\/wp-json\/wp\/v2\/product\/23080\/revisions"}],"predecessor-version":[{"id":26211,"href":"https:\/\/bubliq.com\/de\/wp-json\/wp\/v2\/product\/23080\/revisions\/26211"}],"wp:featuredmedia":[{"embeddable":true,"href":"https:\/\/bubliq.com\/de\/wp-json\/wp\/v2\/media\/23752"}],"wp:attachment":[{"href":"https:\/\/bubliq.com\/de\/wp-json\/wp\/v2\/media?parent=23080"}],"wp:term":[{"taxonomy":"product_brand","embeddable":true,"href":"https:\/\/bubliq.com\/de\/wp-json\/wp\/v2\/product_brand?post=23080"},{"taxonomy":"product_cat","embeddable":true,"href":"https:\/\/bubliq.com\/de\/wp-json\/wp\/v2\/product_cat?post=23080"},{"taxonomy":"product_tag","embeddable":true,"href":"https:\/\/bubliq.com\/de\/wp-json\/wp\/v2\/product_tag?post=23080"},{"taxonomy":"woo-feed-brand","embeddable":true,"href":"https:\/\/bubliq.com\/de\/wp-json\/wp\/v2\/woo-feed-brand?post=23080"}],"curies":[{"name":"wp","href":"https:\/\/api.w.org\/{rel}","templated":true}]}}