{"id":23104,"date":"2025-03-14T13:27:56","date_gmt":"2025-03-14T11:27:56","guid":{"rendered":"https:\/\/bubliq.com\/?post_type=product&#038;p=23104"},"modified":"2026-04-16T08:16:39","modified_gmt":"2026-04-16T06:16:39","slug":"bubliq-sodavandsmaskine-med-glasflaske-matsort","status":"publish","type":"product","link":"https:\/\/bubliq.com\/de\/produkt\/bubliq-trinkwassersprudler-mit-glasflasche-edelstahl\/","title":{"rendered":"bubliq glass carbonator - Mattschwarz"},"content":{"rendered":"<div data-elementor-type=\"product-post\" data-elementor-id=\"23104\" class=\"elementor elementor-23104\" data-elementor-post-type=\"product\">\n\t\t\t\t<div class=\"elementor-element elementor-element-5881996 e-con-full e-flex e-con e-child\" data-id=\"5881996\" data-element_type=\"container\" data-e-type=\"container\" data-settings=\"{&quot;background_background&quot;:&quot;classic&quot;}\">\n\t\t<div class=\"elementor-element elementor-element-1c1f8f9 e-con-full e-flex e-con e-child\" data-id=\"1c1f8f9\" data-element_type=\"container\" data-e-type=\"container\">\n\t\t\t\t<div class=\"elementor-element elementor-element-3585a6e elementor-widget elementor-widget-n-accordion\" data-id=\"3585a6e\" data-element_type=\"widget\" data-e-type=\"widget\" data-settings=\"{&quot;default_state&quot;:&quot;expanded&quot;,&quot;max_items_expended&quot;:&quot;one&quot;,&quot;n_accordion_animation_duration&quot;:{&quot;unit&quot;:&quot;ms&quot;,&quot;size&quot;:400,&quot;sizes&quot;:[]}}\" data-widget_type=\"nested-accordion.default\">\n\t\t\t\t<div class=\"elementor-widget-container\">\n\t\t\t\t\t\t\t<div class=\"e-n-accordion\" aria-label=\"Accordion. Open links with Enter or Space, close with Escape, and navigate with Arrow Keys\">\n\t\t\t\t\t\t<details id=\"e-n-accordion-item-5610\" class=\"e-n-accordion-item\" open>\n\t\t\t\t<summary class=\"e-n-accordion-item-title\" data-accordion-index=\"1\" tabindex=\"0\" aria-expanded=\"true\" aria-controls=\"e-n-accordion-item-5610\" >\n\t\t\t\t\t<span class='e-n-accordion-item-title-header'><div class=\"e-n-accordion-item-title-text\"> Produktbeschreibung <\/div><\/span>\n\t\t\t\t\t\t\t<span class='e-n-accordion-item-title-icon'>\n\t\t\t<span class='e-opened' ><i aria-hidden=\"true\" class=\"fas fa-minus\"><\/i><\/span>\n\t\t\t<span class='e-closed'><i aria-hidden=\"true\" class=\"fas fa-plus\"><\/i><\/span>\n\t\t<\/span>\n\n\t\t\t\t\t\t<\/summary>\n\t\t\t\t<div role=\"region\" aria-labelledby=\"e-n-accordion-item-5610\" class=\"elementor-element elementor-element-4685c8d e-con-full e-flex e-con e-child\" data-id=\"4685c8d\" data-element_type=\"container\" data-e-type=\"container\">\n\t\t\t\t<div class=\"elementor-element elementor-element-049862e elementor-widget elementor-widget-text-editor\" data-id=\"049862e\" data-element_type=\"widget\" data-e-type=\"widget\" data-widget_type=\"text-editor.default\">\n\t\t\t\t<div class=\"elementor-widget-container\">\n\t\t\t\t\t\t\t\t\t<h6><strong>Elegantes, zeitloses Design<\/strong><\/h6><p>Der bubliq glass carbonator ist ein Trinkwassersprudler mit Glasflasche, der Form und Funktion auf elegante Weise miteinander verbindet. Frei von sichtbaren N\u00e4hten oder Schrauben pr\u00e4sentiert er sich in einem stilvollen, zeitlosen Look, der jede K\u00fcche aufwertet. Die Glasflasche \u00fcberzeugt mit einem schlanken, minimalistischen Design und verleiht jedem gedeckten Tisch eine edle Note.<\/p><h6><strong>Gebaut f\u00fcr den Alltag<\/strong><\/h6><p style=\"font-weight: 400;\">Das nahtlose mattschwarze Geh\u00e4use besteht zu 100\u202f% aus Edelstahl und wurde f\u00fcr Langlebigkeit und zuverl\u00e4ssige Leistung entwickelt. Unter der stilvollen Oberfl\u00e4che sorgt ein robuster ABS-Kern f\u00fcr strukturelle Stabilit\u00e4t. Die Glaswasserflasche ist aus massivem Glas gefertigt und beh\u00e4lt bei richtiger Pflege ihre Brillanz und St\u00e4rke \u00fcber Jahre hinweg. Der bubliq glass carbonator ist mehr als nur ein Design-Statement, er ist f\u00fcr den t\u00e4glichen Einsatz entwickelt.<\/p><h6><strong>Einfache Bedienung<\/strong><\/h6><p style=\"font-weight: 400;\">Vergiss die umst\u00e4ndlichen Schraubflaschen von fr\u00fcher. Dank des innovativen Turnlock\u2122-Mechanismus l\u00e4sst sich die Glaswasserflasche mit nur einer Hand einsetzen \u2013 eine einfache 45\u00b0-Drehung gen\u00fcgt, und die Flasche sitzt sicher in Position<\/p><p style=\"font-weight: 400;\">Der Sprudelknopf liegt angenehm in der Hand und macht den Prozess intuitiv und komfortabel. Mit ein paar leichten Dr\u00fccken wird Leitungswasser in erfrischendes Sprudelwasser verwandelt. Ein leises Zischen signalisiert, dass dein Sprudelwasser fertig ist.<\/p>\t\t\t\t\t\t\t\t<\/div>\n\t\t\t\t<\/div>\n\t\t\t\t<\/div>\n\t\t\t\t\t<\/details>\n\t\t\t\t\t\t<details id=\"e-n-accordion-item-5611\" class=\"e-n-accordion-item\" >\n\t\t\t\t<summary class=\"e-n-accordion-item-title\" data-accordion-index=\"2\" tabindex=\"-1\" aria-expanded=\"false\" aria-controls=\"e-n-accordion-item-5611\" >\n\t\t\t\t\t<span class='e-n-accordion-item-title-header'><div class=\"e-n-accordion-item-title-text\"> Ma\u00dfe &amp; Materialien <\/div><\/span>\n\t\t\t\t\t\t\t<span class='e-n-accordion-item-title-icon'>\n\t\t\t<span class='e-opened' ><i aria-hidden=\"true\" class=\"fas fa-minus\"><\/i><\/span>\n\t\t\t<span class='e-closed'><i aria-hidden=\"true\" class=\"fas fa-plus\"><\/i><\/span>\n\t\t<\/span>\n\n\t\t\t\t\t\t<\/summary>\n\t\t\t\t<div role=\"region\" aria-labelledby=\"e-n-accordion-item-5611\" class=\"elementor-element elementor-element-3b18c8f e-con-full e-flex e-con e-child\" data-id=\"3b18c8f\" data-element_type=\"container\" data-e-type=\"container\">\n\t\t\t\t<div class=\"elementor-element elementor-element-6a9faea elementor-widget elementor-widget-text-editor\" data-id=\"6a9faea\" data-element_type=\"widget\" data-e-type=\"widget\" data-widget_type=\"text-editor.default\">\n\t\t\t\t<div class=\"elementor-widget-container\">\n\t\t\t\t\t\t\t\t\t<p><strong>Trinkwassersprudler<br \/><\/strong>Au\u00dfenmaterial: Rostfreier Edelstahl<br \/>Innenmaterial: ABS<br \/>Gasd\u00fcse: Rostfreier Edelstahl<br \/><br \/>Ma\u00dfe: 42,6 x 15,2 x 27,5 cm (H\u00f6he x Breite x Tiefe)<br \/>Gewicht ohne CO\u2082-Zylinder: 2,8 kg<\/p><p><strong>Glasflasche<br \/><\/strong>Material: Glas<br \/>Volumen: 1 l (0,65 l bis zur F\u00fclllinie)<br \/>Ma\u00dfe: 27,5 x 7,8 cm (H\u00f6he x Durchmesser)<\/p>\t\t\t\t\t\t\t\t<\/div>\n\t\t\t\t<\/div>\n\t\t\t\t<\/div>\n\t\t\t\t\t<\/details>\n\t\t\t\t\t\t<details id=\"e-n-accordion-item-5612\" class=\"e-n-accordion-item\" >\n\t\t\t\t<summary class=\"e-n-accordion-item-title\" data-accordion-index=\"3\" tabindex=\"-1\" aria-expanded=\"false\" aria-controls=\"e-n-accordion-item-5612\" >\n\t\t\t\t\t<span class='e-n-accordion-item-title-header'><div class=\"e-n-accordion-item-title-text\"> Kompatibilit\u00e4t von CO2-Zylindern <\/div><\/span>\n\t\t\t\t\t\t\t<span class='e-n-accordion-item-title-icon'>\n\t\t\t<span class='e-opened' ><i aria-hidden=\"true\" class=\"fas fa-minus\"><\/i><\/span>\n\t\t\t<span class='e-closed'><i aria-hidden=\"true\" class=\"fas fa-plus\"><\/i><\/span>\n\t\t<\/span>\n\n\t\t\t\t\t\t<\/summary>\n\t\t\t\t<div role=\"region\" aria-labelledby=\"e-n-accordion-item-5612\" class=\"elementor-element elementor-element-878283a e-con-full e-flex e-con e-child\" data-id=\"878283a\" data-element_type=\"container\" data-e-type=\"container\">\n\t\t\t\t<div class=\"elementor-element elementor-element-f047aa4 elementor-widget elementor-widget-text-editor\" data-id=\"f047aa4\" data-element_type=\"widget\" data-e-type=\"widget\" data-widget_type=\"text-editor.default\">\n\t\t\t\t<div class=\"elementor-widget-container\">\n\t\t\t\t\t\t\t\t\t<p>Der bubliq glass carbonator ist mit fast allen handels\u00fcblichen 425-450 g CO2- Zylindern mit Schraubgewinde* von Marken wie bubliq, Sodab\u00e4r, und SodaStream kompatibel (au\u00dfer SodaStream CO\u2082-Zylinder mit Quick Connect).\u00a0\u00a0<\/p><p class=\"translation-block\">*CO2-Zylinder mit den folgenden Ventilen sind nicht mit dem bubliq glass carbonator kompatibel:<\/p>\t\t\t\t\t\t\t\t<\/div>\n\t\t\t\t<\/div>\n\t\t\t\t<div class=\"elementor-element elementor-element-ef6bb1d elementor-widget elementor-widget-image\" data-id=\"ef6bb1d\" data-element_type=\"widget\" data-e-type=\"widget\" data-widget_type=\"image.default\">\n\t\t\t\t<div class=\"elementor-widget-container\">\n\t\t\t\t\t\t\t\t\t\t\t\t\t\t\t<img decoding=\"async\" width=\"300\" height=\"150\" src=\"https:\/\/bubliq.com\/wp-content\/uploads\/2025\/03\/inkompatible-Kulsyrepatron-ventiler-2-300x150.png\" class=\"attachment-medium size-medium wp-image-24822\" alt=\"\" srcset=\"https:\/\/bubliq.com\/wp-content\/uploads\/2025\/03\/inkompatible-Kulsyrepatron-ventiler-2-300x150.png 300w, https:\/\/bubliq.com\/wp-content\/uploads\/2025\/03\/inkompatible-Kulsyrepatron-ventiler-2-768x384.png 768w, https:\/\/bubliq.com\/wp-content\/uploads\/2025\/03\/inkompatible-Kulsyrepatron-ventiler-2-18x9.png 18w, https:\/\/bubliq.com\/wp-content\/uploads\/2025\/03\/inkompatible-Kulsyrepatron-ventiler-2-450x225.png 450w, https:\/\/bubliq.com\/wp-content\/uploads\/2025\/03\/inkompatible-Kulsyrepatron-ventiler-2.png 800w\" sizes=\"(max-width: 300px) 100vw, 300px\" \/>\t\t\t\t\t\t\t\t\t\t\t\t\t\t\t<\/div>\n\t\t\t\t<\/div>\n\t\t\t\t<\/div>\n\t\t\t\t\t<\/details>\n\t\t\t\t\t\t<details id=\"e-n-accordion-item-5613\" class=\"e-n-accordion-item\" >\n\t\t\t\t<summary class=\"e-n-accordion-item-title\" data-accordion-index=\"4\" tabindex=\"-1\" aria-expanded=\"false\" aria-controls=\"e-n-accordion-item-5613\" >\n\t\t\t\t\t<span class='e-n-accordion-item-title-header'><div class=\"e-n-accordion-item-title-text\"> CO2-Zylinder Austausch <\/div><\/span>\n\t\t\t\t\t\t\t<span class='e-n-accordion-item-title-icon'>\n\t\t\t<span class='e-opened' ><i aria-hidden=\"true\" class=\"fas fa-minus\"><\/i><\/span>\n\t\t\t<span class='e-closed'><i aria-hidden=\"true\" class=\"fas fa-plus\"><\/i><\/span>\n\t\t<\/span>\n\n\t\t\t\t\t\t<\/summary>\n\t\t\t\t<div role=\"region\" aria-labelledby=\"e-n-accordion-item-5613\" class=\"elementor-element elementor-element-c4ba508 e-flex e-con-boxed e-con e-child\" data-id=\"c4ba508\" data-element_type=\"container\" data-e-type=\"container\">\n\t\t\t\t\t<div class=\"e-con-inner\">\n\t\t\t\t<div class=\"elementor-element elementor-element-f976c2e elementor-widget elementor-widget-text-editor\" data-id=\"f976c2e\" data-element_type=\"widget\" data-e-type=\"widget\" data-widget_type=\"text-editor.default\">\n\t\t\t\t<div class=\"elementor-widget-container\">\n\t\t\t\t\t\t\t\t\t<p class=\"translation-block\"><b>Austausch gegen andere Marken<\/b><br>\nDer Austausch von den CO2-Zylindern ist einfach, da die meisten CO2-Zylinder f\u00fcr Wassersprudler einem globalen, universellen Standard folgen. Du kannst deinen Zylinder problemlos gegen jede andere Marke austauschen, solange diese ein Ventil mit Schraubgewinde hat. Dadurch wird die Kompatibilit\u00e4t mit deinem bubliq Wassersprudler gew\u00e4hrleistet.<\/p>\t\t\t\t\t\t\t\t<\/div>\n\t\t\t\t<\/div>\n\t\t\t\t\t<\/div>\n\t\t\t\t<\/div>\n\t\t\t\t\t<\/details>\n\t\t\t\t\t\t<details id=\"e-n-accordion-item-5614\" class=\"e-n-accordion-item\" >\n\t\t\t\t<summary class=\"e-n-accordion-item-title\" data-accordion-index=\"5\" tabindex=\"-1\" aria-expanded=\"false\" aria-controls=\"e-n-accordion-item-5614\" >\n\t\t\t\t\t<span class='e-n-accordion-item-title-header'><div class=\"e-n-accordion-item-title-text\"> Reinigung und Pflege <\/div><\/span>\n\t\t\t\t\t\t\t<span class='e-n-accordion-item-title-icon'>\n\t\t\t<span class='e-opened' ><i aria-hidden=\"true\" class=\"fas fa-minus\"><\/i><\/span>\n\t\t\t<span class='e-closed'><i aria-hidden=\"true\" class=\"fas fa-plus\"><\/i><\/span>\n\t\t<\/span>\n\n\t\t\t\t\t\t<\/summary>\n\t\t\t\t<div role=\"region\" aria-labelledby=\"e-n-accordion-item-5614\" class=\"elementor-element elementor-element-fc05dc9 e-flex e-con-boxed e-con e-child\" data-id=\"fc05dc9\" data-element_type=\"container\" data-e-type=\"container\">\n\t\t\t\t\t<div class=\"e-con-inner\">\n\t\t\t\t<div class=\"elementor-element elementor-element-4d4cec9 elementor-widget elementor-widget-text-editor\" data-id=\"4d4cec9\" data-element_type=\"widget\" data-e-type=\"widget\" data-widget_type=\"text-editor.default\">\n\t\t\t\t<div class=\"elementor-widget-container\">\n\t\t\t\t\t\t\t\t\t<p style=\"text-align: left;\"><strong>bubliq Wassersprudler<\/strong><br \/>Reinige den Trinkwassersprudler mit einem feuchten Tuch und einem milden Reinigungsmittel. Vermeide aggressive Reinigungsmittel, da diese die Oberfl\u00e4che besch\u00e4digen k\u00f6nnen.<br \/><strong><br \/>Glasflasche<br \/><\/strong><\/p><p class=\"p1\">Die Glasflasche ist sp\u00fclmaschinenfest, aber um ihr Aussehen zu bewahren und ihre Lebensdauer zu verl\u00e4ngern, empfehlen wir das Waschen von Hand. Bei Nutzung der Sp\u00fclmaschine, w\u00e4hle ein Programm mit maximal 55\u202f\u00b0C. Zum Trocknen, stelle die Glaswasserflasche kopf\u00fcber ohne Deckel in ein Abtropfgestell.\u00a0<\/p>\t\t\t\t\t\t\t\t<\/div>\n\t\t\t\t<\/div>\n\t\t<div role=\"region\" aria-labelledby=\"e-n-accordion-item-5614\" class=\"elementor-element elementor-element-465be5e e-grid e-con-full e-con e-child\" data-id=\"465be5e\" data-element_type=\"container\" data-e-type=\"container\">\n\t\t\t\t<div class=\"elementor-element elementor-element-324b347 elementor-widget elementor-widget-image\" data-id=\"324b347\" data-element_type=\"widget\" data-e-type=\"widget\" data-widget_type=\"image.default\">\n\t\t\t\t<div class=\"elementor-widget-container\">\n\t\t\t\t\t\t\t\t\t\t\t\t\t\t\t<img decoding=\"async\" width=\"300\" height=\"114\" src=\"https:\/\/bubliq.com\/wp-content\/uploads\/2025\/03\/Dishwash-and-Handwash.svg\" class=\"attachment-medium size-medium wp-image-23166\" alt=\"\" \/>\t\t\t\t\t\t\t\t\t\t\t\t\t\t\t<\/div>\n\t\t\t\t<\/div>\n\t\t\t\t<\/div>\n\t\t<div role=\"region\" aria-labelledby=\"e-n-accordion-item-5614\" class=\"elementor-element elementor-element-150fdec e-con-full e-flex e-con e-child\" data-id=\"150fdec\" data-element_type=\"container\" data-e-type=\"container\">\n\t\t\t\t<div class=\"elementor-element elementor-element-51cc4ae elementor-widget elementor-widget-text-editor\" data-id=\"51cc4ae\" data-element_type=\"widget\" data-e-type=\"widget\" data-widget_type=\"text-editor.default\">\n\t\t\t\t<div class=\"elementor-widget-container\">\n\t\t\t\t\t\t\t\t\t<p class=\"p1\"><strong>Sicherheitshinweise f\u00fcr die Glasflasche<\/strong><\/p><ul><li>Nur Wasser sprudeln<\/li><li class=\"p1\">F\u00fclle niemals kochendes Wasser in die Glasflasche<\/li><li class=\"p1\">Vermeide extreme Temperaturunterschiede sowie Temperaturen unter 1\u00b0C und \u00fcber 80\u00b0C<\/li><li>Verwende niemals gesprungene oder besch\u00e4digte Glaswasserflaschen<\/li><li>Nur original bubliq Glasflaschen verwenden, die explizit f\u00fcr dieses Ger\u00e4t vorgesehen sind<\/li><\/ul>\t\t\t\t\t\t\t\t<\/div>\n\t\t\t\t<\/div>\n\t\t\t\t<\/div>\n\t\t\t\t\t<\/div>\n\t\t\t\t<\/div>\n\t\t\t\t\t<\/details>\n\t\t\t\t\t\t<details id=\"e-n-accordion-item-5615\" class=\"e-n-accordion-item\" >\n\t\t\t\t<summary class=\"e-n-accordion-item-title\" data-accordion-index=\"6\" tabindex=\"-1\" aria-expanded=\"false\" aria-controls=\"e-n-accordion-item-5615\" >\n\t\t\t\t\t<span class='e-n-accordion-item-title-header'><div class=\"e-n-accordion-item-title-text\"> Bedienungsanleitung <\/div><\/span>\n\t\t\t\t\t\t\t<span class='e-n-accordion-item-title-icon'>\n\t\t\t<span class='e-opened' ><i aria-hidden=\"true\" class=\"fas fa-minus\"><\/i><\/span>\n\t\t\t<span class='e-closed'><i aria-hidden=\"true\" class=\"fas fa-plus\"><\/i><\/span>\n\t\t<\/span>\n\n\t\t\t\t\t\t<\/summary>\n\t\t\t\t<div role=\"region\" aria-labelledby=\"e-n-accordion-item-5615\" class=\"elementor-element elementor-element-c7c16f0 e-flex e-con-boxed e-con e-child\" data-id=\"c7c16f0\" data-element_type=\"container\" data-e-type=\"container\">\n\t\t\t\t\t<div class=\"e-con-inner\">\n\t\t\t\t<div class=\"elementor-element elementor-element-d12d9e8 elementor-widget elementor-widget-text-editor\" data-id=\"d12d9e8\" data-element_type=\"widget\" data-e-type=\"widget\" data-widget_type=\"text-editor.default\">\n\t\t\t\t<div class=\"elementor-widget-container\">\n\t\t\t\t\t\t\t\t\t<p>Die Bedienungsanleitung f\u00fcr den bubliq glass carbonator findest du <a href=\"https:\/\/bubliq.com\/wp-content\/uploads\/2025\/06\/bubliq-glass-carbonator-user-manual-June-2025.pdf\" target=\"_blank\" rel=\"noopener\">hier weitere Informationen<\/a>.<\/p>\t\t\t\t\t\t\t\t<\/div>\n\t\t\t\t<\/div>\n\t\t\t\t\t<\/div>\n\t\t\t\t<\/div>\n\t\t\t\t\t<\/details>\n\t\t\t\t\t<\/div>\n\t\t\t\t\t\t<\/div>\n\t\t\t\t<\/div>\n\t\t\t\t<\/div>\n\t\t\t\t<\/div>\n\t\t\t\t<\/div>","protected":false},"excerpt":{"rendered":"<p style=\"font-weight: 400;\">Der mattschwarze bubliq glass carbonator ist ein Trinkwassersprudler mit Glasflasche, der \u00c4sthetik und Funktionalit\u00e4t f\u00fcr den Alltag nahtlos vereint. Mit seiner stilvollen Oberfl\u00e4che aus mattschwarzem Edelstahl bringt dieser Trinkwassersprudler einen modernen, minimalistischen Look in jede K\u00fcche. Gefertigt aus langlebigen, nachhaltigen Materialien, ist der bubliq glass carbonator auf Best\u00e4ndigkeit ausgelegt und wird viele Jahre gute Dienste leisten. Der innovative Turnlock\u2122-Mechanismus sorgt daf\u00fcr, dass sich die Glaswasserflasche m\u00fchelos befestigen l\u00e4sst. Ein paar leichte Druckbewegungen gen\u00fcgen, um Leitungswasser in erfrischendes Sprudelwasser zu verwandeln.<\/p>","protected":false},"featured_media":23736,"template":"","meta":[],"product_brand":[],"product_cat":[31],"product_tag":[167],"woo-feed-brand":[],"class_list":{"0":"post-23104","1":"product","2":"type-product","3":"status-publish","4":"has-post-thumbnail","6":"product_cat-sodavandsmaskiner","7":"product_tag-glass-carbonator","9":"first","10":"instock","11":"taxable","12":"shipping-taxable","13":"purchasable","14":"product-type-simple"},"_links":{"self":[{"href":"https:\/\/bubliq.com\/de\/wp-json\/wp\/v2\/product\/23104","targetHints":{"allow":["GET"]}}],"collection":[{"href":"https:\/\/bubliq.com\/de\/wp-json\/wp\/v2\/product"}],"about":[{"href":"https:\/\/bubliq.com\/de\/wp-json\/wp\/v2\/types\/product"}],"version-history":[{"count":49,"href":"https:\/\/bubliq.com\/de\/wp-json\/wp\/v2\/product\/23104\/revisions"}],"predecessor-version":[{"id":26215,"href":"https:\/\/bubliq.com\/de\/wp-json\/wp\/v2\/product\/23104\/revisions\/26215"}],"wp:featuredmedia":[{"embeddable":true,"href":"https:\/\/bubliq.com\/de\/wp-json\/wp\/v2\/media\/23736"}],"wp:attachment":[{"href":"https:\/\/bubliq.com\/de\/wp-json\/wp\/v2\/media?parent=23104"}],"wp:term":[{"taxonomy":"product_brand","embeddable":true,"href":"https:\/\/bubliq.com\/de\/wp-json\/wp\/v2\/product_brand?post=23104"},{"taxonomy":"product_cat","embeddable":true,"href":"https:\/\/bubliq.com\/de\/wp-json\/wp\/v2\/product_cat?post=23104"},{"taxonomy":"product_tag","embeddable":true,"href":"https:\/\/bubliq.com\/de\/wp-json\/wp\/v2\/product_tag?post=23104"},{"taxonomy":"woo-feed-brand","embeddable":true,"href":"https:\/\/bubliq.com\/de\/wp-json\/wp\/v2\/woo-feed-brand?post=23104"}],"curies":[{"name":"wp","href":"https:\/\/api.w.org\/{rel}","templated":true}]}}