{"id":23388,"date":"2025-04-29T10:58:41","date_gmt":"2025-04-29T08:58:41","guid":{"rendered":"https:\/\/bubliq.com\/?post_type=product&#038;p=23388"},"modified":"2025-10-16T13:40:08","modified_gmt":"2025-10-16T11:40:08","slug":"italian-pink-grapefruit","status":"publish","type":"product","link":"https:\/\/bubliq.com\/de\/produkt\/italienischer-pink-grapefruit-sirup\/","title":{"rendered":"Italian Pink Grapefruit"},"content":{"rendered":"<div data-elementor-type=\"product-post\" data-elementor-id=\"23388\" class=\"elementor elementor-23388\" data-elementor-post-type=\"product\">\n\t\t\t\t<div class=\"elementor-element elementor-element-14e66cb e-con-full e-flex e-con e-child\" data-id=\"14e66cb\" data-element_type=\"container\" data-e-type=\"container\">\n\t\t<div class=\"elementor-element elementor-element-9a7e9e8 e-con-full e-flex e-con e-child\" data-id=\"9a7e9e8\" data-element_type=\"container\" data-e-type=\"container\">\n\t\t\t\t<div class=\"elementor-element elementor-element-2fe04da elementor-widget elementor-widget-n-accordion\" data-id=\"2fe04da\" data-element_type=\"widget\" data-e-type=\"widget\" data-settings=\"{&quot;default_state&quot;:&quot;expanded&quot;,&quot;max_items_expended&quot;:&quot;one&quot;,&quot;n_accordion_animation_duration&quot;:{&quot;unit&quot;:&quot;ms&quot;,&quot;size&quot;:400,&quot;sizes&quot;:[]}}\" data-widget_type=\"nested-accordion.default\">\n\t\t\t\t<div class=\"elementor-widget-container\">\n\t\t\t\t\t\t\t<div class=\"e-n-accordion\" aria-label=\"Accordion. Open links with Enter or Space, close with Escape, and navigate with Arrow Keys\">\n\t\t\t\t\t\t<details id=\"e-n-accordion-item-5020\" class=\"e-n-accordion-item\" open>\n\t\t\t\t<summary class=\"e-n-accordion-item-title\" data-accordion-index=\"1\" tabindex=\"0\" aria-expanded=\"true\" aria-controls=\"e-n-accordion-item-5020\" >\n\t\t\t\t\t<span class='e-n-accordion-item-title-header'><div class=\"e-n-accordion-item-title-text\"> Produktbeschreibung <\/div><\/span>\n\t\t\t\t\t\t\t<span class='e-n-accordion-item-title-icon'>\n\t\t\t<span class='e-opened' ><i aria-hidden=\"true\" class=\"fas fa-minus\"><\/i><\/span>\n\t\t\t<span class='e-closed'><i aria-hidden=\"true\" class=\"fas fa-plus\"><\/i><\/span>\n\t\t<\/span>\n\n\t\t\t\t\t\t<\/summary>\n\t\t\t\t<div role=\"region\" aria-labelledby=\"e-n-accordion-item-5020\" class=\"elementor-element elementor-element-ee6a6f3 e-con-full e-flex e-con e-child\" data-id=\"ee6a6f3\" data-element_type=\"container\" data-e-type=\"container\">\n\t\t\t\t<div class=\"elementor-element elementor-element-c8e4d5a elementor-widget elementor-widget-text-editor\" data-id=\"c8e4d5a\" data-element_type=\"widget\" data-e-type=\"widget\" data-widget_type=\"text-editor.default\">\n\t\t\t\t<div class=\"elementor-widget-container\">\n\t\t\t\t\t\t\t\t\t<p>Italian Pink Grapefruit ist ein klassischer italienischer Getr\u00e4nkesirup, der \u00fcberall in Italien genossen wird (auf Italienisch Soda al Pompelmo Rosa). Das Getr\u00e4nkekonzentrat besteht zu 90\u202f% aus Grapefruitsaft und bietet ein authentisches Geschmackserlebnis mit dem Gef\u00fchl echten italienischen Handwerks. Der Geschmack ist frisch und ausgewogen, mit einer perfekten Balance aus S\u00fc\u00dfe und S\u00e4ure \u2013 ganz ohne Bitterkeit.<\/p><p class=\"\" data-start=\"146\" data-end=\"547\">Hergestellt wird der Sirup aus sonnenverw\u00f6hnten rosa Grapefruits aus Sizilien, wo die Fr\u00fcchte im warmen Mittelmeerklima und der n\u00e4hrstoffreichen Vulkanerde hervorragend gedeihen. Das verleiht den Grapefruits ihr leuchtend rosa Fruchtfleisch, ihren charakteristischen Zitrusduft und ihre nat\u00fcrliche S\u00fc\u00dfe.\u00a0<\/p><p>Italian Pink Grapefruit ist ein erfrischender Durstl\u00f6scher, der sowohl mit stillem als auch mit sprudelndem Wasser hervorragend schmeckt. Er eignet sich auch perfekt als Basis f\u00fcr einen Spritz, Gin Tonic oder Mocktail - am besten garniert mit frischen Grapefruitscheiben.<\/p>\t\t\t\t\t\t\t\t<\/div>\n\t\t\t\t<\/div>\n\t\t\t\t<\/div>\n\t\t\t\t\t<\/details>\n\t\t\t\t\t\t<details id=\"e-n-accordion-item-5021\" class=\"e-n-accordion-item\" >\n\t\t\t\t<summary class=\"e-n-accordion-item-title\" data-accordion-index=\"2\" tabindex=\"-1\" aria-expanded=\"false\" aria-controls=\"e-n-accordion-item-5021\" >\n\t\t\t\t\t<span class='e-n-accordion-item-title-header'><div class=\"e-n-accordion-item-title-text\"> Zutaten <\/div><\/span>\n\t\t\t\t\t\t\t<span class='e-n-accordion-item-title-icon'>\n\t\t\t<span class='e-opened' ><i aria-hidden=\"true\" class=\"fas fa-minus\"><\/i><\/span>\n\t\t\t<span class='e-closed'><i aria-hidden=\"true\" class=\"fas fa-plus\"><\/i><\/span>\n\t\t<\/span>\n\n\t\t\t\t\t\t<\/summary>\n\t\t\t\t<div role=\"region\" aria-labelledby=\"e-n-accordion-item-5021\" class=\"elementor-element elementor-element-f62c0d1 e-flex e-con-boxed e-con e-child\" data-id=\"f62c0d1\" data-element_type=\"container\" data-e-type=\"container\">\n\t\t\t\t\t<div class=\"e-con-inner\">\n\t\t\t\t<div class=\"elementor-element elementor-element-71872f4 elementor-widget elementor-widget-text-editor\" data-id=\"71872f4\" data-element_type=\"widget\" data-e-type=\"widget\" data-widget_type=\"text-editor.default\">\n\t\t\t\t<div class=\"elementor-widget-container\">\n\t\t\t\t\t\t\t\t\t<p style=\"text-align: left;\">Pink Grapefruitsaftkonzentrat (90%), Rohrzucker, nat\u00fcrlische Aromen, S\u00e4ureregulator: Zitronens\u00e4ure, Zuckeraustauschstoffe: Sucralose, Konservierungsmittel: Kaliumsorbat, Natriumbenzoat, Verdickungsmittel: Pektine, nat\u00fcrliche Farbstoff: Holunderextrakt.<\/p>\t\t\t\t\t\t\t\t<\/div>\n\t\t\t\t<\/div>\n\t\t\t\t\t<\/div>\n\t\t\t\t<\/div>\n\t\t\t\t\t<\/details>\n\t\t\t\t\t\t<details id=\"e-n-accordion-item-5022\" class=\"e-n-accordion-item\" >\n\t\t\t\t<summary class=\"e-n-accordion-item-title\" data-accordion-index=\"3\" tabindex=\"-1\" aria-expanded=\"false\" aria-controls=\"e-n-accordion-item-5022\" >\n\t\t\t\t\t<span class='e-n-accordion-item-title-header'><div class=\"e-n-accordion-item-title-text\"> Inhaltsstoffe <\/div><\/span>\n\t\t\t\t\t\t\t<span class='e-n-accordion-item-title-icon'>\n\t\t\t<span class='e-opened' ><i aria-hidden=\"true\" class=\"fas fa-minus\"><\/i><\/span>\n\t\t\t<span class='e-closed'><i aria-hidden=\"true\" class=\"fas fa-plus\"><\/i><\/span>\n\t\t<\/span>\n\n\t\t\t\t\t\t<\/summary>\n\t\t\t\t<div role=\"region\" aria-labelledby=\"e-n-accordion-item-5022\" class=\"elementor-element elementor-element-5eb4925 e-flex e-con-boxed e-con e-child\" data-id=\"5eb4925\" data-element_type=\"container\" data-e-type=\"container\">\n\t\t\t\t\t<div class=\"e-con-inner\">\n\t\t\t\t<div class=\"elementor-element elementor-element-f071d2f elementor-widget elementor-widget-text-editor\" data-id=\"f071d2f\" data-element_type=\"widget\" data-e-type=\"widget\" data-widget_type=\"text-editor.default\">\n\t\t\t\t<div class=\"elementor-widget-container\">\n\t\t\t\t\t\t\t\t\t<p><strong>Inhaltsstoffe pro 100 ml Limonade, wenn gemischt, wie beschrieben:<\/strong><\/p><p>Brennwert: 88 kJ\/22 kcal (0%)<br \/>Fett: 0 g (0%)<br \/>\u2013 davon ges\u00e4ttigte Fetts\u00e4uren: 0 g (0%)<br \/>\u2013 davon unges\u00e4ttigte Fetts\u00e4uren: 0 g (0%)<br \/>Kohlenhydrate 5,48 g (2%)<br \/>\u2013 davon Zucker: 5,01 g<br \/>Eiwei\u00df: 0 g (0%)<br \/>Salz: 3,50 mg (0%)<br \/>*%-Referenzmenge f\u00fcr einen durchschnittlichen Erwachsenen (8.400 kJ\/2.000 kcal)<\/p>\t\t\t\t\t\t\t\t<\/div>\n\t\t\t\t<\/div>\n\t\t\t\t\t<\/div>\n\t\t\t\t<\/div>\n\t\t\t\t\t<\/details>\n\t\t\t\t\t\t<details id=\"e-n-accordion-item-5023\" class=\"e-n-accordion-item\" >\n\t\t\t\t<summary class=\"e-n-accordion-item-title\" data-accordion-index=\"4\" tabindex=\"-1\" aria-expanded=\"false\" aria-controls=\"e-n-accordion-item-5023\" >\n\t\t\t\t\t<span class='e-n-accordion-item-title-header'><div class=\"e-n-accordion-item-title-text\"> Inhalt &amp; Haltbarkeit  <\/div><\/span>\n\t\t\t\t\t\t\t<span class='e-n-accordion-item-title-icon'>\n\t\t\t<span class='e-opened' ><i aria-hidden=\"true\" class=\"fas fa-minus\"><\/i><\/span>\n\t\t\t<span class='e-closed'><i aria-hidden=\"true\" class=\"fas fa-plus\"><\/i><\/span>\n\t\t<\/span>\n\n\t\t\t\t\t\t<\/summary>\n\t\t\t\t<div role=\"region\" aria-labelledby=\"e-n-accordion-item-5023\" class=\"elementor-element elementor-element-edfe2cb e-flex e-con-boxed e-con e-child\" data-id=\"edfe2cb\" data-element_type=\"container\" data-e-type=\"container\">\n\t\t\t\t\t<div class=\"e-con-inner\">\n\t\t\t\t<div class=\"elementor-element elementor-element-1c301e0 elementor-widget elementor-widget-text-editor\" data-id=\"1c301e0\" data-element_type=\"widget\" data-e-type=\"widget\" data-widget_type=\"text-editor.default\">\n\t\t\t\t<div class=\"elementor-widget-container\">\n\t\t\t\t\t\t\t\t\t<p><strong>Inhalt der Flasche:<\/strong> 500 ml<br \/><strong>Haltbarkeit (MHD):<\/strong> 24 Monate unge\u00f6ffnet. 1-2 Monate ge\u00f6ffnet, im K\u00fchlschrank aufbewahren.<br \/><strong>Empfohlene Dosierung<\/strong>: 1 Teil Sirup auf 13,5 Teile Wasser.<\/p>\t\t\t\t\t\t\t\t<\/div>\n\t\t\t\t<\/div>\n\t\t\t\t\t<\/div>\n\t\t\t\t<\/div>\n\t\t\t\t\t<\/details>\n\t\t\t\t\t<\/div>\n\t\t\t\t\t\t<\/div>\n\t\t\t\t<\/div>\n\t\t\t\t<\/div>\n\t\t\t\t<\/div>\n\t\t\t\t<\/div>","protected":false},"excerpt":{"rendered":"<p>Italienischer Pink Grapefruit Sirup ist ein erfrischender Getr\u00e4nkesirup in Premiumqualit\u00e4t, hergestellt aus 90 % konzentriertem Grapefruitsaft. Die sonnengereiften rosa Grapefruits aus Sizilien verleihen ihm einen perfekt ausgewogenen Geschmack \u2013 s\u00fc\u00df, fruchtig-s\u00e4uerlich und ganz ohne Bitterkeit. Genie\u00dfe ihn verd\u00fcnnt mit stillem oder sprudelndem Wasser oder als Basis f\u00fcr einen Spritz, G&amp;T oder Mocktail.<\/p>\n<ul>\n<li>90 % konzentrierter Grapefruitsaft aus Sizilien<\/li>\n<li>\u00a0S\u00fc\u00df und erfrischend s\u00e4uerlich<\/li>\n<li>GMO-frei und ohne k\u00fcnstliche Farbstoffe<\/li>\n<li>Niedriger Zuckergehalt<\/li>\n<\/ul>","protected":false},"featured_media":23599,"template":"","meta":[],"product_brand":[],"product_cat":[148],"product_tag":[],"woo-feed-brand":[],"class_list":{"0":"post-23388","1":"product","2":"type-product","3":"status-publish","4":"has-post-thumbnail","6":"product_cat-sodavandssirup","8":"first","9":"instock","10":"taxable","11":"shipping-taxable","12":"purchasable","13":"product-type-simple"},"_links":{"self":[{"href":"https:\/\/bubliq.com\/de\/wp-json\/wp\/v2\/product\/23388","targetHints":{"allow":["GET"]}}],"collection":[{"href":"https:\/\/bubliq.com\/de\/wp-json\/wp\/v2\/product"}],"about":[{"href":"https:\/\/bubliq.com\/de\/wp-json\/wp\/v2\/types\/product"}],"version-history":[{"count":72,"href":"https:\/\/bubliq.com\/de\/wp-json\/wp\/v2\/product\/23388\/revisions"}],"predecessor-version":[{"id":23550,"href":"https:\/\/bubliq.com\/de\/wp-json\/wp\/v2\/product\/23388\/revisions\/23550"}],"wp:featuredmedia":[{"embeddable":true,"href":"https:\/\/bubliq.com\/de\/wp-json\/wp\/v2\/media\/23599"}],"wp:attachment":[{"href":"https:\/\/bubliq.com\/de\/wp-json\/wp\/v2\/media?parent=23388"}],"wp:term":[{"taxonomy":"product_brand","embeddable":true,"href":"https:\/\/bubliq.com\/de\/wp-json\/wp\/v2\/product_brand?post=23388"},{"taxonomy":"product_cat","embeddable":true,"href":"https:\/\/bubliq.com\/de\/wp-json\/wp\/v2\/product_cat?post=23388"},{"taxonomy":"product_tag","embeddable":true,"href":"https:\/\/bubliq.com\/de\/wp-json\/wp\/v2\/product_tag?post=23388"},{"taxonomy":"woo-feed-brand","embeddable":true,"href":"https:\/\/bubliq.com\/de\/wp-json\/wp\/v2\/woo-feed-brand?post=23388"}],"curies":[{"name":"wp","href":"https:\/\/api.w.org\/{rel}","templated":true}]}}