{"id":543,"date":"2019-06-06T12:36:43","date_gmt":"2019-06-06T10:36:43","guid":{"rendered":"http:\/\/shangsoda.com\/?post_type=product&#038;p=543"},"modified":"2026-04-09T11:53:42","modified_gmt":"2026-04-09T09:53:42","slug":"matsort-bubliq-drink-carbonator","status":"publish","type":"product","link":"https:\/\/bubliq.com\/de\/produkt\/mattschwarz-bubliq-drink-carbonator\/","title":{"rendered":"Mattschwarzer bubliq Wassersprudler"},"content":{"rendered":"<div data-elementor-type=\"product-post\" data-elementor-id=\"543\" class=\"elementor elementor-543\" data-elementor-post-type=\"product\">\n\t\t\t\t<div class=\"elementor-element elementor-element-610b23e elementor-hidden-desktop elementor-hidden-tablet e-flex e-con-boxed e-con e-parent\" data-id=\"610b23e\" data-element_type=\"container\" data-e-type=\"container\">\n\t\t\t\t\t<div class=\"e-con-inner\">\n\t\t\t\t<div class=\"elementor-element elementor-element-0a24c36 elementor-widget elementor-widget-html\" data-id=\"0a24c36\" data-element_type=\"widget\" data-e-type=\"widget\" data-widget_type=\"html.default\">\n\t\t\t\t<div class=\"elementor-widget-container\">\n\t\t\t\t\t<div class=\"wistia_responsive_padding\" style=\"padding:125.0% 0 0 0;position:relative;\"><div class=\"wistia_responsive_wrapper\" style=\"height:100%;left:0;position:absolute;top:0;width:100%;\"><iframe src=\"https:\/\/fast.wistia.net\/embed\/iframe\/ys5a1eqfqz?seo=false&videoFoam=true\" title=\"Louisehjort-bubliq-video 4-5 ratio\" allow=\"autoplay; fullscreen\" allowtransparency=\"true\" frameborder=\"0\" scrolling=\"no\" class=\"wistia_embed\" name=\"wistia_embed\" msallowfullscreen width=\"100%\" height=\"100%\"><\/iframe><\/div><\/div>\n<script src=\"https:\/\/fast.wistia.net\/assets\/external\/E-v1.js\" async><\/script>\t\t\t\t<\/div>\n\t\t\t\t<\/div>\n\t\t\t\t\t<\/div>\n\t\t\t\t<\/div>\n\t\t<div class=\"elementor-element elementor-element-779cfef e-con-full e-flex e-con e-child\" data-id=\"779cfef\" data-element_type=\"container\" data-e-type=\"container\">\n\t\t<div class=\"elementor-element elementor-element-6a0b424 e-con-full e-flex e-con e-child\" data-id=\"6a0b424\" data-element_type=\"container\" data-e-type=\"container\">\n\t\t\t\t<div class=\"elementor-element elementor-element-217112f elementor-widget elementor-widget-n-accordion\" data-id=\"217112f\" data-element_type=\"widget\" data-e-type=\"widget\" data-settings=\"{&quot;default_state&quot;:&quot;expanded&quot;,&quot;max_items_expended&quot;:&quot;one&quot;,&quot;n_accordion_animation_duration&quot;:{&quot;unit&quot;:&quot;ms&quot;,&quot;size&quot;:400,&quot;sizes&quot;:[]}}\" data-widget_type=\"nested-accordion.default\">\n\t\t\t\t<div class=\"elementor-widget-container\">\n\t\t\t\t\t\t\t<div class=\"e-n-accordion\" aria-label=\"Accordion. Open links with Enter or Space, close with Escape, and navigate with Arrow Keys\">\n\t\t\t\t\t\t<details id=\"e-n-accordion-item-3500\" class=\"e-n-accordion-item\" open>\n\t\t\t\t<summary class=\"e-n-accordion-item-title\" data-accordion-index=\"1\" tabindex=\"0\" aria-expanded=\"true\" aria-controls=\"e-n-accordion-item-3500\" >\n\t\t\t\t\t<span class='e-n-accordion-item-title-header'><div class=\"e-n-accordion-item-title-text\"> Produktbeschreibung <\/div><\/span>\n\t\t\t\t\t\t\t<span class='e-n-accordion-item-title-icon'>\n\t\t\t<span class='e-opened' ><i aria-hidden=\"true\" class=\"fas fa-minus\"><\/i><\/span>\n\t\t\t<span class='e-closed'><i aria-hidden=\"true\" class=\"fas fa-plus\"><\/i><\/span>\n\t\t<\/span>\n\n\t\t\t\t\t\t<\/summary>\n\t\t\t\t<div role=\"region\" aria-labelledby=\"e-n-accordion-item-3500\" class=\"elementor-element elementor-element-cec95d8 e-con-full e-flex e-con e-child\" data-id=\"cec95d8\" data-element_type=\"container\" data-e-type=\"container\">\n\t\t\t\t<div class=\"elementor-element elementor-element-32d5381 elementor-widget elementor-widget-text-editor\" data-id=\"32d5381\" data-element_type=\"widget\" data-e-type=\"widget\" data-widget_type=\"text-editor.default\">\n\t\t\t\t<div class=\"elementor-widget-container\">\n\t\t\t\t\t\t\t\t\t<h6><strong>Minimalistisches Aussehen<\/strong><\/h6><p>Der bubliq Wassersprudler in Mattschwarz passt mit seinem minimalistischen und zeitlosen Design gut in jede K\u00fcche. bubliq ist mit seinem 8 cm Breite der d\u00fcnnste Wassersprudler der Welt! Er nimmt nur wenig Platz auf die K\u00fcchentheke ein und die Flasche schm\u00fcckt deinen Tisch mit ihrem hohen, d\u00fcnnen Aussehen.<\/p><h6><strong>Innovative Technologie<\/strong><\/h6><p>Mit der patentierten Air-Charge\u2122-Technologie von bubliq sind Getr\u00e4nke mit Kohlens\u00e4ure im Handumdrehen hergestellt. Schraube den Deckel mit Gasd\u00fcse auf die bubliq Flasche, stelle die Flasche in den Wassersprudler und dr\u00fccke ein paar Male obendrauf, um dem Wasser Kohlens\u00e4ure hinzuzuf\u00fcgen. Mit der Air-Charge\u2122-Technologie setzt bubliq einen neuen Standard auf dem Markt der Wassersprudler \u2013 denn so leicht war Wasser sprudeln noch nie.<\/p><h6><strong>Kohlens\u00e4ure zu jedem Getr\u00e4nk hinzuf\u00fcgen<\/strong><\/h6><p>bubliq ist mehr als ein gew\u00f6hnlicher Wassersprudler. Versuche z.B. aus Wei\u00dfwein eine sommerliche Wei\u00dfweinschorle zu machen, S\u00e4fte mit mildem Sprudel zu trinken oder vielleicht ein prickelndes Zitronenwasser mit frischen Fr\u00fcchten zuzubereiten. Mit deinem bubliq Wassersprudler kannst du allen Getr\u00e4nke Kohlens\u00e4ure hinzuf\u00fcgen \u2013 auch Getr\u00e4nken mit frischen Fr\u00fcchten und Gem\u00fcse. Denn wusstest du, dass Fr\u00fcchte und Gem\u00fcse mehr Geschmack freigeben, wenn das Wasser kohlens\u00e4urehaltig ist? Probiere es mit ein paar frischen Scheiben deiner Lieblingsfr\u00fcchte direkt aus.<\/p>\t\t\t\t\t\t\t\t<\/div>\n\t\t\t\t<\/div>\n\t\t\t\t<\/div>\n\t\t\t\t\t<\/details>\n\t\t\t\t\t\t<details id=\"e-n-accordion-item-3501\" class=\"e-n-accordion-item\" >\n\t\t\t\t<summary class=\"e-n-accordion-item-title\" data-accordion-index=\"2\" tabindex=\"-1\" aria-expanded=\"false\" aria-controls=\"e-n-accordion-item-3501\" >\n\t\t\t\t\t<span class='e-n-accordion-item-title-header'><div class=\"e-n-accordion-item-title-text\"> Ma\u00dfe &amp; Materialien <\/div><\/span>\n\t\t\t\t\t\t\t<span class='e-n-accordion-item-title-icon'>\n\t\t\t<span class='e-opened' ><i aria-hidden=\"true\" class=\"fas fa-minus\"><\/i><\/span>\n\t\t\t<span class='e-closed'><i aria-hidden=\"true\" class=\"fas fa-plus\"><\/i><\/span>\n\t\t<\/span>\n\n\t\t\t\t\t\t<\/summary>\n\t\t\t\t<div role=\"region\" aria-labelledby=\"e-n-accordion-item-3501\" class=\"elementor-element elementor-element-64003e2 e-con-full e-flex e-con e-child\" data-id=\"64003e2\" data-element_type=\"container\" data-e-type=\"container\">\n\t\t\t\t<div class=\"elementor-element elementor-element-62d28d7 elementor-widget elementor-widget-text-editor\" data-id=\"62d28d7\" data-element_type=\"widget\" data-e-type=\"widget\" data-widget_type=\"text-editor.default\">\n\t\t\t\t<div class=\"elementor-widget-container\">\n\t\t\t\t\t\t\t\t\t<p><strong>bubliq Wassersprudler<br \/><\/strong>Material: ABS<strong><br \/><\/strong>Ma\u00dfe: 42,5 x 8 x 16,5 cm (H\u00f6he x Breite x Tiefe)<br \/>Gewicht: 0,8 kg (ohne CO2-Zylinder)<\/p><p><strong>bubliq Flasche<br \/><\/strong>Material: PET, 100% BPA-frei<strong><br \/><\/strong>Ma\u00dfe: 37,2 x 6,8 cm (H\u00f6he x Durchmesser)<\/p>\t\t\t\t\t\t\t\t<\/div>\n\t\t\t\t<\/div>\n\t\t\t\t<\/div>\n\t\t\t\t\t<\/details>\n\t\t\t\t\t\t<details id=\"e-n-accordion-item-3502\" class=\"e-n-accordion-item\" >\n\t\t\t\t<summary class=\"e-n-accordion-item-title\" data-accordion-index=\"3\" tabindex=\"-1\" aria-expanded=\"false\" aria-controls=\"e-n-accordion-item-3502\" >\n\t\t\t\t\t<span class='e-n-accordion-item-title-header'><div class=\"e-n-accordion-item-title-text\"> Kompatibilit\u00e4t von CO2-Zylindern <\/div><\/span>\n\t\t\t\t\t\t\t<span class='e-n-accordion-item-title-icon'>\n\t\t\t<span class='e-opened' ><i aria-hidden=\"true\" class=\"fas fa-minus\"><\/i><\/span>\n\t\t\t<span class='e-closed'><i aria-hidden=\"true\" class=\"fas fa-plus\"><\/i><\/span>\n\t\t<\/span>\n\n\t\t\t\t\t\t<\/summary>\n\t\t\t\t<div role=\"region\" aria-labelledby=\"e-n-accordion-item-3502\" class=\"elementor-element elementor-element-39d0641 e-con-full e-flex e-con e-child\" data-id=\"39d0641\" data-element_type=\"container\" data-e-type=\"container\">\n\t\t\t\t<div class=\"elementor-element elementor-element-e5e8e20 elementor-widget elementor-widget-text-editor\" data-id=\"e5e8e20\" data-element_type=\"widget\" data-e-type=\"widget\" data-widget_type=\"text-editor.default\">\n\t\t\t\t<div class=\"elementor-widget-container\">\n\t\t\t\t\t\t\t\t\t<p>Der bubliq Wassersprudler ist mit allen 425-450 g CO2-Zylindern z.B. von Sodab\u00e4r, Grohe und SodaStream kompatibel (au\u00dfer SodaStream Quick Connect).\u00a0<\/p>\t\t\t\t\t\t\t\t<\/div>\n\t\t\t\t<\/div>\n\t\t\t\t<\/div>\n\t\t\t\t\t<\/details>\n\t\t\t\t\t\t<details id=\"e-n-accordion-item-3503\" class=\"e-n-accordion-item\" >\n\t\t\t\t<summary class=\"e-n-accordion-item-title\" data-accordion-index=\"4\" tabindex=\"-1\" aria-expanded=\"false\" aria-controls=\"e-n-accordion-item-3503\" >\n\t\t\t\t\t<span class='e-n-accordion-item-title-header'><div class=\"e-n-accordion-item-title-text\"> CO2-Zylinder Austausch <\/div><\/span>\n\t\t\t\t\t\t\t<span class='e-n-accordion-item-title-icon'>\n\t\t\t<span class='e-opened' ><i aria-hidden=\"true\" class=\"fas fa-minus\"><\/i><\/span>\n\t\t\t<span class='e-closed'><i aria-hidden=\"true\" class=\"fas fa-plus\"><\/i><\/span>\n\t\t<\/span>\n\n\t\t\t\t\t\t<\/summary>\n\t\t\t\t<div role=\"region\" aria-labelledby=\"e-n-accordion-item-3503\" class=\"elementor-element elementor-element-1161b19 e-flex e-con-boxed e-con e-child\" data-id=\"1161b19\" data-element_type=\"container\" data-e-type=\"container\">\n\t\t\t\t\t<div class=\"e-con-inner\">\n\t\t\t\t<div class=\"elementor-element elementor-element-16a4337 elementor-widget elementor-widget-text-editor\" data-id=\"16a4337\" data-element_type=\"widget\" data-e-type=\"widget\" data-widget_type=\"text-editor.default\">\n\t\t\t\t<div class=\"elementor-widget-container\">\n\t\t\t\t\t\t\t\t\t<p class=\"translation-block\"><b>Austausch gegen andere Marken<\/b><br>\nDer Austausch von den CO2-Zylindern ist einfach, da die meisten CO2-Zylinder f\u00fcr Wassersprudler einem globalen, universellen Standard folgen. Du kannst deinen Zylinder problemlos gegen jede andere Marke austauschen, solange diese ein Ventil mit Schraubgewinde hat. Dadurch wird die Kompatibilit\u00e4t mit deinem bubliq Wassersprudler gew\u00e4hrleistet.<\/p>\t\t\t\t\t\t\t\t<\/div>\n\t\t\t\t<\/div>\n\t\t\t\t\t<\/div>\n\t\t\t\t<\/div>\n\t\t\t\t\t<\/details>\n\t\t\t\t\t\t<details id=\"e-n-accordion-item-3504\" class=\"e-n-accordion-item\" >\n\t\t\t\t<summary class=\"e-n-accordion-item-title\" data-accordion-index=\"5\" tabindex=\"-1\" aria-expanded=\"false\" aria-controls=\"e-n-accordion-item-3504\" >\n\t\t\t\t\t<span class='e-n-accordion-item-title-header'><div class=\"e-n-accordion-item-title-text\"> Reinigung und Pflege <\/div><\/span>\n\t\t\t\t\t\t\t<span class='e-n-accordion-item-title-icon'>\n\t\t\t<span class='e-opened' ><i aria-hidden=\"true\" class=\"fas fa-minus\"><\/i><\/span>\n\t\t\t<span class='e-closed'><i aria-hidden=\"true\" class=\"fas fa-plus\"><\/i><\/span>\n\t\t<\/span>\n\n\t\t\t\t\t\t<\/summary>\n\t\t\t\t<div role=\"region\" aria-labelledby=\"e-n-accordion-item-3504\" class=\"elementor-element elementor-element-2389c67 e-flex e-con-boxed e-con e-child\" data-id=\"2389c67\" data-element_type=\"container\" data-e-type=\"container\">\n\t\t\t\t\t<div class=\"e-con-inner\">\n\t\t\t\t<div class=\"elementor-element elementor-element-57664e1 elementor-widget elementor-widget-text-editor\" data-id=\"57664e1\" data-element_type=\"widget\" data-e-type=\"widget\" data-widget_type=\"text-editor.default\">\n\t\t\t\t<div class=\"elementor-widget-container\">\n\t\t\t\t\t\t\t\t\t<p style=\"text-align: left;\"><strong>bubliq Wassersprudler<\/strong><br \/>Reinige den Trinkwassersprudler mit einem feuchten Tuch und einem milden Reinigungsmittel. Vermeide aggressive Reinigungsmittel, da diese die Oberfl\u00e4che besch\u00e4digen k\u00f6nnen.<br \/><strong><br \/>PET-Flasche<br \/><\/strong>Reinige die Flasche von Hand mit einem milden Reinigungsmittel. Vermeide es, die Flasche Temperaturen von unter 4 \u00b0C und \u00fcber 40 \u00b0C auszusetzen. Die Flasche ist <strong>nicht<\/strong> sp\u00fclmaschinenfest.<\/p><p><strong>Deckel mit Gasd\u00fcse<\/strong><br \/>Die Gasd\u00fcse ist im Deckel montiert und kann daher leicht gereinigt werden. Wenn du die Gasd\u00fcse regelm\u00e4\u00dfig reinigst, stellst du sicher, dass die Hygiene immer optimal bleibt. Beim Sprudeln von anderen Fl\u00fcssigkeiten als Wasser sollte der Deckel mit Gasd\u00fcse nach jeder Benutzung gereinigt werden, damit Zucker und andere Zusatzstoffe die D\u00fcse nicht verstopfen. Die Gasd\u00fcse wird am besten mit warmem Wasser und einem milden Reinigungsmittel gereinigt. Die Teile sind <strong>nicht<\/strong> sp\u00fclmaschinenfest.<\/p>\t\t\t\t\t\t\t\t<\/div>\n\t\t\t\t<\/div>\n\t\t\t\t\t<\/div>\n\t\t\t\t<\/div>\n\t\t\t\t\t<\/details>\n\t\t\t\t\t\t<details id=\"e-n-accordion-item-3505\" class=\"e-n-accordion-item\" >\n\t\t\t\t<summary class=\"e-n-accordion-item-title\" data-accordion-index=\"6\" tabindex=\"-1\" aria-expanded=\"false\" aria-controls=\"e-n-accordion-item-3505\" >\n\t\t\t\t\t<span class='e-n-accordion-item-title-header'><div class=\"e-n-accordion-item-title-text\"> Ersatzteile <\/div><\/span>\n\t\t\t\t\t\t\t<span class='e-n-accordion-item-title-icon'>\n\t\t\t<span class='e-opened' ><i aria-hidden=\"true\" class=\"fas fa-minus\"><\/i><\/span>\n\t\t\t<span class='e-closed'><i aria-hidden=\"true\" class=\"fas fa-plus\"><\/i><\/span>\n\t\t<\/span>\n\n\t\t\t\t\t\t<\/summary>\n\t\t\t\t<div role=\"region\" aria-labelledby=\"e-n-accordion-item-3505\" class=\"elementor-element elementor-element-c8d1be4 e-flex e-con-boxed e-con e-child\" data-id=\"c8d1be4\" data-element_type=\"container\" data-e-type=\"container\">\n\t\t\t\t\t<div class=\"e-con-inner\">\n\t\t\t\t<div class=\"elementor-element elementor-element-8a9bfdc elementor-widget elementor-widget-text-editor\" data-id=\"8a9bfdc\" data-element_type=\"widget\" data-e-type=\"widget\" data-widget_type=\"text-editor.default\">\n\t\t\t\t<div class=\"elementor-widget-container\">\n\t\t\t\t\t\t\t\t\t<p>Ben\u00f6tigst du einen zus\u00e4tzlichen Deckel mit Gasd\u00fcse f\u00fcr deinen bubliq Wassersprudler?<\/p><p><a href=\"https:\/\/bubliq.com\/de\/produkt\/infuser-cap\/\">Einen extra Deckel mit Gasd\u00fcse findest du hier.<\/a><\/p>\t\t\t\t\t\t\t\t<\/div>\n\t\t\t\t<\/div>\n\t\t\t\t\t<\/div>\n\t\t\t\t<\/div>\n\t\t\t\t\t<\/details>\n\t\t\t\t\t\t<details id=\"e-n-accordion-item-3506\" class=\"e-n-accordion-item\" >\n\t\t\t\t<summary class=\"e-n-accordion-item-title\" data-accordion-index=\"7\" tabindex=\"-1\" aria-expanded=\"false\" aria-controls=\"e-n-accordion-item-3506\" >\n\t\t\t\t\t<span class='e-n-accordion-item-title-header'><div class=\"e-n-accordion-item-title-text\"> Bedienungsanleitung <\/div><\/span>\n\t\t\t\t\t\t\t<span class='e-n-accordion-item-title-icon'>\n\t\t\t<span class='e-opened' ><i aria-hidden=\"true\" class=\"fas fa-minus\"><\/i><\/span>\n\t\t\t<span class='e-closed'><i aria-hidden=\"true\" class=\"fas fa-plus\"><\/i><\/span>\n\t\t<\/span>\n\n\t\t\t\t\t\t<\/summary>\n\t\t\t\t<div role=\"region\" aria-labelledby=\"e-n-accordion-item-3506\" class=\"elementor-element elementor-element-dccdaa7 e-flex e-con-boxed e-con e-child\" data-id=\"dccdaa7\" data-element_type=\"container\" data-e-type=\"container\">\n\t\t\t\t\t<div class=\"e-con-inner\">\n\t\t\t\t<div class=\"elementor-element elementor-element-8f57527 elementor-widget elementor-widget-text-editor\" data-id=\"8f57527\" data-element_type=\"widget\" data-e-type=\"widget\" data-widget_type=\"text-editor.default\">\n\t\t\t\t<div class=\"elementor-widget-container\">\n\t\t\t\t\t\t\t\t\t<p>Die Bedienungsanleitung f\u00fcr den bubliq Wassersprudler findest du <a href=\"https:\/\/bubliq.com\/wp-content\/uploads\/2025\/07\/User-Manual-bubliq-drink-carbonator-2025-Web.pdf\" target=\"_blank\" rel=\"noopener\">hier.<\/a><\/p>\t\t\t\t\t\t\t\t<\/div>\n\t\t\t\t<\/div>\n\t\t\t\t\t<\/div>\n\t\t\t\t<\/div>\n\t\t\t\t\t<\/details>\n\t\t\t\t\t<\/div>\n\t\t\t\t\t\t<\/div>\n\t\t\t\t<\/div>\n\t\t\t\t<\/div>\n\t\t\t\t<\/div>\n\t\t\t\t<\/div>","protected":false},"excerpt":{"rendered":"<p><strong>Minimalistischer Wassersprudler in skandinavischem Design<\/strong><br \/>\nWir stellen den schmalsten Wassersprudler der Welt vor: Der bubliq Wassersprudler ist mit einer Breite von nur 8 cm ein Ausdruck des skandinavischen Minimalismus. Der Wassersprudler nimmt nur sehr wenig Platz ein und passt mit seinem eleganten mattschwarzen Design in jede K\u00fcche. Mit der einzigartigen Bedienung und der patentierten Air-Charge\u2122-Technologie von bubliq ist es leicht und schnell Wasser in erfrischendes Sprudelwasser und k\u00f6stliche Getr\u00e4nke zu verwandeln!<\/p>","protected":false},"featured_media":20857,"template":"","meta":[],"product_brand":[],"product_cat":[31],"product_tag":[30],"woo-feed-brand":[],"class_list":{"0":"post-543","1":"product","2":"type-product","3":"status-publish","4":"has-post-thumbnail","6":"product_cat-sodavandsmaskiner","7":"product_tag-kulsyremaskine","9":"first","10":"instock","11":"taxable","12":"shipping-taxable","13":"purchasable","14":"product-type-simple"},"_links":{"self":[{"href":"https:\/\/bubliq.com\/de\/wp-json\/wp\/v2\/product\/543","targetHints":{"allow":["GET"]}}],"collection":[{"href":"https:\/\/bubliq.com\/de\/wp-json\/wp\/v2\/product"}],"about":[{"href":"https:\/\/bubliq.com\/de\/wp-json\/wp\/v2\/types\/product"}],"version-history":[{"count":40,"href":"https:\/\/bubliq.com\/de\/wp-json\/wp\/v2\/product\/543\/revisions"}],"predecessor-version":[{"id":24668,"href":"https:\/\/bubliq.com\/de\/wp-json\/wp\/v2\/product\/543\/revisions\/24668"}],"wp:featuredmedia":[{"embeddable":true,"href":"https:\/\/bubliq.com\/de\/wp-json\/wp\/v2\/media\/20857"}],"wp:attachment":[{"href":"https:\/\/bubliq.com\/de\/wp-json\/wp\/v2\/media?parent=543"}],"wp:term":[{"taxonomy":"product_brand","embeddable":true,"href":"https:\/\/bubliq.com\/de\/wp-json\/wp\/v2\/product_brand?post=543"},{"taxonomy":"product_cat","embeddable":true,"href":"https:\/\/bubliq.com\/de\/wp-json\/wp\/v2\/product_cat?post=543"},{"taxonomy":"product_tag","embeddable":true,"href":"https:\/\/bubliq.com\/de\/wp-json\/wp\/v2\/product_tag?post=543"},{"taxonomy":"woo-feed-brand","embeddable":true,"href":"https:\/\/bubliq.com\/de\/wp-json\/wp\/v2\/woo-feed-brand?post=543"}],"curies":[{"name":"wp","href":"https:\/\/api.w.org\/{rel}","templated":true}]}}