{"id":8498,"date":"2020-07-23T07:03:14","date_gmt":"2020-07-23T05:03:14","guid":{"rendered":"https:\/\/bubliq.com\/?post_type=product&#038;p=8498"},"modified":"2026-02-10T11:03:56","modified_gmt":"2026-02-10T09:03:56","slug":"italian-blood-orange-sirup","status":"publish","type":"product","link":"https:\/\/bubliq.com\/de\/produkt\/italienische-blutorange-sirup\/","title":{"rendered":"Italian Blood Orange"},"content":{"rendered":"<div data-elementor-type=\"product-post\" data-elementor-id=\"8498\" class=\"elementor elementor-8498\" data-elementor-post-type=\"product\">\n\t\t\t\t<div class=\"elementor-element elementor-element-14e66cb e-con-full e-flex e-con e-child\" data-id=\"14e66cb\" data-element_type=\"container\" data-e-type=\"container\">\n\t\t<div class=\"elementor-element elementor-element-9a7e9e8 e-con-full e-flex e-con e-child\" data-id=\"9a7e9e8\" data-element_type=\"container\" data-e-type=\"container\">\n\t\t\t\t<div class=\"elementor-element elementor-element-2fe04da elementor-widget elementor-widget-n-accordion\" data-id=\"2fe04da\" data-element_type=\"widget\" data-e-type=\"widget\" data-settings=\"{&quot;default_state&quot;:&quot;expanded&quot;,&quot;max_items_expended&quot;:&quot;one&quot;,&quot;n_accordion_animation_duration&quot;:{&quot;unit&quot;:&quot;ms&quot;,&quot;size&quot;:400,&quot;sizes&quot;:[]}}\" data-widget_type=\"nested-accordion.default\">\n\t\t\t\t<div class=\"elementor-widget-container\">\n\t\t\t\t\t\t\t<div class=\"e-n-accordion\" aria-label=\"Accordion. Open links with Enter or Space, close with Escape, and navigate with Arrow Keys\">\n\t\t\t\t\t\t<details id=\"e-n-accordion-item-5020\" class=\"e-n-accordion-item\" open>\n\t\t\t\t<summary class=\"e-n-accordion-item-title\" data-accordion-index=\"1\" tabindex=\"0\" aria-expanded=\"true\" aria-controls=\"e-n-accordion-item-5020\" >\n\t\t\t\t\t<span class='e-n-accordion-item-title-header'><div class=\"e-n-accordion-item-title-text\"> Produktbeschreibung <\/div><\/span>\n\t\t\t\t\t\t\t<span class='e-n-accordion-item-title-icon'>\n\t\t\t<span class='e-opened' ><i aria-hidden=\"true\" class=\"fas fa-minus\"><\/i><\/span>\n\t\t\t<span class='e-closed'><i aria-hidden=\"true\" class=\"fas fa-plus\"><\/i><\/span>\n\t\t<\/span>\n\n\t\t\t\t\t\t<\/summary>\n\t\t\t\t<div role=\"region\" aria-labelledby=\"e-n-accordion-item-5020\" class=\"elementor-element elementor-element-ee6a6f3 e-con-full e-flex e-con e-child\" data-id=\"ee6a6f3\" data-element_type=\"container\" data-e-type=\"container\">\n\t\t\t\t<div class=\"elementor-element elementor-element-c8e4d5a elementor-widget elementor-widget-text-editor\" data-id=\"c8e4d5a\" data-element_type=\"widget\" data-e-type=\"widget\" data-widget_type=\"text-editor.default\">\n\t\t\t\t<div class=\"elementor-widget-container\">\n\t\t\t\t\t\t\t\t\t<p>Der italienische Blutorangensirup schmeckt wie ein Sommer im S\u00fcden. Der erfrischende <a href=\"https:\/\/bubliq.com\/de\/sirups\/\">Getr\u00e4nkesirup<\/a> wird aus sonnengereiften Blutorangen gewonnen, die auf Sizilien angebaut und geerntet werden. Sie stammen aus nachhaltigem Anbau am Fu\u00dfe des \u00c4tna \u2013 dem h\u00f6chsten aktiven Vulkan Europas. Die handgepfl\u00fcckten Blutorangen aus Sizilien z\u00e4hlen zu den Besten der Welt. Das sonnige Seeklima sowie der spezielle vulkanische Boden geben den Blutorangen ihre kr\u00e4ftige rote Farbe und ihren aromatischen Geschmack. Wir empfehlen den Sirup im Verh\u00e4ltnis von 1:13,5 zu mischen \u2013 das ergibt insgesamt 7,25L leckere Limonade f\u00fcr dich. Aber probiere selbst aus, welches Verh\u00e4ltnis dir am besten schmeckt. Unseren Blutorangensirup kannst du mit oder ohne Sprudel genie\u00dfen, oder auch als s\u00fc\u00df-fruchtige Erg\u00e4nzung in einen G&amp;T oder Negroni mischen.<\/p><p>Der BPA-freie Beh\u00e4lter ist luftdicht verschlossen und l\u00e4sst die Limonade im K\u00fchlschrank mehrere Monate frisch bleiben.<\/p>\t\t\t\t\t\t\t\t<\/div>\n\t\t\t\t<\/div>\n\t\t\t\t<\/div>\n\t\t\t\t\t<\/details>\n\t\t\t\t\t\t<details id=\"e-n-accordion-item-5021\" class=\"e-n-accordion-item\" >\n\t\t\t\t<summary class=\"e-n-accordion-item-title\" data-accordion-index=\"2\" tabindex=\"-1\" aria-expanded=\"false\" aria-controls=\"e-n-accordion-item-5021\" >\n\t\t\t\t\t<span class='e-n-accordion-item-title-header'><div class=\"e-n-accordion-item-title-text\"> Zutaten <\/div><\/span>\n\t\t\t\t\t\t\t<span class='e-n-accordion-item-title-icon'>\n\t\t\t<span class='e-opened' ><i aria-hidden=\"true\" class=\"fas fa-minus\"><\/i><\/span>\n\t\t\t<span class='e-closed'><i aria-hidden=\"true\" class=\"fas fa-plus\"><\/i><\/span>\n\t\t<\/span>\n\n\t\t\t\t\t\t<\/summary>\n\t\t\t\t<div role=\"region\" aria-labelledby=\"e-n-accordion-item-5021\" class=\"elementor-element elementor-element-f62c0d1 e-flex e-con-boxed e-con e-child\" data-id=\"f62c0d1\" data-element_type=\"container\" data-e-type=\"container\">\n\t\t\t\t\t<div class=\"e-con-inner\">\n\t\t\t\t<div class=\"elementor-element elementor-element-71872f4 elementor-widget elementor-widget-text-editor\" data-id=\"71872f4\" data-element_type=\"widget\" data-e-type=\"widget\" data-widget_type=\"text-editor.default\">\n\t\t\t\t<div class=\"elementor-widget-container\">\n\t\t\t\t\t\t\t\t\t<p style=\"text-align: left;\">konzentrierter Blutorangensaft und Fruchtfleisch (88%), Rohrzucker, nat\u00fcrlische Aromen, S\u00e4ureregulator: Zitronens\u00e4ure, Zuckeraustauschstoffe: Sucralose, Konservierungsmittel: Kaliumsorbat, Natriumbenzoat, Verdickungsmittel: Pektine, nat\u00fcrliche Farbstoff: Holunderextrakt.<\/p>\t\t\t\t\t\t\t\t<\/div>\n\t\t\t\t<\/div>\n\t\t\t\t\t<\/div>\n\t\t\t\t<\/div>\n\t\t\t\t\t<\/details>\n\t\t\t\t\t\t<details id=\"e-n-accordion-item-5022\" class=\"e-n-accordion-item\" >\n\t\t\t\t<summary class=\"e-n-accordion-item-title\" data-accordion-index=\"3\" tabindex=\"-1\" aria-expanded=\"false\" aria-controls=\"e-n-accordion-item-5022\" >\n\t\t\t\t\t<span class='e-n-accordion-item-title-header'><div class=\"e-n-accordion-item-title-text\"> Inhaltsstoffe <\/div><\/span>\n\t\t\t\t\t\t\t<span class='e-n-accordion-item-title-icon'>\n\t\t\t<span class='e-opened' ><i aria-hidden=\"true\" class=\"fas fa-minus\"><\/i><\/span>\n\t\t\t<span class='e-closed'><i aria-hidden=\"true\" class=\"fas fa-plus\"><\/i><\/span>\n\t\t<\/span>\n\n\t\t\t\t\t\t<\/summary>\n\t\t\t\t<div role=\"region\" aria-labelledby=\"e-n-accordion-item-5022\" class=\"elementor-element elementor-element-5eb4925 e-flex e-con-boxed e-con e-child\" data-id=\"5eb4925\" data-element_type=\"container\" data-e-type=\"container\">\n\t\t\t\t\t<div class=\"e-con-inner\">\n\t\t\t\t<div class=\"elementor-element elementor-element-f071d2f elementor-widget elementor-widget-text-editor\" data-id=\"f071d2f\" data-element_type=\"widget\" data-e-type=\"widget\" data-widget_type=\"text-editor.default\">\n\t\t\t\t<div class=\"elementor-widget-container\">\n\t\t\t\t\t\t\t\t\t<p><strong>Inhaltsstoffe pro 100 ml Limonade, wenn gemischt, wie beschrieben:<\/strong><\/p><p>Brennwert: 91 kJ\/21 kcal (0%)<br \/>Fett: 0 g (0%)<br \/>\u2013 davon ges\u00e4ttigte Fetts\u00e4uren: 0 g (0%)<br \/>\u2013 davon unges\u00e4ttigte Fetts\u00e4uren: 0 g (0%)<br \/>Kohlenhydrate 5,48 g (2%)<br \/>\u2013 davon Zucker: 5,08 g<br \/>Eiwei\u00df: 0 g (0%)<br \/>Salz: 4 mg (0%)<br \/>*%-Referenzmenge f\u00fcr einen durchschnittlichen Erwachsenen (8.400 kJ\/2.000 kcal)<\/p>\t\t\t\t\t\t\t\t<\/div>\n\t\t\t\t<\/div>\n\t\t\t\t\t<\/div>\n\t\t\t\t<\/div>\n\t\t\t\t\t<\/details>\n\t\t\t\t\t\t<details id=\"e-n-accordion-item-5023\" class=\"e-n-accordion-item\" >\n\t\t\t\t<summary class=\"e-n-accordion-item-title\" data-accordion-index=\"4\" tabindex=\"-1\" aria-expanded=\"false\" aria-controls=\"e-n-accordion-item-5023\" >\n\t\t\t\t\t<span class='e-n-accordion-item-title-header'><div class=\"e-n-accordion-item-title-text\"> Inhalt &amp; Haltbarkeit  <\/div><\/span>\n\t\t\t\t\t\t\t<span class='e-n-accordion-item-title-icon'>\n\t\t\t<span class='e-opened' ><i aria-hidden=\"true\" class=\"fas fa-minus\"><\/i><\/span>\n\t\t\t<span class='e-closed'><i aria-hidden=\"true\" class=\"fas fa-plus\"><\/i><\/span>\n\t\t<\/span>\n\n\t\t\t\t\t\t<\/summary>\n\t\t\t\t<div role=\"region\" aria-labelledby=\"e-n-accordion-item-5023\" class=\"elementor-element elementor-element-edfe2cb e-flex e-con-boxed e-con e-child\" data-id=\"edfe2cb\" data-element_type=\"container\" data-e-type=\"container\">\n\t\t\t\t\t<div class=\"e-con-inner\">\n\t\t\t\t<div class=\"elementor-element elementor-element-1c301e0 elementor-widget elementor-widget-text-editor\" data-id=\"1c301e0\" data-element_type=\"widget\" data-e-type=\"widget\" data-widget_type=\"text-editor.default\">\n\t\t\t\t<div class=\"elementor-widget-container\">\n\t\t\t\t\t\t\t\t\t<p><strong>Inhalt der Flasche:<\/strong> 500 ml<br \/><strong>Haltbarkeit (MHD):<\/strong> 24 Monate unge\u00f6ffnet. 1-2 Monate ge\u00f6ffnet, im K\u00fchlschrank aufbewahren.<br \/><strong>Empfohlene Dosierung<\/strong>: 1 Teil Sirup auf 13,5 Teile Wasser.<\/p>\t\t\t\t\t\t\t\t<\/div>\n\t\t\t\t<\/div>\n\t\t\t\t\t<\/div>\n\t\t\t\t<\/div>\n\t\t\t\t\t<\/details>\n\t\t\t\t\t<\/div>\n\t\t\t\t\t\t<\/div>\n\t\t\t\t<\/div>\n\t\t\t\t<\/div>\n\t\t\t\t<\/div>\n\t\t\t\t<\/div>","protected":false},"excerpt":{"rendered":"<p>Unsere Getr\u00e4nkesirup Italienische Blutorange ist ein Qualit\u00e4tssirup mit 88 % konzentriertem Blutorangensaft aus Sizilien, der dein Sprudelwasser zu jeder Jahreszeit in ein erfrischendes Sommergetr\u00e4nk verwandelt. Die angenehme S\u00fc\u00dfe und der leicht s\u00e4uerliche Nachgeschmack werden dich auf eine aromatische Reise nach Sizilien schicken, das f\u00fcr den Anbau der besten Blutorangen der Welt bekannt ist. Genie\u00dfe den k\u00f6stlichen Sirup als Erfrischung \u2013 egal ob mit oder ohne Sprudel.<\/p>\n<ul>\n<li>88\u00a0% konzentrierter Blutorangensaft aus Sizilien<\/li>\n<li>S\u00fc\u00df und erfrischend<\/li>\n<li>GMO-frei und ohne k\u00fcnstliche Farbstoffe<\/li>\n<li>Niedriger Zuckergehalt<\/li>\n<\/ul>","protected":false},"featured_media":23595,"template":"","meta":[],"product_brand":[],"product_cat":[148],"product_tag":[],"woo-feed-brand":[],"class_list":{"0":"post-8498","1":"product","2":"type-product","3":"status-publish","4":"has-post-thumbnail","6":"product_cat-sodavandssirup","8":"first","9":"instock","10":"taxable","11":"shipping-taxable","12":"purchasable","13":"product-type-simple"},"_links":{"self":[{"href":"https:\/\/bubliq.com\/de\/wp-json\/wp\/v2\/product\/8498","targetHints":{"allow":["GET"]}}],"collection":[{"href":"https:\/\/bubliq.com\/de\/wp-json\/wp\/v2\/product"}],"about":[{"href":"https:\/\/bubliq.com\/de\/wp-json\/wp\/v2\/types\/product"}],"version-history":[{"count":35,"href":"https:\/\/bubliq.com\/de\/wp-json\/wp\/v2\/product\/8498\/revisions"}],"predecessor-version":[{"id":22471,"href":"https:\/\/bubliq.com\/de\/wp-json\/wp\/v2\/product\/8498\/revisions\/22471"}],"wp:featuredmedia":[{"embeddable":true,"href":"https:\/\/bubliq.com\/de\/wp-json\/wp\/v2\/media\/23595"}],"wp:attachment":[{"href":"https:\/\/bubliq.com\/de\/wp-json\/wp\/v2\/media?parent=8498"}],"wp:term":[{"taxonomy":"product_brand","embeddable":true,"href":"https:\/\/bubliq.com\/de\/wp-json\/wp\/v2\/product_brand?post=8498"},{"taxonomy":"product_cat","embeddable":true,"href":"https:\/\/bubliq.com\/de\/wp-json\/wp\/v2\/product_cat?post=8498"},{"taxonomy":"product_tag","embeddable":true,"href":"https:\/\/bubliq.com\/de\/wp-json\/wp\/v2\/product_tag?post=8498"},{"taxonomy":"woo-feed-brand","embeddable":true,"href":"https:\/\/bubliq.com\/de\/wp-json\/wp\/v2\/woo-feed-brand?post=8498"}],"curies":[{"name":"wp","href":"https:\/\/api.w.org\/{rel}","templated":true}]}}