{"id":9188,"date":"2020-10-02T10:05:10","date_gmt":"2020-10-02T08:05:10","guid":{"rendered":"https:\/\/bubliq.com\/?post_type=product&#038;p=9188"},"modified":"2026-05-07T12:58:18","modified_gmt":"2026-05-07T10:58:18","slug":"bubliq-kulsyrepatron","status":"publish","type":"product","link":"https:\/\/bubliq.com\/de\/produkt\/bubliq-co2-zylinder\/","title":{"rendered":"bubliq CO2 Zylinder 450 g"},"content":{"rendered":"<div data-elementor-type=\"product-post\" data-elementor-id=\"9188\" class=\"elementor elementor-9188\" data-elementor-post-type=\"product\">\n\t\t\t\t<div class=\"elementor-element elementor-element-83b535a e-con-full e-flex e-con e-child\" data-id=\"83b535a\" data-element_type=\"container\" data-e-type=\"container\">\n\t\t<div class=\"elementor-element elementor-element-750fd80 e-con-full e-flex e-con e-child\" data-id=\"750fd80\" data-element_type=\"container\" data-e-type=\"container\">\n\t\t\t\t<div class=\"elementor-element elementor-element-bfa5e0a elementor-widget elementor-widget-n-accordion\" data-id=\"bfa5e0a\" data-element_type=\"widget\" data-e-type=\"widget\" data-settings=\"{&quot;default_state&quot;:&quot;expanded&quot;,&quot;max_items_expended&quot;:&quot;one&quot;,&quot;n_accordion_animation_duration&quot;:{&quot;unit&quot;:&quot;ms&quot;,&quot;size&quot;:400,&quot;sizes&quot;:[]}}\" data-widget_type=\"nested-accordion.default\">\n\t\t\t\t<div class=\"elementor-widget-container\">\n\t\t\t\t\t\t\t<div class=\"e-n-accordion\" aria-label=\"Accordion. Open links with Enter or Space, close with Escape, and navigate with Arrow Keys\">\n\t\t\t\t\t\t<details id=\"e-n-accordion-item-2000\" class=\"e-n-accordion-item\" open>\n\t\t\t\t<summary class=\"e-n-accordion-item-title\" data-accordion-index=\"1\" tabindex=\"0\" aria-expanded=\"true\" aria-controls=\"e-n-accordion-item-2000\" >\n\t\t\t\t\t<span class='e-n-accordion-item-title-header'><div class=\"e-n-accordion-item-title-text\"> Produktbeschreibung <\/div><\/span>\n\t\t\t\t\t\t\t<span class='e-n-accordion-item-title-icon'>\n\t\t\t<span class='e-opened' ><i aria-hidden=\"true\" class=\"fas fa-minus\"><\/i><\/span>\n\t\t\t<span class='e-closed'><i aria-hidden=\"true\" class=\"fas fa-plus\"><\/i><\/span>\n\t\t<\/span>\n\n\t\t\t\t\t\t<\/summary>\n\t\t\t\t<div role=\"region\" aria-labelledby=\"e-n-accordion-item-2000\" class=\"elementor-element elementor-element-c76c227 e-con-full e-flex e-con e-child\" data-id=\"c76c227\" data-element_type=\"container\" data-e-type=\"container\">\n\t\t\t\t<div class=\"elementor-element elementor-element-b50bbcb elementor-widget elementor-widget-text-editor\" data-id=\"b50bbcb\" data-element_type=\"widget\" data-e-type=\"widget\" data-widget_type=\"text-editor.default\">\n\t\t\t\t<div class=\"elementor-widget-container\">\n\t\t\t\t\t\t\t\t\t<p>Die bubliq CO2-Zylinder f\u00fcr Wassersprudler fassen 450 g CO2 in Lebensmittelqualit\u00e4t und sind so konzipiert, dass sie sich nahtlos mit dem bubliq Wassersprudler und den meisten anderen Sprudelger\u00e4ten kombinieren lassen.<\/p><p>Bei bubliq verwenden wir die gleichen bew\u00e4hrten CO2-Zylinder wie die Standard-425g-Patronen. Der einzige Unterschied besteht darin, dass wir unsere Kartuschen mit zus\u00e4tzlichen 25 g Kohlens\u00e4ure gef\u00fcllt haben, damit du mehr f\u00fcr weniger Geld bekommst. Die Bef\u00fcllung unserer CO2-Zylinder bis zum Anschlag ist unser Engagement f\u00fcr maximale Ressourceneffizienz.<\/p>\t\t\t\t\t\t\t\t<\/div>\n\t\t\t\t<\/div>\n\t\t\t\t<\/div>\n\t\t\t\t\t<\/details>\n\t\t\t\t\t\t<details id=\"e-n-accordion-item-2001\" class=\"e-n-accordion-item\" >\n\t\t\t\t<summary class=\"e-n-accordion-item-title\" data-accordion-index=\"2\" tabindex=\"-1\" aria-expanded=\"false\" aria-controls=\"e-n-accordion-item-2001\" >\n\t\t\t\t\t<span class='e-n-accordion-item-title-header'><div class=\"e-n-accordion-item-title-text\"> Kompatibilit\u00e4t <\/div><\/span>\n\t\t\t\t\t\t\t<span class='e-n-accordion-item-title-icon'>\n\t\t\t<span class='e-opened' ><i aria-hidden=\"true\" class=\"fas fa-minus\"><\/i><\/span>\n\t\t\t<span class='e-closed'><i aria-hidden=\"true\" class=\"fas fa-plus\"><\/i><\/span>\n\t\t<\/span>\n\n\t\t\t\t\t\t<\/summary>\n\t\t\t\t<div role=\"region\" aria-labelledby=\"e-n-accordion-item-2001\" class=\"elementor-element elementor-element-ccf9c86 e-con-full e-flex e-con e-child\" data-id=\"ccf9c86\" data-element_type=\"container\" data-e-type=\"container\">\n\t\t\t\t<div class=\"elementor-element elementor-element-01a9287 elementor-position-right elementor-vertical-align-top elementor-widget elementor-widget-image-box\" data-id=\"01a9287\" data-element_type=\"widget\" data-e-type=\"widget\" data-widget_type=\"image-box.default\">\n\t\t\t\t<div class=\"elementor-widget-container\">\n\t\t\t\t\t<div class=\"elementor-image-box-wrapper\"><figure class=\"elementor-image-box-img\"><img decoding=\"async\" width=\"150\" height=\"150\" src=\"https:\/\/bubliq.com\/wp-content\/uploads\/2024\/02\/Valve-for-website-150px.png\" class=\"attachment-full size-full wp-image-16935\" alt=\"\" srcset=\"https:\/\/bubliq.com\/wp-content\/uploads\/2024\/02\/Valve-for-website-150px.png 150w, https:\/\/bubliq.com\/wp-content\/uploads\/2024\/02\/Valve-for-website-150px-12x12.png 12w, https:\/\/bubliq.com\/wp-content\/uploads\/2024\/02\/Valve-for-website-150px-100x100.png 100w\" sizes=\"(max-width: 150px) 100vw, 150px\" \/><\/figure><div class=\"elementor-image-box-content\"><p class=\"elementor-image-box-description\">bubliq CO2-Zylinder verf\u00fcgen \u00fcber ein universelles Schraubgewinde, das sie mit allen Wassersprudlern kompatibel macht, au\u00dfer mit SodaStream-Modellen, die mit Quick Connect ausgestattet sind.\n<br><br>\n<b>Wichtig:<\/b>\nBitte beachte, dass unsere CO2-Zylinder nicht f\u00fcr K\u00fchlschr\u00e4nke oder Armaturen wie Grohe, Quooker usw. geeignet sind.<\/p><\/div><\/div>\t\t\t\t<\/div>\n\t\t\t\t<\/div>\n\t\t\t\t<\/div>\n\t\t\t\t\t<\/details>\n\t\t\t\t\t\t<details id=\"e-n-accordion-item-2002\" class=\"e-n-accordion-item\" >\n\t\t\t\t<summary class=\"e-n-accordion-item-title\" data-accordion-index=\"3\" tabindex=\"-1\" aria-expanded=\"false\" aria-controls=\"e-n-accordion-item-2002\" >\n\t\t\t\t\t<span class='e-n-accordion-item-title-header'><div class=\"e-n-accordion-item-title-text\"> CO2-Nachf\u00fcllung <\/div><\/span>\n\t\t\t\t\t\t\t<span class='e-n-accordion-item-title-icon'>\n\t\t\t<span class='e-opened' ><i aria-hidden=\"true\" class=\"fas fa-minus\"><\/i><\/span>\n\t\t\t<span class='e-closed'><i aria-hidden=\"true\" class=\"fas fa-plus\"><\/i><\/span>\n\t\t<\/span>\n\n\t\t\t\t\t\t<\/summary>\n\t\t\t\t<div role=\"region\" aria-labelledby=\"e-n-accordion-item-2002\" class=\"elementor-element elementor-element-6fa8dba e-flex e-con-boxed e-con e-child\" data-id=\"6fa8dba\" data-element_type=\"container\" data-e-type=\"container\">\n\t\t\t\t\t<div class=\"e-con-inner\">\n\t\t\t\t<div class=\"elementor-element elementor-element-e360967 elementor-widget elementor-widget-text-editor\" data-id=\"e360967\" data-element_type=\"widget\" data-e-type=\"widget\" data-widget_type=\"text-editor.default\">\n\t\t\t\t<div class=\"elementor-widget-container\">\n\t\t\t\t\t\t\t\t\t<p class=\"translation-block\">Du kannst deinen CO2-Zylinder problemlos durch eine beliebige andere Marke ersetzen, solange diese ein Ventil mit Schraubgewinde hat \u2013 das stellt die Kompatibilit\u00e4t mit deinem bubliq Wassersprudler sicher.<\/p>\t\t\t\t\t\t\t\t<\/div>\n\t\t\t\t<\/div>\n\t\t\t\t\t<\/div>\n\t\t\t\t<\/div>\n\t\t\t\t\t<\/details>\n\t\t\t\t\t\t<details id=\"e-n-accordion-item-2003\" class=\"e-n-accordion-item\" >\n\t\t\t\t<summary class=\"e-n-accordion-item-title\" data-accordion-index=\"4\" tabindex=\"-1\" aria-expanded=\"false\" aria-controls=\"e-n-accordion-item-2003\" >\n\t\t\t\t\t<span class='e-n-accordion-item-title-header'><div class=\"e-n-accordion-item-title-text\"> Material und Ma\u00dfe <\/div><\/span>\n\t\t\t\t\t\t\t<span class='e-n-accordion-item-title-icon'>\n\t\t\t<span class='e-opened' ><i aria-hidden=\"true\" class=\"fas fa-minus\"><\/i><\/span>\n\t\t\t<span class='e-closed'><i aria-hidden=\"true\" class=\"fas fa-plus\"><\/i><\/span>\n\t\t<\/span>\n\n\t\t\t\t\t\t<\/summary>\n\t\t\t\t<div role=\"region\" aria-labelledby=\"e-n-accordion-item-2003\" class=\"elementor-element elementor-element-4caf701 e-con-full e-flex e-con e-child\" data-id=\"4caf701\" data-element_type=\"container\" data-e-type=\"container\">\n\t\t\t\t<div class=\"elementor-element elementor-element-ff8db87 elementor-widget elementor-widget-text-editor\" data-id=\"ff8db87\" data-element_type=\"widget\" data-e-type=\"widget\" data-widget_type=\"text-editor.default\">\n\t\t\t\t<div class=\"elementor-widget-container\">\n\t\t\t\t\t\t\t\t\t<p>Material des Co2-Zylinders: 100\u00a0% Aluminium<br \/>Inhalt: 450 g CO2 in Lebensmittelqualit\u00e4t<br \/>Ma\u00dfe: 36 cm x 6 cm (H\u00f6he x Durchmesser)<\/p>\t\t\t\t\t\t\t\t<\/div>\n\t\t\t\t<\/div>\n\t\t\t\t<\/div>\n\t\t\t\t\t<\/details>\n\t\t\t\t\t\t<details id=\"e-n-accordion-item-2004\" class=\"e-n-accordion-item\" >\n\t\t\t\t<summary class=\"e-n-accordion-item-title\" data-accordion-index=\"5\" tabindex=\"-1\" aria-expanded=\"false\" aria-controls=\"e-n-accordion-item-2004\" >\n\t\t\t\t\t<span class='e-n-accordion-item-title-header'><div class=\"e-n-accordion-item-title-text\"> Zulassungen <\/div><\/span>\n\t\t\t\t\t\t\t<span class='e-n-accordion-item-title-icon'>\n\t\t\t<span class='e-opened' ><i aria-hidden=\"true\" class=\"fas fa-minus\"><\/i><\/span>\n\t\t\t<span class='e-closed'><i aria-hidden=\"true\" class=\"fas fa-plus\"><\/i><\/span>\n\t\t<\/span>\n\n\t\t\t\t\t\t<\/summary>\n\t\t\t\t<div role=\"region\" aria-labelledby=\"e-n-accordion-item-2004\" class=\"elementor-element elementor-element-9e2895e e-flex e-con-boxed e-con e-child\" data-id=\"9e2895e\" data-element_type=\"container\" data-e-type=\"container\">\n\t\t\t\t\t<div class=\"e-con-inner\">\n\t\t\t\t<div class=\"elementor-element elementor-element-849d229 elementor-widget elementor-widget-text-editor\" data-id=\"849d229\" data-element_type=\"widget\" data-e-type=\"widget\" data-widget_type=\"text-editor.default\">\n\t\t\t\t<div class=\"elementor-widget-container\">\n\t\t\t\t\t\t\t\t\t<p style=\"text-align: left;\">F\u00fchl dich sicher: bubliqs CO2-Zylinder haben die T\u00dcV-Zertifizierung erhalten, was die Einhaltung der strengen Reinheitsstandards der EU und der JECFA f\u00fcr Lebensmittelzusatzstoffe belegt.<\/p>\t\t\t\t\t\t\t\t<\/div>\n\t\t\t\t<\/div>\n\t\t\t\t\t<\/div>\n\t\t\t\t<\/div>\n\t\t\t\t\t<\/details>\n\t\t\t\t\t\t<details id=\"e-n-accordion-item-2005\" class=\"e-n-accordion-item\" >\n\t\t\t\t<summary class=\"e-n-accordion-item-title\" data-accordion-index=\"6\" tabindex=\"-1\" aria-expanded=\"false\" aria-controls=\"e-n-accordion-item-2005\" >\n\t\t\t\t\t<span class='e-n-accordion-item-title-header'><div class=\"e-n-accordion-item-title-text\"> Sicherheitshinweise <\/div><\/span>\n\t\t\t\t\t\t\t<span class='e-n-accordion-item-title-icon'>\n\t\t\t<span class='e-opened' ><i aria-hidden=\"true\" class=\"fas fa-minus\"><\/i><\/span>\n\t\t\t<span class='e-closed'><i aria-hidden=\"true\" class=\"fas fa-plus\"><\/i><\/span>\n\t\t<\/span>\n\n\t\t\t\t\t\t<\/summary>\n\t\t\t\t<div role=\"region\" aria-labelledby=\"e-n-accordion-item-2005\" class=\"elementor-element elementor-element-e2e14f4 e-flex e-con-boxed e-con e-child\" data-id=\"e2e14f4\" data-element_type=\"container\" data-e-type=\"container\">\n\t\t\t\t\t<div class=\"e-con-inner\">\n\t\t\t\t<div class=\"elementor-element elementor-element-f354706 elementor-widget elementor-widget-text-editor\" data-id=\"f354706\" data-element_type=\"widget\" data-e-type=\"widget\" data-widget_type=\"text-editor.default\">\n\t\t\t\t<div class=\"elementor-widget-container\">\n\t\t\t\t\t\t\t\t\t<ul><li>Behandel den CO2-Zylinder vorsichtig<\/li><li>Lager den CO2-Zylinder bei Raumtemperatur und niemals im direkten Sonnenlicht<\/li><li>Entferne den CO2-Zylinder w\u00e4hrend des Transports aus dem Wassersprudler<\/li><li>Lasse Kinder niemals unbeaufsichtigt mit den CO2-Zylindern hantieren<\/li><li>Bringe im Falle eines Brandes die CO2-Zylinder an einen sicheren Ort<\/li><\/ul><p>\u00a0<\/p>\t\t\t\t\t\t\t\t<\/div>\n\t\t\t\t<\/div>\n\t\t\t\t\t<\/div>\n\t\t\t\t<\/div>\n\t\t\t\t\t<\/details>\n\t\t\t\t\t<\/div>\n\t\t\t\t\t\t<\/div>\n\t\t\t\t<\/div>\n\t\t\t\t<\/div>\n\t\t\t\t<\/div>\n\t\t\t\t<\/div>","protected":false},"excerpt":{"rendered":"<p>Der bubliq CO2-Zylinder enth\u00e4lt 450 g lebensmittelechtes CO2, das nahtlos in den bubliq Wassersprudler und fast alle anderen Modelle passt. Der CO2-Zylinder verf\u00fcgt \u00fcber ein Standard-Schraubventil, wodurch er mit jeder anderen CO2-Zylindermarke auf dem Markt austauschbar ist. Wir verwenden bei bubliq die Standard 425g CO2-Zylinder, haben f\u00fcr dich jedoch zus\u00e4tzliche 25g CO2 hinzugef\u00fcgt \u2013 ohne Aufpreis.<\/p>","protected":false},"featured_media":19162,"template":"","meta":[],"product_brand":[],"product_cat":[154],"product_tag":[141],"woo-feed-brand":[],"class_list":{"0":"post-9188","1":"product","2":"type-product","3":"status-publish","4":"has-post-thumbnail","6":"product_cat-kulsyrepatroner","7":"product_tag-kulsyrepatron","9":"first","10":"outofstock","11":"taxable","12":"shipping-taxable","13":"purchasable","14":"product-type-simple"},"_links":{"self":[{"href":"https:\/\/bubliq.com\/de\/wp-json\/wp\/v2\/product\/9188","targetHints":{"allow":["GET"]}}],"collection":[{"href":"https:\/\/bubliq.com\/de\/wp-json\/wp\/v2\/product"}],"about":[{"href":"https:\/\/bubliq.com\/de\/wp-json\/wp\/v2\/types\/product"}],"version-history":[{"count":235,"href":"https:\/\/bubliq.com\/de\/wp-json\/wp\/v2\/product\/9188\/revisions"}],"predecessor-version":[{"id":24628,"href":"https:\/\/bubliq.com\/de\/wp-json\/wp\/v2\/product\/9188\/revisions\/24628"}],"wp:featuredmedia":[{"embeddable":true,"href":"https:\/\/bubliq.com\/de\/wp-json\/wp\/v2\/media\/19162"}],"wp:attachment":[{"href":"https:\/\/bubliq.com\/de\/wp-json\/wp\/v2\/media?parent=9188"}],"wp:term":[{"taxonomy":"product_brand","embeddable":true,"href":"https:\/\/bubliq.com\/de\/wp-json\/wp\/v2\/product_brand?post=9188"},{"taxonomy":"product_cat","embeddable":true,"href":"https:\/\/bubliq.com\/de\/wp-json\/wp\/v2\/product_cat?post=9188"},{"taxonomy":"product_tag","embeddable":true,"href":"https:\/\/bubliq.com\/de\/wp-json\/wp\/v2\/product_tag?post=9188"},{"taxonomy":"woo-feed-brand","embeddable":true,"href":"https:\/\/bubliq.com\/de\/wp-json\/wp\/v2\/woo-feed-brand?post=9188"}],"curies":[{"name":"wp","href":"https:\/\/api.w.org\/{rel}","templated":true}]}}