{"id":16696,"date":"2024-01-17T11:03:14","date_gmt":"2024-01-17T09:03:14","guid":{"rendered":"https:\/\/bubliq.com\/?post_type=product&#038;p=16696"},"modified":"2025-10-16T13:42:56","modified_gmt":"2025-10-16T11:42:56","slug":"beige-flaske-til-bubliq-drink-carbonator","status":"publish","type":"product","link":"https:\/\/bubliq.com\/en\/product\/beige-bottle-for-bubliq-drink-carbonator\/","title":{"rendered":"Beige bottle for bubliq drink carbonator"},"content":{"rendered":"<div data-elementor-type=\"product-post\" data-elementor-id=\"16696\" class=\"elementor elementor-16696\" data-elementor-post-type=\"product\">\n\t\t\t\t<div class=\"elementor-element elementor-element-2ac9a36 e-con-full e-flex e-con e-child\" data-id=\"2ac9a36\" data-element_type=\"container\" data-e-type=\"container\">\n\t\t<div class=\"elementor-element elementor-element-59f5197 e-con-full e-flex e-con e-child\" data-id=\"59f5197\" data-element_type=\"container\" data-e-type=\"container\">\n\t\t\t\t<div class=\"elementor-element elementor-element-5a84a15 elementor-widget elementor-widget-n-accordion\" data-id=\"5a84a15\" data-element_type=\"widget\" data-e-type=\"widget\" data-settings=\"{&quot;default_state&quot;:&quot;expanded&quot;,&quot;max_items_expended&quot;:&quot;one&quot;,&quot;n_accordion_animation_duration&quot;:{&quot;unit&quot;:&quot;ms&quot;,&quot;size&quot;:400,&quot;sizes&quot;:[]}}\" data-widget_type=\"nested-accordion.default\">\n\t\t\t\t<div class=\"elementor-widget-container\">\n\t\t\t\t\t\t\t<div class=\"e-n-accordion\" aria-label=\"Accordion. Open links with Enter or Space, close with Escape, and navigate with Arrow Keys\">\n\t\t\t\t\t\t<details id=\"e-n-accordion-item-9490\" class=\"e-n-accordion-item\" open>\n\t\t\t\t<summary class=\"e-n-accordion-item-title\" data-accordion-index=\"1\" tabindex=\"0\" aria-expanded=\"true\" aria-controls=\"e-n-accordion-item-9490\" >\n\t\t\t\t\t<span class='e-n-accordion-item-title-header'><div class=\"e-n-accordion-item-title-text\"> Description <\/div><\/span>\n\t\t\t\t\t\t\t<span class='e-n-accordion-item-title-icon'>\n\t\t\t<span class='e-opened' ><i aria-hidden=\"true\" class=\"fas fa-minus\"><\/i><\/span>\n\t\t\t<span class='e-closed'><i aria-hidden=\"true\" class=\"fas fa-plus\"><\/i><\/span>\n\t\t<\/span>\n\n\t\t\t\t\t\t<\/summary>\n\t\t\t\t<div role=\"region\" aria-labelledby=\"e-n-accordion-item-9490\" class=\"elementor-element elementor-element-0aa54c0 e-con-full e-flex e-con e-child\" data-id=\"0aa54c0\" data-element_type=\"container\" data-e-type=\"container\">\n\t\t\t\t<div class=\"elementor-element elementor-element-74833a2 elementor-widget elementor-widget-text-editor\" data-id=\"74833a2\" data-element_type=\"widget\" data-e-type=\"widget\" data-widget_type=\"text-editor.default\">\n\t\t\t\t<div class=\"elementor-widget-container\">\n\t\t\t\t\t\t\t\t\t<p>Ekstra flaske til bubliq drink carbonator. Vil du undg\u00e5 at l\u00f8be t\u00f8r for din yndlingsdrik? S\u00e5 er en ekstra flaske rar at have ved h\u00e5nden. Flasken kan indeholde 800 ml., og er ideel til at have liggende p\u00e5 k\u00f8l, klar til karbonering. Vi anbefaler i \u00f8vrigt altid at afk\u00f8le dine drikkevarer f\u00f8r de tils\u00e6ttes kulsyre, da det vil forbedre kulsyreoptagelsen.<\/p><p>The bottle is valid for three years from the first day of use, though the expiry date is not visibly stamped on the bottle. It's advisable to retain the receipt or note down the initial usage date in the user manual. If the bottle appears hardened, discoloured, cracked, or deformed, we recommend replacing it promptly.<\/p>\t\t\t\t\t\t\t\t<\/div>\n\t\t\t\t<\/div>\n\t\t\t\t<\/div>\n\t\t\t\t\t<\/details>\n\t\t\t\t\t\t<details id=\"e-n-accordion-item-9491\" class=\"e-n-accordion-item\" >\n\t\t\t\t<summary class=\"e-n-accordion-item-title\" data-accordion-index=\"2\" tabindex=\"-1\" aria-expanded=\"false\" aria-controls=\"e-n-accordion-item-9491\" >\n\t\t\t\t\t<span class='e-n-accordion-item-title-header'><div class=\"e-n-accordion-item-title-text\"> Dimensions &amp; Material <\/div><\/span>\n\t\t\t\t\t\t\t<span class='e-n-accordion-item-title-icon'>\n\t\t\t<span class='e-opened' ><i aria-hidden=\"true\" class=\"fas fa-minus\"><\/i><\/span>\n\t\t\t<span class='e-closed'><i aria-hidden=\"true\" class=\"fas fa-plus\"><\/i><\/span>\n\t\t<\/span>\n\n\t\t\t\t\t\t<\/summary>\n\t\t\t\t<div role=\"region\" aria-labelledby=\"e-n-accordion-item-9491\" class=\"elementor-element elementor-element-b3380d6 e-flex e-con-boxed e-con e-child\" data-id=\"b3380d6\" data-element_type=\"container\" data-e-type=\"container\">\n\t\t\t\t\t<div class=\"e-con-inner\">\n\t\t\t\t<div class=\"elementor-element elementor-element-ba1555c elementor-widget elementor-widget-text-editor\" data-id=\"ba1555c\" data-element_type=\"widget\" data-e-type=\"widget\" data-widget_type=\"text-editor.default\">\n\t\t\t\t<div class=\"elementor-widget-container\">\n\t\t\t\t\t\t\t\t\t<p style=\"text-align: left;\">Material: PET, 100% BPA-free<br \/>Capacity: 800 ml<br \/>Measures incl. lid: \u00a0<br \/>Height: 37,2 cm. <br \/>Diameter: 6,8 cm.<\/p>\t\t\t\t\t\t\t\t<\/div>\n\t\t\t\t<\/div>\n\t\t\t\t\t<\/div>\n\t\t\t\t<\/div>\n\t\t\t\t\t<\/details>\n\t\t\t\t\t\t<details id=\"e-n-accordion-item-9492\" class=\"e-n-accordion-item\" >\n\t\t\t\t<summary class=\"e-n-accordion-item-title\" data-accordion-index=\"3\" tabindex=\"-1\" aria-expanded=\"false\" aria-controls=\"e-n-accordion-item-9492\" >\n\t\t\t\t\t<span class='e-n-accordion-item-title-header'><div class=\"e-n-accordion-item-title-text\"> Cleaning and maintenance <\/div><\/span>\n\t\t\t\t\t\t\t<span class='e-n-accordion-item-title-icon'>\n\t\t\t<span class='e-opened' ><i aria-hidden=\"true\" class=\"fas fa-minus\"><\/i><\/span>\n\t\t\t<span class='e-closed'><i aria-hidden=\"true\" class=\"fas fa-plus\"><\/i><\/span>\n\t\t<\/span>\n\n\t\t\t\t\t\t<\/summary>\n\t\t\t\t<div role=\"region\" aria-labelledby=\"e-n-accordion-item-9492\" class=\"elementor-element elementor-element-512541f e-flex e-con-boxed e-con e-child\" data-id=\"512541f\" data-element_type=\"container\" data-e-type=\"container\">\n\t\t\t\t\t<div class=\"e-con-inner\">\n\t\t\t\t<div class=\"elementor-element elementor-element-e3a3952 elementor-widget elementor-widget-text-editor\" data-id=\"e3a3952\" data-element_type=\"widget\" data-e-type=\"widget\" data-widget_type=\"text-editor.default\">\n\t\t\t\t<div class=\"elementor-widget-container\">\n\t\t\t\t\t\t\t\t\t<p>For optimal maintenance, we suggest cleaning the bottle with a mild detergent and lukewarm water. If a more thorough cleaning is necessary, employing a bottle brush is recommended. Avoid exposing the bottle to temperatures below +4\u00b0C or exceeding +40\u00b0C. Please note that the bottle is <strong>not<\/strong> safe for dishwasher.<\/p>\t\t\t\t\t\t\t\t<\/div>\n\t\t\t\t<\/div>\n\t\t\t\t\t<\/div>\n\t\t\t\t<\/div>\n\t\t\t\t\t<\/details>\n\t\t\t\t\t<\/div>\n\t\t\t\t\t\t<\/div>\n\t\t\t\t<\/div>\n\t\t\t\t<\/div>\n\t\t\t\t<\/div>\n\t\t\t\t<\/div>","protected":false},"excerpt":{"rendered":"<p>Looking for an additional bottle for your bubliq drink carbonator? This 800 ml bottle is perfect for storing your favourite beverage that easily fits in your fridge for those moments when you want a refill. Made from BPA-free PET, it comes with a standard lid for your convenience.<\/p>","protected":false},"featured_media":17450,"template":"","meta":[],"product_brand":[],"product_cat":[117],"product_tag":[],"woo-feed-brand":[],"class_list":{"0":"post-16696","1":"product","2":"type-product","3":"status-publish","4":"has-post-thumbnail","6":"product_cat-tilbehoer","8":"first","9":"instock","10":"taxable","11":"shipping-taxable","12":"purchasable","13":"product-type-simple"},"_links":{"self":[{"href":"https:\/\/bubliq.com\/en\/wp-json\/wp\/v2\/product\/16696","targetHints":{"allow":["GET"]}}],"collection":[{"href":"https:\/\/bubliq.com\/en\/wp-json\/wp\/v2\/product"}],"about":[{"href":"https:\/\/bubliq.com\/en\/wp-json\/wp\/v2\/types\/product"}],"version-history":[{"count":34,"href":"https:\/\/bubliq.com\/en\/wp-json\/wp\/v2\/product\/16696\/revisions"}],"predecessor-version":[{"id":23153,"href":"https:\/\/bubliq.com\/en\/wp-json\/wp\/v2\/product\/16696\/revisions\/23153"}],"wp:featuredmedia":[{"embeddable":true,"href":"https:\/\/bubliq.com\/en\/wp-json\/wp\/v2\/media\/17450"}],"wp:attachment":[{"href":"https:\/\/bubliq.com\/en\/wp-json\/wp\/v2\/media?parent=16696"}],"wp:term":[{"taxonomy":"product_brand","embeddable":true,"href":"https:\/\/bubliq.com\/en\/wp-json\/wp\/v2\/product_brand?post=16696"},{"taxonomy":"product_cat","embeddable":true,"href":"https:\/\/bubliq.com\/en\/wp-json\/wp\/v2\/product_cat?post=16696"},{"taxonomy":"product_tag","embeddable":true,"href":"https:\/\/bubliq.com\/en\/wp-json\/wp\/v2\/product_tag?post=16696"},{"taxonomy":"woo-feed-brand","embeddable":true,"href":"https:\/\/bubliq.com\/en\/wp-json\/wp\/v2\/woo-feed-brand?post=16696"}],"curies":[{"name":"wp","href":"https:\/\/api.w.org\/{rel}","templated":true}]}}