{"id":18875,"date":"2024-03-18T10:02:16","date_gmt":"2024-03-18T08:02:16","guid":{"rendered":"https:\/\/bubliq.com\/?post_type=product&#038;p=18875"},"modified":"2026-03-26T08:56:21","modified_gmt":"2026-03-26T06:56:21","slug":"ombytning-6-x-kulsyrepatroner-450-g","status":"publish","type":"product","link":"https:\/\/bubliq.com\/en\/product\/tauschpaket-6-x-co2-zylinder-450-g\/","title":{"rendered":"Exchange 6 x CO2 cylinder 450g"},"content":{"rendered":"<div data-elementor-type=\"product-post\" data-elementor-id=\"18875\" class=\"elementor elementor-18875\" data-elementor-post-type=\"product\">\n\t\t\t\t<div class=\"elementor-element elementor-element-41f050a e-con-full e-flex e-con e-child\" data-id=\"41f050a\" data-element_type=\"container\" data-e-type=\"container\">\n\t\t<div class=\"elementor-element elementor-element-7fea13f e-con-full e-flex e-con e-child\" data-id=\"7fea13f\" data-element_type=\"container\" data-e-type=\"container\">\n\t\t\t\t<div class=\"elementor-element elementor-element-04f1d9e elementor-widget elementor-widget-n-accordion\" data-id=\"04f1d9e\" data-element_type=\"widget\" data-e-type=\"widget\" data-settings=\"{&quot;default_state&quot;:&quot;expanded&quot;,&quot;max_items_expended&quot;:&quot;one&quot;,&quot;n_accordion_animation_duration&quot;:{&quot;unit&quot;:&quot;ms&quot;,&quot;size&quot;:400,&quot;sizes&quot;:[]}}\" data-widget_type=\"nested-accordion.default\">\n\t\t\t\t<div class=\"elementor-widget-container\">\n\t\t\t\t\t\t\t<div class=\"e-n-accordion\" aria-label=\"Accordion. Open links with Enter or Space, close with Escape, and navigate with Arrow Keys\">\n\t\t\t\t\t\t<details id=\"e-n-accordion-item-5180\" class=\"e-n-accordion-item\" open>\n\t\t\t\t<summary class=\"e-n-accordion-item-title\" data-accordion-index=\"1\" tabindex=\"0\" aria-expanded=\"true\" aria-controls=\"e-n-accordion-item-5180\" >\n\t\t\t\t\t<span class='e-n-accordion-item-title-header'><div class=\"e-n-accordion-item-title-text\"> Description <\/div><\/span>\n\t\t\t\t\t\t\t<span class='e-n-accordion-item-title-icon'>\n\t\t\t<span class='e-opened' ><i aria-hidden=\"true\" class=\"fas fa-minus\"><\/i><\/span>\n\t\t\t<span class='e-closed'><i aria-hidden=\"true\" class=\"fas fa-plus\"><\/i><\/span>\n\t\t<\/span>\n\n\t\t\t\t\t\t<\/summary>\n\t\t\t\t<div role=\"region\" aria-labelledby=\"e-n-accordion-item-5180\" class=\"elementor-element elementor-element-86084ac e-con-full e-flex e-con e-child\" data-id=\"86084ac\" data-element_type=\"container\" data-e-type=\"container\">\n\t\t<div role=\"region\" aria-labelledby=\"e-n-accordion-item-5180\" class=\"elementor-element elementor-element-1320002 e-con-full e-flex e-con e-child\" data-id=\"1320002\" data-element_type=\"container\" data-e-type=\"container\">\n\t\t\t\t<div class=\"elementor-element elementor-element-1550e44 elementor-widget elementor-widget-text-editor\" data-id=\"1550e44\" data-element_type=\"widget\" data-e-type=\"widget\" data-widget_type=\"text-editor.default\">\n\t\t\t\t<div class=\"elementor-widget-container\">\n\t\t\t\t\t\t\t\t\t<p>I vores ombytningspakke f\u00e5r du 6 x nye bubliq kulsyrepatroner.\u00a0<\/p><p>For at g\u00f8re brug af ombytningspakken, er det en foruds\u00e6tning, at du har 6 tomme kulsyrepatroner, som du \u00f8nsker at ombytte.\u00a0<\/p>\t\t\t\t\t\t\t\t<\/div>\n\t\t\t\t<\/div>\n\t\t\t\t<\/div>\n\t\t<div role=\"region\" aria-labelledby=\"e-n-accordion-item-5180\" class=\"elementor-element elementor-element-d07f469 e-con-full e-flex e-con e-child\" data-id=\"d07f469\" data-element_type=\"container\" data-e-type=\"container\">\n\t\t\t\t<div class=\"elementor-element elementor-element-646fc7c elementor-widget elementor-widget-heading\" data-id=\"646fc7c\" data-element_type=\"widget\" data-e-type=\"widget\" data-widget_type=\"heading.default\">\n\t\t\t\t<div class=\"elementor-widget-container\">\n\t\t\t\t\t<h2 class=\"elementor-heading-title elementor-size-default\">How to make it<\/h2>\t\t\t\t<\/div>\n\t\t\t\t<\/div>\n\t\t\t\t<\/div>\n\t\t<div role=\"region\" aria-labelledby=\"e-n-accordion-item-5180\" class=\"elementor-element elementor-element-6d80a7d e-con-full e-flex e-con e-child\" data-id=\"6d80a7d\" data-element_type=\"container\" data-e-type=\"container\">\n\t\t\t\t<div class=\"elementor-element elementor-element-e7abf96 elementor-position-top elementor-position-top elementor-widget elementor-widget-image-box\" data-id=\"e7abf96\" data-element_type=\"widget\" data-e-type=\"widget\" data-widget_type=\"image-box.default\">\n\t\t\t\t<div class=\"elementor-widget-container\">\n\t\t\t\t\t<div class=\"elementor-image-box-wrapper\"><figure class=\"elementor-image-box-img\"><img fetchpriority=\"high\" decoding=\"async\" width=\"300\" height=\"300\" src=\"https:\/\/bubliq.com\/wp-content\/uploads\/2024\/03\/Kulsyrepatron-ombytning-step-1-billig-kulsyrepatron-ombytningsservice-hos-bubliq-300x300.png\" class=\"attachment-medium size-medium wp-image-26090\" alt=\"\" srcset=\"https:\/\/bubliq.com\/wp-content\/uploads\/2024\/03\/Kulsyrepatron-ombytning-step-1-billig-kulsyrepatron-ombytningsservice-hos-bubliq-300x300.png 300w, https:\/\/bubliq.com\/wp-content\/uploads\/2024\/03\/Kulsyrepatron-ombytning-step-1-billig-kulsyrepatron-ombytningsservice-hos-bubliq-150x150.png 150w, https:\/\/bubliq.com\/wp-content\/uploads\/2024\/03\/Kulsyrepatron-ombytning-step-1-billig-kulsyrepatron-ombytningsservice-hos-bubliq-12x12.png 12w, https:\/\/bubliq.com\/wp-content\/uploads\/2024\/03\/Kulsyrepatron-ombytning-step-1-billig-kulsyrepatron-ombytningsservice-hos-bubliq-328x328.png 328w, https:\/\/bubliq.com\/wp-content\/uploads\/2024\/03\/Kulsyrepatron-ombytning-step-1-billig-kulsyrepatron-ombytningsservice-hos-bubliq-100x100.png 100w, https:\/\/bubliq.com\/wp-content\/uploads\/2024\/03\/Kulsyrepatron-ombytning-step-1-billig-kulsyrepatron-ombytningsservice-hos-bubliq.png 417w\" sizes=\"(max-width: 300px) 100vw, 300px\" \/><\/figure><div class=\"elementor-image-box-content\"><h3 class=\"elementor-image-box-title\">Step 1<\/h3><p class=\"elementor-image-box-description\">Bestil ombytningspakken her p\u00e5 siden.<\/p><\/div><\/div>\t\t\t\t<\/div>\n\t\t\t\t<\/div>\n\t\t\t\t<\/div>\n\t\t<div role=\"region\" aria-labelledby=\"e-n-accordion-item-5180\" class=\"elementor-element elementor-element-2898f87 e-con-full e-flex e-con e-child\" data-id=\"2898f87\" data-element_type=\"container\" data-e-type=\"container\">\n\t\t\t\t<div class=\"elementor-element elementor-element-c849053 elementor-position-top elementor-widget elementor-widget-image-box\" data-id=\"c849053\" data-element_type=\"widget\" data-e-type=\"widget\" data-widget_type=\"image-box.default\">\n\t\t\t\t<div class=\"elementor-widget-container\">\n\t\t\t\t\t<div class=\"elementor-image-box-wrapper\"><figure class=\"elementor-image-box-img\"><img decoding=\"async\" width=\"300\" height=\"300\" src=\"https:\/\/bubliq.com\/wp-content\/uploads\/2024\/03\/Kulsyrepatron-ombytning-bubliq-ombyt-din-kulsyrepatron-billig-opfyldning-300x300.png\" class=\"attachment-medium size-medium wp-image-26065\" alt=\"kulsyrepatron ombytning er nemt og billigt hos bubliq\" srcset=\"https:\/\/bubliq.com\/wp-content\/uploads\/2024\/03\/Kulsyrepatron-ombytning-bubliq-ombyt-din-kulsyrepatron-billig-opfyldning-300x300.png 300w, https:\/\/bubliq.com\/wp-content\/uploads\/2024\/03\/Kulsyrepatron-ombytning-bubliq-ombyt-din-kulsyrepatron-billig-opfyldning-150x150.png 150w, https:\/\/bubliq.com\/wp-content\/uploads\/2024\/03\/Kulsyrepatron-ombytning-bubliq-ombyt-din-kulsyrepatron-billig-opfyldning-12x12.png 12w, https:\/\/bubliq.com\/wp-content\/uploads\/2024\/03\/Kulsyrepatron-ombytning-bubliq-ombyt-din-kulsyrepatron-billig-opfyldning-328x328.png 328w, https:\/\/bubliq.com\/wp-content\/uploads\/2024\/03\/Kulsyrepatron-ombytning-bubliq-ombyt-din-kulsyrepatron-billig-opfyldning-100x100.png 100w, https:\/\/bubliq.com\/wp-content\/uploads\/2024\/03\/Kulsyrepatron-ombytning-bubliq-ombyt-din-kulsyrepatron-billig-opfyldning.png 418w\" sizes=\"(max-width: 300px) 100vw, 300px\" \/><\/figure><div class=\"elementor-image-box-content\"><h3 class=\"elementor-image-box-title\">Step 2<\/h3><p class=\"elementor-image-box-description\">Efter modtagelsen af dine nye ombytningspatroner, l\u00e6gger du dine tomme kulsyrepatroner tilbage i samme pakke.<\/p><\/div><\/div>\t\t\t\t<\/div>\n\t\t\t\t<\/div>\n\t\t\t\t<\/div>\n\t\t<div role=\"region\" aria-labelledby=\"e-n-accordion-item-5180\" class=\"elementor-element elementor-element-6c96ce0 e-con-full e-flex e-con e-child\" data-id=\"6c96ce0\" data-element_type=\"container\" data-e-type=\"container\">\n\t\t\t\t<div class=\"elementor-element elementor-element-023fcb3 elementor-position-top elementor-widget elementor-widget-image-box\" data-id=\"023fcb3\" data-element_type=\"widget\" data-e-type=\"widget\" data-widget_type=\"image-box.default\">\n\t\t\t\t<div class=\"elementor-widget-container\">\n\t\t\t\t\t<div class=\"elementor-image-box-wrapper\"><figure class=\"elementor-image-box-img\"><img decoding=\"async\" width=\"300\" height=\"300\" src=\"https:\/\/bubliq.com\/wp-content\/uploads\/2024\/03\/bubliq-kulsyrepatron-ombytning-bubliq-step-3.-send-retur-til-bubliq-300x300.png\" class=\"attachment-medium size-medium wp-image-26098\" alt=\"\" srcset=\"https:\/\/bubliq.com\/wp-content\/uploads\/2024\/03\/bubliq-kulsyrepatron-ombytning-bubliq-step-3.-send-retur-til-bubliq-300x300.png 300w, https:\/\/bubliq.com\/wp-content\/uploads\/2024\/03\/bubliq-kulsyrepatron-ombytning-bubliq-step-3.-send-retur-til-bubliq-150x150.png 150w, https:\/\/bubliq.com\/wp-content\/uploads\/2024\/03\/bubliq-kulsyrepatron-ombytning-bubliq-step-3.-send-retur-til-bubliq-12x12.png 12w, https:\/\/bubliq.com\/wp-content\/uploads\/2024\/03\/bubliq-kulsyrepatron-ombytning-bubliq-step-3.-send-retur-til-bubliq-328x328.png 328w, https:\/\/bubliq.com\/wp-content\/uploads\/2024\/03\/bubliq-kulsyrepatron-ombytning-bubliq-step-3.-send-retur-til-bubliq-100x100.png 100w, https:\/\/bubliq.com\/wp-content\/uploads\/2024\/03\/bubliq-kulsyrepatron-ombytning-bubliq-step-3.-send-retur-til-bubliq.png 418w\" sizes=\"(max-width: 300px) 100vw, 300px\" \/><\/figure><div class=\"elementor-image-box-content\"><h3 class=\"elementor-image-box-title\">Step 3<\/h3><p class=\"elementor-image-box-description\">P\u00e5s\u00e6t den medf\u00f8lgende returlabel p\u00e5 din pakke, og indlev\u00e9r den ved din n\u00e6rmeste pakkeshop.<\/p><\/div><\/div>\t\t\t\t<\/div>\n\t\t\t\t<\/div>\n\t\t\t\t<\/div>\n\t\t<div role=\"region\" aria-labelledby=\"e-n-accordion-item-5180\" class=\"elementor-element elementor-element-a23a880 e-con-full e-flex e-con e-child\" data-id=\"a23a880\" data-element_type=\"container\" data-e-type=\"container\">\n\t\t\t\t<div class=\"elementor-element elementor-element-1b99bfe elementor-position-top elementor-widget elementor-widget-image-box\" data-id=\"1b99bfe\" data-element_type=\"widget\" data-e-type=\"widget\" data-widget_type=\"image-box.default\">\n\t\t\t\t<div class=\"elementor-widget-container\">\n\t\t\t\t\t<div class=\"elementor-image-box-wrapper\"><figure class=\"elementor-image-box-img\"><img loading=\"lazy\" decoding=\"async\" width=\"300\" height=\"300\" src=\"https:\/\/bubliq.com\/wp-content\/uploads\/2024\/03\/Kulsyrepatron-ombytning-step-4-returner-inden-14-dage-300x300.png\" class=\"attachment-medium size-medium wp-image-26094\" alt=\"\" srcset=\"https:\/\/bubliq.com\/wp-content\/uploads\/2024\/03\/Kulsyrepatron-ombytning-step-4-returner-inden-14-dage-300x300.png 300w, https:\/\/bubliq.com\/wp-content\/uploads\/2024\/03\/Kulsyrepatron-ombytning-step-4-returner-inden-14-dage-150x150.png 150w, https:\/\/bubliq.com\/wp-content\/uploads\/2024\/03\/Kulsyrepatron-ombytning-step-4-returner-inden-14-dage-12x12.png 12w, https:\/\/bubliq.com\/wp-content\/uploads\/2024\/03\/Kulsyrepatron-ombytning-step-4-returner-inden-14-dage-328x328.png 328w, https:\/\/bubliq.com\/wp-content\/uploads\/2024\/03\/Kulsyrepatron-ombytning-step-4-returner-inden-14-dage-100x100.png 100w, https:\/\/bubliq.com\/wp-content\/uploads\/2024\/03\/Kulsyrepatron-ombytning-step-4-returner-inden-14-dage.png 418w\" sizes=\"(max-width: 300px) 100vw, 300px\" \/><\/figure><div class=\"elementor-image-box-content\"><h3 class=\"elementor-image-box-title\">Step 4<\/h3><p class=\"elementor-image-box-description\">Efter du har modtaget din ombytningspakke, har du 14 dage til at returnere dine tomme kulsyrepatroner.<\/p><\/div><\/div>\t\t\t\t<\/div>\n\t\t\t\t<\/div>\n\t\t\t\t<\/div>\n\t\t<div role=\"region\" aria-labelledby=\"e-n-accordion-item-5180\" class=\"elementor-element elementor-element-77b580c e-con-full e-flex e-con e-child\" data-id=\"77b580c\" data-element_type=\"container\" data-e-type=\"container\">\n\t\t\t\t<div class=\"elementor-element elementor-element-57fe0bb elementor-widget elementor-widget-text-editor\" data-id=\"57fe0bb\" data-element_type=\"widget\" data-e-type=\"widget\" data-widget_type=\"text-editor.default\">\n\t\t\t\t<div class=\"elementor-widget-container\">\n\t\t\t\t\t\t\t\t\t<p><strong>Deposit<br \/><\/strong>Vi reserverer kr. 600,00 i depositum p\u00e5 dit betalingskort, som bliver annulleret, n\u00e5r vi har modtaget dine tomme kulsyrepatroner. I tilf\u00e6lde af, at du ikke returnerer de tomme kulsyrepatroner inden for 14 dage, beholder vi depositummet.<\/p>\t\t\t\t\t\t\t\t<\/div>\n\t\t\t\t<\/div>\n\t\t\t\t<\/div>\n\t\t\t\t<\/div>\n\t\t\t\t\t<\/details>\n\t\t\t\t\t\t<details id=\"e-n-accordion-item-5181\" class=\"e-n-accordion-item\" >\n\t\t\t\t<summary class=\"e-n-accordion-item-title\" data-accordion-index=\"2\" tabindex=\"-1\" aria-expanded=\"false\" aria-controls=\"e-n-accordion-item-5181\" >\n\t\t\t\t\t<span class='e-n-accordion-item-title-header'><div class=\"e-n-accordion-item-title-text\"> Compatibility <\/div><\/span>\n\t\t\t\t\t\t\t<span class='e-n-accordion-item-title-icon'>\n\t\t\t<span class='e-opened' ><i aria-hidden=\"true\" class=\"fas fa-minus\"><\/i><\/span>\n\t\t\t<span class='e-closed'><i aria-hidden=\"true\" class=\"fas fa-plus\"><\/i><\/span>\n\t\t<\/span>\n\n\t\t\t\t\t\t<\/summary>\n\t\t\t\t<div role=\"region\" aria-labelledby=\"e-n-accordion-item-5181\" class=\"elementor-element elementor-element-4b10cfd e-con-full e-flex e-con e-child\" data-id=\"4b10cfd\" data-element_type=\"container\" data-e-type=\"container\">\n\t\t\t\t<div class=\"elementor-element elementor-element-51b4944 elementor-position-right elementor-vertical-align-top elementor-widget elementor-widget-image-box\" data-id=\"51b4944\" data-element_type=\"widget\" data-e-type=\"widget\" data-widget_type=\"image-box.default\">\n\t\t\t\t<div class=\"elementor-widget-container\">\n\t\t\t\t\t<div class=\"elementor-image-box-wrapper\"><figure class=\"elementor-image-box-img\"><img loading=\"lazy\" decoding=\"async\" width=\"150\" height=\"150\" src=\"https:\/\/bubliq.com\/wp-content\/uploads\/2024\/02\/Valve-for-website-150px.png\" class=\"attachment-full size-full wp-image-16935\" alt=\"\" srcset=\"https:\/\/bubliq.com\/wp-content\/uploads\/2024\/02\/Valve-for-website-150px.png 150w, https:\/\/bubliq.com\/wp-content\/uploads\/2024\/02\/Valve-for-website-150px-12x12.png 12w, https:\/\/bubliq.com\/wp-content\/uploads\/2024\/02\/Valve-for-website-150px-100x100.png 100w\" sizes=\"(max-width: 150px) 100vw, 150px\" \/><\/figure><div class=\"elementor-image-box-content\"><p class=\"elementor-image-box-description\">bubliq CO2 cartridges features a universal screw thread making them compatible with all soda makers, except for SodaStream models equipped with Quick Connect.\n<br><br>\n<b>NB!<\/b>\nKindly note that our CO2 cartridges <b>do not<\/b> fit refrigerators or taps such as Grohe, Quooker etc.<\/p><\/div><\/div>\t\t\t\t<\/div>\n\t\t\t\t<\/div>\n\t\t\t\t<\/div>\n\t\t\t\t\t<\/details>\n\t\t\t\t\t\t<details id=\"e-n-accordion-item-5182\" class=\"e-n-accordion-item\" >\n\t\t\t\t<summary class=\"e-n-accordion-item-title\" data-accordion-index=\"3\" tabindex=\"-1\" aria-expanded=\"false\" aria-controls=\"e-n-accordion-item-5182\" >\n\t\t\t\t\t<span class='e-n-accordion-item-title-header'><div class=\"e-n-accordion-item-title-text\"> CO2 refill <\/div><\/span>\n\t\t\t\t\t\t\t<span class='e-n-accordion-item-title-icon'>\n\t\t\t<span class='e-opened' ><i aria-hidden=\"true\" class=\"fas fa-minus\"><\/i><\/span>\n\t\t\t<span class='e-closed'><i aria-hidden=\"true\" class=\"fas fa-plus\"><\/i><\/span>\n\t\t<\/span>\n\n\t\t\t\t\t\t<\/summary>\n\t\t\t\t<div role=\"region\" aria-labelledby=\"e-n-accordion-item-5182\" class=\"elementor-element elementor-element-497d0f3 e-flex e-con-boxed e-con e-child\" data-id=\"497d0f3\" data-element_type=\"container\" data-e-type=\"container\">\n\t\t\t\t\t<div class=\"e-con-inner\">\n\t\t\t\t<div class=\"elementor-element elementor-element-bcca10c elementor-widget elementor-widget-text-editor\" data-id=\"bcca10c\" data-element_type=\"widget\" data-e-type=\"widget\" data-widget_type=\"text-editor.default\">\n\t\t\t\t<div class=\"elementor-widget-container\">\n\t\t\t\t\t\t\t\t\t<p class=\"translation-block\">You can utilize our online exchange service to swap your empty CO2 cylinders. Please be aware that you'll need either 3 or 6 empty CO2 canisters to use this service. <b>NB:<\/b> Our online exchange service is currently available only in specific countries.\n<br><br>\n<b>Exchange for other brands<\/b> <br>\nYou can easily swap your CO2 cartridge with any other brand, as long as it has a valve with a screw thread, ensuring compatibility with your bubliq drink carbonator.<\/p>\t\t\t\t\t\t\t\t<\/div>\n\t\t\t\t<\/div>\n\t\t\t\t\t<\/div>\n\t\t\t\t<\/div>\n\t\t\t\t\t<\/details>\n\t\t\t\t\t\t<details id=\"e-n-accordion-item-5183\" class=\"e-n-accordion-item\" >\n\t\t\t\t<summary class=\"e-n-accordion-item-title\" data-accordion-index=\"4\" tabindex=\"-1\" aria-expanded=\"false\" aria-controls=\"e-n-accordion-item-5183\" >\n\t\t\t\t\t<span class='e-n-accordion-item-title-header'><div class=\"e-n-accordion-item-title-text\"> Material &amp; dimensions <\/div><\/span>\n\t\t\t\t\t\t\t<span class='e-n-accordion-item-title-icon'>\n\t\t\t<span class='e-opened' ><i aria-hidden=\"true\" class=\"fas fa-minus\"><\/i><\/span>\n\t\t\t<span class='e-closed'><i aria-hidden=\"true\" class=\"fas fa-plus\"><\/i><\/span>\n\t\t<\/span>\n\n\t\t\t\t\t\t<\/summary>\n\t\t\t\t<div role=\"region\" aria-labelledby=\"e-n-accordion-item-5183\" class=\"elementor-element elementor-element-a7c4a94 e-con-full e-flex e-con e-child\" data-id=\"a7c4a94\" data-element_type=\"container\" data-e-type=\"container\">\n\t\t\t\t<div class=\"elementor-element elementor-element-008b60f elementor-widget elementor-widget-text-editor\" data-id=\"008b60f\" data-element_type=\"widget\" data-e-type=\"widget\" data-widget_type=\"text-editor.default\">\n\t\t\t\t<div class=\"elementor-widget-container\">\n\t\t\t\t\t\t\t\t\t<p>Co2 cartridge material: 100% Aluminium<br \/>Indhold: 450 g f\u00f8devaregodkendt kuldioxid fra vedvarende kilder<br \/>Dimensions: 36 cm x 6 cm (height x diameter)<\/p>\t\t\t\t\t\t\t\t<\/div>\n\t\t\t\t<\/div>\n\t\t\t\t<\/div>\n\t\t\t\t\t<\/details>\n\t\t\t\t\t\t<details id=\"e-n-accordion-item-5184\" class=\"e-n-accordion-item\" >\n\t\t\t\t<summary class=\"e-n-accordion-item-title\" data-accordion-index=\"5\" tabindex=\"-1\" aria-expanded=\"false\" aria-controls=\"e-n-accordion-item-5184\" >\n\t\t\t\t\t<span class='e-n-accordion-item-title-header'><div class=\"e-n-accordion-item-title-text\"> Approvals <\/div><\/span>\n\t\t\t\t\t\t\t<span class='e-n-accordion-item-title-icon'>\n\t\t\t<span class='e-opened' ><i aria-hidden=\"true\" class=\"fas fa-minus\"><\/i><\/span>\n\t\t\t<span class='e-closed'><i aria-hidden=\"true\" class=\"fas fa-plus\"><\/i><\/span>\n\t\t<\/span>\n\n\t\t\t\t\t\t<\/summary>\n\t\t\t\t<div role=\"region\" aria-labelledby=\"e-n-accordion-item-5184\" class=\"elementor-element elementor-element-b353929 e-flex e-con-boxed e-con e-child\" data-id=\"b353929\" data-element_type=\"container\" data-e-type=\"container\">\n\t\t\t\t\t<div class=\"e-con-inner\">\n\t\t\t\t<div class=\"elementor-element elementor-element-2fadcb1 elementor-widget elementor-widget-text-editor\" data-id=\"2fadcb1\" data-element_type=\"widget\" data-e-type=\"widget\" data-widget_type=\"text-editor.default\">\n\t\t\t\t<div class=\"elementor-widget-container\">\n\t\t\t\t\t\t\t\t\t<p style=\"text-align: left;\">Feel confident in bubliq's commitment to quality \u2013 our CO2 cartridges have earned T\u00dcV approval, demonstrating adherence to the rigorous purity standards set by the EU and JECFA for food additives.<\/p>\t\t\t\t\t\t\t\t<\/div>\n\t\t\t\t<\/div>\n\t\t\t\t\t<\/div>\n\t\t\t\t<\/div>\n\t\t\t\t\t<\/details>\n\t\t\t\t\t\t<details id=\"e-n-accordion-item-5185\" class=\"e-n-accordion-item\" >\n\t\t\t\t<summary class=\"e-n-accordion-item-title\" data-accordion-index=\"6\" tabindex=\"-1\" aria-expanded=\"false\" aria-controls=\"e-n-accordion-item-5185\" >\n\t\t\t\t\t<span class='e-n-accordion-item-title-header'><div class=\"e-n-accordion-item-title-text\"> Safety instructions <\/div><\/span>\n\t\t\t\t\t\t\t<span class='e-n-accordion-item-title-icon'>\n\t\t\t<span class='e-opened' ><i aria-hidden=\"true\" class=\"fas fa-minus\"><\/i><\/span>\n\t\t\t<span class='e-closed'><i aria-hidden=\"true\" class=\"fas fa-plus\"><\/i><\/span>\n\t\t<\/span>\n\n\t\t\t\t\t\t<\/summary>\n\t\t\t\t<div role=\"region\" aria-labelledby=\"e-n-accordion-item-5185\" class=\"elementor-element elementor-element-5ed8de8 e-flex e-con-boxed e-con e-child\" data-id=\"5ed8de8\" data-element_type=\"container\" data-e-type=\"container\">\n\t\t\t\t\t<div class=\"e-con-inner\">\n\t\t\t\t<div class=\"elementor-element elementor-element-d961dd7 elementor-widget elementor-widget-text-editor\" data-id=\"d961dd7\" data-element_type=\"widget\" data-e-type=\"widget\" data-widget_type=\"text-editor.default\">\n\t\t\t\t<div class=\"elementor-widget-container\">\n\t\t\t\t\t\t\t\t\t<ul><li>Handle the CO2 cartridge carefully<\/li><li>Store the CO2 cartridge at room temperature and never in direct sunlight<\/li><li>Remove the CO2 cartridge from the soda maker during transport<\/li><li>Never let children handle the CO2 cartridge unsupervised<\/li><li>Move the CO2 cartridge to a safe place in case of fire<\/li><\/ul><p>\u00a0<\/p>\t\t\t\t\t\t\t\t<\/div>\n\t\t\t\t<\/div>\n\t\t\t\t\t<\/div>\n\t\t\t\t<\/div>\n\t\t\t\t\t<\/details>\n\t\t\t\t\t<\/div>\n\t\t\t\t\t\t<\/div>\n\t\t\t\t<\/div>\n\t\t\t\t<\/div>\n\t\t\t\t<\/div>\n\t\t\t\t<\/div>","protected":false},"excerpt":{"rendered":"<p>I denne ombytningspakke f\u00e5r du 6 x nye bubliq kulsyrepatroner med CO2 fra 100% vedvarende kilder. I ombytningspakken medf\u00f8lger en gratis returlabel til dine tomme kulsyrepatroner. For at bestille pakken, kr\u00e6ver det, at du allerede har 6 x tomme kulsyrepatroner, som du \u00f8nsker at ombytte.<\/p>\n<p><strong>How to make it<\/strong><\/p>\n<ol>\n<li>Efter modtagelsen af dine ombytningspatroner, plac\u00e9r de tomme kulsyrepatroner i pakken<\/li>\n<li>S\u00e6t returlabel p\u00e5, og indlev\u00e9r pakken ved din n\u00e6rmeste pakkeshop<\/li>\n<li>Return\u00e9r de tomme kulsyrepatroner senest 14 dage efter du har modtaget ombytningspatronerne<\/li>\n<\/ol>\n<p>Vi reserverer et depositum p\u00e5 dit betalingskort, i tilf\u00e6lde af, at du ikke returnerer de tomme kulsyrepatroner.<\/p>\n<hr \/>\n<p><strong>Pris<br \/>\n<\/strong>Ombytning 6 x kulsyrepatroner: kr. 450,00<br \/>\nLevering: Beregnes i checkout<br \/>\nReturfragt label: Gratis<br \/>\n<strong>I alt:<\/strong> kr. 450,00<br \/>\n(Depositum: kr. 600,00)<\/p>","protected":false},"featured_media":24200,"template":"","meta":[],"product_brand":[],"product_cat":[157],"product_tag":[],"woo-feed-brand":[],"class_list":{"0":"post-18875","1":"product","2":"type-product","3":"status-publish","4":"has-post-thumbnail","6":"product_cat-ombytning-kulsyrepatron","8":"first","9":"instock","10":"taxable","11":"shipping-taxable","12":"purchasable","13":"product-type-simple"},"_links":{"self":[{"href":"https:\/\/bubliq.com\/en\/wp-json\/wp\/v2\/product\/18875","targetHints":{"allow":["GET"]}}],"collection":[{"href":"https:\/\/bubliq.com\/en\/wp-json\/wp\/v2\/product"}],"about":[{"href":"https:\/\/bubliq.com\/en\/wp-json\/wp\/v2\/types\/product"}],"version-history":[{"count":59,"href":"https:\/\/bubliq.com\/en\/wp-json\/wp\/v2\/product\/18875\/revisions"}],"predecessor-version":[{"id":26110,"href":"https:\/\/bubliq.com\/en\/wp-json\/wp\/v2\/product\/18875\/revisions\/26110"}],"wp:featuredmedia":[{"embeddable":true,"href":"https:\/\/bubliq.com\/en\/wp-json\/wp\/v2\/media\/24200"}],"wp:attachment":[{"href":"https:\/\/bubliq.com\/en\/wp-json\/wp\/v2\/media?parent=18875"}],"wp:term":[{"taxonomy":"product_brand","embeddable":true,"href":"https:\/\/bubliq.com\/en\/wp-json\/wp\/v2\/product_brand?post=18875"},{"taxonomy":"product_cat","embeddable":true,"href":"https:\/\/bubliq.com\/en\/wp-json\/wp\/v2\/product_cat?post=18875"},{"taxonomy":"product_tag","embeddable":true,"href":"https:\/\/bubliq.com\/en\/wp-json\/wp\/v2\/product_tag?post=18875"},{"taxonomy":"woo-feed-brand","embeddable":true,"href":"https:\/\/bubliq.com\/en\/wp-json\/wp\/v2\/woo-feed-brand?post=18875"}],"curies":[{"name":"wp","href":"https:\/\/api.w.org\/{rel}","templated":true}]}}