{"id":13547,"date":"2023-03-14T17:25:56","date_gmt":"2023-03-14T15:25:56","guid":{"rendered":"https:\/\/bubliq.com\/?page_id=13547"},"modified":"2026-03-13T11:48:07","modified_gmt":"2026-03-13T09:48:07","slug":"om-os","status":"publish","type":"page","link":"https:\/\/bubliq.com\/se\/om-oss\/","title":{"rendered":"Om oss"},"content":{"rendered":"<div data-elementor-type=\"wp-page\" data-elementor-id=\"13547\" class=\"elementor elementor-13547\" data-elementor-post-type=\"page\">\n\t\t\t\t\t\t<section class=\"elementor-section elementor-top-section elementor-element elementor-element-6703af9 elementor-section-boxed elementor-section-height-default elementor-section-height-default\" data-id=\"6703af9\" data-element_type=\"section\" data-e-type=\"section\">\n\t\t\t\t\t\t<div class=\"elementor-container elementor-column-gap-default\">\n\t\t\t\t\t<div class=\"elementor-column elementor-col-33 elementor-top-column elementor-element elementor-element-59e1417\" data-id=\"59e1417\" data-element_type=\"column\" data-e-type=\"column\">\n\t\t\t<div class=\"elementor-widget-wrap elementor-element-populated\">\n\t\t\t\t\t\t<div class=\"elementor-element elementor-element-3b73882 elementor-widget elementor-widget-shortcode\" data-id=\"3b73882\" data-element_type=\"widget\" data-e-type=\"widget\" data-widget_type=\"shortcode.default\">\n\t\t\t\t<div class=\"elementor-widget-container\">\n\t\t\t\t\t\t\t<div class=\"elementor-shortcode\"><nav aria-label=\"breadcrumbs\" class=\"rank-math-breadcrumb\"><p><span class=\"last\">Hem<\/span><\/p><\/nav><\/div>\n\t\t\t\t\t\t<\/div>\n\t\t\t\t<\/div>\n\t\t\t\t\t<\/div>\n\t\t<\/div>\n\t\t\t\t<div class=\"elementor-column elementor-col-33 elementor-top-column elementor-element elementor-element-9d648ba\" data-id=\"9d648ba\" data-element_type=\"column\" data-e-type=\"column\">\n\t\t\t<div class=\"elementor-widget-wrap elementor-element-populated\">\n\t\t\t\t\t\t<div class=\"elementor-element elementor-element-07dc47d elementor-widget elementor-widget-heading\" data-id=\"07dc47d\" data-element_type=\"widget\" data-e-type=\"widget\" data-widget_type=\"heading.default\">\n\t\t\t\t<div class=\"elementor-widget-container\">\n\t\t\t\t\t<h1 class=\"elementor-heading-title elementor-size-default\">Om oss<\/h1>\t\t\t\t<\/div>\n\t\t\t\t<\/div>\n\t\t\t\t\t<\/div>\n\t\t<\/div>\n\t\t\t\t<div class=\"elementor-column elementor-col-33 elementor-top-column elementor-element elementor-element-fb3525e\" data-id=\"fb3525e\" data-element_type=\"column\" data-e-type=\"column\">\n\t\t\t<div class=\"elementor-widget-wrap\">\n\t\t\t\t\t\t\t<\/div>\n\t\t<\/div>\n\t\t\t\t\t<\/div>\n\t\t<\/section>\n\t\t\t\t<section class=\"elementor-section elementor-top-section elementor-element elementor-element-573d1df0 elementor-section-content-middle elementor-section-boxed elementor-section-height-default elementor-section-height-default\" data-id=\"573d1df0\" data-element_type=\"section\" data-e-type=\"section\" data-settings=\"{&quot;background_background&quot;:&quot;classic&quot;}\">\n\t\t\t\t\t\t<div class=\"elementor-container elementor-column-gap-no\">\n\t\t\t\t\t<div class=\"elementor-column elementor-col-50 elementor-top-column elementor-element elementor-element-18d5b80\" data-id=\"18d5b80\" data-element_type=\"column\" data-e-type=\"column\">\n\t\t\t<div class=\"elementor-widget-wrap elementor-element-populated\">\n\t\t\t\t\t\t<div class=\"elementor-element elementor-element-2a22693d elementor-widget elementor-widget-image\" data-id=\"2a22693d\" data-element_type=\"widget\" data-e-type=\"widget\" data-widget_type=\"image.default\">\n\t\t\t\t<div class=\"elementor-widget-container\">\n\t\t\t\t\t\t\t\t\t\t\t\t\t\t\t<img fetchpriority=\"high\" decoding=\"async\" width=\"1000\" height=\"1043\" src=\"https:\/\/bubliq.com\/wp-content\/uploads\/2026\/03\/kulsyremaskine-med-glasflaske-bubliq-glass-carbonator.webp\" class=\"attachment-full size-full wp-image-26016\" alt=\"bubliq kulsyremaskine med glasflaske p\u00e5 k\u00f8kkenbord med et glas danskvand\" srcset=\"https:\/\/bubliq.com\/wp-content\/uploads\/2026\/03\/kulsyremaskine-med-glasflaske-bubliq-glass-carbonator.webp 1000w, https:\/\/bubliq.com\/wp-content\/uploads\/2026\/03\/kulsyremaskine-med-glasflaske-bubliq-glass-carbonator-288x300.webp 288w, https:\/\/bubliq.com\/wp-content\/uploads\/2026\/03\/kulsyremaskine-med-glasflaske-bubliq-glass-carbonator-982x1024.webp 982w, https:\/\/bubliq.com\/wp-content\/uploads\/2026\/03\/kulsyremaskine-med-glasflaske-bubliq-glass-carbonator-768x801.webp 768w, https:\/\/bubliq.com\/wp-content\/uploads\/2026\/03\/kulsyremaskine-med-glasflaske-bubliq-glass-carbonator-12x12.webp 12w, https:\/\/bubliq.com\/wp-content\/uploads\/2026\/03\/kulsyremaskine-med-glasflaske-bubliq-glass-carbonator-450x469.webp 450w\" sizes=\"(max-width: 1000px) 100vw, 1000px\" \/>\t\t\t\t\t\t\t\t\t\t\t\t\t\t\t<\/div>\n\t\t\t\t<\/div>\n\t\t\t\t\t<\/div>\n\t\t<\/div>\n\t\t\t\t<div class=\"elementor-column elementor-col-50 elementor-top-column elementor-element elementor-element-79a8ab68\" data-id=\"79a8ab68\" data-element_type=\"column\" data-e-type=\"column\">\n\t\t\t<div class=\"elementor-widget-wrap elementor-element-populated\">\n\t\t\t\t\t\t<div class=\"elementor-element elementor-element-280a0f84 elementor-widget elementor-widget-text-editor\" data-id=\"280a0f84\" data-element_type=\"widget\" data-e-type=\"widget\" data-widget_type=\"text-editor.default\">\n\t\t\t\t<div class=\"elementor-widget-container\">\n\t\t\t\t\t\t\t\t\t<p style=\"font-weight: 400;\">Sedan v\u00e5r etablering i K\u00f6penhamn 2019, har det varit v\u00e5r vision att estetik spelar en stor roll i att skapa ett harmoniskt hem.<\/p><p style=\"font-weight: 400;\">Som en del av denna vision har vi varit p\u00e5 ett uppdrag i att skapa nyt\u00e4nkande kolsyremaskiner. Inspirerad av Dansk design, \u00e4r v\u00e5ra kolsyremaskiner skapade med enkla, rena linjer som passar in i all inredning.\n<br><br>\nV\u00e5r vision str\u00e4cker sig l\u00e4ngre \u00e4n endast estetik. H\u00e5llbarhet och ansvarsfull konsumtion \u00e4r djupt rotat i allting vi g\u00f6r. Med v\u00e5rt mantra \u201cless plastic, more refill\u201d s\u00e5 vill vi uppmana dig till att reducera eng\u00e5ngs anv\u00e4ndning av plastflaskor och bidra till den cirkul\u00e4ra ekonomin genom att g\u00f6ra dina egna kolsyrade drycker.<\/p><p style=\"font-weight: 400;\" class=\"translation-block\">Vi utforskar st\u00e4ndigt nya s\u00e4tt att utveckla h\u00e5llbara och eleganta produkter. F\u00f6lj oss p\u00e5 v\u00e5rt uppdrag att h\u00f6ja ansvarsfull konsumtion.<\/p>\t\t\t\t\t\t\t\t<\/div>\n\t\t\t\t<\/div>\n\t\t\t\t\t<\/div>\n\t\t<\/div>\n\t\t\t\t\t<\/div>\n\t\t<\/section>\n\t\t\t\t<\/div>","protected":false},"excerpt":{"rendered":"<p>Om os bubliq blev grundlagt i K\u00f8benhavn i 2019 med en mission om at nyt\u00e6nke sodavandsmaskinen. Baseret p\u00e5 stolte, danske designtraditioner blev bubliq skabt ud fra en vision om at tilf\u00f8je elegance og nordisk minimalisme til verdens k\u00f8kkener. Vores maskiner henvender sig derfor til dig, der v\u00e6rds\u00e6tter enkelthed og rene linjer i indretningen. Hos bubliq [&hellip;]<\/p>\n","protected":false},"author":1,"featured_media":0,"parent":0,"menu_order":0,"comment_status":"closed","ping_status":"closed","template":"","meta":{"footnotes":""},"class_list":["post-13547","page","type-page","status-publish","hentry"],"_links":{"self":[{"href":"https:\/\/bubliq.com\/se\/wp-json\/wp\/v2\/pages\/13547","targetHints":{"allow":["GET"]}}],"collection":[{"href":"https:\/\/bubliq.com\/se\/wp-json\/wp\/v2\/pages"}],"about":[{"href":"https:\/\/bubliq.com\/se\/wp-json\/wp\/v2\/types\/page"}],"author":[{"embeddable":true,"href":"https:\/\/bubliq.com\/se\/wp-json\/wp\/v2\/users\/1"}],"replies":[{"embeddable":true,"href":"https:\/\/bubliq.com\/se\/wp-json\/wp\/v2\/comments?post=13547"}],"version-history":[{"count":109,"href":"https:\/\/bubliq.com\/se\/wp-json\/wp\/v2\/pages\/13547\/revisions"}],"predecessor-version":[{"id":26019,"href":"https:\/\/bubliq.com\/se\/wp-json\/wp\/v2\/pages\/13547\/revisions\/26019"}],"wp:attachment":[{"href":"https:\/\/bubliq.com\/se\/wp-json\/wp\/v2\/media?parent=13547"}],"curies":[{"name":"wp","href":"https:\/\/api.w.org\/{rel}","templated":true}]}}