{"id":2475,"date":"2019-11-20T15:46:58","date_gmt":"2019-11-20T15:46:58","guid":{"rendered":"https:\/\/bubliq.dk\/?page_id=2475"},"modified":"2026-01-02T10:43:36","modified_gmt":"2026-01-02T08:43:36","slug":"handelsbetingelser","status":"publish","type":"page","link":"https:\/\/bubliq.com\/se\/handelsvillkor\/","title":{"rendered":"K\u00f6pvillkor"},"content":{"rendered":"<div data-elementor-type=\"wp-page\" data-elementor-id=\"2475\" class=\"elementor elementor-2475\" data-elementor-post-type=\"page\">\n\t\t\t\t<div class=\"elementor-element elementor-element-7513cef e-flex e-con-boxed e-con e-parent\" data-id=\"7513cef\" data-element_type=\"container\" data-e-type=\"container\">\n\t\t\t\t\t<div class=\"e-con-inner\">\n\t\t<div class=\"elementor-element elementor-element-91934c6 e-con-full e-flex e-con e-child\" data-id=\"91934c6\" data-element_type=\"container\" data-e-type=\"container\">\n\t\t\t\t<div class=\"elementor-element elementor-element-8545d6b elementor-widget elementor-widget-shortcode\" data-id=\"8545d6b\" data-element_type=\"widget\" data-e-type=\"widget\" data-widget_type=\"shortcode.default\">\n\t\t\t\t<div class=\"elementor-widget-container\">\n\t\t\t\t\t\t\t<div class=\"elementor-shortcode\"><nav aria-label=\"breadcrumbs\" class=\"rank-math-breadcrumb\"><p><span class=\"last\">Hem<\/span><\/p><\/nav><\/div>\n\t\t\t\t\t\t<\/div>\n\t\t\t\t<\/div>\n\t\t\t\t<\/div>\n\t\t<div class=\"elementor-element elementor-element-3311a1f e-con-full e-flex e-con e-child\" data-id=\"3311a1f\" data-element_type=\"container\" data-e-type=\"container\">\n\t\t\t\t<div class=\"elementor-element elementor-element-8f6ef31 elementor-widget elementor-widget-heading\" data-id=\"8f6ef31\" data-element_type=\"widget\" data-e-type=\"widget\" data-widget_type=\"heading.default\">\n\t\t\t\t<div class=\"elementor-widget-container\">\n\t\t\t\t\t<h1 class=\"elementor-heading-title elementor-size-default\">K\u00f6pvillkor f\u00f6r bubliq ApS<\/h1>\t\t\t\t<\/div>\n\t\t\t\t<\/div>\n\t\t\t\t<\/div>\n\t\t<div class=\"elementor-element elementor-element-1c9e3ac e-con-full e-flex e-con e-child\" data-id=\"1c9e3ac\" data-element_type=\"container\" data-e-type=\"container\">\n\t\t\t\t<\/div>\n\t\t\t\t\t<\/div>\n\t\t\t\t<\/div>\n\t\t<div class=\"elementor-element elementor-element-4d5e404 e-flex e-con-boxed e-con e-parent\" data-id=\"4d5e404\" data-element_type=\"container\" data-e-type=\"container\">\n\t\t\t\t\t<div class=\"e-con-inner\">\n\t\t<div class=\"elementor-element elementor-element-6338a4f e-con-full e-flex e-con e-child\" data-id=\"6338a4f\" data-element_type=\"container\" data-e-type=\"container\">\n\t\t\t\t<div class=\"elementor-element elementor-element-70381ea elementor-widget elementor-widget-text-editor\" data-id=\"70381ea\" data-element_type=\"widget\" data-e-type=\"widget\" data-widget_type=\"text-editor.default\">\n\t\t\t\t<div class=\"elementor-widget-container\">\n\t\t\t\t\t\t\t\t\t<p>Nedanst\u00e5ende k\u00f6pvillkor g\u00e4ller f\u00f6r k\u00f6p av varor i bubliqs webbshop.<br \/>Vid k\u00f6p via webbshoppen accepterar du samtidigt v\u00e5ra k\u00f6pvillkor.<\/p><p>bubliqs webbshop \u00e4gs och drivs av:<\/p><p><strong>bubliq ApS<\/strong><br \/>Niver\u00f8dvej 37<br \/>2990 Niv\u00e5<br \/>Danmark<br \/>E-mail: info@bubliq.com<br \/>TEL.: +45 93 93 70 45<br \/>Org. nr.: 40846786<\/p>\t\t\t\t\t\t\t\t<\/div>\n\t\t\t\t<\/div>\n\t\t\t\t<\/div>\n\t\t\t\t\t<\/div>\n\t\t\t\t<\/div>\n\t\t<div class=\"elementor-element elementor-element-6c7100d e-flex e-con-boxed e-con e-parent\" data-id=\"6c7100d\" data-element_type=\"container\" data-e-type=\"container\">\n\t\t\t\t\t<div class=\"e-con-inner\">\n\t\t<div class=\"elementor-element elementor-element-184e48b e-con-full e-flex e-con e-child\" data-id=\"184e48b\" data-element_type=\"container\" data-e-type=\"container\">\n\t\t\t\t<div class=\"elementor-element elementor-element-b2a7d34 elementor-widget elementor-widget-heading\" data-id=\"b2a7d34\" data-element_type=\"widget\" data-e-type=\"widget\" data-widget_type=\"heading.default\">\n\t\t\t\t<div class=\"elementor-widget-container\">\n\t\t\t\t\t<h3 class=\"elementor-heading-title elementor-size-default\">Betalning<\/h3>\t\t\t\t<\/div>\n\t\t\t\t<\/div>\n\t\t\t\t<div class=\"elementor-element elementor-element-a313ce7 elementor-widget elementor-widget-text-editor\" data-id=\"a313ce7\" data-element_type=\"widget\" data-e-type=\"widget\" data-widget_type=\"text-editor.default\">\n\t\t\t\t<div class=\"elementor-widget-container\">\n\t\t\t\t\t\t\t\t\t<p>bubliq ApS accepterar onlinebetalningar med Visa, Mastercard, PayPal och Klarna.<br \/>Betalningen dras fr\u00e5n ditt konto f\u00f6rst n\u00e4r varan skickas fr\u00e5n v\u00e5rt lager eller n\u00e4r fakturan \u00e4r utf\u00e4rdad.<br \/>Samtliga belopp \u00e4r i SEK och inkl. moms.<br \/>bubliq ApS anv\u00e4nder en godk\u00e4nd betalningsserver som krypterar alla dina kortupplysningar med SSL-protokollet (Secure Socket Layer). Det betyder att man inte kan avl\u00e4sa din information.<\/p>\t\t\t\t\t\t\t\t<\/div>\n\t\t\t\t<\/div>\n\t\t\t\t<\/div>\n\t\t<div class=\"elementor-element elementor-element-9850988 e-con-full e-flex e-con e-child\" data-id=\"9850988\" data-element_type=\"container\" data-e-type=\"container\">\n\t\t\t\t<\/div>\n\t\t\t\t\t<\/div>\n\t\t\t\t<\/div>\n\t\t<div class=\"elementor-element elementor-element-913b067 e-flex e-con-boxed e-con e-parent\" data-id=\"913b067\" data-element_type=\"container\" data-e-type=\"container\">\n\t\t\t\t\t<div class=\"e-con-inner\">\n\t\t<div class=\"elementor-element elementor-element-4ae1eb2 e-con-full e-flex e-con e-child\" data-id=\"4ae1eb2\" data-element_type=\"container\" data-e-type=\"container\">\n\t\t\t\t<div class=\"elementor-element elementor-element-27d4d11 elementor-widget elementor-widget-heading\" data-id=\"27d4d11\" data-element_type=\"widget\" data-e-type=\"widget\" data-widget_type=\"heading.default\">\n\t\t\t\t<div class=\"elementor-widget-container\">\n\t\t\t\t\t<h3 class=\"elementor-heading-title elementor-size-default\">\u00c5nger- och returr\u00e4tt<\/h3>\t\t\t\t<\/div>\n\t\t\t\t<\/div>\n\t\t\t\t<div class=\"elementor-element elementor-element-035ede9 elementor-widget elementor-widget-text-editor\" data-id=\"035ede9\" data-element_type=\"widget\" data-e-type=\"widget\" data-widget_type=\"text-editor.default\">\n\t\t\t\t<div class=\"elementor-widget-container\">\n\t\t\t\t\t\t\t\t\t<p>bubliq erbjuder 30 dagars \u00e5ngerr\u00e4tt p\u00e5 alla varor. \u00c5ngerr\u00e4tten g\u00e4ller i 30 dagar efter den dag du mottagit din vara, eller n\u00e4r du mottagit den sista varan i fysiskt skick, om det r\u00f6r sig om flera varor som best\u00e4llts i en och samma order och levereras separat. F\u00f6r att utnyttja \u00e5ngerr\u00e4tten m\u00e5ste du meddela oss inom 30 dagar fr\u00e5n mottagandet att du \u00e5ngrar ditt k\u00f6p. Meddelandet skickas via mail till <a href=\"mailto:info@bubliq.com?swcfpc=1\">info@bubliq.com<\/a>. I mailet ska du tydligt ange att du \u00f6nskar utnyttja din \u00e5ngerr\u00e4tt. Om varan inte h\u00e4mtas ut inom tidsfristen i utl\u00e4mningsst\u00e4llen och d\u00e4rf\u00f6r returneras st\u00e5r du f\u00f6r returfraktkostnaden. Dessa kommer att dras av fr\u00e5n din \u00e5terbetalning.<\/p>\t\t\t\t\t\t\t\t<\/div>\n\t\t\t\t<\/div>\n\t\t\t\t<div class=\"elementor-element elementor-element-69b157d elementor-widget elementor-widget-text-editor\" data-id=\"69b157d\" data-element_type=\"widget\" data-e-type=\"widget\" data-widget_type=\"text-editor.default\">\n\t\t\t\t<div class=\"elementor-widget-container\">\n\t\t\t\t\t\t\t\t\t<p>Vid eventuell retur ska varan returneras i originalf\u00f6rpackningen samt det skyddande emballaget den levererades i. Om det skyddande emballaget saknas ska du f\u00f6rs\u00e4kra dig om att originalf\u00f6rpackningen skyddas s\u00e5 det inte uppkommer skador p\u00e5 den. F\u00f6rslagsvis b\u00f6r det yttre emballaget vara av papp. Du kan skapa och best\u00e4lla en retursedel via v\u00e5r <a href=\"https:\/\/bubliq.com\/se\/returnera\/\" target=\"_blank\" rel=\"noopener\">returportal h\u00e4r<\/a>. Efter bekr\u00e4ftelse kommer du att f\u00e5 en retursedel skickad till dig, denna ska f\u00e4stas p\u00e5 paketet. \u00d6nskar ni inte att anv\u00e4nda returportalen, v\u00e4nligen skicka paketet till f\u00f6ljande adress:<\/p>\n<p><\/p>\t\t\t\t\t\t\t\t<\/div>\n\t\t\t\t<\/div>\n\t\t\t\t<div class=\"elementor-element elementor-element-8283092 elementor-widget elementor-widget-text-editor\" data-id=\"8283092\" data-element_type=\"widget\" data-e-type=\"widget\" data-widget_type=\"text-editor.default\">\n\t\t\t\t<div class=\"elementor-widget-container\">\n\t\t\t\t\t\t\t\t\t<p>Att: bubliq ApS<br \/>R\u00f8nnekrogen 2<br \/>3400 Hiller\u00f8d<br \/>Danmark<\/p><p>Kom ih\u00e5g att bifoga namn och ordernummer i paketet, s\u00e5 vi kan identifiera returen.<\/p>\t\t\t\t\t\t\t\t<\/div>\n\t\t\t\t<\/div>\n\t\t\t\t<\/div>\n\t\t<div class=\"elementor-element elementor-element-97c8bdc e-con-full e-flex e-con e-child\" data-id=\"97c8bdc\" data-element_type=\"container\" data-e-type=\"container\">\n\t\t\t\t<\/div>\n\t\t\t\t\t<\/div>\n\t\t\t\t<\/div>\n\t\t<div class=\"elementor-element elementor-element-a7e9a5f e-flex e-con-boxed e-con e-parent\" data-id=\"a7e9a5f\" data-element_type=\"container\" data-e-type=\"container\">\n\t\t\t\t\t<div class=\"e-con-inner\">\n\t\t<div class=\"elementor-element elementor-element-6c5cc98 e-con-full e-flex e-con e-child\" data-id=\"6c5cc98\" data-element_type=\"container\" data-e-type=\"container\">\n\t\t\t\t<div class=\"elementor-element elementor-element-aeec84c elementor-widget elementor-widget-heading\" data-id=\"aeec84c\" data-element_type=\"widget\" data-e-type=\"widget\" data-widget_type=\"heading.default\">\n\t\t\t\t<div class=\"elementor-widget-container\">\n\t\t\t\t\t<h3 class=\"elementor-heading-title elementor-size-default\">Varans skick vid retur\/byte<\/h3>\t\t\t\t<\/div>\n\t\t\t\t<\/div>\n\t\t\t\t<div class=\"elementor-element elementor-element-fe2e6d4 elementor-widget elementor-widget-text-editor\" data-id=\"fe2e6d4\" data-element_type=\"widget\" data-e-type=\"widget\" data-widget_type=\"text-editor.default\">\n\t\t\t\t<div class=\"elementor-widget-container\">\n\t\t\t\t\t\t\t\t\tOm den returnerade varan \u00e4r anv\u00e4nd, skadad, saknar n\u00e5gon del eller skadas i returfrakten p\u00e5 grund av att varan inte var packad ordentligt, kan du f\u00e5 en mindre retursumma \u00e5terbetald i f\u00f6ljd av varans v\u00e4rdeminskning. Du kan testa produkten p\u00e5 samma s\u00e4tt som om du provade den i en fysisk butik. Detta inneb\u00e4r att du f\u00e5r unders\u00f6ka produkten, men inte anv\u00e4nda den. Om produkten \u00e4r testad eller anv\u00e4nd, minskar produktv\u00e4rdet. Detta inneb\u00e4r att vid \u00e5nger av k\u00f6p av en anv\u00e4nd vara, f\u00e5r man endast en del eller inget av ink\u00f6pspriset i retur, beroende p\u00e5 varans skick och v\u00e4rdeminskning. Det \u00e4r helt upp till bubliq att utv\u00e4rdera varans skick och att avg\u00f6ra om en del av eller inget belopp kan \u00e5terbetalas. \t\t\t\t\t\t\t\t<\/div>\n\t\t\t\t<\/div>\n\t\t\t\t<\/div>\n\t\t<div class=\"elementor-element elementor-element-ee869e3 e-con-full e-flex e-con e-child\" data-id=\"ee869e3\" data-element_type=\"container\" data-e-type=\"container\">\n\t\t\t\t<\/div>\n\t\t\t\t\t<\/div>\n\t\t\t\t<\/div>\n\t\t<div class=\"elementor-element elementor-element-a3b335c e-flex e-con-boxed e-con e-parent\" data-id=\"a3b335c\" data-element_type=\"container\" data-e-type=\"container\">\n\t\t\t\t\t<div class=\"e-con-inner\">\n\t\t<div class=\"elementor-element elementor-element-c6b4b40 e-con-full e-flex e-con e-child\" data-id=\"c6b4b40\" data-element_type=\"container\" data-e-type=\"container\">\n\t\t\t\t<div class=\"elementor-element elementor-element-69d0dcc elementor-widget elementor-widget-heading\" data-id=\"69d0dcc\" data-element_type=\"widget\" data-e-type=\"widget\" data-widget_type=\"heading.default\">\n\t\t\t\t<div class=\"elementor-widget-container\">\n\t\t\t\t\t<h3 class=\"elementor-heading-title elementor-size-default\">Reklamationsgaranti och reklamation<\/h3>\t\t\t\t<\/div>\n\t\t\t\t<\/div>\n\t\t\t\t<div class=\"elementor-element elementor-element-a925a36 elementor-widget elementor-widget-text-editor\" data-id=\"a925a36\" data-element_type=\"widget\" data-e-type=\"widget\" data-widget_type=\"text-editor.default\">\n\t\t\t\t<div class=\"elementor-widget-container\">\n\t\t\t\t\t\t\t\t\t<p>N\u00e4r du handlar hos oss som konsument, har du 24 m\u00e5naders reklamationsgaranti. Det inneb\u00e4r att du antingen kan f\u00e5 varan reparerad, utbytt, eller f\u00e5 avdrag p\u00e5 priset, beroende p\u00e5 den specifika situationen.<\/p><p>Reklamationsgarantin upph\u00f6r vid f\u00f6ljande omst\u00e4ndigheter:<br \/>- Felaktig eller onormal anv\u00e4ndning av produkten<br \/>- Olycka som skett efter k\u00f6pet av produkten<br \/>- Fel som uppst\u00e5tt p\u00e5 grund av att man inte f\u00f6ljt instruktionerna i produktens manual<\/p><p>Alla f\u00f6rs\u00f6k att reparera produkten sj\u00e4lv upph\u00e4ver garantin. Anv\u00e4ndning av fel sorts flaskor kommer ocks\u00e5 att upph\u00e4va garantin.<\/p><p>N\u00e4r du handlar hos oss som konsument, har du 24 m\u00e5naders reklamationsgaranti. Det inneb\u00e4r att du antingen kan f\u00e5 varan reparerat, ombytt,  eller avslag i priset, beroende p\u00e5 den konkreta situation. Det \u00e4r ett krav, att reklamationen \u00e4r ber\u00e4ttigat, och att felet inte uppst\u00e5tt till f\u00f6lje av en felaktig anv\u00e4ndning av produkten eller annat skadligt beteende.\nDu skal reklamera inom \u201drimlig tid\u201d efter, att du har uppt\u00e4ckt varans fel. Om du reklamerar inom tv\u00e5 m\u00e5nader efter det att felen har uppt\u00e4ckts, \u00e4r reklamationen alltid l\u00e4glig.\n\u00c4r reklamationen ber\u00e4ttigat, \u00e5terbetalar vi dina (rimliga) fraktkostnader. Varan skal alltid returneras i en f\u00f6rsvarlig emballage.N\u00e4r du returnerar varan, bedes du beskriva problemet s\u00e5 detaljerat som m\u00f6jligt. Varan skickas till:<\/p><p>Att: bubliq ApS<br \/>R\u00f8nnekrogen 2<br \/>3400 Hiller\u00f8d<\/p><p class=\"translation-block\">Kom ih\u00e5g att bifoga ordernummer, adress och namn vid returen. Leveransf\u00f6rpackningen som produkten kom med skall \u00e4ven anv\u00e4ndas vid returen. \u00c4r originalf\u00f6rpackningen borta, ska varan packas noga och skickas i retur i en kartongl\u00e5da. Reklamationer tas inte emot om de skickas med efterkrav.<\/p>\t\t\t\t\t\t\t\t<\/div>\n\t\t\t\t<\/div>\n\t\t\t\t<\/div>\n\t\t<div class=\"elementor-element elementor-element-1dfcbe7 e-con-full e-flex e-con e-child\" data-id=\"1dfcbe7\" data-element_type=\"container\" data-e-type=\"container\">\n\t\t\t\t<\/div>\n\t\t\t\t\t<\/div>\n\t\t\t\t<\/div>\n\t\t<div class=\"elementor-element elementor-element-ac08e62 e-flex e-con-boxed e-con e-parent\" data-id=\"ac08e62\" data-element_type=\"container\" data-e-type=\"container\">\n\t\t\t\t\t<div class=\"e-con-inner\">\n\t\t<div class=\"elementor-element elementor-element-d158552 e-con-full e-flex e-con e-child\" data-id=\"d158552\" data-element_type=\"container\" data-e-type=\"container\">\n\t\t\t\t<div class=\"elementor-element elementor-element-2cada51 elementor-widget elementor-widget-heading\" data-id=\"2cada51\" data-element_type=\"widget\" data-e-type=\"widget\" data-widget_type=\"heading.default\">\n\t\t\t\t<div class=\"elementor-widget-container\">\n\t\t\t\t\t<h3 class=\"elementor-heading-title elementor-size-default\">F\u00f6retagsk\u00f6p<\/h3>\t\t\t\t<\/div>\n\t\t\t\t<\/div>\n\t\t\t\t<div class=\"elementor-element elementor-element-adc3b32 elementor-widget elementor-widget-text-editor\" data-id=\"adc3b32\" data-element_type=\"widget\" data-e-type=\"widget\" data-widget_type=\"text-editor.default\">\n\t\t\t\t<div class=\"elementor-widget-container\">\n\t\t\t\t\t\t\t\t\t<p>Om det p\u00e5 din order \u00e4r upplyst ett organisationsnummer eller ett f\u00f6retagsnamn st\u00e5r som faktureringsadress, kommer din order att behandlas som ett f\u00f6retagsk\u00f6p.<\/p><p>F\u00f6ljande villkor g\u00e4ller s\u00e4rskilt f\u00f6r f\u00f6retagskunder:<\/p><ul><li>Ingen \u00e5ngerr\u00e4tt<\/li><li>12 m\u00e5naders reklamationsr\u00e4tt. Byte eller reparation medf\u00f6r ej en ny period.<\/li><li>Vid bruk av reklamationsr\u00e4tten st\u00e5r k\u00f6paren sj\u00e4lv f\u00f6r transport av varan, inklusive fraktkostnader<\/li><\/ul>\t\t\t\t\t\t\t\t<\/div>\n\t\t\t\t<\/div>\n\t\t\t\t<\/div>\n\t\t<div class=\"elementor-element elementor-element-d7a1b25 e-con-full e-flex e-con e-child\" data-id=\"d7a1b25\" data-element_type=\"container\" data-e-type=\"container\">\n\t\t\t\t<\/div>\n\t\t\t\t\t<\/div>\n\t\t\t\t<\/div>\n\t\t<div class=\"elementor-element elementor-element-c14d47a e-flex e-con-boxed e-con e-parent\" data-id=\"c14d47a\" data-element_type=\"container\" data-e-type=\"container\">\n\t\t\t\t\t<div class=\"e-con-inner\">\n\t\t<div class=\"elementor-element elementor-element-1a5d28e e-con-full e-flex e-con e-child\" data-id=\"1a5d28e\" data-element_type=\"container\" data-e-type=\"container\">\n\t\t\t\t<div class=\"elementor-element elementor-element-6c38600 elementor-widget elementor-widget-heading\" data-id=\"6c38600\" data-element_type=\"widget\" data-e-type=\"widget\" data-widget_type=\"heading.default\">\n\t\t\t\t<div class=\"elementor-widget-container\">\n\t\t\t\t\t<h3 class=\"elementor-heading-title elementor-size-default\">Integritetspolicy<\/h3>\t\t\t\t<\/div>\n\t\t\t\t<\/div>\n\t\t\t\t<div class=\"elementor-element elementor-element-a32a540 elementor-widget elementor-widget-text-editor\" data-id=\"a32a540\" data-element_type=\"widget\" data-e-type=\"widget\" data-widget_type=\"text-editor.default\">\n\t\t\t\t<div class=\"elementor-widget-container\">\n\t\t\t\t\t\t\t\t\t<p>Vi registrerar dina personuppgifter f\u00f6r att kunna leverera varor till dig.<\/p><p>F\u00f6r att kunna ing\u00e5 avtal med oss beh\u00f6ver vi f\u00f6ljande information:<\/p><p>- Namn<br \/>- Adress<br \/>- Telefonnummer<br \/>- E-postadress<\/p><p>Personuppgifter registreras hos bubliq ApS och lagras i upp till fem \u00e5r, d\u00e4refter raderas de.<\/p><p>N\u00e4r vi sparar personuppgifter via v\u00e5r webbplats, s\u00e4kerst\u00e4ller vi att detta alltid sker med ditt godk\u00e4nnande. P\u00e5 s\u00e5 vis \u00e4r du informerad om exakt vilka uppgifter som samlas in och varf\u00f6r. F\u00f6r mer detaljerad information om vilka uppgifter som samlas in om dig p\u00e5 webbplatsen och hur det anv\u00e4nds, h\u00e4nvisar vi till v\u00e5r\u00a0<a href=\"https:\/\/bubliq.com\/se\/cookie-och-privatpolitik\/\">cookie- och integritetspolicy<\/a><b>.<\/b><\/p><p>Ansvarig VD och anst\u00e4llda hos bubliq ApS har tillg\u00e5ng till de uppgifter som \u00e4r registrerade om dig.<\/p><p>Data ansvarig hos bubliq ApS \u00e4r: bubliq ApS<\/p><p>Vi lagrar och skickar inte kunduppgifter krypterat.<\/p><p>Som registrerad hos bubliq ApS har du alltid r\u00e4tt att inv\u00e4nda mot registreringen av dina uppgifter. Du har ocks\u00e5 r\u00e4tt att f\u00e5 reda p\u00e5 vilka uppgifter som \u00e4r registrerade om dig, dessa r\u00e4ttigheter har du via dataskyddsf\u00f6rordningen. Eventuella f\u00f6rfr\u00e5gningar ang\u00e5ende dessa r\u00e4ttigheter ska skickas till\u00a0<a href=\"mailto:info@bubliq.com\">info@bubliq.com<\/a>.<\/p>\t\t\t\t\t\t\t\t<\/div>\n\t\t\t\t<\/div>\n\t\t\t\t<\/div>\n\t\t<div class=\"elementor-element elementor-element-39a1124 e-con-full e-flex e-con e-child\" data-id=\"39a1124\" data-element_type=\"container\" data-e-type=\"container\">\n\t\t\t\t<\/div>\n\t\t\t\t\t<\/div>\n\t\t\t\t<\/div>\n\t\t<div class=\"elementor-element elementor-element-f9b6ee8 e-flex e-con-boxed e-con e-parent\" data-id=\"f9b6ee8\" data-element_type=\"container\" data-e-type=\"container\">\n\t\t\t\t\t<div class=\"e-con-inner\">\n\t\t<div class=\"elementor-element elementor-element-809083c e-con-full e-flex e-con e-child\" data-id=\"809083c\" data-element_type=\"container\" data-e-type=\"container\">\n\t\t\t\t<div class=\"elementor-element elementor-element-ce5e301 elementor-widget elementor-widget-heading\" data-id=\"ce5e301\" data-element_type=\"widget\" data-e-type=\"widget\" data-widget_type=\"heading.default\">\n\t\t\t\t<div class=\"elementor-widget-container\">\n\t\t\t\t\t<h3 class=\"elementor-heading-title elementor-size-default\">Till\u00e4mplig lag och jurisdiktion<\/h3>\t\t\t\t<\/div>\n\t\t\t\t<\/div>\n\t\t\t\t<div class=\"elementor-element elementor-element-289af19 elementor-widget elementor-widget-text-editor\" data-id=\"289af19\" data-element_type=\"widget\" data-e-type=\"widget\" data-widget_type=\"text-editor.default\">\n\t\t\t\t<div class=\"elementor-widget-container\">\n\t\t\t\t\t\t\t\t\t<p>Dessa villkor regleras av dansk lag. I den utstr\u00e4ckning det \u00e4r till\u00e5tet enligt g\u00e4llande lag ska varje tvist som uppst\u00e5r ur eller i samband med dessa villkor exklusivt pr\u00f6vas av danska domstolar, med K\u00f8benhavns Byret som f\u00f6rsta instans.<br data-start=\"370\" data-end=\"373\" data-is-only-node=\"\" \/>Ingenting i dessa villkor begr\u00e4nsar de r\u00e4ttigheter som konsumenter kan ha enligt tvingande konsumentskyddslagstiftning, inklusive den som g\u00e4ller inom EU.<\/p>\t\t\t\t\t\t\t\t<\/div>\n\t\t\t\t<\/div>\n\t\t\t\t<\/div>\n\t\t<div class=\"elementor-element elementor-element-6bdf7e1 e-con-full e-flex e-con e-child\" data-id=\"6bdf7e1\" data-element_type=\"container\" data-e-type=\"container\">\n\t\t\t\t<\/div>\n\t\t\t\t\t<\/div>\n\t\t\t\t<\/div>\n\t\t<div class=\"elementor-element elementor-element-5daf815 e-flex e-con-boxed e-con e-parent\" data-id=\"5daf815\" data-element_type=\"container\" data-e-type=\"container\">\n\t\t\t\t\t<div class=\"e-con-inner\">\n\t\t<div class=\"elementor-element elementor-element-eeca52b e-con-full e-flex e-con e-child\" data-id=\"eeca52b\" data-element_type=\"container\" data-e-type=\"container\">\n\t\t\t\t<div class=\"elementor-element elementor-element-6f1b3fa elementor-widget elementor-widget-heading\" data-id=\"6f1b3fa\" data-element_type=\"widget\" data-e-type=\"widget\" data-widget_type=\"heading.default\">\n\t\t\t\t<div class=\"elementor-widget-container\">\n\t\t\t\t\t<h3 class=\"elementor-heading-title elementor-size-default\">Konsumentskydd<\/h3>\t\t\t\t<\/div>\n\t\t\t\t<\/div>\n\t\t\t\t<div class=\"elementor-element elementor-element-9f72fc5 elementor-widget elementor-widget-text-editor\" data-id=\"9f72fc5\" data-element_type=\"widget\" data-e-type=\"widget\" data-widget_type=\"text-editor.default\">\n\t\t\t\t<div class=\"elementor-widget-container\">\n\t\t\t\t\t\t\t\t\t<p>L\u00e4s mer om ditt skydd som konsument n\u00e4r du k\u00f6per via en PensoPay betalningsl\u00f6sning:<br \/><a href=\"https:\/\/pensopay.com\/mere\/forbrugerbeskyttelse\/\" target=\"_blank\" rel=\"noopener\">https:\/\/pensopay.com\/mere\/forbrugerbeskyttelse\/<\/a><\/p>\t\t\t\t\t\t\t\t<\/div>\n\t\t\t\t<\/div>\n\t\t\t\t<\/div>\n\t\t<div class=\"elementor-element elementor-element-8420ccd e-con-full e-flex e-con e-child\" data-id=\"8420ccd\" data-element_type=\"container\" data-e-type=\"container\">\n\t\t\t\t<\/div>\n\t\t\t\t\t<\/div>\n\t\t\t\t<\/div>\n\t\t<div class=\"elementor-element elementor-element-5b7affd e-flex e-con-boxed e-con e-parent\" data-id=\"5b7affd\" data-element_type=\"container\" data-e-type=\"container\">\n\t\t\t\t\t<div class=\"e-con-inner\">\n\t\t<div class=\"elementor-element elementor-element-1f65540 e-con-full e-flex e-con e-child\" data-id=\"1f65540\" data-element_type=\"container\" data-e-type=\"container\">\n\t\t\t\t<div class=\"elementor-element elementor-element-0143753 elementor-widget elementor-widget-heading\" data-id=\"0143753\" data-element_type=\"widget\" data-e-type=\"widget\" data-widget_type=\"heading.default\">\n\t\t\t\t<div class=\"elementor-widget-container\">\n\t\t\t\t\t<h3 class=\"elementor-heading-title elementor-size-default\">Klagom\u00e5l<\/h3>\t\t\t\t<\/div>\n\t\t\t\t<\/div>\n\t\t\t\t<div class=\"elementor-element elementor-element-e0bd3bd elementor-widget elementor-widget-text-editor\" data-id=\"e0bd3bd\" data-element_type=\"widget\" data-e-type=\"widget\" data-widget_type=\"text-editor.default\">\n\t\t\t\t<div class=\"elementor-widget-container\">\n\t\t\t\t\t\t\t\t\t<p>Om du vill l\u00e4mna in ett klagom\u00e5l ang\u00e5ende ditt k\u00f6p, v\u00e4nligen kontakta oss p\u00e5  info@bubliq.com. Om vi inte lyckas hitta en l\u00f6sning p\u00e5 ditt problem kan du v\u00e4lja att skicka in ditt klagom\u00e5l till relevant myndighet inom omr\u00e5det, f\u00f6rutsatt att villkoren f\u00f6r detta \u00e4r uppfyllda.<\/p><p><strong>Konkurrence- og Forbrugerstyrelsen<\/strong><br \/>Carl Jacobsens Vej 35<br \/>2500 Valby<br \/><a href=\"http:\/\/www.forbrug.dk\/\" target=\"_blank\" rel=\"noopener\">www.forbrug.dk<\/a><\/p><p>Om du \u00e4r konsument och bosatt i ett annat EU-land, har du m\u00f6jlighet att l\u00e4mna in ditt klagom\u00e5l genom EU Kommissionens onlineplattform f\u00f6r klagom\u00e5l. Plattformen finns h\u00e4r:<br \/><a href=\"http:\/\/ec.europa.eu\/consumers\/odr\/\" target=\"_blank\" rel=\"noopener\">ec.europa.eu<\/a><\/p><p>Om du v\u00e4ljer att l\u00e4mna in ditt klagom\u00e5l genom denna plattform, v\u00e4nligen ange v\u00e5r e-mail adress:  info@bubliq.com<\/p>\t\t\t\t\t\t\t\t<\/div>\n\t\t\t\t<\/div>\n\t\t\t\t<\/div>\n\t\t<div class=\"elementor-element elementor-element-301b1f2 e-con-full e-flex e-con e-child\" data-id=\"301b1f2\" data-element_type=\"container\" data-e-type=\"container\">\n\t\t\t\t<\/div>\n\t\t\t\t\t<\/div>\n\t\t\t\t<\/div>\n\t\t\t\t<\/div>","protected":false},"excerpt":{"rendered":"<p>Handelsbetingelser for bubliq ApS Nedenst\u00e5ende handelsbetingelser g\u00e6lder for k\u00f8b af varer i bubliqs webshop.Ved k\u00f8b p\u00e5 webshoppen accepterer du samtidig vores handelsbetingelser. bubliqs webshop ejes og drives af: bubliq ApSNiver\u00f8dvej 372990 Niv\u00e5DanmarkE-mail: info@bubliq.comTLF: 93 93 70 45CVR: 40846786 Betaling bubliq ApS modtager online betalinger med Visa\/Dankort, Visa, Mastercard, MobilePay, PayPal og Klarna.Betaling vil f\u00f8rst blive [&hellip;]<\/p>\n","protected":false},"author":1,"featured_media":0,"parent":0,"menu_order":0,"comment_status":"closed","ping_status":"closed","template":"","meta":{"footnotes":""},"class_list":["post-2475","page","type-page","status-publish","hentry"],"_links":{"self":[{"href":"https:\/\/bubliq.com\/se\/wp-json\/wp\/v2\/pages\/2475","targetHints":{"allow":["GET"]}}],"collection":[{"href":"https:\/\/bubliq.com\/se\/wp-json\/wp\/v2\/pages"}],"about":[{"href":"https:\/\/bubliq.com\/se\/wp-json\/wp\/v2\/types\/page"}],"author":[{"embeddable":true,"href":"https:\/\/bubliq.com\/se\/wp-json\/wp\/v2\/users\/1"}],"replies":[{"embeddable":true,"href":"https:\/\/bubliq.com\/se\/wp-json\/wp\/v2\/comments?post=2475"}],"version-history":[{"count":457,"href":"https:\/\/bubliq.com\/se\/wp-json\/wp\/v2\/pages\/2475\/revisions"}],"predecessor-version":[{"id":25700,"href":"https:\/\/bubliq.com\/se\/wp-json\/wp\/v2\/pages\/2475\/revisions\/25700"}],"wp:attachment":[{"href":"https:\/\/bubliq.com\/se\/wp-json\/wp\/v2\/media?parent=2475"}],"curies":[{"name":"wp","href":"https:\/\/api.w.org\/{rel}","templated":true}]}}