{"id":2481,"date":"2019-11-20T17:25:26","date_gmt":"2019-11-20T17:25:26","guid":{"rendered":"https:\/\/bubliq.dk\/?page_id=2481"},"modified":"2025-10-31T17:11:52","modified_gmt":"2025-10-31T15:11:52","slug":"returnering","status":"publish","type":"page","link":"https:\/\/bubliq.com\/se\/returnera\/","title":{"rendered":"Retur"},"content":{"rendered":"<div data-elementor-type=\"wp-page\" data-elementor-id=\"2481\" class=\"elementor elementor-2481\" data-elementor-post-type=\"page\">\n\t\t\t\t<div class=\"elementor-element elementor-element-feade65 e-flex e-con-boxed e-con e-parent\" data-id=\"feade65\" data-element_type=\"container\" data-e-type=\"container\">\n\t\t\t\t\t<div class=\"e-con-inner\">\n\t\t<div class=\"elementor-element elementor-element-2000624 e-con-full e-flex e-con e-child\" data-id=\"2000624\" data-element_type=\"container\" data-e-type=\"container\">\n\t\t\t\t<div class=\"elementor-element elementor-element-ce1a716 elementor-widget elementor-widget-shortcode\" data-id=\"ce1a716\" data-element_type=\"widget\" data-e-type=\"widget\" data-widget_type=\"shortcode.default\">\n\t\t\t\t<div class=\"elementor-widget-container\">\n\t\t\t\t\t\t\t<div class=\"elementor-shortcode\"><nav aria-label=\"breadcrumbs\" class=\"rank-math-breadcrumb\"><p><span class=\"last\">Hem<\/span><\/p><\/nav><\/div>\n\t\t\t\t\t\t<\/div>\n\t\t\t\t<\/div>\n\t\t\t\t<\/div>\n\t\t<div class=\"elementor-element elementor-element-0a00287 e-con-full e-flex e-con e-child\" data-id=\"0a00287\" data-element_type=\"container\" data-e-type=\"container\">\n\t\t\t\t<div class=\"elementor-element elementor-element-f04a283 elementor-widget elementor-widget-heading\" data-id=\"f04a283\" data-element_type=\"widget\" data-e-type=\"widget\" data-widget_type=\"heading.default\">\n\t\t\t\t<div class=\"elementor-widget-container\">\n\t\t\t\t\t<h1 class=\"elementor-heading-title elementor-size-default\">Returnera<\/h1>\t\t\t\t<\/div>\n\t\t\t\t<\/div>\n\t\t\t\t<\/div>\n\t\t<div class=\"elementor-element elementor-element-8901214 e-con-full e-flex e-con e-child\" data-id=\"8901214\" data-element_type=\"container\" data-e-type=\"container\">\n\t\t\t\t<\/div>\n\t\t\t\t\t<\/div>\n\t\t\t\t<\/div>\n\t\t<div class=\"elementor-element elementor-element-4dd82ce e-flex e-con-boxed e-con e-parent\" data-id=\"4dd82ce\" data-element_type=\"container\" data-e-type=\"container\">\n\t\t\t\t\t<div class=\"e-con-inner\">\n\t\t<div class=\"elementor-element elementor-element-8ff7417 e-con-full e-flex e-con e-child\" data-id=\"8ff7417\" data-element_type=\"container\" data-e-type=\"container\">\n\t\t\t\t<div class=\"elementor-element elementor-element-d8a9963 elementor-widget elementor-widget-heading\" data-id=\"d8a9963\" data-element_type=\"widget\" data-e-type=\"widget\" data-widget_type=\"heading.default\">\n\t\t\t\t<div class=\"elementor-widget-container\">\n\t\t\t\t\t<h4 class=\"elementor-heading-title elementor-size-default\">Innan ni returnerar<\/h4>\t\t\t\t<\/div>\n\t\t\t\t<\/div>\n\t\t\t\t<\/div>\n\t\t\t\t\t<\/div>\n\t\t\t\t<\/div>\n\t\t<div class=\"elementor-element elementor-element-5c22af9 e-flex e-con-boxed e-con e-parent\" data-id=\"5c22af9\" data-element_type=\"container\" data-e-type=\"container\">\n\t\t\t\t\t<div class=\"e-con-inner\">\n\t\t<div class=\"elementor-element elementor-element-7039568 e-con-full e-flex e-con e-child\" data-id=\"7039568\" data-element_type=\"container\" data-e-type=\"container\">\n\t\t\t\t<div class=\"elementor-element elementor-element-c07d80e elementor-widget elementor-widget-text-editor\" data-id=\"c07d80e\" data-element_type=\"widget\" data-e-type=\"widget\" data-widget_type=\"text-editor.default\">\n\t\t\t\t<div class=\"elementor-widget-container\">\n\t\t\t\t\t\t\t\t\t<p>\u00d6nskar du anv\u00e4nda din returr\u00e4tt? Eller \u00f6nskar du returnera av andra sk\u00e4l? Det \u00e4r viktigt att vi f\u00e5r en f\u00f6rklaring om orsaken till returen. Skicka ett mail till <a href=\"mailto:info@bubliq.com\">info@bubliq.com<\/a> med ett par kommentarer om varf\u00f6r ni \u00f6nskar returnera.\u00a0<\/p>\t\t\t\t\t\t\t\t<\/div>\n\t\t\t\t<\/div>\n\t\t\t\t<\/div>\n\t\t<div class=\"elementor-element elementor-element-38b082b elementor-hidden-phone e-con-full e-flex e-con e-child\" data-id=\"38b082b\" data-element_type=\"container\" data-e-type=\"container\">\n\t\t\t\t<\/div>\n\t\t\t\t\t<\/div>\n\t\t\t\t<\/div>\n\t\t<div class=\"elementor-element elementor-element-1b67d32 e-flex e-con-boxed e-con e-parent\" data-id=\"1b67d32\" data-element_type=\"container\" data-e-type=\"container\">\n\t\t\t\t\t<div class=\"e-con-inner\">\n\t\t<div class=\"elementor-element elementor-element-8e90838 e-con-full e-flex e-con e-child\" data-id=\"8e90838\" data-element_type=\"container\" data-e-type=\"container\">\n\t\t\t\t<div class=\"elementor-element elementor-element-fcbd909 elementor-widget elementor-widget-heading\" data-id=\"fcbd909\" data-element_type=\"widget\" data-e-type=\"widget\" data-widget_type=\"heading.default\">\n\t\t\t\t<div class=\"elementor-widget-container\">\n\t\t\t\t\t<h4 class=\"elementor-heading-title elementor-size-default\">S\u00e5 h\u00e4r returnerar du<\/h4>\t\t\t\t<\/div>\n\t\t\t\t<\/div>\n\t\t\t\t<\/div>\n\t\t\t\t\t<\/div>\n\t\t\t\t<\/div>\n\t\t<div class=\"elementor-element elementor-element-fbba0cb e-flex e-con-boxed e-con e-parent\" data-id=\"fbba0cb\" data-element_type=\"container\" data-e-type=\"container\">\n\t\t\t\t\t<div class=\"e-con-inner\">\n\t\t<div class=\"elementor-element elementor-element-99c4787 e-con-full e-flex e-con e-child\" data-id=\"99c4787\" data-element_type=\"container\" data-e-type=\"container\">\n\t\t\t\t<div class=\"elementor-element elementor-element-c402fb7 elementor-widget elementor-widget-text-editor\" data-id=\"c402fb7\" data-element_type=\"widget\" data-e-type=\"widget\" data-widget_type=\"text-editor.default\">\n\t\t\t\t<div class=\"elementor-widget-container\">\n\t\t\t\t\t\t\t\t\t<p>Hos bubliq \u00e4r det enkelt och snabbt att uppr\u00e4tta en retur genom v\u00e5r returportal. Returfrakten st\u00e5r ni sj\u00e4lv f\u00f6r, till en kostnad av SEK 90. N\u00e4r paketet \u00e4r klart f\u00f6r att skickas l\u00e4mnar ni in den hos n\u00e4rmaste postbutik.<\/p>\t\t\t\t\t\t\t\t<\/div>\n\t\t\t\t<\/div>\n\t\t\t\t<\/div>\n\t\t<div class=\"elementor-element elementor-element-d01fee8 elementor-hidden-phone e-con-full e-flex e-con e-child\" data-id=\"d01fee8\" data-element_type=\"container\" data-e-type=\"container\">\n\t\t\t\t<\/div>\n\t\t\t\t\t<\/div>\n\t\t\t\t<\/div>\n\t\t<div class=\"elementor-element elementor-element-14015a4 e-flex e-con-boxed e-con e-parent\" data-id=\"14015a4\" data-element_type=\"container\" data-e-type=\"container\">\n\t\t\t\t\t<div class=\"e-con-inner\">\n\t\t<div class=\"elementor-element elementor-element-bfb10bc e-con-full e-flex e-con e-child\" data-id=\"bfb10bc\" data-element_type=\"container\" data-e-type=\"container\">\n\t\t\t\t<div class=\"elementor-element elementor-element-3305021 elementor-align-center elementor-widget elementor-widget-button\" data-id=\"3305021\" data-element_type=\"widget\" data-e-type=\"widget\" data-widget_type=\"button.default\">\n\t\t\t\t<div class=\"elementor-widget-container\">\n\t\t\t\t\t\t\t\t\t<div class=\"elementor-button-wrapper\">\n\t\t\t\t\t<a class=\"elementor-button elementor-button-link elementor-size-md\" href=\"https:\/\/return.shipmondo.com\/returnera\" target=\"_blank\" rel=\"nofollow noopener\">\n\t\t\t\t\t\t<span class=\"elementor-button-content-wrapper\">\n\t\t\t\t\t\t\t\t\t<span class=\"elementor-button-text\">\u00d6ppna returportal<\/span>\n\t\t\t\t\t<\/span>\n\t\t\t\t\t<\/a>\n\t\t\t\t<\/div>\n\t\t\t\t\t\t\t\t<\/div>\n\t\t\t\t<\/div>\n\t\t\t\t<\/div>\n\t\t<div class=\"elementor-element elementor-element-9bc1f54 elementor-hidden-phone e-con-full e-flex e-con e-child\" data-id=\"9bc1f54\" data-element_type=\"container\" data-e-type=\"container\">\n\t\t\t\t<\/div>\n\t\t\t\t\t<\/div>\n\t\t\t\t<\/div>\n\t\t<div class=\"elementor-element elementor-element-39ad4ee e-flex e-con-boxed e-con e-parent\" data-id=\"39ad4ee\" data-element_type=\"container\" data-e-type=\"container\">\n\t\t\t\t\t<div class=\"e-con-inner\">\n\t\t<div class=\"elementor-element elementor-element-9dcbf18 e-con-full e-flex e-con e-child\" data-id=\"9dcbf18\" data-element_type=\"container\" data-e-type=\"container\">\n\t\t\t\t<div class=\"elementor-element elementor-element-97bc008 elementor-widget elementor-widget-heading\" data-id=\"97bc008\" data-element_type=\"widget\" data-e-type=\"widget\" data-widget_type=\"heading.default\">\n\t\t\t\t<div class=\"elementor-widget-container\">\n\t\t\t\t\t<h4 class=\"elementor-heading-title elementor-size-default\">F\u00f6rpackning <\/h4>\t\t\t\t<\/div>\n\t\t\t\t<\/div>\n\t\t\t\t<\/div>\n\t\t\t\t\t<\/div>\n\t\t\t\t<\/div>\n\t\t<div class=\"elementor-element elementor-element-e0ac25b e-flex e-con-boxed e-con e-parent\" data-id=\"e0ac25b\" data-element_type=\"container\" data-e-type=\"container\">\n\t\t\t\t\t<div class=\"e-con-inner\">\n\t\t<div class=\"elementor-element elementor-element-e7bfed4 e-con-full e-flex e-con e-child\" data-id=\"e7bfed4\" data-element_type=\"container\" data-e-type=\"container\">\n\t\t\t\t<div class=\"elementor-element elementor-element-a3a3394 elementor-widget elementor-widget-text-editor\" data-id=\"a3a3394\" data-element_type=\"widget\" data-e-type=\"widget\" data-widget_type=\"text-editor.default\">\n\t\t\t\t<div class=\"elementor-widget-container\">\n\t\t\t\t\t\t\t\t\t<p>Varan skall returneras i sin originalf\u00f6rpackning och l\u00e4ggas i den transportf\u00f6rpackning som varan blev medskickad i. \u00c4r transportf\u00f6rpackningen borta, skall ni f\u00f6rs\u00e4kra er om att original f\u00f6rpackningen \u00e4r ordentligt skyddad innan den skickas iv\u00e4g med posten. Anv\u00e4nd l\u00e4mpligen ett transportemballage av kartong eller papper.<\/p>\t\t\t\t\t\t\t\t<\/div>\n\t\t\t\t<\/div>\n\t\t\t\t<\/div>\n\t\t<div class=\"elementor-element elementor-element-6392a84 elementor-hidden-phone e-con-full e-flex e-con e-child\" data-id=\"6392a84\" data-element_type=\"container\" data-e-type=\"container\">\n\t\t\t\t<\/div>\n\t\t\t\t\t<\/div>\n\t\t\t\t<\/div>\n\t\t<div class=\"elementor-element elementor-element-e50a914 e-flex e-con-boxed e-con e-parent\" data-id=\"e50a914\" data-element_type=\"container\" data-e-type=\"container\">\n\t\t\t\t\t<div class=\"e-con-inner\">\n\t\t<div class=\"elementor-element elementor-element-de4e13e e-con-full e-flex e-con e-child\" data-id=\"de4e13e\" data-element_type=\"container\" data-e-type=\"container\">\n\t\t\t\t<div class=\"elementor-element elementor-element-98c6010 elementor-widget elementor-widget-heading\" data-id=\"98c6010\" data-element_type=\"widget\" data-e-type=\"widget\" data-widget_type=\"heading.default\">\n\t\t\t\t<div class=\"elementor-widget-container\">\n\t\t\t\t\t<h4 class=\"elementor-heading-title elementor-size-default\">Varans skick vid retur\/byte<\/h4>\t\t\t\t<\/div>\n\t\t\t\t<\/div>\n\t\t\t\t<\/div>\n\t\t\t\t\t<\/div>\n\t\t\t\t<\/div>\n\t\t<div class=\"elementor-element elementor-element-3a3d07d e-flex e-con-boxed e-con e-parent\" data-id=\"3a3d07d\" data-element_type=\"container\" data-e-type=\"container\">\n\t\t\t\t\t<div class=\"e-con-inner\">\n\t\t<div class=\"elementor-element elementor-element-c385986 e-con-full e-flex e-con e-child\" data-id=\"c385986\" data-element_type=\"container\" data-e-type=\"container\">\n\t\t\t\t<div class=\"elementor-element elementor-element-540a5d1 elementor-widget elementor-widget-text-editor\" data-id=\"540a5d1\" data-element_type=\"widget\" data-e-type=\"widget\" data-widget_type=\"text-editor.default\">\n\t\t\t\t<div class=\"elementor-widget-container\">\n\t\t\t\t\t\t\t\t\t<p class=\"translation-block\">Du f\u00f6rs\u00e4krar dig om varans skick \u00e4r samma som vid k\u00f6ptillf\u00e4llet s\u00e5 dess yttre, egenskaper och funktion \u00e4r bibeh\u00e5llna. Det betyder att du f\u00e5r prova vara p\u00e5 samma s\u00e4tt som om du k\u00f6pte varan i en butik. L\u00e4s mer om varans skick vid returnering i v\u00e5ra <a href=\"https:\/\/bubliq.com\/se\/handelsvillkor\/\" target=\"_self\">k\u00f6pvillkor<\/a>.<\/p>\t\t\t\t\t\t\t\t<\/div>\n\t\t\t\t<\/div>\n\t\t\t\t<\/div>\n\t\t<div class=\"elementor-element elementor-element-c570ac3 elementor-hidden-phone e-con-full e-flex e-con e-child\" data-id=\"c570ac3\" data-element_type=\"container\" data-e-type=\"container\">\n\t\t\t\t<\/div>\n\t\t\t\t\t<\/div>\n\t\t\t\t<\/div>\n\t\t\t\t<\/div>","protected":false},"excerpt":{"rendered":"<p>Returnering Inden du returnerer \u00d8nsker du at g\u00f8re brug af din fortrydelsesret? Eller \u00f8nsker du at returnere af andre \u00e5rsager? Det er vigtigt at du forklarer os \u00e5rsagen til din returnering. Send en mail til info@bubliq.com med et par kommentarer om hvorfor du \u00f8nsker at returnere.\u00a0 S\u00e5dan returnerer du Hos bubliq er det nemt og [&hellip;]<\/p>\n","protected":false},"author":1,"featured_media":0,"parent":0,"menu_order":0,"comment_status":"closed","ping_status":"closed","template":"","meta":{"footnotes":""},"class_list":["post-2481","page","type-page","status-publish","hentry"],"_links":{"self":[{"href":"https:\/\/bubliq.com\/se\/wp-json\/wp\/v2\/pages\/2481","targetHints":{"allow":["GET"]}}],"collection":[{"href":"https:\/\/bubliq.com\/se\/wp-json\/wp\/v2\/pages"}],"about":[{"href":"https:\/\/bubliq.com\/se\/wp-json\/wp\/v2\/types\/page"}],"author":[{"embeddable":true,"href":"https:\/\/bubliq.com\/se\/wp-json\/wp\/v2\/users\/1"}],"replies":[{"embeddable":true,"href":"https:\/\/bubliq.com\/se\/wp-json\/wp\/v2\/comments?post=2481"}],"version-history":[{"count":235,"href":"https:\/\/bubliq.com\/se\/wp-json\/wp\/v2\/pages\/2481\/revisions"}],"predecessor-version":[{"id":25249,"href":"https:\/\/bubliq.com\/se\/wp-json\/wp\/v2\/pages\/2481\/revisions\/25249"}],"wp:attachment":[{"href":"https:\/\/bubliq.com\/se\/wp-json\/wp\/v2\/media?parent=2481"}],"curies":[{"name":"wp","href":"https:\/\/api.w.org\/{rel}","templated":true}]}}