{"id":2609,"date":"2019-11-21T17:03:32","date_gmt":"2019-11-21T17:03:32","guid":{"rendered":"https:\/\/bubliq.dk\/?page_id=2609"},"modified":"2026-01-02T10:51:51","modified_gmt":"2026-01-02T08:51:51","slug":"privatlivspolitik","status":"publish","type":"page","link":"https:\/\/bubliq.com\/se\/cookie-och-privatpolitik\/","title":{"rendered":"Cookie- och integritetspolicy"},"content":{"rendered":"<div data-elementor-type=\"wp-page\" data-elementor-id=\"2609\" class=\"elementor elementor-2609\" data-elementor-post-type=\"page\">\n\t\t\t\t\t\t<section class=\"elementor-section elementor-top-section elementor-element elementor-element-11c5b7f elementor-section-boxed elementor-section-height-default elementor-section-height-default\" data-id=\"11c5b7f\" data-element_type=\"section\" data-e-type=\"section\">\n\t\t\t\t\t\t<div class=\"elementor-container elementor-column-gap-default\">\n\t\t\t\t\t<div class=\"elementor-column elementor-col-100 elementor-top-column elementor-element elementor-element-9a22814\" data-id=\"9a22814\" data-element_type=\"column\" data-e-type=\"column\">\n\t\t\t<div class=\"elementor-widget-wrap elementor-element-populated\">\n\t\t\t\t\t\t<div class=\"elementor-element elementor-element-22aa89b elementor-widget elementor-widget-heading\" data-id=\"22aa89b\" data-element_type=\"widget\" data-e-type=\"widget\" data-widget_type=\"heading.default\">\n\t\t\t\t<div class=\"elementor-widget-container\">\n\t\t\t\t\t<h1 class=\"elementor-heading-title elementor-size-default\">Cookie- och integritetspolicy<\/h1>\t\t\t\t<\/div>\n\t\t\t\t<\/div>\n\t\t\t\t\t<\/div>\n\t\t<\/div>\n\t\t\t\t\t<\/div>\n\t\t<\/section>\n\t\t\t\t<section class=\"elementor-section elementor-top-section elementor-element elementor-element-9a74ec2 elementor-section-boxed elementor-section-height-default elementor-section-height-default\" data-id=\"9a74ec2\" data-element_type=\"section\" data-e-type=\"section\">\n\t\t\t\t\t\t<div class=\"elementor-container elementor-column-gap-default\">\n\t\t\t\t\t<div class=\"elementor-column elementor-col-50 elementor-top-column elementor-element elementor-element-c97e1ed\" data-id=\"c97e1ed\" data-element_type=\"column\" data-e-type=\"column\">\n\t\t\t<div class=\"elementor-widget-wrap elementor-element-populated\">\n\t\t\t\t\t\t<div class=\"elementor-element elementor-element-9dafdfe elementor-widget elementor-widget-heading\" data-id=\"9dafdfe\" data-element_type=\"widget\" data-e-type=\"widget\" data-widget_type=\"heading.default\">\n\t\t\t\t<div class=\"elementor-widget-container\">\n\t\t\t\t\t<h4 class=\"elementor-heading-title elementor-size-default\">Introduktion<\/h4>\t\t\t\t<\/div>\n\t\t\t\t<\/div>\n\t\t\t\t<div class=\"elementor-element elementor-element-dfebab0 elementor-widget elementor-widget-text-editor\" data-id=\"dfebab0\" data-element_type=\"widget\" data-e-type=\"widget\" data-widget_type=\"text-editor.default\">\n\t\t\t\t<div class=\"elementor-widget-container\">\n\t\t\t\t\t\t\t\t\t<p>N\u00e4r du bes\u00f6ker v\u00e5r websida samlas det in uppgifter om dig, dessa anv\u00e4nds f\u00f6r att anpassa och f\u00f6rb\u00e4ttra v\u00e5rt inneh\u00e5ll och ge dig de mest relevanta erbjudanden.<\/p><p>Websidan anv\u00e4nder \"cookies\", det \u00e4r en textfil som sparas p\u00e5 din dator, mobil eller motsvarande med m\u00e5let att k\u00e4nna igen, komma ih\u00e5g inst\u00e4llningar, utf\u00f6ra statistik och rikta annonser. Cookies <strong>kan inte<\/strong> inneh\u00e5lla skadliga koder som t.ex. virus.<\/p><p>Vad anv\u00e4nds cookies till p\u00e5 websidan?<\/p><ol><li>Till att s\u00e4kra websidans funktionalitet och f\u00f6r att se om du accepterat cookies eller inte.<\/li><li>Trafikm\u00e4tning och bes\u00f6ksstatistik som vi anv\u00e4nder oss av \u00e4r till f\u00f6r att f\u00f6rb\u00e4ttra anv\u00e4ndarupplevelsen. H\u00e4r anv\u00e4nder vi oss av Google Analytics till att anonymt f\u00f6ra statistik.<\/li><li>Webbsidan samlar ocks\u00e5 in uppgifter genom tredjeparts cookies. Dessa cookies \u00e4r fr\u00e5n Google Ads och Facebook och anv\u00e4nds till m\u00e5linriktad annonsering och kommunikation till dig baserat p\u00e5 ditt bes\u00f6k p\u00e5 webbsidan. Du som person \u00e4r anonym f\u00f6r bubliq.com och vi kan till exempel inte se din personliga profil vid bes\u00f6k p\u00e5 webbsidan.<\/li><\/ol>\t\t\t\t\t\t\t\t<\/div>\n\t\t\t\t<\/div>\n\t\t\t\t\t<\/div>\n\t\t<\/div>\n\t\t\t\t<div class=\"elementor-column elementor-col-50 elementor-top-column elementor-element elementor-element-b94f997\" data-id=\"b94f997\" data-element_type=\"column\" data-e-type=\"column\">\n\t\t\t<div class=\"elementor-widget-wrap\">\n\t\t\t\t\t\t\t<\/div>\n\t\t<\/div>\n\t\t\t\t\t<\/div>\n\t\t<\/section>\n\t\t\t\t<section class=\"elementor-section elementor-top-section elementor-element elementor-element-7e22a76 elementor-section-boxed elementor-section-height-default elementor-section-height-default\" data-id=\"7e22a76\" data-element_type=\"section\" data-e-type=\"section\">\n\t\t\t\t\t\t<div class=\"elementor-container elementor-column-gap-default\">\n\t\t\t\t\t<div class=\"elementor-column elementor-col-50 elementor-top-column elementor-element elementor-element-d1dcf64\" data-id=\"d1dcf64\" data-element_type=\"column\" data-e-type=\"column\">\n\t\t\t<div class=\"elementor-widget-wrap elementor-element-populated\">\n\t\t\t\t\t\t<div class=\"elementor-element elementor-element-9f7786e elementor-widget elementor-widget-heading\" data-id=\"9f7786e\" data-element_type=\"widget\" data-e-type=\"widget\" data-widget_type=\"heading.default\">\n\t\t\t\t<div class=\"elementor-widget-container\">\n\t\t\t\t\t<h3 class=\"elementor-heading-title elementor-size-default\">Personuppgifter<\/h3>\t\t\t\t<\/div>\n\t\t\t\t<\/div>\n\t\t\t\t<div class=\"elementor-element elementor-element-326fdac elementor-widget elementor-widget-heading\" data-id=\"326fdac\" data-element_type=\"widget\" data-e-type=\"widget\" data-widget_type=\"heading.default\">\n\t\t\t\t<div class=\"elementor-widget-container\">\n\t\t\t\t\t<h4 class=\"elementor-heading-title elementor-size-default\">Generellt<\/h4>\t\t\t\t<\/div>\n\t\t\t\t<\/div>\n\t\t\t\t<div class=\"elementor-element elementor-element-d333e84 elementor-widget elementor-widget-text-editor\" data-id=\"d333e84\" data-element_type=\"widget\" data-e-type=\"widget\" data-widget_type=\"text-editor.default\">\n\t\t\t\t<div class=\"elementor-widget-container\">\n\t\t\t\t\t\t\t\t\t<p class=\"Standard translation-block\">Personuppgifter \u00e4r all slags information som p\u00e5 ett eller annat s\u00e4tt ber\u00f6r dig. N\u00e4r du anv\u00e4nder v\u00e5r webbsida samlar vi in och behandlar olika typer av s\u00e5dana uppgifter. Det sker t.ex n\u00e4r du anm\u00e4ler dig till v\u00e5rt nyhetsbrev eller g\u00f6r k\u00f6p via webbsidor.<\/p><p class=\"Standard\"><span class=\"Ingen\">Vi samlar och behandlar typiskt f\u00f6ljande typer av information: Ett unikt ID och tekniska uppgifter om din dator, surfplatta eller mobiltelefon, ditt IP-nummer, geografiska placering samt vilka sidor du tittar p\u00e5. Till f\u00f6ljd av det samtycke och den information du tillhandah\u00e5ller behandlar vi \u00e4ven f\u00f6ljande uppgifter: namn, telefonnummer, e-mail, adress och betalningsinformation. Dessa samlas oftast in i samband med att ett k\u00f6p g\u00f6rs.<\/span><\/p>\t\t\t\t\t\t\t\t<\/div>\n\t\t\t\t<\/div>\n\t\t\t\t<div class=\"elementor-element elementor-element-454f5a2 elementor-widget elementor-widget-heading\" data-id=\"454f5a2\" data-element_type=\"widget\" data-e-type=\"widget\" data-widget_type=\"heading.default\">\n\t\t\t\t<div class=\"elementor-widget-container\">\n\t\t\t\t\t<h4 class=\"elementor-heading-title elementor-size-default\">S\u00e4kerhet<\/h4>\t\t\t\t<\/div>\n\t\t\t\t<\/div>\n\t\t\t\t<div class=\"elementor-element elementor-element-daf9158 elementor-widget elementor-widget-text-editor\" data-id=\"daf9158\" data-element_type=\"widget\" data-e-type=\"widget\" data-widget_type=\"text-editor.default\">\n\t\t\t\t<div class=\"elementor-widget-container\">\n\t\t\t\t\t\t\t\t\t<p class=\"Standard\">Vi behandlar dina personuppgifter s\u00e4kert och konfidentiellt i enlighet med g\u00e4llande laggivning, dataskyddsf\u00f6rordningen. Dina uppgifter anv\u00e4nds endast i syfte f\u00f6r vilket de samlats in.<\/p>\t\t\t\t\t\t\t\t<\/div>\n\t\t\t\t<\/div>\n\t\t\t\t<div class=\"elementor-element elementor-element-82e2570 elementor-widget elementor-widget-heading\" data-id=\"82e2570\" data-element_type=\"widget\" data-e-type=\"widget\" data-widget_type=\"heading.default\">\n\t\t\t\t<div class=\"elementor-widget-container\">\n\t\t\t\t\t<h4 class=\"elementor-heading-title elementor-size-default\">Syfte<\/h4>\t\t\t\t<\/div>\n\t\t\t\t<\/div>\n\t\t\t\t<div class=\"elementor-element elementor-element-0e0d9af elementor-widget elementor-widget-text-editor\" data-id=\"0e0d9af\" data-element_type=\"widget\" data-e-type=\"widget\" data-widget_type=\"text-editor.default\">\n\t\t\t\t<div class=\"elementor-widget-container\">\n\t\t\t\t\t\t\t\t\t<p class=\"Standard\"><span class=\"Ingen\"><span lang=\"EN-US\">Dina uppgifter anv\u00e4nds f\u00f6r att identifiera dig som anv\u00e4ndare och f\u00f6r att visa dig annonser som sannolikt \u00e4r mest relevanta f\u00f6r dig. Vidare anv\u00e4nds uppgifterna till att registrera dina k\u00f6p och betalningar samt f\u00f6r att kunna tillhandah\u00e5lla den service du efterfr\u00e5gat, s\u00e5som att ta emot nyhetsbrev. D\u00e4rut\u00f6ver anv\u00e4nder vi uppgifterna till att optimera v\u00e5r service och inneh\u00e5ll f\u00f6r dig.<\/span><\/span><\/p>\t\t\t\t\t\t\t\t<\/div>\n\t\t\t\t<\/div>\n\t\t\t\t<div class=\"elementor-element elementor-element-fbbc7c2 elementor-widget elementor-widget-heading\" data-id=\"fbbc7c2\" data-element_type=\"widget\" data-e-type=\"widget\" data-widget_type=\"heading.default\">\n\t\t\t\t<div class=\"elementor-widget-container\">\n\t\t\t\t\t<h4 class=\"elementor-heading-title elementor-size-default\">Lagringstid<\/h4>\t\t\t\t<\/div>\n\t\t\t\t<\/div>\n\t\t\t\t<div class=\"elementor-element elementor-element-6caa43b elementor-widget elementor-widget-text-editor\" data-id=\"6caa43b\" data-element_type=\"widget\" data-e-type=\"widget\" data-widget_type=\"text-editor.default\">\n\t\t\t\t<div class=\"elementor-widget-container\">\n\t\t\t\t\t\t\t\t\t<p class=\"Standard\"><span class=\"Ingen\">Uppgifterna lagras inom den tid som \u00e4r till\u00e5ten enligt g\u00e4llande lagstiftning, och vi raderar dem n\u00e4r vi anser att de inte l\u00e4ngre \u00e4r n\u00f6dv\u00e4ndiga. Tiden f\u00f6r lagring beror p\u00e5 karakt\u00e4ren av uppgifterna och syftet med lagringen. Det \u00e4r d\u00e4rf\u00f6r sv\u00e5rt att fastst\u00e4lla en generell tidsram f\u00f6r n\u00e4r informationen raderas.<\/span><\/p>\t\t\t\t\t\t\t\t<\/div>\n\t\t\t\t<\/div>\n\t\t\t\t<div class=\"elementor-element elementor-element-6f4ddac elementor-widget elementor-widget-heading\" data-id=\"6f4ddac\" data-element_type=\"widget\" data-e-type=\"widget\" data-widget_type=\"heading.default\">\n\t\t\t\t<div class=\"elementor-widget-container\">\n\t\t\t\t\t<h4 class=\"elementor-heading-title elementor-size-default\">Spridande av uppgifter<\/h4>\t\t\t\t<\/div>\n\t\t\t\t<\/div>\n\t\t\t\t<div class=\"elementor-element elementor-element-4660d76 elementor-widget elementor-widget-text-editor\" data-id=\"4660d76\" data-element_type=\"widget\" data-e-type=\"widget\" data-widget_type=\"text-editor.default\">\n\t\t\t\t<div class=\"elementor-widget-container\">\n\t\t\t\t\t\t\t\t\t<p class=\"Standard\"><span class=\"Ingen\">Data om ditt anv\u00e4ndande av webbsidor, vilka annonser du mottagit och eventuellt tittar p\u00e5, geografisk placering, k\u00f6n, \u00e5ldersegment kan skickas till tredje part i det utstr\u00e4ckning att dessa uppgifter \u00e4r k\u00e4nda. Du kan se vilka tredjeparter det g\u00e4ller i avsnittet om \"Cookies\" enligt ovan. Uppgifterna anv\u00e4nds till m\u00e5lriktade annonser.<\/span><\/p><p class=\"Standard\"><span class=\"Ingen\">Vi anv\u00e4nder oss av flera tredjeparter till lagring och behandling av data. Dessa behandlar uteslutande uppgifter enligt v\u00e5ra krav och f\u00e5r inte anv\u00e4nda dem f\u00f6r sina egna syften.<\/span><span class=\"Ingen\"><span lang=\"PT\">l.<\/span><\/span><\/p><p class=\"Standard\"><span class=\"Ingen\">Vi kommer endast att be om information s\u00e5som namn och e-postadress om du ger ditt samtycke. Vi anv\u00e4nder endast databehandlare inom EU eller i l\u00e4nder som kan ge tillr\u00e4ckligt s\u00e4kerhet f\u00f6r dina uppgifter. .<\/span><\/p>\t\t\t\t\t\t\t\t<\/div>\n\t\t\t\t<\/div>\n\t\t\t\t<div class=\"elementor-element elementor-element-ead7630 elementor-widget elementor-widget-heading\" data-id=\"ead7630\" data-element_type=\"widget\" data-e-type=\"widget\" data-widget_type=\"heading.default\">\n\t\t\t\t<div class=\"elementor-widget-container\">\n\t\t\t\t\t<style>.elementor-element-ead7630{display:none !important}<\/style>\t\t\t\t<\/div>\n\t\t\t\t<\/div>\n\t\t\t\t<div class=\"elementor-element elementor-element-5083195 elementor-widget elementor-widget-text-editor\" data-id=\"5083195\" data-element_type=\"widget\" data-e-type=\"widget\" data-widget_type=\"text-editor.default\">\n\t\t\t\t<div class=\"elementor-widget-container\">\n\t\t\t\t\t<style>.elementor-element-5083195{display:none !important}<\/style>\t\t\t\t<\/div>\n\t\t\t\t<\/div>\n\t\t\t\t<div class=\"elementor-element elementor-element-8ca276f elementor-widget elementor-widget-heading\" data-id=\"8ca276f\" data-element_type=\"widget\" data-e-type=\"widget\" data-widget_type=\"heading.default\">\n\t\t\t\t<div class=\"elementor-widget-container\">\n\t\t\t\t\t<style>.elementor-element-8ca276f{display:none !important}<\/style>\t\t\t\t<\/div>\n\t\t\t\t<\/div>\n\t\t\t\t<div class=\"elementor-element elementor-element-d01fd66 elementor-widget elementor-widget-text-editor\" data-id=\"d01fd66\" data-element_type=\"widget\" data-e-type=\"widget\" data-widget_type=\"text-editor.default\">\n\t\t\t\t<div class=\"elementor-widget-container\">\n\t\t\t\t\t<style>.elementor-element-d01fd66{display:none !important}<\/style>\t\t\t\t<\/div>\n\t\t\t\t<\/div>\n\t\t\t\t<div class=\"elementor-element elementor-element-b167b19 elementor-widget elementor-widget-heading\" data-id=\"b167b19\" data-element_type=\"widget\" data-e-type=\"widget\" data-widget_type=\"heading.default\">\n\t\t\t\t<div class=\"elementor-widget-container\">\n\t\t\t\t\t<h4 class=\"elementor-heading-title elementor-size-default\">Insikt och beklagan<\/h4>\t\t\t\t<\/div>\n\t\t\t\t<\/div>\n\t\t\t\t<div class=\"elementor-element elementor-element-14a2fac elementor-widget elementor-widget-text-editor\" data-id=\"14a2fac\" data-element_type=\"widget\" data-e-type=\"widget\" data-widget_type=\"text-editor.default\">\n\t\t\t\t<div class=\"elementor-widget-container\">\n\t\t\t\t\t\t\t\t\t<p><span class=\"Ingen\"><span lang=\"EN-US\">Du har r\u00e4tt till att beg\u00e4ra information om vilka personuppgifter vi har lagrat om dig.\nDessutom kan du meddela oss om du inte vill att dina uppgifter ska anv\u00e4ndas. Om du tidigare har samtyckt till lagring av dina uppgifter har du \u00e4ven r\u00e4tt att \u00e5terkalla ditt samtycke. Om de uppgifter som behandlas om dig \u00e4r felaktiga har du r\u00e4tt att f\u00e5 dem r\u00e4ttade eller raderade. F\u00f6rfr\u00e5gningar kan skickas till: <a href=\"mailto:info@bubliq.com\">info@bubliq.com<\/a>Om du vill l\u00e4mna in ett klagom\u00e5l ang\u00e5ende v\u00e5r behandling av dina personuppgifter har du m\u00f6jlighet att kontakta <\/span><\/span><span lang=\"EN-US\"><a href=\"http:\/\/www.datatilsynet.dk\/\" target=\"_blank\" rel=\"noopener\"><span class=\"Hyperlink4\">Datainspektionen<\/span><\/a><\/span><span class=\"Ingen\"><span lang=\"EN-US\">.<\/span><\/span><\/p>\t\t\t\t\t\t\t\t<\/div>\n\t\t\t\t<\/div>\n\t\t\t\t<div class=\"elementor-element elementor-element-4f9a098 elementor-widget elementor-widget-text-editor\" data-id=\"4f9a098\" data-element_type=\"widget\" data-e-type=\"widget\" data-widget_type=\"text-editor.default\">\n\t\t\t\t<div class=\"elementor-widget-container\">\n\t\t\t\t\t\t\t\t\t<p class=\"Standard\"><span class=\"Ingen\"><b>Utgivare<\/b><\/span><span class=\"Ingen\"><b><br \/><\/b><\/span><span class=\"Ingen\">Websidan \u00e4gs och drivs av:<\/span><\/p><p class=\"Standard\"><span class=\"Ingen\">bubliq ApS<br \/><\/span><span class=\"Ingen\">Niver\u00f8dvej 37<br \/>2990 Niv\u00e5<br \/>Danmark<br \/><\/span><span class=\"Ingen\">Telefon: +45 93 93 70 45<br \/><\/span><span class=\"Ingen\">E-mail: <a href=\"mailto:info@bubliq.com\">info@bubliq.com<\/a><\/span><\/p>\t\t\t\t\t\t\t\t<\/div>\n\t\t\t\t<\/div>\n\t\t\t\t\t<\/div>\n\t\t<\/div>\n\t\t\t\t<div class=\"elementor-column elementor-col-50 elementor-top-column elementor-element elementor-element-ab5a207\" data-id=\"ab5a207\" data-element_type=\"column\" data-e-type=\"column\">\n\t\t\t<div class=\"elementor-widget-wrap\">\n\t\t\t\t\t\t\t<\/div>\n\t\t<\/div>\n\t\t\t\t\t<\/div>\n\t\t<\/section>\n\t\t\t\t<\/div>","protected":false},"excerpt":{"rendered":"<p>Cookie- og privatlivspolitik Inledning N\u00e5r du bes\u00f8ger vores website indsamles der oplysninger om dig, der bruges til at tilpasse og forbedre vores indhold samt til at give dig de mest relevante tilbud. Websitet anvender \u201dcookies\u201d, der er en tekstfil, som gemmes p\u00e5 din computer, mobil el. tilsvarende med det form\u00e5l at genkende den, huske indstillinger, [&hellip;]<\/p>\n","protected":false},"author":1,"featured_media":0,"parent":0,"menu_order":0,"comment_status":"closed","ping_status":"closed","template":"","meta":{"footnotes":""},"class_list":["post-2609","page","type-page","status-publish","hentry"],"_links":{"self":[{"href":"https:\/\/bubliq.com\/se\/wp-json\/wp\/v2\/pages\/2609","targetHints":{"allow":["GET"]}}],"collection":[{"href":"https:\/\/bubliq.com\/se\/wp-json\/wp\/v2\/pages"}],"about":[{"href":"https:\/\/bubliq.com\/se\/wp-json\/wp\/v2\/types\/page"}],"author":[{"embeddable":true,"href":"https:\/\/bubliq.com\/se\/wp-json\/wp\/v2\/users\/1"}],"replies":[{"embeddable":true,"href":"https:\/\/bubliq.com\/se\/wp-json\/wp\/v2\/comments?post=2609"}],"version-history":[{"count":98,"href":"https:\/\/bubliq.com\/se\/wp-json\/wp\/v2\/pages\/2609\/revisions"}],"predecessor-version":[{"id":25704,"href":"https:\/\/bubliq.com\/se\/wp-json\/wp\/v2\/pages\/2609\/revisions\/25704"}],"wp:attachment":[{"href":"https:\/\/bubliq.com\/se\/wp-json\/wp\/v2\/media?parent=2609"}],"curies":[{"name":"wp","href":"https:\/\/api.w.org\/{rel}","templated":true}]}}