{"id":12614,"date":"2022-04-01T12:16:22","date_gmt":"2022-04-01T10:16:22","guid":{"rendered":"https:\/\/bubliq.com\/?post_type=product&#038;p=12614"},"modified":"2026-04-16T08:11:56","modified_gmt":"2026-04-16T06:11:56","slug":"bubliq-value-pack-matsort","status":"publish","type":"product","link":"https:\/\/bubliq.com\/se\/produkt\/bubliq-value-pack\/","title":{"rendered":"bubliq value pack \u2013 Matt svart"},"content":{"rendered":"<div data-elementor-type=\"product-post\" data-elementor-id=\"12614\" class=\"elementor elementor-12614\" data-elementor-post-type=\"product\">\n\t\t\t\t<div class=\"elementor-element elementor-element-f1e5009 elementor-hidden-desktop elementor-hidden-tablet e-flex e-con-boxed e-con e-parent\" data-id=\"f1e5009\" data-element_type=\"container\" data-e-type=\"container\">\n\t\t\t\t\t<div class=\"e-con-inner\">\n\t\t\t\t<div class=\"elementor-element elementor-element-d7b555d elementor-widget elementor-widget-html\" data-id=\"d7b555d\" data-element_type=\"widget\" data-e-type=\"widget\" data-widget_type=\"html.default\">\n\t\t\t\t<div class=\"elementor-widget-container\">\n\t\t\t\t\t<div class=\"wistia_responsive_padding\" style=\"padding:125.0% 0 0 0;position:relative;\"><div class=\"wistia_responsive_wrapper\" style=\"height:100%;left:0;position:absolute;top:0;width:100%;\"><iframe src=\"https:\/\/fast.wistia.net\/embed\/iframe\/ys5a1eqfqz?seo=false&videoFoam=true\" title=\"Louisehjort-bubliq-video 4-5 ratio\" allow=\"autoplay; fullscreen\" allowtransparency=\"true\" frameborder=\"0\" scrolling=\"no\" class=\"wistia_embed\" name=\"wistia_embed\" msallowfullscreen width=\"100%\" height=\"100%\"><\/iframe><\/div><\/div>\n<script src=\"https:\/\/fast.wistia.net\/assets\/external\/E-v1.js\" async><\/script>\t\t\t\t<\/div>\n\t\t\t\t<\/div>\n\t\t\t\t\t<\/div>\n\t\t\t\t<\/div>\n\t\t<div class=\"elementor-element elementor-element-0c6a035 e-con-full e-flex e-con e-child\" data-id=\"0c6a035\" data-element_type=\"container\" data-e-type=\"container\">\n\t\t<div class=\"elementor-element elementor-element-d147e27 e-con-full e-flex e-con e-child\" data-id=\"d147e27\" data-element_type=\"container\" data-e-type=\"container\">\n\t\t\t\t<div class=\"elementor-element elementor-element-38435e2 elementor-widget elementor-widget-n-accordion\" data-id=\"38435e2\" data-element_type=\"widget\" data-e-type=\"widget\" data-settings=\"{&quot;default_state&quot;:&quot;expanded&quot;,&quot;max_items_expended&quot;:&quot;one&quot;,&quot;n_accordion_animation_duration&quot;:{&quot;unit&quot;:&quot;ms&quot;,&quot;size&quot;:400,&quot;sizes&quot;:[]}}\" data-widget_type=\"nested-accordion.default\">\n\t\t\t\t<div class=\"elementor-widget-container\">\n\t\t\t\t\t\t\t<div class=\"e-n-accordion\" aria-label=\"Accordion. Open links with Enter or Space, close with Escape, and navigate with Arrow Keys\">\n\t\t\t\t\t\t<details id=\"e-n-accordion-item-5890\" class=\"e-n-accordion-item\" open>\n\t\t\t\t<summary class=\"e-n-accordion-item-title\" data-accordion-index=\"1\" tabindex=\"0\" aria-expanded=\"true\" aria-controls=\"e-n-accordion-item-5890\" >\n\t\t\t\t\t<span class='e-n-accordion-item-title-header'><div class=\"e-n-accordion-item-title-text\"> Produktbeskrivning <\/div><\/span>\n\t\t\t\t\t\t\t<span class='e-n-accordion-item-title-icon'>\n\t\t\t<span class='e-opened' ><i aria-hidden=\"true\" class=\"fas fa-minus\"><\/i><\/span>\n\t\t\t<span class='e-closed'><i aria-hidden=\"true\" class=\"fas fa-plus\"><\/i><\/span>\n\t\t<\/span>\n\n\t\t\t\t\t\t<\/summary>\n\t\t\t\t<div role=\"region\" aria-labelledby=\"e-n-accordion-item-5890\" class=\"elementor-element elementor-element-9d77162 e-con-full e-flex e-con e-child\" data-id=\"9d77162\" data-element_type=\"container\" data-e-type=\"container\">\n\t\t\t\t<div class=\"elementor-element elementor-element-8d9ff7f elementor-widget elementor-widget-text-editor\" data-id=\"8d9ff7f\" data-element_type=\"widget\" data-e-type=\"widget\" data-widget_type=\"text-editor.default\">\n\t\t\t\t<div class=\"elementor-widget-container\">\n\t\t\t\t\t\t\t\t\t<h6><strong>Den ultimata kolsyreupplevelsen<\/strong><\/h6><p>Tack vare den innovativa Air-Charge\u2122 teknologin, har det aldrig varit enklare att uppn\u00e5 den perfekta kolsyrehalten. Placera bara locket p\u00e5 flaskan, placera flaskan i kolsyremaskinen och kolsyra med ett par tryck p\u00e5 toppen. Finjustera m\u00e4ngden av bubblor genom att trycka fler eller f\u00e4rre g\u00e5nger p\u00e5 toppen, f\u00f6r att skapa perfekta bubblor efter din preferens. N\u00e4r flaskan \u00e4r kolsyrad \u00e4r det enkelt att ta bort den, utan att kr\u00e5ngla med att skruva eller b\u00f6ja av den.\u00a0<\/p><h6><strong>Enkelhet<\/strong><\/h6><p>Uppt\u00e4ck enkelheten med den mattsvarta bubliq kolsyremaskinen, k\u00e4rnan i detta startpaket. \nMed sin smala och stilrena bredd p\u00e5 8 cm, bidrar den klassiska och minimalistiska designen med en elegant k\u00e4nsla som passar in p\u00e5 din k\u00f6ksb\u00e4nk.\u00a0<\/p><h6><strong>Tills\u00e4tt kolsyra till alla drycker<\/strong><\/h6><p class=\"translation-block\">Utforska startpaketet och gl\u00e4d dig \u00e5t den extra mattsvarta flaskan- ett perfekt tillbeh\u00f6r f\u00f6r att f\u00f6rvara dina uppfriskande drycker i kylsk\u00e5pet. Njut av de autentiska Italienska smaks\u00e4ttarna, tillverkade av riktiga citrusfrukter. Upplev friskheten av <a href=\"https:\/\/bubliq.com\/se\/produkt\/italian-sorrento-lemonade-sirap\/\" target=\"_blank\" rel=\"noopener\">Italian Sorrento Lemonade<\/a> och den runda aromatiska smaken av <a href=\"https:\/\/bubliq.com\/se\/produkt\/italian-blood-orange-sirap\/\" target=\"_blank\" rel=\"noopener\">Sicilian Blood Orange<\/a>. Med hj\u00e4lp av detta startpaket kan du lyfta smaken p\u00e5 dina drycker genom att tills\u00e4tta smaks\u00e4ttarna och ett par skivor av f\u00e4rsk frukt.<\/p>\t\t\t\t\t\t\t\t<\/div>\n\t\t\t\t<\/div>\n\t\t\t\t<\/div>\n\t\t\t\t\t<\/details>\n\t\t\t\t\t\t<details id=\"e-n-accordion-item-5891\" class=\"e-n-accordion-item\" >\n\t\t\t\t<summary class=\"e-n-accordion-item-title\" data-accordion-index=\"2\" tabindex=\"-1\" aria-expanded=\"false\" aria-controls=\"e-n-accordion-item-5891\" >\n\t\t\t\t\t<span class='e-n-accordion-item-title-header'><div class=\"e-n-accordion-item-title-text\"> M\u00e5tt och material <\/div><\/span>\n\t\t\t\t\t\t\t<span class='e-n-accordion-item-title-icon'>\n\t\t\t<span class='e-opened' ><i aria-hidden=\"true\" class=\"fas fa-minus\"><\/i><\/span>\n\t\t\t<span class='e-closed'><i aria-hidden=\"true\" class=\"fas fa-plus\"><\/i><\/span>\n\t\t<\/span>\n\n\t\t\t\t\t\t<\/summary>\n\t\t\t\t<div role=\"region\" aria-labelledby=\"e-n-accordion-item-5891\" class=\"elementor-element elementor-element-1cf9cdd e-con-full e-flex e-con e-child\" data-id=\"1cf9cdd\" data-element_type=\"container\" data-e-type=\"container\">\n\t\t\t\t<div class=\"elementor-element elementor-element-1059af6 elementor-widget elementor-widget-text-editor\" data-id=\"1059af6\" data-element_type=\"widget\" data-e-type=\"widget\" data-widget_type=\"text-editor.default\">\n\t\t\t\t<div class=\"elementor-widget-container\">\n\t\t\t\t\t\t\t\t\t<p><strong>Kolsyremaskin<br \/><\/strong>Material: ABS<strong><br \/><\/strong>M\u00e5tt: 42,5 x 8 x 16,5 cm (h\u00f6jd x bredd x djup)<br \/>Vikt exkl. kolsyrepatron: 0,8 kg.<\/p><p><strong>Flaska<br \/><\/strong>Material: PET, 100% BPA-fri<strong><br \/><\/strong>M\u00e5tt: 37,2 x 6,8 cm (h\u00f6jd x diameter)<\/p>\t\t\t\t\t\t\t\t<\/div>\n\t\t\t\t<\/div>\n\t\t\t\t<\/div>\n\t\t\t\t\t<\/details>\n\t\t\t\t\t\t<details id=\"e-n-accordion-item-5892\" class=\"e-n-accordion-item\" >\n\t\t\t\t<summary class=\"e-n-accordion-item-title\" data-accordion-index=\"3\" tabindex=\"-1\" aria-expanded=\"false\" aria-controls=\"e-n-accordion-item-5892\" >\n\t\t\t\t\t<span class='e-n-accordion-item-title-header'><div class=\"e-n-accordion-item-title-text\"> Kompatibilitet med kolsyrepatroner <\/div><\/span>\n\t\t\t\t\t\t\t<span class='e-n-accordion-item-title-icon'>\n\t\t\t<span class='e-opened' ><i aria-hidden=\"true\" class=\"fas fa-minus\"><\/i><\/span>\n\t\t\t<span class='e-closed'><i aria-hidden=\"true\" class=\"fas fa-plus\"><\/i><\/span>\n\t\t<\/span>\n\n\t\t\t\t\t\t<\/summary>\n\t\t\t\t<div role=\"region\" aria-labelledby=\"e-n-accordion-item-5892\" class=\"elementor-element elementor-element-2023605 e-con-full e-flex e-con e-child\" data-id=\"2023605\" data-element_type=\"container\" data-e-type=\"container\">\n\t\t\t\t<div class=\"elementor-element elementor-element-44f1d20 elementor-widget elementor-widget-text-editor\" data-id=\"44f1d20\" data-element_type=\"widget\" data-e-type=\"widget\" data-widget_type=\"text-editor.default\">\n\t\t\t\t<div class=\"elementor-widget-container\">\n\t\t\t\t\t\t\t\t\t<p>bubliq drink carbonator \u00e4r kompatibel med alla 425-450 g kolsyrepatroner t.ex. fr\u00e5n AGA, Grohe och SodaStream (utom SodaStream Quick Connect). Detta paket inneh\u00e5ller en ny kolsyrepatron fr\u00e5n bubliq.\u00a0<\/p>\t\t\t\t\t\t\t\t<\/div>\n\t\t\t\t<\/div>\n\t\t\t\t<\/div>\n\t\t\t\t\t<\/details>\n\t\t\t\t\t\t<details id=\"e-n-accordion-item-5893\" class=\"e-n-accordion-item\" >\n\t\t\t\t<summary class=\"e-n-accordion-item-title\" data-accordion-index=\"4\" tabindex=\"-1\" aria-expanded=\"false\" aria-controls=\"e-n-accordion-item-5893\" >\n\t\t\t\t\t<span class='e-n-accordion-item-title-header'><div class=\"e-n-accordion-item-title-text\"> P\u00e5fyllning av kolsyrepatron <\/div><\/span>\n\t\t\t\t\t\t\t<span class='e-n-accordion-item-title-icon'>\n\t\t\t<span class='e-opened' ><i aria-hidden=\"true\" class=\"fas fa-minus\"><\/i><\/span>\n\t\t\t<span class='e-closed'><i aria-hidden=\"true\" class=\"fas fa-plus\"><\/i><\/span>\n\t\t<\/span>\n\n\t\t\t\t\t\t<\/summary>\n\t\t\t\t<div role=\"region\" aria-labelledby=\"e-n-accordion-item-5893\" class=\"elementor-element elementor-element-01f0d87 e-flex e-con-boxed e-con e-child\" data-id=\"01f0d87\" data-element_type=\"container\" data-e-type=\"container\">\n\t\t\t\t\t<div class=\"e-con-inner\">\n\t\t\t\t<div class=\"elementor-element elementor-element-762a14a elementor-widget elementor-widget-text-editor\" data-id=\"762a14a\" data-element_type=\"widget\" data-e-type=\"widget\" data-widget_type=\"text-editor.default\">\n\t\t\t\t<div class=\"elementor-widget-container\">\n\t\t\t\t\t\t\t\t\t<p class=\"translation-block\"><b>P\u00e5fyllning online<\/b><br>\nDu kan byta ut dina tomma CO2 patroner genom v\u00e5r onlinetj\u00e4nst f\u00f6r p\u00e5fyllning. Notera att det kr\u00e4vs antingen 3 eller 6 st tomma kolsyrepatroner f\u00f6r att kunna anv\u00e4nda v\u00e5r utbytesservice. <b>OBS: <\/b>V\u00e5r utbytesservice online \u00e4r f\u00f6r tillf\u00e4llet endast tillg\u00e4nglig i vissa l\u00e4nder.\n<br><br>\n<b>Byte till andra m\u00e4rken<\/b><br>\nDet \u00e4r enkelt att byta ut kolsyrepatroner, eftersom de flesta CO2 patronerna f\u00f6r kolsyremaskiner f\u00f6ljer en universell standard. Du kan enkelt byta ut din patron mot vilket annat m\u00e4rke som helst, s\u00e5 l\u00e4nge den har en ventil med skruvg\u00e4nga. Detta s\u00e4kerst\u00e4ller kompatibilitet med din bubliq kolsyremaskin.<\/p>\t\t\t\t\t\t\t\t<\/div>\n\t\t\t\t<\/div>\n\t\t\t\t\t<\/div>\n\t\t\t\t<\/div>\n\t\t\t\t\t<\/details>\n\t\t\t\t\t\t<details id=\"e-n-accordion-item-5894\" class=\"e-n-accordion-item\" >\n\t\t\t\t<summary class=\"e-n-accordion-item-title\" data-accordion-index=\"5\" tabindex=\"-1\" aria-expanded=\"false\" aria-controls=\"e-n-accordion-item-5894\" >\n\t\t\t\t\t<span class='e-n-accordion-item-title-header'><div class=\"e-n-accordion-item-title-text\"> Reng\u00f6ring och underh\u00e5ll <\/div><\/span>\n\t\t\t\t\t\t\t<span class='e-n-accordion-item-title-icon'>\n\t\t\t<span class='e-opened' ><i aria-hidden=\"true\" class=\"fas fa-minus\"><\/i><\/span>\n\t\t\t<span class='e-closed'><i aria-hidden=\"true\" class=\"fas fa-plus\"><\/i><\/span>\n\t\t<\/span>\n\n\t\t\t\t\t\t<\/summary>\n\t\t\t\t<div role=\"region\" aria-labelledby=\"e-n-accordion-item-5894\" class=\"elementor-element elementor-element-f45487f e-flex e-con-boxed e-con e-child\" data-id=\"f45487f\" data-element_type=\"container\" data-e-type=\"container\">\n\t\t\t\t\t<div class=\"e-con-inner\">\n\t\t\t\t<div class=\"elementor-element elementor-element-51118d4 elementor-widget elementor-widget-text-editor\" data-id=\"51118d4\" data-element_type=\"widget\" data-e-type=\"widget\" data-widget_type=\"text-editor.default\">\n\t\t\t\t<div class=\"elementor-widget-container\">\n\t\t\t\t\t\t\t\t\t<p style=\"text-align: left;\"><strong>Kolsyremaskin<\/strong><br \/>Reng\u00f6r kolsyremaskinen med en fuktig trasa och milt reng\u00f6ringsmedel.<br \/><strong><br \/>PET flaska<br \/><\/strong>Reng\u00f6r flaskan f\u00f6r hand med ett milt reng\u00f6ringsmedel. Undvik att uts\u00e4tta flaskan f\u00f6r temperaturer under 4\u00b0C och \u00f6ver 40\u00b0C. Flaskan \u00e4r <strong>inte<\/strong> diskmaskinss\u00e4ker.<\/p><p><strong>Kolsyrer\u00f6r<\/strong><br \/>Kolsyrer\u00f6ret tas enkelt bort fr\u00e5n flaskan f\u00f6r reng\u00f6ring. Tills\u00e4tter du kolsyra till andra v\u00e4tskor \u00e4n vatten s\u00e5 b\u00f6r alltid kolsyrer\u00f6ret reng\u00f6ras efter\u00e5t f\u00f6r att s\u00e4kra funktionen och se till att v\u00e4tskan inte s\u00e4tter igen \u00f6vertrycksventilen. Kolsyrer\u00f6ret reng\u00f6rs med varmt vatten och milt diskmedel. Kolsyrer\u00f6ret \u00e4r <strong>inte<\/strong> diskmaskinss\u00e4ker.<\/p>\t\t\t\t\t\t\t\t<\/div>\n\t\t\t\t<\/div>\n\t\t\t\t\t<\/div>\n\t\t\t\t<\/div>\n\t\t\t\t\t<\/details>\n\t\t\t\t\t\t<details id=\"e-n-accordion-item-5895\" class=\"e-n-accordion-item\" >\n\t\t\t\t<summary class=\"e-n-accordion-item-title\" data-accordion-index=\"6\" tabindex=\"-1\" aria-expanded=\"false\" aria-controls=\"e-n-accordion-item-5895\" >\n\t\t\t\t\t<span class='e-n-accordion-item-title-header'><div class=\"e-n-accordion-item-title-text\"> Reservdelar <\/div><\/span>\n\t\t\t\t\t\t\t<span class='e-n-accordion-item-title-icon'>\n\t\t\t<span class='e-opened' ><i aria-hidden=\"true\" class=\"fas fa-minus\"><\/i><\/span>\n\t\t\t<span class='e-closed'><i aria-hidden=\"true\" class=\"fas fa-plus\"><\/i><\/span>\n\t\t<\/span>\n\n\t\t\t\t\t\t<\/summary>\n\t\t\t\t<div role=\"region\" aria-labelledby=\"e-n-accordion-item-5895\" class=\"elementor-element elementor-element-5ab35a3 e-flex e-con-boxed e-con e-child\" data-id=\"5ab35a3\" data-element_type=\"container\" data-e-type=\"container\">\n\t\t\t\t\t<div class=\"e-con-inner\">\n\t\t\t\t<div class=\"elementor-element elementor-element-ad080bd elementor-widget elementor-widget-text-editor\" data-id=\"ad080bd\" data-element_type=\"widget\" data-e-type=\"widget\" data-widget_type=\"text-editor.default\">\n\t\t\t\t<div class=\"elementor-widget-container\">\n\t\t\t\t\t\t\t\t\t<p>Beh\u00f6ver du ett extra kolsyrer\u00f6r till din bubliq kolsyremaskin?<\/p><p><a href=\"https:\/\/bubliq.com\/se\/produkt\/infuser-cap\/\">Kolsyrer\u00f6r - klicka h\u00e4r<\/a><\/p>\t\t\t\t\t\t\t\t<\/div>\n\t\t\t\t<\/div>\n\t\t\t\t\t<\/div>\n\t\t\t\t<\/div>\n\t\t\t\t\t<\/details>\n\t\t\t\t\t\t<details id=\"e-n-accordion-item-5896\" class=\"e-n-accordion-item\" >\n\t\t\t\t<summary class=\"e-n-accordion-item-title\" data-accordion-index=\"7\" tabindex=\"-1\" aria-expanded=\"false\" aria-controls=\"e-n-accordion-item-5896\" >\n\t\t\t\t\t<span class='e-n-accordion-item-title-header'><div class=\"e-n-accordion-item-title-text\"> Manual <\/div><\/span>\n\t\t\t\t\t\t\t<span class='e-n-accordion-item-title-icon'>\n\t\t\t<span class='e-opened' ><i aria-hidden=\"true\" class=\"fas fa-minus\"><\/i><\/span>\n\t\t\t<span class='e-closed'><i aria-hidden=\"true\" class=\"fas fa-plus\"><\/i><\/span>\n\t\t<\/span>\n\n\t\t\t\t\t\t<\/summary>\n\t\t\t\t<div role=\"region\" aria-labelledby=\"e-n-accordion-item-5896\" class=\"elementor-element elementor-element-b6262b5 e-flex e-con-boxed e-con e-child\" data-id=\"b6262b5\" data-element_type=\"container\" data-e-type=\"container\">\n\t\t\t\t\t<div class=\"e-con-inner\">\n\t\t\t\t<div class=\"elementor-element elementor-element-f061cba elementor-widget elementor-widget-text-editor\" data-id=\"f061cba\" data-element_type=\"widget\" data-e-type=\"widget\" data-widget_type=\"text-editor.default\">\n\t\t\t\t<div class=\"elementor-widget-container\">\n\t\t\t\t\t\t\t\t\t<p>Du hittar manualen f\u00f6r bubliq drink carbonator <a href=\"https:\/\/bubliq.com\/wp-content\/uploads\/2025\/07\/User-Manual-bubliq-drink-carbonator-2025-Web.pdf\" target=\"_blank\" rel=\"noopener\">h\u00e4r.<\/a><\/p>\t\t\t\t\t\t\t\t<\/div>\n\t\t\t\t<\/div>\n\t\t\t\t\t<\/div>\n\t\t\t\t<\/div>\n\t\t\t\t\t<\/details>\n\t\t\t\t\t<\/div>\n\t\t\t\t\t\t<\/div>\n\t\t\t\t<\/div>\n\t\t\t\t<\/div>\n\t\t\t\t<\/div>\n\t\t\t\t<\/div>","protected":false},"excerpt":{"rendered":"<p><strong>Det perfekta paketet<\/strong><br \/>\nbubliqs value pack ger dig det b\u00e4sta av tv\u00e5 v\u00e4rldar: en stilren kolsyremaskin och alla de tillbeh\u00f6r du beh\u00f6ver f\u00f6r att lyfta ditt bubbelvatten till nya h\u00f6jder. Skapa h\u00e4rliga drycker med Italian Sorrento Lemonade eller Blood Orange Syrup direkt i flaskan, med f\u00e4rska skivor av din f\u00f6redragna citrusfrukt. Tills\u00e4tt kolsyra och voil\u00e1! En l\u00e4cker uppfriskande dryck \u00e4r serverad. F\u00f6rvara den extra flaskan i kylsk\u00e5pet, redo att kolsyra n\u00e4r som helst.<\/p>","protected":false},"featured_media":23695,"template":"","meta":[],"product_brand":[],"product_cat":[31],"product_tag":[159],"woo-feed-brand":[],"class_list":{"0":"post-12614","1":"product","2":"type-product","3":"status-publish","4":"has-post-thumbnail","6":"product_cat-sodavandsmaskiner","7":"product_tag-value-pack-sodavandsmaskine","9":"first","10":"instock","11":"sale","12":"taxable","13":"shipping-taxable","14":"purchasable","15":"product-type-simple"},"_links":{"self":[{"href":"https:\/\/bubliq.com\/se\/wp-json\/wp\/v2\/product\/12614","targetHints":{"allow":["GET"]}}],"collection":[{"href":"https:\/\/bubliq.com\/se\/wp-json\/wp\/v2\/product"}],"about":[{"href":"https:\/\/bubliq.com\/se\/wp-json\/wp\/v2\/types\/product"}],"version-history":[{"count":153,"href":"https:\/\/bubliq.com\/se\/wp-json\/wp\/v2\/product\/12614\/revisions"}],"predecessor-version":[{"id":24594,"href":"https:\/\/bubliq.com\/se\/wp-json\/wp\/v2\/product\/12614\/revisions\/24594"}],"wp:featuredmedia":[{"embeddable":true,"href":"https:\/\/bubliq.com\/se\/wp-json\/wp\/v2\/media\/23695"}],"wp:attachment":[{"href":"https:\/\/bubliq.com\/se\/wp-json\/wp\/v2\/media?parent=12614"}],"wp:term":[{"taxonomy":"product_brand","embeddable":true,"href":"https:\/\/bubliq.com\/se\/wp-json\/wp\/v2\/product_brand?post=12614"},{"taxonomy":"product_cat","embeddable":true,"href":"https:\/\/bubliq.com\/se\/wp-json\/wp\/v2\/product_cat?post=12614"},{"taxonomy":"product_tag","embeddable":true,"href":"https:\/\/bubliq.com\/se\/wp-json\/wp\/v2\/product_tag?post=12614"},{"taxonomy":"woo-feed-brand","embeddable":true,"href":"https:\/\/bubliq.com\/se\/wp-json\/wp\/v2\/woo-feed-brand?post=12614"}],"curies":[{"name":"wp","href":"https:\/\/api.w.org\/{rel}","templated":true}]}}