{"id":16212,"date":"2023-12-19T15:06:05","date_gmt":"2023-12-19T13:06:05","guid":{"rendered":"https:\/\/bubliq.com\/?post_type=product&#038;p=16212"},"modified":"2025-10-16T13:46:10","modified_gmt":"2025-10-16T11:46:10","slug":"6-bubliq-kulsyrepatroner-450-g","status":"publish","type":"product","link":"https:\/\/bubliq.com\/se\/produkt\/6-bubliq-kolsyrepatroner-450-g\/","title":{"rendered":"6 x bubliq kolsyrepatroner 450g"},"content":{"rendered":"<div data-elementor-type=\"product-post\" data-elementor-id=\"16212\" class=\"elementor elementor-16212\" data-elementor-post-type=\"product\">\n\t\t\t\t<div class=\"elementor-element elementor-element-3a72d26 e-con-full e-flex e-con e-child\" data-id=\"3a72d26\" data-element_type=\"container\" data-e-type=\"container\">\n\t\t<div class=\"elementor-element elementor-element-c81b10a e-con-full e-flex e-con e-child\" data-id=\"c81b10a\" data-element_type=\"container\" data-e-type=\"container\">\n\t\t\t\t<div class=\"elementor-element elementor-element-bb081b4 elementor-widget elementor-widget-n-accordion\" data-id=\"bb081b4\" data-element_type=\"widget\" data-e-type=\"widget\" data-settings=\"{&quot;default_state&quot;:&quot;expanded&quot;,&quot;max_items_expended&quot;:&quot;one&quot;,&quot;n_accordion_animation_duration&quot;:{&quot;unit&quot;:&quot;ms&quot;,&quot;size&quot;:400,&quot;sizes&quot;:[]}}\" data-widget_type=\"nested-accordion.default\">\n\t\t\t\t<div class=\"elementor-widget-container\">\n\t\t\t\t\t\t\t<div class=\"e-n-accordion\" aria-label=\"Accordion. Open links with Enter or Space, close with Escape, and navigate with Arrow Keys\">\n\t\t\t\t\t\t<details id=\"e-n-accordion-item-1960\" class=\"e-n-accordion-item\" open>\n\t\t\t\t<summary class=\"e-n-accordion-item-title\" data-accordion-index=\"1\" tabindex=\"0\" aria-expanded=\"true\" aria-controls=\"e-n-accordion-item-1960\" >\n\t\t\t\t\t<span class='e-n-accordion-item-title-header'><div class=\"e-n-accordion-item-title-text\"> Produktbeskrivning <\/div><\/span>\n\t\t\t\t\t\t\t<span class='e-n-accordion-item-title-icon'>\n\t\t\t<span class='e-opened' ><i aria-hidden=\"true\" class=\"fas fa-minus\"><\/i><\/span>\n\t\t\t<span class='e-closed'><i aria-hidden=\"true\" class=\"fas fa-plus\"><\/i><\/span>\n\t\t<\/span>\n\n\t\t\t\t\t\t<\/summary>\n\t\t\t\t<div role=\"region\" aria-labelledby=\"e-n-accordion-item-1960\" class=\"elementor-element elementor-element-cd8ddc0 e-con-full e-flex e-con e-child\" data-id=\"cd8ddc0\" data-element_type=\"container\" data-e-type=\"container\">\n\t\t\t\t<div class=\"elementor-element elementor-element-2f8e3ea elementor-widget elementor-widget-text-editor\" data-id=\"2f8e3ea\" data-element_type=\"widget\" data-e-type=\"widget\" data-widget_type=\"text-editor.default\">\n\t\t\t\t<div class=\"elementor-widget-container\">\n\t\t\t\t\t\t\t\t\t<p>I denna f\u00f6rpackning f\u00e5r du 6 x bubliq kolsyrepatroner. Med 6 kolsyrepatroner \u00e4r du garanterad kolsyrat vatten och bubblande drycker under en l\u00e4ngre tid innan du beh\u00f6ver t\u00e4nka p\u00e5 att byta ut dem. Ett perfekt paket f\u00f6r familjer, sm\u00e5f\u00f6retag eller bara f\u00f6r dig som inte kan f\u00e5 nog av kolsyrat vatten.\u00a0<\/p><p>I det h\u00e4r paketet f\u00e5r du 25g extra kolsyra per kolsyrepatron. Det inneb\u00e4r 150g extra kolsyra - utan extra kostnad f\u00f6r dig.\u00a0<\/p>\t\t\t\t\t\t\t\t<\/div>\n\t\t\t\t<\/div>\n\t\t\t\t<\/div>\n\t\t\t\t\t<\/details>\n\t\t\t\t\t\t<details id=\"e-n-accordion-item-1961\" class=\"e-n-accordion-item\" >\n\t\t\t\t<summary class=\"e-n-accordion-item-title\" data-accordion-index=\"2\" tabindex=\"-1\" aria-expanded=\"false\" aria-controls=\"e-n-accordion-item-1961\" >\n\t\t\t\t\t<span class='e-n-accordion-item-title-header'><div class=\"e-n-accordion-item-title-text\"> Kompatibilitet <\/div><\/span>\n\t\t\t\t\t\t\t<span class='e-n-accordion-item-title-icon'>\n\t\t\t<span class='e-opened' ><i aria-hidden=\"true\" class=\"fas fa-minus\"><\/i><\/span>\n\t\t\t<span class='e-closed'><i aria-hidden=\"true\" class=\"fas fa-plus\"><\/i><\/span>\n\t\t<\/span>\n\n\t\t\t\t\t\t<\/summary>\n\t\t\t\t<div role=\"region\" aria-labelledby=\"e-n-accordion-item-1961\" class=\"elementor-element elementor-element-6457bcf e-con-full e-flex e-con e-child\" data-id=\"6457bcf\" data-element_type=\"container\" data-e-type=\"container\">\n\t\t\t\t<div class=\"elementor-element elementor-element-6acef14 elementor-position-right elementor-vertical-align-top elementor-widget elementor-widget-image-box\" data-id=\"6acef14\" data-element_type=\"widget\" data-e-type=\"widget\" data-widget_type=\"image-box.default\">\n\t\t\t\t<div class=\"elementor-widget-container\">\n\t\t\t\t\t<div class=\"elementor-image-box-wrapper\"><figure class=\"elementor-image-box-img\"><img decoding=\"async\" width=\"150\" height=\"150\" src=\"https:\/\/bubliq.com\/wp-content\/uploads\/2024\/02\/Valve-for-website-150px.png\" class=\"attachment-full size-full wp-image-16935\" alt=\"\" srcset=\"https:\/\/bubliq.com\/wp-content\/uploads\/2024\/02\/Valve-for-website-150px.png 150w, https:\/\/bubliq.com\/wp-content\/uploads\/2024\/02\/Valve-for-website-150px-12x12.png 12w, https:\/\/bubliq.com\/wp-content\/uploads\/2024\/02\/Valve-for-website-150px-100x100.png 100w\" sizes=\"(max-width: 150px) 100vw, 150px\" \/><\/figure><div class=\"elementor-image-box-content\"><p class=\"elementor-image-box-description\">Tack vare den universella skruvg\u00e4ngan p\u00e5 bubliqs kolsyrepatroner, \u00e4r de kompatibla med alla kolsyremaskiner, f\u00f6rutom Sodastreams modeller med Quick Connect.\n<br><br>\n<b>OBS!<\/b>\nObservera att v\u00e5ra kolsyrepatroner inte passar kylsk\u00e5p eller kranar som Grohe, Quooker etc.<\/p><\/div><\/div>\t\t\t\t<\/div>\n\t\t\t\t<\/div>\n\t\t\t\t<\/div>\n\t\t\t\t\t<\/details>\n\t\t\t\t\t\t<details id=\"e-n-accordion-item-1962\" class=\"e-n-accordion-item\" >\n\t\t\t\t<summary class=\"e-n-accordion-item-title\" data-accordion-index=\"3\" tabindex=\"-1\" aria-expanded=\"false\" aria-controls=\"e-n-accordion-item-1962\" >\n\t\t\t\t\t<span class='e-n-accordion-item-title-header'><div class=\"e-n-accordion-item-title-text\"> Kolsyrepatron p\u00e5fyllning <\/div><\/span>\n\t\t\t\t\t\t\t<span class='e-n-accordion-item-title-icon'>\n\t\t\t<span class='e-opened' ><i aria-hidden=\"true\" class=\"fas fa-minus\"><\/i><\/span>\n\t\t\t<span class='e-closed'><i aria-hidden=\"true\" class=\"fas fa-plus\"><\/i><\/span>\n\t\t<\/span>\n\n\t\t\t\t\t\t<\/summary>\n\t\t\t\t<div role=\"region\" aria-labelledby=\"e-n-accordion-item-1962\" class=\"elementor-element elementor-element-9408525 e-flex e-con-boxed e-con e-child\" data-id=\"9408525\" data-element_type=\"container\" data-e-type=\"container\">\n\t\t\t\t\t<div class=\"e-con-inner\">\n\t\t\t\t<div class=\"elementor-element elementor-element-a386cd1 elementor-widget elementor-widget-text-editor\" data-id=\"a386cd1\" data-element_type=\"widget\" data-e-type=\"widget\" data-widget_type=\"text-editor.default\">\n\t\t\t\t<div class=\"elementor-widget-container\">\n\t\t\t\t\t\t\t\t\t<p class=\"translation-block\"><b>Online<\/b><br>\nOm du \u00e4r ute efter att byta ut din kolsyrepatron utan kr\u00e5ngel, s\u00e5 kan du bekv\u00e4mt anv\u00e4nda v\u00e5r utbytesservice online <a href=\"https:\/\/bubliq.com\/se\/kolsyrepatron-paafyllning\/\" target=\"_self\">h\u00e4r<\/a>.\n<br><br>\n<b>Byte till andra m\u00e4rken<\/b><br>\nOm du d\u00e4remot funderar p\u00e5 att byta till andra varum\u00e4rken, rekommenderar vi att du kontrollerar med den specifika \u00e5terf\u00f6rs\u00e4ljaren f\u00f6r att s\u00e4kerst\u00e4lla att den \u00e4r kompatibel med bubliq.<\/p>\t\t\t\t\t\t\t\t<\/div>\n\t\t\t\t<\/div>\n\t\t\t\t\t<\/div>\n\t\t\t\t<\/div>\n\t\t\t\t\t<\/details>\n\t\t\t\t\t\t<details id=\"e-n-accordion-item-1963\" class=\"e-n-accordion-item\" >\n\t\t\t\t<summary class=\"e-n-accordion-item-title\" data-accordion-index=\"4\" tabindex=\"-1\" aria-expanded=\"false\" aria-controls=\"e-n-accordion-item-1963\" >\n\t\t\t\t\t<span class='e-n-accordion-item-title-header'><div class=\"e-n-accordion-item-title-text\"> Material &amp; m\u00e5tt <\/div><\/span>\n\t\t\t\t\t\t\t<span class='e-n-accordion-item-title-icon'>\n\t\t\t<span class='e-opened' ><i aria-hidden=\"true\" class=\"fas fa-minus\"><\/i><\/span>\n\t\t\t<span class='e-closed'><i aria-hidden=\"true\" class=\"fas fa-plus\"><\/i><\/span>\n\t\t<\/span>\n\n\t\t\t\t\t\t<\/summary>\n\t\t\t\t<div role=\"region\" aria-labelledby=\"e-n-accordion-item-1963\" class=\"elementor-element elementor-element-fb90e68 e-con-full e-flex e-con e-child\" data-id=\"fb90e68\" data-element_type=\"container\" data-e-type=\"container\">\n\t\t\t\t<div class=\"elementor-element elementor-element-f5be2b9 elementor-widget elementor-widget-text-editor\" data-id=\"f5be2b9\" data-element_type=\"widget\" data-e-type=\"widget\" data-widget_type=\"text-editor.default\">\n\t\t\t\t<div class=\"elementor-widget-container\">\n\t\t\t\t\t\t\t\t\t<p>Kolsyrepatron material: 100% Aluminium<br \/>Inneh\u00e5ll: 450 g livsmedelsklassad koldioxid<br \/>M\u00e5tt: 36 x 6 cm (h\u00f6jd x diameter)<\/p>\t\t\t\t\t\t\t\t<\/div>\n\t\t\t\t<\/div>\n\t\t\t\t<\/div>\n\t\t\t\t\t<\/details>\n\t\t\t\t\t\t<details id=\"e-n-accordion-item-1964\" class=\"e-n-accordion-item\" >\n\t\t\t\t<summary class=\"e-n-accordion-item-title\" data-accordion-index=\"5\" tabindex=\"-1\" aria-expanded=\"false\" aria-controls=\"e-n-accordion-item-1964\" >\n\t\t\t\t\t<span class='e-n-accordion-item-title-header'><div class=\"e-n-accordion-item-title-text\"> Godk\u00e4nnande <\/div><\/span>\n\t\t\t\t\t\t\t<span class='e-n-accordion-item-title-icon'>\n\t\t\t<span class='e-opened' ><i aria-hidden=\"true\" class=\"fas fa-minus\"><\/i><\/span>\n\t\t\t<span class='e-closed'><i aria-hidden=\"true\" class=\"fas fa-plus\"><\/i><\/span>\n\t\t<\/span>\n\n\t\t\t\t\t\t<\/summary>\n\t\t\t\t<div role=\"region\" aria-labelledby=\"e-n-accordion-item-1964\" class=\"elementor-element elementor-element-3fd150e e-flex e-con-boxed e-con e-child\" data-id=\"3fd150e\" data-element_type=\"container\" data-e-type=\"container\">\n\t\t\t\t\t<div class=\"e-con-inner\">\n\t\t\t\t<div class=\"elementor-element elementor-element-7e3e8cb elementor-widget elementor-widget-text-editor\" data-id=\"7e3e8cb\" data-element_type=\"widget\" data-e-type=\"widget\" data-widget_type=\"text-editor.default\">\n\t\t\t\t<div class=\"elementor-widget-container\">\n\t\t\t\t\t\t\t\t\t<p style=\"text-align: left;\">K\u00e4nn dig trygg med bubliqs engagemang f\u00f6r kvalitet- v\u00e5ra CO2-patroner har erh\u00e5llit godk\u00e4nnande fr\u00e5n T\u00dcV, vilket visar att vi uppn\u00e5r de strikta renhetskrav som EU och JECFA st\u00e4ller f\u00f6r livsmedelstillsatser.<\/p>\t\t\t\t\t\t\t\t<\/div>\n\t\t\t\t<\/div>\n\t\t\t\t\t<\/div>\n\t\t\t\t<\/div>\n\t\t\t\t\t<\/details>\n\t\t\t\t\t\t<details id=\"e-n-accordion-item-1965\" class=\"e-n-accordion-item\" >\n\t\t\t\t<summary class=\"e-n-accordion-item-title\" data-accordion-index=\"6\" tabindex=\"-1\" aria-expanded=\"false\" aria-controls=\"e-n-accordion-item-1965\" >\n\t\t\t\t\t<span class='e-n-accordion-item-title-header'><div class=\"e-n-accordion-item-title-text\"> S\u00e4kerhetsinstruktioner <\/div><\/span>\n\t\t\t\t\t\t\t<span class='e-n-accordion-item-title-icon'>\n\t\t\t<span class='e-opened' ><i aria-hidden=\"true\" class=\"fas fa-minus\"><\/i><\/span>\n\t\t\t<span class='e-closed'><i aria-hidden=\"true\" class=\"fas fa-plus\"><\/i><\/span>\n\t\t<\/span>\n\n\t\t\t\t\t\t<\/summary>\n\t\t\t\t<div role=\"region\" aria-labelledby=\"e-n-accordion-item-1965\" class=\"elementor-element elementor-element-accbfd4 e-flex e-con-boxed e-con e-child\" data-id=\"accbfd4\" data-element_type=\"container\" data-e-type=\"container\">\n\t\t\t\t\t<div class=\"e-con-inner\">\n\t\t\t\t<div class=\"elementor-element elementor-element-94d01e9 elementor-widget elementor-widget-text-editor\" data-id=\"94d01e9\" data-element_type=\"widget\" data-e-type=\"widget\" data-widget_type=\"text-editor.default\">\n\t\t\t\t<div class=\"elementor-widget-container\">\n\t\t\t\t\t\t\t\t\t<ul><li>Hantera CO2-patronen f\u00f6rsiktigt<\/li><li>F\u00f6rvara CO2-patronen i rumstemperatur och aldrig i direkt solljus<\/li><li>Ta bort CO2-patronen fr\u00e5n kolsyremaskinen under transport<\/li><li>L\u00e5t aldrig barn hantera CO2-patronen utan \u00f6vervakning<\/li><li>Flytta CO2-patronen till en s\u00e4ker plats vid brand.<\/li><\/ul><p>\u00a0<\/p>\t\t\t\t\t\t\t\t<\/div>\n\t\t\t\t<\/div>\n\t\t\t\t\t<\/div>\n\t\t\t\t<\/div>\n\t\t\t\t\t<\/details>\n\t\t\t\t\t<\/div>\n\t\t\t\t\t\t<\/div>\n\t\t\t\t<\/div>\n\t\t\t\t<\/div>\n\t\t\t\t<\/div>\n\t\t\t\t<\/div>","protected":false},"excerpt":{"rendered":"<p>Detta paketet inneh\u00e5ller 6 x bubliq kolsyrepatroner, varje patron fylld med 450 g av livsmedelsklassad CO2. Patronerna passar smidigt i de flesta kolsyremaskinerna p\u00e5 marknaden, med undantag f\u00f6r SodaStream modeller med Quick Connect. Detta 6-pack \u00e4r perfekt f\u00f6r bubbelvatten entusiaster, familjer eller sm\u00e5 f\u00f6retag som vill minska antalet butiksbes\u00f6k f\u00f6r att k\u00f6pa p\u00e5fyllning. Njut av bekv\u00e4mligheten att ha bubbelvatten tillg\u00e4ngligt utan att oroa dig f\u00f6r att det ska ta slut.<\/p>","protected":false},"featured_media":17458,"template":"","meta":[],"product_brand":[],"product_cat":[154],"product_tag":[141],"woo-feed-brand":[],"class_list":{"0":"post-16212","1":"product","2":"type-product","3":"status-publish","4":"has-post-thumbnail","6":"product_cat-kulsyrepatroner","7":"product_tag-kulsyrepatron","9":"first","10":"instock","11":"taxable","12":"shipping-taxable","13":"purchasable","14":"product-type-simple"},"_links":{"self":[{"href":"https:\/\/bubliq.com\/se\/wp-json\/wp\/v2\/product\/16212","targetHints":{"allow":["GET"]}}],"collection":[{"href":"https:\/\/bubliq.com\/se\/wp-json\/wp\/v2\/product"}],"about":[{"href":"https:\/\/bubliq.com\/se\/wp-json\/wp\/v2\/types\/product"}],"version-history":[{"count":140,"href":"https:\/\/bubliq.com\/se\/wp-json\/wp\/v2\/product\/16212\/revisions"}],"predecessor-version":[{"id":24630,"href":"https:\/\/bubliq.com\/se\/wp-json\/wp\/v2\/product\/16212\/revisions\/24630"}],"wp:featuredmedia":[{"embeddable":true,"href":"https:\/\/bubliq.com\/se\/wp-json\/wp\/v2\/media\/17458"}],"wp:attachment":[{"href":"https:\/\/bubliq.com\/se\/wp-json\/wp\/v2\/media?parent=16212"}],"wp:term":[{"taxonomy":"product_brand","embeddable":true,"href":"https:\/\/bubliq.com\/se\/wp-json\/wp\/v2\/product_brand?post=16212"},{"taxonomy":"product_cat","embeddable":true,"href":"https:\/\/bubliq.com\/se\/wp-json\/wp\/v2\/product_cat?post=16212"},{"taxonomy":"product_tag","embeddable":true,"href":"https:\/\/bubliq.com\/se\/wp-json\/wp\/v2\/product_tag?post=16212"},{"taxonomy":"woo-feed-brand","embeddable":true,"href":"https:\/\/bubliq.com\/se\/wp-json\/wp\/v2\/woo-feed-brand?post=16212"}],"curies":[{"name":"wp","href":"https:\/\/api.w.org\/{rel}","templated":true}]}}