{"id":16679,"date":"2024-01-17T10:38:45","date_gmt":"2024-01-17T08:38:45","guid":{"rendered":"https:\/\/bubliq.com\/?post_type=product&#038;p=16679"},"modified":"2025-12-03T07:36:00","modified_gmt":"2025-12-03T05:36:00","slug":"mat-graa-bubliq-drink-carbonator","status":"publish","type":"product","link":"https:\/\/bubliq.com\/se\/produkt\/mattgraa-bubliq-drink-carbonator\/","title":{"rendered":"Mattgr\u00e5 bubliq drink carbonator"},"content":{"rendered":"<div data-elementor-type=\"product-post\" data-elementor-id=\"16679\" class=\"elementor elementor-16679\" data-elementor-post-type=\"product\">\n\t\t\t\t<div class=\"elementor-element elementor-element-1f878ee e-con-full e-flex e-con e-child\" data-id=\"1f878ee\" data-element_type=\"container\" data-e-type=\"container\" data-settings=\"{&quot;background_background&quot;:&quot;classic&quot;}\">\n\t\t<div class=\"elementor-element elementor-element-62dd6ae e-con-full e-flex e-con e-child\" data-id=\"62dd6ae\" data-element_type=\"container\" data-e-type=\"container\">\n\t\t\t\t<div class=\"elementor-element elementor-element-6dae7de elementor-widget elementor-widget-n-accordion\" data-id=\"6dae7de\" data-element_type=\"widget\" data-e-type=\"widget\" data-settings=\"{&quot;default_state&quot;:&quot;expanded&quot;,&quot;max_items_expended&quot;:&quot;one&quot;,&quot;n_accordion_animation_duration&quot;:{&quot;unit&quot;:&quot;ms&quot;,&quot;size&quot;:400,&quot;sizes&quot;:[]}}\" data-widget_type=\"nested-accordion.default\">\n\t\t\t\t<div class=\"elementor-widget-container\">\n\t\t\t\t\t\t\t<div class=\"e-n-accordion\" aria-label=\"Accordion. Open links with Enter or Space, close with Escape, and navigate with Arrow Keys\">\n\t\t\t\t\t\t<details id=\"e-n-accordion-item-1150\" class=\"e-n-accordion-item\" open>\n\t\t\t\t<summary class=\"e-n-accordion-item-title\" data-accordion-index=\"1\" tabindex=\"0\" aria-expanded=\"true\" aria-controls=\"e-n-accordion-item-1150\" >\n\t\t\t\t\t<span class='e-n-accordion-item-title-header'><div class=\"e-n-accordion-item-title-text\"> Produktbeskrivning <\/div><\/span>\n\t\t\t\t\t\t\t<span class='e-n-accordion-item-title-icon'>\n\t\t\t<span class='e-opened' ><i aria-hidden=\"true\" class=\"fas fa-minus\"><\/i><\/span>\n\t\t\t<span class='e-closed'><i aria-hidden=\"true\" class=\"fas fa-plus\"><\/i><\/span>\n\t\t<\/span>\n\n\t\t\t\t\t\t<\/summary>\n\t\t\t\t<div role=\"region\" aria-labelledby=\"e-n-accordion-item-1150\" class=\"elementor-element elementor-element-1ae6753 e-con-full e-flex e-con e-child\" data-id=\"1ae6753\" data-element_type=\"container\" data-e-type=\"container\">\n\t\t\t\t<div class=\"elementor-element elementor-element-dcb9462 elementor-widget elementor-widget-text-editor\" data-id=\"dcb9462\" data-element_type=\"widget\" data-e-type=\"widget\" data-widget_type=\"text-editor.default\">\n\t\t\t\t<div class=\"elementor-widget-container\">\n\t\t\t\t\t\t\t\t\t<h6><strong>Elegant design<\/strong><\/h6><p>bubliqs mattgr\u00e5 kolsyremaskin erbjuder en tidl\u00f6s estetik som g\u00f6r den till ett klassiskt val som st\u00e5r \u00f6ver trender, \u00e5r efter \u00e5r. Den minimalistiska och smidiga designen, med en bredd p\u00e5 endast 8 cm, ger en perfekt sofistikerad touch till din inredning\u00a0<\/p><h6><strong>Enkel att anv\u00e4nda\u00a0<\/strong><\/h6><p>Med v\u00e5r patenterade teknologi, Air-Charge\u2122, \u00e4r det nu enklare \u00e4n n\u00e5gonsin att kolsyra dina drycker. Oavsett vilken dryck du v\u00e4ljer kan du enkelt tills\u00e4tta kolsyra genom att skruva p\u00e5 locket, placera flaskan i st\u00e4llet och trycka p\u00e5 toppen ett par g\u00e5nger. Inte bara \u00e4r designen smidig och enkel, utan \u00e4ven processen att kolsyra dina drycker.<\/p><p><strong>Tills\u00e4tt kolsyra till allt<\/strong><\/p><p>Med bubliq kolsyremaskinen kan du f\u00f6rvandla vilken tr\u00e5kig dryck som helst till en l\u00e4cker dryck. bubliq kolsyremaskin g\u00f6r det m\u00f6jligt f\u00f6r dig att kolsyra alla drycker, vare sig det \u00e4r vatten, vin eller lemonad. Var kreativ och tills\u00e4tt f\u00e4rska frukter och gr\u00f6nsaker i ditt vatten f\u00f6r att naturligt smaks\u00e4tta vatten. Vi rekommenderar att tills\u00e4tta n\u00e5gra skivor citron f\u00f6r en extra sprudlande smakupplevelse till ditt vatten.<\/p>\t\t\t\t\t\t\t\t<\/div>\n\t\t\t\t<\/div>\n\t\t\t\t<\/div>\n\t\t\t\t\t<\/details>\n\t\t\t\t\t\t<details id=\"e-n-accordion-item-1151\" class=\"e-n-accordion-item\" >\n\t\t\t\t<summary class=\"e-n-accordion-item-title\" data-accordion-index=\"2\" tabindex=\"-1\" aria-expanded=\"false\" aria-controls=\"e-n-accordion-item-1151\" >\n\t\t\t\t\t<span class='e-n-accordion-item-title-header'><div class=\"e-n-accordion-item-title-text\"> M\u00e5tt och material <\/div><\/span>\n\t\t\t\t\t\t\t<span class='e-n-accordion-item-title-icon'>\n\t\t\t<span class='e-opened' ><i aria-hidden=\"true\" class=\"fas fa-minus\"><\/i><\/span>\n\t\t\t<span class='e-closed'><i aria-hidden=\"true\" class=\"fas fa-plus\"><\/i><\/span>\n\t\t<\/span>\n\n\t\t\t\t\t\t<\/summary>\n\t\t\t\t<div role=\"region\" aria-labelledby=\"e-n-accordion-item-1151\" class=\"elementor-element elementor-element-8a8012a e-con-full e-flex e-con e-child\" data-id=\"8a8012a\" data-element_type=\"container\" data-e-type=\"container\">\n\t\t\t\t<div class=\"elementor-element elementor-element-93ddd0c elementor-widget elementor-widget-text-editor\" data-id=\"93ddd0c\" data-element_type=\"widget\" data-e-type=\"widget\" data-widget_type=\"text-editor.default\">\n\t\t\t\t<div class=\"elementor-widget-container\">\n\t\t\t\t\t\t\t\t\t<p><strong>Kolsyremaskin<br \/><\/strong>Material: ABS<strong><br \/><\/strong>M\u00e5tt: 42,5 x 8 x 16,5 cm (h\u00f6jd x bredd x djup)<br \/>Vikt exkl. kolsyrepatron: 0,8 kg.<\/p><p><strong>Flaska<br \/><\/strong>Material: PET, 100% BPA-fri<strong><br \/><\/strong>M\u00e5tt: 37,2 x 6,8 cm (h\u00f6jd x diameter)<\/p>\t\t\t\t\t\t\t\t<\/div>\n\t\t\t\t<\/div>\n\t\t\t\t<\/div>\n\t\t\t\t\t<\/details>\n\t\t\t\t\t\t<details id=\"e-n-accordion-item-1152\" class=\"e-n-accordion-item\" >\n\t\t\t\t<summary class=\"e-n-accordion-item-title\" data-accordion-index=\"3\" tabindex=\"-1\" aria-expanded=\"false\" aria-controls=\"e-n-accordion-item-1152\" >\n\t\t\t\t\t<span class='e-n-accordion-item-title-header'><div class=\"e-n-accordion-item-title-text\"> Kompatibilitet med kolsyrepatroner <\/div><\/span>\n\t\t\t\t\t\t\t<span class='e-n-accordion-item-title-icon'>\n\t\t\t<span class='e-opened' ><i aria-hidden=\"true\" class=\"fas fa-minus\"><\/i><\/span>\n\t\t\t<span class='e-closed'><i aria-hidden=\"true\" class=\"fas fa-plus\"><\/i><\/span>\n\t\t<\/span>\n\n\t\t\t\t\t\t<\/summary>\n\t\t\t\t<div role=\"region\" aria-labelledby=\"e-n-accordion-item-1152\" class=\"elementor-element elementor-element-19d9387 e-con-full e-flex e-con e-child\" data-id=\"19d9387\" data-element_type=\"container\" data-e-type=\"container\">\n\t\t\t\t<div class=\"elementor-element elementor-element-6647421 elementor-widget elementor-widget-text-editor\" data-id=\"6647421\" data-element_type=\"widget\" data-e-type=\"widget\" data-widget_type=\"text-editor.default\">\n\t\t\t\t<div class=\"elementor-widget-container\">\n\t\t\t\t\t\t\t\t\t<p>bubliq drink carbonator \u00e4r kompatibel med alla 425-450 g kolsyrepatroner t.ex. fr\u00e5n AGA, Grohe och SodaStream (utom SodaStream Quick Connect).\u00a0<\/p>\t\t\t\t\t\t\t\t<\/div>\n\t\t\t\t<\/div>\n\t\t\t\t<\/div>\n\t\t\t\t\t<\/details>\n\t\t\t\t\t\t<details id=\"e-n-accordion-item-1153\" class=\"e-n-accordion-item\" >\n\t\t\t\t<summary class=\"e-n-accordion-item-title\" data-accordion-index=\"4\" tabindex=\"-1\" aria-expanded=\"false\" aria-controls=\"e-n-accordion-item-1153\" >\n\t\t\t\t\t<span class='e-n-accordion-item-title-header'><div class=\"e-n-accordion-item-title-text\"> P\u00e5fyllning av kolsyrepatron <\/div><\/span>\n\t\t\t\t\t\t\t<span class='e-n-accordion-item-title-icon'>\n\t\t\t<span class='e-opened' ><i aria-hidden=\"true\" class=\"fas fa-minus\"><\/i><\/span>\n\t\t\t<span class='e-closed'><i aria-hidden=\"true\" class=\"fas fa-plus\"><\/i><\/span>\n\t\t<\/span>\n\n\t\t\t\t\t\t<\/summary>\n\t\t\t\t<div role=\"region\" aria-labelledby=\"e-n-accordion-item-1153\" class=\"elementor-element elementor-element-c5bb035 e-flex e-con-boxed e-con e-child\" data-id=\"c5bb035\" data-element_type=\"container\" data-e-type=\"container\">\n\t\t\t\t\t<div class=\"e-con-inner\">\n\t\t\t\t<div class=\"elementor-element elementor-element-7328d7c elementor-widget elementor-widget-text-editor\" data-id=\"7328d7c\" data-element_type=\"widget\" data-e-type=\"widget\" data-widget_type=\"text-editor.default\">\n\t\t\t\t<div class=\"elementor-widget-container\">\n\t\t\t\t\t\t\t\t\t<p class=\"translation-block\"><b>P\u00e5fyllning online<\/b><br>\nDu kan byta ut dina tomma CO2 patroner genom v\u00e5r onlinetj\u00e4nst f\u00f6r p\u00e5fyllning. Notera att det kr\u00e4vs antingen 3 eller 6 st tomma kolsyrepatroner f\u00f6r att kunna anv\u00e4nda v\u00e5r utbytesservice. <b>OBS: <\/b>V\u00e5r utbytesservice online \u00e4r f\u00f6r tillf\u00e4llet endast tillg\u00e4nglig i vissa l\u00e4nder.\n<br><br>\n<b>Byte till andra m\u00e4rken<\/b><br>\nDet \u00e4r enkelt att byta ut kolsyrepatroner, eftersom de flesta CO2 patronerna f\u00f6r kolsyremaskiner f\u00f6ljer en universell standard. Du kan enkelt byta ut din patron mot vilket annat m\u00e4rke som helst, s\u00e5 l\u00e4nge den har en ventil med skruvg\u00e4nga. Detta s\u00e4kerst\u00e4ller kompatibilitet med din bubliq kolsyremaskin.<\/p>\t\t\t\t\t\t\t\t<\/div>\n\t\t\t\t<\/div>\n\t\t\t\t\t<\/div>\n\t\t\t\t<\/div>\n\t\t\t\t\t<\/details>\n\t\t\t\t\t\t<details id=\"e-n-accordion-item-1154\" class=\"e-n-accordion-item\" >\n\t\t\t\t<summary class=\"e-n-accordion-item-title\" data-accordion-index=\"5\" tabindex=\"-1\" aria-expanded=\"false\" aria-controls=\"e-n-accordion-item-1154\" >\n\t\t\t\t\t<span class='e-n-accordion-item-title-header'><div class=\"e-n-accordion-item-title-text\"> Reng\u00f6ring och underh\u00e5ll <\/div><\/span>\n\t\t\t\t\t\t\t<span class='e-n-accordion-item-title-icon'>\n\t\t\t<span class='e-opened' ><i aria-hidden=\"true\" class=\"fas fa-minus\"><\/i><\/span>\n\t\t\t<span class='e-closed'><i aria-hidden=\"true\" class=\"fas fa-plus\"><\/i><\/span>\n\t\t<\/span>\n\n\t\t\t\t\t\t<\/summary>\n\t\t\t\t<div role=\"region\" aria-labelledby=\"e-n-accordion-item-1154\" class=\"elementor-element elementor-element-7fff7c8 e-flex e-con-boxed e-con e-child\" data-id=\"7fff7c8\" data-element_type=\"container\" data-e-type=\"container\">\n\t\t\t\t\t<div class=\"e-con-inner\">\n\t\t\t\t<div class=\"elementor-element elementor-element-f08006b elementor-widget elementor-widget-text-editor\" data-id=\"f08006b\" data-element_type=\"widget\" data-e-type=\"widget\" data-widget_type=\"text-editor.default\">\n\t\t\t\t<div class=\"elementor-widget-container\">\n\t\t\t\t\t\t\t\t\t<p style=\"text-align: left;\"><strong>Kolsyremaskin<\/strong> <br \/>Reng\u00f6r kolsyremaskinen med en fuktig trasa och milt reng\u00f6ringsmedel.<br \/><strong><br \/>Flaska<br \/><\/strong>Reng\u00f6r flaskan f\u00f6r hand med ett milt reng\u00f6ringsmedel. Undvik att uts\u00e4tta flaskan f\u00f6r temperaturer under 4\u00b0C och \u00f6ver 40\u00b0C. Flaskan \u00e4r <strong>inte<\/strong> diskmaskinss\u00e4ker.<\/p><p><strong>Kolsyrer\u00f6r<\/strong><br \/>Kolsyrer\u00f6ret tas enkelt bort fr\u00e5n flaskan f\u00f6r reng\u00f6ring. Tills\u00e4tter du kolsyra till andra v\u00e4tskor \u00e4n vatten s\u00e5 b\u00f6r alltid kolsyrer\u00f6ret reng\u00f6ras efter\u00e5t f\u00f6r att s\u00e4kra funktionen och se till att v\u00e4tskan inte s\u00e4tter igen \u00f6vertrycksventilen. Kolsyrer\u00f6ret reng\u00f6rs med varmt vatten och milt diskmedel. Kolsyrer\u00f6ret \u00e4r <strong>inte<\/strong> diskmaskinss\u00e4ker.<\/p>\t\t\t\t\t\t\t\t<\/div>\n\t\t\t\t<\/div>\n\t\t\t\t\t<\/div>\n\t\t\t\t<\/div>\n\t\t\t\t\t<\/details>\n\t\t\t\t\t\t<details id=\"e-n-accordion-item-1155\" class=\"e-n-accordion-item\" >\n\t\t\t\t<summary class=\"e-n-accordion-item-title\" data-accordion-index=\"6\" tabindex=\"-1\" aria-expanded=\"false\" aria-controls=\"e-n-accordion-item-1155\" >\n\t\t\t\t\t<span class='e-n-accordion-item-title-header'><div class=\"e-n-accordion-item-title-text\"> Reservdelar <\/div><\/span>\n\t\t\t\t\t\t\t<span class='e-n-accordion-item-title-icon'>\n\t\t\t<span class='e-opened' ><i aria-hidden=\"true\" class=\"fas fa-minus\"><\/i><\/span>\n\t\t\t<span class='e-closed'><i aria-hidden=\"true\" class=\"fas fa-plus\"><\/i><\/span>\n\t\t<\/span>\n\n\t\t\t\t\t\t<\/summary>\n\t\t\t\t<div role=\"region\" aria-labelledby=\"e-n-accordion-item-1155\" class=\"elementor-element elementor-element-d6c1aeb e-flex e-con-boxed e-con e-child\" data-id=\"d6c1aeb\" data-element_type=\"container\" data-e-type=\"container\">\n\t\t\t\t\t<div class=\"e-con-inner\">\n\t\t\t\t<div class=\"elementor-element elementor-element-82277f6 elementor-widget elementor-widget-text-editor\" data-id=\"82277f6\" data-element_type=\"widget\" data-e-type=\"widget\" data-widget_type=\"text-editor.default\">\n\t\t\t\t<div class=\"elementor-widget-container\">\n\t\t\t\t\t\t\t\t\t<p>Beh\u00f6ver du ett extra kolsyrer\u00f6r till din bubliq kolsyremaskin?<\/p><p><a href=\"https:\/\/bubliq.com\/se\/produkt\/infuser-cap\/\">Kolsyrer\u00f6r - klicka h\u00e4r<\/a><\/p>\t\t\t\t\t\t\t\t<\/div>\n\t\t\t\t<\/div>\n\t\t\t\t\t<\/div>\n\t\t\t\t<\/div>\n\t\t\t\t\t<\/details>\n\t\t\t\t\t\t<details id=\"e-n-accordion-item-1156\" class=\"e-n-accordion-item\" >\n\t\t\t\t<summary class=\"e-n-accordion-item-title\" data-accordion-index=\"7\" tabindex=\"-1\" aria-expanded=\"false\" aria-controls=\"e-n-accordion-item-1156\" >\n\t\t\t\t\t<span class='e-n-accordion-item-title-header'><div class=\"e-n-accordion-item-title-text\"> Manual <\/div><\/span>\n\t\t\t\t\t\t\t<span class='e-n-accordion-item-title-icon'>\n\t\t\t<span class='e-opened' ><i aria-hidden=\"true\" class=\"fas fa-minus\"><\/i><\/span>\n\t\t\t<span class='e-closed'><i aria-hidden=\"true\" class=\"fas fa-plus\"><\/i><\/span>\n\t\t<\/span>\n\n\t\t\t\t\t\t<\/summary>\n\t\t\t\t<div role=\"region\" aria-labelledby=\"e-n-accordion-item-1156\" class=\"elementor-element elementor-element-d2dec71 e-flex e-con-boxed e-con e-child\" data-id=\"d2dec71\" data-element_type=\"container\" data-e-type=\"container\">\n\t\t\t\t\t<div class=\"e-con-inner\">\n\t\t\t\t<div class=\"elementor-element elementor-element-066141d elementor-widget elementor-widget-text-editor\" data-id=\"066141d\" data-element_type=\"widget\" data-e-type=\"widget\" data-widget_type=\"text-editor.default\">\n\t\t\t\t<div class=\"elementor-widget-container\">\n\t\t\t\t\t\t\t\t\t<p>Du hittar manualen f\u00f6r bubliq drink carbonator <a href=\"https:\/\/bubliq.com\/wp-content\/uploads\/2025\/07\/User-Manual-bubliq-drink-carbonator-2025-Web.pdf\" target=\"_blank\" rel=\"noopener\">h\u00e4r.<\/a><\/p>\t\t\t\t\t\t\t\t<\/div>\n\t\t\t\t<\/div>\n\t\t\t\t\t<\/div>\n\t\t\t\t<\/div>\n\t\t\t\t\t<\/details>\n\t\t\t\t\t<\/div>\n\t\t\t\t\t\t<\/div>\n\t\t\t\t<\/div>\n\t\t\t\t<\/div>\n\t\t\t\t<\/div>\n\t\t\t\t<\/div>","protected":false},"excerpt":{"rendered":"<p><strong>En ny era av kolsyremaskiner<\/strong><br \/>\nUppt\u00e4ck mattgr\u00e5 bubliq drink carbonator - en elegant kolsyremaskin i en modern varm gr\u00e5 nyans som utstr\u00e5lar en sj\u00e4lvs\u00e4ker elegans. Den sofistikerade kolsyremaskinen har en bredd p\u00e5 endast 8 cm, vilket g\u00f6r den till ett perfekt val f\u00f6r det moderna k\u00f6ket. Ta din dryckesupplevelse till nya h\u00f6jder med v\u00e5r innovativa Air-Charge\u2122 teknologi, som ger dig perfekt kolsyra i allt fr\u00e5n vatten till vin.<\/p>","protected":false},"featured_media":17456,"template":"","meta":[],"product_brand":[],"product_cat":[31],"product_tag":[30],"woo-feed-brand":[],"class_list":{"0":"post-16679","1":"product","2":"type-product","3":"status-publish","4":"has-post-thumbnail","6":"product_cat-sodavandsmaskiner","7":"product_tag-kulsyremaskine","9":"first","10":"instock","11":"taxable","12":"shipping-taxable","13":"purchasable","14":"product-type-simple"},"_links":{"self":[{"href":"https:\/\/bubliq.com\/se\/wp-json\/wp\/v2\/product\/16679","targetHints":{"allow":["GET"]}}],"collection":[{"href":"https:\/\/bubliq.com\/se\/wp-json\/wp\/v2\/product"}],"about":[{"href":"https:\/\/bubliq.com\/se\/wp-json\/wp\/v2\/types\/product"}],"version-history":[{"count":75,"href":"https:\/\/bubliq.com\/se\/wp-json\/wp\/v2\/product\/16679\/revisions"}],"predecessor-version":[{"id":25032,"href":"https:\/\/bubliq.com\/se\/wp-json\/wp\/v2\/product\/16679\/revisions\/25032"}],"wp:featuredmedia":[{"embeddable":true,"href":"https:\/\/bubliq.com\/se\/wp-json\/wp\/v2\/media\/17456"}],"wp:attachment":[{"href":"https:\/\/bubliq.com\/se\/wp-json\/wp\/v2\/media?parent=16679"}],"wp:term":[{"taxonomy":"product_brand","embeddable":true,"href":"https:\/\/bubliq.com\/se\/wp-json\/wp\/v2\/product_brand?post=16679"},{"taxonomy":"product_cat","embeddable":true,"href":"https:\/\/bubliq.com\/se\/wp-json\/wp\/v2\/product_cat?post=16679"},{"taxonomy":"product_tag","embeddable":true,"href":"https:\/\/bubliq.com\/se\/wp-json\/wp\/v2\/product_tag?post=16679"},{"taxonomy":"woo-feed-brand","embeddable":true,"href":"https:\/\/bubliq.com\/se\/wp-json\/wp\/v2\/woo-feed-brand?post=16679"}],"curies":[{"name":"wp","href":"https:\/\/api.w.org\/{rel}","templated":true}]}}