{"id":16691,"date":"2024-01-17T10:52:56","date_gmt":"2024-01-17T08:52:56","guid":{"rendered":"https:\/\/bubliq.com\/?post_type=product&#038;p=16691"},"modified":"2025-12-03T07:34:24","modified_gmt":"2025-12-03T05:34:24","slug":"beige-bubliq-drink-carbonator-inkl-kulsyrepatron","status":"publish","type":"product","link":"https:\/\/bubliq.com\/se\/produkt\/beiga-bubliq-drink-carbonator-inkl-kolsyrepatron\/","title":{"rendered":"Beige bubliq drink carbonator inkl. kolsyrepatron"},"content":{"rendered":"<div data-elementor-type=\"product-post\" data-elementor-id=\"16691\" class=\"elementor elementor-16691\" data-elementor-post-type=\"product\">\n\t\t\t\t<div class=\"elementor-element elementor-element-89a8e51 elementor-hidden-desktop elementor-hidden-tablet e-flex e-con-boxed e-con e-parent\" data-id=\"89a8e51\" data-element_type=\"container\" data-e-type=\"container\">\n\t\t\t\t\t<div class=\"e-con-inner\">\n\t\t\t\t<div class=\"elementor-element elementor-element-55ff481 elementor-widget elementor-widget-html\" data-id=\"55ff481\" data-element_type=\"widget\" data-e-type=\"widget\" data-widget_type=\"html.default\">\n\t\t\t\t<div class=\"elementor-widget-container\">\n\t\t\t\t\t<div class=\"wistia_responsive_padding\" style=\"padding:125.0% 0 0 0;position:relative;\"><div class=\"wistia_responsive_wrapper\" style=\"height:100%;left:0;position:absolute;top:0;width:100%;\"><iframe src=\"https:\/\/fast.wistia.net\/embed\/iframe\/jg018or1ia?seo=false&videoFoam=true\" title=\"Sara lemonade short version 4-5 format Video\" allow=\"autoplay; fullscreen\" allowtransparency=\"true\" frameborder=\"0\" scrolling=\"no\" class=\"wistia_embed\" name=\"wistia_embed\" msallowfullscreen width=\"100%\" height=\"100%\"><\/iframe><\/div><\/div>\n<script src=\"https:\/\/fast.wistia.net\/assets\/external\/E-v1.js\" async><\/script>\t\t\t\t<\/div>\n\t\t\t\t<\/div>\n\t\t\t\t\t<\/div>\n\t\t\t\t<\/div>\n\t\t<div class=\"elementor-element elementor-element-47d4761 e-con-full e-flex e-con e-child\" data-id=\"47d4761\" data-element_type=\"container\" data-e-type=\"container\">\n\t\t<div class=\"elementor-element elementor-element-ab91f47 e-con-full e-flex e-con e-child\" data-id=\"ab91f47\" data-element_type=\"container\" data-e-type=\"container\">\n\t\t\t\t<div class=\"elementor-element elementor-element-50a334d elementor-widget elementor-widget-n-accordion\" data-id=\"50a334d\" data-element_type=\"widget\" data-e-type=\"widget\" data-settings=\"{&quot;default_state&quot;:&quot;expanded&quot;,&quot;max_items_expended&quot;:&quot;one&quot;,&quot;n_accordion_animation_duration&quot;:{&quot;unit&quot;:&quot;ms&quot;,&quot;size&quot;:400,&quot;sizes&quot;:[]}}\" data-widget_type=\"nested-accordion.default\">\n\t\t\t\t<div class=\"elementor-widget-container\">\n\t\t\t\t\t\t\t<div class=\"e-n-accordion\" aria-label=\"Accordion. Open links with Enter or Space, close with Escape, and navigate with Arrow Keys\">\n\t\t\t\t\t\t<details id=\"e-n-accordion-item-8450\" class=\"e-n-accordion-item\" open>\n\t\t\t\t<summary class=\"e-n-accordion-item-title\" data-accordion-index=\"1\" tabindex=\"0\" aria-expanded=\"true\" aria-controls=\"e-n-accordion-item-8450\" >\n\t\t\t\t\t<span class='e-n-accordion-item-title-header'><div class=\"e-n-accordion-item-title-text\"> Produktbeskrivning <\/div><\/span>\n\t\t\t\t\t\t\t<span class='e-n-accordion-item-title-icon'>\n\t\t\t<span class='e-opened' ><i aria-hidden=\"true\" class=\"fas fa-minus\"><\/i><\/span>\n\t\t\t<span class='e-closed'><i aria-hidden=\"true\" class=\"fas fa-plus\"><\/i><\/span>\n\t\t<\/span>\n\n\t\t\t\t\t\t<\/summary>\n\t\t\t\t<div role=\"region\" aria-labelledby=\"e-n-accordion-item-8450\" class=\"elementor-element elementor-element-6c557cc e-con-full e-flex e-con e-child\" data-id=\"6c557cc\" data-element_type=\"container\" data-e-type=\"container\">\n\t\t\t\t<div class=\"elementor-element elementor-element-952430e elementor-widget elementor-widget-text-editor\" data-id=\"952430e\" data-element_type=\"widget\" data-e-type=\"widget\" data-widget_type=\"text-editor.default\">\n\t\t\t\t<div class=\"elementor-widget-container\">\n\t\t\t\t\t\t\t\t\t<p style=\"font-weight: 400;\"><strong>Sofistikerad design<br \/><\/strong>Med sin mjuka nyans och eleganta design, skapar bubliqs beige kolsyremaskin en lugn och sofistikerad atmosf\u00e4r i ditt k\u00f6k. Till skillnad fr\u00e5n andra kolsyremaskiner, kompletterar den beige bubliq kolsyremaskinen snarare \u00e4n kontrasterar, vilket skapar en varm och harmonisk k\u00f6ksinredning.\u00a0<\/p><p style=\"font-weight: 400;\"><strong>Tidl\u00f6s design<br \/><\/strong>Den moderna teknologin av bubliqs patenterade Air-Charge\u2122 m\u00f6jligg\u00f6r enkelhet vid varje anv\u00e4ndning. Genom tre enkla steg; skruva p\u00e5 locket, placera flaskan i st\u00e4llet och trycka p\u00e5 toppen, har du kolsyrat vatten till hands p\u00e5 bara n\u00e5gra f\u00e5 sekunder. Slipp kr\u00e5nglet med att skruva och b\u00f6ja flaskor p\u00e5 plats i din kolsyremaskin.<\/p><p style=\"font-weight: 400;\"><strong>Mer \u00e4n kolsyrat vatten<br \/><\/strong>bubliqs beiga kolsyremaskin str\u00e4cker sig l\u00e4ngre \u00e4n f\u00f6r endast bubbelvatten, den kan f\u00f6rvandla alla dina kalla drycker. Oavsett om du vill smaks\u00e4tta ditt vatten med frukt f\u00f6r en sprudlande lemonad eller tills\u00e4tta bubblor till ditt vin, l\u00e5ter bubliq dig experimentera och uppt\u00e4cka nya dryckesrecept.<\/p>\t\t\t\t\t\t\t\t<\/div>\n\t\t\t\t<\/div>\n\t\t\t\t<\/div>\n\t\t\t\t\t<\/details>\n\t\t\t\t\t\t<details id=\"e-n-accordion-item-8451\" class=\"e-n-accordion-item\" >\n\t\t\t\t<summary class=\"e-n-accordion-item-title\" data-accordion-index=\"2\" tabindex=\"-1\" aria-expanded=\"false\" aria-controls=\"e-n-accordion-item-8451\" >\n\t\t\t\t\t<span class='e-n-accordion-item-title-header'><div class=\"e-n-accordion-item-title-text\"> M\u00e5tt och material <\/div><\/span>\n\t\t\t\t\t\t\t<span class='e-n-accordion-item-title-icon'>\n\t\t\t<span class='e-opened' ><i aria-hidden=\"true\" class=\"fas fa-minus\"><\/i><\/span>\n\t\t\t<span class='e-closed'><i aria-hidden=\"true\" class=\"fas fa-plus\"><\/i><\/span>\n\t\t<\/span>\n\n\t\t\t\t\t\t<\/summary>\n\t\t\t\t<div role=\"region\" aria-labelledby=\"e-n-accordion-item-8451\" class=\"elementor-element elementor-element-84a78c1 e-con-full e-flex e-con e-child\" data-id=\"84a78c1\" data-element_type=\"container\" data-e-type=\"container\">\n\t\t\t\t<div class=\"elementor-element elementor-element-7eac494 elementor-widget elementor-widget-text-editor\" data-id=\"7eac494\" data-element_type=\"widget\" data-e-type=\"widget\" data-widget_type=\"text-editor.default\">\n\t\t\t\t<div class=\"elementor-widget-container\">\n\t\t\t\t\t\t\t\t\t<p><strong>Kolsyremaskin<br \/><\/strong>Material: ABS<strong><br \/><\/strong>M\u00e5tt: 42,5 x 8 x 16,5 cm (h\u00f6jd x bredd x djup)<br \/>Vikt exkl. kolsyrepatron: 0,8 kg.<\/p><p><strong>Flaska<br \/><\/strong>Material: PET, 100% BPA-fri<strong><br \/><\/strong>M\u00e5tt: 37,2 x 6,8 cm (h\u00f6jd x diameter)<\/p>\t\t\t\t\t\t\t\t<\/div>\n\t\t\t\t<\/div>\n\t\t\t\t<\/div>\n\t\t\t\t\t<\/details>\n\t\t\t\t\t\t<details id=\"e-n-accordion-item-8452\" class=\"e-n-accordion-item\" >\n\t\t\t\t<summary class=\"e-n-accordion-item-title\" data-accordion-index=\"3\" tabindex=\"-1\" aria-expanded=\"false\" aria-controls=\"e-n-accordion-item-8452\" >\n\t\t\t\t\t<span class='e-n-accordion-item-title-header'><div class=\"e-n-accordion-item-title-text\"> Kompatibilitet med kolsyrepatroner <\/div><\/span>\n\t\t\t\t\t\t\t<span class='e-n-accordion-item-title-icon'>\n\t\t\t<span class='e-opened' ><i aria-hidden=\"true\" class=\"fas fa-minus\"><\/i><\/span>\n\t\t\t<span class='e-closed'><i aria-hidden=\"true\" class=\"fas fa-plus\"><\/i><\/span>\n\t\t<\/span>\n\n\t\t\t\t\t\t<\/summary>\n\t\t\t\t<div role=\"region\" aria-labelledby=\"e-n-accordion-item-8452\" class=\"elementor-element elementor-element-ed0c1af e-con-full e-flex e-con e-child\" data-id=\"ed0c1af\" data-element_type=\"container\" data-e-type=\"container\">\n\t\t\t\t<div class=\"elementor-element elementor-element-d151555 elementor-widget elementor-widget-text-editor\" data-id=\"d151555\" data-element_type=\"widget\" data-e-type=\"widget\" data-widget_type=\"text-editor.default\">\n\t\t\t\t<div class=\"elementor-widget-container\">\n\t\t\t\t\t\t\t\t\t<p>bubliq drink carbonator \u00e4r kompatibel med alla 425-450 g kolsyrepatroner t.ex. fr\u00e5n AGA, Grohe och SodaStream (utom SodaStream Quick Connect). Detta paket inneh\u00e5ller en ny kolsyrepatron fr\u00e5n bubliq.\u00a0<\/p>\t\t\t\t\t\t\t\t<\/div>\n\t\t\t\t<\/div>\n\t\t\t\t<\/div>\n\t\t\t\t\t<\/details>\n\t\t\t\t\t\t<details id=\"e-n-accordion-item-8453\" class=\"e-n-accordion-item\" >\n\t\t\t\t<summary class=\"e-n-accordion-item-title\" data-accordion-index=\"4\" tabindex=\"-1\" aria-expanded=\"false\" aria-controls=\"e-n-accordion-item-8453\" >\n\t\t\t\t\t<span class='e-n-accordion-item-title-header'><div class=\"e-n-accordion-item-title-text\"> P\u00e5fyllning av kolsyrepatron <\/div><\/span>\n\t\t\t\t\t\t\t<span class='e-n-accordion-item-title-icon'>\n\t\t\t<span class='e-opened' ><i aria-hidden=\"true\" class=\"fas fa-minus\"><\/i><\/span>\n\t\t\t<span class='e-closed'><i aria-hidden=\"true\" class=\"fas fa-plus\"><\/i><\/span>\n\t\t<\/span>\n\n\t\t\t\t\t\t<\/summary>\n\t\t\t\t<div role=\"region\" aria-labelledby=\"e-n-accordion-item-8453\" class=\"elementor-element elementor-element-696581c e-flex e-con-boxed e-con e-child\" data-id=\"696581c\" data-element_type=\"container\" data-e-type=\"container\">\n\t\t\t\t\t<div class=\"e-con-inner\">\n\t\t\t\t<div class=\"elementor-element elementor-element-9071cf7 elementor-widget elementor-widget-text-editor\" data-id=\"9071cf7\" data-element_type=\"widget\" data-e-type=\"widget\" data-widget_type=\"text-editor.default\">\n\t\t\t\t<div class=\"elementor-widget-container\">\n\t\t\t\t\t\t\t\t\t<p class=\"translation-block\"><b>P\u00e5fyllning online<\/b><br>\nDu kan byta ut dina tomma CO2 patroner genom v\u00e5r onlinetj\u00e4nst f\u00f6r p\u00e5fyllning. Notera att det kr\u00e4vs antingen 3 eller 6 st tomma kolsyrepatroner f\u00f6r att kunna anv\u00e4nda v\u00e5r utbytesservice. <b>OBS: <\/b>V\u00e5r utbytesservice online \u00e4r f\u00f6r tillf\u00e4llet endast tillg\u00e4nglig i vissa l\u00e4nder.\n<br><br>\n<b>Byte till andra m\u00e4rken<\/b><br>\nDet \u00e4r enkelt att byta ut kolsyrepatroner, eftersom de flesta CO2 patronerna f\u00f6r kolsyremaskiner f\u00f6ljer en universell standard. Du kan enkelt byta ut din patron mot vilket annat m\u00e4rke som helst, s\u00e5 l\u00e4nge den har en ventil med skruvg\u00e4nga. Detta s\u00e4kerst\u00e4ller kompatibilitet med din bubliq kolsyremaskin.<\/p>\t\t\t\t\t\t\t\t<\/div>\n\t\t\t\t<\/div>\n\t\t\t\t\t<\/div>\n\t\t\t\t<\/div>\n\t\t\t\t\t<\/details>\n\t\t\t\t\t\t<details id=\"e-n-accordion-item-8454\" class=\"e-n-accordion-item\" >\n\t\t\t\t<summary class=\"e-n-accordion-item-title\" data-accordion-index=\"5\" tabindex=\"-1\" aria-expanded=\"false\" aria-controls=\"e-n-accordion-item-8454\" >\n\t\t\t\t\t<span class='e-n-accordion-item-title-header'><div class=\"e-n-accordion-item-title-text\"> Reng\u00f6ring och underh\u00e5ll <\/div><\/span>\n\t\t\t\t\t\t\t<span class='e-n-accordion-item-title-icon'>\n\t\t\t<span class='e-opened' ><i aria-hidden=\"true\" class=\"fas fa-minus\"><\/i><\/span>\n\t\t\t<span class='e-closed'><i aria-hidden=\"true\" class=\"fas fa-plus\"><\/i><\/span>\n\t\t<\/span>\n\n\t\t\t\t\t\t<\/summary>\n\t\t\t\t<div role=\"region\" aria-labelledby=\"e-n-accordion-item-8454\" class=\"elementor-element elementor-element-09ca6a8 e-flex e-con-boxed e-con e-child\" data-id=\"09ca6a8\" data-element_type=\"container\" data-e-type=\"container\">\n\t\t\t\t\t<div class=\"e-con-inner\">\n\t\t\t\t<div class=\"elementor-element elementor-element-4393286 elementor-widget elementor-widget-text-editor\" data-id=\"4393286\" data-element_type=\"widget\" data-e-type=\"widget\" data-widget_type=\"text-editor.default\">\n\t\t\t\t<div class=\"elementor-widget-container\">\n\t\t\t\t\t\t\t\t\t<p style=\"text-align: left;\"><strong>Kolsyremaskin<\/strong><br \/>Reng\u00f6r kolsyremaskinen med en fuktig trasa och milt reng\u00f6ringsmedel.<br \/><strong><br \/>PET flaska<br \/><\/strong>Reng\u00f6r flaskan f\u00f6r hand med ett milt reng\u00f6ringsmedel. Undvik att uts\u00e4tta flaskan f\u00f6r temperaturer under 4\u00b0C och \u00f6ver 40\u00b0C. Flaskan \u00e4r <strong>inte<\/strong> diskmaskinss\u00e4ker.<\/p><p><strong>Kolsyrer\u00f6r<\/strong><br \/>Kolsyrer\u00f6ret tas enkelt bort fr\u00e5n flaskan f\u00f6r reng\u00f6ring. Tills\u00e4tter du kolsyra till andra v\u00e4tskor \u00e4n vatten s\u00e5 b\u00f6r alltid kolsyrer\u00f6ret reng\u00f6ras efter\u00e5t f\u00f6r att s\u00e4kra funktionen och se till att v\u00e4tskan inte s\u00e4tter igen \u00f6vertrycksventilen. Kolsyrer\u00f6ret reng\u00f6rs med varmt vatten och milt diskmedel. Kolsyrer\u00f6ret \u00e4r <strong>inte<\/strong> diskmaskinss\u00e4ker.<\/p>\t\t\t\t\t\t\t\t<\/div>\n\t\t\t\t<\/div>\n\t\t\t\t\t<\/div>\n\t\t\t\t<\/div>\n\t\t\t\t\t<\/details>\n\t\t\t\t\t\t<details id=\"e-n-accordion-item-8455\" class=\"e-n-accordion-item\" >\n\t\t\t\t<summary class=\"e-n-accordion-item-title\" data-accordion-index=\"6\" tabindex=\"-1\" aria-expanded=\"false\" aria-controls=\"e-n-accordion-item-8455\" >\n\t\t\t\t\t<span class='e-n-accordion-item-title-header'><div class=\"e-n-accordion-item-title-text\"> Reservdelar <\/div><\/span>\n\t\t\t\t\t\t\t<span class='e-n-accordion-item-title-icon'>\n\t\t\t<span class='e-opened' ><i aria-hidden=\"true\" class=\"fas fa-minus\"><\/i><\/span>\n\t\t\t<span class='e-closed'><i aria-hidden=\"true\" class=\"fas fa-plus\"><\/i><\/span>\n\t\t<\/span>\n\n\t\t\t\t\t\t<\/summary>\n\t\t\t\t<div role=\"region\" aria-labelledby=\"e-n-accordion-item-8455\" class=\"elementor-element elementor-element-585df0c e-flex e-con-boxed e-con e-child\" data-id=\"585df0c\" data-element_type=\"container\" data-e-type=\"container\">\n\t\t\t\t\t<div class=\"e-con-inner\">\n\t\t\t\t<div class=\"elementor-element elementor-element-45894c6 elementor-widget elementor-widget-text-editor\" data-id=\"45894c6\" data-element_type=\"widget\" data-e-type=\"widget\" data-widget_type=\"text-editor.default\">\n\t\t\t\t<div class=\"elementor-widget-container\">\n\t\t\t\t\t\t\t\t\t<p>Beh\u00f6ver du ett extra kolsyrer\u00f6r till din bubliq kolsyremaskin?<\/p><p><a href=\"https:\/\/bubliq.com\/se\/produkt\/infuser-cap\/\">Kolsyrer\u00f6r - klicka h\u00e4r<\/a><\/p>\t\t\t\t\t\t\t\t<\/div>\n\t\t\t\t<\/div>\n\t\t\t\t\t<\/div>\n\t\t\t\t<\/div>\n\t\t\t\t\t<\/details>\n\t\t\t\t\t\t<details id=\"e-n-accordion-item-8456\" class=\"e-n-accordion-item\" >\n\t\t\t\t<summary class=\"e-n-accordion-item-title\" data-accordion-index=\"7\" tabindex=\"-1\" aria-expanded=\"false\" aria-controls=\"e-n-accordion-item-8456\" >\n\t\t\t\t\t<span class='e-n-accordion-item-title-header'><div class=\"e-n-accordion-item-title-text\"> Manual <\/div><\/span>\n\t\t\t\t\t\t\t<span class='e-n-accordion-item-title-icon'>\n\t\t\t<span class='e-opened' ><i aria-hidden=\"true\" class=\"fas fa-minus\"><\/i><\/span>\n\t\t\t<span class='e-closed'><i aria-hidden=\"true\" class=\"fas fa-plus\"><\/i><\/span>\n\t\t<\/span>\n\n\t\t\t\t\t\t<\/summary>\n\t\t\t\t<div role=\"region\" aria-labelledby=\"e-n-accordion-item-8456\" class=\"elementor-element elementor-element-a444fee e-flex e-con-boxed e-con e-child\" data-id=\"a444fee\" data-element_type=\"container\" data-e-type=\"container\">\n\t\t\t\t\t<div class=\"e-con-inner\">\n\t\t\t\t<div class=\"elementor-element elementor-element-245a24d elementor-widget elementor-widget-text-editor\" data-id=\"245a24d\" data-element_type=\"widget\" data-e-type=\"widget\" data-widget_type=\"text-editor.default\">\n\t\t\t\t<div class=\"elementor-widget-container\">\n\t\t\t\t\t\t\t\t\t<p>Du hittar manualen f\u00f6r bubliq drink carbonator <a href=\"https:\/\/bubliq.com\/wp-content\/uploads\/2025\/07\/User-Manual-bubliq-drink-carbonator-2025-Web.pdf\" target=\"_blank\" rel=\"noopener\">h\u00e4r.<\/a><\/p>\t\t\t\t\t\t\t\t<\/div>\n\t\t\t\t<\/div>\n\t\t\t\t\t<\/div>\n\t\t\t\t<\/div>\n\t\t\t\t\t<\/details>\n\t\t\t\t\t<\/div>\n\t\t\t\t\t\t<\/div>\n\t\t\t\t<\/div>\n\t\t\t\t<\/div>\n\t\t\t\t<\/div>\n\t\t\t\t<\/div>","protected":false},"excerpt":{"rendered":"<p><strong>En ny era av kolsyremaskiner<br \/>\n<\/strong>Gl\u00f6m dagarna med stora, klumpiga kolsyremaskiner som tar upp on\u00f6dig plats i k\u00f6ket. Vi presenterar v\u00e5r beige kolsyremaskin, varsamt skapad f\u00f6r att ge ditt k\u00f6k en varm och v\u00e4lkomnande atmosf\u00e4r. Med sina 8 cm i bredd och d\u00e4rmed v\u00e4rldens smalaste kolsyremaskin, passar den smidigt in i din k\u00f6ksinredning med en tidl\u00f6s och lugn beige nyans. Tack vare v\u00e5r patenterade Air-charge\u2122 teknologi, \u00e4r det enkelt att skapa dina drycker och ger dig m\u00f6jligheten att till och med tills\u00e4tta f\u00e4rska frukter i ditt vatten.<\/p>","protected":false},"featured_media":17447,"template":"","meta":[],"product_brand":[],"product_cat":[31],"product_tag":[21,20],"woo-feed-brand":[],"class_list":{"0":"post-16691","1":"product","2":"type-product","3":"status-publish","4":"has-post-thumbnail","6":"product_cat-sodavandsmaskiner","7":"product_tag-danskvandsmaskine","8":"product_tag-sodavandsmaskine","10":"first","11":"instock","12":"taxable","13":"shipping-taxable","14":"purchasable","15":"product-type-simple"},"_links":{"self":[{"href":"https:\/\/bubliq.com\/se\/wp-json\/wp\/v2\/product\/16691","targetHints":{"allow":["GET"]}}],"collection":[{"href":"https:\/\/bubliq.com\/se\/wp-json\/wp\/v2\/product"}],"about":[{"href":"https:\/\/bubliq.com\/se\/wp-json\/wp\/v2\/types\/product"}],"version-history":[{"count":86,"href":"https:\/\/bubliq.com\/se\/wp-json\/wp\/v2\/product\/16691\/revisions"}],"predecessor-version":[{"id":24603,"href":"https:\/\/bubliq.com\/se\/wp-json\/wp\/v2\/product\/16691\/revisions\/24603"}],"wp:featuredmedia":[{"embeddable":true,"href":"https:\/\/bubliq.com\/se\/wp-json\/wp\/v2\/media\/17447"}],"wp:attachment":[{"href":"https:\/\/bubliq.com\/se\/wp-json\/wp\/v2\/media?parent=16691"}],"wp:term":[{"taxonomy":"product_brand","embeddable":true,"href":"https:\/\/bubliq.com\/se\/wp-json\/wp\/v2\/product_brand?post=16691"},{"taxonomy":"product_cat","embeddable":true,"href":"https:\/\/bubliq.com\/se\/wp-json\/wp\/v2\/product_cat?post=16691"},{"taxonomy":"product_tag","embeddable":true,"href":"https:\/\/bubliq.com\/se\/wp-json\/wp\/v2\/product_tag?post=16691"},{"taxonomy":"woo-feed-brand","embeddable":true,"href":"https:\/\/bubliq.com\/se\/wp-json\/wp\/v2\/woo-feed-brand?post=16691"}],"curies":[{"name":"wp","href":"https:\/\/api.w.org\/{rel}","templated":true}]}}