{"id":16693,"date":"2024-01-17T10:59:23","date_gmt":"2024-01-17T08:59:23","guid":{"rendered":"https:\/\/bubliq.com\/?post_type=product&#038;p=16693"},"modified":"2026-03-25T21:11:25","modified_gmt":"2026-03-25T19:11:25","slug":"matgraa-flaske-til-bubliq-drink-carbonator","status":"publish","type":"product","link":"https:\/\/bubliq.com\/se\/produkt\/mattgraa-flaska-till-bubliq-drink-carbonator\/","title":{"rendered":"Mattgr\u00e5 flaska till bubliq drink carbonator"},"content":{"rendered":"<div data-elementor-type=\"product-post\" data-elementor-id=\"16693\" class=\"elementor elementor-16693\" data-elementor-post-type=\"product\">\n\t\t\t\t<div class=\"elementor-element elementor-element-be939e4 e-con-full e-flex e-con e-child\" data-id=\"be939e4\" data-element_type=\"container\" data-e-type=\"container\">\n\t\t<div class=\"elementor-element elementor-element-3fb3a16 e-con-full e-flex e-con e-child\" data-id=\"3fb3a16\" data-element_type=\"container\" data-e-type=\"container\">\n\t\t\t\t<div class=\"elementor-element elementor-element-2361095 elementor-widget elementor-widget-n-accordion\" data-id=\"2361095\" data-element_type=\"widget\" data-e-type=\"widget\" data-settings=\"{&quot;default_state&quot;:&quot;expanded&quot;,&quot;max_items_expended&quot;:&quot;one&quot;,&quot;n_accordion_animation_duration&quot;:{&quot;unit&quot;:&quot;ms&quot;,&quot;size&quot;:400,&quot;sizes&quot;:[]}}\" data-widget_type=\"nested-accordion.default\">\n\t\t\t\t<div class=\"elementor-widget-container\">\n\t\t\t\t\t\t\t<div class=\"e-n-accordion\" aria-label=\"Accordion. Open links with Enter or Space, close with Escape, and navigate with Arrow Keys\">\n\t\t\t\t\t\t<details id=\"e-n-accordion-item-3700\" class=\"e-n-accordion-item\" open>\n\t\t\t\t<summary class=\"e-n-accordion-item-title\" data-accordion-index=\"1\" tabindex=\"0\" aria-expanded=\"true\" aria-controls=\"e-n-accordion-item-3700\" >\n\t\t\t\t\t<span class='e-n-accordion-item-title-header'><div class=\"e-n-accordion-item-title-text\"> Produktbeskrivning <\/div><\/span>\n\t\t\t\t\t\t\t<span class='e-n-accordion-item-title-icon'>\n\t\t\t<span class='e-opened' ><i aria-hidden=\"true\" class=\"fas fa-minus\"><\/i><\/span>\n\t\t\t<span class='e-closed'><i aria-hidden=\"true\" class=\"fas fa-plus\"><\/i><\/span>\n\t\t<\/span>\n\n\t\t\t\t\t\t<\/summary>\n\t\t\t\t<div role=\"region\" aria-labelledby=\"e-n-accordion-item-3700\" class=\"elementor-element elementor-element-5199d58 e-con-full e-flex e-con e-child\" data-id=\"5199d58\" data-element_type=\"container\" data-e-type=\"container\">\n\t\t\t\t<div class=\"elementor-element elementor-element-325a530 elementor-widget elementor-widget-text-editor\" data-id=\"325a530\" data-element_type=\"widget\" data-e-type=\"widget\" data-widget_type=\"text-editor.default\">\n\t\t\t\t<div class=\"elementor-widget-container\">\n\t\t\t\t\t\t\t\t\t<p>Vill du inte bli utan din favorit dryck? D\u00e5 \u00e4r en extra flaska alltid bra att ha n\u00e4ra till hands. Flaskan inneh\u00e5ller upp till 800 ml och \u00e4r idealisk att ha liggande i kylen, f\u00e4rdig att kolsyra. Vi rekommenderar att du alltid h\u00e5ller dryckerna du vll kolsyra kalla, d\u00e5 detta f\u00f6rb\u00e4ttrar kolsyra upptagningen.<\/p><p>Flaskan har ett b\u00e4st f\u00f6re-datum 3 \u00e5r fram fr\u00e5n och med den dag du b\u00f6rjar anv\u00e4nda den. Detta \u00e4r inte uppm\u00e4rkt p\u00e5 flaskan. Vi r\u00e5der d\u00e4rf\u00f6r till att beh\u00e5lla kvittot eller skriva ner datumet du b\u00f6rjar anv\u00e4nda den i bruksanvisningen. Om flaskan upplevs h\u00e5rd, missf\u00e4rgad, sprucken eller deformerad, rekommenderar vi att omg\u00e5ende byta ut den.<\/p>\t\t\t\t\t\t\t\t<\/div>\n\t\t\t\t<\/div>\n\t\t\t\t<\/div>\n\t\t\t\t\t<\/details>\n\t\t\t\t\t\t<details id=\"e-n-accordion-item-3701\" class=\"e-n-accordion-item\" >\n\t\t\t\t<summary class=\"e-n-accordion-item-title\" data-accordion-index=\"2\" tabindex=\"-1\" aria-expanded=\"false\" aria-controls=\"e-n-accordion-item-3701\" >\n\t\t\t\t\t<span class='e-n-accordion-item-title-header'><div class=\"e-n-accordion-item-title-text\"> M\u00e5tt och material <\/div><\/span>\n\t\t\t\t\t\t\t<span class='e-n-accordion-item-title-icon'>\n\t\t\t<span class='e-opened' ><i aria-hidden=\"true\" class=\"fas fa-minus\"><\/i><\/span>\n\t\t\t<span class='e-closed'><i aria-hidden=\"true\" class=\"fas fa-plus\"><\/i><\/span>\n\t\t<\/span>\n\n\t\t\t\t\t\t<\/summary>\n\t\t\t\t<div role=\"region\" aria-labelledby=\"e-n-accordion-item-3701\" class=\"elementor-element elementor-element-350b305 e-flex e-con-boxed e-con e-child\" data-id=\"350b305\" data-element_type=\"container\" data-e-type=\"container\">\n\t\t\t\t\t<div class=\"e-con-inner\">\n\t\t\t\t<div class=\"elementor-element elementor-element-9025443 elementor-widget elementor-widget-text-editor\" data-id=\"9025443\" data-element_type=\"widget\" data-e-type=\"widget\" data-widget_type=\"text-editor.default\">\n\t\t\t\t<div class=\"elementor-widget-container\">\n\t\t\t\t\t\t\t\t\t<p style=\"text-align: left;\">Material: PET, 100% BPA-fri<br \/>Kapacitet: 800 ml.<br \/>M\u00e5tt inklusive locket: \u00a0<br \/>H\u00f6jd: 37,2 cm. <br \/>Diameter: 6,8 cm<\/p>\t\t\t\t\t\t\t\t<\/div>\n\t\t\t\t<\/div>\n\t\t\t\t\t<\/div>\n\t\t\t\t<\/div>\n\t\t\t\t\t<\/details>\n\t\t\t\t\t\t<details id=\"e-n-accordion-item-3702\" class=\"e-n-accordion-item\" >\n\t\t\t\t<summary class=\"e-n-accordion-item-title\" data-accordion-index=\"3\" tabindex=\"-1\" aria-expanded=\"false\" aria-controls=\"e-n-accordion-item-3702\" >\n\t\t\t\t\t<span class='e-n-accordion-item-title-header'><div class=\"e-n-accordion-item-title-text\"> Reng\u00f6ring och underh\u00e5ll <\/div><\/span>\n\t\t\t\t\t\t\t<span class='e-n-accordion-item-title-icon'>\n\t\t\t<span class='e-opened' ><i aria-hidden=\"true\" class=\"fas fa-minus\"><\/i><\/span>\n\t\t\t<span class='e-closed'><i aria-hidden=\"true\" class=\"fas fa-plus\"><\/i><\/span>\n\t\t<\/span>\n\n\t\t\t\t\t\t<\/summary>\n\t\t\t\t<div role=\"region\" aria-labelledby=\"e-n-accordion-item-3702\" class=\"elementor-element elementor-element-535004c e-flex e-con-boxed e-con e-child\" data-id=\"535004c\" data-element_type=\"container\" data-e-type=\"container\">\n\t\t\t\t\t<div class=\"e-con-inner\">\n\t\t\t\t<div class=\"elementor-element elementor-element-21096d0 elementor-widget elementor-widget-text-editor\" data-id=\"21096d0\" data-element_type=\"widget\" data-e-type=\"widget\" data-widget_type=\"text-editor.default\">\n\t\t\t\t<div class=\"elementor-widget-container\">\n\t\t\t\t\t\t\t\t\t<p>F\u00f6r optimalt underh\u00e5ll, rekommenderar vi att reng\u00f6ra flaskan med ett milt diskmedel och ljummet vatten. Om en mer grundlig reng\u00f6ring \u00e4r n\u00f6dv\u00e4ndig, kan en flaskborste anv\u00e4ndas. Undvik att uts\u00e4tta flaskan f\u00f6r temperaturer under +4\u00b0C eller \u00f6ver +40\u00b0C. Observera att flaskan <strong>inte<\/strong> diskmaskinss\u00e4ker.<\/p>\t\t\t\t\t\t\t\t<\/div>\n\t\t\t\t<\/div>\n\t\t\t\t\t<\/div>\n\t\t\t\t<\/div>\n\t\t\t\t\t<\/details>\n\t\t\t\t\t<\/div>\n\t\t\t\t\t\t<\/div>\n\t\t\t\t<\/div>\n\t\t\t\t<\/div>\n\t\t\t\t<\/div>\n\t\t\t\t<\/div>","protected":false},"excerpt":{"rendered":"<p>\u00c4r du ute efter en extra flaska f\u00f6r din bubliq kolsyremaskin? Denna 800 ml flaska \u00e4r perfekt f\u00f6r att f\u00f6rvara dina favoritdrycker i och ryms enkelt i kylen, s\u00e5 att du alltid har dryck att fylla p\u00e5 ditt glas. Flaskan \u00e4r tillverkad av PET som \u00e4r fri fr\u00e5n BPA och ftalater och kommer med ett standard lock f\u00f6r din bekv\u00e4mlighet.<\/p>","protected":false},"featured_media":17448,"template":"","meta":[],"product_brand":[],"product_cat":[117],"product_tag":[],"woo-feed-brand":[],"class_list":{"0":"post-16693","1":"product","2":"type-product","3":"status-publish","4":"has-post-thumbnail","6":"product_cat-tilbehoer","8":"first","9":"outofstock","10":"taxable","11":"shipping-taxable","12":"purchasable","13":"product-type-simple"},"_links":{"self":[{"href":"https:\/\/bubliq.com\/se\/wp-json\/wp\/v2\/product\/16693","targetHints":{"allow":["GET"]}}],"collection":[{"href":"https:\/\/bubliq.com\/se\/wp-json\/wp\/v2\/product"}],"about":[{"href":"https:\/\/bubliq.com\/se\/wp-json\/wp\/v2\/types\/product"}],"version-history":[{"count":28,"href":"https:\/\/bubliq.com\/se\/wp-json\/wp\/v2\/product\/16693\/revisions"}],"predecessor-version":[{"id":22874,"href":"https:\/\/bubliq.com\/se\/wp-json\/wp\/v2\/product\/16693\/revisions\/22874"}],"wp:featuredmedia":[{"embeddable":true,"href":"https:\/\/bubliq.com\/se\/wp-json\/wp\/v2\/media\/17448"}],"wp:attachment":[{"href":"https:\/\/bubliq.com\/se\/wp-json\/wp\/v2\/media?parent=16693"}],"wp:term":[{"taxonomy":"product_brand","embeddable":true,"href":"https:\/\/bubliq.com\/se\/wp-json\/wp\/v2\/product_brand?post=16693"},{"taxonomy":"product_cat","embeddable":true,"href":"https:\/\/bubliq.com\/se\/wp-json\/wp\/v2\/product_cat?post=16693"},{"taxonomy":"product_tag","embeddable":true,"href":"https:\/\/bubliq.com\/se\/wp-json\/wp\/v2\/product_tag?post=16693"},{"taxonomy":"woo-feed-brand","embeddable":true,"href":"https:\/\/bubliq.com\/se\/wp-json\/wp\/v2\/woo-feed-brand?post=16693"}],"curies":[{"name":"wp","href":"https:\/\/api.w.org\/{rel}","templated":true}]}}