{"id":18582,"date":"2024-03-19T14:58:50","date_gmt":"2024-03-19T12:58:50","guid":{"rendered":"https:\/\/bubliq.com\/?post_type=product&#038;p=18582"},"modified":"2026-04-08T09:43:05","modified_gmt":"2026-04-08T07:43:05","slug":"ombytning-3-x-kulsyrepatroner-450-g","status":"publish","type":"product","link":"https:\/\/bubliq.com\/se\/produkt\/paafyllning-3-x-kolsyrepatron-450g\/","title":{"rendered":"P\u00e5fyllning 3 x kolsyrepatron 450g"},"content":{"rendered":"<div data-elementor-type=\"product-post\" data-elementor-id=\"18582\" class=\"elementor elementor-18582\" data-elementor-post-type=\"product\">\n\t\t\t\t<div class=\"elementor-element elementor-element-0fb10e9 e-con-full e-flex e-con e-child\" data-id=\"0fb10e9\" data-element_type=\"container\" data-e-type=\"container\">\n\t\t<div class=\"elementor-element elementor-element-c690b08 e-con-full e-flex e-con e-child\" data-id=\"c690b08\" data-element_type=\"container\" data-e-type=\"container\">\n\t\t\t\t<div class=\"elementor-element elementor-element-8eba57a elementor-widget elementor-widget-n-accordion\" data-id=\"8eba57a\" data-element_type=\"widget\" data-e-type=\"widget\" data-settings=\"{&quot;default_state&quot;:&quot;expanded&quot;,&quot;max_items_expended&quot;:&quot;one&quot;,&quot;n_accordion_animation_duration&quot;:{&quot;unit&quot;:&quot;ms&quot;,&quot;size&quot;:400,&quot;sizes&quot;:[]}}\" data-widget_type=\"nested-accordion.default\">\n\t\t\t\t<div class=\"elementor-widget-container\">\n\t\t\t\t\t\t\t<div class=\"e-n-accordion\" aria-label=\"Accordion. Open links with Enter or Space, close with Escape, and navigate with Arrow Keys\">\n\t\t\t\t\t\t<details id=\"e-n-accordion-item-1490\" class=\"e-n-accordion-item\" open>\n\t\t\t\t<summary class=\"e-n-accordion-item-title\" data-accordion-index=\"1\" tabindex=\"0\" aria-expanded=\"true\" aria-controls=\"e-n-accordion-item-1490\" >\n\t\t\t\t\t<span class='e-n-accordion-item-title-header'><div class=\"e-n-accordion-item-title-text\"> Produktbeskrivning <\/div><\/span>\n\t\t\t\t\t\t\t<span class='e-n-accordion-item-title-icon'>\n\t\t\t<span class='e-opened' ><i aria-hidden=\"true\" class=\"fas fa-minus\"><\/i><\/span>\n\t\t\t<span class='e-closed'><i aria-hidden=\"true\" class=\"fas fa-plus\"><\/i><\/span>\n\t\t<\/span>\n\n\t\t\t\t\t\t<\/summary>\n\t\t\t\t<div role=\"region\" aria-labelledby=\"e-n-accordion-item-1490\" class=\"elementor-element elementor-element-e9babc5 e-con-full e-flex e-con e-child\" data-id=\"e9babc5\" data-element_type=\"container\" data-e-type=\"container\">\n\t\t<div role=\"region\" aria-labelledby=\"e-n-accordion-item-1490\" class=\"elementor-element elementor-element-ef802db e-con-full e-flex e-con e-child\" data-id=\"ef802db\" data-element_type=\"container\" data-e-type=\"container\">\n\t\t\t\t<div class=\"elementor-element elementor-element-4cedd38 elementor-widget elementor-widget-text-editor\" data-id=\"4cedd38\" data-element_type=\"widget\" data-e-type=\"widget\" data-widget_type=\"text-editor.default\">\n\t\t\t\t<div class=\"elementor-widget-container\">\n\t\t\t\t\t\t\t\t\t<p>I v\u00e5rt utbytespaket f\u00e5r du 3x nya bubliq kolsyrepatroner.<\/p><p>F\u00f6r att kunna best\u00e4lla utbytespaketet, kr\u00e4vs det att du har 3 tomma kolsyrepatroner, som du \u00f6nskar att byta ut.<\/p>\t\t\t\t\t\t\t\t<\/div>\n\t\t\t\t<\/div>\n\t\t\t\t<\/div>\n\t\t<div role=\"region\" aria-labelledby=\"e-n-accordion-item-1490\" class=\"elementor-element elementor-element-9ad0b9b e-con-full e-flex e-con e-child\" data-id=\"9ad0b9b\" data-element_type=\"container\" data-e-type=\"container\">\n\t\t\t\t<div class=\"elementor-element elementor-element-10693a7 elementor-widget elementor-widget-heading\" data-id=\"10693a7\" data-element_type=\"widget\" data-e-type=\"widget\" data-widget_type=\"heading.default\">\n\t\t\t\t<div class=\"elementor-widget-container\">\n\t\t\t\t\t<h2 class=\"elementor-heading-title elementor-size-default\">S\u00e5h\u00e4r g\u00f6r du<\/h2>\t\t\t\t<\/div>\n\t\t\t\t<\/div>\n\t\t\t\t<\/div>\n\t\t<div role=\"region\" aria-labelledby=\"e-n-accordion-item-1490\" class=\"elementor-element elementor-element-42da06b e-con-full e-flex e-con e-child\" data-id=\"42da06b\" data-element_type=\"container\" data-e-type=\"container\">\n\t\t\t\t<div class=\"elementor-element elementor-element-2f6b4a5 elementor-position-top elementor-position-top elementor-widget elementor-widget-image-box\" data-id=\"2f6b4a5\" data-element_type=\"widget\" data-e-type=\"widget\" data-widget_type=\"image-box.default\">\n\t\t\t\t<div class=\"elementor-widget-container\">\n\t\t\t\t\t<div class=\"elementor-image-box-wrapper\"><figure class=\"elementor-image-box-img\"><img fetchpriority=\"high\" decoding=\"async\" width=\"300\" height=\"300\" src=\"https:\/\/bubliq.com\/wp-content\/uploads\/2024\/03\/Kulsyrepatron-ombytning-step-1-billig-kulsyrepatron-ombytningsservice-hos-bubliq-300x300.png\" class=\"attachment-medium size-medium wp-image-26090\" alt=\"\" srcset=\"https:\/\/bubliq.com\/wp-content\/uploads\/2024\/03\/Kulsyrepatron-ombytning-step-1-billig-kulsyrepatron-ombytningsservice-hos-bubliq-300x300.png 300w, https:\/\/bubliq.com\/wp-content\/uploads\/2024\/03\/Kulsyrepatron-ombytning-step-1-billig-kulsyrepatron-ombytningsservice-hos-bubliq-150x150.png 150w, https:\/\/bubliq.com\/wp-content\/uploads\/2024\/03\/Kulsyrepatron-ombytning-step-1-billig-kulsyrepatron-ombytningsservice-hos-bubliq-12x12.png 12w, https:\/\/bubliq.com\/wp-content\/uploads\/2024\/03\/Kulsyrepatron-ombytning-step-1-billig-kulsyrepatron-ombytningsservice-hos-bubliq-328x328.png 328w, https:\/\/bubliq.com\/wp-content\/uploads\/2024\/03\/Kulsyrepatron-ombytning-step-1-billig-kulsyrepatron-ombytningsservice-hos-bubliq-100x100.png 100w, https:\/\/bubliq.com\/wp-content\/uploads\/2024\/03\/Kulsyrepatron-ombytning-step-1-billig-kulsyrepatron-ombytningsservice-hos-bubliq.png 417w\" sizes=\"(max-width: 300px) 100vw, 300px\" \/><\/figure><div class=\"elementor-image-box-content\"><h3 class=\"elementor-image-box-title\">Step 1<\/h3><p class=\"elementor-image-box-description\">Best\u00e4ll p\u00e5fyllnadspaketet h\u00e4r p\u00e5 sidan.<\/p><\/div><\/div>\t\t\t\t<\/div>\n\t\t\t\t<\/div>\n\t\t\t\t<\/div>\n\t\t<div role=\"region\" aria-labelledby=\"e-n-accordion-item-1490\" class=\"elementor-element elementor-element-9126528 e-con-full e-flex e-con e-child\" data-id=\"9126528\" data-element_type=\"container\" data-e-type=\"container\">\n\t\t\t\t<div class=\"elementor-element elementor-element-630a470 elementor-position-top elementor-widget elementor-widget-image-box\" data-id=\"630a470\" data-element_type=\"widget\" data-e-type=\"widget\" data-widget_type=\"image-box.default\">\n\t\t\t\t<div class=\"elementor-widget-container\">\n\t\t\t\t\t<div class=\"elementor-image-box-wrapper\"><figure class=\"elementor-image-box-img\"><img decoding=\"async\" width=\"300\" height=\"300\" src=\"https:\/\/bubliq.com\/wp-content\/uploads\/2024\/03\/Kulsyrepatron-ombytning-bubliq-ombyt-din-kulsyrepatron-billig-opfyldning-300x300.png\" class=\"attachment-medium size-medium wp-image-26065\" alt=\"kulsyrepatron ombytning er nemt og billigt hos bubliq\" srcset=\"https:\/\/bubliq.com\/wp-content\/uploads\/2024\/03\/Kulsyrepatron-ombytning-bubliq-ombyt-din-kulsyrepatron-billig-opfyldning-300x300.png 300w, https:\/\/bubliq.com\/wp-content\/uploads\/2024\/03\/Kulsyrepatron-ombytning-bubliq-ombyt-din-kulsyrepatron-billig-opfyldning-150x150.png 150w, https:\/\/bubliq.com\/wp-content\/uploads\/2024\/03\/Kulsyrepatron-ombytning-bubliq-ombyt-din-kulsyrepatron-billig-opfyldning-12x12.png 12w, https:\/\/bubliq.com\/wp-content\/uploads\/2024\/03\/Kulsyrepatron-ombytning-bubliq-ombyt-din-kulsyrepatron-billig-opfyldning-328x328.png 328w, https:\/\/bubliq.com\/wp-content\/uploads\/2024\/03\/Kulsyrepatron-ombytning-bubliq-ombyt-din-kulsyrepatron-billig-opfyldning-100x100.png 100w, https:\/\/bubliq.com\/wp-content\/uploads\/2024\/03\/Kulsyrepatron-ombytning-bubliq-ombyt-din-kulsyrepatron-billig-opfyldning.png 418w\" sizes=\"(max-width: 300px) 100vw, 300px\" \/><\/figure><div class=\"elementor-image-box-content\"><h3 class=\"elementor-image-box-title\">Step 2<\/h3><p class=\"elementor-image-box-description\">Efter du mottagit dina nya patroner, l\u00e4gger du dina tomma kolsyrepatroner i samma paket.<\/p><\/div><\/div>\t\t\t\t<\/div>\n\t\t\t\t<\/div>\n\t\t\t\t<\/div>\n\t\t<div role=\"region\" aria-labelledby=\"e-n-accordion-item-1490\" class=\"elementor-element elementor-element-38bc217 e-con-full e-flex e-con e-child\" data-id=\"38bc217\" data-element_type=\"container\" data-e-type=\"container\">\n\t\t\t\t<div class=\"elementor-element elementor-element-cd17ab1 elementor-position-top elementor-widget elementor-widget-image-box\" data-id=\"cd17ab1\" data-element_type=\"widget\" data-e-type=\"widget\" data-widget_type=\"image-box.default\">\n\t\t\t\t<div class=\"elementor-widget-container\">\n\t\t\t\t\t<div class=\"elementor-image-box-wrapper\"><figure class=\"elementor-image-box-img\"><img decoding=\"async\" width=\"300\" height=\"300\" src=\"https:\/\/bubliq.com\/wp-content\/uploads\/2024\/03\/bubliq-kulsyrepatron-ombytning-bubliq-step-3.-send-retur-til-bubliq-300x300.png\" class=\"attachment-medium size-medium wp-image-26098\" alt=\"\" srcset=\"https:\/\/bubliq.com\/wp-content\/uploads\/2024\/03\/bubliq-kulsyrepatron-ombytning-bubliq-step-3.-send-retur-til-bubliq-300x300.png 300w, https:\/\/bubliq.com\/wp-content\/uploads\/2024\/03\/bubliq-kulsyrepatron-ombytning-bubliq-step-3.-send-retur-til-bubliq-150x150.png 150w, https:\/\/bubliq.com\/wp-content\/uploads\/2024\/03\/bubliq-kulsyrepatron-ombytning-bubliq-step-3.-send-retur-til-bubliq-12x12.png 12w, https:\/\/bubliq.com\/wp-content\/uploads\/2024\/03\/bubliq-kulsyrepatron-ombytning-bubliq-step-3.-send-retur-til-bubliq-328x328.png 328w, https:\/\/bubliq.com\/wp-content\/uploads\/2024\/03\/bubliq-kulsyrepatron-ombytning-bubliq-step-3.-send-retur-til-bubliq-100x100.png 100w, https:\/\/bubliq.com\/wp-content\/uploads\/2024\/03\/bubliq-kulsyrepatron-ombytning-bubliq-step-3.-send-retur-til-bubliq.png 418w\" sizes=\"(max-width: 300px) 100vw, 300px\" \/><\/figure><div class=\"elementor-image-box-content\"><h3 class=\"elementor-image-box-title\">Step 3<\/h3><p class=\"elementor-image-box-description\">F\u00e4st den medf\u00f6ljande returettiketen p\u00e5 ditt paket, och l\u00e4mna in det p\u00e5 n\u00e4rmsta postst\u00e4lle.<\/p><\/div><\/div>\t\t\t\t<\/div>\n\t\t\t\t<\/div>\n\t\t\t\t<\/div>\n\t\t<div role=\"region\" aria-labelledby=\"e-n-accordion-item-1490\" class=\"elementor-element elementor-element-08fd032 e-con-full e-flex e-con e-child\" data-id=\"08fd032\" data-element_type=\"container\" data-e-type=\"container\">\n\t\t\t\t<div class=\"elementor-element elementor-element-12185ad elementor-position-top elementor-widget elementor-widget-image-box\" data-id=\"12185ad\" data-element_type=\"widget\" data-e-type=\"widget\" data-widget_type=\"image-box.default\">\n\t\t\t\t<div class=\"elementor-widget-container\">\n\t\t\t\t\t<div class=\"elementor-image-box-wrapper\"><figure class=\"elementor-image-box-img\"><img loading=\"lazy\" decoding=\"async\" width=\"300\" height=\"300\" src=\"https:\/\/bubliq.com\/wp-content\/uploads\/2024\/03\/Kulsyrepatron-ombytning-step-4-returner-inden-14-dage-300x300.png\" class=\"attachment-medium size-medium wp-image-26094\" alt=\"\" srcset=\"https:\/\/bubliq.com\/wp-content\/uploads\/2024\/03\/Kulsyrepatron-ombytning-step-4-returner-inden-14-dage-300x300.png 300w, https:\/\/bubliq.com\/wp-content\/uploads\/2024\/03\/Kulsyrepatron-ombytning-step-4-returner-inden-14-dage-150x150.png 150w, https:\/\/bubliq.com\/wp-content\/uploads\/2024\/03\/Kulsyrepatron-ombytning-step-4-returner-inden-14-dage-12x12.png 12w, https:\/\/bubliq.com\/wp-content\/uploads\/2024\/03\/Kulsyrepatron-ombytning-step-4-returner-inden-14-dage-328x328.png 328w, https:\/\/bubliq.com\/wp-content\/uploads\/2024\/03\/Kulsyrepatron-ombytning-step-4-returner-inden-14-dage-100x100.png 100w, https:\/\/bubliq.com\/wp-content\/uploads\/2024\/03\/Kulsyrepatron-ombytning-step-4-returner-inden-14-dage.png 418w\" sizes=\"(max-width: 300px) 100vw, 300px\" \/><\/figure><div class=\"elementor-image-box-content\"><h3 class=\"elementor-image-box-title\">Step 4<\/h3><p class=\"elementor-image-box-description\">Efter du mottagit ditt p\u00e5fyllandspaket, har du 14 dagar p\u00e5 dig att returnera dina tomma kolsyrepatroner.<\/p><\/div><\/div>\t\t\t\t<\/div>\n\t\t\t\t<\/div>\n\t\t\t\t<\/div>\n\t\t<div role=\"region\" aria-labelledby=\"e-n-accordion-item-1490\" class=\"elementor-element elementor-element-895fe99 e-con-full e-flex e-con e-child\" data-id=\"895fe99\" data-element_type=\"container\" data-e-type=\"container\">\n\t\t\t\t<div class=\"elementor-element elementor-element-79c8240 elementor-widget elementor-widget-text-editor\" data-id=\"79c8240\" data-element_type=\"widget\" data-e-type=\"widget\" data-widget_type=\"text-editor.default\">\n\t\t\t\t<div class=\"elementor-widget-container\">\n\t\t\t\t\t\t\t\t\t<p><strong>Deposition<br \/><\/strong>Vi reserverar 450,00 kr i deposition p\u00e5 ditt betalningskort, som blir annulerat n\u00e4r vi mottagit dina tomma kolsyrepatroner. I det fall du inte returnerar de tomma kolsyrepatronerna inom 14 dagar, beh\u00e5ller vi depositionen.<\/p>\t\t\t\t\t\t\t\t<\/div>\n\t\t\t\t<\/div>\n\t\t\t\t<\/div>\n\t\t\t\t<\/div>\n\t\t\t\t\t<\/details>\n\t\t\t\t\t\t<details id=\"e-n-accordion-item-1491\" class=\"e-n-accordion-item\" >\n\t\t\t\t<summary class=\"e-n-accordion-item-title\" data-accordion-index=\"2\" tabindex=\"-1\" aria-expanded=\"false\" aria-controls=\"e-n-accordion-item-1491\" >\n\t\t\t\t\t<span class='e-n-accordion-item-title-header'><div class=\"e-n-accordion-item-title-text\"> Kompatibilitet <\/div><\/span>\n\t\t\t\t\t\t\t<span class='e-n-accordion-item-title-icon'>\n\t\t\t<span class='e-opened' ><i aria-hidden=\"true\" class=\"fas fa-minus\"><\/i><\/span>\n\t\t\t<span class='e-closed'><i aria-hidden=\"true\" class=\"fas fa-plus\"><\/i><\/span>\n\t\t<\/span>\n\n\t\t\t\t\t\t<\/summary>\n\t\t\t\t<div role=\"region\" aria-labelledby=\"e-n-accordion-item-1491\" class=\"elementor-element elementor-element-f973897 e-con-full e-flex e-con e-child\" data-id=\"f973897\" data-element_type=\"container\" data-e-type=\"container\">\n\t\t\t\t<div class=\"elementor-element elementor-element-afdc0ab elementor-position-right elementor-vertical-align-top elementor-widget elementor-widget-image-box\" data-id=\"afdc0ab\" data-element_type=\"widget\" data-e-type=\"widget\" data-widget_type=\"image-box.default\">\n\t\t\t\t<div class=\"elementor-widget-container\">\n\t\t\t\t\t<div class=\"elementor-image-box-wrapper\"><figure class=\"elementor-image-box-img\"><img loading=\"lazy\" decoding=\"async\" width=\"150\" height=\"150\" src=\"https:\/\/bubliq.com\/wp-content\/uploads\/2024\/02\/Valve-for-website-150px.png\" class=\"attachment-full size-full wp-image-16935\" alt=\"\" srcset=\"https:\/\/bubliq.com\/wp-content\/uploads\/2024\/02\/Valve-for-website-150px.png 150w, https:\/\/bubliq.com\/wp-content\/uploads\/2024\/02\/Valve-for-website-150px-12x12.png 12w, https:\/\/bubliq.com\/wp-content\/uploads\/2024\/02\/Valve-for-website-150px-100x100.png 100w\" sizes=\"(max-width: 150px) 100vw, 150px\" \/><\/figure><div class=\"elementor-image-box-content\"><p class=\"elementor-image-box-description\">Tack vare den universella skruvg\u00e4ngan p\u00e5 bubliqs kolsyrepatroner, \u00e4r de kompatibla med alla kolsyremaskiner, f\u00f6rutom Sodastreams modeller med Quick Connect.\n<br><br>\n<b>OBS!<\/b>\nObservera att v\u00e5ra kolsyrepatroner inte passar kylsk\u00e5p eller kranar som Grohe, Quooker etc.<\/p><\/div><\/div>\t\t\t\t<\/div>\n\t\t\t\t<\/div>\n\t\t\t\t<\/div>\n\t\t\t\t\t<\/details>\n\t\t\t\t\t\t<details id=\"e-n-accordion-item-1492\" class=\"e-n-accordion-item\" >\n\t\t\t\t<summary class=\"e-n-accordion-item-title\" data-accordion-index=\"3\" tabindex=\"-1\" aria-expanded=\"false\" aria-controls=\"e-n-accordion-item-1492\" >\n\t\t\t\t\t<span class='e-n-accordion-item-title-header'><div class=\"e-n-accordion-item-title-text\"> Kolsyrepatron p\u00e5fyllning <\/div><\/span>\n\t\t\t\t\t\t\t<span class='e-n-accordion-item-title-icon'>\n\t\t\t<span class='e-opened' ><i aria-hidden=\"true\" class=\"fas fa-minus\"><\/i><\/span>\n\t\t\t<span class='e-closed'><i aria-hidden=\"true\" class=\"fas fa-plus\"><\/i><\/span>\n\t\t<\/span>\n\n\t\t\t\t\t\t<\/summary>\n\t\t\t\t<div role=\"region\" aria-labelledby=\"e-n-accordion-item-1492\" class=\"elementor-element elementor-element-3d5d6e1 e-flex e-con-boxed e-con e-child\" data-id=\"3d5d6e1\" data-element_type=\"container\" data-e-type=\"container\">\n\t\t\t\t\t<div class=\"e-con-inner\">\n\t\t\t\t<div class=\"elementor-element elementor-element-e2e9022 elementor-widget elementor-widget-text-editor\" data-id=\"e2e9022\" data-element_type=\"widget\" data-e-type=\"widget\" data-widget_type=\"text-editor.default\">\n\t\t\t\t<div class=\"elementor-widget-container\">\n\t\t\t\t\t\t\t\t\t<p class=\"translation-block\"><b>Online<\/b><br>\nOm du \u00e4r ute efter att byta ut din kolsyrepatron utan kr\u00e5ngel, s\u00e5 kan du bekv\u00e4mt anv\u00e4nda v\u00e5r utbytesservice online <a href=\"https:\/\/bubliq.com\/se\/kolsyrepatron-paafyllning\/\" target=\"_self\">h\u00e4r<\/a>.\n<br><br>\n<b>Byte till andra m\u00e4rken<\/b><br>\nOm du d\u00e4remot funderar p\u00e5 att byta till andra varum\u00e4rken, rekommenderar vi att du kontrollerar med den specifika \u00e5terf\u00f6rs\u00e4ljaren f\u00f6r att s\u00e4kerst\u00e4lla att den \u00e4r kompatibel med bubliq.<\/p>\t\t\t\t\t\t\t\t<\/div>\n\t\t\t\t<\/div>\n\t\t\t\t\t<\/div>\n\t\t\t\t<\/div>\n\t\t\t\t\t<\/details>\n\t\t\t\t\t\t<details id=\"e-n-accordion-item-1493\" class=\"e-n-accordion-item\" >\n\t\t\t\t<summary class=\"e-n-accordion-item-title\" data-accordion-index=\"4\" tabindex=\"-1\" aria-expanded=\"false\" aria-controls=\"e-n-accordion-item-1493\" >\n\t\t\t\t\t<span class='e-n-accordion-item-title-header'><div class=\"e-n-accordion-item-title-text\"> Material &amp; m\u00e5tt <\/div><\/span>\n\t\t\t\t\t\t\t<span class='e-n-accordion-item-title-icon'>\n\t\t\t<span class='e-opened' ><i aria-hidden=\"true\" class=\"fas fa-minus\"><\/i><\/span>\n\t\t\t<span class='e-closed'><i aria-hidden=\"true\" class=\"fas fa-plus\"><\/i><\/span>\n\t\t<\/span>\n\n\t\t\t\t\t\t<\/summary>\n\t\t\t\t<div role=\"region\" aria-labelledby=\"e-n-accordion-item-1493\" class=\"elementor-element elementor-element-db75dd0 e-con-full e-flex e-con e-child\" data-id=\"db75dd0\" data-element_type=\"container\" data-e-type=\"container\">\n\t\t\t\t<div class=\"elementor-element elementor-element-4acadab elementor-widget elementor-widget-text-editor\" data-id=\"4acadab\" data-element_type=\"widget\" data-e-type=\"widget\" data-widget_type=\"text-editor.default\">\n\t\t\t\t<div class=\"elementor-widget-container\">\n\t\t\t\t\t\t\t\t\t<p>Kolsyrepatron material: 100% Aluminium<br \/>Inneh\u00e5ll: 450 g livsmedelsklassad koldioxid fr\u00e5n f\u00f6rnybara k\u00e4llor i Europa<br \/>M\u00e5tt: 36 x 6 cm (h\u00f6jd x diameter)<\/p>\t\t\t\t\t\t\t\t<\/div>\n\t\t\t\t<\/div>\n\t\t\t\t<\/div>\n\t\t\t\t\t<\/details>\n\t\t\t\t\t\t<details id=\"e-n-accordion-item-1494\" class=\"e-n-accordion-item\" >\n\t\t\t\t<summary class=\"e-n-accordion-item-title\" data-accordion-index=\"5\" tabindex=\"-1\" aria-expanded=\"false\" aria-controls=\"e-n-accordion-item-1494\" >\n\t\t\t\t\t<span class='e-n-accordion-item-title-header'><div class=\"e-n-accordion-item-title-text\"> Godk\u00e4nnande <\/div><\/span>\n\t\t\t\t\t\t\t<span class='e-n-accordion-item-title-icon'>\n\t\t\t<span class='e-opened' ><i aria-hidden=\"true\" class=\"fas fa-minus\"><\/i><\/span>\n\t\t\t<span class='e-closed'><i aria-hidden=\"true\" class=\"fas fa-plus\"><\/i><\/span>\n\t\t<\/span>\n\n\t\t\t\t\t\t<\/summary>\n\t\t\t\t<div role=\"region\" aria-labelledby=\"e-n-accordion-item-1494\" class=\"elementor-element elementor-element-ed1e825 e-flex e-con-boxed e-con e-child\" data-id=\"ed1e825\" data-element_type=\"container\" data-e-type=\"container\">\n\t\t\t\t\t<div class=\"e-con-inner\">\n\t\t\t\t<div class=\"elementor-element elementor-element-4811116 elementor-widget elementor-widget-text-editor\" data-id=\"4811116\" data-element_type=\"widget\" data-e-type=\"widget\" data-widget_type=\"text-editor.default\">\n\t\t\t\t<div class=\"elementor-widget-container\">\n\t\t\t\t\t\t\t\t\t<p style=\"text-align: left;\">K\u00e4nn dig trygg med bubliqs engagemang f\u00f6r kvalitet- v\u00e5ra CO2-patroner har erh\u00e5llit godk\u00e4nnande fr\u00e5n T\u00dcV, vilket visar att vi uppn\u00e5r de strikta renhetskrav som EU och JECFA st\u00e4ller f\u00f6r livsmedelstillsatser.<\/p>\t\t\t\t\t\t\t\t<\/div>\n\t\t\t\t<\/div>\n\t\t\t\t\t<\/div>\n\t\t\t\t<\/div>\n\t\t\t\t\t<\/details>\n\t\t\t\t\t\t<details id=\"e-n-accordion-item-1495\" class=\"e-n-accordion-item\" >\n\t\t\t\t<summary class=\"e-n-accordion-item-title\" data-accordion-index=\"6\" tabindex=\"-1\" aria-expanded=\"false\" aria-controls=\"e-n-accordion-item-1495\" >\n\t\t\t\t\t<span class='e-n-accordion-item-title-header'><div class=\"e-n-accordion-item-title-text\"> S\u00e4kerhetsinstruktioner <\/div><\/span>\n\t\t\t\t\t\t\t<span class='e-n-accordion-item-title-icon'>\n\t\t\t<span class='e-opened' ><i aria-hidden=\"true\" class=\"fas fa-minus\"><\/i><\/span>\n\t\t\t<span class='e-closed'><i aria-hidden=\"true\" class=\"fas fa-plus\"><\/i><\/span>\n\t\t<\/span>\n\n\t\t\t\t\t\t<\/summary>\n\t\t\t\t<div role=\"region\" aria-labelledby=\"e-n-accordion-item-1495\" class=\"elementor-element elementor-element-15149ca e-flex e-con-boxed e-con e-child\" data-id=\"15149ca\" data-element_type=\"container\" data-e-type=\"container\">\n\t\t\t\t\t<div class=\"e-con-inner\">\n\t\t\t\t<div class=\"elementor-element elementor-element-7d37863 elementor-widget elementor-widget-text-editor\" data-id=\"7d37863\" data-element_type=\"widget\" data-e-type=\"widget\" data-widget_type=\"text-editor.default\">\n\t\t\t\t<div class=\"elementor-widget-container\">\n\t\t\t\t\t\t\t\t\t<ul><li>Hantera CO2-patronen f\u00f6rsiktigt<\/li><li>F\u00f6rvara CO2-patronen i rumstemperatur och aldrig i direkt solljus<\/li><li>Ta bort CO2-patronen fr\u00e5n kolsyremaskinen under transport<\/li><li>L\u00e5t aldrig barn hantera CO2-patronen utan \u00f6vervakning<\/li><li>Flytta CO2-patronen till en s\u00e4ker plats vid brand.<\/li><\/ul><p>\u00a0<\/p>\t\t\t\t\t\t\t\t<\/div>\n\t\t\t\t<\/div>\n\t\t\t\t\t<\/div>\n\t\t\t\t<\/div>\n\t\t\t\t\t<\/details>\n\t\t\t\t\t<\/div>\n\t\t\t\t\t\t<\/div>\n\t\t\t\t<\/div>\n\t\t\t\t<\/div>\n\t\t\t\t<\/div>\n\t\t\t\t<\/div>","protected":false},"excerpt":{"rendered":"<p>I v\u00e5rt paket med p\u00e5fyllnad f\u00f6r kolsyrepatroner, f\u00e5r du 3 nya bubliq kolsyrepatroner som inneh\u00e5ller 100% f\u00f6rnybar CO2. I paketet ing\u00e5r ocks\u00e5 en retursedel f\u00f6r dina tomma cylindrar. F\u00f6r att kunna best\u00e4lla detta paket, beh\u00f6ver du ha 3 tomma kolsyrepatroner redo f\u00f6r att bytas ut.<\/p>\n<p><strong>S\u00e5h\u00e4r g\u00f6r du<\/strong><\/p>\n<ol>\n<li>N\u00e4r du har tagit emot dina nya kolsyrepatroner, packa ner de tomma CO2 patronerna i den medf\u00f6ljande f\u00f6rpackningen.<\/li>\n<li>F\u00e4st returetiketten och l\u00e4mna sedan in paketet p\u00e5 ditt n\u00e4rmaste postst\u00e4lle.<\/li>\n<li>Retunera de tomma kolsyrepatronerna senast 14 dagar efter att du mottagit dina nya patroner.<\/li>\n<\/ol>\n<p>Vi reserverar en deposition p\u00e5 ditt betalkort, i h\u00e4ndelse av att de tomma patronerna inte retuneras.<\/p>\n<hr \/>\n<p><strong>Pris<br \/>\n<\/strong>3 x CO2 patroner f\u00f6r utbyte : SEK 420,00<br \/>\nLeverans: Ber\u00e4knas i kassan<br \/>\nReturetikett: Kostnadsfritt<br \/>\n<strong>Totalt:<\/strong> SEK 450,00<br \/>\n(Deposition: SEK 450,00)<\/p>","protected":false},"featured_media":24203,"template":"","meta":[],"product_brand":[],"product_cat":[157],"product_tag":[],"woo-feed-brand":[],"class_list":{"0":"post-18582","1":"product","2":"type-product","3":"status-publish","4":"has-post-thumbnail","6":"product_cat-ombytning-kulsyrepatron","8":"first","9":"instock","10":"taxable","11":"shipping-taxable","12":"purchasable","13":"product-type-simple"},"_links":{"self":[{"href":"https:\/\/bubliq.com\/se\/wp-json\/wp\/v2\/product\/18582","targetHints":{"allow":["GET"]}}],"collection":[{"href":"https:\/\/bubliq.com\/se\/wp-json\/wp\/v2\/product"}],"about":[{"href":"https:\/\/bubliq.com\/se\/wp-json\/wp\/v2\/types\/product"}],"version-history":[{"count":148,"href":"https:\/\/bubliq.com\/se\/wp-json\/wp\/v2\/product\/18582\/revisions"}],"predecessor-version":[{"id":26168,"href":"https:\/\/bubliq.com\/se\/wp-json\/wp\/v2\/product\/18582\/revisions\/26168"}],"wp:featuredmedia":[{"embeddable":true,"href":"https:\/\/bubliq.com\/se\/wp-json\/wp\/v2\/media\/24203"}],"wp:attachment":[{"href":"https:\/\/bubliq.com\/se\/wp-json\/wp\/v2\/media?parent=18582"}],"wp:term":[{"taxonomy":"product_brand","embeddable":true,"href":"https:\/\/bubliq.com\/se\/wp-json\/wp\/v2\/product_brand?post=18582"},{"taxonomy":"product_cat","embeddable":true,"href":"https:\/\/bubliq.com\/se\/wp-json\/wp\/v2\/product_cat?post=18582"},{"taxonomy":"product_tag","embeddable":true,"href":"https:\/\/bubliq.com\/se\/wp-json\/wp\/v2\/product_tag?post=18582"},{"taxonomy":"woo-feed-brand","embeddable":true,"href":"https:\/\/bubliq.com\/se\/wp-json\/wp\/v2\/woo-feed-brand?post=18582"}],"curies":[{"name":"wp","href":"https:\/\/api.w.org\/{rel}","templated":true}]}}