{"id":23080,"date":"2025-03-14T12:39:16","date_gmt":"2025-03-14T10:39:16","guid":{"rendered":"https:\/\/bubliq.com\/?post_type=product&#038;p=23080"},"modified":"2026-04-16T08:15:25","modified_gmt":"2026-04-16T06:15:25","slug":"bubliq-danskvandsmaskine-glasflaske-staal","status":"publish","type":"product","link":"https:\/\/bubliq.com\/se\/produkt\/bubliq-kolsyremaskin-glasflaska-staal\/","title":{"rendered":"bubliq glass carbonator \u2013 Rostfritt st\u00e5l"},"content":{"rendered":"<div data-elementor-type=\"product-post\" data-elementor-id=\"23080\" class=\"elementor elementor-23080\" data-elementor-post-type=\"product\">\n\t\t\t\t<div class=\"elementor-element elementor-element-69ec0cb e-con-full e-flex e-con e-child\" data-id=\"69ec0cb\" data-element_type=\"container\" data-e-type=\"container\" data-settings=\"{&quot;background_background&quot;:&quot;classic&quot;}\">\n\t\t<div class=\"elementor-element elementor-element-7d1db13 e-con-full e-flex e-con e-child\" data-id=\"7d1db13\" data-element_type=\"container\" data-e-type=\"container\">\n\t\t\t\t<div class=\"elementor-element elementor-element-4ca4e16 elementor-widget elementor-widget-n-accordion\" data-id=\"4ca4e16\" data-element_type=\"widget\" data-e-type=\"widget\" data-settings=\"{&quot;default_state&quot;:&quot;expanded&quot;,&quot;max_items_expended&quot;:&quot;one&quot;,&quot;n_accordion_animation_duration&quot;:{&quot;unit&quot;:&quot;ms&quot;,&quot;size&quot;:400,&quot;sizes&quot;:[]}}\" data-widget_type=\"nested-accordion.default\">\n\t\t\t\t<div class=\"elementor-widget-container\">\n\t\t\t\t\t\t\t<div class=\"e-n-accordion\" aria-label=\"Accordion. Open links with Enter or Space, close with Escape, and navigate with Arrow Keys\">\n\t\t\t\t\t\t<details id=\"e-n-accordion-item-8030\" class=\"e-n-accordion-item\" open>\n\t\t\t\t<summary class=\"e-n-accordion-item-title\" data-accordion-index=\"1\" tabindex=\"0\" aria-expanded=\"true\" aria-controls=\"e-n-accordion-item-8030\" >\n\t\t\t\t\t<span class='e-n-accordion-item-title-header'><div class=\"e-n-accordion-item-title-text\"> Produktbeskrivning <\/div><\/span>\n\t\t\t\t\t\t\t<span class='e-n-accordion-item-title-icon'>\n\t\t\t<span class='e-opened' ><i aria-hidden=\"true\" class=\"fas fa-minus\"><\/i><\/span>\n\t\t\t<span class='e-closed'><i aria-hidden=\"true\" class=\"fas fa-plus\"><\/i><\/span>\n\t\t<\/span>\n\n\t\t\t\t\t\t<\/summary>\n\t\t\t\t<div role=\"region\" aria-labelledby=\"e-n-accordion-item-8030\" class=\"elementor-element elementor-element-5a75563 e-con-full e-flex e-con e-child\" data-id=\"5a75563\" data-element_type=\"container\" data-e-type=\"container\">\n\t\t\t\t<div class=\"elementor-element elementor-element-396df74 elementor-widget elementor-widget-text-editor\" data-id=\"396df74\" data-element_type=\"widget\" data-e-type=\"widget\" data-widget_type=\"text-editor.default\">\n\t\t\t\t<div class=\"elementor-widget-container\">\n\t\t\t\t\t\t\t\t\t<h2 style=\"font-size: 16px;\"><strong>Elegant, tidl\u00f6s design<\/strong><\/h2><p style=\"font-weight: 400;\">bubliq glass carbonator f\u00f6renar form och funktion i en stilren kolsyremaskin med glasflaska. Den \u00e4r fri fr\u00e5n synliga fogar och skruvar och dess raffinerade, minimalistiska utseende f\u00f6rh\u00f6jer varje k\u00f6ksb\u00e4nk. Glasflaskans diskreta r\u00e4fflor tillf\u00f6r en elegant touch till varje dukning.<\/p><h2 style=\"font-size: 16px;\"><strong>Byggd f\u00f6r att h\u00e5lla<\/strong><\/h2><p style=\"font-weight: 400;\">Med en solid k\u00e4rna av ABS-plast och ett h\u00f6lje i s\u00f6ml\u00f6st rostfritt st\u00e5l \u00e4r denna kolsyremaskin med glasflaska skapad f\u00f6r att f\u00f6rh\u00f6ja din vardag med diskret elegans. Alla material \u00e4r noggrant utvalda med fokus p\u00e5 kvalitet och l\u00e5ng livsl\u00e4ngd \u2013 tillverkad f\u00f6r att h\u00e5lla, idag och m\u00e5nga \u00e5r fram\u00f6ver.<\/p><p>Flaskan \u00e4r tillverkad av 100 % glas och kommer att beh\u00e5lla sin klarhet och h\u00e5llbarhet i flera \u00e5r - n\u00e4r den hanteras varsamt.<br \/><br \/><\/p><h2 style=\"font-size: 16px;\"><strong>Enkel att anv\u00e4nda<\/strong><\/h2><p style=\"font-weight: 400;\">Slut p\u00e5 klumpiga skruvflaskor. bubliq glass carbonator \u00e4r utrustad med den innovativa Turnlock\u2122-mekanismen som m\u00f6jligg\u00f6r enkel enhandsman\u00f6vrering \u2013 en 45\u00b0 vridning och flaskan l\u00e5ses smidigt p\u00e5 plats.<\/p><p style=\"font-weight: 400;\">Kolsyreknappen ligger bekv\u00e4mt i handen, och med n\u00e5gra l\u00e4tta tryck f\u00f6rvandlas kranvattnet till friskt, kolsyrat vatten p\u00e5 n\u00e5gra sekunder. Ett tyst surr l\u00e5ter dig veta att det \u00e4r klart att servera.<\/p>\t\t\t\t\t\t\t\t<\/div>\n\t\t\t\t<\/div>\n\t\t\t\t<\/div>\n\t\t\t\t\t<\/details>\n\t\t\t\t\t\t<details id=\"e-n-accordion-item-8031\" class=\"e-n-accordion-item\" >\n\t\t\t\t<summary class=\"e-n-accordion-item-title\" data-accordion-index=\"2\" tabindex=\"-1\" aria-expanded=\"false\" aria-controls=\"e-n-accordion-item-8031\" >\n\t\t\t\t\t<span class='e-n-accordion-item-title-header'><div class=\"e-n-accordion-item-title-text\"> M\u00e5tt och material <\/div><\/span>\n\t\t\t\t\t\t\t<span class='e-n-accordion-item-title-icon'>\n\t\t\t<span class='e-opened' ><i aria-hidden=\"true\" class=\"fas fa-minus\"><\/i><\/span>\n\t\t\t<span class='e-closed'><i aria-hidden=\"true\" class=\"fas fa-plus\"><\/i><\/span>\n\t\t<\/span>\n\n\t\t\t\t\t\t<\/summary>\n\t\t\t\t<div role=\"region\" aria-labelledby=\"e-n-accordion-item-8031\" class=\"elementor-element elementor-element-ff01274 e-con-full e-flex e-con e-child\" data-id=\"ff01274\" data-element_type=\"container\" data-e-type=\"container\">\n\t\t\t\t<div class=\"elementor-element elementor-element-ff85e38 elementor-widget elementor-widget-text-editor\" data-id=\"ff85e38\" data-element_type=\"widget\" data-e-type=\"widget\" data-widget_type=\"text-editor.default\">\n\t\t\t\t<div class=\"elementor-widget-container\">\n\t\t\t\t\t\t\t\t\t<p><strong>Kolsyremaskin<br \/><\/strong>Yttermaterial: Rostfritt st\u00e5l<br \/>Innermaterial: ABS-plast<br \/>Kolsyrer\u00f6r: Rostfritt st\u00e5l<br \/><br \/>M\u00e5tt: 42,6 x 15,2 x 27,5 cm (H x B x D)<br \/>Vikt (exkl. kolsyrepatron): 2,8 kg<\/p><p><strong>Glasflaska<br \/><\/strong>Material: Glas<br \/>Kapacitet: 1L (0,65L till p\u00e5fyllningslinjen)<br \/>M\u00e5tt: 27,5 x 7,8 cm (H x D)<\/p>\t\t\t\t\t\t\t\t<\/div>\n\t\t\t\t<\/div>\n\t\t\t\t<\/div>\n\t\t\t\t\t<\/details>\n\t\t\t\t\t\t<details id=\"e-n-accordion-item-8032\" class=\"e-n-accordion-item\" >\n\t\t\t\t<summary class=\"e-n-accordion-item-title\" data-accordion-index=\"3\" tabindex=\"-1\" aria-expanded=\"false\" aria-controls=\"e-n-accordion-item-8032\" >\n\t\t\t\t\t<span class='e-n-accordion-item-title-header'><div class=\"e-n-accordion-item-title-text\"> Kompatibilitet med kolsyrepatroner <\/div><\/span>\n\t\t\t\t\t\t\t<span class='e-n-accordion-item-title-icon'>\n\t\t\t<span class='e-opened' ><i aria-hidden=\"true\" class=\"fas fa-minus\"><\/i><\/span>\n\t\t\t<span class='e-closed'><i aria-hidden=\"true\" class=\"fas fa-plus\"><\/i><\/span>\n\t\t<\/span>\n\n\t\t\t\t\t\t<\/summary>\n\t\t\t\t<div role=\"region\" aria-labelledby=\"e-n-accordion-item-8032\" class=\"elementor-element elementor-element-369e28f e-con-full e-flex e-con e-child\" data-id=\"369e28f\" data-element_type=\"container\" data-e-type=\"container\">\n\t\t\t\t<div class=\"elementor-element elementor-element-63cf9a9 elementor-widget elementor-widget-text-editor\" data-id=\"63cf9a9\" data-element_type=\"widget\" data-e-type=\"widget\" data-widget_type=\"text-editor.default\">\n\t\t\t\t<div class=\"elementor-widget-container\">\n\t\t\t\t\t\t\t\t\t<p>Kolsyremaskiner fr\u00e5n bubliq \u00e4r kompatibel med n\u00e4stan alla 425-450 g kolsyrepatroner* t.ex. fr\u00e5n bubliq, AGA, och SodaStream (utom SodaStream Quick Connect).\u00a0\u00a0<\/p><p class=\"translation-block\">*Kolsyrepatroner med f\u00f6ljande ventiler \u00e4r inte kompatibla med bubliq glass carbonator:<\/p>\t\t\t\t\t\t\t\t<\/div>\n\t\t\t\t<\/div>\n\t\t\t\t<div class=\"elementor-element elementor-element-b58e8ea elementor-widget elementor-widget-image\" data-id=\"b58e8ea\" data-element_type=\"widget\" data-e-type=\"widget\" data-widget_type=\"image.default\">\n\t\t\t\t<div class=\"elementor-widget-container\">\n\t\t\t\t\t\t\t\t\t\t\t\t\t\t\t<img decoding=\"async\" width=\"300\" height=\"150\" src=\"https:\/\/bubliq.com\/wp-content\/uploads\/2025\/03\/inkompatible-Kulsyrepatron-ventiler-2-300x150.png\" class=\"attachment-medium size-medium wp-image-24822\" alt=\"\" srcset=\"https:\/\/bubliq.com\/wp-content\/uploads\/2025\/03\/inkompatible-Kulsyrepatron-ventiler-2-300x150.png 300w, https:\/\/bubliq.com\/wp-content\/uploads\/2025\/03\/inkompatible-Kulsyrepatron-ventiler-2-768x384.png 768w, https:\/\/bubliq.com\/wp-content\/uploads\/2025\/03\/inkompatible-Kulsyrepatron-ventiler-2-18x9.png 18w, https:\/\/bubliq.com\/wp-content\/uploads\/2025\/03\/inkompatible-Kulsyrepatron-ventiler-2-450x225.png 450w, https:\/\/bubliq.com\/wp-content\/uploads\/2025\/03\/inkompatible-Kulsyrepatron-ventiler-2.png 800w\" sizes=\"(max-width: 300px) 100vw, 300px\" \/>\t\t\t\t\t\t\t\t\t\t\t\t\t\t\t<\/div>\n\t\t\t\t<\/div>\n\t\t\t\t<\/div>\n\t\t\t\t\t<\/details>\n\t\t\t\t\t\t<details id=\"e-n-accordion-item-8033\" class=\"e-n-accordion-item\" >\n\t\t\t\t<summary class=\"e-n-accordion-item-title\" data-accordion-index=\"4\" tabindex=\"-1\" aria-expanded=\"false\" aria-controls=\"e-n-accordion-item-8033\" >\n\t\t\t\t\t<span class='e-n-accordion-item-title-header'><div class=\"e-n-accordion-item-title-text\"> P\u00e5fyllning av kolsyrepatron <\/div><\/span>\n\t\t\t\t\t\t\t<span class='e-n-accordion-item-title-icon'>\n\t\t\t<span class='e-opened' ><i aria-hidden=\"true\" class=\"fas fa-minus\"><\/i><\/span>\n\t\t\t<span class='e-closed'><i aria-hidden=\"true\" class=\"fas fa-plus\"><\/i><\/span>\n\t\t<\/span>\n\n\t\t\t\t\t\t<\/summary>\n\t\t\t\t<div role=\"region\" aria-labelledby=\"e-n-accordion-item-8033\" class=\"elementor-element elementor-element-a8c8cd4 e-flex e-con-boxed e-con e-child\" data-id=\"a8c8cd4\" data-element_type=\"container\" data-e-type=\"container\">\n\t\t\t\t\t<div class=\"e-con-inner\">\n\t\t\t\t<div class=\"elementor-element elementor-element-4b17bb5 elementor-widget elementor-widget-text-editor\" data-id=\"4b17bb5\" data-element_type=\"widget\" data-e-type=\"widget\" data-widget_type=\"text-editor.default\">\n\t\t\t\t<div class=\"elementor-widget-container\">\n\t\t\t\t\t\t\t\t\t<p class=\"translation-block\"><b>P\u00e5fyllning online<\/b><br>\nDu kan byta ut dina tomma CO2 patroner genom v\u00e5r onlinetj\u00e4nst f\u00f6r p\u00e5fyllning. Notera att det kr\u00e4vs antingen 3 eller 6 st tomma kolsyrepatroner f\u00f6r att kunna anv\u00e4nda v\u00e5r utbytesservice. <b>OBS: <\/b>V\u00e5r utbytesservice online \u00e4r f\u00f6r tillf\u00e4llet endast tillg\u00e4nglig i vissa l\u00e4nder.\n<br><br>\n<b>Byte till andra m\u00e4rken<\/b><br>\nDet \u00e4r enkelt att byta ut kolsyrepatroner, eftersom de flesta CO2 patronerna f\u00f6r kolsyremaskiner f\u00f6ljer en universell standard. Du kan enkelt byta ut din patron mot vilket annat m\u00e4rke som helst, s\u00e5 l\u00e4nge den har en ventil med skruvg\u00e4nga. Detta s\u00e4kerst\u00e4ller kompatibilitet med din bubliq kolsyremaskin.<\/p>\t\t\t\t\t\t\t\t<\/div>\n\t\t\t\t<\/div>\n\t\t\t\t\t<\/div>\n\t\t\t\t<\/div>\n\t\t\t\t\t<\/details>\n\t\t\t\t\t\t<details id=\"e-n-accordion-item-8034\" class=\"e-n-accordion-item\" >\n\t\t\t\t<summary class=\"e-n-accordion-item-title\" data-accordion-index=\"5\" tabindex=\"-1\" aria-expanded=\"false\" aria-controls=\"e-n-accordion-item-8034\" >\n\t\t\t\t\t<span class='e-n-accordion-item-title-header'><div class=\"e-n-accordion-item-title-text\"> Reng\u00f6ring och underh\u00e5ll <\/div><\/span>\n\t\t\t\t\t\t\t<span class='e-n-accordion-item-title-icon'>\n\t\t\t<span class='e-opened' ><i aria-hidden=\"true\" class=\"fas fa-minus\"><\/i><\/span>\n\t\t\t<span class='e-closed'><i aria-hidden=\"true\" class=\"fas fa-plus\"><\/i><\/span>\n\t\t<\/span>\n\n\t\t\t\t\t\t<\/summary>\n\t\t\t\t<div role=\"region\" aria-labelledby=\"e-n-accordion-item-8034\" class=\"elementor-element elementor-element-ec31031 e-flex e-con-boxed e-con e-child\" data-id=\"ec31031\" data-element_type=\"container\" data-e-type=\"container\">\n\t\t\t\t\t<div class=\"e-con-inner\">\n\t\t\t\t<div class=\"elementor-element elementor-element-702d924 elementor-widget elementor-widget-text-editor\" data-id=\"702d924\" data-element_type=\"widget\" data-e-type=\"widget\" data-widget_type=\"text-editor.default\">\n\t\t\t\t<div class=\"elementor-widget-container\">\n\t\t\t\t\t\t\t\t\t<p style=\"text-align: left;\"><strong>Kolsyremaskin<\/strong><br \/>Reng\u00f6r utsidan med en fuktig trasa och milt reng\u00f6ringsmedel. Undvik slipande reng\u00f6ringsmedel som kan skada ytan.\u00a0<br \/><strong><br \/>Glasflaska<br \/><\/strong><\/p><p class=\"p1\">Flaskan t\u00e5l maskindisk, men f\u00f6r b\u00e4sta resultat och l\u00e4ngre livsl\u00e4ngd rekommenderas handdisk. Om du anv\u00e4nder maskindisk, v\u00e4lj ett program under 55\u00b0C. L\u00e5t flaskan torka upp och ner utan kork i ett diskst\u00e4ll.\u00a0<\/p>\t\t\t\t\t\t\t\t<\/div>\n\t\t\t\t<\/div>\n\t\t<div role=\"region\" aria-labelledby=\"e-n-accordion-item-8034\" class=\"elementor-element elementor-element-ebffba5 e-grid e-con-full e-con e-child\" data-id=\"ebffba5\" data-element_type=\"container\" data-e-type=\"container\">\n\t\t\t\t<div class=\"elementor-element elementor-element-d57fb8a elementor-widget elementor-widget-image\" data-id=\"d57fb8a\" data-element_type=\"widget\" data-e-type=\"widget\" data-widget_type=\"image.default\">\n\t\t\t\t<div class=\"elementor-widget-container\">\n\t\t\t\t\t\t\t\t\t\t\t\t\t\t\t<img decoding=\"async\" width=\"300\" height=\"114\" src=\"https:\/\/bubliq.com\/wp-content\/uploads\/2025\/03\/Dishwash-and-Handwash.svg\" class=\"attachment-medium size-medium wp-image-23166\" alt=\"\" \/>\t\t\t\t\t\t\t\t\t\t\t\t\t\t\t<\/div>\n\t\t\t\t<\/div>\n\t\t\t\t<\/div>\n\t\t<div role=\"region\" aria-labelledby=\"e-n-accordion-item-8034\" class=\"elementor-element elementor-element-ea94ba3 e-con-full e-flex e-con e-child\" data-id=\"ea94ba3\" data-element_type=\"container\" data-e-type=\"container\">\n\t\t\t\t<div class=\"elementor-element elementor-element-eba9492 elementor-widget elementor-widget-text-editor\" data-id=\"eba9492\" data-element_type=\"widget\" data-e-type=\"widget\" data-widget_type=\"text-editor.default\">\n\t\t\t\t<div class=\"elementor-widget-container\">\n\t\t\t\t\t\t\t\t\t<p class=\"p1\"><strong>S\u00e4kerhetsinstruktioner f\u00f6r glasflaskan<\/strong><\/p><ul><li>Kolsyra endast vatten<\/li><li class=\"p1\">H\u00e4ll aldrig kokande vatten i flaskan<\/li><li class=\"p1\">Undvik att uts\u00e4tta flaskan f\u00f6r temperaturskillnader samt temperaturer under 1\u00b0C eller \u00f6ver 80\u00b0C<\/li><li>Anv\u00e4nd inte en sprucken eller skadad flaska<\/li><li>Anv\u00e4nd endast kompatibla bubliq-flaskor<\/li><\/ul>\t\t\t\t\t\t\t\t<\/div>\n\t\t\t\t<\/div>\n\t\t\t\t<\/div>\n\t\t\t\t\t<\/div>\n\t\t\t\t<\/div>\n\t\t\t\t\t<\/details>\n\t\t\t\t\t\t<details id=\"e-n-accordion-item-8035\" class=\"e-n-accordion-item\" >\n\t\t\t\t<summary class=\"e-n-accordion-item-title\" data-accordion-index=\"6\" tabindex=\"-1\" aria-expanded=\"false\" aria-controls=\"e-n-accordion-item-8035\" >\n\t\t\t\t\t<span class='e-n-accordion-item-title-header'><div class=\"e-n-accordion-item-title-text\"> Manual <\/div><\/span>\n\t\t\t\t\t\t\t<span class='e-n-accordion-item-title-icon'>\n\t\t\t<span class='e-opened' ><i aria-hidden=\"true\" class=\"fas fa-minus\"><\/i><\/span>\n\t\t\t<span class='e-closed'><i aria-hidden=\"true\" class=\"fas fa-plus\"><\/i><\/span>\n\t\t<\/span>\n\n\t\t\t\t\t\t<\/summary>\n\t\t\t\t<div role=\"region\" aria-labelledby=\"e-n-accordion-item-8035\" class=\"elementor-element elementor-element-8a82103 e-flex e-con-boxed e-con e-child\" data-id=\"8a82103\" data-element_type=\"container\" data-e-type=\"container\">\n\t\t\t\t\t<div class=\"e-con-inner\">\n\t\t\t\t<div class=\"elementor-element elementor-element-f593bac elementor-widget elementor-widget-text-editor\" data-id=\"f593bac\" data-element_type=\"widget\" data-e-type=\"widget\" data-widget_type=\"text-editor.default\">\n\t\t\t\t<div class=\"elementor-widget-container\">\n\t\t\t\t\t\t\t\t\t<p>Du hittar manualen <a href=\"https:\/\/bubliq.com\/wp-content\/uploads\/2025\/06\/bubliq-glass-carbonator-user-manual-June-2025.pdf\" target=\"_blank\" rel=\"noopener\">h\u00e4r<\/a>.<\/p>\t\t\t\t\t\t\t\t<\/div>\n\t\t\t\t<\/div>\n\t\t\t\t\t<\/div>\n\t\t\t\t<\/div>\n\t\t\t\t\t<\/details>\n\t\t\t\t\t<\/div>\n\t\t\t\t\t\t<\/div>\n\t\t\t\t<\/div>\n\t\t\t\t<\/div>\n\t\t\t\t<\/div>\n\t\t\t\t<\/div>","protected":false},"excerpt":{"rendered":"<div><span lang=\"DA\">bubliq glass carbonator \u00e4r en kolsyremaskin med glasflaska som kombinerar elegant skandinavisk design med vardagsfunktionalitet. Med ett s\u00f6ml\u00f6st yttre i rostfritt st\u00e5l och en t\u00e5lig glasflaska \u00e4r den byggd f\u00f6r att h\u00e5lla \u2013 idag och i m\u00e5nga \u00e5r fram\u00f6ver. Den intuitiva Turnlock\u2122-mekanismen m\u00f6jligg\u00f6r enkel anv\u00e4ndning med en hand: ett enkelt kvarts varv s\u00e4krar flaskan p\u00e5 plats. Med n\u00e5gra l\u00e4tta tryck f\u00f6rvandlas kranvattnet till friskt kolsyrat vatten.<\/span><\/div>","protected":false},"featured_media":23752,"template":"","meta":[],"product_brand":[],"product_cat":[31],"product_tag":[21,167,20],"woo-feed-brand":[],"class_list":{"0":"post-23080","1":"product","2":"type-product","3":"status-publish","4":"has-post-thumbnail","6":"product_cat-sodavandsmaskiner","7":"product_tag-danskvandsmaskine","8":"product_tag-glass-carbonator","9":"product_tag-sodavandsmaskine","11":"first","12":"instock","13":"taxable","14":"shipping-taxable","15":"purchasable","16":"product-type-simple"},"_links":{"self":[{"href":"https:\/\/bubliq.com\/se\/wp-json\/wp\/v2\/product\/23080","targetHints":{"allow":["GET"]}}],"collection":[{"href":"https:\/\/bubliq.com\/se\/wp-json\/wp\/v2\/product"}],"about":[{"href":"https:\/\/bubliq.com\/se\/wp-json\/wp\/v2\/types\/product"}],"version-history":[{"count":129,"href":"https:\/\/bubliq.com\/se\/wp-json\/wp\/v2\/product\/23080\/revisions"}],"predecessor-version":[{"id":26211,"href":"https:\/\/bubliq.com\/se\/wp-json\/wp\/v2\/product\/23080\/revisions\/26211"}],"wp:featuredmedia":[{"embeddable":true,"href":"https:\/\/bubliq.com\/se\/wp-json\/wp\/v2\/media\/23752"}],"wp:attachment":[{"href":"https:\/\/bubliq.com\/se\/wp-json\/wp\/v2\/media?parent=23080"}],"wp:term":[{"taxonomy":"product_brand","embeddable":true,"href":"https:\/\/bubliq.com\/se\/wp-json\/wp\/v2\/product_brand?post=23080"},{"taxonomy":"product_cat","embeddable":true,"href":"https:\/\/bubliq.com\/se\/wp-json\/wp\/v2\/product_cat?post=23080"},{"taxonomy":"product_tag","embeddable":true,"href":"https:\/\/bubliq.com\/se\/wp-json\/wp\/v2\/product_tag?post=23080"},{"taxonomy":"woo-feed-brand","embeddable":true,"href":"https:\/\/bubliq.com\/se\/wp-json\/wp\/v2\/woo-feed-brand?post=23080"}],"curies":[{"name":"wp","href":"https:\/\/api.w.org\/{rel}","templated":true}]}}