{"id":23090,"date":"2025-03-14T12:43:05","date_gmt":"2025-03-14T10:43:05","guid":{"rendered":"https:\/\/bubliq.com\/?post_type=product&#038;p=23090"},"modified":"2025-06-24T12:26:50","modified_gmt":"2025-06-24T10:26:50","slug":"glasflaske-til-bubliq-glass-carbonator","status":"publish","type":"product","link":"https:\/\/bubliq.com\/se\/produkt\/glasflaska-for-bubliq-glas-carbonator\/","title":{"rendered":"Glasflaska f\u00f6r bubliq glass carbonator"},"content":{"rendered":"<div data-elementor-type=\"product-post\" data-elementor-id=\"23090\" class=\"elementor elementor-23090\" data-elementor-post-type=\"product\">\n\t\t\t\t<div class=\"elementor-element elementor-element-a80aabc e-con-full e-flex e-con e-child\" data-id=\"a80aabc\" data-element_type=\"container\" data-e-type=\"container\">\n\t\t\t\t<div class=\"elementor-element elementor-element-4f6b815 elementor-widget elementor-widget-n-accordion\" data-id=\"4f6b815\" data-element_type=\"widget\" data-e-type=\"widget\" data-settings=\"{&quot;default_state&quot;:&quot;expanded&quot;,&quot;max_items_expended&quot;:&quot;one&quot;,&quot;n_accordion_animation_duration&quot;:{&quot;unit&quot;:&quot;ms&quot;,&quot;size&quot;:400,&quot;sizes&quot;:[]}}\" data-widget_type=\"nested-accordion.default\">\n\t\t\t\t<div class=\"elementor-widget-container\">\n\t\t\t\t\t\t\t<div class=\"e-n-accordion\" aria-label=\"Accordion. Open links with Enter or Space, close with Escape, and navigate with Arrow Keys\">\n\t\t\t\t\t\t<details id=\"e-n-accordion-item-8320\" class=\"e-n-accordion-item\" open>\n\t\t\t\t<summary class=\"e-n-accordion-item-title\" data-accordion-index=\"1\" tabindex=\"0\" aria-expanded=\"true\" aria-controls=\"e-n-accordion-item-8320\" >\n\t\t\t\t\t<span class='e-n-accordion-item-title-header'><div class=\"e-n-accordion-item-title-text\"> Produktbeskrivning <\/div><\/span>\n\t\t\t\t\t\t\t<span class='e-n-accordion-item-title-icon'>\n\t\t\t<span class='e-opened' ><i aria-hidden=\"true\" class=\"fas fa-minus\"><\/i><\/span>\n\t\t\t<span class='e-closed'><i aria-hidden=\"true\" class=\"fas fa-plus\"><\/i><\/span>\n\t\t<\/span>\n\n\t\t\t\t\t\t<\/summary>\n\t\t\t\t<div role=\"region\" aria-labelledby=\"e-n-accordion-item-8320\" class=\"elementor-element elementor-element-50c28d6 e-con-full e-flex e-con e-child\" data-id=\"50c28d6\" data-element_type=\"container\" data-e-type=\"container\">\n\t\t\t\t<div class=\"elementor-element elementor-element-a685af7 elementor-widget elementor-widget-text-editor\" data-id=\"a685af7\" data-element_type=\"widget\" data-e-type=\"widget\" data-widget_type=\"text-editor.default\">\n\t\t\t\t<div class=\"elementor-widget-container\">\n\t\t\t\t\t\t\t\t\t<p>En extra glasflaska till din bubliq glass carbonator \u00e4r b\u00e5de ett stilrent och praktiskt tillskott i hemmet. Fyll den med kranvatten och f\u00f6rvara den i kylen \u2013 s\u00e5 har du alltid kallt vatten redo att f\u00f6rvandlas till friskt kolsyrat vatten.<\/p><p>Med sina fina r\u00e4fflor och sitt eleganta, tidl\u00f6sa design passar flaskan naturligt in i alla milj\u00f6er \u2013 fr\u00e5n minimalistiska k\u00f6k till vackert dukade bord.<\/p><p>Glasflaskan rymmer 1 liter, och upp till 0,65 liter vatten till p\u00e5fyllningslinjen. Den t\u00e5l maskindisk, men f\u00f6r att beh\u00e5lla sin klarhet och glans rekommenderar vi handdisk n\u00e4r det \u00e4r m\u00f6jligt. Om du anv\u00e4nder maskindisk, v\u00e4lj ett program under 55\u00b0C. L\u00e5t flaskan torka upp och ner utan kork i ett diskst\u00e4ll.<\/p>\t\t\t\t\t\t\t\t<\/div>\n\t\t\t\t<\/div>\n\t\t\t\t<\/div>\n\t\t\t\t\t<\/details>\n\t\t\t\t\t\t<details id=\"e-n-accordion-item-8321\" class=\"e-n-accordion-item\" >\n\t\t\t\t<summary class=\"e-n-accordion-item-title\" data-accordion-index=\"2\" tabindex=\"-1\" aria-expanded=\"false\" aria-controls=\"e-n-accordion-item-8321\" >\n\t\t\t\t\t<span class='e-n-accordion-item-title-header'><div class=\"e-n-accordion-item-title-text\"> M\u00e5tt och material <\/div><\/span>\n\t\t\t\t\t\t\t<span class='e-n-accordion-item-title-icon'>\n\t\t\t<span class='e-opened' ><i aria-hidden=\"true\" class=\"fas fa-minus\"><\/i><\/span>\n\t\t\t<span class='e-closed'><i aria-hidden=\"true\" class=\"fas fa-plus\"><\/i><\/span>\n\t\t<\/span>\n\n\t\t\t\t\t\t<\/summary>\n\t\t\t\t<div role=\"region\" aria-labelledby=\"e-n-accordion-item-8321\" class=\"elementor-element elementor-element-034051e e-con-full e-flex e-con e-child\" data-id=\"034051e\" data-element_type=\"container\" data-e-type=\"container\">\n\t\t\t\t<div class=\"elementor-element elementor-element-f02c9ca elementor-widget elementor-widget-text-editor\" data-id=\"f02c9ca\" data-element_type=\"widget\" data-e-type=\"widget\" data-widget_type=\"text-editor.default\">\n\t\t\t\t<div class=\"elementor-widget-container\">\n\t\t\t\t\t\t\t\t\t<p><strong>Material:<\/strong> Glas<br \/><strong>Material p\u00e5 locket:<\/strong> Syrabest\u00e4ndigt st\u00e5l<br \/><strong>Kapacitet:<\/strong> 1L (0,65L till p\u00e5fyllningslinjen)<br \/><strong>M\u00e5tt:<\/strong> 27,5 x 7,8 cm (H x D)<br \/><strong>Kompatibel med:<\/strong> bubliq glass carbonator<\/p>\t\t\t\t\t\t\t\t<\/div>\n\t\t\t\t<\/div>\n\t\t\t\t<\/div>\n\t\t\t\t\t<\/details>\n\t\t\t\t\t\t<details id=\"e-n-accordion-item-8322\" class=\"e-n-accordion-item\" >\n\t\t\t\t<summary class=\"e-n-accordion-item-title\" data-accordion-index=\"3\" tabindex=\"-1\" aria-expanded=\"false\" aria-controls=\"e-n-accordion-item-8322\" >\n\t\t\t\t\t<span class='e-n-accordion-item-title-header'><div class=\"e-n-accordion-item-title-text\"> Reng\u00f6ring och underh\u00e5ll <\/div><\/span>\n\t\t\t\t\t\t\t<span class='e-n-accordion-item-title-icon'>\n\t\t\t<span class='e-opened' ><i aria-hidden=\"true\" class=\"fas fa-minus\"><\/i><\/span>\n\t\t\t<span class='e-closed'><i aria-hidden=\"true\" class=\"fas fa-plus\"><\/i><\/span>\n\t\t<\/span>\n\n\t\t\t\t\t\t<\/summary>\n\t\t\t\t<div role=\"region\" aria-labelledby=\"e-n-accordion-item-8322\" class=\"elementor-element elementor-element-ec9abf6 e-flex e-con-boxed e-con e-child\" data-id=\"ec9abf6\" data-element_type=\"container\" data-e-type=\"container\">\n\t\t\t\t\t<div class=\"e-con-inner\">\n\t\t\t\t<div class=\"elementor-element elementor-element-ddbad4f elementor-widget elementor-widget-text-editor\" data-id=\"ddbad4f\" data-element_type=\"widget\" data-e-type=\"widget\" data-widget_type=\"text-editor.default\">\n\t\t\t\t<div class=\"elementor-widget-container\">\n\t\t\t\t\t\t\t\t\t<p class=\"p1\">Flaskan t\u00e5l maskindisk, men f\u00f6r b\u00e4sta resultat och l\u00e4ngre livsl\u00e4ngd rekommenderas handdisk. Om du anv\u00e4nder maskindisk, v\u00e4lj ett program under 55\u00b0C. L\u00e5t flaskan torka upp och ner utan kork i ett diskst\u00e4ll. <br \/><br \/>Torka flaskan inv\u00e4ndigt genom att st\u00e4lla den upp och ner utan lock i ett diskst\u00e4ll.\u00a0<\/p>\t\t\t\t\t\t\t\t<\/div>\n\t\t\t\t<\/div>\n\t\t<div role=\"region\" aria-labelledby=\"e-n-accordion-item-8322\" class=\"elementor-element elementor-element-157b204 e-grid e-con-full e-con e-child\" data-id=\"157b204\" data-element_type=\"container\" data-e-type=\"container\">\n\t\t\t\t<div class=\"elementor-element elementor-element-4b34fd0 elementor-widget elementor-widget-image\" data-id=\"4b34fd0\" data-element_type=\"widget\" data-e-type=\"widget\" data-widget_type=\"image.default\">\n\t\t\t\t<div class=\"elementor-widget-container\">\n\t\t\t\t\t\t\t\t\t\t\t\t\t\t\t<img decoding=\"async\" width=\"300\" height=\"114\" src=\"https:\/\/bubliq.com\/wp-content\/uploads\/2025\/03\/Dishwash-and-Handwash.svg\" class=\"attachment-medium size-medium wp-image-23166\" alt=\"\" \/>\t\t\t\t\t\t\t\t\t\t\t\t\t\t\t<\/div>\n\t\t\t\t<\/div>\n\t\t\t\t<\/div>\n\t\t<div role=\"region\" aria-labelledby=\"e-n-accordion-item-8322\" class=\"elementor-element elementor-element-a9c1cde e-con-full e-flex e-con e-child\" data-id=\"a9c1cde\" data-element_type=\"container\" data-e-type=\"container\">\n\t\t\t\t<div class=\"elementor-element elementor-element-c245844 elementor-widget elementor-widget-text-editor\" data-id=\"c245844\" data-element_type=\"widget\" data-e-type=\"widget\" data-widget_type=\"text-editor.default\">\n\t\t\t\t<div class=\"elementor-widget-container\">\n\t\t\t\t\t\t\t\t\t<p class=\"p1\"><strong>S\u00e4kerhetsinstruktioner f\u00f6r glasflaskan<\/strong><\/p><ul><li>Kolsyra endast vatten<\/li><li class=\"p1\">H\u00e4ll aldrig kokande vatten i flaskan<\/li><li class=\"p1\">Undvik att uts\u00e4tta flaskan f\u00f6r temperaturskillnader samt temperaturer under 1\u00b0C eller \u00f6ver 80\u00b0C<\/li><li>Anv\u00e4nd inte en sprucken eller skadad flaska<\/li><li>Anv\u00e4nd endast kompatibla bubliq-flaskor<\/li><\/ul>\t\t\t\t\t\t\t\t<\/div>\n\t\t\t\t<\/div>\n\t\t\t\t<\/div>\n\t\t\t\t\t<\/div>\n\t\t\t\t<\/div>\n\t\t\t\t\t<\/details>\n\t\t\t\t\t<\/div>\n\t\t\t\t\t\t<\/div>\n\t\t\t\t<\/div>\n\t\t\t\t<\/div>\n\t\t\t\t<\/div>","protected":false},"excerpt":{"rendered":"<p>En extra glasflaska till din bubliq glass carbonator. Glasflaskan \u00e4r tillverkad f\u00f6r tidl\u00f6s elegans och vardaglig bekv\u00e4mlighet och passar p\u00e5 alla bord - fr\u00e5n moderna k\u00f6k till vackert dukade middagsbord. De diskreta r\u00e4fflorna i glaset ger flaskan ett minimalistiskt design och ett s\u00e4kert grepp som g\u00f6r det enkelt att h\u00e4lla. Flaskan rymmer upp till 1 liter vatten (0,65 liter till p\u00e5fyllningslinjen) och \u00e4r perfekt att f\u00f6rvara i kylen \u2013 redo att f\u00f6rvandlas till friskt kolsyrat vatten n\u00e4r som helst.<\/p>\n<ul style=\"margin-bottom: 1em;\">\n<li>Elegant glasflaska<\/li>\n<li>Kapacitet: 1L (0,65L till p\u00e5fyllningslinjen)<\/li>\n<li>T\u00e5l maskindisk<\/li>\n<\/ul>\n<p><strong>Obs:\u00a0<\/strong>Endast kompatibel med bubliq glass carbonator.<\/p>","protected":false},"featured_media":23092,"template":"","meta":[],"product_brand":[],"product_cat":[117],"product_tag":[],"woo-feed-brand":[],"class_list":{"0":"post-23090","1":"product","2":"type-product","3":"status-publish","4":"has-post-thumbnail","6":"product_cat-tilbehoer","8":"first","9":"instock","10":"taxable","11":"shipping-taxable","12":"purchasable","13":"product-type-simple"},"_links":{"self":[{"href":"https:\/\/bubliq.com\/se\/wp-json\/wp\/v2\/product\/23090","targetHints":{"allow":["GET"]}}],"collection":[{"href":"https:\/\/bubliq.com\/se\/wp-json\/wp\/v2\/product"}],"about":[{"href":"https:\/\/bubliq.com\/se\/wp-json\/wp\/v2\/types\/product"}],"version-history":[{"count":64,"href":"https:\/\/bubliq.com\/se\/wp-json\/wp\/v2\/product\/23090\/revisions"}],"predecessor-version":[{"id":23708,"href":"https:\/\/bubliq.com\/se\/wp-json\/wp\/v2\/product\/23090\/revisions\/23708"}],"wp:featuredmedia":[{"embeddable":true,"href":"https:\/\/bubliq.com\/se\/wp-json\/wp\/v2\/media\/23092"}],"wp:attachment":[{"href":"https:\/\/bubliq.com\/se\/wp-json\/wp\/v2\/media?parent=23090"}],"wp:term":[{"taxonomy":"product_brand","embeddable":true,"href":"https:\/\/bubliq.com\/se\/wp-json\/wp\/v2\/product_brand?post=23090"},{"taxonomy":"product_cat","embeddable":true,"href":"https:\/\/bubliq.com\/se\/wp-json\/wp\/v2\/product_cat?post=23090"},{"taxonomy":"product_tag","embeddable":true,"href":"https:\/\/bubliq.com\/se\/wp-json\/wp\/v2\/product_tag?post=23090"},{"taxonomy":"woo-feed-brand","embeddable":true,"href":"https:\/\/bubliq.com\/se\/wp-json\/wp\/v2\/woo-feed-brand?post=23090"}],"curies":[{"name":"wp","href":"https:\/\/api.w.org\/{rel}","templated":true}]}}