{"id":23104,"date":"2025-03-14T13:27:56","date_gmt":"2025-03-14T11:27:56","guid":{"rendered":"https:\/\/bubliq.com\/?post_type=product&#038;p=23104"},"modified":"2026-04-16T08:16:39","modified_gmt":"2026-04-16T06:16:39","slug":"bubliq-sodavandsmaskine-med-glasflaske-matsort","status":"publish","type":"product","link":"https:\/\/bubliq.com\/se\/produkt\/bubliq-kolsyremaskin-glasflaska-mattsvart\/","title":{"rendered":"bubliq glass carbonator \u2013 Mattsvart st\u00e5l"},"content":{"rendered":"<div data-elementor-type=\"product-post\" data-elementor-id=\"23104\" class=\"elementor elementor-23104\" data-elementor-post-type=\"product\">\n\t\t\t\t<div class=\"elementor-element elementor-element-5881996 e-con-full e-flex e-con e-child\" data-id=\"5881996\" data-element_type=\"container\" data-e-type=\"container\" data-settings=\"{&quot;background_background&quot;:&quot;classic&quot;}\">\n\t\t<div class=\"elementor-element elementor-element-1c1f8f9 e-con-full e-flex e-con e-child\" data-id=\"1c1f8f9\" data-element_type=\"container\" data-e-type=\"container\">\n\t\t\t\t<div class=\"elementor-element elementor-element-3585a6e elementor-widget elementor-widget-n-accordion\" data-id=\"3585a6e\" data-element_type=\"widget\" data-e-type=\"widget\" data-settings=\"{&quot;default_state&quot;:&quot;expanded&quot;,&quot;max_items_expended&quot;:&quot;one&quot;,&quot;n_accordion_animation_duration&quot;:{&quot;unit&quot;:&quot;ms&quot;,&quot;size&quot;:400,&quot;sizes&quot;:[]}}\" data-widget_type=\"nested-accordion.default\">\n\t\t\t\t<div class=\"elementor-widget-container\">\n\t\t\t\t\t\t\t<div class=\"e-n-accordion\" aria-label=\"Accordion. Open links with Enter or Space, close with Escape, and navigate with Arrow Keys\">\n\t\t\t\t\t\t<details id=\"e-n-accordion-item-5610\" class=\"e-n-accordion-item\" open>\n\t\t\t\t<summary class=\"e-n-accordion-item-title\" data-accordion-index=\"1\" tabindex=\"0\" aria-expanded=\"true\" aria-controls=\"e-n-accordion-item-5610\" >\n\t\t\t\t\t<span class='e-n-accordion-item-title-header'><div class=\"e-n-accordion-item-title-text\"> Produktbeskrivning <\/div><\/span>\n\t\t\t\t\t\t\t<span class='e-n-accordion-item-title-icon'>\n\t\t\t<span class='e-opened' ><i aria-hidden=\"true\" class=\"fas fa-minus\"><\/i><\/span>\n\t\t\t<span class='e-closed'><i aria-hidden=\"true\" class=\"fas fa-plus\"><\/i><\/span>\n\t\t<\/span>\n\n\t\t\t\t\t\t<\/summary>\n\t\t\t\t<div role=\"region\" aria-labelledby=\"e-n-accordion-item-5610\" class=\"elementor-element elementor-element-4685c8d e-con-full e-flex e-con e-child\" data-id=\"4685c8d\" data-element_type=\"container\" data-e-type=\"container\">\n\t\t\t\t<div class=\"elementor-element elementor-element-049862e elementor-widget elementor-widget-text-editor\" data-id=\"049862e\" data-element_type=\"widget\" data-e-type=\"widget\" data-widget_type=\"text-editor.default\">\n\t\t\t\t<div class=\"elementor-widget-container\">\n\t\t\t\t\t\t\t\t\t<h6><strong>Elegant, tidl\u00f6s design<\/strong><\/h6><p>bubliq glass carbonator \u00e4r en kolsyremaskin med glasflaska som f\u00f6renar form och funktion p\u00e5 ett harmoniskt s\u00e4tt. Utan synliga skarvar eller skruvar erbjuder den ett stilrent, tidl\u00f6st uttryck som lyfter och kompletterar ditt k\u00f6k. Glasflaskan har en elegant, minimalistisk design som tillf\u00f6r en sofistikerad k\u00e4nsla till varje dukning.<\/p><h6><strong>Byggd f\u00f6r att h\u00e5lla<\/strong><\/h6><p style=\"font-weight: 400;\">Kolsyremaskinens s\u00f6ml\u00f6sa h\u00f6lje i matt svart \u00e4r tillverkat av 100 % rostfritt st\u00e5l, noggrant utformat f\u00f6r h\u00e5llbarhet och prestanda. Under det diskreta yttre finns en stabil k\u00e4rna i ABS-plast som ger strukturell styrka. Glasflaskan \u00e4r tillverkad av massivt glas och med r\u00e4tt sk\u00f6tsel beh\u00e5ller den sin glans och styrka \u00f6ver tid.<\/p><h6><strong>Enkel att anv\u00e4nda<\/strong><\/h6><p style=\"font-weight: 400;\">Gl\u00f6m de gamla skruvflaskorna. Den innovativa Turnlock\u2122-mekanismen g\u00f6r det m\u00f6jligt att s\u00e4tta i flaskan med en hand \u2013 en enkel 45\u00b0 vridning och den klickar smidigt p\u00e5 plats.<\/p><p style=\"font-weight: 400;\">Kolsyreknappen ligger naturligt i handflatan, vilket g\u00f6r processen intuitiv och bekv\u00e4m. Med n\u00e5gra l\u00e4tta tryck f\u00f6rvandlas kranvattnet till friskt, kolsyrat vatten. Ett tyst surr signalerar n\u00e4r ditt kolsyrat vatten \u00e4r klart att servera.<\/p>\t\t\t\t\t\t\t\t<\/div>\n\t\t\t\t<\/div>\n\t\t\t\t<\/div>\n\t\t\t\t\t<\/details>\n\t\t\t\t\t\t<details id=\"e-n-accordion-item-5611\" class=\"e-n-accordion-item\" >\n\t\t\t\t<summary class=\"e-n-accordion-item-title\" data-accordion-index=\"2\" tabindex=\"-1\" aria-expanded=\"false\" aria-controls=\"e-n-accordion-item-5611\" >\n\t\t\t\t\t<span class='e-n-accordion-item-title-header'><div class=\"e-n-accordion-item-title-text\"> M\u00e5tt och material <\/div><\/span>\n\t\t\t\t\t\t\t<span class='e-n-accordion-item-title-icon'>\n\t\t\t<span class='e-opened' ><i aria-hidden=\"true\" class=\"fas fa-minus\"><\/i><\/span>\n\t\t\t<span class='e-closed'><i aria-hidden=\"true\" class=\"fas fa-plus\"><\/i><\/span>\n\t\t<\/span>\n\n\t\t\t\t\t\t<\/summary>\n\t\t\t\t<div role=\"region\" aria-labelledby=\"e-n-accordion-item-5611\" class=\"elementor-element elementor-element-3b18c8f e-con-full e-flex e-con e-child\" data-id=\"3b18c8f\" data-element_type=\"container\" data-e-type=\"container\">\n\t\t\t\t<div class=\"elementor-element elementor-element-6a9faea elementor-widget elementor-widget-text-editor\" data-id=\"6a9faea\" data-element_type=\"widget\" data-e-type=\"widget\" data-widget_type=\"text-editor.default\">\n\t\t\t\t<div class=\"elementor-widget-container\">\n\t\t\t\t\t\t\t\t\t<p><strong>Kolsyremaskin<br \/><\/strong>Yttermaterial: Rostfritt st\u00e5l<br \/>Innermaterial: ABS-plast<br \/>Kolsyrer\u00f6r: Rostfritt st\u00e5l<br \/><br \/>M\u00e5tt: 42,6 x 15,2 x 27,5 cm (H x B x D)<br \/>Vikt (exkl. kolsyrepatron): 2,8 kg<\/p><p><strong>Glasflaska<br \/><\/strong>Material: Glas<br \/>Kapacitet: 1L (0,65L till p\u00e5fyllningslinjen)<br \/>M\u00e5tt: 27,5 x 7,8 cm (H x D)<\/p>\t\t\t\t\t\t\t\t<\/div>\n\t\t\t\t<\/div>\n\t\t\t\t<\/div>\n\t\t\t\t\t<\/details>\n\t\t\t\t\t\t<details id=\"e-n-accordion-item-5612\" class=\"e-n-accordion-item\" >\n\t\t\t\t<summary class=\"e-n-accordion-item-title\" data-accordion-index=\"3\" tabindex=\"-1\" aria-expanded=\"false\" aria-controls=\"e-n-accordion-item-5612\" >\n\t\t\t\t\t<span class='e-n-accordion-item-title-header'><div class=\"e-n-accordion-item-title-text\"> Kompatibilitet med kolsyrepatroner <\/div><\/span>\n\t\t\t\t\t\t\t<span class='e-n-accordion-item-title-icon'>\n\t\t\t<span class='e-opened' ><i aria-hidden=\"true\" class=\"fas fa-minus\"><\/i><\/span>\n\t\t\t<span class='e-closed'><i aria-hidden=\"true\" class=\"fas fa-plus\"><\/i><\/span>\n\t\t<\/span>\n\n\t\t\t\t\t\t<\/summary>\n\t\t\t\t<div role=\"region\" aria-labelledby=\"e-n-accordion-item-5612\" class=\"elementor-element elementor-element-878283a e-con-full e-flex e-con e-child\" data-id=\"878283a\" data-element_type=\"container\" data-e-type=\"container\">\n\t\t\t\t<div class=\"elementor-element elementor-element-f047aa4 elementor-widget elementor-widget-text-editor\" data-id=\"f047aa4\" data-element_type=\"widget\" data-e-type=\"widget\" data-widget_type=\"text-editor.default\">\n\t\t\t\t<div class=\"elementor-widget-container\">\n\t\t\t\t\t\t\t\t\t<p>Kolsyremaskiner fr\u00e5n bubliq \u00e4r kompatibel med n\u00e4stan alla 425-450 g kolsyrepatroner* t.ex. fr\u00e5n bubliq, AGA, och SodaStream (utom SodaStream Quick Connect).\u00a0\u00a0<\/p><p class=\"translation-block\">*Kolsyrepatroner med f\u00f6ljande ventiler \u00e4r inte kompatibla med bubliq glass carbonator:<\/p>\t\t\t\t\t\t\t\t<\/div>\n\t\t\t\t<\/div>\n\t\t\t\t<div class=\"elementor-element elementor-element-ef6bb1d elementor-widget elementor-widget-image\" data-id=\"ef6bb1d\" data-element_type=\"widget\" data-e-type=\"widget\" data-widget_type=\"image.default\">\n\t\t\t\t<div class=\"elementor-widget-container\">\n\t\t\t\t\t\t\t\t\t\t\t\t\t\t\t<img decoding=\"async\" width=\"300\" height=\"150\" src=\"https:\/\/bubliq.com\/wp-content\/uploads\/2025\/03\/inkompatible-Kulsyrepatron-ventiler-2-300x150.png\" class=\"attachment-medium size-medium wp-image-24822\" alt=\"\" srcset=\"https:\/\/bubliq.com\/wp-content\/uploads\/2025\/03\/inkompatible-Kulsyrepatron-ventiler-2-300x150.png 300w, https:\/\/bubliq.com\/wp-content\/uploads\/2025\/03\/inkompatible-Kulsyrepatron-ventiler-2-768x384.png 768w, https:\/\/bubliq.com\/wp-content\/uploads\/2025\/03\/inkompatible-Kulsyrepatron-ventiler-2-18x9.png 18w, https:\/\/bubliq.com\/wp-content\/uploads\/2025\/03\/inkompatible-Kulsyrepatron-ventiler-2-450x225.png 450w, https:\/\/bubliq.com\/wp-content\/uploads\/2025\/03\/inkompatible-Kulsyrepatron-ventiler-2.png 800w\" sizes=\"(max-width: 300px) 100vw, 300px\" \/>\t\t\t\t\t\t\t\t\t\t\t\t\t\t\t<\/div>\n\t\t\t\t<\/div>\n\t\t\t\t<\/div>\n\t\t\t\t\t<\/details>\n\t\t\t\t\t\t<details id=\"e-n-accordion-item-5613\" class=\"e-n-accordion-item\" >\n\t\t\t\t<summary class=\"e-n-accordion-item-title\" data-accordion-index=\"4\" tabindex=\"-1\" aria-expanded=\"false\" aria-controls=\"e-n-accordion-item-5613\" >\n\t\t\t\t\t<span class='e-n-accordion-item-title-header'><div class=\"e-n-accordion-item-title-text\"> P\u00e5fyllning av kolsyrepatron <\/div><\/span>\n\t\t\t\t\t\t\t<span class='e-n-accordion-item-title-icon'>\n\t\t\t<span class='e-opened' ><i aria-hidden=\"true\" class=\"fas fa-minus\"><\/i><\/span>\n\t\t\t<span class='e-closed'><i aria-hidden=\"true\" class=\"fas fa-plus\"><\/i><\/span>\n\t\t<\/span>\n\n\t\t\t\t\t\t<\/summary>\n\t\t\t\t<div role=\"region\" aria-labelledby=\"e-n-accordion-item-5613\" class=\"elementor-element elementor-element-c4ba508 e-flex e-con-boxed e-con e-child\" data-id=\"c4ba508\" data-element_type=\"container\" data-e-type=\"container\">\n\t\t\t\t\t<div class=\"e-con-inner\">\n\t\t\t\t<div class=\"elementor-element elementor-element-f976c2e elementor-widget elementor-widget-text-editor\" data-id=\"f976c2e\" data-element_type=\"widget\" data-e-type=\"widget\" data-widget_type=\"text-editor.default\">\n\t\t\t\t<div class=\"elementor-widget-container\">\n\t\t\t\t\t\t\t\t\t<p class=\"translation-block\"><b>P\u00e5fyllning online<\/b><br>\nDu kan byta ut dina tomma CO2 patroner genom v\u00e5r onlinetj\u00e4nst f\u00f6r p\u00e5fyllning. Notera att det kr\u00e4vs antingen 3 eller 6 st tomma kolsyrepatroner f\u00f6r att kunna anv\u00e4nda v\u00e5r utbytesservice. <b>OBS: <\/b>V\u00e5r utbytesservice online \u00e4r f\u00f6r tillf\u00e4llet endast tillg\u00e4nglig i vissa l\u00e4nder.\n<br><br>\n<b>Byte till andra m\u00e4rken<\/b><br>\nDet \u00e4r enkelt att byta ut kolsyrepatroner, eftersom de flesta CO2 patronerna f\u00f6r kolsyremaskiner f\u00f6ljer en universell standard. Du kan enkelt byta ut din patron mot vilket annat m\u00e4rke som helst, s\u00e5 l\u00e4nge den har en ventil med skruvg\u00e4nga. Detta s\u00e4kerst\u00e4ller kompatibilitet med din bubliq kolsyremaskin.<\/p>\t\t\t\t\t\t\t\t<\/div>\n\t\t\t\t<\/div>\n\t\t\t\t\t<\/div>\n\t\t\t\t<\/div>\n\t\t\t\t\t<\/details>\n\t\t\t\t\t\t<details id=\"e-n-accordion-item-5614\" class=\"e-n-accordion-item\" >\n\t\t\t\t<summary class=\"e-n-accordion-item-title\" data-accordion-index=\"5\" tabindex=\"-1\" aria-expanded=\"false\" aria-controls=\"e-n-accordion-item-5614\" >\n\t\t\t\t\t<span class='e-n-accordion-item-title-header'><div class=\"e-n-accordion-item-title-text\"> Reng\u00f6ring och underh\u00e5ll <\/div><\/span>\n\t\t\t\t\t\t\t<span class='e-n-accordion-item-title-icon'>\n\t\t\t<span class='e-opened' ><i aria-hidden=\"true\" class=\"fas fa-minus\"><\/i><\/span>\n\t\t\t<span class='e-closed'><i aria-hidden=\"true\" class=\"fas fa-plus\"><\/i><\/span>\n\t\t<\/span>\n\n\t\t\t\t\t\t<\/summary>\n\t\t\t\t<div role=\"region\" aria-labelledby=\"e-n-accordion-item-5614\" class=\"elementor-element elementor-element-fc05dc9 e-flex e-con-boxed e-con e-child\" data-id=\"fc05dc9\" data-element_type=\"container\" data-e-type=\"container\">\n\t\t\t\t\t<div class=\"e-con-inner\">\n\t\t\t\t<div class=\"elementor-element elementor-element-4d4cec9 elementor-widget elementor-widget-text-editor\" data-id=\"4d4cec9\" data-element_type=\"widget\" data-e-type=\"widget\" data-widget_type=\"text-editor.default\">\n\t\t\t\t<div class=\"elementor-widget-container\">\n\t\t\t\t\t\t\t\t\t<p style=\"text-align: left;\"><strong>Kolsyremaskin<\/strong><br \/>Reng\u00f6r kolsyremaskinen med en fuktig trasa och milt reng\u00f6ringsmedel.<br \/><strong><br \/>Glasflaska<br \/><\/strong><\/p><p class=\"p1\">Flaskan t\u00e5l maskindisk, men f\u00f6r b\u00e4sta resultat och l\u00e4ngre livsl\u00e4ngd rekommenderas handdisk. Om du anv\u00e4nder maskindisk, v\u00e4lj ett program under 55\u00b0C. L\u00e5t flaskan torka upp och ner utan kork i ett diskst\u00e4ll.\u00a0<\/p>\t\t\t\t\t\t\t\t<\/div>\n\t\t\t\t<\/div>\n\t\t<div role=\"region\" aria-labelledby=\"e-n-accordion-item-5614\" class=\"elementor-element elementor-element-465be5e e-grid e-con-full e-con e-child\" data-id=\"465be5e\" data-element_type=\"container\" data-e-type=\"container\">\n\t\t\t\t<div class=\"elementor-element elementor-element-324b347 elementor-widget elementor-widget-image\" data-id=\"324b347\" data-element_type=\"widget\" data-e-type=\"widget\" data-widget_type=\"image.default\">\n\t\t\t\t<div class=\"elementor-widget-container\">\n\t\t\t\t\t\t\t\t\t\t\t\t\t\t\t<img decoding=\"async\" width=\"300\" height=\"114\" src=\"https:\/\/bubliq.com\/wp-content\/uploads\/2025\/03\/Dishwash-and-Handwash.svg\" class=\"attachment-medium size-medium wp-image-23166\" alt=\"\" \/>\t\t\t\t\t\t\t\t\t\t\t\t\t\t\t<\/div>\n\t\t\t\t<\/div>\n\t\t\t\t<\/div>\n\t\t<div role=\"region\" aria-labelledby=\"e-n-accordion-item-5614\" class=\"elementor-element elementor-element-150fdec e-con-full e-flex e-con e-child\" data-id=\"150fdec\" data-element_type=\"container\" data-e-type=\"container\">\n\t\t\t\t<div class=\"elementor-element elementor-element-51cc4ae elementor-widget elementor-widget-text-editor\" data-id=\"51cc4ae\" data-element_type=\"widget\" data-e-type=\"widget\" data-widget_type=\"text-editor.default\">\n\t\t\t\t<div class=\"elementor-widget-container\">\n\t\t\t\t\t\t\t\t\t<p class=\"p1\"><strong>S\u00e4kerhetsinstruktioner f\u00f6r glasflaskan<\/strong><\/p><ul><li>Kolsyra endast vatten<\/li><li class=\"p1\">H\u00e4ll aldrig kokande vatten i flaskan<\/li><li class=\"p1\">Undvik att uts\u00e4tta flaskan f\u00f6r temperaturskillnader samt temperaturer under 1\u00b0C eller \u00f6ver 80\u00b0C<\/li><li>Anv\u00e4nd inte en sprucken eller skadad flaska<\/li><li>Anv\u00e4nd endast kompatibla bubliq-flaskor<\/li><\/ul>\t\t\t\t\t\t\t\t<\/div>\n\t\t\t\t<\/div>\n\t\t\t\t<\/div>\n\t\t\t\t\t<\/div>\n\t\t\t\t<\/div>\n\t\t\t\t\t<\/details>\n\t\t\t\t\t\t<details id=\"e-n-accordion-item-5615\" class=\"e-n-accordion-item\" >\n\t\t\t\t<summary class=\"e-n-accordion-item-title\" data-accordion-index=\"6\" tabindex=\"-1\" aria-expanded=\"false\" aria-controls=\"e-n-accordion-item-5615\" >\n\t\t\t\t\t<span class='e-n-accordion-item-title-header'><div class=\"e-n-accordion-item-title-text\"> Manual <\/div><\/span>\n\t\t\t\t\t\t\t<span class='e-n-accordion-item-title-icon'>\n\t\t\t<span class='e-opened' ><i aria-hidden=\"true\" class=\"fas fa-minus\"><\/i><\/span>\n\t\t\t<span class='e-closed'><i aria-hidden=\"true\" class=\"fas fa-plus\"><\/i><\/span>\n\t\t<\/span>\n\n\t\t\t\t\t\t<\/summary>\n\t\t\t\t<div role=\"region\" aria-labelledby=\"e-n-accordion-item-5615\" class=\"elementor-element elementor-element-c7c16f0 e-flex e-con-boxed e-con e-child\" data-id=\"c7c16f0\" data-element_type=\"container\" data-e-type=\"container\">\n\t\t\t\t\t<div class=\"e-con-inner\">\n\t\t\t\t<div class=\"elementor-element elementor-element-d12d9e8 elementor-widget elementor-widget-text-editor\" data-id=\"d12d9e8\" data-element_type=\"widget\" data-e-type=\"widget\" data-widget_type=\"text-editor.default\">\n\t\t\t\t<div class=\"elementor-widget-container\">\n\t\t\t\t\t\t\t\t\t<p>Du hittar manualen <a href=\"https:\/\/bubliq.com\/wp-content\/uploads\/2025\/06\/bubliq-glass-carbonator-user-manual-June-2025.pdf\" target=\"_blank\" rel=\"noopener\">h\u00e4r<\/a>.<\/p>\t\t\t\t\t\t\t\t<\/div>\n\t\t\t\t<\/div>\n\t\t\t\t\t<\/div>\n\t\t\t\t<\/div>\n\t\t\t\t\t<\/details>\n\t\t\t\t\t<\/div>\n\t\t\t\t\t\t<\/div>\n\t\t\t\t<\/div>\n\t\t\t\t<\/div>\n\t\t\t\t<\/div>\n\t\t\t\t<\/div>","protected":false},"excerpt":{"rendered":"<p style=\"font-weight: 400;\">bubliq glass carbonator i matt svart \u00e4r en kolsyremaskin med glasflaska som f\u00f6renar estetik med vardagsfunktionalitet. Med sin texturerade, mattsvarta yta i rostfritt st\u00e5l ger den ett modernt och minimalistiskt uttryck som passar in i alla k\u00f6k. Tillverkad i h\u00e5llbara och t\u00e5liga material, \u00e4r bubliq glass carbonator skapad f\u00f6r att h\u00e5lla \u2013 idag och i m\u00e5nga \u00e5r fram\u00f6ver. Den innovativa Turnlock\u2122-mekanismen g\u00f6r det enkelt att f\u00e4sta glasflaskan, och med n\u00e5gra l\u00e4tta tryck f\u00f6rvandlas ditt kranvatten till friskt bubbelvatten.<\/p>","protected":false},"featured_media":23736,"template":"","meta":[],"product_brand":[],"product_cat":[31],"product_tag":[167],"woo-feed-brand":[],"class_list":{"0":"post-23104","1":"product","2":"type-product","3":"status-publish","4":"has-post-thumbnail","6":"product_cat-sodavandsmaskiner","7":"product_tag-glass-carbonator","9":"first","10":"instock","11":"taxable","12":"shipping-taxable","13":"purchasable","14":"product-type-simple"},"_links":{"self":[{"href":"https:\/\/bubliq.com\/se\/wp-json\/wp\/v2\/product\/23104","targetHints":{"allow":["GET"]}}],"collection":[{"href":"https:\/\/bubliq.com\/se\/wp-json\/wp\/v2\/product"}],"about":[{"href":"https:\/\/bubliq.com\/se\/wp-json\/wp\/v2\/types\/product"}],"version-history":[{"count":49,"href":"https:\/\/bubliq.com\/se\/wp-json\/wp\/v2\/product\/23104\/revisions"}],"predecessor-version":[{"id":26215,"href":"https:\/\/bubliq.com\/se\/wp-json\/wp\/v2\/product\/23104\/revisions\/26215"}],"wp:featuredmedia":[{"embeddable":true,"href":"https:\/\/bubliq.com\/se\/wp-json\/wp\/v2\/media\/23736"}],"wp:attachment":[{"href":"https:\/\/bubliq.com\/se\/wp-json\/wp\/v2\/media?parent=23104"}],"wp:term":[{"taxonomy":"product_brand","embeddable":true,"href":"https:\/\/bubliq.com\/se\/wp-json\/wp\/v2\/product_brand?post=23104"},{"taxonomy":"product_cat","embeddable":true,"href":"https:\/\/bubliq.com\/se\/wp-json\/wp\/v2\/product_cat?post=23104"},{"taxonomy":"product_tag","embeddable":true,"href":"https:\/\/bubliq.com\/se\/wp-json\/wp\/v2\/product_tag?post=23104"},{"taxonomy":"woo-feed-brand","embeddable":true,"href":"https:\/\/bubliq.com\/se\/wp-json\/wp\/v2\/woo-feed-brand?post=23104"}],"curies":[{"name":"wp","href":"https:\/\/api.w.org\/{rel}","templated":true}]}}