{"id":23388,"date":"2025-04-29T10:58:41","date_gmt":"2025-04-29T08:58:41","guid":{"rendered":"https:\/\/bubliq.com\/?post_type=product&#038;p=23388"},"modified":"2025-10-16T13:40:08","modified_gmt":"2025-10-16T11:40:08","slug":"italian-pink-grapefruit","status":"publish","type":"product","link":"https:\/\/bubliq.com\/se\/produkt\/italiensk-rosa-grapefrukt-smaksattare\/","title":{"rendered":"Italian Pink Grapefruit"},"content":{"rendered":"<div data-elementor-type=\"product-post\" data-elementor-id=\"23388\" class=\"elementor elementor-23388\" data-elementor-post-type=\"product\">\n\t\t\t\t<div class=\"elementor-element elementor-element-14e66cb e-con-full e-flex e-con e-child\" data-id=\"14e66cb\" data-element_type=\"container\" data-e-type=\"container\">\n\t\t<div class=\"elementor-element elementor-element-9a7e9e8 e-con-full e-flex e-con e-child\" data-id=\"9a7e9e8\" data-element_type=\"container\" data-e-type=\"container\">\n\t\t\t\t<div class=\"elementor-element elementor-element-2fe04da elementor-widget elementor-widget-n-accordion\" data-id=\"2fe04da\" data-element_type=\"widget\" data-e-type=\"widget\" data-settings=\"{&quot;default_state&quot;:&quot;expanded&quot;,&quot;max_items_expended&quot;:&quot;one&quot;,&quot;n_accordion_animation_duration&quot;:{&quot;unit&quot;:&quot;ms&quot;,&quot;size&quot;:400,&quot;sizes&quot;:[]}}\" data-widget_type=\"nested-accordion.default\">\n\t\t\t\t<div class=\"elementor-widget-container\">\n\t\t\t\t\t\t\t<div class=\"e-n-accordion\" aria-label=\"Accordion. Open links with Enter or Space, close with Escape, and navigate with Arrow Keys\">\n\t\t\t\t\t\t<details id=\"e-n-accordion-item-5020\" class=\"e-n-accordion-item\" open>\n\t\t\t\t<summary class=\"e-n-accordion-item-title\" data-accordion-index=\"1\" tabindex=\"0\" aria-expanded=\"true\" aria-controls=\"e-n-accordion-item-5020\" >\n\t\t\t\t\t<span class='e-n-accordion-item-title-header'><div class=\"e-n-accordion-item-title-text\"> Produktbeskrivning <\/div><\/span>\n\t\t\t\t\t\t\t<span class='e-n-accordion-item-title-icon'>\n\t\t\t<span class='e-opened' ><i aria-hidden=\"true\" class=\"fas fa-minus\"><\/i><\/span>\n\t\t\t<span class='e-closed'><i aria-hidden=\"true\" class=\"fas fa-plus\"><\/i><\/span>\n\t\t<\/span>\n\n\t\t\t\t\t\t<\/summary>\n\t\t\t\t<div role=\"region\" aria-labelledby=\"e-n-accordion-item-5020\" class=\"elementor-element elementor-element-ee6a6f3 e-con-full e-flex e-con e-child\" data-id=\"ee6a6f3\" data-element_type=\"container\" data-e-type=\"container\">\n\t\t\t\t<div class=\"elementor-element elementor-element-c8e4d5a elementor-widget elementor-widget-text-editor\" data-id=\"c8e4d5a\" data-element_type=\"widget\" data-e-type=\"widget\" data-widget_type=\"text-editor.default\">\n\t\t\t\t<div class=\"elementor-widget-container\">\n\t\t\t\t\t\t\t\t\t<p>Italiensk Pink Grapefrukt \u00e4r en klassisk italiensk smaks\u00e4ttare som uppskattas i hela Italien (k\u00e4nd som Soda al Pompelmo Rosa p\u00e5 italienska). Sirapen inneh\u00e5ller 90\u202f% grapefruktjuice och bjuder p\u00e5 en autentisk smakupplevelse och en k\u00e4nsla av \u00e4kta italienskt hantverk. Smaken \u00e4r frisk och rund, med en perfekt balans mellan s\u00f6tma och syra,  utan att vara bitter.<\/p><p class=\"\" data-start=\"146\" data-end=\"547\">Smaks\u00e4ttaren framst\u00e4lls av solmogna rosa grapefrukter fr\u00e5n Sicilien, d\u00e4r det varma medelhavsklimatet och den mineralrika vulkanjorden ger frukten dess livfulla f\u00e4rg, tydliga citruskarakt\u00e4r och naturliga s\u00f6tma.\u00a0<\/p><p>Italiensk Pink Grapefrukt \u00e4r en uppfriskande t\u00f6rstsl\u00e4ckare som passar lika bra med stilla som kolsyrat vatten. Den fungerar ocks\u00e5 utm\u00e4rkt som bas i en spritz, G&amp;T eller mocktail \u2013 g\u00e4rna garnerad med f\u00e4rska skivor grapefrukt.<\/p>\t\t\t\t\t\t\t\t<\/div>\n\t\t\t\t<\/div>\n\t\t\t\t<\/div>\n\t\t\t\t\t<\/details>\n\t\t\t\t\t\t<details id=\"e-n-accordion-item-5021\" class=\"e-n-accordion-item\" >\n\t\t\t\t<summary class=\"e-n-accordion-item-title\" data-accordion-index=\"2\" tabindex=\"-1\" aria-expanded=\"false\" aria-controls=\"e-n-accordion-item-5021\" >\n\t\t\t\t\t<span class='e-n-accordion-item-title-header'><div class=\"e-n-accordion-item-title-text\"> Ingredienser <\/div><\/span>\n\t\t\t\t\t\t\t<span class='e-n-accordion-item-title-icon'>\n\t\t\t<span class='e-opened' ><i aria-hidden=\"true\" class=\"fas fa-minus\"><\/i><\/span>\n\t\t\t<span class='e-closed'><i aria-hidden=\"true\" class=\"fas fa-plus\"><\/i><\/span>\n\t\t<\/span>\n\n\t\t\t\t\t\t<\/summary>\n\t\t\t\t<div role=\"region\" aria-labelledby=\"e-n-accordion-item-5021\" class=\"elementor-element elementor-element-f62c0d1 e-flex e-con-boxed e-con e-child\" data-id=\"f62c0d1\" data-element_type=\"container\" data-e-type=\"container\">\n\t\t\t\t\t<div class=\"e-con-inner\">\n\t\t\t\t<div class=\"elementor-element elementor-element-71872f4 elementor-widget elementor-widget-text-editor\" data-id=\"71872f4\" data-element_type=\"widget\" data-e-type=\"widget\" data-widget_type=\"text-editor.default\">\n\t\t\t\t<div class=\"elementor-widget-container\">\n\t\t\t\t\t\t\t\t\t<p style=\"text-align: left;\">Italiensk koncentrerad pink grapefruktjuice (90%), r\u00f6rsocker, naturliga aromer, surhetsreglerande medel: citronsyra, s\u00f6tningsmedel: sukralos, konserveringsmedel: kaliumsorbat, natriumbensoat, f\u00f6rtjockningsmedel: pektin, naturligt f\u00e4rg\u00e4mne: fl\u00e4derb\u00e4rsextrakt.<\/p>\t\t\t\t\t\t\t\t<\/div>\n\t\t\t\t<\/div>\n\t\t\t\t\t<\/div>\n\t\t\t\t<\/div>\n\t\t\t\t\t<\/details>\n\t\t\t\t\t\t<details id=\"e-n-accordion-item-5022\" class=\"e-n-accordion-item\" >\n\t\t\t\t<summary class=\"e-n-accordion-item-title\" data-accordion-index=\"3\" tabindex=\"-1\" aria-expanded=\"false\" aria-controls=\"e-n-accordion-item-5022\" >\n\t\t\t\t\t<span class='e-n-accordion-item-title-header'><div class=\"e-n-accordion-item-title-text\"> N\u00e4ringsinneh\u00e5ll <\/div><\/span>\n\t\t\t\t\t\t\t<span class='e-n-accordion-item-title-icon'>\n\t\t\t<span class='e-opened' ><i aria-hidden=\"true\" class=\"fas fa-minus\"><\/i><\/span>\n\t\t\t<span class='e-closed'><i aria-hidden=\"true\" class=\"fas fa-plus\"><\/i><\/span>\n\t\t<\/span>\n\n\t\t\t\t\t\t<\/summary>\n\t\t\t\t<div role=\"region\" aria-labelledby=\"e-n-accordion-item-5022\" class=\"elementor-element elementor-element-5eb4925 e-flex e-con-boxed e-con e-child\" data-id=\"5eb4925\" data-element_type=\"container\" data-e-type=\"container\">\n\t\t\t\t\t<div class=\"e-con-inner\">\n\t\t\t\t<div class=\"elementor-element elementor-element-f071d2f elementor-widget elementor-widget-text-editor\" data-id=\"f071d2f\" data-element_type=\"widget\" data-e-type=\"widget\" data-widget_type=\"text-editor.default\">\n\t\t\t\t<div class=\"elementor-widget-container\">\n\t\t\t\t\t\t\t\t\t<p><strong>N\u00e4ringsinneh\u00e5ll per 100 ml dryck vid beredning efter anvisning:<\/strong><\/p><p>Energi: 88 kJ\/22 kcal (0%)<br \/>Fett: 0 g (0%)<br \/>\u2013 varav m\u00e4ttat fett: 0 g (0%)<br \/>\u2013 om\u00e4ttat fett: 0 g (0%)<br \/>Kolhydrat:  5,48 g (2%)<br \/>\u2013 varav socker: 5,01 g<br \/>Protein: 0 g (0%)<br \/>Salt: 3,50 mg (0%)<br \/>*% - rekommenderat intag f\u00f6r en genomsnittlig vuxen (8400 kJ\/2000 kcal)<\/p>\t\t\t\t\t\t\t\t<\/div>\n\t\t\t\t<\/div>\n\t\t\t\t\t<\/div>\n\t\t\t\t<\/div>\n\t\t\t\t\t<\/details>\n\t\t\t\t\t\t<details id=\"e-n-accordion-item-5023\" class=\"e-n-accordion-item\" >\n\t\t\t\t<summary class=\"e-n-accordion-item-title\" data-accordion-index=\"4\" tabindex=\"-1\" aria-expanded=\"false\" aria-controls=\"e-n-accordion-item-5023\" >\n\t\t\t\t\t<span class='e-n-accordion-item-title-header'><div class=\"e-n-accordion-item-title-text\"> Inneh\u00e5ll &amp; h\u00e5llbarhet  <\/div><\/span>\n\t\t\t\t\t\t\t<span class='e-n-accordion-item-title-icon'>\n\t\t\t<span class='e-opened' ><i aria-hidden=\"true\" class=\"fas fa-minus\"><\/i><\/span>\n\t\t\t<span class='e-closed'><i aria-hidden=\"true\" class=\"fas fa-plus\"><\/i><\/span>\n\t\t<\/span>\n\n\t\t\t\t\t\t<\/summary>\n\t\t\t\t<div role=\"region\" aria-labelledby=\"e-n-accordion-item-5023\" class=\"elementor-element elementor-element-edfe2cb e-flex e-con-boxed e-con e-child\" data-id=\"edfe2cb\" data-element_type=\"container\" data-e-type=\"container\">\n\t\t\t\t\t<div class=\"e-con-inner\">\n\t\t\t\t<div class=\"elementor-element elementor-element-1c301e0 elementor-widget elementor-widget-text-editor\" data-id=\"1c301e0\" data-element_type=\"widget\" data-e-type=\"widget\" data-widget_type=\"text-editor.default\">\n\t\t\t\t<div class=\"elementor-widget-container\">\n\t\t\t\t\t\t\t\t\t<p><strong>Flaskans netto inneh\u00e5ll:<\/strong> 500 ml.<br \/><strong>H\u00e5llbarhet (b\u00e4st f\u00f6re):<\/strong> 24 m\u00e5nader i o\u00f6ppnad beh\u00e5llare. 1-2 m\u00e5nader i \u00f6ppnad beh\u00e5llare i kylsk\u00e5p.<br \/><strong>Rekommenderat blandningsf\u00f6rh\u00e5llande:<\/strong>1 del smaks\u00e4ttare til 13,5 delar vatten<\/p>\t\t\t\t\t\t\t\t<\/div>\n\t\t\t\t<\/div>\n\t\t\t\t\t<\/div>\n\t\t\t\t<\/div>\n\t\t\t\t\t<\/details>\n\t\t\t\t\t<\/div>\n\t\t\t\t\t\t<\/div>\n\t\t\t\t<\/div>\n\t\t\t\t<\/div>\n\t\t\t\t<\/div>\n\t\t\t\t<\/div>","protected":false},"excerpt":{"rendered":"<p>Italiensk Pink Grapefruktssirap \u00e4r en uppfriskande smaks\u00e4ttare av h\u00f6gsta kvalitet, gjord p\u00e5 90\u202f% grapefruktjuice. Den \u00e4r framst\u00e4lld av solmogna rosa grapefrukter fr\u00e5n Sicilien och har en perfekt balanserad smak \u2013 s\u00f6t, syrlig och helt utan bitterhet. Njut av den utsp\u00e4dd med stilla eller kolsyrat vatten, eller anv\u00e4nd den som bas i en spritz, G&amp;T eller mocktail.<\/p>\n<ul>\n<li>90% koncentrerad grapefruktjuice fr\u00e5n Sicilien<\/li>\n<li>\u00a0S\u00f6t och l\u00e4tt syrlig citrussmak<\/li>\n<li>GMO-fri och fri fr\u00e5n konstgjorda f\u00e4rg\u00e4mnen<\/li>\n<li>L\u00e5gt inneh\u00e5ll av socker<\/li>\n<\/ul>","protected":false},"featured_media":23599,"template":"","meta":[],"product_brand":[],"product_cat":[148],"product_tag":[],"woo-feed-brand":[],"class_list":{"0":"post-23388","1":"product","2":"type-product","3":"status-publish","4":"has-post-thumbnail","6":"product_cat-sodavandssirup","8":"first","9":"instock","10":"taxable","11":"shipping-taxable","12":"purchasable","13":"product-type-simple"},"_links":{"self":[{"href":"https:\/\/bubliq.com\/se\/wp-json\/wp\/v2\/product\/23388","targetHints":{"allow":["GET"]}}],"collection":[{"href":"https:\/\/bubliq.com\/se\/wp-json\/wp\/v2\/product"}],"about":[{"href":"https:\/\/bubliq.com\/se\/wp-json\/wp\/v2\/types\/product"}],"version-history":[{"count":72,"href":"https:\/\/bubliq.com\/se\/wp-json\/wp\/v2\/product\/23388\/revisions"}],"predecessor-version":[{"id":23550,"href":"https:\/\/bubliq.com\/se\/wp-json\/wp\/v2\/product\/23388\/revisions\/23550"}],"wp:featuredmedia":[{"embeddable":true,"href":"https:\/\/bubliq.com\/se\/wp-json\/wp\/v2\/media\/23599"}],"wp:attachment":[{"href":"https:\/\/bubliq.com\/se\/wp-json\/wp\/v2\/media?parent=23388"}],"wp:term":[{"taxonomy":"product_brand","embeddable":true,"href":"https:\/\/bubliq.com\/se\/wp-json\/wp\/v2\/product_brand?post=23388"},{"taxonomy":"product_cat","embeddable":true,"href":"https:\/\/bubliq.com\/se\/wp-json\/wp\/v2\/product_cat?post=23388"},{"taxonomy":"product_tag","embeddable":true,"href":"https:\/\/bubliq.com\/se\/wp-json\/wp\/v2\/product_tag?post=23388"},{"taxonomy":"woo-feed-brand","embeddable":true,"href":"https:\/\/bubliq.com\/se\/wp-json\/wp\/v2\/woo-feed-brand?post=23388"}],"curies":[{"name":"wp","href":"https:\/\/api.w.org\/{rel}","templated":true}]}}