{"id":4461,"date":"2020-02-26T07:50:52","date_gmt":"2020-02-26T05:50:52","guid":{"rendered":"https:\/\/bubliq.com\/?post_type=product&#038;p=4461"},"modified":"2026-03-09T09:49:20","modified_gmt":"2026-03-09T07:49:20","slug":"flaske-matsort-til-bubliq-sodavandsmaskine","status":"publish","type":"product","link":"https:\/\/bubliq.com\/se\/produkt\/matt-svart-flaska-till-bubliq-drink-carbonator\/","title":{"rendered":"Matt svart flaska till bubliq drink carbonator"},"content":{"rendered":"<div data-elementor-type=\"product-post\" data-elementor-id=\"4461\" class=\"elementor elementor-4461\" data-elementor-post-type=\"product\">\n\t\t\t\t<div class=\"elementor-element elementor-element-e51e420 e-con-full e-flex e-con e-child\" data-id=\"e51e420\" data-element_type=\"container\" data-e-type=\"container\">\n\t\t<div class=\"elementor-element elementor-element-865f49f e-con-full e-flex e-con e-child\" data-id=\"865f49f\" data-element_type=\"container\" data-e-type=\"container\">\n\t\t\t\t<div class=\"elementor-element elementor-element-9f32378 elementor-widget elementor-widget-n-accordion\" data-id=\"9f32378\" data-element_type=\"widget\" data-e-type=\"widget\" data-settings=\"{&quot;default_state&quot;:&quot;expanded&quot;,&quot;max_items_expended&quot;:&quot;one&quot;,&quot;n_accordion_animation_duration&quot;:{&quot;unit&quot;:&quot;ms&quot;,&quot;size&quot;:400,&quot;sizes&quot;:[]}}\" data-widget_type=\"nested-accordion.default\">\n\t\t\t\t<div class=\"elementor-widget-container\">\n\t\t\t\t\t\t\t<div class=\"e-n-accordion\" aria-label=\"Accordion. Open links with Enter or Space, close with Escape, and navigate with Arrow Keys\">\n\t\t\t\t\t\t<details id=\"e-n-accordion-item-1660\" class=\"e-n-accordion-item\" open>\n\t\t\t\t<summary class=\"e-n-accordion-item-title\" data-accordion-index=\"1\" tabindex=\"0\" aria-expanded=\"true\" aria-controls=\"e-n-accordion-item-1660\" >\n\t\t\t\t\t<span class='e-n-accordion-item-title-header'><div class=\"e-n-accordion-item-title-text\"> Produktbeskrivning <\/div><\/span>\n\t\t\t\t\t\t\t<span class='e-n-accordion-item-title-icon'>\n\t\t\t<span class='e-opened' ><i aria-hidden=\"true\" class=\"fas fa-minus\"><\/i><\/span>\n\t\t\t<span class='e-closed'><i aria-hidden=\"true\" class=\"fas fa-plus\"><\/i><\/span>\n\t\t<\/span>\n\n\t\t\t\t\t\t<\/summary>\n\t\t\t\t<div role=\"region\" aria-labelledby=\"e-n-accordion-item-1660\" class=\"elementor-element elementor-element-1495a84 e-con-full e-flex e-con e-child\" data-id=\"1495a84\" data-element_type=\"container\" data-e-type=\"container\">\n\t\t\t\t<div class=\"elementor-element elementor-element-7abe5b7 elementor-widget elementor-widget-text-editor\" data-id=\"7abe5b7\" data-element_type=\"widget\" data-e-type=\"widget\" data-widget_type=\"text-editor.default\">\n\t\t\t\t<div class=\"elementor-widget-container\">\n\t\t\t\t\t\t\t\t\t<p>En extra flaska \u00e4r alltid praktiskt att ha. Denna 800 ml beh\u00e5llaren \u00e4r perfekt att f\u00f6rvara i kylsk\u00e5pet, redo att tills\u00e4tta bubblor i. Vi rekommenderar att kyla dina drycker innan du kolsyrar dem, d\u00e5 det f\u00f6rb\u00e4ttrar v\u00e4tskans f\u00f6rm\u00e5ga att absorbera kolsyran.<\/p><p>Flaskan har ett b\u00e4st f\u00f6re-datum 3 \u00e5r fram fr\u00e5n och med den dag du b\u00f6rjar anv\u00e4nda den. Detta \u00e4r inte uppm\u00e4rkt p\u00e5 flaskan. Vi r\u00e5der d\u00e4rf\u00f6r till att beh\u00e5lla kvittot eller skriva ner datumet du b\u00f6rjar anv\u00e4nda den i bruksanvisningen. Om flaskan upplevs h\u00e5rd, missf\u00e4rgad, sprucken eller deformerad, rekommenderar vi att omg\u00e5ende byta ut den.<\/p>\t\t\t\t\t\t\t\t<\/div>\n\t\t\t\t<\/div>\n\t\t\t\t<\/div>\n\t\t\t\t\t<\/details>\n\t\t\t\t\t\t<details id=\"e-n-accordion-item-1661\" class=\"e-n-accordion-item\" >\n\t\t\t\t<summary class=\"e-n-accordion-item-title\" data-accordion-index=\"2\" tabindex=\"-1\" aria-expanded=\"false\" aria-controls=\"e-n-accordion-item-1661\" >\n\t\t\t\t\t<span class='e-n-accordion-item-title-header'><div class=\"e-n-accordion-item-title-text\"> M\u00e5tt och material <\/div><\/span>\n\t\t\t\t\t\t\t<span class='e-n-accordion-item-title-icon'>\n\t\t\t<span class='e-opened' ><i aria-hidden=\"true\" class=\"fas fa-minus\"><\/i><\/span>\n\t\t\t<span class='e-closed'><i aria-hidden=\"true\" class=\"fas fa-plus\"><\/i><\/span>\n\t\t<\/span>\n\n\t\t\t\t\t\t<\/summary>\n\t\t\t\t<div role=\"region\" aria-labelledby=\"e-n-accordion-item-1661\" class=\"elementor-element elementor-element-465d367 e-flex e-con-boxed e-con e-child\" data-id=\"465d367\" data-element_type=\"container\" data-e-type=\"container\">\n\t\t\t\t\t<div class=\"e-con-inner\">\n\t\t\t\t<div class=\"elementor-element elementor-element-c39bfc2 elementor-widget elementor-widget-text-editor\" data-id=\"c39bfc2\" data-element_type=\"widget\" data-e-type=\"widget\" data-widget_type=\"text-editor.default\">\n\t\t\t\t<div class=\"elementor-widget-container\">\n\t\t\t\t\t\t\t\t\t<p style=\"text-align: left;\">Material: PET, 100% BPA-fri<br \/>Kapacitet: 800 ml.<br \/>M\u00e5tt inklusive locket: \u00a0<br \/>H\u00f6jd: 37,2 cm. <br \/>Diameter: 6,8 cm<\/p>\t\t\t\t\t\t\t\t<\/div>\n\t\t\t\t<\/div>\n\t\t\t\t\t<\/div>\n\t\t\t\t<\/div>\n\t\t\t\t\t<\/details>\n\t\t\t\t\t\t<details id=\"e-n-accordion-item-1662\" class=\"e-n-accordion-item\" >\n\t\t\t\t<summary class=\"e-n-accordion-item-title\" data-accordion-index=\"3\" tabindex=\"-1\" aria-expanded=\"false\" aria-controls=\"e-n-accordion-item-1662\" >\n\t\t\t\t\t<span class='e-n-accordion-item-title-header'><div class=\"e-n-accordion-item-title-text\"> Reng\u00f6ring och underh\u00e5ll <\/div><\/span>\n\t\t\t\t\t\t\t<span class='e-n-accordion-item-title-icon'>\n\t\t\t<span class='e-opened' ><i aria-hidden=\"true\" class=\"fas fa-minus\"><\/i><\/span>\n\t\t\t<span class='e-closed'><i aria-hidden=\"true\" class=\"fas fa-plus\"><\/i><\/span>\n\t\t<\/span>\n\n\t\t\t\t\t\t<\/summary>\n\t\t\t\t<div role=\"region\" aria-labelledby=\"e-n-accordion-item-1662\" class=\"elementor-element elementor-element-001ac22 e-flex e-con-boxed e-con e-child\" data-id=\"001ac22\" data-element_type=\"container\" data-e-type=\"container\">\n\t\t\t\t\t<div class=\"e-con-inner\">\n\t\t\t\t<div class=\"elementor-element elementor-element-990e5d5 elementor-widget elementor-widget-text-editor\" data-id=\"990e5d5\" data-element_type=\"widget\" data-e-type=\"widget\" data-widget_type=\"text-editor.default\">\n\t\t\t\t<div class=\"elementor-widget-container\">\n\t\t\t\t\t\t\t\t\t<p>F\u00f6r optimalt underh\u00e5ll, rekommenderar vi att reng\u00f6ra flaskan med ett milt diskmedel och ljummet vatten. Om en mer grundlig reng\u00f6ring \u00e4r n\u00f6dv\u00e4ndig, kan en flaskborste anv\u00e4ndas. Undvik att uts\u00e4tta flaskan f\u00f6r temperaturer under +4\u00b0C eller \u00f6ver +40\u00b0C. Observera att flaskan <strong>inte<\/strong> diskmaskinss\u00e4ker.<\/p>\t\t\t\t\t\t\t\t<\/div>\n\t\t\t\t<\/div>\n\t\t\t\t\t<\/div>\n\t\t\t\t<\/div>\n\t\t\t\t\t<\/details>\n\t\t\t\t\t<\/div>\n\t\t\t\t\t\t<\/div>\n\t\t\t\t<\/div>\n\t\t\t\t<\/div>\n\t\t\t\t<\/div>\n\t\t\t\t<\/div>","protected":false},"excerpt":{"rendered":"<p>\u00c4r du ute efter en extra flaska f\u00f6r din bubliq kolsyremaskin? Denna flaska rymmer 800 ml och \u00e4r idealisk att ha liggande i kylen, f\u00e4rdig att kolsyra. Flaskan \u00e4r tillverkad av PET som \u00e4r fri fr\u00e5n BPA och ftalater och kommer med ett standard lock.<\/p>","protected":false},"featured_media":20860,"template":"","meta":[],"product_brand":[],"product_cat":[117],"product_tag":[],"woo-feed-brand":[],"class_list":{"0":"post-4461","1":"product","2":"type-product","3":"status-publish","4":"has-post-thumbnail","6":"product_cat-tilbehoer","8":"first","9":"outofstock","10":"taxable","11":"shipping-taxable","12":"purchasable","13":"product-type-simple"},"_links":{"self":[{"href":"https:\/\/bubliq.com\/se\/wp-json\/wp\/v2\/product\/4461","targetHints":{"allow":["GET"]}}],"collection":[{"href":"https:\/\/bubliq.com\/se\/wp-json\/wp\/v2\/product"}],"about":[{"href":"https:\/\/bubliq.com\/se\/wp-json\/wp\/v2\/types\/product"}],"version-history":[{"count":25,"href":"https:\/\/bubliq.com\/se\/wp-json\/wp\/v2\/product\/4461\/revisions"}],"predecessor-version":[{"id":22144,"href":"https:\/\/bubliq.com\/se\/wp-json\/wp\/v2\/product\/4461\/revisions\/22144"}],"wp:featuredmedia":[{"embeddable":true,"href":"https:\/\/bubliq.com\/se\/wp-json\/wp\/v2\/media\/20860"}],"wp:attachment":[{"href":"https:\/\/bubliq.com\/se\/wp-json\/wp\/v2\/media?parent=4461"}],"wp:term":[{"taxonomy":"product_brand","embeddable":true,"href":"https:\/\/bubliq.com\/se\/wp-json\/wp\/v2\/product_brand?post=4461"},{"taxonomy":"product_cat","embeddable":true,"href":"https:\/\/bubliq.com\/se\/wp-json\/wp\/v2\/product_cat?post=4461"},{"taxonomy":"product_tag","embeddable":true,"href":"https:\/\/bubliq.com\/se\/wp-json\/wp\/v2\/product_tag?post=4461"},{"taxonomy":"woo-feed-brand","embeddable":true,"href":"https:\/\/bubliq.com\/se\/wp-json\/wp\/v2\/woo-feed-brand?post=4461"}],"curies":[{"name":"wp","href":"https:\/\/api.w.org\/{rel}","templated":true}]}}