{"id":543,"date":"2019-06-06T12:36:43","date_gmt":"2019-06-06T10:36:43","guid":{"rendered":"http:\/\/shangsoda.com\/?post_type=product&#038;p=543"},"modified":"2026-04-09T11:53:42","modified_gmt":"2026-04-09T09:53:42","slug":"matsort-bubliq-drink-carbonator","status":"publish","type":"product","link":"https:\/\/bubliq.com\/se\/produkt\/matt-svart-bubliq-drink-carbonator\/","title":{"rendered":"Matt svart bubliq drink carbonator"},"content":{"rendered":"<div data-elementor-type=\"product-post\" data-elementor-id=\"543\" class=\"elementor elementor-543\" data-elementor-post-type=\"product\">\n\t\t\t\t<div class=\"elementor-element elementor-element-610b23e elementor-hidden-desktop elementor-hidden-tablet e-flex e-con-boxed e-con e-parent\" data-id=\"610b23e\" data-element_type=\"container\" data-e-type=\"container\">\n\t\t\t\t\t<div class=\"e-con-inner\">\n\t\t\t\t<div class=\"elementor-element elementor-element-0a24c36 elementor-widget elementor-widget-html\" data-id=\"0a24c36\" data-element_type=\"widget\" data-e-type=\"widget\" data-widget_type=\"html.default\">\n\t\t\t\t<div class=\"elementor-widget-container\">\n\t\t\t\t\t<div class=\"wistia_responsive_padding\" style=\"padding:125.0% 0 0 0;position:relative;\"><div class=\"wistia_responsive_wrapper\" style=\"height:100%;left:0;position:absolute;top:0;width:100%;\"><iframe src=\"https:\/\/fast.wistia.net\/embed\/iframe\/ys5a1eqfqz?seo=false&videoFoam=true\" title=\"Louisehjort-bubliq-video 4-5 ratio\" allow=\"autoplay; fullscreen\" allowtransparency=\"true\" frameborder=\"0\" scrolling=\"no\" class=\"wistia_embed\" name=\"wistia_embed\" msallowfullscreen width=\"100%\" height=\"100%\"><\/iframe><\/div><\/div>\n<script src=\"https:\/\/fast.wistia.net\/assets\/external\/E-v1.js\" async><\/script>\t\t\t\t<\/div>\n\t\t\t\t<\/div>\n\t\t\t\t\t<\/div>\n\t\t\t\t<\/div>\n\t\t<div class=\"elementor-element elementor-element-779cfef e-con-full e-flex e-con e-child\" data-id=\"779cfef\" data-element_type=\"container\" data-e-type=\"container\">\n\t\t<div class=\"elementor-element elementor-element-6a0b424 e-con-full e-flex e-con e-child\" data-id=\"6a0b424\" data-element_type=\"container\" data-e-type=\"container\">\n\t\t\t\t<div class=\"elementor-element elementor-element-217112f elementor-widget elementor-widget-n-accordion\" data-id=\"217112f\" data-element_type=\"widget\" data-e-type=\"widget\" data-settings=\"{&quot;default_state&quot;:&quot;expanded&quot;,&quot;max_items_expended&quot;:&quot;one&quot;,&quot;n_accordion_animation_duration&quot;:{&quot;unit&quot;:&quot;ms&quot;,&quot;size&quot;:400,&quot;sizes&quot;:[]}}\" data-widget_type=\"nested-accordion.default\">\n\t\t\t\t<div class=\"elementor-widget-container\">\n\t\t\t\t\t\t\t<div class=\"e-n-accordion\" aria-label=\"Accordion. Open links with Enter or Space, close with Escape, and navigate with Arrow Keys\">\n\t\t\t\t\t\t<details id=\"e-n-accordion-item-3500\" class=\"e-n-accordion-item\" open>\n\t\t\t\t<summary class=\"e-n-accordion-item-title\" data-accordion-index=\"1\" tabindex=\"0\" aria-expanded=\"true\" aria-controls=\"e-n-accordion-item-3500\" >\n\t\t\t\t\t<span class='e-n-accordion-item-title-header'><div class=\"e-n-accordion-item-title-text\"> Produktbeskrivning <\/div><\/span>\n\t\t\t\t\t\t\t<span class='e-n-accordion-item-title-icon'>\n\t\t\t<span class='e-opened' ><i aria-hidden=\"true\" class=\"fas fa-minus\"><\/i><\/span>\n\t\t\t<span class='e-closed'><i aria-hidden=\"true\" class=\"fas fa-plus\"><\/i><\/span>\n\t\t<\/span>\n\n\t\t\t\t\t\t<\/summary>\n\t\t\t\t<div role=\"region\" aria-labelledby=\"e-n-accordion-item-3500\" class=\"elementor-element elementor-element-cec95d8 e-con-full e-flex e-con e-child\" data-id=\"cec95d8\" data-element_type=\"container\" data-e-type=\"container\">\n\t\t\t\t<div class=\"elementor-element elementor-element-32d5381 elementor-widget elementor-widget-text-editor\" data-id=\"32d5381\" data-element_type=\"widget\" data-e-type=\"widget\" data-widget_type=\"text-editor.default\">\n\t\t\t\t<div class=\"elementor-widget-container\">\n\t\t\t\t\t\t\t\t\t<h6><strong>Stilren design<\/strong><\/h6><p>Den mattsvarta bubliq kolsyremaskinen bidrar med en sofistikerad touch till din k\u00f6ksb\u00e4nk med sin klassiska nyans. Dess slanka och minimalistiska design, som endast m\u00e4ter 8cm i bredd, lyfter inte bara din k\u00f6ksinredning till nya h\u00f6jder, utan tar heller inte upp n\u00e5gon on\u00f6dig yta.<\/p><h6><strong>Enkelhet<\/strong><\/h6><p>Med sin patenterade Air-Charge\u2122 teknologi, har bubliq revolutionerat kolsyreprocessen. Genom den innovativa funktionen beh\u00f6ver du endast skruva p\u00e5 korken, placera flaskan i kolsyremaskinen och kolsyra med n\u00e5gra tryck p\u00e5 toppen. Med Air-Charge \u2122 teknologin s\u00e4tter bubliq en ny standard f\u00f6r kolsyremaskiner. Slipp kr\u00e5nglet med att skruva och b\u00f6ja flaskor p\u00e5 plats och njut av den enkla och effektiva processen med bubliq!<\/p><h6><strong>Tills\u00e4tt kolsyra till allt<\/strong><\/h6><p>Med bubliq kolsyremaskinen kan du f\u00f6rvandla vilken tr\u00e5kig dryck som helst till en l\u00e4cker dryck. bubliq kolsyremaskin g\u00f6r det m\u00f6jligt f\u00f6r dig att kolsyra alla drycker, vare sig det \u00e4r vatten, vin eller lemonad. Var kreativ och tills\u00e4tt f\u00e4rska frukter och gr\u00f6nsaker i ditt vatten f\u00f6r att naturligt smaks\u00e4tta vatten. Vi rekommenderar att tills\u00e4tta n\u00e5gra skivor citron f\u00f6r en extra sprudlande smakupplevelse till ditt vatten.<\/p>\t\t\t\t\t\t\t\t<\/div>\n\t\t\t\t<\/div>\n\t\t\t\t<\/div>\n\t\t\t\t\t<\/details>\n\t\t\t\t\t\t<details id=\"e-n-accordion-item-3501\" class=\"e-n-accordion-item\" >\n\t\t\t\t<summary class=\"e-n-accordion-item-title\" data-accordion-index=\"2\" tabindex=\"-1\" aria-expanded=\"false\" aria-controls=\"e-n-accordion-item-3501\" >\n\t\t\t\t\t<span class='e-n-accordion-item-title-header'><div class=\"e-n-accordion-item-title-text\"> M\u00e5tt och material <\/div><\/span>\n\t\t\t\t\t\t\t<span class='e-n-accordion-item-title-icon'>\n\t\t\t<span class='e-opened' ><i aria-hidden=\"true\" class=\"fas fa-minus\"><\/i><\/span>\n\t\t\t<span class='e-closed'><i aria-hidden=\"true\" class=\"fas fa-plus\"><\/i><\/span>\n\t\t<\/span>\n\n\t\t\t\t\t\t<\/summary>\n\t\t\t\t<div role=\"region\" aria-labelledby=\"e-n-accordion-item-3501\" class=\"elementor-element elementor-element-64003e2 e-con-full e-flex e-con e-child\" data-id=\"64003e2\" data-element_type=\"container\" data-e-type=\"container\">\n\t\t\t\t<div class=\"elementor-element elementor-element-62d28d7 elementor-widget elementor-widget-text-editor\" data-id=\"62d28d7\" data-element_type=\"widget\" data-e-type=\"widget\" data-widget_type=\"text-editor.default\">\n\t\t\t\t<div class=\"elementor-widget-container\">\n\t\t\t\t\t\t\t\t\t<p><strong>Kolsyremaskin<br \/><\/strong>Material: ABS<strong><br \/><\/strong>M\u00e5tt: 42,5 x 8 x 16,5 cm (h\u00f6jd x bredd x djup)<br \/>Vikt exkl. kolsyrepatron: 0,8 kg.<\/p><p><strong>Flaska<br \/><\/strong>Material: PET, 100% BPA-fri<strong><br \/><\/strong>M\u00e5tt: 37,2 x 6,8 cm (h\u00f6jd x diameter)<\/p>\t\t\t\t\t\t\t\t<\/div>\n\t\t\t\t<\/div>\n\t\t\t\t<\/div>\n\t\t\t\t\t<\/details>\n\t\t\t\t\t\t<details id=\"e-n-accordion-item-3502\" class=\"e-n-accordion-item\" >\n\t\t\t\t<summary class=\"e-n-accordion-item-title\" data-accordion-index=\"3\" tabindex=\"-1\" aria-expanded=\"false\" aria-controls=\"e-n-accordion-item-3502\" >\n\t\t\t\t\t<span class='e-n-accordion-item-title-header'><div class=\"e-n-accordion-item-title-text\"> Kompatibilitet med kolsyrepatroner <\/div><\/span>\n\t\t\t\t\t\t\t<span class='e-n-accordion-item-title-icon'>\n\t\t\t<span class='e-opened' ><i aria-hidden=\"true\" class=\"fas fa-minus\"><\/i><\/span>\n\t\t\t<span class='e-closed'><i aria-hidden=\"true\" class=\"fas fa-plus\"><\/i><\/span>\n\t\t<\/span>\n\n\t\t\t\t\t\t<\/summary>\n\t\t\t\t<div role=\"region\" aria-labelledby=\"e-n-accordion-item-3502\" class=\"elementor-element elementor-element-39d0641 e-con-full e-flex e-con e-child\" data-id=\"39d0641\" data-element_type=\"container\" data-e-type=\"container\">\n\t\t\t\t<div class=\"elementor-element elementor-element-e5e8e20 elementor-widget elementor-widget-text-editor\" data-id=\"e5e8e20\" data-element_type=\"widget\" data-e-type=\"widget\" data-widget_type=\"text-editor.default\">\n\t\t\t\t<div class=\"elementor-widget-container\">\n\t\t\t\t\t\t\t\t\t<p>bubliq drink carbonator \u00e4r kompatibel med alla 425-450 g kolsyrepatroner t.ex. fr\u00e5n AGA, Grohe och SodaStream (utom SodaStream Quick Connect).\u00a0<\/p>\t\t\t\t\t\t\t\t<\/div>\n\t\t\t\t<\/div>\n\t\t\t\t<\/div>\n\t\t\t\t\t<\/details>\n\t\t\t\t\t\t<details id=\"e-n-accordion-item-3503\" class=\"e-n-accordion-item\" >\n\t\t\t\t<summary class=\"e-n-accordion-item-title\" data-accordion-index=\"4\" tabindex=\"-1\" aria-expanded=\"false\" aria-controls=\"e-n-accordion-item-3503\" >\n\t\t\t\t\t<span class='e-n-accordion-item-title-header'><div class=\"e-n-accordion-item-title-text\"> P\u00e5fyllning av kolsyrepatron <\/div><\/span>\n\t\t\t\t\t\t\t<span class='e-n-accordion-item-title-icon'>\n\t\t\t<span class='e-opened' ><i aria-hidden=\"true\" class=\"fas fa-minus\"><\/i><\/span>\n\t\t\t<span class='e-closed'><i aria-hidden=\"true\" class=\"fas fa-plus\"><\/i><\/span>\n\t\t<\/span>\n\n\t\t\t\t\t\t<\/summary>\n\t\t\t\t<div role=\"region\" aria-labelledby=\"e-n-accordion-item-3503\" class=\"elementor-element elementor-element-1161b19 e-flex e-con-boxed e-con e-child\" data-id=\"1161b19\" data-element_type=\"container\" data-e-type=\"container\">\n\t\t\t\t\t<div class=\"e-con-inner\">\n\t\t\t\t<div class=\"elementor-element elementor-element-16a4337 elementor-widget elementor-widget-text-editor\" data-id=\"16a4337\" data-element_type=\"widget\" data-e-type=\"widget\" data-widget_type=\"text-editor.default\">\n\t\t\t\t<div class=\"elementor-widget-container\">\n\t\t\t\t\t\t\t\t\t<p class=\"translation-block\"><b>P\u00e5fyllning online<\/b><br>\nDu kan byta ut dina tomma CO2 patroner genom v\u00e5r onlinetj\u00e4nst f\u00f6r p\u00e5fyllning. Notera att det kr\u00e4vs antingen 3 eller 6 st tomma kolsyrepatroner f\u00f6r att kunna anv\u00e4nda v\u00e5r utbytesservice. <b>OBS: <\/b>V\u00e5r utbytesservice online \u00e4r f\u00f6r tillf\u00e4llet endast tillg\u00e4nglig i vissa l\u00e4nder.\n<br><br>\n<b>Byte till andra m\u00e4rken<\/b><br>\nDet \u00e4r enkelt att byta ut kolsyrepatroner, eftersom de flesta CO2 patronerna f\u00f6r kolsyremaskiner f\u00f6ljer en universell standard. Du kan enkelt byta ut din patron mot vilket annat m\u00e4rke som helst, s\u00e5 l\u00e4nge den har en ventil med skruvg\u00e4nga. Detta s\u00e4kerst\u00e4ller kompatibilitet med din bubliq kolsyremaskin.<\/p>\t\t\t\t\t\t\t\t<\/div>\n\t\t\t\t<\/div>\n\t\t\t\t\t<\/div>\n\t\t\t\t<\/div>\n\t\t\t\t\t<\/details>\n\t\t\t\t\t\t<details id=\"e-n-accordion-item-3504\" class=\"e-n-accordion-item\" >\n\t\t\t\t<summary class=\"e-n-accordion-item-title\" data-accordion-index=\"5\" tabindex=\"-1\" aria-expanded=\"false\" aria-controls=\"e-n-accordion-item-3504\" >\n\t\t\t\t\t<span class='e-n-accordion-item-title-header'><div class=\"e-n-accordion-item-title-text\"> Reng\u00f6ring och underh\u00e5ll <\/div><\/span>\n\t\t\t\t\t\t\t<span class='e-n-accordion-item-title-icon'>\n\t\t\t<span class='e-opened' ><i aria-hidden=\"true\" class=\"fas fa-minus\"><\/i><\/span>\n\t\t\t<span class='e-closed'><i aria-hidden=\"true\" class=\"fas fa-plus\"><\/i><\/span>\n\t\t<\/span>\n\n\t\t\t\t\t\t<\/summary>\n\t\t\t\t<div role=\"region\" aria-labelledby=\"e-n-accordion-item-3504\" class=\"elementor-element elementor-element-2389c67 e-flex e-con-boxed e-con e-child\" data-id=\"2389c67\" data-element_type=\"container\" data-e-type=\"container\">\n\t\t\t\t\t<div class=\"e-con-inner\">\n\t\t\t\t<div class=\"elementor-element elementor-element-57664e1 elementor-widget elementor-widget-text-editor\" data-id=\"57664e1\" data-element_type=\"widget\" data-e-type=\"widget\" data-widget_type=\"text-editor.default\">\n\t\t\t\t<div class=\"elementor-widget-container\">\n\t\t\t\t\t\t\t\t\t<p style=\"text-align: left;\"><strong>Kolsyremaskin<\/strong><br \/>Reng\u00f6r kolsyremaskinen med en fuktig trasa och milt reng\u00f6ringsmedel.<br \/><strong><br \/>PET flaska<br \/><\/strong>Reng\u00f6r flaskan f\u00f6r hand med ett milt reng\u00f6ringsmedel. Undvik att uts\u00e4tta flaskan f\u00f6r temperaturer under 4\u00b0C och \u00f6ver 40\u00b0C. Flaskan \u00e4r <strong>inte<\/strong> diskmaskinss\u00e4ker.<\/p><p><strong>Kolsyrer\u00f6r<\/strong><br \/>Kolsyrer\u00f6ret tas enkelt bort fr\u00e5n flaskan f\u00f6r reng\u00f6ring. Tills\u00e4tter du kolsyra till andra v\u00e4tskor \u00e4n vatten s\u00e5 b\u00f6r alltid kolsyrer\u00f6ret reng\u00f6ras efter\u00e5t f\u00f6r att s\u00e4kra funktionen och se till att v\u00e4tskan inte s\u00e4tter igen \u00f6vertrycksventilen. Kolsyrer\u00f6ret reng\u00f6rs med varmt vatten och milt diskmedel. Kolsyrer\u00f6ret \u00e4r <strong>inte<\/strong> diskmaskinss\u00e4ker.<\/p>\t\t\t\t\t\t\t\t<\/div>\n\t\t\t\t<\/div>\n\t\t\t\t\t<\/div>\n\t\t\t\t<\/div>\n\t\t\t\t\t<\/details>\n\t\t\t\t\t\t<details id=\"e-n-accordion-item-3505\" class=\"e-n-accordion-item\" >\n\t\t\t\t<summary class=\"e-n-accordion-item-title\" data-accordion-index=\"6\" tabindex=\"-1\" aria-expanded=\"false\" aria-controls=\"e-n-accordion-item-3505\" >\n\t\t\t\t\t<span class='e-n-accordion-item-title-header'><div class=\"e-n-accordion-item-title-text\"> Reservdelar <\/div><\/span>\n\t\t\t\t\t\t\t<span class='e-n-accordion-item-title-icon'>\n\t\t\t<span class='e-opened' ><i aria-hidden=\"true\" class=\"fas fa-minus\"><\/i><\/span>\n\t\t\t<span class='e-closed'><i aria-hidden=\"true\" class=\"fas fa-plus\"><\/i><\/span>\n\t\t<\/span>\n\n\t\t\t\t\t\t<\/summary>\n\t\t\t\t<div role=\"region\" aria-labelledby=\"e-n-accordion-item-3505\" class=\"elementor-element elementor-element-c8d1be4 e-flex e-con-boxed e-con e-child\" data-id=\"c8d1be4\" data-element_type=\"container\" data-e-type=\"container\">\n\t\t\t\t\t<div class=\"e-con-inner\">\n\t\t\t\t<div class=\"elementor-element elementor-element-8a9bfdc elementor-widget elementor-widget-text-editor\" data-id=\"8a9bfdc\" data-element_type=\"widget\" data-e-type=\"widget\" data-widget_type=\"text-editor.default\">\n\t\t\t\t<div class=\"elementor-widget-container\">\n\t\t\t\t\t\t\t\t\t<p>Beh\u00f6ver du ett extra kolsyrer\u00f6r till din bubliq kolsyremaskin?<\/p><p><a href=\"https:\/\/bubliq.com\/se\/produkt\/infuser-cap\/\">Kolsyrer\u00f6r - klicka h\u00e4r<\/a><\/p>\t\t\t\t\t\t\t\t<\/div>\n\t\t\t\t<\/div>\n\t\t\t\t\t<\/div>\n\t\t\t\t<\/div>\n\t\t\t\t\t<\/details>\n\t\t\t\t\t\t<details id=\"e-n-accordion-item-3506\" class=\"e-n-accordion-item\" >\n\t\t\t\t<summary class=\"e-n-accordion-item-title\" data-accordion-index=\"7\" tabindex=\"-1\" aria-expanded=\"false\" aria-controls=\"e-n-accordion-item-3506\" >\n\t\t\t\t\t<span class='e-n-accordion-item-title-header'><div class=\"e-n-accordion-item-title-text\"> Manual <\/div><\/span>\n\t\t\t\t\t\t\t<span class='e-n-accordion-item-title-icon'>\n\t\t\t<span class='e-opened' ><i aria-hidden=\"true\" class=\"fas fa-minus\"><\/i><\/span>\n\t\t\t<span class='e-closed'><i aria-hidden=\"true\" class=\"fas fa-plus\"><\/i><\/span>\n\t\t<\/span>\n\n\t\t\t\t\t\t<\/summary>\n\t\t\t\t<div role=\"region\" aria-labelledby=\"e-n-accordion-item-3506\" class=\"elementor-element elementor-element-dccdaa7 e-flex e-con-boxed e-con e-child\" data-id=\"dccdaa7\" data-element_type=\"container\" data-e-type=\"container\">\n\t\t\t\t\t<div class=\"e-con-inner\">\n\t\t\t\t<div class=\"elementor-element elementor-element-8f57527 elementor-widget elementor-widget-text-editor\" data-id=\"8f57527\" data-element_type=\"widget\" data-e-type=\"widget\" data-widget_type=\"text-editor.default\">\n\t\t\t\t<div class=\"elementor-widget-container\">\n\t\t\t\t\t\t\t\t\t<p>Du hittar manualen f\u00f6r bubliq drink carbonator <a href=\"https:\/\/bubliq.com\/wp-content\/uploads\/2025\/07\/User-Manual-bubliq-drink-carbonator-2025-Web.pdf\" target=\"_blank\" rel=\"noopener\">h\u00e4r.<\/a><\/p>\t\t\t\t\t\t\t\t<\/div>\n\t\t\t\t<\/div>\n\t\t\t\t\t<\/div>\n\t\t\t\t<\/div>\n\t\t\t\t\t<\/details>\n\t\t\t\t\t<\/div>\n\t\t\t\t\t\t<\/div>\n\t\t\t\t<\/div>\n\t\t\t\t<\/div>\n\t\t\t\t<\/div>\n\t\t\t\t<\/div>","protected":false},"excerpt":{"rendered":"<p><strong>En ny era av kolsyremaskiner<\/strong><br \/>\nMed sina 8 cm i bredd, \u00e4r bubliq v\u00e4rldens smalaste kolsyremaskin! Med sin smala design som tar upp minimalt med k\u00f6ksyta tillsammans med den klassiska f\u00e4rgen, \u00e4r bubliq en elegant och tidl\u00f6s inredningsdetalj p\u00e5 vilken k\u00f6ksb\u00e4nk som helst. Tack vare den patenterade Air-Charge\u2122 teknologin, \u00e4r det enklare \u00e4n n\u00e5gonsin att skapa l\u00e4ckra drycker och friskt bubbelvatten. Upplev m\u00e5ngsidigheten med bubliq, som kan tills\u00e4tta kolsyra till vatten, vin, drinkar och mer. Lyft dina drycker, \u00e4ven de med f\u00e4rska frukter och gr\u00f6nsaker!<\/p>","protected":false},"featured_media":20857,"template":"","meta":[],"product_brand":[],"product_cat":[31],"product_tag":[30],"woo-feed-brand":[],"class_list":{"0":"post-543","1":"product","2":"type-product","3":"status-publish","4":"has-post-thumbnail","6":"product_cat-sodavandsmaskiner","7":"product_tag-kulsyremaskine","9":"first","10":"instock","11":"taxable","12":"shipping-taxable","13":"purchasable","14":"product-type-simple"},"_links":{"self":[{"href":"https:\/\/bubliq.com\/se\/wp-json\/wp\/v2\/product\/543","targetHints":{"allow":["GET"]}}],"collection":[{"href":"https:\/\/bubliq.com\/se\/wp-json\/wp\/v2\/product"}],"about":[{"href":"https:\/\/bubliq.com\/se\/wp-json\/wp\/v2\/types\/product"}],"version-history":[{"count":40,"href":"https:\/\/bubliq.com\/se\/wp-json\/wp\/v2\/product\/543\/revisions"}],"predecessor-version":[{"id":24668,"href":"https:\/\/bubliq.com\/se\/wp-json\/wp\/v2\/product\/543\/revisions\/24668"}],"wp:featuredmedia":[{"embeddable":true,"href":"https:\/\/bubliq.com\/se\/wp-json\/wp\/v2\/media\/20857"}],"wp:attachment":[{"href":"https:\/\/bubliq.com\/se\/wp-json\/wp\/v2\/media?parent=543"}],"wp:term":[{"taxonomy":"product_brand","embeddable":true,"href":"https:\/\/bubliq.com\/se\/wp-json\/wp\/v2\/product_brand?post=543"},{"taxonomy":"product_cat","embeddable":true,"href":"https:\/\/bubliq.com\/se\/wp-json\/wp\/v2\/product_cat?post=543"},{"taxonomy":"product_tag","embeddable":true,"href":"https:\/\/bubliq.com\/se\/wp-json\/wp\/v2\/product_tag?post=543"},{"taxonomy":"woo-feed-brand","embeddable":true,"href":"https:\/\/bubliq.com\/se\/wp-json\/wp\/v2\/woo-feed-brand?post=543"}],"curies":[{"name":"wp","href":"https:\/\/api.w.org\/{rel}","templated":true}]}}