{"id":8491,"date":"2020-07-22T12:12:38","date_gmt":"2020-07-22T10:12:38","guid":{"rendered":"https:\/\/bubliq.com\/?post_type=product&#038;p=8491"},"modified":"2025-10-16T13:48:33","modified_gmt":"2025-10-16T11:48:33","slug":"italian-sorrento-lemonade-sirup","status":"publish","type":"product","link":"https:\/\/bubliq.com\/se\/produkt\/italian-sorrento-lemonade-sirap\/","title":{"rendered":"Italian Sorrento Lemonade"},"content":{"rendered":"<div data-elementor-type=\"product-post\" data-elementor-id=\"8491\" class=\"elementor elementor-8491\" data-elementor-post-type=\"product\">\n\t\t\t\t<div class=\"elementor-element elementor-element-26c1e2f e-con-full e-flex e-con e-child\" data-id=\"26c1e2f\" data-element_type=\"container\" data-e-type=\"container\">\n\t\t<div class=\"elementor-element elementor-element-30f5f9c e-con-full e-flex e-con e-child\" data-id=\"30f5f9c\" data-element_type=\"container\" data-e-type=\"container\">\n\t\t\t\t<div class=\"elementor-element elementor-element-8af49d7 elementor-widget elementor-widget-n-accordion\" data-id=\"8af49d7\" data-element_type=\"widget\" data-e-type=\"widget\" data-settings=\"{&quot;default_state&quot;:&quot;expanded&quot;,&quot;max_items_expended&quot;:&quot;one&quot;,&quot;n_accordion_animation_duration&quot;:{&quot;unit&quot;:&quot;ms&quot;,&quot;size&quot;:400,&quot;sizes&quot;:[]}}\" data-widget_type=\"nested-accordion.default\">\n\t\t\t\t<div class=\"elementor-widget-container\">\n\t\t\t\t\t\t\t<div class=\"e-n-accordion\" aria-label=\"Accordion. Open links with Enter or Space, close with Escape, and navigate with Arrow Keys\">\n\t\t\t\t\t\t<details id=\"e-n-accordion-item-1450\" class=\"e-n-accordion-item\" open>\n\t\t\t\t<summary class=\"e-n-accordion-item-title\" data-accordion-index=\"1\" tabindex=\"0\" aria-expanded=\"true\" aria-controls=\"e-n-accordion-item-1450\" >\n\t\t\t\t\t<span class='e-n-accordion-item-title-header'><div class=\"e-n-accordion-item-title-text\"> Produktbeskrivning <\/div><\/span>\n\t\t\t\t\t\t\t<span class='e-n-accordion-item-title-icon'>\n\t\t\t<span class='e-opened' ><i aria-hidden=\"true\" class=\"fas fa-minus\"><\/i><\/span>\n\t\t\t<span class='e-closed'><i aria-hidden=\"true\" class=\"fas fa-plus\"><\/i><\/span>\n\t\t<\/span>\n\n\t\t\t\t\t\t<\/summary>\n\t\t\t\t<div role=\"region\" aria-labelledby=\"e-n-accordion-item-1450\" class=\"elementor-element elementor-element-7476159 e-con-full e-flex e-con e-child\" data-id=\"7476159\" data-element_type=\"container\" data-e-type=\"container\">\n\t\t\t\t<div class=\"elementor-element elementor-element-26b4f8c elementor-widget elementor-widget-text-editor\" data-id=\"26b4f8c\" data-element_type=\"widget\" data-e-type=\"widget\" data-widget_type=\"text-editor.default\">\n\t\t\t\t<div class=\"elementor-widget-container\">\n\t\t\t\t\t\t\t\t\t<p>Italian Sorrento Lemonade ger dig med sitt h\u00f6ga inneh\u00e5ll av naturlig citronjuice smaken av medelhavets sommar och v\u00e4rme. Citronerna odlas p\u00e5 de branta bergsklipporna p\u00e5 Sorrento halv\u00f6n, d\u00e4r de varsamt handplockas. Kustklimatet kombinerat med de m\u00e5nga soltimmarna ger Sorrento citronerna en perfekt arom med avrundad smak, vilket endast kan k\u00e4nnetecknas av citrusfrukter just d\u00e4rifr\u00e5n. Italian Sorrento Lemonade p\u00e5minner om en klassisk hemgjord lemonad, som med sitt h\u00f6ga inneh\u00e5ll av \u00e4kta citronjuice kommer vara det n\u00e4rmaste du kommer till den \u00e4kta varan. Lemonaden kan avnjutas med eller utan kolsyra och \u00e4r ypperlig till cocktails och sorbet. \n\nLemonaden sp\u00e4des i f\u00f6rh\u00e5llande om 1:13,5 och 500 ml ger 7,25 liter f\u00e4rdig dryck.<\/p><p>Den BPA-fria beh\u00e5llaren \u00e4r luftt\u00e4t, vilket s\u00e4krar dig om at lemonaden h\u00e5ller sig f\u00e4rsk i kylsk\u00e5pet under flera m\u00e5nader.<\/p>\t\t\t\t\t\t\t\t<\/div>\n\t\t\t\t<\/div>\n\t\t\t\t<\/div>\n\t\t\t\t\t<\/details>\n\t\t\t\t\t\t<details id=\"e-n-accordion-item-1451\" class=\"e-n-accordion-item\" >\n\t\t\t\t<summary class=\"e-n-accordion-item-title\" data-accordion-index=\"2\" tabindex=\"-1\" aria-expanded=\"false\" aria-controls=\"e-n-accordion-item-1451\" >\n\t\t\t\t\t<span class='e-n-accordion-item-title-header'><div class=\"e-n-accordion-item-title-text\"> Ingredienser <\/div><\/span>\n\t\t\t\t\t\t\t<span class='e-n-accordion-item-title-icon'>\n\t\t\t<span class='e-opened' ><i aria-hidden=\"true\" class=\"fas fa-minus\"><\/i><\/span>\n\t\t\t<span class='e-closed'><i aria-hidden=\"true\" class=\"fas fa-plus\"><\/i><\/span>\n\t\t<\/span>\n\n\t\t\t\t\t\t<\/summary>\n\t\t\t\t<div role=\"region\" aria-labelledby=\"e-n-accordion-item-1451\" class=\"elementor-element elementor-element-7c2400a e-flex e-con-boxed e-con e-child\" data-id=\"7c2400a\" data-element_type=\"container\" data-e-type=\"container\">\n\t\t\t\t\t<div class=\"e-con-inner\">\n\t\t\t\t<div class=\"elementor-element elementor-element-e9ea75f elementor-widget elementor-widget-text-editor\" data-id=\"e9ea75f\" data-element_type=\"widget\" data-e-type=\"widget\" data-widget_type=\"text-editor.default\">\n\t\t\t\t<div class=\"elementor-widget-container\">\n\t\t\t\t\t\t\t\t\t<p style=\"text-align: left;\">Italiensk citron juice &amp; fruktk\u00f6tt (88%), r\u00f6rsocker, naturliga aromer, surhetsreglerande medel: citronsyra, s\u00f6tningsmedel: sukralos, konserveringsmedel: kaliumsorbat, natriumbensoat, naturligt f\u00e4rg\u00e4mne: safflor extrakt.<\/p>\t\t\t\t\t\t\t\t<\/div>\n\t\t\t\t<\/div>\n\t\t\t\t\t<\/div>\n\t\t\t\t<\/div>\n\t\t\t\t\t<\/details>\n\t\t\t\t\t\t<details id=\"e-n-accordion-item-1452\" class=\"e-n-accordion-item\" >\n\t\t\t\t<summary class=\"e-n-accordion-item-title\" data-accordion-index=\"3\" tabindex=\"-1\" aria-expanded=\"false\" aria-controls=\"e-n-accordion-item-1452\" >\n\t\t\t\t\t<span class='e-n-accordion-item-title-header'><div class=\"e-n-accordion-item-title-text\"> N\u00e4ringsinneh\u00e5ll <\/div><\/span>\n\t\t\t\t\t\t\t<span class='e-n-accordion-item-title-icon'>\n\t\t\t<span class='e-opened' ><i aria-hidden=\"true\" class=\"fas fa-minus\"><\/i><\/span>\n\t\t\t<span class='e-closed'><i aria-hidden=\"true\" class=\"fas fa-plus\"><\/i><\/span>\n\t\t<\/span>\n\n\t\t\t\t\t\t<\/summary>\n\t\t\t\t<div role=\"region\" aria-labelledby=\"e-n-accordion-item-1452\" class=\"elementor-element elementor-element-34f70b6 e-flex e-con-boxed e-con e-child\" data-id=\"34f70b6\" data-element_type=\"container\" data-e-type=\"container\">\n\t\t\t\t\t<div class=\"e-con-inner\">\n\t\t\t\t<div class=\"elementor-element elementor-element-4a32619 elementor-widget elementor-widget-text-editor\" data-id=\"4a32619\" data-element_type=\"widget\" data-e-type=\"widget\" data-widget_type=\"text-editor.default\">\n\t\t\t\t<div class=\"elementor-widget-container\">\n\t\t\t\t\t\t\t\t\t<p><strong>N\u00e4ringsinneh\u00e5ll per 100 ml dryck vid beredning efter anvisning:<\/strong><\/p><p>Energi: 91 kJ\/21 kcal (0%)<br \/>Fett: 0 g (0%)<br \/>\u2013 varav m\u00e4ttat fett: 0 g (0%)<br \/>\u2013 om\u00e4ttat fett: 0 g (0%)<br \/>Kolhydrat:  5,7 g (2%)<br \/>\u2013 varav socker: 4,55 g<br \/>Protein: 0 g (0%)<br \/>Salt: 2,36 mg (0%)<br \/>*% - rekommenderat intag f\u00f6r en genomsnittlig vuxen (8400 kJ\/2000 kcal)<\/p>\t\t\t\t\t\t\t\t<\/div>\n\t\t\t\t<\/div>\n\t\t\t\t\t<\/div>\n\t\t\t\t<\/div>\n\t\t\t\t\t<\/details>\n\t\t\t\t\t\t<details id=\"e-n-accordion-item-1453\" class=\"e-n-accordion-item\" >\n\t\t\t\t<summary class=\"e-n-accordion-item-title\" data-accordion-index=\"4\" tabindex=\"-1\" aria-expanded=\"false\" aria-controls=\"e-n-accordion-item-1453\" >\n\t\t\t\t\t<span class='e-n-accordion-item-title-header'><div class=\"e-n-accordion-item-title-text\"> Inneh\u00e5ll &amp; h\u00e5llbarhet  <\/div><\/span>\n\t\t\t\t\t\t\t<span class='e-n-accordion-item-title-icon'>\n\t\t\t<span class='e-opened' ><i aria-hidden=\"true\" class=\"fas fa-minus\"><\/i><\/span>\n\t\t\t<span class='e-closed'><i aria-hidden=\"true\" class=\"fas fa-plus\"><\/i><\/span>\n\t\t<\/span>\n\n\t\t\t\t\t\t<\/summary>\n\t\t\t\t<div role=\"region\" aria-labelledby=\"e-n-accordion-item-1453\" class=\"elementor-element elementor-element-88f5e80 e-flex e-con-boxed e-con e-child\" data-id=\"88f5e80\" data-element_type=\"container\" data-e-type=\"container\">\n\t\t\t\t\t<div class=\"e-con-inner\">\n\t\t\t\t<div class=\"elementor-element elementor-element-d1e231b elementor-widget elementor-widget-text-editor\" data-id=\"d1e231b\" data-element_type=\"widget\" data-e-type=\"widget\" data-widget_type=\"text-editor.default\">\n\t\t\t\t<div class=\"elementor-widget-container\">\n\t\t\t\t\t\t\t\t\t<p><strong>Flaskans netto inneh\u00e5ll:<\/strong> 500 ml.<br \/><strong>H\u00e5llbarhet (b\u00e4st f\u00f6re):<\/strong> 24 m\u00e5nader i o\u00f6ppnad beh\u00e5llare. 1-2 m\u00e5nader i \u00f6ppnad beh\u00e5llare i kylsk\u00e5p.<br \/><strong>Rekommenderat blandningsf\u00f6rh\u00e5llande:<\/strong>1 del smaks\u00e4ttare til 13,5 delar vatten<\/p>\t\t\t\t\t\t\t\t<\/div>\n\t\t\t\t<\/div>\n\t\t\t\t\t<\/div>\n\t\t\t\t<\/div>\n\t\t\t\t\t<\/details>\n\t\t\t\t\t<\/div>\n\t\t\t\t\t\t<\/div>\n\t\t\t\t<\/div>\n\t\t\t\t<\/div>\n\t\t\t\t<\/div>\n\t\t\t\t<\/div>","protected":false},"excerpt":{"rendered":"<p>Italian Sorrento Lemonade \u00e4r en smaks\u00e4ttare till din bubliq kolsyremaskin, som inneh\u00e5ller hela 88% naturlig citronjuice. Citronerna som anv\u00e4nds i smaks\u00e4ttaren odlas och handplockas fr\u00e5n det soliga Amalfikusten i Italien. Med sitt kustklimat och m\u00e5nga soltimmar f\u00e5r citronfrukterna en god arom och avrundad smak. Det ger Italian Sorrento Lemonade den perfekta blandningen av s\u00f6tma och syrlighet, som g\u00f6r den till en f\u00f6rfriskande dryck som kan njutas med eller utan kolsyra.<\/p>\n<ul>\n<li>88% \u00e4kta citronjuice<\/li>\n<li>GMO-fri och fri fr\u00e5n konstgjorda f\u00e4rg\u00e4mnen<\/li>\n<li>L\u00e5gt inneh\u00e5ll av socker<\/li>\n<\/ul>","protected":false},"featured_media":23596,"template":"","meta":[],"product_brand":[],"product_cat":[148],"product_tag":[],"woo-feed-brand":[],"class_list":{"0":"post-8491","1":"product","2":"type-product","3":"status-publish","4":"has-post-thumbnail","6":"product_cat-sodavandssirup","8":"first","9":"instock","10":"taxable","11":"shipping-taxable","12":"purchasable","13":"product-type-simple"},"_links":{"self":[{"href":"https:\/\/bubliq.com\/se\/wp-json\/wp\/v2\/product\/8491","targetHints":{"allow":["GET"]}}],"collection":[{"href":"https:\/\/bubliq.com\/se\/wp-json\/wp\/v2\/product"}],"about":[{"href":"https:\/\/bubliq.com\/se\/wp-json\/wp\/v2\/types\/product"}],"version-history":[{"count":34,"href":"https:\/\/bubliq.com\/se\/wp-json\/wp\/v2\/product\/8491\/revisions"}],"predecessor-version":[{"id":23828,"href":"https:\/\/bubliq.com\/se\/wp-json\/wp\/v2\/product\/8491\/revisions\/23828"}],"wp:featuredmedia":[{"embeddable":true,"href":"https:\/\/bubliq.com\/se\/wp-json\/wp\/v2\/media\/23596"}],"wp:attachment":[{"href":"https:\/\/bubliq.com\/se\/wp-json\/wp\/v2\/media?parent=8491"}],"wp:term":[{"taxonomy":"product_brand","embeddable":true,"href":"https:\/\/bubliq.com\/se\/wp-json\/wp\/v2\/product_brand?post=8491"},{"taxonomy":"product_cat","embeddable":true,"href":"https:\/\/bubliq.com\/se\/wp-json\/wp\/v2\/product_cat?post=8491"},{"taxonomy":"product_tag","embeddable":true,"href":"https:\/\/bubliq.com\/se\/wp-json\/wp\/v2\/product_tag?post=8491"},{"taxonomy":"woo-feed-brand","embeddable":true,"href":"https:\/\/bubliq.com\/se\/wp-json\/wp\/v2\/woo-feed-brand?post=8491"}],"curies":[{"name":"wp","href":"https:\/\/api.w.org\/{rel}","templated":true}]}}