{"id":8498,"date":"2020-07-23T07:03:14","date_gmt":"2020-07-23T05:03:14","guid":{"rendered":"https:\/\/bubliq.com\/?post_type=product&#038;p=8498"},"modified":"2026-02-10T11:03:56","modified_gmt":"2026-02-10T09:03:56","slug":"italian-blood-orange-sirup","status":"publish","type":"product","link":"https:\/\/bubliq.com\/se\/produkt\/italian-blood-orange-sirap\/","title":{"rendered":"Italian Blood Orange"},"content":{"rendered":"<div data-elementor-type=\"product-post\" data-elementor-id=\"8498\" class=\"elementor elementor-8498\" data-elementor-post-type=\"product\">\n\t\t\t\t<div class=\"elementor-element elementor-element-14e66cb e-con-full e-flex e-con e-child\" data-id=\"14e66cb\" data-element_type=\"container\" data-e-type=\"container\">\n\t\t<div class=\"elementor-element elementor-element-9a7e9e8 e-con-full e-flex e-con e-child\" data-id=\"9a7e9e8\" data-element_type=\"container\" data-e-type=\"container\">\n\t\t\t\t<div class=\"elementor-element elementor-element-2fe04da elementor-widget elementor-widget-n-accordion\" data-id=\"2fe04da\" data-element_type=\"widget\" data-e-type=\"widget\" data-settings=\"{&quot;default_state&quot;:&quot;expanded&quot;,&quot;max_items_expended&quot;:&quot;one&quot;,&quot;n_accordion_animation_duration&quot;:{&quot;unit&quot;:&quot;ms&quot;,&quot;size&quot;:400,&quot;sizes&quot;:[]}}\" data-widget_type=\"nested-accordion.default\">\n\t\t\t\t<div class=\"elementor-widget-container\">\n\t\t\t\t\t\t\t<div class=\"e-n-accordion\" aria-label=\"Accordion. Open links with Enter or Space, close with Escape, and navigate with Arrow Keys\">\n\t\t\t\t\t\t<details id=\"e-n-accordion-item-5020\" class=\"e-n-accordion-item\" open>\n\t\t\t\t<summary class=\"e-n-accordion-item-title\" data-accordion-index=\"1\" tabindex=\"0\" aria-expanded=\"true\" aria-controls=\"e-n-accordion-item-5020\" >\n\t\t\t\t\t<span class='e-n-accordion-item-title-header'><div class=\"e-n-accordion-item-title-text\"> Produktbeskrivning <\/div><\/span>\n\t\t\t\t\t\t\t<span class='e-n-accordion-item-title-icon'>\n\t\t\t<span class='e-opened' ><i aria-hidden=\"true\" class=\"fas fa-minus\"><\/i><\/span>\n\t\t\t<span class='e-closed'><i aria-hidden=\"true\" class=\"fas fa-plus\"><\/i><\/span>\n\t\t<\/span>\n\n\t\t\t\t\t\t<\/summary>\n\t\t\t\t<div role=\"region\" aria-labelledby=\"e-n-accordion-item-5020\" class=\"elementor-element elementor-element-ee6a6f3 e-con-full e-flex e-con e-child\" data-id=\"ee6a6f3\" data-element_type=\"container\" data-e-type=\"container\">\n\t\t\t\t<div class=\"elementor-element elementor-element-c8e4d5a elementor-widget elementor-widget-text-editor\" data-id=\"c8e4d5a\" data-element_type=\"widget\" data-e-type=\"widget\" data-widget_type=\"text-editor.default\">\n\t\t\t\t<div class=\"elementor-widget-container\">\n\t\t\t\t\t\t\t\t\t<p>Italian Blood Orange ger dig smaken av Italiensk sommar. Den f\u00f6rfriskande smaks\u00e4ttaren \u00e4r utvunnen av solmogna blodapelsiner, som odlas och handplockas p\u00e5 Medelhavets p\u00e4rla, Sicilien. De handplockade blodapelsinerna fr\u00e5n Sicilien s\u00e4gs vara n\u00e5gra av de absolut b\u00e4sta blodapelsinerna i v\u00e4rlden, baserat p\u00e5 den soliga kusten och den vulkaniska jorden. Detta ger fruktk\u00f6ttet dess starka r\u00f6da f\u00e4rg och aromatiska smak. Den kaloril\u00e4tta sirapen sp\u00e4des 1:13,5 och ger 7,25 liter f\u00e4rdigblandad dryck. Italian Blood Orange kan njutas med eller utan kolsyra, eller som en s\u00f6tfylld twist till din G&amp;T eller Negroni.<\/p><p>Den BPA-fria beh\u00e5llaren \u00e4r luftt\u00e4t, vilket s\u00e4krar dig om at lemonaden h\u00e5ller sig f\u00e4rsk i kylsk\u00e5pet under flera m\u00e5nader.<\/p>\t\t\t\t\t\t\t\t<\/div>\n\t\t\t\t<\/div>\n\t\t\t\t<\/div>\n\t\t\t\t\t<\/details>\n\t\t\t\t\t\t<details id=\"e-n-accordion-item-5021\" class=\"e-n-accordion-item\" >\n\t\t\t\t<summary class=\"e-n-accordion-item-title\" data-accordion-index=\"2\" tabindex=\"-1\" aria-expanded=\"false\" aria-controls=\"e-n-accordion-item-5021\" >\n\t\t\t\t\t<span class='e-n-accordion-item-title-header'><div class=\"e-n-accordion-item-title-text\"> Ingredienser <\/div><\/span>\n\t\t\t\t\t\t\t<span class='e-n-accordion-item-title-icon'>\n\t\t\t<span class='e-opened' ><i aria-hidden=\"true\" class=\"fas fa-minus\"><\/i><\/span>\n\t\t\t<span class='e-closed'><i aria-hidden=\"true\" class=\"fas fa-plus\"><\/i><\/span>\n\t\t<\/span>\n\n\t\t\t\t\t\t<\/summary>\n\t\t\t\t<div role=\"region\" aria-labelledby=\"e-n-accordion-item-5021\" class=\"elementor-element elementor-element-f62c0d1 e-flex e-con-boxed e-con e-child\" data-id=\"f62c0d1\" data-element_type=\"container\" data-e-type=\"container\">\n\t\t\t\t\t<div class=\"e-con-inner\">\n\t\t\t\t<div class=\"elementor-element elementor-element-71872f4 elementor-widget elementor-widget-text-editor\" data-id=\"71872f4\" data-element_type=\"widget\" data-e-type=\"widget\" data-widget_type=\"text-editor.default\">\n\t\t\t\t<div class=\"elementor-widget-container\">\n\t\t\t\t\t\t\t\t\t<p style=\"text-align: left;\">Koncentrerad blodapelsinjuice och fruktk\u00f6tt (88%), r\u00f6rsocker, naturliga aromer, surhetsreglerande medel: citronsyra, s\u00f6tningsmedel: sukralos, konserveringsmedel: kaliumsorbat, natriumbensoat, f\u00f6rtjockningsmedel: pektin, naturligt f\u00e4rg\u00e4mne: fl\u00e4derb\u00e4rsextrakt.<\/p>\t\t\t\t\t\t\t\t<\/div>\n\t\t\t\t<\/div>\n\t\t\t\t\t<\/div>\n\t\t\t\t<\/div>\n\t\t\t\t\t<\/details>\n\t\t\t\t\t\t<details id=\"e-n-accordion-item-5022\" class=\"e-n-accordion-item\" >\n\t\t\t\t<summary class=\"e-n-accordion-item-title\" data-accordion-index=\"3\" tabindex=\"-1\" aria-expanded=\"false\" aria-controls=\"e-n-accordion-item-5022\" >\n\t\t\t\t\t<span class='e-n-accordion-item-title-header'><div class=\"e-n-accordion-item-title-text\"> N\u00e4ringsinneh\u00e5ll <\/div><\/span>\n\t\t\t\t\t\t\t<span class='e-n-accordion-item-title-icon'>\n\t\t\t<span class='e-opened' ><i aria-hidden=\"true\" class=\"fas fa-minus\"><\/i><\/span>\n\t\t\t<span class='e-closed'><i aria-hidden=\"true\" class=\"fas fa-plus\"><\/i><\/span>\n\t\t<\/span>\n\n\t\t\t\t\t\t<\/summary>\n\t\t\t\t<div role=\"region\" aria-labelledby=\"e-n-accordion-item-5022\" class=\"elementor-element elementor-element-5eb4925 e-flex e-con-boxed e-con e-child\" data-id=\"5eb4925\" data-element_type=\"container\" data-e-type=\"container\">\n\t\t\t\t\t<div class=\"e-con-inner\">\n\t\t\t\t<div class=\"elementor-element elementor-element-f071d2f elementor-widget elementor-widget-text-editor\" data-id=\"f071d2f\" data-element_type=\"widget\" data-e-type=\"widget\" data-widget_type=\"text-editor.default\">\n\t\t\t\t<div class=\"elementor-widget-container\">\n\t\t\t\t\t\t\t\t\t<p><strong>N\u00e4ringsinneh\u00e5ll per 100 ml dryck vid beredning efter anvisning:<\/strong><\/p><p>Energi: 91 kJ\/21 kcal (0%)<br \/>Fett: 0 g (0%)<br \/>\u2013 varav m\u00e4ttat fett: 0 g (0%)<br \/>\u2013 om\u00e4ttat fett: 0 g (0%)<br \/>Kolhydrat:  5,48 g (2%)<br \/>\u2013 varav socker: 5,08 g<br \/>Protein: 0 g (0%)<br \/>Salt: 4 mg (0%)<br \/>*% - rekommenderat intag f\u00f6r en genomsnittlig vuxen (8400 kJ\/2000 kcal)<\/p>\t\t\t\t\t\t\t\t<\/div>\n\t\t\t\t<\/div>\n\t\t\t\t\t<\/div>\n\t\t\t\t<\/div>\n\t\t\t\t\t<\/details>\n\t\t\t\t\t\t<details id=\"e-n-accordion-item-5023\" class=\"e-n-accordion-item\" >\n\t\t\t\t<summary class=\"e-n-accordion-item-title\" data-accordion-index=\"4\" tabindex=\"-1\" aria-expanded=\"false\" aria-controls=\"e-n-accordion-item-5023\" >\n\t\t\t\t\t<span class='e-n-accordion-item-title-header'><div class=\"e-n-accordion-item-title-text\"> Inneh\u00e5ll &amp; h\u00e5llbarhet  <\/div><\/span>\n\t\t\t\t\t\t\t<span class='e-n-accordion-item-title-icon'>\n\t\t\t<span class='e-opened' ><i aria-hidden=\"true\" class=\"fas fa-minus\"><\/i><\/span>\n\t\t\t<span class='e-closed'><i aria-hidden=\"true\" class=\"fas fa-plus\"><\/i><\/span>\n\t\t<\/span>\n\n\t\t\t\t\t\t<\/summary>\n\t\t\t\t<div role=\"region\" aria-labelledby=\"e-n-accordion-item-5023\" class=\"elementor-element elementor-element-edfe2cb e-flex e-con-boxed e-con e-child\" data-id=\"edfe2cb\" data-element_type=\"container\" data-e-type=\"container\">\n\t\t\t\t\t<div class=\"e-con-inner\">\n\t\t\t\t<div class=\"elementor-element elementor-element-1c301e0 elementor-widget elementor-widget-text-editor\" data-id=\"1c301e0\" data-element_type=\"widget\" data-e-type=\"widget\" data-widget_type=\"text-editor.default\">\n\t\t\t\t<div class=\"elementor-widget-container\">\n\t\t\t\t\t\t\t\t\t<p><strong>Flaskans netto inneh\u00e5ll:<\/strong> 500 ml.<br \/><strong>H\u00e5llbarhet (b\u00e4st f\u00f6re):<\/strong> 24 m\u00e5nader i o\u00f6ppnad beh\u00e5llare. 1-2 m\u00e5nader i \u00f6ppnad beh\u00e5llare i kylsk\u00e5p.<br \/><strong>Rekommenderat blandningsf\u00f6rh\u00e5llande:<\/strong>1 del smaks\u00e4ttare til 13,5 delar vatten<\/p>\t\t\t\t\t\t\t\t<\/div>\n\t\t\t\t<\/div>\n\t\t\t\t\t<\/div>\n\t\t\t\t<\/div>\n\t\t\t\t\t<\/details>\n\t\t\t\t\t<\/div>\n\t\t\t\t\t\t<\/div>\n\t\t\t\t<\/div>\n\t\t\t\t<\/div>\n\t\t\t\t<\/div>\n\t\t\t\t<\/div>","protected":false},"excerpt":{"rendered":"<p>Italian Blood Orange \u00e4r en smaks\u00e4ttare med hela 88% koncentrerad blodapelsinjuice fr\u00e5n Sicilien som f\u00f6rvandlar ditt kolsyrade vatten till en frisk sommardrink oavsett s\u00e4song. Dess runda s\u00f6tma och l\u00e4tt syrliga eftersmak fr\u00e5n blodapelsinerna, s\u00e4nder dina sinnen p\u00e5 en aromrik resa till Sicilien som \u00e4r k\u00e4nt f\u00f6r att odla v\u00e4rldens b\u00e4sta blodapelsiner. Njut av den delikata smaks\u00e4ttaren som en l\u00e4skande f\u00f6rfriskning med eller utan kolsyra.<\/p>\n<ul>\n<li>88% koncentrerad blodapelsin fr\u00e5n Sicilien<\/li>\n<li>S\u00f6t och rund med l\u00e4tt syrlig eftersmak<\/li>\n<li>GMO-fri och fri fr\u00e5n konstgjorda f\u00e4rg\u00e4mnen<\/li>\n<li>L\u00e5gt inneh\u00e5ll av socker<\/li>\n<\/ul>","protected":false},"featured_media":23595,"template":"","meta":[],"product_brand":[],"product_cat":[148],"product_tag":[],"woo-feed-brand":[],"class_list":{"0":"post-8498","1":"product","2":"type-product","3":"status-publish","4":"has-post-thumbnail","6":"product_cat-sodavandssirup","8":"first","9":"instock","10":"taxable","11":"shipping-taxable","12":"purchasable","13":"product-type-simple"},"_links":{"self":[{"href":"https:\/\/bubliq.com\/se\/wp-json\/wp\/v2\/product\/8498","targetHints":{"allow":["GET"]}}],"collection":[{"href":"https:\/\/bubliq.com\/se\/wp-json\/wp\/v2\/product"}],"about":[{"href":"https:\/\/bubliq.com\/se\/wp-json\/wp\/v2\/types\/product"}],"version-history":[{"count":35,"href":"https:\/\/bubliq.com\/se\/wp-json\/wp\/v2\/product\/8498\/revisions"}],"predecessor-version":[{"id":22471,"href":"https:\/\/bubliq.com\/se\/wp-json\/wp\/v2\/product\/8498\/revisions\/22471"}],"wp:featuredmedia":[{"embeddable":true,"href":"https:\/\/bubliq.com\/se\/wp-json\/wp\/v2\/media\/23595"}],"wp:attachment":[{"href":"https:\/\/bubliq.com\/se\/wp-json\/wp\/v2\/media?parent=8498"}],"wp:term":[{"taxonomy":"product_brand","embeddable":true,"href":"https:\/\/bubliq.com\/se\/wp-json\/wp\/v2\/product_brand?post=8498"},{"taxonomy":"product_cat","embeddable":true,"href":"https:\/\/bubliq.com\/se\/wp-json\/wp\/v2\/product_cat?post=8498"},{"taxonomy":"product_tag","embeddable":true,"href":"https:\/\/bubliq.com\/se\/wp-json\/wp\/v2\/product_tag?post=8498"},{"taxonomy":"woo-feed-brand","embeddable":true,"href":"https:\/\/bubliq.com\/se\/wp-json\/wp\/v2\/woo-feed-brand?post=8498"}],"curies":[{"name":"wp","href":"https:\/\/api.w.org\/{rel}","templated":true}]}}